{"id":9466,"date":"2025-10-03T11:42:28","date_gmt":"2025-10-03T11:42:28","guid":{"rendered":"https:\/\/staging.velooutlets.com\/product\/scott-contrail-30-black-2026\/"},"modified":"2026-04-17T10:19:37","modified_gmt":"2026-04-17T07:19:37","slug":"scott-contrail-30-black-2026","status":"publish","type":"product","link":"https:\/\/velooutlets.com\/et\/toode\/scott-contrail-30-black-2026\/","title":{"rendered":"Scott Contrail 30 - must 2026"},"content":{"rendered":"<p><strong>Scott Contrail 30<\/strong> on usaldusv\u00e4\u00e4rne ja taskukohane m\u00e4gijalgratas, mis sobib algajatele ja juhuslikuks s\u00f5iduks linnas ja metsaradadel. Kerge Contrail Alloy 6061 alumiiniumist raam koos sisemise kaablijuhtimisega tagab vastupidavuse ja puhta v\u00e4limuse, samas kui 100 mm teekonnaga Suntour XCE28 kahvel aitab mugavalt l\u00e4bida ebatasast maastikku.<\/p>\n<p>Shimano CUES 9-k\u00e4iguline s\u00fcsteem tagab t\u00e4pse ja sujuva k\u00e4iguvahetuse, samas kui Tektro h\u00fcdraulilised 160 mm rootoritega ketaspidurid tagavad usaldusv\u00e4\u00e4rse pidurdamise erinevates tingimustes. Alexrims-veljed koos Formula-nabadega ja Maxxis Rekon Race 29\u00d72,4 rehvid tagavad stabiilsuse ja hea haardumise. Lai alumiiniumist juhtraud, mugav iste ja tugevad pedaalid lisavad mugavust.<\/p>","protected":false},"excerpt":{"rendered":"<p>Scott Contrail 30 ir uzticams un pieejams kalnu velosip\u0113ds, kas piem\u0113rots ies\u0101c\u0113jiem un ikdienas brauk\u0161anai gan pils\u0113t\u0101, gan uz me\u017ea tak\u0101m. Vieglais Contrail Alloy 6061 alum\u012bnija r\u0101mis ar iek\u0161\u0113jo kabe\u013cu vad\u012bbu nodro\u0161ina iztur\u012bbu un sakoptu izskatu, bet Suntour XCE28 dak\u0161a ar 100 mm g\u0101jienu pal\u012bdz komfortabli p\u0101rvar\u0113t nel\u012bdzenumus. Shimano CUES 9 \u0101trumu sist\u0113ma nodro\u0161ina prec\u012bzu [&hellip;]<\/p>\n","protected":false},"featured_media":10469,"template":"","meta":{"_monsterinsights_skip_tracking":false,"_monsterinsights_sitenote_active":false,"_monsterinsights_sitenote_note":"","_monsterinsights_sitenote_category":0,"_iconic_wsb_product_page_order_bump_ids":[[]],"_sku":["10667788960011"],"_iconic_wsb_product_page_bump_modal_ids":[[]]},"product_brand":[872],"product_cat":[980,1065,1127],"product_tag":[1522],"class_list":{"0":"post-9466","1":"product","2":"type-product","3":"status-publish","4":"has-post-thumbnail","6":"product_brand-scott","7":"product_cat-kalnu-velosipedi","8":"product_cat-scott-2026","9":"product_cat-velosipedi","10":"product_tag-scott","11":"product_shipping_class-pieauguso-velosipedi","12":"pa_materials-aluminija-ramis","13":"pa_razosanas-gads-1253","14":"ts_product_brand-courier_only","16":"first","17":"instock","18":"sale","19":"taxable","20":"shipping-taxable","21":"purchasable","22":"product-type-variable","23":"wvs-archive-product-wrapper"},"yoast_head":"<!-- This site is optimized with the Yoast SEO plugin v27.2 - https:\/\/yoast.com\/product\/yoast-seo-wordpress\/ -->\n<title>Scott Contrail 30 \u2013 Black 2026 - Velo Outlets<\/title>\n<meta name=\"robots\" content=\"index, follow, max-snippet:-1, max-image-preview:large, max-video-preview:-1\" \/>\n<link rel=\"canonical\" href=\"https:\/\/velooutlets.com\/et\/toode\/scott-contrail-30-black-2026\/\" \/>\n<meta property=\"og:locale\" content=\"et_EE\" \/>\n<meta property=\"og:type\" content=\"article\" \/>\n<meta property=\"og:title\" content=\"Scott Contrail 30 \u2013 Black 2026 - Velo Outlets\" \/>\n<meta property=\"og:description\" content=\"Scott Contrail 30 ir uzticams un pieejams kalnu velosip\u0113ds, kas piem\u0113rots ies\u0101c\u0113jiem un ikdienas brauk\u0161anai gan pils\u0113t\u0101, gan uz me\u017ea tak\u0101m. Vieglais Contrail Alloy 6061 alum\u012bnija r\u0101mis ar iek\u0161\u0113jo kabe\u013cu vad\u012bbu nodro\u0161ina iztur\u012bbu un sakoptu izskatu, bet Suntour XCE28 dak\u0161a ar 100 mm g\u0101jienu pal\u012bdz komfortabli p\u0101rvar\u0113t nel\u012bdzenumus. Shimano CUES 9 \u0101trumu sist\u0113ma nodro\u0161ina prec\u012bzu [&hellip;]\" \/>\n<meta property=\"og:url\" content=\"https:\/\/velooutlets.com\/et\/toode\/scott-contrail-30-black-2026\/\" \/>\n<meta property=\"og:site_name\" content=\"Velo Outlets\" \/>\n<meta property=\"article:modified_time\" content=\"2026-04-17T07:19:37+00:00\" \/>\n<meta property=\"og:image\" content=\"https:\/\/velooutlets.com\/wp-content\/uploads\/2025\/10\/Screenshot2025-08-12154841.jpg\" \/>\n\t<meta property=\"og:image:width\" content=\"1479\" \/>\n\t<meta property=\"og:image:height\" content=\"946\" \/>\n\t<meta property=\"og:image:type\" content=\"image\/jpeg\" \/>\n<meta name=\"twitter:card\" content=\"summary_large_image\" \/>\n<meta name=\"twitter:label1\" content=\"Est. reading time\" \/>\n\t<meta name=\"twitter:data1\" content=\"1 minut\" \/>\n<script type=\"application\/ld+json\" class=\"yoast-schema-graph\">{\"@context\":\"https:\/\/schema.org\",\"@graph\":[{\"@type\":\"WebPage\",\"@id\":\"https:\/\/velooutlets.com\/products\/scott-contrail-30-black-2026\/\",\"url\":\"https:\/\/velooutlets.com\/products\/scott-contrail-30-black-2026\/\",\"name\":\"Scott Contrail 30 \u2013 Black 2026 - Velo Outlets\",\"isPartOf\":{\"@id\":\"https:\/\/velooutlets.com\/en\/#website\"},\"primaryImageOfPage\":{\"@id\":\"https:\/\/velooutlets.com\/products\/scott-contrail-30-black-2026\/#primaryimage\"},\"image\":{\"@id\":\"https:\/\/velooutlets.com\/products\/scott-contrail-30-black-2026\/#primaryimage\"},\"thumbnailUrl\":\"https:\/\/velooutlets.com\/wp-content\/uploads\/2025\/10\/Screenshot2025-08-12154841.jpg\",\"datePublished\":\"2025-10-03T11:42:28+00:00\",\"dateModified\":\"2026-04-17T07:19:37+00:00\",\"breadcrumb\":{\"@id\":\"https:\/\/velooutlets.com\/products\/scott-contrail-30-black-2026\/#breadcrumb\"},\"inLanguage\":\"et\",\"potentialAction\":[{\"@type\":\"ReadAction\",\"target\":[\"https:\/\/velooutlets.com\/products\/scott-contrail-30-black-2026\/\"]}]},{\"@type\":\"ImageObject\",\"inLanguage\":\"et\",\"@id\":\"https:\/\/velooutlets.com\/products\/scott-contrail-30-black-2026\/#primaryimage\",\"url\":\"https:\/\/velooutlets.com\/wp-content\/uploads\/2025\/10\/Screenshot2025-08-12154841.jpg\",\"contentUrl\":\"https:\/\/velooutlets.com\/wp-content\/uploads\/2025\/10\/Screenshot2025-08-12154841.jpg\",\"width\":1479,\"height\":946},{\"@type\":\"BreadcrumbList\",\"@id\":\"https:\/\/velooutlets.com\/products\/scott-contrail-30-black-2026\/#breadcrumb\",\"itemListElement\":[{\"@type\":\"ListItem\",\"position\":1,\"name\":\"Home\",\"item\":\"https:\/\/velooutlets.com\/\"},{\"@type\":\"ListItem\",\"position\":2,\"name\":\"Veikals\",\"item\":\"https:\/\/velooutlets.com\/shop\/\"},{\"@type\":\"ListItem\",\"position\":3,\"name\":\"Scott Contrail 30 \u2013 Black 2026\"}]},{\"@type\":\"WebSite\",\"@id\":\"https:\/\/velooutlets.com\/en\/#website\",\"url\":\"https:\/\/velooutlets.com\/en\/\",\"name\":\"Velo Outlets\",\"description\":\"Velosip\u0113di visai \u0123imenei\",\"potentialAction\":[{\"@type\":\"SearchAction\",\"target\":{\"@type\":\"EntryPoint\",\"urlTemplate\":\"https:\/\/velooutlets.com\/en\/?s={search_term_string}\"},\"query-input\":{\"@type\":\"PropertyValueSpecification\",\"valueRequired\":true,\"valueName\":\"search_term_string\"}}],\"inLanguage\":\"et\"}]}<\/script>\n<!-- \/ Yoast SEO plugin. -->","yoast_head_json":{"title":"Scott Contrail 30 \u2013 Black 2026 - Velo Outlets","robots":{"index":"index","follow":"follow","max-snippet":"max-snippet:-1","max-image-preview":"max-image-preview:large","max-video-preview":"max-video-preview:-1"},"canonical":"https:\/\/velooutlets.com\/et\/toode\/scott-contrail-30-black-2026\/","og_locale":"et_EE","og_type":"article","og_title":"Scott Contrail 30 \u2013 Black 2026 - Velo Outlets","og_description":"Scott Contrail 30 ir uzticams un pieejams kalnu velosip\u0113ds, kas piem\u0113rots ies\u0101c\u0113jiem un ikdienas brauk\u0161anai gan pils\u0113t\u0101, gan uz me\u017ea tak\u0101m. Vieglais Contrail Alloy 6061 alum\u012bnija r\u0101mis ar iek\u0161\u0113jo kabe\u013cu vad\u012bbu nodro\u0161ina iztur\u012bbu un sakoptu izskatu, bet Suntour XCE28 dak\u0161a ar 100 mm g\u0101jienu pal\u012bdz komfortabli p\u0101rvar\u0113t nel\u012bdzenumus. Shimano CUES 9 \u0101trumu sist\u0113ma nodro\u0161ina prec\u012bzu [&hellip;]","og_url":"https:\/\/velooutlets.com\/et\/toode\/scott-contrail-30-black-2026\/","og_site_name":"Velo Outlets","article_modified_time":"2026-04-17T07:19:37+00:00","og_image":[{"width":1479,"height":946,"url":"https:\/\/velooutlets.com\/wp-content\/uploads\/2025\/10\/Screenshot2025-08-12154841.jpg","type":"image\/jpeg"}],"twitter_card":"summary_large_image","twitter_misc":{"Est. reading time":"1 minut"},"schema":{"@context":"https:\/\/schema.org","@graph":[{"@type":"WebPage","@id":"https:\/\/velooutlets.com\/products\/scott-contrail-30-black-2026\/","url":"https:\/\/velooutlets.com\/products\/scott-contrail-30-black-2026\/","name":"Scott Contrail 30 \u2013 Black 2026 - Velo Outlets","isPartOf":{"@id":"https:\/\/velooutlets.com\/en\/#website"},"primaryImageOfPage":{"@id":"https:\/\/velooutlets.com\/products\/scott-contrail-30-black-2026\/#primaryimage"},"image":{"@id":"https:\/\/velooutlets.com\/products\/scott-contrail-30-black-2026\/#primaryimage"},"thumbnailUrl":"https:\/\/velooutlets.com\/wp-content\/uploads\/2025\/10\/Screenshot2025-08-12154841.jpg","datePublished":"2025-10-03T11:42:28+00:00","dateModified":"2026-04-17T07:19:37+00:00","breadcrumb":{"@id":"https:\/\/velooutlets.com\/products\/scott-contrail-30-black-2026\/#breadcrumb"},"inLanguage":"et","potentialAction":[{"@type":"ReadAction","target":["https:\/\/velooutlets.com\/products\/scott-contrail-30-black-2026\/"]}]},{"@type":"ImageObject","inLanguage":"et","@id":"https:\/\/velooutlets.com\/products\/scott-contrail-30-black-2026\/#primaryimage","url":"https:\/\/velooutlets.com\/wp-content\/uploads\/2025\/10\/Screenshot2025-08-12154841.jpg","contentUrl":"https:\/\/velooutlets.com\/wp-content\/uploads\/2025\/10\/Screenshot2025-08-12154841.jpg","width":1479,"height":946},{"@type":"BreadcrumbList","@id":"https:\/\/velooutlets.com\/products\/scott-contrail-30-black-2026\/#breadcrumb","itemListElement":[{"@type":"ListItem","position":1,"name":"Home","item":"https:\/\/velooutlets.com\/"},{"@type":"ListItem","position":2,"name":"Veikals","item":"https:\/\/velooutlets.com\/shop\/"},{"@type":"ListItem","position":3,"name":"Scott Contrail 30 \u2013 Black 2026"}]},{"@type":"WebSite","@id":"https:\/\/velooutlets.com\/en\/#website","url":"https:\/\/velooutlets.com\/en\/","name":"Velo Outlets","description":"Jalgrattad kogu perele","potentialAction":[{"@type":"SearchAction","target":{"@type":"EntryPoint","urlTemplate":"https:\/\/velooutlets.com\/en\/?s={search_term_string}"},"query-input":{"@type":"PropertyValueSpecification","valueRequired":true,"valueName":"search_term_string"}}],"inLanguage":"et"}]}},"jetpack_sharing_enabled":true,"_links":{"self":[{"href":"https:\/\/velooutlets.com\/et\/wp-json\/wp\/v2\/product\/9466","targetHints":{"allow":["GET"]}}],"collection":[{"href":"https:\/\/velooutlets.com\/et\/wp-json\/wp\/v2\/product"}],"about":[{"href":"https:\/\/velooutlets.com\/et\/wp-json\/wp\/v2\/types\/product"}],"wp:featuredmedia":[{"embeddable":true,"href":"https:\/\/velooutlets.com\/et\/wp-json\/wp\/v2\/media\/10469"}],"wp:attachment":[{"href":"https:\/\/velooutlets.com\/et\/wp-json\/wp\/v2\/media?parent=9466"}],"wp:term":[{"taxonomy":"product_brand","embeddable":true,"href":"https:\/\/velooutlets.com\/et\/wp-json\/wp\/v2\/product_brand?post=9466"},{"taxonomy":"product_cat","embeddable":true,"href":"https:\/\/velooutlets.com\/et\/wp-json\/wp\/v2\/product_cat?post=9466"},{"taxonomy":"product_tag","embeddable":true,"href":"https:\/\/velooutlets.com\/et\/wp-json\/wp\/v2\/product_tag?post=9466"}],"curies":[{"name":"wp","href":"https:\/\/api.w.org\/{rel}","templated":true}]}}