{"id":9519,"date":"2025-10-03T14:42:56","date_gmt":"2025-10-03T11:42:56","guid":{"rendered":"https:\/\/staging.velooutlets.com\/product\/scott-scale-24-disc-silver-24\/"},"modified":"2026-04-19T15:24:52","modified_gmt":"2026-04-19T12:24:52","slug":"scott-scale-24-disc-silver-24","status":"publish","type":"product","link":"https:\/\/velooutlets.com\/et\/toode\/scott-scale-24-disc-silver-24\/","title":{"rendered":"SCOTT Scale 24 ketas h\u00f5bedane"},"content":{"rendered":"<p>SCOTT Scale 24 on kerge ja vastupidav laste m\u00e4gijalgratas, mis on m\u00f5eldud noortele ratturitele, kes alustavad s\u00f5itmist erinevatel pinnastel, alates linnat\u00e4navatest kuni lihtsate metsaradadeni. Selles on \u00fchendatud lihtne juhitavus, turvaline juhitavus ja MTB-stiil, et aidata lapsel arendada enesekindlust ja oskusi jalgrattal.<\/p>\n<p>Jalgratas on ehitatud Scale 24 Disc Junior alumiiniumraamile, mis tagab hea tasakaalu tugevuse ja kaalu vahel. SR Suntour XCT-JR vedrustuse kahvel 50 mm teekonnaga aitab siluda p\u00f5rutusi ja muudab s\u00f5idu mugavamaks, eriti kruusasel v\u00f5i konarlikul pinnasel. Geomeetria on kohandatud lastele, et jalgratas oleks h\u00f5lpsasti juhitav ja stabiilne.<\/p>\n<p>Shimano 8-k\u00e4igulise j\u00f5u\u00fclekandega varustatud Scale 24 pakub piisavalt erinevaid k\u00e4ike, et h\u00f5lpsasti toime tulla t\u00f5usudega ja sujuvate sirgetega. Lihtne Revo vahetuss\u00fcsteem on uutele ratturitele kergesti arusaadav.<\/p>\n<p>Tektro mehaanilised ketaspidurid tagavad usaldusv\u00e4\u00e4rse ja prognoositava pidurdamise ka m\u00e4rjal v\u00f5i m\u00e4\u00e4rdunud pinnal, samas kui Kenda Booster 24\u00d72.2 rehvid tagavad hea haardumise ja stabiilsuse erinevatel pinnastel.<\/p>\n<p>\u00dcldiselt on tegemist usaldusv\u00e4\u00e4rse ja lihtsa laste MTB-ga, mis aitab teil ohutult \u00f5ppida m\u00e4girattas\u00f5idu p\u00f5hit\u00f5desid ja arendada oma s\u00f5iduoskusi.<\/p>\n<p>Spetsifikatsioon:<br \/>\nRaam: Scale 24 Disc Junior, 6061 alumiiniumist<br \/>\nKahvel: SR Suntour XCT-JR, 50 mm teekond<br \/>\nKiiruste arv: 1\u00d78 (8 kiirust)<br \/>\nTagumine rattakett: Shimano Tourney RD-TX800<br \/>\nShimano Revo SL-RS45-8R<br \/>\nV\u00f5llid: Prowheel, 32T<br \/>\nKassett: SunRace 11-34T, 8 k\u00e4iku<br \/>\nKett: KMC Z8<br \/>\nPidurid: Tektro mehaanilised ketaspidurid, 160 mm<br \/>\nAlex \/ Syncros alumiiniumist ketask\u00e4rud<br \/>\nRehvid: Kenda Booster 24\u00d72.2<br \/>\nJuhtraud: Syncros Kids, 560 mm<br \/>\nV\u00e4ljund: Syncros 50 mm<br \/>\nIstme post: alumiinium 26,8 mm<br \/>\nIste: Syncros Future Pro<br \/>\nMax. S\u00fcsteemi kaal: 50 kg<\/p>","protected":false},"excerpt":{"rendered":"<p>SCOTT Scale 24 ir viegls un iztur\u012bgs b\u0113rnu kalnu velosip\u0113ds, kas paredz\u0113ts jaunajiem brauc\u0113jiem, kuri s\u0101k iepaz\u012bt brauk\u0161anu pa da\u017e\u0101diem segumiem \u2014 no pils\u0113tas iel\u0101m l\u012bdz viegl\u0101m me\u017ea tak\u0101m. Tas apvieno vienk\u0101r\u0161u lieto\u0161anu, dro\u0161u vad\u0101m\u012bbu un MTB stilu, lai b\u0113rns var\u0113tu att\u012bst\u012bt p\u0101rliec\u012bbu un prasmes uz velo. Velosip\u0113ds veidots uz Scale 24 Disc Junior alum\u012bnija [&hellip;]<\/p>\n","protected":false},"featured_media":35695,"template":"","meta":{"_monsterinsights_skip_tracking":false,"_monsterinsights_sitenote_active":false,"_monsterinsights_sitenote_note":"","_monsterinsights_sitenote_category":0,"_iconic_wsb_product_page_order_bump_ids":[],"_sku":[""],"_iconic_wsb_product_page_bump_modal_ids":[]},"product_brand":[872],"product_cat":[1043,1127],"product_tag":[1522],"class_list":{"0":"post-9519","1":"product","2":"type-product","3":"status-publish","4":"has-post-thumbnail","6":"product_brand-scott","7":"product_cat-pusaudzu-velosipedi-24-27-5","8":"product_cat-velosipedi","9":"product_tag-scott","10":"product_shipping_class-bernu-velosipedi","11":"pa_height-range-130-150cm","12":"pa_ramja-izmers-uni","13":"ts_product_brand-courier_only","15":"first","16":"outofstock","17":"sale","18":"taxable","19":"shipping-taxable","20":"purchasable","21":"product-type-simple"},"yoast_head":"<!-- This site is optimized with the Yoast SEO plugin v27.2 - https:\/\/yoast.com\/product\/yoast-seo-wordpress\/ -->\n<title>SCOTT Scale 24 Disc Silver pusaud\u017eu velosip\u0113ds \u2013 Augst\u0101k\u0101s kvalit\u0101tes risin\u0101jums izaicino\u0161iem un dro\u0161iem braucieniem | Velo Outlets<\/title>\n<meta name=\"description\" content=\"Ieg\u0101d\u0101jies SCOTT velosip\u0113du no Velo Outlets! \u0160osejas, gravel un kalnu velosip\u0113du mode\u013ci, kas nodro\u0161ina augst\u0101ko kvalit\u0101ti un veiktsp\u0113ju da\u017e\u0101dos brauk\u0161anas apst\u0101k\u013cos.\" \/>\n<meta name=\"robots\" content=\"index, follow, max-snippet:-1, max-image-preview:large, max-video-preview:-1\" \/>\n<link rel=\"canonical\" href=\"https:\/\/velooutlets.com\/et\/toode\/scott-scale-24-disc-silver-24\/\" \/>\n<meta property=\"og:locale\" content=\"et_EE\" \/>\n<meta property=\"og:type\" content=\"article\" \/>\n<meta property=\"og:title\" content=\"SCOTT Scale 24 Disc Silver pusaud\u017eu velosip\u0113ds \u2013 Augst\u0101k\u0101s kvalit\u0101tes risin\u0101jums izaicino\u0161iem un dro\u0161iem braucieniem | Velo Outlets\" \/>\n<meta property=\"og:description\" content=\"Ieg\u0101d\u0101jies SCOTT velosip\u0113du no Velo Outlets! \u0160osejas, gravel un kalnu velosip\u0113du mode\u013ci, kas nodro\u0161ina augst\u0101ko kvalit\u0101ti un veiktsp\u0113ju da\u017e\u0101dos brauk\u0161anas apst\u0101k\u013cos.\" \/>\n<meta property=\"og:url\" content=\"https:\/\/velooutlets.com\/et\/toode\/scott-scale-24-disc-silver-24\/\" \/>\n<meta property=\"og:site_name\" content=\"Velo Outlets\" \/>\n<meta property=\"article:modified_time\" content=\"2026-04-19T12:24:52+00:00\" \/>\n<meta property=\"og:image\" content=\"https:\/\/velooutlets.com\/wp-content\/uploads\/2025\/10\/1000191806.jpg\" \/>\n\t<meta property=\"og:image:width\" content=\"2016\" \/>\n\t<meta property=\"og:image:height\" content=\"1512\" \/>\n\t<meta property=\"og:image:type\" content=\"image\/jpeg\" \/>\n<meta name=\"twitter:card\" content=\"summary_large_image\" \/>\n<meta name=\"twitter:label1\" content=\"Est. reading time\" \/>\n\t<meta name=\"twitter:data1\" content=\"2 minutit\" \/>\n<script type=\"application\/ld+json\" class=\"yoast-schema-graph\">{\"@context\":\"https:\/\/schema.org\",\"@graph\":[{\"@type\":\"WebPage\",\"@id\":\"https:\/\/velooutlets.com\/products\/scott-scale-24-disc-silver-24\/\",\"url\":\"https:\/\/velooutlets.com\/products\/scott-scale-24-disc-silver-24\/\",\"name\":\"SCOTT Scale 24 Disc Silver pusaud\u017eu velosip\u0113ds \u2013 Augst\u0101k\u0101s kvalit\u0101tes risin\u0101jums izaicino\u0161iem un dro\u0161iem braucieniem | Velo Outlets\",\"isPartOf\":{\"@id\":\"https:\/\/velooutlets.com\/en\/#website\"},\"primaryImageOfPage\":{\"@id\":\"https:\/\/velooutlets.com\/products\/scott-scale-24-disc-silver-24\/#primaryimage\"},\"image\":{\"@id\":\"https:\/\/velooutlets.com\/products\/scott-scale-24-disc-silver-24\/#primaryimage\"},\"thumbnailUrl\":\"https:\/\/velooutlets.com\/wp-content\/uploads\/2025\/10\/1000191806.jpg\",\"datePublished\":\"2025-10-03T11:42:56+00:00\",\"dateModified\":\"2026-04-19T12:24:52+00:00\",\"description\":\"Ieg\u0101d\u0101jies SCOTT velosip\u0113du no Velo Outlets! \u0160osejas, gravel un kalnu velosip\u0113du mode\u013ci, kas nodro\u0161ina augst\u0101ko kvalit\u0101ti un veiktsp\u0113ju da\u017e\u0101dos brauk\u0161anas apst\u0101k\u013cos.\",\"breadcrumb\":{\"@id\":\"https:\/\/velooutlets.com\/products\/scott-scale-24-disc-silver-24\/#breadcrumb\"},\"inLanguage\":\"et\",\"potentialAction\":[{\"@type\":\"ReadAction\",\"target\":[\"https:\/\/velooutlets.com\/products\/scott-scale-24-disc-silver-24\/\"]}]},{\"@type\":\"ImageObject\",\"inLanguage\":\"et\",\"@id\":\"https:\/\/velooutlets.com\/products\/scott-scale-24-disc-silver-24\/#primaryimage\",\"url\":\"https:\/\/velooutlets.com\/wp-content\/uploads\/2025\/10\/1000191806.jpg\",\"contentUrl\":\"https:\/\/velooutlets.com\/wp-content\/uploads\/2025\/10\/1000191806.jpg\",\"width\":2016,\"height\":1512},{\"@type\":\"BreadcrumbList\",\"@id\":\"https:\/\/velooutlets.com\/products\/scott-scale-24-disc-silver-24\/#breadcrumb\",\"itemListElement\":[{\"@type\":\"ListItem\",\"position\":1,\"name\":\"Home\",\"item\":\"https:\/\/velooutlets.com\/\"},{\"@type\":\"ListItem\",\"position\":2,\"name\":\"Veikals\",\"item\":\"https:\/\/velooutlets.com\/shop\/\"},{\"@type\":\"ListItem\",\"position\":3,\"name\":\"SCOTT Scale 24 Disc Silver\"}]},{\"@type\":\"WebSite\",\"@id\":\"https:\/\/velooutlets.com\/en\/#website\",\"url\":\"https:\/\/velooutlets.com\/en\/\",\"name\":\"Velo Outlets\",\"description\":\"Velosip\u0113di visai \u0123imenei\",\"potentialAction\":[{\"@type\":\"SearchAction\",\"target\":{\"@type\":\"EntryPoint\",\"urlTemplate\":\"https:\/\/velooutlets.com\/en\/?s={search_term_string}\"},\"query-input\":{\"@type\":\"PropertyValueSpecification\",\"valueRequired\":true,\"valueName\":\"search_term_string\"}}],\"inLanguage\":\"et\"}]}<\/script>\n<!-- \/ Yoast SEO plugin. -->","yoast_head_json":{"title":"SCOTT Scale 24 Disc Silver pusaud\u017eu velosip\u0113ds \u2013 Augst\u0101k\u0101s kvalit\u0101tes risin\u0101jums izaicino\u0161iem un dro\u0161iem braucieniem | Velo Outlets","description":"Ieg\u0101d\u0101jies SCOTT velosip\u0113du no Velo Outlets! \u0160osejas, gravel un kalnu velosip\u0113du mode\u013ci, kas nodro\u0161ina augst\u0101ko kvalit\u0101ti un veiktsp\u0113ju da\u017e\u0101dos brauk\u0161anas apst\u0101k\u013cos.","robots":{"index":"index","follow":"follow","max-snippet":"max-snippet:-1","max-image-preview":"max-image-preview:large","max-video-preview":"max-video-preview:-1"},"canonical":"https:\/\/velooutlets.com\/et\/toode\/scott-scale-24-disc-silver-24\/","og_locale":"et_EE","og_type":"article","og_title":"SCOTT Scale 24 Disc Silver pusaud\u017eu velosip\u0113ds \u2013 Augst\u0101k\u0101s kvalit\u0101tes risin\u0101jums izaicino\u0161iem un dro\u0161iem braucieniem | Velo Outlets","og_description":"Ieg\u0101d\u0101jies SCOTT velosip\u0113du no Velo Outlets! \u0160osejas, gravel un kalnu velosip\u0113du mode\u013ci, kas nodro\u0161ina augst\u0101ko kvalit\u0101ti un veiktsp\u0113ju da\u017e\u0101dos brauk\u0161anas apst\u0101k\u013cos.","og_url":"https:\/\/velooutlets.com\/et\/toode\/scott-scale-24-disc-silver-24\/","og_site_name":"Velo Outlets","article_modified_time":"2026-04-19T12:24:52+00:00","og_image":[{"width":2016,"height":1512,"url":"https:\/\/velooutlets.com\/wp-content\/uploads\/2025\/10\/1000191806.jpg","type":"image\/jpeg"}],"twitter_card":"summary_large_image","twitter_misc":{"Est. reading time":"2 minutit"},"schema":{"@context":"https:\/\/schema.org","@graph":[{"@type":"WebPage","@id":"https:\/\/velooutlets.com\/products\/scott-scale-24-disc-silver-24\/","url":"https:\/\/velooutlets.com\/products\/scott-scale-24-disc-silver-24\/","name":"SCOTT Scale 24 Disc Silver pusaud\u017eu velosip\u0113ds \u2013 Augst\u0101k\u0101s kvalit\u0101tes risin\u0101jums izaicino\u0161iem un dro\u0161iem braucieniem | Velo Outlets","isPartOf":{"@id":"https:\/\/velooutlets.com\/en\/#website"},"primaryImageOfPage":{"@id":"https:\/\/velooutlets.com\/products\/scott-scale-24-disc-silver-24\/#primaryimage"},"image":{"@id":"https:\/\/velooutlets.com\/products\/scott-scale-24-disc-silver-24\/#primaryimage"},"thumbnailUrl":"https:\/\/velooutlets.com\/wp-content\/uploads\/2025\/10\/1000191806.jpg","datePublished":"2025-10-03T11:42:56+00:00","dateModified":"2026-04-19T12:24:52+00:00","description":"Ieg\u0101d\u0101jies SCOTT velosip\u0113du no Velo Outlets! \u0160osejas, gravel un kalnu velosip\u0113du mode\u013ci, kas nodro\u0161ina augst\u0101ko kvalit\u0101ti un veiktsp\u0113ju da\u017e\u0101dos brauk\u0161anas apst\u0101k\u013cos.","breadcrumb":{"@id":"https:\/\/velooutlets.com\/products\/scott-scale-24-disc-silver-24\/#breadcrumb"},"inLanguage":"et","potentialAction":[{"@type":"ReadAction","target":["https:\/\/velooutlets.com\/products\/scott-scale-24-disc-silver-24\/"]}]},{"@type":"ImageObject","inLanguage":"et","@id":"https:\/\/velooutlets.com\/products\/scott-scale-24-disc-silver-24\/#primaryimage","url":"https:\/\/velooutlets.com\/wp-content\/uploads\/2025\/10\/1000191806.jpg","contentUrl":"https:\/\/velooutlets.com\/wp-content\/uploads\/2025\/10\/1000191806.jpg","width":2016,"height":1512},{"@type":"BreadcrumbList","@id":"https:\/\/velooutlets.com\/products\/scott-scale-24-disc-silver-24\/#breadcrumb","itemListElement":[{"@type":"ListItem","position":1,"name":"Home","item":"https:\/\/velooutlets.com\/"},{"@type":"ListItem","position":2,"name":"Veikals","item":"https:\/\/velooutlets.com\/shop\/"},{"@type":"ListItem","position":3,"name":"SCOTT Scale 24 Disc Silver"}]},{"@type":"WebSite","@id":"https:\/\/velooutlets.com\/en\/#website","url":"https:\/\/velooutlets.com\/en\/","name":"Velo Outlets","description":"Jalgrattad kogu perele","potentialAction":[{"@type":"SearchAction","target":{"@type":"EntryPoint","urlTemplate":"https:\/\/velooutlets.com\/en\/?s={search_term_string}"},"query-input":{"@type":"PropertyValueSpecification","valueRequired":true,"valueName":"search_term_string"}}],"inLanguage":"et"}]}},"jetpack_sharing_enabled":true,"_links":{"self":[{"href":"https:\/\/velooutlets.com\/et\/wp-json\/wp\/v2\/product\/9519","targetHints":{"allow":["GET"]}}],"collection":[{"href":"https:\/\/velooutlets.com\/et\/wp-json\/wp\/v2\/product"}],"about":[{"href":"https:\/\/velooutlets.com\/et\/wp-json\/wp\/v2\/types\/product"}],"wp:featuredmedia":[{"embeddable":true,"href":"https:\/\/velooutlets.com\/et\/wp-json\/wp\/v2\/media\/35695"}],"wp:attachment":[{"href":"https:\/\/velooutlets.com\/et\/wp-json\/wp\/v2\/media?parent=9519"}],"wp:term":[{"taxonomy":"product_brand","embeddable":true,"href":"https:\/\/velooutlets.com\/et\/wp-json\/wp\/v2\/product_brand?post=9519"},{"taxonomy":"product_cat","embeddable":true,"href":"https:\/\/velooutlets.com\/et\/wp-json\/wp\/v2\/product_cat?post=9519"},{"taxonomy":"product_tag","embeddable":true,"href":"https:\/\/velooutlets.com\/et\/wp-json\/wp\/v2\/product_tag?post=9519"}],"curies":[{"name":"wp","href":"https:\/\/api.w.org\/{rel}","templated":true}]}}