{"id":9584,"date":"2025-10-03T11:43:13","date_gmt":"2025-10-03T11:43:13","guid":{"rendered":"https:\/\/staging.velooutlets.com\/product\/scott-scale-940-black-2026\/"},"modified":"2026-04-19T15:47:51","modified_gmt":"2026-04-19T12:47:51","slug":"scott-scale-940-black-2026","status":"publish","type":"product","link":"https:\/\/velooutlets.com\/et\/toode\/scott-scale-940-black-2026\/","title":{"rendered":"Scott Scale 940 - must 2026"},"content":{"rendered":"<p>SCOTT Scale 940 on sportlik XC (cross-country) hardtail m\u00e4gijalgratas, mis on loodud v\u00f5istlusest inspireeritud geomeetriaga, t\u00f5husa j\u00f5u\u00fclekandega ja lihtsa, kiire iseloomuga. See on m\u00f5eldud krossi-, maratoni- ja aktiivs\u00f5iduks erinevatel pinnastel, kus on oluline kiiruse, kontrolli ja vastupidavuse kombinatsioon.<\/p>\n<p>Raam on valmistatud Scale Alloy 6061 Custom Butted alumiiniumist, millel on integreeritud kaablijuhtimine ja QR-telg (5\u00d7141 mm), mis tagab tugeva ja usaldusv\u00e4\u00e4rse XC-platvormi. Geomeetria on inspireeritud v\u00f5istlusest - terav, otsene ja t\u00f5hus pedaalimine. Eespool pakub RockShox Judy Silver TK Coil 100 mm kahvel koos reguleeritava vedru, lukustuse ja tagasil\u00f6\u00f6giga kontrolli t\u00f5usudel ja stabiilsust tehnilisematel l\u00f5ikudel.<\/p>\n<p>K\u00e4igukast p\u00f5hineb Shimano Deore 1\u00d712 s\u00fcsteemil (M6100), mis tagab t\u00e4pse ja usaldusv\u00e4\u00e4rse k\u00e4iguvahetuse. 10-51T kassett koos 32T esiratastega pakub laia k\u00e4iguvahemikku nii j\u00e4rskude t\u00f5usude kui ka kiire s\u00f5idu jaoks. Shimano MT200 h\u00fcdraulilised ketaspidurid 180 mm eesmise ja 160 mm tagumise rootoriga tagavad usaldusv\u00e4\u00e4rse ja prognoositava pidurdamise erinevates tingimustes.<\/p>\n<p>Alex X-25 TR rattakomplekt koos Maxxis Rekon Race 29\u00d72,4\u201d tubeless-rehvidega pakub head veeremisomadused ja hea haardumise XC v\u00f5idus\u00f5idu- ja treeningtingimustes. Syncros alumiiniumist komponendid - juhtraud, varras ja iste - tagavad vastupidavuse ja lihtsa, funktsionaalse XC-lahenduse, samas kui Dropper-istmik v\u00f5imaldab kiiret kohanemist maastiku muutustega.<\/p>\n<p>Spetsifikatsioon:<br \/>\nRaam: Scale Alloy 6061 Custom Butted, QR 5\u00d7141 mm, integreeritud kaablijuhtimine.<br \/>\nKahvel: RockShox Judy Silver TK Coil, 100 mm<br \/>\nK\u00e4igukast: Shimano Deore M6100, 1\u00d712<br \/>\nKassett: Shimano Deore 10-51T<br \/>\nPidurid: Shimano MT200 h\u00fcdraulilised ketaspidurid (180\/160 mm)<br \/>\nRattad: Alex X-25, 32H, tubeless valmis<br \/>\nRehvid: Maxxis Rekon Race, 29\u00d72.4\u2033, EXO, Tubeless Ready<br \/>\nIstmetugi: Syncros Duncan Dropper<br \/>\nKomponendid Syncros<br \/>\nMax. S\u00fcsteemi kaal: 130 kg<br \/>\nKaal: ~13,9 kg (ilma pedaalideta, tubeless)<\/p>","protected":false},"excerpt":{"rendered":"<p>SCOTT Scale 940 ir sportisks XC (cross-country) hardtail kalnu velosip\u0113ds, kas veidots ar sac\u012bk\u0161u iedvesmotu \u0123eometriju, efekt\u012bvu jaudas p\u0101rnesi un vienk\u0101r\u0161u, \u0101tru raksturu. Tas paredz\u0113ts krosa tras\u0113m, maratona distanc\u0113m un akt\u012bvai brauk\u0161anai pa da\u017e\u0101diem segumiem, kur svar\u012bga ir \u0101truma, kontroles un iztur\u012bbas kombin\u0101cija. R\u0101mis izgatavots no Scale Alloy 6061 Custom Butted alum\u012bnija ar integr\u0113tu kabe\u013cu [&hellip;]<\/p>\n","protected":false},"featured_media":10526,"template":"","meta":{"_monsterinsights_skip_tracking":false,"_monsterinsights_sitenote_active":false,"_monsterinsights_sitenote_note":"","_monsterinsights_sitenote_category":0,"_iconic_wsb_product_page_order_bump_ids":[[]],"_sku":["10667777655051"],"_iconic_wsb_product_page_bump_modal_ids":[[]]},"product_brand":[872],"product_cat":[980,1065,1127],"product_tag":[1522],"class_list":{"0":"post-9584","1":"product","2":"type-product","3":"status-publish","4":"has-post-thumbnail","6":"product_brand-scott","7":"product_cat-kalnu-velosipedi","8":"product_cat-scott-2026","9":"product_cat-velosipedi","10":"product_tag-scott","11":"product_shipping_class-pieauguso-velosipedi","12":"pa_materials-aluminija-ramis","13":"pa_razosanas-gads-1253","14":"ts_product_brand-courier_only","16":"first","17":"instock","18":"sale","19":"taxable","20":"shipping-taxable","21":"purchasable","22":"product-type-variable","23":"has-default-attributes","24":"wvs-archive-product-wrapper"},"yoast_head":"<!-- This site is optimized with the Yoast SEO plugin v27.2 - https:\/\/yoast.com\/product\/yoast-seo-wordpress\/ -->\n<title>Scott Scale 940 \u2013 Black 2026 - Velo Outlets<\/title>\n<meta name=\"robots\" content=\"index, follow, max-snippet:-1, max-image-preview:large, max-video-preview:-1\" \/>\n<link rel=\"canonical\" href=\"https:\/\/velooutlets.com\/et\/toode\/scott-scale-940-black-2026\/\" \/>\n<meta property=\"og:locale\" content=\"et_EE\" \/>\n<meta property=\"og:type\" content=\"article\" \/>\n<meta property=\"og:title\" content=\"Scott Scale 940 \u2013 Black 2026 - Velo Outlets\" \/>\n<meta property=\"og:description\" content=\"SCOTT Scale 940 ir sportisks XC (cross-country) hardtail kalnu velosip\u0113ds, kas veidots ar sac\u012bk\u0161u iedvesmotu \u0123eometriju, efekt\u012bvu jaudas p\u0101rnesi un vienk\u0101r\u0161u, \u0101tru raksturu. Tas paredz\u0113ts krosa tras\u0113m, maratona distanc\u0113m un akt\u012bvai brauk\u0161anai pa da\u017e\u0101diem segumiem, kur svar\u012bga ir \u0101truma, kontroles un iztur\u012bbas kombin\u0101cija. R\u0101mis izgatavots no Scale Alloy 6061 Custom Butted alum\u012bnija ar integr\u0113tu kabe\u013cu [&hellip;]\" \/>\n<meta property=\"og:url\" content=\"https:\/\/velooutlets.com\/et\/toode\/scott-scale-940-black-2026\/\" \/>\n<meta property=\"og:site_name\" content=\"Velo Outlets\" \/>\n<meta property=\"article:modified_time\" content=\"2026-04-19T12:47:51+00:00\" \/>\n<meta property=\"og:image\" content=\"https:\/\/velooutlets.com\/wp-content\/uploads\/2025\/10\/Screenshot2025-08-12152648.jpg\" \/>\n\t<meta property=\"og:image:width\" content=\"1498\" \/>\n\t<meta property=\"og:image:height\" content=\"1023\" \/>\n\t<meta property=\"og:image:type\" content=\"image\/jpeg\" \/>\n<meta name=\"twitter:card\" content=\"summary_large_image\" \/>\n<meta name=\"twitter:label1\" content=\"Est. reading time\" \/>\n\t<meta name=\"twitter:data1\" content=\"1 minut\" \/>\n<script type=\"application\/ld+json\" class=\"yoast-schema-graph\">{\"@context\":\"https:\/\/schema.org\",\"@graph\":[{\"@type\":\"WebPage\",\"@id\":\"https:\/\/velooutlets.com\/products\/scott-scale-940-black-2026\/\",\"url\":\"https:\/\/velooutlets.com\/products\/scott-scale-940-black-2026\/\",\"name\":\"Scott Scale 940 \u2013 Black 2026 - Velo Outlets\",\"isPartOf\":{\"@id\":\"https:\/\/velooutlets.com\/en\/#website\"},\"primaryImageOfPage\":{\"@id\":\"https:\/\/velooutlets.com\/products\/scott-scale-940-black-2026\/#primaryimage\"},\"image\":{\"@id\":\"https:\/\/velooutlets.com\/products\/scott-scale-940-black-2026\/#primaryimage\"},\"thumbnailUrl\":\"https:\/\/velooutlets.com\/wp-content\/uploads\/2025\/10\/Screenshot2025-08-12152648.jpg\",\"datePublished\":\"2025-10-03T11:43:13+00:00\",\"dateModified\":\"2026-04-19T12:47:51+00:00\",\"breadcrumb\":{\"@id\":\"https:\/\/velooutlets.com\/products\/scott-scale-940-black-2026\/#breadcrumb\"},\"inLanguage\":\"et\",\"potentialAction\":[{\"@type\":\"ReadAction\",\"target\":[\"https:\/\/velooutlets.com\/products\/scott-scale-940-black-2026\/\"]}]},{\"@type\":\"ImageObject\",\"inLanguage\":\"et\",\"@id\":\"https:\/\/velooutlets.com\/products\/scott-scale-940-black-2026\/#primaryimage\",\"url\":\"https:\/\/velooutlets.com\/wp-content\/uploads\/2025\/10\/Screenshot2025-08-12152648.jpg\",\"contentUrl\":\"https:\/\/velooutlets.com\/wp-content\/uploads\/2025\/10\/Screenshot2025-08-12152648.jpg\",\"width\":1498,\"height\":1023},{\"@type\":\"BreadcrumbList\",\"@id\":\"https:\/\/velooutlets.com\/products\/scott-scale-940-black-2026\/#breadcrumb\",\"itemListElement\":[{\"@type\":\"ListItem\",\"position\":1,\"name\":\"Home\",\"item\":\"https:\/\/velooutlets.com\/\"},{\"@type\":\"ListItem\",\"position\":2,\"name\":\"Veikals\",\"item\":\"https:\/\/velooutlets.com\/shop\/\"},{\"@type\":\"ListItem\",\"position\":3,\"name\":\"Scott Scale 940 \u2013 Black 2026\"}]},{\"@type\":\"WebSite\",\"@id\":\"https:\/\/velooutlets.com\/en\/#website\",\"url\":\"https:\/\/velooutlets.com\/en\/\",\"name\":\"Velo Outlets\",\"description\":\"Velosip\u0113di visai \u0123imenei\",\"potentialAction\":[{\"@type\":\"SearchAction\",\"target\":{\"@type\":\"EntryPoint\",\"urlTemplate\":\"https:\/\/velooutlets.com\/en\/?s={search_term_string}\"},\"query-input\":{\"@type\":\"PropertyValueSpecification\",\"valueRequired\":true,\"valueName\":\"search_term_string\"}}],\"inLanguage\":\"et\"}]}<\/script>\n<!-- \/ Yoast SEO plugin. -->","yoast_head_json":{"title":"Scott Scale 940 \u2013 Black 2026 - Velo Outlets","robots":{"index":"index","follow":"follow","max-snippet":"max-snippet:-1","max-image-preview":"max-image-preview:large","max-video-preview":"max-video-preview:-1"},"canonical":"https:\/\/velooutlets.com\/et\/toode\/scott-scale-940-black-2026\/","og_locale":"et_EE","og_type":"article","og_title":"Scott Scale 940 \u2013 Black 2026 - Velo Outlets","og_description":"SCOTT Scale 940 ir sportisks XC (cross-country) hardtail kalnu velosip\u0113ds, kas veidots ar sac\u012bk\u0161u iedvesmotu \u0123eometriju, efekt\u012bvu jaudas p\u0101rnesi un vienk\u0101r\u0161u, \u0101tru raksturu. Tas paredz\u0113ts krosa tras\u0113m, maratona distanc\u0113m un akt\u012bvai brauk\u0161anai pa da\u017e\u0101diem segumiem, kur svar\u012bga ir \u0101truma, kontroles un iztur\u012bbas kombin\u0101cija. R\u0101mis izgatavots no Scale Alloy 6061 Custom Butted alum\u012bnija ar integr\u0113tu kabe\u013cu [&hellip;]","og_url":"https:\/\/velooutlets.com\/et\/toode\/scott-scale-940-black-2026\/","og_site_name":"Velo Outlets","article_modified_time":"2026-04-19T12:47:51+00:00","og_image":[{"width":1498,"height":1023,"url":"https:\/\/velooutlets.com\/wp-content\/uploads\/2025\/10\/Screenshot2025-08-12152648.jpg","type":"image\/jpeg"}],"twitter_card":"summary_large_image","twitter_misc":{"Est. reading time":"1 minut"},"schema":{"@context":"https:\/\/schema.org","@graph":[{"@type":"WebPage","@id":"https:\/\/velooutlets.com\/products\/scott-scale-940-black-2026\/","url":"https:\/\/velooutlets.com\/products\/scott-scale-940-black-2026\/","name":"Scott Scale 940 \u2013 Black 2026 - Velo Outlets","isPartOf":{"@id":"https:\/\/velooutlets.com\/en\/#website"},"primaryImageOfPage":{"@id":"https:\/\/velooutlets.com\/products\/scott-scale-940-black-2026\/#primaryimage"},"image":{"@id":"https:\/\/velooutlets.com\/products\/scott-scale-940-black-2026\/#primaryimage"},"thumbnailUrl":"https:\/\/velooutlets.com\/wp-content\/uploads\/2025\/10\/Screenshot2025-08-12152648.jpg","datePublished":"2025-10-03T11:43:13+00:00","dateModified":"2026-04-19T12:47:51+00:00","breadcrumb":{"@id":"https:\/\/velooutlets.com\/products\/scott-scale-940-black-2026\/#breadcrumb"},"inLanguage":"et","potentialAction":[{"@type":"ReadAction","target":["https:\/\/velooutlets.com\/products\/scott-scale-940-black-2026\/"]}]},{"@type":"ImageObject","inLanguage":"et","@id":"https:\/\/velooutlets.com\/products\/scott-scale-940-black-2026\/#primaryimage","url":"https:\/\/velooutlets.com\/wp-content\/uploads\/2025\/10\/Screenshot2025-08-12152648.jpg","contentUrl":"https:\/\/velooutlets.com\/wp-content\/uploads\/2025\/10\/Screenshot2025-08-12152648.jpg","width":1498,"height":1023},{"@type":"BreadcrumbList","@id":"https:\/\/velooutlets.com\/products\/scott-scale-940-black-2026\/#breadcrumb","itemListElement":[{"@type":"ListItem","position":1,"name":"Home","item":"https:\/\/velooutlets.com\/"},{"@type":"ListItem","position":2,"name":"Veikals","item":"https:\/\/velooutlets.com\/shop\/"},{"@type":"ListItem","position":3,"name":"Scott Scale 940 \u2013 Black 2026"}]},{"@type":"WebSite","@id":"https:\/\/velooutlets.com\/en\/#website","url":"https:\/\/velooutlets.com\/en\/","name":"Velo Outlets","description":"Jalgrattad kogu perele","potentialAction":[{"@type":"SearchAction","target":{"@type":"EntryPoint","urlTemplate":"https:\/\/velooutlets.com\/en\/?s={search_term_string}"},"query-input":{"@type":"PropertyValueSpecification","valueRequired":true,"valueName":"search_term_string"}}],"inLanguage":"et"}]}},"jetpack_sharing_enabled":true,"_links":{"self":[{"href":"https:\/\/velooutlets.com\/et\/wp-json\/wp\/v2\/product\/9584","targetHints":{"allow":["GET"]}}],"collection":[{"href":"https:\/\/velooutlets.com\/et\/wp-json\/wp\/v2\/product"}],"about":[{"href":"https:\/\/velooutlets.com\/et\/wp-json\/wp\/v2\/types\/product"}],"wp:featuredmedia":[{"embeddable":true,"href":"https:\/\/velooutlets.com\/et\/wp-json\/wp\/v2\/media\/10526"}],"wp:attachment":[{"href":"https:\/\/velooutlets.com\/et\/wp-json\/wp\/v2\/media?parent=9584"}],"wp:term":[{"taxonomy":"product_brand","embeddable":true,"href":"https:\/\/velooutlets.com\/et\/wp-json\/wp\/v2\/product_brand?post=9584"},{"taxonomy":"product_cat","embeddable":true,"href":"https:\/\/velooutlets.com\/et\/wp-json\/wp\/v2\/product_cat?post=9584"},{"taxonomy":"product_tag","embeddable":true,"href":"https:\/\/velooutlets.com\/et\/wp-json\/wp\/v2\/product_tag?post=9584"}],"curies":[{"name":"wp","href":"https:\/\/api.w.org\/{rel}","templated":true}]}}