{"id":9644,"date":"2025-10-03T11:43:32","date_gmt":"2025-10-03T11:43:32","guid":{"rendered":"https:\/\/staging.velooutlets.com\/product\/scott-speedster-20-reseda-green-2026\/"},"modified":"2026-04-19T15:45:06","modified_gmt":"2026-04-19T12:45:06","slug":"scott-speedster-20-reseda-green-2026","status":"publish","type":"product","link":"https:\/\/velooutlets.com\/et\/toode\/scott-speedster-20-reseda-green-2026\/","title":{"rendered":"Scott Speedster 20 Reseda Green 2026"},"content":{"rendered":"<p>SCOTT Speedster 20 2026 ir viegls un sportisks \u0161osejas\/endurance tipa velosip\u0113ds, kas paredz\u0113ts treni\u0146iem, gar\u0101kiem izbraucieniem un akt\u012bvai brauk\u0161anai pa asfaltu. Tas apvieno efekt\u012bvu alum\u012bnija r\u0101mi, komfortablu \u0123eometriju un uzticamu Shimano Tiagra apr\u012bkojumu, padarot to par \u013coti labu izv\u0113li gan ies\u0101c\u0113jiem, gan pieredz\u0113ju\u0161\u0101kiem brauc\u0113jiem, kuri v\u0113las \u0101tru, bet ne p\u0101r\u0101k agres\u012bvu \u0161osejas velosip\u0113du.<\/p>\n<p>R\u0101mis veidots no 6061 alum\u012bnija ar endurance \u0123eometriju, kas nodro\u0161ina stabilu un \u0113rtu brauk\u0161anas poz\u012bciju gar\u0101kos att\u0101lumos. Iek\u0161\u0113j\u0101 tros\u012b\u0161u vad\u012bba pie\u0161\u0137ir velosip\u0113dam t\u012bru un modernu izskatu, k\u0101 ar\u012b samazina apkopju nepiecie\u0161am\u012bbu. Karbona dak\u0161a pal\u012bdz efekt\u012bvi sl\u0101p\u0113t vibr\u0101cijas no ce\u013ca seguma, uzlabojot komfortu uz nel\u012bdzen\u0101ka asfalta.<\/p>\n<p>Velosip\u0113ds apr\u012bkots ar Shimano Tiagra 2\u00d710 \u0101trumu piedzi\u0146u, kas nodro\u0161ina prec\u012bzu un uzticamu p\u0101rsl\u0113g\u0161anos. Pla\u0161ais p\u0101rnesumu diapazons (50\u201334T priek\u0161\u0101 un 11\u201334T kasete) \u013cauj viegli tikt gal\u0101 gan ar k\u0101pumiem, gan \u0101tru brauk\u0161anu pa l\u012bdzenu ce\u013cu. Hidraulisk\u0101s disku bremzes nodro\u0161ina dro\u0161u un vienm\u0113r\u012bgu bremz\u0113\u0161anu jebkuros laikapst\u0101k\u013cos.<\/p>\n<p>Schwalbe Lugano 32 mm riepas sniedz labu l\u012bdzsvaru starp \u0101trumu un komfortu, \u013caujot braukt stabili gan treni\u0146os, gan gar\u0101kos izbraucienos. Syncros komponentes papildina velosip\u0113du ar uzticamu un kvalitat\u012bvu apr\u012bkojumu.<\/p>\n<p>Spetsifikatsioon:<br \/>\nR\u0101mis: Speedster Disc, 6061 alum\u012bnijs (double butted, iek\u0161\u0113j\u0101 kabe\u013cu vad\u012bba, UDH, dub\u013cusargu gatavs)<br \/>\nDak\u0161a: Speedster HMF Disc, karbona, 1 1\/4&#8243;\u20131 1\/2&#8243;<br \/>\n\u0100trumi: 2\u00d710 (20 \u0101trumi)<br \/>\nAizmugur\u0113jais p\u0101rsl\u0113dz\u0113js: Shimano Tiagra RD-4700<br \/>\nPriek\u0161\u0113jais p\u0101rsl\u0113dz\u0113js: Shimano Tiagra FD-4700<br \/>\nP\u0101rsl\u0113dz\u0113ji \/ brem\u017eu rokturi: Shimano Tiagra ST-4720<br \/>\nKla\u0146i: Shimano Tiagra FC-4700, 50\u201334T<br \/>\nKasete: Shimano CS-HG500, 11\u201334T<br \/>\n\u0136\u0113de: KMC X10<br \/>\nBremzes: Shimano Tiagra hidraulisk\u0101s disku<br \/>\nBrem\u017eu diski: 160 mm (priek\u0161\u0101), 140\u2013160 mm (aizmugur\u0113 atkar\u012bb\u0101 no komplekt\u0101cijas)<br \/>\nRati: Syncros Race 25 Disc<br \/>\nRiepas: Schwalbe Lugano, 700\u00d732C<br \/>\nSt\u016bre: Syncros Creston 2.0 Compact, 31.8 mm<br \/>\nIznesums: Syncros RR2.5<br \/>\nS\u0113dek\u013ca stute: Syncros RR2.5, 27.2 mm<br \/>\nS\u0113deklis: Syncros Tofino Regular 2.5<br \/>\nSvars: ~10.4 kg<br \/>\nMaks. sist\u0113mas svars: 120 kg<\/p>","protected":false},"excerpt":{"rendered":"<p>SCOTT Speedster 20 2026 ir viegls un sportisks \u0161osejas\/endurance tipa velosip\u0113ds, kas paredz\u0113ts treni\u0146iem, gar\u0101kiem izbraucieniem un akt\u012bvai brauk\u0161anai pa asfaltu. Tas apvieno efekt\u012bvu alum\u012bnija r\u0101mi, komfortablu \u0123eometriju un uzticamu Shimano Tiagra apr\u012bkojumu, padarot to par \u013coti labu izv\u0113li gan ies\u0101c\u0113jiem, gan pieredz\u0113ju\u0161\u0101kiem brauc\u0113jiem, kuri v\u0113las \u0101tru, bet ne p\u0101r\u0101k agres\u012bvu \u0161osejas velosip\u0113du. R\u0101mis veidots [&hellip;]<\/p>\n","protected":false},"featured_media":10542,"template":"","meta":{"_monsterinsights_skip_tracking":false,"_monsterinsights_sitenote_active":false,"_monsterinsights_sitenote_note":"","_monsterinsights_sitenote_category":0,"_iconic_wsb_product_page_order_bump_ids":[[]],"_sku":["10668311380235"],"_iconic_wsb_product_page_bump_modal_ids":[[]]},"product_brand":[872],"product_cat":[1065,1076,1127],"product_tag":[1522],"class_list":{"0":"post-9644","1":"product","2":"type-product","3":"status-publish","4":"has-post-thumbnail","6":"product_brand-scott","7":"product_cat-scott-2026","8":"product_cat-sosejas-velosipedi-700c","9":"product_cat-velosipedi","10":"product_tag-scott","11":"product_shipping_class-pieauguso-velosipedi","12":"pa_materials-aluminija-ramis","13":"pa_razosanas-gads-1253","14":"ts_product_brand-courier_only","16":"first","17":"instock","18":"sale","19":"taxable","20":"shipping-taxable","21":"purchasable","22":"product-type-variable","23":"has-default-attributes","24":"wvs-archive-product-wrapper"},"yoast_head":"<!-- This site is optimized with the Yoast SEO plugin v27.2 - https:\/\/yoast.com\/product\/yoast-seo-wordpress\/ -->\n<title>Scott Speedster 20 Reseda Green 2026 - Velo Outlets<\/title>\n<meta name=\"description\" content=\"Scott Speedster 20 \u2013 Reseda Green (2026) ir iztur\u012bgs un komfortabls alum\u012bnija \u0161osejas velosip\u0113ds ar modernu Endurance \u0123eometriju, kas piem\u0113rots gan ikdienas braucieniem, gan gar\u0101kiem izbraucieniem. Iek\u0161\u0113jais kabe\u013cu izvads un sagatavot\u012bba dub\u013cusargu mont\u0101\u017eai padara to praktisku da\u017e\u0101dos laikapst\u0101k\u013cos. Apr\u012bkots ar uzticamu Shimano Tiagra 20 \u0101trumu piedzi\u0146u un hidrauliskaj\u0101m disku bremz\u0113m, tas nodro\u0161ina prec\u012bzu p\u0101rsl\u0113g\u0161anos un dro\u0161u bremz\u0113\u0161anu. Galven\u0101s \u012bpa\u0161\u012bbas: R\u0101mis: Speedster Disc, 6061 dubult\u0101 alum\u012bnija caurule, Endurance \u0123eometrija, iek\u0161\u0113jais kabe\u013cu izvads, sagatavots Syncros dub\u013cusargu komplektam Dak\u0161a: Speedster HMF Disc, 1 1\/4\u201d\u20131 1\/2\u201d ekscentriska karbonst\u016bres caurule Aizmugur\u0113jais p\u0101rsl\u0113dz\u0113js: Shimano Tiagra RD-4700-GS, 20 \u0101trumi Priek\u0161\u0113jais p\u0101rsl\u0113dz\u0113js: Shimano Tiagra FD-4700 P\u0101rsl\u0113gi: Shimano Tiagra ST-4720, Dual Control, 20 \u0101trumi Klo\u0137i: Shimano Tiagra FC-R4700, 50\/34 Apak\u0161\u0113jais kron\u0161teins: Shimano BB-RS500-PB \u0136\u0113de: KMC X10 Kasete: Shimano CS-HG500, 10 \u0101trumi, 11-34 Bremzes: Shimano BR-R4770 hidraulisk\u0101s disku bremzes, Shimano RT-CL700 rotori 160 mm priek\u0161\u0101 un aizmugur\u0113 St\u016bre: Syncros Creston 2.0 Compact, 31,8 mm St\u016bres st\u016bris: Syncros RR2.5, 1 1\/4\u201d, \u010detrskr\u016bvju, 31,8 mm S\u0113dek\u013ca stute: Syncros RR2.5, 27,2 mm x 350 mm S\u0113deklis: Syncros Tofino Regular 2.5 St\u016bres gult\u0146i: Acros AIF-1133 Rumbas: Formula Team II CL Disc, 28H priek\u0161\u0101 un aizmugur\u0113 Spie\u0137i: Melni, 2 mm Rite\u0146i: Syncros Race 25 Disc, 28 spie\u0137i priek\u0161\u0101 un aizmugur\u0113 Riepas: Schwalbe Lugano, 700x32C\" \/>\n<meta name=\"robots\" content=\"index, follow, max-snippet:-1, max-image-preview:large, max-video-preview:-1\" \/>\n<link rel=\"canonical\" href=\"https:\/\/velooutlets.com\/et\/toode\/scott-speedster-20-reseda-green-2026\/\" \/>\n<meta property=\"og:locale\" content=\"et_EE\" \/>\n<meta property=\"og:type\" content=\"article\" \/>\n<meta property=\"og:title\" content=\"Scott Speedster 20 Reseda Green 2026 - Velo Outlets\" \/>\n<meta property=\"og:description\" content=\"Scott Speedster 20 \u2013 Reseda Green (2026) ir iztur\u012bgs un komfortabls alum\u012bnija \u0161osejas velosip\u0113ds ar modernu Endurance \u0123eometriju, kas piem\u0113rots gan ikdienas braucieniem, gan gar\u0101kiem izbraucieniem. Iek\u0161\u0113jais kabe\u013cu izvads un sagatavot\u012bba dub\u013cusargu mont\u0101\u017eai padara to praktisku da\u017e\u0101dos laikapst\u0101k\u013cos. Apr\u012bkots ar uzticamu Shimano Tiagra 20 \u0101trumu piedzi\u0146u un hidrauliskaj\u0101m disku bremz\u0113m, tas nodro\u0161ina prec\u012bzu p\u0101rsl\u0113g\u0161anos un dro\u0161u bremz\u0113\u0161anu. Galven\u0101s \u012bpa\u0161\u012bbas: R\u0101mis: Speedster Disc, 6061 dubult\u0101 alum\u012bnija caurule, Endurance \u0123eometrija, iek\u0161\u0113jais kabe\u013cu izvads, sagatavots Syncros dub\u013cusargu komplektam Dak\u0161a: Speedster HMF Disc, 1 1\/4\u201d\u20131 1\/2\u201d ekscentriska karbonst\u016bres caurule Aizmugur\u0113jais p\u0101rsl\u0113dz\u0113js: Shimano Tiagra RD-4700-GS, 20 \u0101trumi Priek\u0161\u0113jais p\u0101rsl\u0113dz\u0113js: Shimano Tiagra FD-4700 P\u0101rsl\u0113gi: Shimano Tiagra ST-4720, Dual Control, 20 \u0101trumi Klo\u0137i: Shimano Tiagra FC-R4700, 50\/34 Apak\u0161\u0113jais kron\u0161teins: Shimano BB-RS500-PB \u0136\u0113de: KMC X10 Kasete: Shimano CS-HG500, 10 \u0101trumi, 11-34 Bremzes: Shimano BR-R4770 hidraulisk\u0101s disku bremzes, Shimano RT-CL700 rotori 160 mm priek\u0161\u0101 un aizmugur\u0113 St\u016bre: Syncros Creston 2.0 Compact, 31,8 mm St\u016bres st\u016bris: Syncros RR2.5, 1 1\/4\u201d, \u010detrskr\u016bvju, 31,8 mm S\u0113dek\u013ca stute: Syncros RR2.5, 27,2 mm x 350 mm S\u0113deklis: Syncros Tofino Regular 2.5 St\u016bres gult\u0146i: Acros AIF-1133 Rumbas: Formula Team II CL Disc, 28H priek\u0161\u0101 un aizmugur\u0113 Spie\u0137i: Melni, 2 mm Rite\u0146i: Syncros Race 25 Disc, 28 spie\u0137i priek\u0161\u0101 un aizmugur\u0113 Riepas: Schwalbe Lugano, 700x32C\" \/>\n<meta property=\"og:url\" content=\"https:\/\/velooutlets.com\/et\/toode\/scott-speedster-20-reseda-green-2026\/\" \/>\n<meta property=\"og:site_name\" content=\"Velo Outlets\" \/>\n<meta property=\"article:modified_time\" content=\"2026-04-19T12:45:06+00:00\" \/>\n<meta property=\"og:image\" content=\"https:\/\/velooutlets.com\/wp-content\/uploads\/2025\/10\/Ekranuznemums2025-08-12235721.jpg\" \/>\n\t<meta property=\"og:image:width\" content=\"941\" \/>\n\t<meta property=\"og:image:height\" content=\"679\" \/>\n\t<meta property=\"og:image:type\" content=\"image\/jpeg\" \/>\n<meta name=\"twitter:card\" content=\"summary_large_image\" \/>\n<meta name=\"twitter:label1\" content=\"Est. reading time\" \/>\n\t<meta name=\"twitter:data1\" content=\"1 minut\" \/>\n<script type=\"application\/ld+json\" class=\"yoast-schema-graph\">{\"@context\":\"https:\/\/schema.org\",\"@graph\":[{\"@type\":\"WebPage\",\"@id\":\"https:\/\/velooutlets.com\/products\/scott-speedster-20-reseda-green-2026\/\",\"url\":\"https:\/\/velooutlets.com\/products\/scott-speedster-20-reseda-green-2026\/\",\"name\":\"Scott Speedster 20 Reseda Green 2026 - Velo Outlets\",\"isPartOf\":{\"@id\":\"https:\/\/velooutlets.com\/en\/#website\"},\"primaryImageOfPage\":{\"@id\":\"https:\/\/velooutlets.com\/products\/scott-speedster-20-reseda-green-2026\/#primaryimage\"},\"image\":{\"@id\":\"https:\/\/velooutlets.com\/products\/scott-speedster-20-reseda-green-2026\/#primaryimage\"},\"thumbnailUrl\":\"https:\/\/velooutlets.com\/wp-content\/uploads\/2025\/10\/Ekranuznemums2025-08-12235721.jpg\",\"datePublished\":\"2025-10-03T11:43:32+00:00\",\"dateModified\":\"2026-04-19T12:45:06+00:00\",\"description\":\"Scott Speedster 20 \u2013 Reseda Green (2026) ir iztur\u012bgs un komfortabls alum\u012bnija \u0161osejas velosip\u0113ds ar modernu Endurance \u0123eometriju, kas piem\u0113rots gan ikdienas braucieniem, gan gar\u0101kiem izbraucieniem. Iek\u0161\u0113jais kabe\u013cu izvads un sagatavot\u012bba dub\u013cusargu mont\u0101\u017eai padara to praktisku da\u017e\u0101dos laikapst\u0101k\u013cos. Apr\u012bkots ar uzticamu Shimano Tiagra 20 \u0101trumu piedzi\u0146u un hidrauliskaj\u0101m disku bremz\u0113m, tas nodro\u0161ina prec\u012bzu p\u0101rsl\u0113g\u0161anos un dro\u0161u bremz\u0113\u0161anu. Galven\u0101s \u012bpa\u0161\u012bbas: R\u0101mis: Speedster Disc, 6061 dubult\u0101 alum\u012bnija caurule, Endurance \u0123eometrija, iek\u0161\u0113jais kabe\u013cu izvads, sagatavots Syncros dub\u013cusargu komplektam Dak\u0161a: Speedster HMF Disc, 1 1\/4\u201d\u20131 1\/2\u201d ekscentriska karbonst\u016bres caurule Aizmugur\u0113jais p\u0101rsl\u0113dz\u0113js: Shimano Tiagra RD-4700-GS, 20 \u0101trumi Priek\u0161\u0113jais p\u0101rsl\u0113dz\u0113js: Shimano Tiagra FD-4700 P\u0101rsl\u0113gi: Shimano Tiagra ST-4720, Dual Control, 20 \u0101trumi Klo\u0137i: Shimano Tiagra FC-R4700, 50\/34 Apak\u0161\u0113jais kron\u0161teins: Shimano BB-RS500-PB \u0136\u0113de: KMC X10 Kasete: Shimano CS-HG500, 10 \u0101trumi, 11-34 Bremzes: Shimano BR-R4770 hidraulisk\u0101s disku bremzes, Shimano RT-CL700 rotori 160 mm priek\u0161\u0101 un aizmugur\u0113 St\u016bre: Syncros Creston 2.0 Compact, 31,8 mm St\u016bres st\u016bris: Syncros RR2.5, 1 1\/4\u201d, \u010detrskr\u016bvju, 31,8 mm S\u0113dek\u013ca stute: Syncros RR2.5, 27,2 mm x 350 mm S\u0113deklis: Syncros Tofino Regular 2.5 St\u016bres gult\u0146i: Acros AIF-1133 Rumbas: Formula Team II CL Disc, 28H priek\u0161\u0101 un aizmugur\u0113 Spie\u0137i: Melni, 2 mm Rite\u0146i: Syncros Race 25 Disc, 28 spie\u0137i priek\u0161\u0101 un aizmugur\u0113 Riepas: Schwalbe Lugano, 700x32C\",\"breadcrumb\":{\"@id\":\"https:\/\/velooutlets.com\/products\/scott-speedster-20-reseda-green-2026\/#breadcrumb\"},\"inLanguage\":\"et\",\"potentialAction\":[{\"@type\":\"ReadAction\",\"target\":[\"https:\/\/velooutlets.com\/products\/scott-speedster-20-reseda-green-2026\/\"]}]},{\"@type\":\"ImageObject\",\"inLanguage\":\"et\",\"@id\":\"https:\/\/velooutlets.com\/products\/scott-speedster-20-reseda-green-2026\/#primaryimage\",\"url\":\"https:\/\/velooutlets.com\/wp-content\/uploads\/2025\/10\/Ekranuznemums2025-08-12235721.jpg\",\"contentUrl\":\"https:\/\/velooutlets.com\/wp-content\/uploads\/2025\/10\/Ekranuznemums2025-08-12235721.jpg\",\"width\":941,\"height\":679},{\"@type\":\"BreadcrumbList\",\"@id\":\"https:\/\/velooutlets.com\/products\/scott-speedster-20-reseda-green-2026\/#breadcrumb\",\"itemListElement\":[{\"@type\":\"ListItem\",\"position\":1,\"name\":\"Home\",\"item\":\"https:\/\/velooutlets.com\/\"},{\"@type\":\"ListItem\",\"position\":2,\"name\":\"Veikals\",\"item\":\"https:\/\/velooutlets.com\/shop\/\"},{\"@type\":\"ListItem\",\"position\":3,\"name\":\"Scott Speedster 20 Reseda Green 2026\"}]},{\"@type\":\"WebSite\",\"@id\":\"https:\/\/velooutlets.com\/en\/#website\",\"url\":\"https:\/\/velooutlets.com\/en\/\",\"name\":\"Velo Outlets\",\"description\":\"Velosip\u0113di visai \u0123imenei\",\"potentialAction\":[{\"@type\":\"SearchAction\",\"target\":{\"@type\":\"EntryPoint\",\"urlTemplate\":\"https:\/\/velooutlets.com\/en\/?s={search_term_string}\"},\"query-input\":{\"@type\":\"PropertyValueSpecification\",\"valueRequired\":true,\"valueName\":\"search_term_string\"}}],\"inLanguage\":\"et\"}]}<\/script>\n<!-- \/ Yoast SEO plugin. -->","yoast_head_json":{"title":"Scott Speedster 20 Reseda Green 2026 - Velo Outlets","description":"Scott Speedster 20 \u2013 Reseda Green (2026) ir iztur\u012bgs un komfortabls alum\u012bnija \u0161osejas velosip\u0113ds ar modernu Endurance \u0123eometriju, kas piem\u0113rots gan ikdienas braucieniem, gan gar\u0101kiem izbraucieniem. Iek\u0161\u0113jais kabe\u013cu izvads un sagatavot\u012bba dub\u013cusargu mont\u0101\u017eai padara to praktisku da\u017e\u0101dos laikapst\u0101k\u013cos. Apr\u012bkots ar uzticamu Shimano Tiagra 20 \u0101trumu piedzi\u0146u un hidrauliskaj\u0101m disku bremz\u0113m, tas nodro\u0161ina prec\u012bzu p\u0101rsl\u0113g\u0161anos un dro\u0161u bremz\u0113\u0161anu. Galven\u0101s \u012bpa\u0161\u012bbas: R\u0101mis: Speedster Disc, 6061 dubult\u0101 alum\u012bnija caurule, Endurance \u0123eometrija, iek\u0161\u0113jais kabe\u013cu izvads, sagatavots Syncros dub\u013cusargu komplektam Dak\u0161a: Speedster HMF Disc, 1 1\/4\u201d\u20131 1\/2\u201d ekscentriska karbonst\u016bres caurule Aizmugur\u0113jais p\u0101rsl\u0113dz\u0113js: Shimano Tiagra RD-4700-GS, 20 \u0101trumi Priek\u0161\u0113jais p\u0101rsl\u0113dz\u0113js: Shimano Tiagra FD-4700 P\u0101rsl\u0113gi: Shimano Tiagra ST-4720, Dual Control, 20 \u0101trumi Klo\u0137i: Shimano Tiagra FC-R4700, 50\/34 Apak\u0161\u0113jais kron\u0161teins: Shimano BB-RS500-PB \u0136\u0113de: KMC X10 Kasete: Shimano CS-HG500, 10 \u0101trumi, 11-34 Bremzes: Shimano BR-R4770 hidraulisk\u0101s disku bremzes, Shimano RT-CL700 rotori 160 mm priek\u0161\u0101 un aizmugur\u0113 St\u016bre: Syncros Creston 2.0 Compact, 31,8 mm St\u016bres st\u016bris: Syncros RR2.5, 1 1\/4\u201d, \u010detrskr\u016bvju, 31,8 mm S\u0113dek\u013ca stute: Syncros RR2.5, 27,2 mm x 350 mm S\u0113deklis: Syncros Tofino Regular 2.5 St\u016bres gult\u0146i: Acros AIF-1133 Rumbas: Formula Team II CL Disc, 28H priek\u0161\u0101 un aizmugur\u0113 Spie\u0137i: Melni, 2 mm Rite\u0146i: Syncros Race 25 Disc, 28 spie\u0137i priek\u0161\u0101 un aizmugur\u0113 Riepas: Schwalbe Lugano, 700x32C","robots":{"index":"index","follow":"follow","max-snippet":"max-snippet:-1","max-image-preview":"max-image-preview:large","max-video-preview":"max-video-preview:-1"},"canonical":"https:\/\/velooutlets.com\/et\/toode\/scott-speedster-20-reseda-green-2026\/","og_locale":"et_EE","og_type":"article","og_title":"Scott Speedster 20 Reseda Green 2026 - Velo Outlets","og_description":"Scott Speedster 20 \u2013 Reseda Green (2026) ir iztur\u012bgs un komfortabls alum\u012bnija \u0161osejas velosip\u0113ds ar modernu Endurance \u0123eometriju, kas piem\u0113rots gan ikdienas braucieniem, gan gar\u0101kiem izbraucieniem. Iek\u0161\u0113jais kabe\u013cu izvads un sagatavot\u012bba dub\u013cusargu mont\u0101\u017eai padara to praktisku da\u017e\u0101dos laikapst\u0101k\u013cos. Apr\u012bkots ar uzticamu Shimano Tiagra 20 \u0101trumu piedzi\u0146u un hidrauliskaj\u0101m disku bremz\u0113m, tas nodro\u0161ina prec\u012bzu p\u0101rsl\u0113g\u0161anos un dro\u0161u bremz\u0113\u0161anu. Galven\u0101s \u012bpa\u0161\u012bbas: R\u0101mis: Speedster Disc, 6061 dubult\u0101 alum\u012bnija caurule, Endurance \u0123eometrija, iek\u0161\u0113jais kabe\u013cu izvads, sagatavots Syncros dub\u013cusargu komplektam Dak\u0161a: Speedster HMF Disc, 1 1\/4\u201d\u20131 1\/2\u201d ekscentriska karbonst\u016bres caurule Aizmugur\u0113jais p\u0101rsl\u0113dz\u0113js: Shimano Tiagra RD-4700-GS, 20 \u0101trumi Priek\u0161\u0113jais p\u0101rsl\u0113dz\u0113js: Shimano Tiagra FD-4700 P\u0101rsl\u0113gi: Shimano Tiagra ST-4720, Dual Control, 20 \u0101trumi Klo\u0137i: Shimano Tiagra FC-R4700, 50\/34 Apak\u0161\u0113jais kron\u0161teins: Shimano BB-RS500-PB \u0136\u0113de: KMC X10 Kasete: Shimano CS-HG500, 10 \u0101trumi, 11-34 Bremzes: Shimano BR-R4770 hidraulisk\u0101s disku bremzes, Shimano RT-CL700 rotori 160 mm priek\u0161\u0101 un aizmugur\u0113 St\u016bre: Syncros Creston 2.0 Compact, 31,8 mm St\u016bres st\u016bris: Syncros RR2.5, 1 1\/4\u201d, \u010detrskr\u016bvju, 31,8 mm S\u0113dek\u013ca stute: Syncros RR2.5, 27,2 mm x 350 mm S\u0113deklis: Syncros Tofino Regular 2.5 St\u016bres gult\u0146i: Acros AIF-1133 Rumbas: Formula Team II CL Disc, 28H priek\u0161\u0101 un aizmugur\u0113 Spie\u0137i: Melni, 2 mm Rite\u0146i: Syncros Race 25 Disc, 28 spie\u0137i priek\u0161\u0101 un aizmugur\u0113 Riepas: Schwalbe Lugano, 700x32C","og_url":"https:\/\/velooutlets.com\/et\/toode\/scott-speedster-20-reseda-green-2026\/","og_site_name":"Velo Outlets","article_modified_time":"2026-04-19T12:45:06+00:00","og_image":[{"width":941,"height":679,"url":"https:\/\/velooutlets.com\/wp-content\/uploads\/2025\/10\/Ekranuznemums2025-08-12235721.jpg","type":"image\/jpeg"}],"twitter_card":"summary_large_image","twitter_misc":{"Est. reading time":"1 minut"},"schema":{"@context":"https:\/\/schema.org","@graph":[{"@type":"WebPage","@id":"https:\/\/velooutlets.com\/products\/scott-speedster-20-reseda-green-2026\/","url":"https:\/\/velooutlets.com\/products\/scott-speedster-20-reseda-green-2026\/","name":"Scott Speedster 20 Reseda Green 2026 - Velo Outlets","isPartOf":{"@id":"https:\/\/velooutlets.com\/en\/#website"},"primaryImageOfPage":{"@id":"https:\/\/velooutlets.com\/products\/scott-speedster-20-reseda-green-2026\/#primaryimage"},"image":{"@id":"https:\/\/velooutlets.com\/products\/scott-speedster-20-reseda-green-2026\/#primaryimage"},"thumbnailUrl":"https:\/\/velooutlets.com\/wp-content\/uploads\/2025\/10\/Ekranuznemums2025-08-12235721.jpg","datePublished":"2025-10-03T11:43:32+00:00","dateModified":"2026-04-19T12:45:06+00:00","description":"Scott Speedster 20 \u2013 Reseda Green (2026) ir iztur\u012bgs un komfortabls alum\u012bnija \u0161osejas velosip\u0113ds ar modernu Endurance \u0123eometriju, kas piem\u0113rots gan ikdienas braucieniem, gan gar\u0101kiem izbraucieniem. Iek\u0161\u0113jais kabe\u013cu izvads un sagatavot\u012bba dub\u013cusargu mont\u0101\u017eai padara to praktisku da\u017e\u0101dos laikapst\u0101k\u013cos. Apr\u012bkots ar uzticamu Shimano Tiagra 20 \u0101trumu piedzi\u0146u un hidrauliskaj\u0101m disku bremz\u0113m, tas nodro\u0161ina prec\u012bzu p\u0101rsl\u0113g\u0161anos un dro\u0161u bremz\u0113\u0161anu. Galven\u0101s \u012bpa\u0161\u012bbas: R\u0101mis: Speedster Disc, 6061 dubult\u0101 alum\u012bnija caurule, Endurance \u0123eometrija, iek\u0161\u0113jais kabe\u013cu izvads, sagatavots Syncros dub\u013cusargu komplektam Dak\u0161a: Speedster HMF Disc, 1 1\/4\u201d\u20131 1\/2\u201d ekscentriska karbonst\u016bres caurule Aizmugur\u0113jais p\u0101rsl\u0113dz\u0113js: Shimano Tiagra RD-4700-GS, 20 \u0101trumi Priek\u0161\u0113jais p\u0101rsl\u0113dz\u0113js: Shimano Tiagra FD-4700 P\u0101rsl\u0113gi: Shimano Tiagra ST-4720, Dual Control, 20 \u0101trumi Klo\u0137i: Shimano Tiagra FC-R4700, 50\/34 Apak\u0161\u0113jais kron\u0161teins: Shimano BB-RS500-PB \u0136\u0113de: KMC X10 Kasete: Shimano CS-HG500, 10 \u0101trumi, 11-34 Bremzes: Shimano BR-R4770 hidraulisk\u0101s disku bremzes, Shimano RT-CL700 rotori 160 mm priek\u0161\u0101 un aizmugur\u0113 St\u016bre: Syncros Creston 2.0 Compact, 31,8 mm St\u016bres st\u016bris: Syncros RR2.5, 1 1\/4\u201d, \u010detrskr\u016bvju, 31,8 mm S\u0113dek\u013ca stute: Syncros RR2.5, 27,2 mm x 350 mm S\u0113deklis: Syncros Tofino Regular 2.5 St\u016bres gult\u0146i: Acros AIF-1133 Rumbas: Formula Team II CL Disc, 28H priek\u0161\u0101 un aizmugur\u0113 Spie\u0137i: Melni, 2 mm Rite\u0146i: Syncros Race 25 Disc, 28 spie\u0137i priek\u0161\u0101 un aizmugur\u0113 Riepas: Schwalbe Lugano, 700x32C","breadcrumb":{"@id":"https:\/\/velooutlets.com\/products\/scott-speedster-20-reseda-green-2026\/#breadcrumb"},"inLanguage":"et","potentialAction":[{"@type":"ReadAction","target":["https:\/\/velooutlets.com\/products\/scott-speedster-20-reseda-green-2026\/"]}]},{"@type":"ImageObject","inLanguage":"et","@id":"https:\/\/velooutlets.com\/products\/scott-speedster-20-reseda-green-2026\/#primaryimage","url":"https:\/\/velooutlets.com\/wp-content\/uploads\/2025\/10\/Ekranuznemums2025-08-12235721.jpg","contentUrl":"https:\/\/velooutlets.com\/wp-content\/uploads\/2025\/10\/Ekranuznemums2025-08-12235721.jpg","width":941,"height":679},{"@type":"BreadcrumbList","@id":"https:\/\/velooutlets.com\/products\/scott-speedster-20-reseda-green-2026\/#breadcrumb","itemListElement":[{"@type":"ListItem","position":1,"name":"Home","item":"https:\/\/velooutlets.com\/"},{"@type":"ListItem","position":2,"name":"Veikals","item":"https:\/\/velooutlets.com\/shop\/"},{"@type":"ListItem","position":3,"name":"Scott Speedster 20 Reseda Green 2026"}]},{"@type":"WebSite","@id":"https:\/\/velooutlets.com\/en\/#website","url":"https:\/\/velooutlets.com\/en\/","name":"Velo Outlets","description":"Jalgrattad kogu perele","potentialAction":[{"@type":"SearchAction","target":{"@type":"EntryPoint","urlTemplate":"https:\/\/velooutlets.com\/en\/?s={search_term_string}"},"query-input":{"@type":"PropertyValueSpecification","valueRequired":true,"valueName":"search_term_string"}}],"inLanguage":"et"}]}},"jetpack_sharing_enabled":true,"_links":{"self":[{"href":"https:\/\/velooutlets.com\/et\/wp-json\/wp\/v2\/product\/9644","targetHints":{"allow":["GET"]}}],"collection":[{"href":"https:\/\/velooutlets.com\/et\/wp-json\/wp\/v2\/product"}],"about":[{"href":"https:\/\/velooutlets.com\/et\/wp-json\/wp\/v2\/types\/product"}],"wp:featuredmedia":[{"embeddable":true,"href":"https:\/\/velooutlets.com\/et\/wp-json\/wp\/v2\/media\/10542"}],"wp:attachment":[{"href":"https:\/\/velooutlets.com\/et\/wp-json\/wp\/v2\/media?parent=9644"}],"wp:term":[{"taxonomy":"product_brand","embeddable":true,"href":"https:\/\/velooutlets.com\/et\/wp-json\/wp\/v2\/product_brand?post=9644"},{"taxonomy":"product_cat","embeddable":true,"href":"https:\/\/velooutlets.com\/et\/wp-json\/wp\/v2\/product_cat?post=9644"},{"taxonomy":"product_tag","embeddable":true,"href":"https:\/\/velooutlets.com\/et\/wp-json\/wp\/v2\/product_tag?post=9644"}],"curies":[{"name":"wp","href":"https:\/\/api.w.org\/{rel}","templated":true}]}}