{"id":9681,"date":"2025-10-03T11:43:44","date_gmt":"2025-10-03T11:43:44","guid":{"rendered":"https:\/\/staging.velooutlets.com\/product\/scott-speedster-gravel-20\/"},"modified":"2026-04-19T15:33:29","modified_gmt":"2026-04-19T12:33:29","slug":"scott-speedster-gravel-20","status":"publish","type":"product","link":"https:\/\/velooutlets.com\/et\/toode\/scott-speedster-gravel-20\/","title":{"rendered":"Scott Speedster Gravel 20"},"content":{"rendered":"<p>SCOTT Speedster Gravel 20 on mitmek\u00fclgne ja kiire kruusarattur pikemateks s\u00f5itudeks ja seiklusteks v\u00e4hemtuntud teedel. See \u00fchendab endas sportliku, kuid mugava geomeetria ja usaldusv\u00e4\u00e4rse Shimano GRX varustuse, mis on m\u00f5eldud spetsiaalselt kruusateede ja segateede jaoks. See sobib ideaalselt treeninguks, rattamatkaks v\u00f5i igap\u00e4evaseks s\u00f5iduks, kui soovid \u00fchte ratast erinevate tingimuste jaoks.<\/p>\n<p>Raam on valmistatud kergest 6061 alumiiniumist, mille kruusageomeetria tagab stabiilsuse ja mugavuse pikematel s\u00f5itudel. Sisemine kaablijuhtimine annab puhta v\u00e4limuse ja v\u00e4hendab hooldusvajadust, samas kui v\u00f5imalus paigaldada porikaitsmed muudab selle mudeli praktiliseks ka k\u00f5ige halvemates ilmastikuoludes. Karboonist kahvel aitab v\u00e4hendada tee vibratsiooni, parandades mugavust ebatasasel pinnal.<\/p>\n<p>K\u00e4igukast p\u00f5hineb Shimano GRX RX810\/600 2\u00d711-k\u00e4igulisel s\u00fcsteemil, mis tagab t\u00e4pse ja usaldusv\u00e4\u00e4rse k\u00e4iguvahetuse erinevates tingimustes. Lai k\u00e4iguv\u00e4li (46-30T ees ja 11-34T kassett) v\u00f5imaldab h\u00f5lpsasti toime tulla nii j\u00e4rskude t\u00f5usude kui ka kiire s\u00f5iduga tasasel pinnal. H\u00fcdraulilised Shimano GRX pidurid tagavad v\u00f5imsa ja kontrollitud pidurduse ka m\u00e4rjal v\u00f5i kruusasel teel.<\/p>\n<p>Schwalbe G-One Bite 45 mm rehvid pakuvad suurep\u00e4rast haardumist ja stabiilsust nii kruusal, mustadel teedel kui ka asfaldil, muutes jalgratta \u00e4\u00e4rmiselt mitmek\u00fclgseks. Syncros komponendid lisavad \u00fcldist kvaliteeti ja usaldusv\u00e4\u00e4rsust.<\/p>\n<p>Spetsifikatsioon:<br \/>\nRaam: Speedster Gravel Disc, 6061 alumiinium (topeltkantidega, sisemine kaablijuhtimine, UDH, porikaitsmed valmis)<br \/>\nKahvel: Speedster Gravel HMF, carbon<br \/>\nKiirused: 2\u00d711 (22 kiirust)<br \/>\nTagumine rattakett: Shimano GRX RD-RX810<br \/>\nEsimesi rattakettad: Shimano GRX FD-RX810-F<br \/>\nShifterid \/ pidurihoovad: Shimano GRX ST-RX600<br \/>\nShimano GRX FC-RX600-11, 46-30T<br \/>\nKassett: Shimano CS-HG700, 11-34T<br \/>\nRinglus: KMC X11<br \/>\nPidurid: Shimano BR-RX400 h\u00fcdrauliline ketaspidur<br \/>\nPidurikettad: 160 mm (ees\/taha)<br \/>\nRattad: Syncros Race X25 Disc<br \/>\nRehv: Schwalbe G-One Bite Performance, 700\u00d745C<br \/>\nRool: Syncros Creston 2.0 X, 31.8 mm<br \/>\nSyncros RR2.5<br \/>\nIstmepost: Syncros RR2.5, 27,2 mm<br \/>\nIste: Syncros Tofino Regular 2.5<br \/>\nKaal: ~10,3 kg<br \/>\nMax. S\u00fcsteemi kaal: 120 kg<\/p>","protected":false},"excerpt":{"rendered":"<p>SCOTT Speedster Gravel 20 ir univers\u0101ls un \u0101trs grants velosip\u0113ds, kas paredz\u0113ts gan gar\u0101kiem izbraucieniem, gan piedz\u012bvojumiem pa maz\u0101k zin\u0101miem ce\u013ciem. Tas apvieno sportisku, bet \u0113rtu \u0123eometriju ar uzticamu Shimano GRX apr\u012bkojumu, kas \u012bpa\u0161i izstr\u0101d\u0101ts brauk\u0161anai pa grants segumu un jauktiem mar\u0161rutiem. Tas ir lieliski piem\u0113rots gan treni\u0146iem, gan velo ce\u013cojumiem vai ikdienas brauk\u0161anai, ja [&hellip;]<\/p>\n","protected":false},"featured_media":10555,"template":"","meta":{"_monsterinsights_skip_tracking":false,"_monsterinsights_sitenote_active":false,"_monsterinsights_sitenote_note":"","_monsterinsights_sitenote_category":0,"_iconic_wsb_product_page_order_bump_ids":[],"_sku":["10726226755851"],"_iconic_wsb_product_page_bump_modal_ids":[]},"product_brand":[872],"product_cat":[967,1540,1127],"product_tag":[1522],"class_list":{"0":"post-9681","1":"product","2":"type-product","3":"status-publish","4":"has-post-thumbnail","6":"product_brand-scott","7":"product_cat-gravel-velosipedi","8":"product_cat-gravel-velosipedi-700c","9":"product_cat-velosipedi","10":"product_tag-scott","11":"product_shipping_class-pieauguso-velosipedi","12":"ts_product_brand-courier_only","14":"first","15":"instock","16":"sale","17":"taxable","18":"shipping-taxable","19":"purchasable","20":"product-type-variable","21":"wvs-archive-product-wrapper"},"yoast_head":"<!-- This site is optimized with the Yoast SEO plugin v27.2 - https:\/\/yoast.com\/product\/yoast-seo-wordpress\/ -->\n<title>Scott Scale Gravel 20 \u2013 Augst\u0101k\u0101s kvalit\u0101tes risin\u0101jums izaicino\u0161iem braucieniem | Velo Outlets<\/title>\n<meta name=\"description\" content=\"SCOTT velosip\u0113di Velo Outlets: Ieg\u0101d\u0101jies kalnu, gravel vai \u0161osejas velosip\u0113du ar augstu veiktsp\u0113ju un komfortu da\u017e\u0101d\u0101s brauk\u0161anas situ\u0101cij\u0101s.\" \/>\n<meta name=\"robots\" content=\"index, follow, max-snippet:-1, max-image-preview:large, max-video-preview:-1\" \/>\n<link rel=\"canonical\" href=\"https:\/\/velooutlets.com\/et\/toode\/scott-speedster-gravel-20\/\" \/>\n<meta property=\"og:locale\" content=\"et_EE\" \/>\n<meta property=\"og:type\" content=\"article\" \/>\n<meta property=\"og:title\" content=\"Scott Scale Gravel 20 \u2013 Augst\u0101k\u0101s kvalit\u0101tes risin\u0101jums izaicino\u0161iem braucieniem | Velo Outlets\" \/>\n<meta property=\"og:description\" content=\"SCOTT velosip\u0113di Velo Outlets: Ieg\u0101d\u0101jies kalnu, gravel vai \u0161osejas velosip\u0113du ar augstu veiktsp\u0113ju un komfortu da\u017e\u0101d\u0101s brauk\u0161anas situ\u0101cij\u0101s.\" \/>\n<meta property=\"og:url\" content=\"https:\/\/velooutlets.com\/et\/toode\/scott-speedster-gravel-20\/\" \/>\n<meta property=\"og:site_name\" content=\"Velo Outlets\" \/>\n<meta property=\"article:modified_time\" content=\"2026-04-19T12:33:29+00:00\" \/>\n<meta property=\"og:image\" content=\"https:\/\/velooutlets.com\/wp-content\/uploads\/2025\/10\/293260.jpg\" \/>\n\t<meta property=\"og:image:width\" content=\"864\" \/>\n\t<meta property=\"og:image:height\" content=\"541\" \/>\n\t<meta property=\"og:image:type\" content=\"image\/jpeg\" \/>\n<meta name=\"twitter:card\" content=\"summary_large_image\" \/>\n<meta name=\"twitter:label1\" content=\"Est. reading time\" \/>\n\t<meta name=\"twitter:data1\" content=\"2 minutit\" \/>\n<script type=\"application\/ld+json\" class=\"yoast-schema-graph\">{\"@context\":\"https:\/\/schema.org\",\"@graph\":[{\"@type\":\"WebPage\",\"@id\":\"https:\/\/velooutlets.com\/products\/scott-speedster-gravel-20\/\",\"url\":\"https:\/\/velooutlets.com\/products\/scott-speedster-gravel-20\/\",\"name\":\"Scott Scale Gravel 20 \u2013 Augst\u0101k\u0101s kvalit\u0101tes risin\u0101jums izaicino\u0161iem braucieniem | Velo Outlets\",\"isPartOf\":{\"@id\":\"https:\/\/velooutlets.com\/en\/#website\"},\"primaryImageOfPage\":{\"@id\":\"https:\/\/velooutlets.com\/products\/scott-speedster-gravel-20\/#primaryimage\"},\"image\":{\"@id\":\"https:\/\/velooutlets.com\/products\/scott-speedster-gravel-20\/#primaryimage\"},\"thumbnailUrl\":\"https:\/\/velooutlets.com\/wp-content\/uploads\/2025\/10\/293260.jpg\",\"datePublished\":\"2025-10-03T11:43:44+00:00\",\"dateModified\":\"2026-04-19T12:33:29+00:00\",\"description\":\"SCOTT velosip\u0113di Velo Outlets: Ieg\u0101d\u0101jies kalnu, gravel vai \u0161osejas velosip\u0113du ar augstu veiktsp\u0113ju un komfortu da\u017e\u0101d\u0101s brauk\u0161anas situ\u0101cij\u0101s.\",\"breadcrumb\":{\"@id\":\"https:\/\/velooutlets.com\/products\/scott-speedster-gravel-20\/#breadcrumb\"},\"inLanguage\":\"et\",\"potentialAction\":[{\"@type\":\"ReadAction\",\"target\":[\"https:\/\/velooutlets.com\/products\/scott-speedster-gravel-20\/\"]}]},{\"@type\":\"ImageObject\",\"inLanguage\":\"et\",\"@id\":\"https:\/\/velooutlets.com\/products\/scott-speedster-gravel-20\/#primaryimage\",\"url\":\"https:\/\/velooutlets.com\/wp-content\/uploads\/2025\/10\/293260.jpg\",\"contentUrl\":\"https:\/\/velooutlets.com\/wp-content\/uploads\/2025\/10\/293260.jpg\",\"width\":864,\"height\":541},{\"@type\":\"BreadcrumbList\",\"@id\":\"https:\/\/velooutlets.com\/products\/scott-speedster-gravel-20\/#breadcrumb\",\"itemListElement\":[{\"@type\":\"ListItem\",\"position\":1,\"name\":\"Home\",\"item\":\"https:\/\/velooutlets.com\/\"},{\"@type\":\"ListItem\",\"position\":2,\"name\":\"Veikals\",\"item\":\"https:\/\/velooutlets.com\/shop\/\"},{\"@type\":\"ListItem\",\"position\":3,\"name\":\"Scott Speedster Gravel 20\"}]},{\"@type\":\"WebSite\",\"@id\":\"https:\/\/velooutlets.com\/en\/#website\",\"url\":\"https:\/\/velooutlets.com\/en\/\",\"name\":\"Velo Outlets\",\"description\":\"Velosip\u0113di visai \u0123imenei\",\"potentialAction\":[{\"@type\":\"SearchAction\",\"target\":{\"@type\":\"EntryPoint\",\"urlTemplate\":\"https:\/\/velooutlets.com\/en\/?s={search_term_string}\"},\"query-input\":{\"@type\":\"PropertyValueSpecification\",\"valueRequired\":true,\"valueName\":\"search_term_string\"}}],\"inLanguage\":\"et\"}]}<\/script>\n<!-- \/ Yoast SEO plugin. -->","yoast_head_json":{"title":"Scott Scale Gravel 20 \u2013 Augst\u0101k\u0101s kvalit\u0101tes risin\u0101jums izaicino\u0161iem braucieniem | Velo Outlets","description":"SCOTT velosip\u0113di Velo Outlets: Ieg\u0101d\u0101jies kalnu, gravel vai \u0161osejas velosip\u0113du ar augstu veiktsp\u0113ju un komfortu da\u017e\u0101d\u0101s brauk\u0161anas situ\u0101cij\u0101s.","robots":{"index":"index","follow":"follow","max-snippet":"max-snippet:-1","max-image-preview":"max-image-preview:large","max-video-preview":"max-video-preview:-1"},"canonical":"https:\/\/velooutlets.com\/et\/toode\/scott-speedster-gravel-20\/","og_locale":"et_EE","og_type":"article","og_title":"Scott Scale Gravel 20 \u2013 Augst\u0101k\u0101s kvalit\u0101tes risin\u0101jums izaicino\u0161iem braucieniem | Velo Outlets","og_description":"SCOTT velosip\u0113di Velo Outlets: Ieg\u0101d\u0101jies kalnu, gravel vai \u0161osejas velosip\u0113du ar augstu veiktsp\u0113ju un komfortu da\u017e\u0101d\u0101s brauk\u0161anas situ\u0101cij\u0101s.","og_url":"https:\/\/velooutlets.com\/et\/toode\/scott-speedster-gravel-20\/","og_site_name":"Velo Outlets","article_modified_time":"2026-04-19T12:33:29+00:00","og_image":[{"width":864,"height":541,"url":"https:\/\/velooutlets.com\/wp-content\/uploads\/2025\/10\/293260.jpg","type":"image\/jpeg"}],"twitter_card":"summary_large_image","twitter_misc":{"Est. reading time":"2 minutit"},"schema":{"@context":"https:\/\/schema.org","@graph":[{"@type":"WebPage","@id":"https:\/\/velooutlets.com\/products\/scott-speedster-gravel-20\/","url":"https:\/\/velooutlets.com\/products\/scott-speedster-gravel-20\/","name":"Scott Scale Gravel 20 \u2013 Augst\u0101k\u0101s kvalit\u0101tes risin\u0101jums izaicino\u0161iem braucieniem | Velo Outlets","isPartOf":{"@id":"https:\/\/velooutlets.com\/en\/#website"},"primaryImageOfPage":{"@id":"https:\/\/velooutlets.com\/products\/scott-speedster-gravel-20\/#primaryimage"},"image":{"@id":"https:\/\/velooutlets.com\/products\/scott-speedster-gravel-20\/#primaryimage"},"thumbnailUrl":"https:\/\/velooutlets.com\/wp-content\/uploads\/2025\/10\/293260.jpg","datePublished":"2025-10-03T11:43:44+00:00","dateModified":"2026-04-19T12:33:29+00:00","description":"SCOTT velosip\u0113di Velo Outlets: Ieg\u0101d\u0101jies kalnu, gravel vai \u0161osejas velosip\u0113du ar augstu veiktsp\u0113ju un komfortu da\u017e\u0101d\u0101s brauk\u0161anas situ\u0101cij\u0101s.","breadcrumb":{"@id":"https:\/\/velooutlets.com\/products\/scott-speedster-gravel-20\/#breadcrumb"},"inLanguage":"et","potentialAction":[{"@type":"ReadAction","target":["https:\/\/velooutlets.com\/products\/scott-speedster-gravel-20\/"]}]},{"@type":"ImageObject","inLanguage":"et","@id":"https:\/\/velooutlets.com\/products\/scott-speedster-gravel-20\/#primaryimage","url":"https:\/\/velooutlets.com\/wp-content\/uploads\/2025\/10\/293260.jpg","contentUrl":"https:\/\/velooutlets.com\/wp-content\/uploads\/2025\/10\/293260.jpg","width":864,"height":541},{"@type":"BreadcrumbList","@id":"https:\/\/velooutlets.com\/products\/scott-speedster-gravel-20\/#breadcrumb","itemListElement":[{"@type":"ListItem","position":1,"name":"Home","item":"https:\/\/velooutlets.com\/"},{"@type":"ListItem","position":2,"name":"Veikals","item":"https:\/\/velooutlets.com\/shop\/"},{"@type":"ListItem","position":3,"name":"Scott Speedster Gravel 20"}]},{"@type":"WebSite","@id":"https:\/\/velooutlets.com\/en\/#website","url":"https:\/\/velooutlets.com\/en\/","name":"Velo Outlets","description":"Jalgrattad kogu perele","potentialAction":[{"@type":"SearchAction","target":{"@type":"EntryPoint","urlTemplate":"https:\/\/velooutlets.com\/en\/?s={search_term_string}"},"query-input":{"@type":"PropertyValueSpecification","valueRequired":true,"valueName":"search_term_string"}}],"inLanguage":"et"}]}},"jetpack_sharing_enabled":true,"_links":{"self":[{"href":"https:\/\/velooutlets.com\/et\/wp-json\/wp\/v2\/product\/9681","targetHints":{"allow":["GET"]}}],"collection":[{"href":"https:\/\/velooutlets.com\/et\/wp-json\/wp\/v2\/product"}],"about":[{"href":"https:\/\/velooutlets.com\/et\/wp-json\/wp\/v2\/types\/product"}],"wp:featuredmedia":[{"embeddable":true,"href":"https:\/\/velooutlets.com\/et\/wp-json\/wp\/v2\/media\/10555"}],"wp:attachment":[{"href":"https:\/\/velooutlets.com\/et\/wp-json\/wp\/v2\/media?parent=9681"}],"wp:term":[{"taxonomy":"product_brand","embeddable":true,"href":"https:\/\/velooutlets.com\/et\/wp-json\/wp\/v2\/product_brand?post=9681"},{"taxonomy":"product_cat","embeddable":true,"href":"https:\/\/velooutlets.com\/et\/wp-json\/wp\/v2\/product_cat?post=9681"},{"taxonomy":"product_tag","embeddable":true,"href":"https:\/\/velooutlets.com\/et\/wp-json\/wp\/v2\/product_tag?post=9681"}],"curies":[{"name":"wp","href":"https:\/\/api.w.org\/{rel}","templated":true}]}}