{"id":12233,"date":"2025-10-21T14:14:51","date_gmt":"2025-10-21T11:14:51","guid":{"rendered":"https:\/\/staging.velooutlets.com\/?page_id=12233"},"modified":"2026-01-08T14:16:10","modified_gmt":"2026-01-08T12:16:10","slug":"lizings","status":"publish","type":"page","link":"https:\/\/velooutlets.com\/lt\/lizings\/","title":{"rendered":"Atsiskaitymas u\u017e prekes su Inbank"},"content":{"rendered":"<div data-elementor-type=\"wp-page\" data-elementor-id=\"12233\" class=\"elementor elementor-12233\">\n\t\t\t\t<div class=\"elementor-element elementor-element-b019162 e-flex e-con-boxed e-con e-parent\" data-id=\"b019162\" data-element_type=\"container\" data-e-type=\"container\">\n\t\t\t\t\t<div class=\"e-con-inner\">\n\t\t\t\t<div class=\"elementor-element elementor-element-0692a98 elementor-widget elementor-widget-text-editor\" data-id=\"0692a98\" data-element_type=\"widget\" data-e-type=\"widget\" data-widget_type=\"text-editor.default\">\n\t\t\t\t\t\t\t\t\t<h2 data-start=\"89\" data-end=\"108\"><strong data-start=\"91\" data-end=\"108\">Apmok\u0117jimas u\u017e prekes<\/strong><\/h2><p data-start=\"164\" data-end=\"399\">Pirkimas i\u0161simok\u0117tinai yra patogus sprendimas, jei norite i\u0161 karto gauti dvirat\u012f ar \u012frang\u0105 ir mok\u0117ti palaipsniui. Bendradarbiaujant su <strong data-start=\"286\" data-end=\"296\">Inbank<\/strong> Si\u016blome galimyb\u0119 didesnes i\u0161laidas paversti patogiais m\u0117nesiniais mok\u0117jimais, kad nereik\u0117t\u0173 atid\u0117lioti pirkimo.<\/p><h4 data-start=\"401\" data-end=\"438\"><strong data-start=\"405\" data-end=\"438\">Kaip galiu pirkti prekes i\u0161simok\u0117tinai?<\/strong><\/h4><p data-start=\"439\" data-end=\"616\">Pirkimo metu galite sumok\u0117ti internetu. Jums tereikia pasirinkti <em data-start=\"514\" data-end=\"530\">Banko ind\u0117lis<\/em>, u\u017epildykite parai\u0161k\u0105 ir patvirtinkite sutart\u012f. Procesas yra greitas, paprastas ir nesud\u0117tingas.<\/p><p data-start=\"439\" data-end=\"616\"><img fetchpriority=\"high\" decoding=\"async\" class=\"aligncenter\" src=\"https:\/\/cdn.shopify.com\/s\/files\/1\/0759\/1451\/0603\/files\/Inbank_HP_icon_flow_LV_1_light_lavander_1024x1024.png?v=1733473940\" alt=\"\" width=\"556\" height=\"246\" \/><\/p><h4 data-start=\"618\" data-end=\"645\"><strong data-start=\"622\" data-end=\"645\">Mok\u0117jimo s\u0105lygos<\/strong><\/h4><ul><li data-start=\"648\" data-end=\"674\">Galutinis terminas: <strong data-start=\"657\" data-end=\"672\">3-72 m\u0117nesiai<\/strong><\/li><li data-start=\"677\" data-end=\"709\">Pirkimo suma: <strong data-start=\"692\" data-end=\"707\">75-10 000 \u20ac<\/strong><\/li><li data-start=\"712\" data-end=\"749\">I\u0161ankstinis gr\u0105\u017einimas <strong data-start=\"733\" data-end=\"747\">nemokamai<\/strong><\/li><li data-start=\"752\" data-end=\"778\">Am\u017eius: <strong data-start=\"760\" data-end=\"776\">nuo 19 met\u0173<\/strong><\/li><li data-start=\"781\" data-end=\"832\">M\u0117nesio pajamos: ne ma\u017eiau kaip <strong data-start=\"807\" data-end=\"816\">350 \u20ac<\/strong> po mokes\u010di\u0173<\/li><li data-start=\"835\" data-end=\"876\">Reikalinga <strong data-start=\"848\" data-end=\"874\">teigiama kredito istorija.<\/strong><\/li><li data-start=\"879\" data-end=\"945\">Riba nustatoma atsi\u017evelgiant \u012f pajamas ir turimus \u012fsipareigojimus.<\/li><li data-start=\"948\" data-end=\"996\">Pirkiniams, vir\u0161ijantiems <strong data-start=\"963\" data-end=\"973\">1400 \u20ac<\/strong>: pradin\u0117 \u012fmoka <strong data-start=\"989\" data-end=\"996\">10%<\/strong><\/li><\/ul><h4 data-start=\"998\" data-end=\"1025\"><strong data-start=\"1002\" data-end=\"1025\">Bendradarbiavimas su \"Inbank<\/strong><\/h4><p data-start=\"1026\" data-end=\"1183\">Mok\u0117jimo paslaug\u0105 teikia <strong data-start=\"1057\" data-end=\"1080\">Inbank Latvija SIA\u201c<\/strong><br data-start=\"1080\" data-end=\"1083\" \/>Reg. Nr.: 40103821436<br data-start=\"1104\" data-end=\"1107\" \/>Telefonas +371 66 939 000<br data-start=\"1132\" data-end=\"1135\" \/>El. pa\u0161tas: <a class=\"decorated-link cursor-pointer\" rel=\"noopener\" data-start=\"1144\" data-end=\"1158\">info@inbank.lv<\/a><br data-start=\"1158\" data-end=\"1161\" \/>Interneto svetain\u0117: inbank.lv<\/p>\t\t\t\t\t\t\t\t<\/div>\n\t\t\t\t\t<\/div>\n\t\t\t\t<\/div>\n\t\t\t\t<\/div>","protected":false},"excerpt":{"rendered":"<p>Pre\u010du nomaksa Pre\u010du nomaksa ir \u0113rts risin\u0101jums, ja velosip\u0113du vai apr\u012bkojumu v\u0113lies sa\u0146emt uzreiz, bet maks\u0101t pak\u0101peniski. Sadarb\u012bb\u0101 ar Inbank pied\u0101v\u0101jam iesp\u0113ju liel\u0101kus izdevumus p\u0101rv\u0113rst \u0113rtos ikm\u0113ne\u0161a maks\u0101jumos, lai pirkumu neb\u016btu j\u0101atliek. K\u0101 ieg\u0101d\u0101ties preces nomaks\u0101? Nomaksu var noform\u0113t tie\u0161saist\u0113 pirkuma veik\u0161anas laik\u0101. Atliek izv\u0113l\u0113ties Inbank nomaksa, aizpild\u012bt pieteikumu un apstiprin\u0101t l\u012bgumu. Process ir \u0101trs, [&hellip;]<\/p>\n","protected":false},"author":3,"featured_media":0,"parent":0,"menu_order":0,"comment_status":"closed","ping_status":"closed","template":"","meta":{"_monsterinsights_skip_tracking":false,"_monsterinsights_sitenote_active":false,"_monsterinsights_sitenote_note":"","_monsterinsights_sitenote_category":0,"footnotes":""},"class_list":["post-12233","page","type-page","status-publish","hentry"],"yoast_head":"<!-- This site is optimized with the Yoast SEO plugin v27.2 - https:\/\/yoast.com\/product\/yoast-seo-wordpress\/ -->\n<title>Pre\u010du nomaksa ar Inbank - Velo Outlets<\/title>\n<meta name=\"robots\" content=\"index, follow, max-snippet:-1, max-image-preview:large, max-video-preview:-1\" \/>\n<link rel=\"canonical\" href=\"https:\/\/velooutlets.com\/lt\/lizings\/\" \/>\n<meta property=\"og:locale\" content=\"lt_LT\" \/>\n<meta property=\"og:type\" content=\"article\" \/>\n<meta property=\"og:title\" content=\"Pre\u010du nomaksa ar Inbank - Velo Outlets\" \/>\n<meta property=\"og:description\" content=\"Pre\u010du nomaksa Pre\u010du nomaksa ir \u0113rts risin\u0101jums, ja velosip\u0113du vai apr\u012bkojumu v\u0113lies sa\u0146emt uzreiz, bet maks\u0101t pak\u0101peniski. Sadarb\u012bb\u0101 ar Inbank pied\u0101v\u0101jam iesp\u0113ju liel\u0101kus izdevumus p\u0101rv\u0113rst \u0113rtos ikm\u0113ne\u0161a maks\u0101jumos, lai pirkumu neb\u016btu j\u0101atliek. K\u0101 ieg\u0101d\u0101ties preces nomaks\u0101? Nomaksu var noform\u0113t tie\u0161saist\u0113 pirkuma veik\u0161anas laik\u0101. Atliek izv\u0113l\u0113ties Inbank nomaksa, aizpild\u012bt pieteikumu un apstiprin\u0101t l\u012bgumu. Process ir \u0101trs, [&hellip;]\" \/>\n<meta property=\"og:url\" content=\"https:\/\/velooutlets.com\/lt\/lizings\/\" \/>\n<meta property=\"og:site_name\" content=\"Velo Outlets\" \/>\n<meta property=\"article:modified_time\" content=\"2026-01-08T12:16:10+00:00\" \/>\n<meta property=\"og:image\" content=\"https:\/\/cdn.shopify.com\/s\/files\/1\/0759\/1451\/0603\/files\/Inbank_HP_icon_flow_LV_1_light_lavander_1024x1024.png?v=1733473940\" \/>\n<meta name=\"twitter:card\" content=\"summary_large_image\" \/>\n<meta name=\"twitter:label1\" content=\"Est. reading time\" \/>\n\t<meta name=\"twitter:data1\" content=\"1 minut\u0117\" \/>\n<script type=\"application\/ld+json\" class=\"yoast-schema-graph\">{\"@context\":\"https:\/\/schema.org\",\"@graph\":[{\"@type\":\"WebPage\",\"@id\":\"https:\/\/velooutlets.com\/lizings\/\",\"url\":\"https:\/\/velooutlets.com\/lizings\/\",\"name\":\"Pre\u010du nomaksa ar Inbank - Velo Outlets\",\"isPartOf\":{\"@id\":\"https:\/\/velooutlets.com\/en\/#website\"},\"primaryImageOfPage\":{\"@id\":\"https:\/\/velooutlets.com\/lizings\/#primaryimage\"},\"image\":{\"@id\":\"https:\/\/velooutlets.com\/lizings\/#primaryimage\"},\"thumbnailUrl\":\"https:\/\/cdn.shopify.com\/s\/files\/1\/0759\/1451\/0603\/files\/Inbank_HP_icon_flow_LV_1_light_lavander_1024x1024.png?v=1733473940\",\"datePublished\":\"2025-10-21T11:14:51+00:00\",\"dateModified\":\"2026-01-08T12:16:10+00:00\",\"breadcrumb\":{\"@id\":\"https:\/\/velooutlets.com\/lizings\/#breadcrumb\"},\"inLanguage\":\"lt-LT\",\"potentialAction\":[{\"@type\":\"ReadAction\",\"target\":[\"https:\/\/velooutlets.com\/lizings\/\"]}]},{\"@type\":\"ImageObject\",\"inLanguage\":\"lt-LT\",\"@id\":\"https:\/\/velooutlets.com\/lizings\/#primaryimage\",\"url\":\"https:\/\/cdn.shopify.com\/s\/files\/1\/0759\/1451\/0603\/files\/Inbank_HP_icon_flow_LV_1_light_lavander_1024x1024.png?v=1733473940\",\"contentUrl\":\"https:\/\/cdn.shopify.com\/s\/files\/1\/0759\/1451\/0603\/files\/Inbank_HP_icon_flow_LV_1_light_lavander_1024x1024.png?v=1733473940\"},{\"@type\":\"BreadcrumbList\",\"@id\":\"https:\/\/velooutlets.com\/lizings\/#breadcrumb\",\"itemListElement\":[{\"@type\":\"ListItem\",\"position\":1,\"name\":\"Home\",\"item\":\"https:\/\/velooutlets.com\/\"},{\"@type\":\"ListItem\",\"position\":2,\"name\":\"Pre\u010du nomaksa ar Inbank\"}]},{\"@type\":\"WebSite\",\"@id\":\"https:\/\/velooutlets.com\/en\/#website\",\"url\":\"https:\/\/velooutlets.com\/en\/\",\"name\":\"Velo Outlets\",\"description\":\"Velosip\u0113di visai \u0123imenei\",\"potentialAction\":[{\"@type\":\"SearchAction\",\"target\":{\"@type\":\"EntryPoint\",\"urlTemplate\":\"https:\/\/velooutlets.com\/en\/?s={search_term_string}\"},\"query-input\":{\"@type\":\"PropertyValueSpecification\",\"valueRequired\":true,\"valueName\":\"search_term_string\"}}],\"inLanguage\":\"lt-LT\"}]}<\/script>\n<!-- \/ Yoast SEO plugin. -->","yoast_head_json":{"title":"Pre\u010du nomaksa ar Inbank - Velo Outlets","robots":{"index":"index","follow":"follow","max-snippet":"max-snippet:-1","max-image-preview":"max-image-preview:large","max-video-preview":"max-video-preview:-1"},"canonical":"https:\/\/velooutlets.com\/lt\/lizings\/","og_locale":"lt_LT","og_type":"article","og_title":"Pre\u010du nomaksa ar Inbank - Velo Outlets","og_description":"Pre\u010du nomaksa Pre\u010du nomaksa ir \u0113rts risin\u0101jums, ja velosip\u0113du vai apr\u012bkojumu v\u0113lies sa\u0146emt uzreiz, bet maks\u0101t pak\u0101peniski. Sadarb\u012bb\u0101 ar Inbank pied\u0101v\u0101jam iesp\u0113ju liel\u0101kus izdevumus p\u0101rv\u0113rst \u0113rtos ikm\u0113ne\u0161a maks\u0101jumos, lai pirkumu neb\u016btu j\u0101atliek. K\u0101 ieg\u0101d\u0101ties preces nomaks\u0101? Nomaksu var noform\u0113t tie\u0161saist\u0113 pirkuma veik\u0161anas laik\u0101. Atliek izv\u0113l\u0113ties Inbank nomaksa, aizpild\u012bt pieteikumu un apstiprin\u0101t l\u012bgumu. Process ir \u0101trs, [&hellip;]","og_url":"https:\/\/velooutlets.com\/lt\/lizings\/","og_site_name":"Velo Outlets","article_modified_time":"2026-01-08T12:16:10+00:00","og_image":[{"url":"https:\/\/cdn.shopify.com\/s\/files\/1\/0759\/1451\/0603\/files\/Inbank_HP_icon_flow_LV_1_light_lavander_1024x1024.png?v=1733473940","type":"","width":"","height":""}],"twitter_card":"summary_large_image","twitter_misc":{"Est. reading time":"1 minut\u0117"},"schema":{"@context":"https:\/\/schema.org","@graph":[{"@type":"WebPage","@id":"https:\/\/velooutlets.com\/lizings\/","url":"https:\/\/velooutlets.com\/lizings\/","name":"Pre\u010du nomaksa ar Inbank - Velo Outlets","isPartOf":{"@id":"https:\/\/velooutlets.com\/en\/#website"},"primaryImageOfPage":{"@id":"https:\/\/velooutlets.com\/lizings\/#primaryimage"},"image":{"@id":"https:\/\/velooutlets.com\/lizings\/#primaryimage"},"thumbnailUrl":"https:\/\/cdn.shopify.com\/s\/files\/1\/0759\/1451\/0603\/files\/Inbank_HP_icon_flow_LV_1_light_lavander_1024x1024.png?v=1733473940","datePublished":"2025-10-21T11:14:51+00:00","dateModified":"2026-01-08T12:16:10+00:00","breadcrumb":{"@id":"https:\/\/velooutlets.com\/lizings\/#breadcrumb"},"inLanguage":"lt-LT","potentialAction":[{"@type":"ReadAction","target":["https:\/\/velooutlets.com\/lizings\/"]}]},{"@type":"ImageObject","inLanguage":"lt-LT","@id":"https:\/\/velooutlets.com\/lizings\/#primaryimage","url":"https:\/\/cdn.shopify.com\/s\/files\/1\/0759\/1451\/0603\/files\/Inbank_HP_icon_flow_LV_1_light_lavander_1024x1024.png?v=1733473940","contentUrl":"https:\/\/cdn.shopify.com\/s\/files\/1\/0759\/1451\/0603\/files\/Inbank_HP_icon_flow_LV_1_light_lavander_1024x1024.png?v=1733473940"},{"@type":"BreadcrumbList","@id":"https:\/\/velooutlets.com\/lizings\/#breadcrumb","itemListElement":[{"@type":"ListItem","position":1,"name":"Home","item":"https:\/\/velooutlets.com\/"},{"@type":"ListItem","position":2,"name":"Pre\u010du nomaksa ar Inbank"}]},{"@type":"WebSite","@id":"https:\/\/velooutlets.com\/en\/#website","url":"https:\/\/velooutlets.com\/en\/","name":"\"Velo Outlets","description":"Dvira\u010diai visai \u0161eimai","potentialAction":[{"@type":"SearchAction","target":{"@type":"EntryPoint","urlTemplate":"https:\/\/velooutlets.com\/en\/?s={search_term_string}"},"query-input":{"@type":"PropertyValueSpecification","valueRequired":true,"valueName":"search_term_string"}}],"inLanguage":"lt-LT"}]}},"jetpack_sharing_enabled":true,"_links":{"self":[{"href":"https:\/\/velooutlets.com\/lt\/wp-json\/wp\/v2\/pages\/12233","targetHints":{"allow":["GET"]}}],"collection":[{"href":"https:\/\/velooutlets.com\/lt\/wp-json\/wp\/v2\/pages"}],"about":[{"href":"https:\/\/velooutlets.com\/lt\/wp-json\/wp\/v2\/types\/page"}],"author":[{"embeddable":true,"href":"https:\/\/velooutlets.com\/lt\/wp-json\/wp\/v2\/users\/3"}],"replies":[{"embeddable":true,"href":"https:\/\/velooutlets.com\/lt\/wp-json\/wp\/v2\/comments?post=12233"}],"version-history":[{"count":11,"href":"https:\/\/velooutlets.com\/lt\/wp-json\/wp\/v2\/pages\/12233\/revisions"}],"predecessor-version":[{"id":14739,"href":"https:\/\/velooutlets.com\/lt\/wp-json\/wp\/v2\/pages\/12233\/revisions\/14739"}],"wp:attachment":[{"href":"https:\/\/velooutlets.com\/lt\/wp-json\/wp\/v2\/media?parent=12233"}],"curies":[{"name":"wp","href":"https:\/\/api.w.org\/{rel}","templated":true}]}}