{"id":12243,"date":"2025-10-21T14:15:30","date_gmt":"2025-10-21T11:15:30","guid":{"rendered":"https:\/\/staging.velooutlets.com\/?page_id=12243"},"modified":"2025-11-20T18:21:19","modified_gmt":"2025-11-20T16:21:19","slug":"davanu-kartes-noteikumi","status":"publish","type":"page","link":"https:\/\/velooutlets.com\/lt\/davanu-kartes-noteikumi\/","title":{"rendered":"Dovan\u0173 kortel\u0117s s\u0105lygos"},"content":{"rendered":"<h2 class=\"wp-block-heading\">Dovan\u0173 kortel\u0117s s\u0105lygos<\/h2>\n\n\n\n<h4 class=\"wp-block-heading\"><strong>1. Bendra informacija<\/strong><\/h4>\n\n\n\n<p>1.1 Dovan\u0173 kortel\u0117 i\u0161duodama <strong>\"Velo Outlets<\/strong> (toliau - Bendrov\u0117).<br>1.2. Dovan\u0173 kortel\u0117 - mok\u0117jimo priemon\u0117, skirta atsiskaityti tik Bendrov\u0117s internetin\u0117je parduotuv\u0117je. <strong>velooutlets.com<\/strong>.<br>1.3 Dovan\u0173 kortel\u0117 n\u0117ra grynieji pinigai ir negali b\u016bti i\u0161keista \u012f grynuosius pinigus ar pervesta \u012f banko s\u0105skait\u0105.<\/p>\n\n\n\n<h4 class=\"wp-block-heading\"><strong>2. Dovan\u0173 kupono \u012fsigijimas ir panaudojimas<\/strong><\/h4>\n\n\n\n<p>2.1 Dovan\u0173 kupon\u0105 galite \u012fsigyti internetu, pasirink\u0119 pageidaujam\u0105 sum\u0105.<br>2.2 Kiekvienoje dovan\u0173 kortel\u0117je yra unikalus kodas, kur\u012f reikia \u012fvesti pirkimo metu.<br>2.3. Dovan\u0173 kortel\u0119 galima naudoti daugkartiniams pirkimams, jei jos likutis nevir\u0161ija 0 EUR.<br>2.4 Jei pirkimo suma vir\u0161ija dovan\u0173 kortel\u0117s likut\u012f, skirtum\u0105 galima sumok\u0117ti bet kuriuo kitu galimu mok\u0117jimo b\u016bdu.<\/p>\n\n\n\n<h4 class=\"wp-block-heading\"><strong>3. Galiojimo laikotarpis<\/strong><\/h4>\n\n\n\n<p>3.1 Dovan\u0173 kortel\u0117 galioja<strong> 12 m\u0117nesi\u0173 <\/strong>nuo \u012fsigijimo datos.<br>3.2 Pasibaigus galiojimo laikui, dovan\u0173 kortel\u0117 tampa negaliojanti, o likutis negr\u0105\u017einamas.<\/p>\n\n\n\n<h4 class=\"wp-block-heading\"><strong>4. Gr\u0105\u017einimas ir keitimas<\/strong><\/h4>\n\n\n\n<p>4.1 \u012esigyta Dovan\u0173 kortel\u0117 negr\u0105\u017einama - pinigai u\u017e j\u0105 negr\u0105\u017einami.<br>4.2 Jei u\u017e pirkin\u012f buvo i\u0161 dalies sumok\u0117ta dovan\u0173 kortele ir i\u0161 dalies kitu mok\u0117jimo b\u016bdu, gr\u0105\u017einama suma bus padalinta pagal pradin\u0119 mok\u0117jim\u0173 proporcij\u0105.<\/p>\n\n\n\n<h4 class=\"wp-block-heading\"><strong>5. Elektronini\u0173 dovan\u0173 korteli\u0173 pristatymas<\/strong><\/h4>\n\n\n\n<p>5.1 Skaitmeniniai dovan\u0173 kuponai siun\u010diami pirk\u0117jo nurodytu el. pa\u0161to adresu po to, kai patvirtinamas mok\u0117jimas.<br>5.2 Bendrov\u0117 neatsako u\u017e neteisingai nurodyt\u0105 el. pa\u0161to adres\u0105. Jei reikia, kreipkit\u0117s \u012f klient\u0173 aptarnavimo skyri\u0173.<\/p>\n\n\n\n<h4 class=\"wp-block-heading\"><strong>6. Praradimas ar sugadinimas<\/strong><\/h4>\n\n\n\n<p>6.1 Pamestos arba pavogtos dovan\u0173 kortel\u0117s nebus pakeistos.<br>6.2 Jei Klientas leid\u017eia kitam asmeniui pasinaudoti savo Dovan\u0173 kortel\u0117s kodu, Bendrov\u0117 u\u017e tai neatsako.<\/p>\n\n\n\n<h4 class=\"wp-block-heading\"><strong>7. Kitos nuostatos<\/strong><\/h4>\n\n\n\n<p>7.1 Bendrov\u0117 pasilieka teis\u0119 keisti Dovan\u0173 korteli\u0173 taisykles ir s\u0105lygas, apie tai i\u0161 anksto prane\u0161dama savo interneto svetain\u0117je.<br>7.2 Naudojimasis Dovan\u0173 kortele rei\u0161kia, kad Pirk\u0117jas sutinka su \u0161iomis Taisykl\u0117mis ir s\u0105lygomis.<\/p>","protected":false},"excerpt":{"rendered":"<p>D\u0101vanu kartes noteikumi 1. Visp\u0101r\u0113j\u0101 inform\u0101cija 1.1. D\u0101vanu karti izdod Velo Outlets (turpm\u0101k \u2013 Uz\u0146\u0113mums).1.2. D\u0101vanu karte ir maks\u0101\u0161anas l\u012bdzeklis, kas paredz\u0113ts nor\u0113\u0137iniem tikai Uz\u0146\u0113muma interneta veikal\u0101 velooutlets.com.1.3. D\u0101vanu karte nav nomin\u0101lv\u0113rt\u012bbas \u201cnauda\u201d un to nevar konvert\u0113t skaidr\u0101 naud\u0101 vai p\u0101rskait\u012bt uz bankas kontu. 2. D\u0101vanu kartes ieg\u0101de un izmanto\u0161ana 2.1. D\u0101vanu karti var ieg\u0101d\u0101ties [&hellip;]<\/p>\n","protected":false},"author":3,"featured_media":0,"parent":0,"menu_order":0,"comment_status":"closed","ping_status":"closed","template":"","meta":{"_monsterinsights_skip_tracking":false,"_monsterinsights_sitenote_active":false,"_monsterinsights_sitenote_note":"","_monsterinsights_sitenote_category":0,"footnotes":""},"class_list":["post-12243","page","type-page","status-publish","hentry"],"yoast_head":"<!-- This site is optimized with the Yoast SEO plugin v27.2 - https:\/\/yoast.com\/product\/yoast-seo-wordpress\/ -->\n<title>D\u0101vanu kartes noteikumi - Velo Outlets<\/title>\n<meta name=\"robots\" content=\"index, follow, max-snippet:-1, max-image-preview:large, max-video-preview:-1\" \/>\n<link rel=\"canonical\" href=\"https:\/\/velooutlets.com\/lt\/davanu-kartes-noteikumi\/\" \/>\n<meta property=\"og:locale\" content=\"lt_LT\" \/>\n<meta property=\"og:type\" content=\"article\" \/>\n<meta property=\"og:title\" content=\"D\u0101vanu kartes noteikumi - Velo Outlets\" \/>\n<meta property=\"og:description\" content=\"D\u0101vanu kartes noteikumi 1. Visp\u0101r\u0113j\u0101 inform\u0101cija 1.1. D\u0101vanu karti izdod Velo Outlets (turpm\u0101k \u2013 Uz\u0146\u0113mums).1.2. D\u0101vanu karte ir maks\u0101\u0161anas l\u012bdzeklis, kas paredz\u0113ts nor\u0113\u0137iniem tikai Uz\u0146\u0113muma interneta veikal\u0101 velooutlets.com.1.3. D\u0101vanu karte nav nomin\u0101lv\u0113rt\u012bbas \u201cnauda\u201d un to nevar konvert\u0113t skaidr\u0101 naud\u0101 vai p\u0101rskait\u012bt uz bankas kontu. 2. D\u0101vanu kartes ieg\u0101de un izmanto\u0161ana 2.1. D\u0101vanu karti var ieg\u0101d\u0101ties [&hellip;]\" \/>\n<meta property=\"og:url\" content=\"https:\/\/velooutlets.com\/lt\/davanu-kartes-noteikumi\/\" \/>\n<meta property=\"og:site_name\" content=\"Velo Outlets\" \/>\n<meta property=\"article:modified_time\" content=\"2025-11-20T16:21:19+00:00\" \/>\n<meta name=\"twitter:card\" content=\"summary_large_image\" \/>\n<meta name=\"twitter:label1\" content=\"Est. reading time\" \/>\n\t<meta name=\"twitter:data1\" content=\"2 minut\u0117s\" \/>\n<script type=\"application\/ld+json\" class=\"yoast-schema-graph\">{\"@context\":\"https:\/\/schema.org\",\"@graph\":[{\"@type\":\"WebPage\",\"@id\":\"https:\/\/velooutlets.com\/davanu-kartes-noteikumi\/\",\"url\":\"https:\/\/velooutlets.com\/davanu-kartes-noteikumi\/\",\"name\":\"D\u0101vanu kartes noteikumi - Velo Outlets\",\"isPartOf\":{\"@id\":\"https:\/\/velooutlets.com\/en\/#website\"},\"datePublished\":\"2025-10-21T11:15:30+00:00\",\"dateModified\":\"2025-11-20T16:21:19+00:00\",\"breadcrumb\":{\"@id\":\"https:\/\/velooutlets.com\/davanu-kartes-noteikumi\/#breadcrumb\"},\"inLanguage\":\"lt-LT\",\"potentialAction\":[{\"@type\":\"ReadAction\",\"target\":[\"https:\/\/velooutlets.com\/davanu-kartes-noteikumi\/\"]}]},{\"@type\":\"BreadcrumbList\",\"@id\":\"https:\/\/velooutlets.com\/davanu-kartes-noteikumi\/#breadcrumb\",\"itemListElement\":[{\"@type\":\"ListItem\",\"position\":1,\"name\":\"Home\",\"item\":\"https:\/\/velooutlets.com\/\"},{\"@type\":\"ListItem\",\"position\":2,\"name\":\"D\u0101vanu kartes noteikumi\"}]},{\"@type\":\"WebSite\",\"@id\":\"https:\/\/velooutlets.com\/en\/#website\",\"url\":\"https:\/\/velooutlets.com\/en\/\",\"name\":\"Velo Outlets\",\"description\":\"Velosip\u0113di visai \u0123imenei\",\"potentialAction\":[{\"@type\":\"SearchAction\",\"target\":{\"@type\":\"EntryPoint\",\"urlTemplate\":\"https:\/\/velooutlets.com\/en\/?s={search_term_string}\"},\"query-input\":{\"@type\":\"PropertyValueSpecification\",\"valueRequired\":true,\"valueName\":\"search_term_string\"}}],\"inLanguage\":\"lt-LT\"}]}<\/script>\n<!-- \/ Yoast SEO plugin. -->","yoast_head_json":{"title":"D\u0101vanu kartes noteikumi - Velo Outlets","robots":{"index":"index","follow":"follow","max-snippet":"max-snippet:-1","max-image-preview":"max-image-preview:large","max-video-preview":"max-video-preview:-1"},"canonical":"https:\/\/velooutlets.com\/lt\/davanu-kartes-noteikumi\/","og_locale":"lt_LT","og_type":"article","og_title":"D\u0101vanu kartes noteikumi - Velo Outlets","og_description":"D\u0101vanu kartes noteikumi 1. Visp\u0101r\u0113j\u0101 inform\u0101cija 1.1. D\u0101vanu karti izdod Velo Outlets (turpm\u0101k \u2013 Uz\u0146\u0113mums).1.2. D\u0101vanu karte ir maks\u0101\u0161anas l\u012bdzeklis, kas paredz\u0113ts nor\u0113\u0137iniem tikai Uz\u0146\u0113muma interneta veikal\u0101 velooutlets.com.1.3. D\u0101vanu karte nav nomin\u0101lv\u0113rt\u012bbas \u201cnauda\u201d un to nevar konvert\u0113t skaidr\u0101 naud\u0101 vai p\u0101rskait\u012bt uz bankas kontu. 2. D\u0101vanu kartes ieg\u0101de un izmanto\u0161ana 2.1. D\u0101vanu karti var ieg\u0101d\u0101ties [&hellip;]","og_url":"https:\/\/velooutlets.com\/lt\/davanu-kartes-noteikumi\/","og_site_name":"Velo Outlets","article_modified_time":"2025-11-20T16:21:19+00:00","twitter_card":"summary_large_image","twitter_misc":{"Est. reading time":"2 minut\u0117s"},"schema":{"@context":"https:\/\/schema.org","@graph":[{"@type":"WebPage","@id":"https:\/\/velooutlets.com\/davanu-kartes-noteikumi\/","url":"https:\/\/velooutlets.com\/davanu-kartes-noteikumi\/","name":"D\u0101vanu kartes noteikumi - Velo Outlets","isPartOf":{"@id":"https:\/\/velooutlets.com\/en\/#website"},"datePublished":"2025-10-21T11:15:30+00:00","dateModified":"2025-11-20T16:21:19+00:00","breadcrumb":{"@id":"https:\/\/velooutlets.com\/davanu-kartes-noteikumi\/#breadcrumb"},"inLanguage":"lt-LT","potentialAction":[{"@type":"ReadAction","target":["https:\/\/velooutlets.com\/davanu-kartes-noteikumi\/"]}]},{"@type":"BreadcrumbList","@id":"https:\/\/velooutlets.com\/davanu-kartes-noteikumi\/#breadcrumb","itemListElement":[{"@type":"ListItem","position":1,"name":"Home","item":"https:\/\/velooutlets.com\/"},{"@type":"ListItem","position":2,"name":"D\u0101vanu kartes noteikumi"}]},{"@type":"WebSite","@id":"https:\/\/velooutlets.com\/en\/#website","url":"https:\/\/velooutlets.com\/en\/","name":"\"Velo Outlets","description":"Dvira\u010diai visai \u0161eimai","potentialAction":[{"@type":"SearchAction","target":{"@type":"EntryPoint","urlTemplate":"https:\/\/velooutlets.com\/en\/?s={search_term_string}"},"query-input":{"@type":"PropertyValueSpecification","valueRequired":true,"valueName":"search_term_string"}}],"inLanguage":"lt-LT"}]}},"jetpack_sharing_enabled":true,"_links":{"self":[{"href":"https:\/\/velooutlets.com\/lt\/wp-json\/wp\/v2\/pages\/12243","targetHints":{"allow":["GET"]}}],"collection":[{"href":"https:\/\/velooutlets.com\/lt\/wp-json\/wp\/v2\/pages"}],"about":[{"href":"https:\/\/velooutlets.com\/lt\/wp-json\/wp\/v2\/types\/page"}],"author":[{"embeddable":true,"href":"https:\/\/velooutlets.com\/lt\/wp-json\/wp\/v2\/users\/3"}],"replies":[{"embeddable":true,"href":"https:\/\/velooutlets.com\/lt\/wp-json\/wp\/v2\/comments?post=12243"}],"version-history":[{"count":4,"href":"https:\/\/velooutlets.com\/lt\/wp-json\/wp\/v2\/pages\/12243\/revisions"}],"predecessor-version":[{"id":12861,"href":"https:\/\/velooutlets.com\/lt\/wp-json\/wp\/v2\/pages\/12243\/revisions\/12861"}],"wp:attachment":[{"href":"https:\/\/velooutlets.com\/lt\/wp-json\/wp\/v2\/media?parent=12243"}],"curies":[{"name":"wp","href":"https:\/\/api.w.org\/{rel}","templated":true}]}}