{"id":12512,"date":"2025-10-27T16:24:05","date_gmt":"2025-10-27T14:24:05","guid":{"rendered":"https:\/\/staging.velooutlets.com\/?page_id=12512"},"modified":"2026-02-13T17:03:37","modified_gmt":"2026-02-13T15:03:37","slug":"piegade","status":"publish","type":"page","link":"https:\/\/velooutlets.com\/lt\/piegade\/","title":{"rendered":"Garantija"},"content":{"rendered":"<div data-elementor-type=\"wp-page\" data-elementor-id=\"12512\" class=\"elementor elementor-12512\">\n\t\t\t\t<div class=\"elementor-element elementor-element-e97da00 e-flex e-con-boxed e-con e-parent\" data-id=\"e97da00\" data-element_type=\"container\" data-e-type=\"container\">\n\t\t\t\t\t<div class=\"e-con-inner\">\n\t\t\t\t<div class=\"elementor-element elementor-element-fed037a elementor-widget elementor-widget-heading\" data-id=\"fed037a\" data-element_type=\"widget\" data-e-type=\"widget\" data-widget_type=\"heading.default\">\n\t\t\t\t\t<h2 class=\"elementor-heading-title elementor-size-default\">Garantija<\/h2>\t\t\t\t<\/div>\n\t\t\t\t\t<\/div>\n\t\t\t\t<\/div>\n\t\t<div class=\"elementor-element elementor-element-a9de50f e-flex e-con-boxed e-con e-parent\" data-id=\"a9de50f\" data-element_type=\"container\" data-e-type=\"container\">\n\t\t\t\t\t<div class=\"e-con-inner\">\n\t\t\t\t<div class=\"elementor-element elementor-element-3db961e elementor-widget elementor-widget-text-editor\" data-id=\"3db961e\" data-element_type=\"widget\" data-e-type=\"widget\" data-widget_type=\"text-editor.default\">\n\t\t\t\t\t\t\t\t\t<p><strong>\u201eVelo Outlets\u201d<\/strong>&nbsp;ir&nbsp;<strong><a title=\"\" href=\"https:\/\/velooutlets.com\/lt\/\">www.velooutlets.com<\/a><\/strong>&nbsp;si\u016blomas prekes:<\/p>\n<ul>\n<li>Naujiems dvira\u010diams:&nbsp;<strong>2 met\u0173 garantija<\/strong><\/li>\n<li>Naudoti dvira\u010diai:&nbsp;<strong>6 m\u0117nesi\u0173 garantija<\/strong><\/li>\n<\/ul>\n<ul class=\"wp-block-list\">\n<li style=\"list-style-type: none;\">&nbsp;<strong style=\"letter-spacing: 0.4px;\">Garantija galioja<\/strong><span style=\"letter-spacing: 0.4px;\">&nbsp;pateikus galiojan\u010di\u0105 garantin\u0119 kortel\u0119 ir apima gamybos defektus.<\/span><\/li><\/ul>\n<p>Garantinis remontas atliekamas nemokamai, jei nustatomas gamybos defektas. Bet kurios kitos kategorijos defekt\u0173 atveju remonto i\u0161laidas apmoka pirk\u0117jas.<\/p>\n<p><strong>Svarbu:<\/strong><\/p>\n<ul class=\"wp-block-list\">\n<li>Mechaniniams pa\u017eeidimams (pradurtoms padangoms, nusid\u0117v\u0117jusiems stabd\u017eiams, \u012fbr\u0117\u017eimams ir pan.) garantija netaikoma.<\/li>\n<li>Garantija netaikoma dizaino elementams ir priedams (lipdukams, baga\u017eo laikikliams, krep\u0161iams ir kt.).<\/li>\n<li>Garantija negalioja, jei dalys buvo savavali\u0161kai pa\u0161alintos arba remontas nebuvo pa\u017eym\u0117tas garantiniame lapelyje.<\/li>\n<li>Gaisro, potvyni\u0173, \u017eem\u0117s dreb\u0117jim\u0173 ar kit\u0173 stichini\u0173 nelaimi\u0173 padaryta \u017eala nedengiama.<\/li>\n<\/ul>\n<p><strong>Naudojimo instrukcijos:<\/strong><\/p>\n<ul class=\"wp-block-list\">\n<li>Reguliari dvira\u010dio technin\u0117 prie\u017ei\u016bra bent&nbsp;<strong>kart\u0105 per metus<\/strong>&nbsp;specializuotose dirbtuv\u0117se, apie tai \u012fra\u0161ant \u012f dvira\u010dio pas\u0105.<\/li>\n<li>Po lietaus ar va\u017eiavimo purve dalis reikia nuvalyti ir patepti specialia alyva.<\/li>\n<li>Dviratis turi b\u016bti laikomas sausoje vietoje.<\/li>\n<li>Neskirtas ekstremaliam sportui ar profesionalioms var\u017eyboms.<\/li>\n<li>Pavar\u0173 perjung\u0117jai turi perjungti pavaras mindami pedalus, dvira\u010diui nejudant.<\/li><li style=\"list-style-type: none;\"><strong style=\"letter-spacing: 0.4px;\"><br><\/strong><\/li><li style=\"list-style-type: none;\"><strong style=\"letter-spacing: 0.4px;\">Laikymas po remonto:<\/strong><span style=\"letter-spacing: 0.4px;\">&nbsp;dviratis saugomas, kol&nbsp;<\/span><strong style=\"letter-spacing: 0.4px;\">3 darbo dienos<\/strong><span style=\"letter-spacing: 0.4px;\">&nbsp;nemokamai; kiekvien\u0105 v\u0117lesn\u0119 dien\u0105 -&nbsp;<\/span><strong style=\"letter-spacing: 0.4px;\">3 EUR<\/strong><span style=\"letter-spacing: 0.4px;\">.<\/span><\/li><\/ul>\t\t\t\t\t\t\t\t<\/div>\n\t\t\t\t\t<\/div>\n\t\t\t\t<\/div>\n\t\t\t\t<\/div>","protected":false},"excerpt":{"rendered":"<p>Garantija \u201eVelo Outlets\u201d&nbsp;un&nbsp;www.velooutlets.com&nbsp;pied\u0101v\u0101taj\u0101m prec\u0113m: Jauniem velosip\u0113diem:&nbsp;2 gadu garantija Lietotiem velosip\u0113diem:&nbsp;6 m\u0113ne\u0161u garantija &nbsp;Garantija darbojas&nbsp;uzr\u0101dot der\u012bgu garantijas karti un attiecas uz ra\u017eo\u0161anas defektu boj\u0101jumiem. Garantijas remonts tiek veikts bez maksas, ja konstat\u0113ts ra\u017eo\u0161anas defekts. Jebkuras citas boj\u0101jumu kategorijas remonta izmaksas sedz pirc\u0113js. Svar\u012bgi: Garantija neattiecas uz meh\u0101niskiem boj\u0101jumiem (caurdurtas riepas, nolietotas bremzes, skr\u0101p\u0113jumi utt.). Garantija neattiecas [&hellip;]<\/p>\n","protected":false},"author":3,"featured_media":0,"parent":0,"menu_order":0,"comment_status":"closed","ping_status":"closed","template":"","meta":{"_monsterinsights_skip_tracking":false,"_monsterinsights_sitenote_active":false,"_monsterinsights_sitenote_note":"","_monsterinsights_sitenote_category":0,"footnotes":""},"class_list":["post-12512","page","type-page","status-publish","hentry"],"yoast_head":"<!-- This site is optimized with the Yoast SEO plugin v27.2 - https:\/\/yoast.com\/product\/yoast-seo-wordpress\/ -->\n<title>Distances l\u012bgums<\/title>\n<meta name=\"robots\" content=\"index, follow, max-snippet:-1, max-image-preview:large, max-video-preview:-1\" \/>\n<link rel=\"canonical\" href=\"https:\/\/velooutlets.com\/lt\/piegade\/\" \/>\n<meta property=\"og:locale\" content=\"lt_LT\" \/>\n<meta property=\"og:type\" content=\"article\" \/>\n<meta property=\"og:title\" content=\"Distances l\u012bgums\" \/>\n<meta property=\"og:description\" content=\"Garantija \u201eVelo Outlets\u201d&nbsp;un&nbsp;www.velooutlets.com&nbsp;pied\u0101v\u0101taj\u0101m prec\u0113m: Jauniem velosip\u0113diem:&nbsp;2 gadu garantija Lietotiem velosip\u0113diem:&nbsp;6 m\u0113ne\u0161u garantija &nbsp;Garantija darbojas&nbsp;uzr\u0101dot der\u012bgu garantijas karti un attiecas uz ra\u017eo\u0161anas defektu boj\u0101jumiem. Garantijas remonts tiek veikts bez maksas, ja konstat\u0113ts ra\u017eo\u0161anas defekts. Jebkuras citas boj\u0101jumu kategorijas remonta izmaksas sedz pirc\u0113js. Svar\u012bgi: Garantija neattiecas uz meh\u0101niskiem boj\u0101jumiem (caurdurtas riepas, nolietotas bremzes, skr\u0101p\u0113jumi utt.). Garantija neattiecas [&hellip;]\" \/>\n<meta property=\"og:url\" content=\"https:\/\/velooutlets.com\/lt\/piegade\/\" \/>\n<meta property=\"og:site_name\" content=\"Velo Outlets\" \/>\n<meta property=\"article:modified_time\" content=\"2026-02-13T15:03:37+00:00\" \/>\n<meta name=\"twitter:card\" content=\"summary_large_image\" \/>\n<meta name=\"twitter:label1\" content=\"Est. reading time\" \/>\n\t<meta name=\"twitter:data1\" content=\"1 minut\u0117\" \/>\n<script type=\"application\/ld+json\" class=\"yoast-schema-graph\">{\"@context\":\"https:\/\/schema.org\",\"@graph\":[{\"@type\":\"WebPage\",\"@id\":\"https:\/\/velooutlets.com\/en\/piegade\/\",\"url\":\"https:\/\/velooutlets.com\/en\/piegade\/\",\"name\":\"Distances l\u012bgums\",\"isPartOf\":{\"@id\":\"https:\/\/velooutlets.com\/en\/#website\"},\"datePublished\":\"2025-10-27T14:24:05+00:00\",\"dateModified\":\"2026-02-13T15:03:37+00:00\",\"breadcrumb\":{\"@id\":\"https:\/\/velooutlets.com\/en\/piegade\/#breadcrumb\"},\"inLanguage\":\"lt-LT\",\"potentialAction\":[{\"@type\":\"ReadAction\",\"target\":[\"https:\/\/velooutlets.com\/en\/piegade\/\"]}]},{\"@type\":\"BreadcrumbList\",\"@id\":\"https:\/\/velooutlets.com\/en\/piegade\/#breadcrumb\",\"itemListElement\":[{\"@type\":\"ListItem\",\"position\":1,\"name\":\"Home\",\"item\":\"https:\/\/velooutlets.com\/\"},{\"@type\":\"ListItem\",\"position\":2,\"name\":\"Garantija\"}]},{\"@type\":\"WebSite\",\"@id\":\"https:\/\/velooutlets.com\/en\/#website\",\"url\":\"https:\/\/velooutlets.com\/en\/\",\"name\":\"Velo Outlets\",\"description\":\"Velosip\u0113di visai \u0123imenei\",\"potentialAction\":[{\"@type\":\"SearchAction\",\"target\":{\"@type\":\"EntryPoint\",\"urlTemplate\":\"https:\/\/velooutlets.com\/en\/?s={search_term_string}\"},\"query-input\":{\"@type\":\"PropertyValueSpecification\",\"valueRequired\":true,\"valueName\":\"search_term_string\"}}],\"inLanguage\":\"lt-LT\"}]}<\/script>\n<!-- \/ Yoast SEO plugin. -->","yoast_head_json":{"title":"Nuotolinis susitarimas","robots":{"index":"index","follow":"follow","max-snippet":"max-snippet:-1","max-image-preview":"max-image-preview:large","max-video-preview":"max-video-preview:-1"},"canonical":"https:\/\/velooutlets.com\/lt\/piegade\/","og_locale":"lt_LT","og_type":"article","og_title":"Distances l\u012bgums","og_description":"Garantija \u201eVelo Outlets\u201d&nbsp;un&nbsp;www.velooutlets.com&nbsp;pied\u0101v\u0101taj\u0101m prec\u0113m: Jauniem velosip\u0113diem:&nbsp;2 gadu garantija Lietotiem velosip\u0113diem:&nbsp;6 m\u0113ne\u0161u garantija &nbsp;Garantija darbojas&nbsp;uzr\u0101dot der\u012bgu garantijas karti un attiecas uz ra\u017eo\u0161anas defektu boj\u0101jumiem. Garantijas remonts tiek veikts bez maksas, ja konstat\u0113ts ra\u017eo\u0161anas defekts. Jebkuras citas boj\u0101jumu kategorijas remonta izmaksas sedz pirc\u0113js. Svar\u012bgi: Garantija neattiecas uz meh\u0101niskiem boj\u0101jumiem (caurdurtas riepas, nolietotas bremzes, skr\u0101p\u0113jumi utt.). Garantija neattiecas [&hellip;]","og_url":"https:\/\/velooutlets.com\/lt\/piegade\/","og_site_name":"Velo Outlets","article_modified_time":"2026-02-13T15:03:37+00:00","twitter_card":"summary_large_image","twitter_misc":{"Est. reading time":"1 minut\u0117"},"schema":{"@context":"https:\/\/schema.org","@graph":[{"@type":"WebPage","@id":"https:\/\/velooutlets.com\/en\/piegade\/","url":"https:\/\/velooutlets.com\/en\/piegade\/","name":"Nuotolinis susitarimas","isPartOf":{"@id":"https:\/\/velooutlets.com\/en\/#website"},"datePublished":"2025-10-27T14:24:05+00:00","dateModified":"2026-02-13T15:03:37+00:00","breadcrumb":{"@id":"https:\/\/velooutlets.com\/en\/piegade\/#breadcrumb"},"inLanguage":"lt-LT","potentialAction":[{"@type":"ReadAction","target":["https:\/\/velooutlets.com\/en\/piegade\/"]}]},{"@type":"BreadcrumbList","@id":"https:\/\/velooutlets.com\/en\/piegade\/#breadcrumb","itemListElement":[{"@type":"ListItem","position":1,"name":"Home","item":"https:\/\/velooutlets.com\/"},{"@type":"ListItem","position":2,"name":"Garantija"}]},{"@type":"WebSite","@id":"https:\/\/velooutlets.com\/en\/#website","url":"https:\/\/velooutlets.com\/en\/","name":"\"Velo Outlets","description":"Dvira\u010diai visai \u0161eimai","potentialAction":[{"@type":"SearchAction","target":{"@type":"EntryPoint","urlTemplate":"https:\/\/velooutlets.com\/en\/?s={search_term_string}"},"query-input":{"@type":"PropertyValueSpecification","valueRequired":true,"valueName":"search_term_string"}}],"inLanguage":"lt-LT"}]}},"jetpack_sharing_enabled":true,"_links":{"self":[{"href":"https:\/\/velooutlets.com\/lt\/wp-json\/wp\/v2\/pages\/12512","targetHints":{"allow":["GET"]}}],"collection":[{"href":"https:\/\/velooutlets.com\/lt\/wp-json\/wp\/v2\/pages"}],"about":[{"href":"https:\/\/velooutlets.com\/lt\/wp-json\/wp\/v2\/types\/page"}],"author":[{"embeddable":true,"href":"https:\/\/velooutlets.com\/lt\/wp-json\/wp\/v2\/users\/3"}],"replies":[{"embeddable":true,"href":"https:\/\/velooutlets.com\/lt\/wp-json\/wp\/v2\/comments?post=12512"}],"version-history":[{"count":4,"href":"https:\/\/velooutlets.com\/lt\/wp-json\/wp\/v2\/pages\/12512\/revisions"}],"predecessor-version":[{"id":12519,"href":"https:\/\/velooutlets.com\/lt\/wp-json\/wp\/v2\/pages\/12512\/revisions\/12519"}],"wp:attachment":[{"href":"https:\/\/velooutlets.com\/lt\/wp-json\/wp\/v2\/media?parent=12512"}],"curies":[{"name":"wp","href":"https:\/\/api.w.org\/{rel}","templated":true}]}}