{"id":10902,"date":"2025-10-08T07:06:32","date_gmt":"2025-10-08T07:06:32","guid":{"rendered":"https:\/\/staging.velooutlets.com\/product\/bergamont-sweep-4-eq\/"},"modified":"2026-03-26T11:44:37","modified_gmt":"2026-03-26T09:44:37","slug":"bergamont-sweep-4-eq","status":"publish","type":"product","link":"https:\/\/velooutlets.com\/lt\/produktas\/bergamont-sweep-4-eq\/","title":{"rendered":"Bergamont SWEEP 4 EQ"},"content":{"rendered":"<p data-start=\"0\" data-end=\"237\">\"Bergamont SWEEP 4 EQ\" yra lengvas ir dinami\u0161kas miesto dviratis su 28 coli\u0173 ratais, skirtas kasdien\u0117ms kelion\u0117ms mieste ir asfaltuotais keliais. Aliuminio r\u0117mas ir vos 12,6 kg bendras svoris u\u017etikrina patog\u0173 ir manevring\u0105 valdym\u0105.<\/p>\n<p data-start=\"239\" data-end=\"525\" data-is-last-node=\"\" data-is-only-node=\"\">Dviratis turi \"Shimano Claris\" 16 pavar\u0173 sistem\u0105, hidraulinius \"Shimano\" diskinius stabd\u017eius saugiam stabdymui ir \"Schwalbe Spicer\" padangas patogiam va\u017eiavimui. Taip pat pridedama baga\u017ein\u0117 ir purvasaugiai, tod\u0117l \u0161is dviratis yra prakti\u0161kas sprendimas kasdien\u0117ms kelion\u0117ms \u012f darb\u0105 ir atgal.<\/p>","protected":false},"excerpt":{"rendered":"<p>Bergamont SWEEP 4 EQ ir viegls un dinamisks pils\u0113tas velosip\u0113ds ar 28 collu rite\u0146iem, kas paredz\u0113ts ikdienas braucieniem pa pils\u0113tu un asfalt\u0113tiem ce\u013ciem. Alum\u012bnija r\u0101mis un kop\u0113jais svars tikai 12,6 kg nodro\u0161ina \u0113rtu un veiklu vad\u0101m\u012bbu. Velosip\u0113ds apr\u012bkots ar Shimano Claris 16 \u0101trumu p\u0101rnesumu sist\u0113mu, hidrauliskaj\u0101m Shimano disku bremz\u0113m dro\u0161ai bremz\u0113\u0161anai un Schwalbe Spicer riep\u0101m [&hellip;]<\/p>\n","protected":false},"featured_media":33955,"template":"","meta":{"_monsterinsights_skip_tracking":false,"_monsterinsights_sitenote_active":false,"_monsterinsights_sitenote_note":"","_monsterinsights_sitenote_category":0,"_iconic_wsb_product_page_order_bump_ids":[[]],"_sku":[""],"_iconic_wsb_product_page_bump_modal_ids":[[]]},"product_brand":[1160],"product_cat":[1032,1127],"product_tag":[219,212],"class_list":{"0":"post-10902","1":"product","2":"type-product","3":"status-publish","4":"has-post-thumbnail","6":"product_brand-bergamont","7":"product_cat-pilsetas-velosipedi","8":"product_cat-velosipedi","9":"product_tag-pilsetas-velosipedi","10":"product_tag-velosipedi","11":"product_shipping_class-pieauguso-velosipedi","13":"first","14":"instock","15":"sale","16":"taxable","17":"shipping-taxable","18":"purchasable","19":"product-type-simple"},"yoast_head":"<!-- This site is optimized with the Yoast SEO plugin v27.2 - https:\/\/yoast.com\/product\/yoast-seo-wordpress\/ -->\n<title>Bergamont SWEEP 4 EQ - Velo Outlets<\/title>\n<meta name=\"robots\" content=\"index, follow, max-snippet:-1, max-image-preview:large, max-video-preview:-1\" \/>\n<link rel=\"canonical\" href=\"https:\/\/velooutlets.com\/lt\/produktas\/bergamont-sweep-4-eq\/\" \/>\n<meta property=\"og:locale\" content=\"lt_LT\" \/>\n<meta property=\"og:type\" content=\"article\" \/>\n<meta property=\"og:title\" content=\"Bergamont SWEEP 4 EQ - Velo Outlets\" \/>\n<meta property=\"og:description\" content=\"Bergamont SWEEP 4 EQ ir viegls un dinamisks pils\u0113tas velosip\u0113ds ar 28 collu rite\u0146iem, kas paredz\u0113ts ikdienas braucieniem pa pils\u0113tu un asfalt\u0113tiem ce\u013ciem. Alum\u012bnija r\u0101mis un kop\u0113jais svars tikai 12,6 kg nodro\u0161ina \u0113rtu un veiklu vad\u0101m\u012bbu. Velosip\u0113ds apr\u012bkots ar Shimano Claris 16 \u0101trumu p\u0101rnesumu sist\u0113mu, hidrauliskaj\u0101m Shimano disku bremz\u0113m dro\u0161ai bremz\u0113\u0161anai un Schwalbe Spicer riep\u0101m [&hellip;]\" \/>\n<meta property=\"og:url\" content=\"https:\/\/velooutlets.com\/lt\/produktas\/bergamont-sweep-4-eq\/\" \/>\n<meta property=\"og:site_name\" content=\"Velo Outlets\" \/>\n<meta property=\"article:modified_time\" content=\"2026-03-26T09:44:37+00:00\" \/>\n<meta property=\"og:image\" content=\"https:\/\/velooutlets.com\/wp-content\/uploads\/2025\/10\/ride4fun.dk_images_bergamont_291036.webp\" \/>\n\t<meta property=\"og:image:width\" content=\"1982\" \/>\n\t<meta property=\"og:image:height\" content=\"1114\" \/>\n\t<meta property=\"og:image:type\" content=\"image\/webp\" \/>\n<meta name=\"twitter:card\" content=\"summary_large_image\" \/>\n<script type=\"application\/ld+json\" class=\"yoast-schema-graph\">{\"@context\":\"https:\/\/schema.org\",\"@graph\":[{\"@type\":\"WebPage\",\"@id\":\"https:\/\/velooutlets.com\/products\/bergamont-sweep-4-eq\/\",\"url\":\"https:\/\/velooutlets.com\/products\/bergamont-sweep-4-eq\/\",\"name\":\"Bergamont SWEEP 4 EQ - Velo Outlets\",\"isPartOf\":{\"@id\":\"https:\/\/velooutlets.com\/en\/#website\"},\"primaryImageOfPage\":{\"@id\":\"https:\/\/velooutlets.com\/products\/bergamont-sweep-4-eq\/#primaryimage\"},\"image\":{\"@id\":\"https:\/\/velooutlets.com\/products\/bergamont-sweep-4-eq\/#primaryimage\"},\"thumbnailUrl\":\"https:\/\/velooutlets.com\/wp-content\/uploads\/2025\/10\/ride4fun.dk_images_bergamont_291036.webp\",\"datePublished\":\"2025-10-08T07:06:32+00:00\",\"dateModified\":\"2026-03-26T09:44:37+00:00\",\"breadcrumb\":{\"@id\":\"https:\/\/velooutlets.com\/products\/bergamont-sweep-4-eq\/#breadcrumb\"},\"inLanguage\":\"lt-LT\",\"potentialAction\":[{\"@type\":\"ReadAction\",\"target\":[\"https:\/\/velooutlets.com\/products\/bergamont-sweep-4-eq\/\"]}]},{\"@type\":\"ImageObject\",\"inLanguage\":\"lt-LT\",\"@id\":\"https:\/\/velooutlets.com\/products\/bergamont-sweep-4-eq\/#primaryimage\",\"url\":\"https:\/\/velooutlets.com\/wp-content\/uploads\/2025\/10\/ride4fun.dk_images_bergamont_291036.webp\",\"contentUrl\":\"https:\/\/velooutlets.com\/wp-content\/uploads\/2025\/10\/ride4fun.dk_images_bergamont_291036.webp\",\"width\":1982,\"height\":1114},{\"@type\":\"BreadcrumbList\",\"@id\":\"https:\/\/velooutlets.com\/products\/bergamont-sweep-4-eq\/#breadcrumb\",\"itemListElement\":[{\"@type\":\"ListItem\",\"position\":1,\"name\":\"Home\",\"item\":\"https:\/\/velooutlets.com\/\"},{\"@type\":\"ListItem\",\"position\":2,\"name\":\"Veikals\",\"item\":\"https:\/\/velooutlets.com\/shop\/\"},{\"@type\":\"ListItem\",\"position\":3,\"name\":\"Bergamont SWEEP 4 EQ\"}]},{\"@type\":\"WebSite\",\"@id\":\"https:\/\/velooutlets.com\/en\/#website\",\"url\":\"https:\/\/velooutlets.com\/en\/\",\"name\":\"Velo Outlets\",\"description\":\"Velosip\u0113di visai \u0123imenei\",\"potentialAction\":[{\"@type\":\"SearchAction\",\"target\":{\"@type\":\"EntryPoint\",\"urlTemplate\":\"https:\/\/velooutlets.com\/en\/?s={search_term_string}\"},\"query-input\":{\"@type\":\"PropertyValueSpecification\",\"valueRequired\":true,\"valueName\":\"search_term_string\"}}],\"inLanguage\":\"lt-LT\"}]}<\/script>\n<!-- \/ Yoast SEO plugin. -->","yoast_head_json":{"title":"Bergamont SWEEP 4 EQ - Velo Outlets","robots":{"index":"index","follow":"follow","max-snippet":"max-snippet:-1","max-image-preview":"max-image-preview:large","max-video-preview":"max-video-preview:-1"},"canonical":"https:\/\/velooutlets.com\/lt\/produktas\/bergamont-sweep-4-eq\/","og_locale":"lt_LT","og_type":"article","og_title":"Bergamont SWEEP 4 EQ - Velo Outlets","og_description":"Bergamont SWEEP 4 EQ ir viegls un dinamisks pils\u0113tas velosip\u0113ds ar 28 collu rite\u0146iem, kas paredz\u0113ts ikdienas braucieniem pa pils\u0113tu un asfalt\u0113tiem ce\u013ciem. Alum\u012bnija r\u0101mis un kop\u0113jais svars tikai 12,6 kg nodro\u0161ina \u0113rtu un veiklu vad\u0101m\u012bbu. Velosip\u0113ds apr\u012bkots ar Shimano Claris 16 \u0101trumu p\u0101rnesumu sist\u0113mu, hidrauliskaj\u0101m Shimano disku bremz\u0113m dro\u0161ai bremz\u0113\u0161anai un Schwalbe Spicer riep\u0101m [&hellip;]","og_url":"https:\/\/velooutlets.com\/lt\/produktas\/bergamont-sweep-4-eq\/","og_site_name":"Velo Outlets","article_modified_time":"2026-03-26T09:44:37+00:00","og_image":[{"width":1982,"height":1114,"url":"https:\/\/velooutlets.com\/wp-content\/uploads\/2025\/10\/ride4fun.dk_images_bergamont_291036.webp","type":"image\/webp"}],"twitter_card":"summary_large_image","schema":{"@context":"https:\/\/schema.org","@graph":[{"@type":"WebPage","@id":"https:\/\/velooutlets.com\/products\/bergamont-sweep-4-eq\/","url":"https:\/\/velooutlets.com\/products\/bergamont-sweep-4-eq\/","name":"Bergamont SWEEP 4 EQ - Velo Outlets","isPartOf":{"@id":"https:\/\/velooutlets.com\/en\/#website"},"primaryImageOfPage":{"@id":"https:\/\/velooutlets.com\/products\/bergamont-sweep-4-eq\/#primaryimage"},"image":{"@id":"https:\/\/velooutlets.com\/products\/bergamont-sweep-4-eq\/#primaryimage"},"thumbnailUrl":"https:\/\/velooutlets.com\/wp-content\/uploads\/2025\/10\/ride4fun.dk_images_bergamont_291036.webp","datePublished":"2025-10-08T07:06:32+00:00","dateModified":"2026-03-26T09:44:37+00:00","breadcrumb":{"@id":"https:\/\/velooutlets.com\/products\/bergamont-sweep-4-eq\/#breadcrumb"},"inLanguage":"lt-LT","potentialAction":[{"@type":"ReadAction","target":["https:\/\/velooutlets.com\/products\/bergamont-sweep-4-eq\/"]}]},{"@type":"ImageObject","inLanguage":"lt-LT","@id":"https:\/\/velooutlets.com\/products\/bergamont-sweep-4-eq\/#primaryimage","url":"https:\/\/velooutlets.com\/wp-content\/uploads\/2025\/10\/ride4fun.dk_images_bergamont_291036.webp","contentUrl":"https:\/\/velooutlets.com\/wp-content\/uploads\/2025\/10\/ride4fun.dk_images_bergamont_291036.webp","width":1982,"height":1114},{"@type":"BreadcrumbList","@id":"https:\/\/velooutlets.com\/products\/bergamont-sweep-4-eq\/#breadcrumb","itemListElement":[{"@type":"ListItem","position":1,"name":"Home","item":"https:\/\/velooutlets.com\/"},{"@type":"ListItem","position":2,"name":"Veikals","item":"https:\/\/velooutlets.com\/shop\/"},{"@type":"ListItem","position":3,"name":"Bergamont SWEEP 4 EQ"}]},{"@type":"WebSite","@id":"https:\/\/velooutlets.com\/en\/#website","url":"https:\/\/velooutlets.com\/en\/","name":"\"Velo Outlets","description":"Dvira\u010diai visai \u0161eimai","potentialAction":[{"@type":"SearchAction","target":{"@type":"EntryPoint","urlTemplate":"https:\/\/velooutlets.com\/en\/?s={search_term_string}"},"query-input":{"@type":"PropertyValueSpecification","valueRequired":true,"valueName":"search_term_string"}}],"inLanguage":"lt-LT"}]}},"jetpack_sharing_enabled":true,"_links":{"self":[{"href":"https:\/\/velooutlets.com\/lt\/wp-json\/wp\/v2\/product\/10902","targetHints":{"allow":["GET"]}}],"collection":[{"href":"https:\/\/velooutlets.com\/lt\/wp-json\/wp\/v2\/product"}],"about":[{"href":"https:\/\/velooutlets.com\/lt\/wp-json\/wp\/v2\/types\/product"}],"wp:featuredmedia":[{"embeddable":true,"href":"https:\/\/velooutlets.com\/lt\/wp-json\/wp\/v2\/media\/33955"}],"wp:attachment":[{"href":"https:\/\/velooutlets.com\/lt\/wp-json\/wp\/v2\/media?parent=10902"}],"wp:term":[{"taxonomy":"product_brand","embeddable":true,"href":"https:\/\/velooutlets.com\/lt\/wp-json\/wp\/v2\/product_brand?post=10902"},{"taxonomy":"product_cat","embeddable":true,"href":"https:\/\/velooutlets.com\/lt\/wp-json\/wp\/v2\/product_cat?post=10902"},{"taxonomy":"product_tag","embeddable":true,"href":"https:\/\/velooutlets.com\/lt\/wp-json\/wp\/v2\/product_tag?post=10902"}],"curies":[{"name":"wp","href":"https:\/\/api.w.org\/{rel}","templated":true}]}}