{"id":10914,"date":"2025-10-08T10:06:48","date_gmt":"2025-10-08T07:06:48","guid":{"rendered":"https:\/\/staging.velooutlets.com\/product\/classic-funk-24-3s\/"},"modified":"2026-04-27T12:28:09","modified_gmt":"2026-04-27T09:28:09","slug":"classic-funk-24-3s","status":"publish","type":"product","link":"https:\/\/velooutlets.com\/lt\/produktas\/classic-funk-24-3s\/","title":{"rendered":"Klasikinis FUNK 24 3s"},"content":{"rendered":"<p>\"Classic Funk 24\" (3 grei\u010di\u0173) yra patogus ir prakti\u0161kas miesto dviratis, skirtas ramiam kasdieniam va\u017ein\u0117jimui \u012f darb\u0105 ir atgal. Jame derinamas klasikinis dizainas ir paprasta bei patikima vidini\u0173 pavar\u0173 sistema, kad b\u016bt\u0173 patogu va\u017ein\u0117ti mieste.<\/p>\n<p>Tvirtas \"Hi-Ten\" plieno r\u0117mas ir standi \u0161ak\u0117 u\u017etikrina stabili\u0105 konstrukcij\u0105 ir ilgaam\u017ei\u0161kum\u0105. Reguliuojamas vairas leid\u017eia reguliuoti va\u017eiavimo pad\u0117t\u012f, kad gal\u0117tum\u0117te patogiai ir ramiai s\u0117d\u0117ti.<\/p>\n<p>\"Shimano Nexus\" 3 grei\u010di\u0173 stebul\u0117s sistema leid\u017eia lengvai ir intuityviai perjungti pavaras, net ir stovint, o tai ypa\u010d patogu va\u017eiuojant mieste. Galinis kojinis stabdys u\u017etikrina lengv\u0105 ir saug\u0173 stabdym\u0105.<\/p>\n<p>Dviratis turi 24 coli\u0173 ratus, pilno dyd\u017eio purvasaugius ir baga\u017ein\u0119, tod\u0117l yra prakti\u0161kas kasdieniam naudojimui.<\/p>\n<p>Specifikacija:<br \/>\nR\u0117mas: Hi-Ten plienas<br \/>\n\u0160akut\u0117: tvirtas Hi-Ten plienas<br \/>\nGrei\u010di\u0173 skai\u010dius: 3 (Shimano Nexus vidin\u0117 stebul\u0117)<br \/>\nGalin\u0117 stebul\u0117: \"Shimano Nexus 3\" su kojiniu stabd\u017eiu<br \/>\nStabd\u017eiai: galinis kojinis stabdys<br \/>\nVairas: reguliuojamas<br \/>\nPriekin\u0117 \u017evaig\u017edut\u0117: 36T<br \/>\nKeliai: aliuminis, 152 mm<br \/>\nPadangos: \"Kenda\" 24 \u00d7 1,75<br \/>\nPapildoma \u012franga: purvasaugiai, baga\u017ein\u0117<br \/>\nSvoris: ~14,9 kg<\/p>","protected":false},"excerpt":{"rendered":"<p>Classic Funk 24 (3-Speed) ir \u0113rts un praktisks pils\u0113tas velosip\u0113ds, kas paredz\u0113ts mier\u012bgai ikdienas p\u0101rvieto\u0161anai. Tas apvieno klasisku dizainu ar vienk\u0101r\u0161u un uzticamu iek\u0161\u0113jo p\u0101rnesumu sist\u0113mu, nodro\u0161inot komfortablu brauk\u0161anu pils\u0113t\u0101. Iztur\u012bgais Hi-Ten t\u0113rauda r\u0101mis un ciet\u0101 dak\u0161a nodro\u0161ina stabilu konstrukciju un ilgm\u016b\u017e\u012bbu. Regul\u0113jam\u0101 st\u016bres stute \u013cauj piel\u0101got brauk\u0161anas poz\u012bciju \u0113rtai, relaks\u0113tai s\u0113dpoz\u012bcijai. Shimano Nexus 3 [&hellip;]<\/p>\n","protected":false},"featured_media":10951,"template":"","meta":{"_monsterinsights_skip_tracking":false,"_monsterinsights_sitenote_active":false,"_monsterinsights_sitenote_note":"","_monsterinsights_sitenote_category":0,"_iconic_wsb_product_page_order_bump_ids":[[]],"_sku":[""],"_iconic_wsb_product_page_bump_modal_ids":[[]]},"product_brand":[1174],"product_cat":[1724,1127],"product_tag":[843,212],"class_list":{"0":"post-10914","1":"product","2":"type-product","3":"status-publish","4":"has-post-thumbnail","6":"product_brand-classic","7":"product_cat-salokamie-velosipedi","8":"product_cat-velosipedi","9":"product_tag-pusaudzu-velosipedi","10":"product_tag-velosipedi","11":"product_shipping_class-elektro-velosipedi","12":"pa_materials-hi-ten-terauds","13":"pa_ramja-izmers-uni","15":"first","16":"instock","17":"sale","18":"taxable","19":"shipping-taxable","20":"purchasable","21":"product-type-simple"},"yoast_head":"<!-- This site is optimized with the Yoast SEO plugin v27.2 - https:\/\/yoast.com\/product\/yoast-seo-wordpress\/ -->\n<title>Classic FUNK 24 3s - Velo Outlets<\/title>\n<meta name=\"description\" content=\"Vienk\u0101r\u0161s un \u0113rts 24\u2033 velosip\u0113ds ar Shimano Nexus 3 p\u0101rnesumiem un k\u0101jas bremzi.\" \/>\n<meta name=\"robots\" content=\"index, follow, max-snippet:-1, max-image-preview:large, max-video-preview:-1\" \/>\n<link rel=\"canonical\" href=\"https:\/\/velooutlets.com\/lt\/produktas\/classic-funk-24-3s\/\" \/>\n<meta property=\"og:locale\" content=\"lt_LT\" \/>\n<meta property=\"og:type\" content=\"article\" \/>\n<meta property=\"og:title\" content=\"Classic FUNK 24 3s - Velo Outlets\" \/>\n<meta property=\"og:description\" content=\"Vienk\u0101r\u0161s un \u0113rts 24\u2033 velosip\u0113ds ar Shimano Nexus 3 p\u0101rnesumiem un k\u0101jas bremzi.\" \/>\n<meta property=\"og:url\" content=\"https:\/\/velooutlets.com\/lt\/produktas\/classic-funk-24-3s\/\" \/>\n<meta property=\"og:site_name\" content=\"Velo Outlets\" \/>\n<meta property=\"article:modified_time\" content=\"2026-04-27T09:28:09+00:00\" \/>\n<meta property=\"og:image\" content=\"https:\/\/velooutlets.com\/wp-content\/uploads\/2025\/10\/24C-3NEQ-21-scaled.jpg\" \/>\n\t<meta property=\"og:image:width\" content=\"2560\" \/>\n\t<meta property=\"og:image:height\" content=\"1440\" \/>\n\t<meta property=\"og:image:type\" content=\"image\/jpeg\" \/>\n<meta name=\"twitter:card\" content=\"summary_large_image\" \/>\n<meta name=\"twitter:label1\" content=\"Est. reading time\" \/>\n\t<meta name=\"twitter:data1\" content=\"1 minut\u0117\" \/>\n<script type=\"application\/ld+json\" class=\"yoast-schema-graph\">{\"@context\":\"https:\/\/schema.org\",\"@graph\":[{\"@type\":\"WebPage\",\"@id\":\"https:\/\/velooutlets.com\/products\/classic-funk-24-3s\/\",\"url\":\"https:\/\/velooutlets.com\/products\/classic-funk-24-3s\/\",\"name\":\"Classic FUNK 24 3s - Velo Outlets\",\"isPartOf\":{\"@id\":\"https:\/\/velooutlets.com\/en\/#website\"},\"primaryImageOfPage\":{\"@id\":\"https:\/\/velooutlets.com\/products\/classic-funk-24-3s\/#primaryimage\"},\"image\":{\"@id\":\"https:\/\/velooutlets.com\/products\/classic-funk-24-3s\/#primaryimage\"},\"thumbnailUrl\":\"https:\/\/velooutlets.com\/wp-content\/uploads\/2025\/10\/24C-3NEQ-21-scaled.jpg\",\"datePublished\":\"2025-10-08T07:06:48+00:00\",\"dateModified\":\"2026-04-27T09:28:09+00:00\",\"description\":\"Vienk\u0101r\u0161s un \u0113rts 24\u2033 velosip\u0113ds ar Shimano Nexus 3 p\u0101rnesumiem un k\u0101jas bremzi.\",\"breadcrumb\":{\"@id\":\"https:\/\/velooutlets.com\/products\/classic-funk-24-3s\/#breadcrumb\"},\"inLanguage\":\"lt-LT\",\"potentialAction\":[{\"@type\":\"ReadAction\",\"target\":[\"https:\/\/velooutlets.com\/products\/classic-funk-24-3s\/\"]}]},{\"@type\":\"ImageObject\",\"inLanguage\":\"lt-LT\",\"@id\":\"https:\/\/velooutlets.com\/products\/classic-funk-24-3s\/#primaryimage\",\"url\":\"https:\/\/velooutlets.com\/wp-content\/uploads\/2025\/10\/24C-3NEQ-21-scaled.jpg\",\"contentUrl\":\"https:\/\/velooutlets.com\/wp-content\/uploads\/2025\/10\/24C-3NEQ-21-scaled.jpg\",\"width\":2560,\"height\":1440},{\"@type\":\"BreadcrumbList\",\"@id\":\"https:\/\/velooutlets.com\/products\/classic-funk-24-3s\/#breadcrumb\",\"itemListElement\":[{\"@type\":\"ListItem\",\"position\":1,\"name\":\"Home\",\"item\":\"https:\/\/velooutlets.com\/\"},{\"@type\":\"ListItem\",\"position\":2,\"name\":\"Veikals\",\"item\":\"https:\/\/velooutlets.com\/shop\/\"},{\"@type\":\"ListItem\",\"position\":3,\"name\":\"Classic FUNK 24 3s\"}]},{\"@type\":\"WebSite\",\"@id\":\"https:\/\/velooutlets.com\/en\/#website\",\"url\":\"https:\/\/velooutlets.com\/en\/\",\"name\":\"Velo Outlets\",\"description\":\"Velosip\u0113di visai \u0123imenei\",\"potentialAction\":[{\"@type\":\"SearchAction\",\"target\":{\"@type\":\"EntryPoint\",\"urlTemplate\":\"https:\/\/velooutlets.com\/en\/?s={search_term_string}\"},\"query-input\":{\"@type\":\"PropertyValueSpecification\",\"valueRequired\":true,\"valueName\":\"search_term_string\"}}],\"inLanguage\":\"lt-LT\"}]}<\/script>\n<!-- \/ Yoast SEO plugin. -->","yoast_head_json":{"title":"Classic FUNK 24 3s - Velo Outlets","description":"Vienk\u0101r\u0161s un \u0113rts 24\u2033 velosip\u0113ds ar Shimano Nexus 3 p\u0101rnesumiem un k\u0101jas bremzi.","robots":{"index":"index","follow":"follow","max-snippet":"max-snippet:-1","max-image-preview":"max-image-preview:large","max-video-preview":"max-video-preview:-1"},"canonical":"https:\/\/velooutlets.com\/lt\/produktas\/classic-funk-24-3s\/","og_locale":"lt_LT","og_type":"article","og_title":"Classic FUNK 24 3s - Velo Outlets","og_description":"Vienk\u0101r\u0161s un \u0113rts 24\u2033 velosip\u0113ds ar Shimano Nexus 3 p\u0101rnesumiem un k\u0101jas bremzi.","og_url":"https:\/\/velooutlets.com\/lt\/produktas\/classic-funk-24-3s\/","og_site_name":"Velo Outlets","article_modified_time":"2026-04-27T09:28:09+00:00","og_image":[{"width":2560,"height":1440,"url":"https:\/\/velooutlets.com\/wp-content\/uploads\/2025\/10\/24C-3NEQ-21-scaled.jpg","type":"image\/jpeg"}],"twitter_card":"summary_large_image","twitter_misc":{"Est. reading time":"1 minut\u0117"},"schema":{"@context":"https:\/\/schema.org","@graph":[{"@type":"WebPage","@id":"https:\/\/velooutlets.com\/products\/classic-funk-24-3s\/","url":"https:\/\/velooutlets.com\/products\/classic-funk-24-3s\/","name":"Classic FUNK 24 3s - Velo Outlets","isPartOf":{"@id":"https:\/\/velooutlets.com\/en\/#website"},"primaryImageOfPage":{"@id":"https:\/\/velooutlets.com\/products\/classic-funk-24-3s\/#primaryimage"},"image":{"@id":"https:\/\/velooutlets.com\/products\/classic-funk-24-3s\/#primaryimage"},"thumbnailUrl":"https:\/\/velooutlets.com\/wp-content\/uploads\/2025\/10\/24C-3NEQ-21-scaled.jpg","datePublished":"2025-10-08T07:06:48+00:00","dateModified":"2026-04-27T09:28:09+00:00","description":"Vienk\u0101r\u0161s un \u0113rts 24\u2033 velosip\u0113ds ar Shimano Nexus 3 p\u0101rnesumiem un k\u0101jas bremzi.","breadcrumb":{"@id":"https:\/\/velooutlets.com\/products\/classic-funk-24-3s\/#breadcrumb"},"inLanguage":"lt-LT","potentialAction":[{"@type":"ReadAction","target":["https:\/\/velooutlets.com\/products\/classic-funk-24-3s\/"]}]},{"@type":"ImageObject","inLanguage":"lt-LT","@id":"https:\/\/velooutlets.com\/products\/classic-funk-24-3s\/#primaryimage","url":"https:\/\/velooutlets.com\/wp-content\/uploads\/2025\/10\/24C-3NEQ-21-scaled.jpg","contentUrl":"https:\/\/velooutlets.com\/wp-content\/uploads\/2025\/10\/24C-3NEQ-21-scaled.jpg","width":2560,"height":1440},{"@type":"BreadcrumbList","@id":"https:\/\/velooutlets.com\/products\/classic-funk-24-3s\/#breadcrumb","itemListElement":[{"@type":"ListItem","position":1,"name":"Home","item":"https:\/\/velooutlets.com\/"},{"@type":"ListItem","position":2,"name":"Veikals","item":"https:\/\/velooutlets.com\/shop\/"},{"@type":"ListItem","position":3,"name":"Classic FUNK 24 3s"}]},{"@type":"WebSite","@id":"https:\/\/velooutlets.com\/en\/#website","url":"https:\/\/velooutlets.com\/en\/","name":"\"Velo Outlets","description":"Dvira\u010diai visai \u0161eimai","potentialAction":[{"@type":"SearchAction","target":{"@type":"EntryPoint","urlTemplate":"https:\/\/velooutlets.com\/en\/?s={search_term_string}"},"query-input":{"@type":"PropertyValueSpecification","valueRequired":true,"valueName":"search_term_string"}}],"inLanguage":"lt-LT"}]}},"jetpack_sharing_enabled":true,"_links":{"self":[{"href":"https:\/\/velooutlets.com\/lt\/wp-json\/wp\/v2\/product\/10914","targetHints":{"allow":["GET"]}}],"collection":[{"href":"https:\/\/velooutlets.com\/lt\/wp-json\/wp\/v2\/product"}],"about":[{"href":"https:\/\/velooutlets.com\/lt\/wp-json\/wp\/v2\/types\/product"}],"wp:featuredmedia":[{"embeddable":true,"href":"https:\/\/velooutlets.com\/lt\/wp-json\/wp\/v2\/media\/10951"}],"wp:attachment":[{"href":"https:\/\/velooutlets.com\/lt\/wp-json\/wp\/v2\/media?parent=10914"}],"wp:term":[{"taxonomy":"product_brand","embeddable":true,"href":"https:\/\/velooutlets.com\/lt\/wp-json\/wp\/v2\/product_brand?post=10914"},{"taxonomy":"product_cat","embeddable":true,"href":"https:\/\/velooutlets.com\/lt\/wp-json\/wp\/v2\/product_cat?post=10914"},{"taxonomy":"product_tag","embeddable":true,"href":"https:\/\/velooutlets.com\/lt\/wp-json\/wp\/v2\/product_tag?post=10914"}],"curies":[{"name":"wp","href":"https:\/\/api.w.org\/{rel}","templated":true}]}}