{"id":10931,"date":"2025-10-08T10:07:13","date_gmt":"2025-10-08T07:07:13","guid":{"rendered":"https:\/\/staging.velooutlets.com\/product\/classic-street-21-men\/"},"modified":"2026-03-29T00:53:00","modified_gmt":"2026-03-28T22:53:00","slug":"classic-street-21-men","status":"publish","type":"product","link":"https:\/\/velooutlets.com\/lt\/produktas\/classic-street-21-men\/","title":{"rendered":"Klasikinis STREET 21 MEN"},"content":{"rendered":"<p>\u201dClassic STREET 21 MEN\" yra patogus ir universalus 28 coli\u0173 miesto ir turistinis dviratis, tinkamas kasdien\u0117ms kelion\u0117ms po miest\u0105 ir laisvalaikio pasiva\u017ein\u0117jimams. Aliuminio r\u0117mas u\u017etikrina lengv\u0105 ir malon\u0173 va\u017eiavimo poj\u016bt\u012f, o City tipo pakabos \u0161ak\u0117 su 63 mm eiga pagerina komfort\u0105 va\u017eiuojant nelygiais keliais ir grindiniu. Su \"Shimano Tourney\" 21 pavar\u0173 sistema galima rinktis i\u0161 daugyb\u0117s pavar\u0173 tiek lygiems keliams, tiek \u012fkaln\u0117ms, o aliumininiai V formos stabd\u017eiai yra paprasti ir patikimi kasdieniam naudojimui. Kenda Kwick Journey padangos u\u017etikrina stabil\u0173 ried\u0117jim\u0105 ir komfort\u0105, o d\u0117l grandin\u0117s apsaugos ir at\u0161vait\u0173 dviratis prakti\u0161kas kasdieniam va\u017ein\u0117jimui \u012f darb\u0105 ir atgal.<\/p>","protected":false},"excerpt":{"rendered":"<p>Classic STREET 21 MEN ir \u0113rts un daudzpus\u012bgs 28\u201d pils\u0113tas\/trekinga velosip\u0113ds, kas piem\u0113rots ikdienas braucieniem pa pils\u0113tu un mier\u012bgiem izbraucieniem ar\u012b \u0101rpus t\u0101s. Alum\u012bnija r\u0101mis nodro\u0161ina vieglu un pat\u012bkamu brauk\u0161anas saj\u016btu, bet City tipa amortiz\u0101cijas dak\u0161a ar 63 mm g\u0101jienu uzlabo komfortu uz nel\u012bdzeniem ce\u013ciem un bru\u0123a. Shimano Tourney 21 p\u0101rnesumu sist\u0113ma pied\u0101v\u0101 pietiekamu p\u0101rnesumu [&hellip;]<\/p>\n","protected":false},"featured_media":10969,"template":"","meta":{"_monsterinsights_skip_tracking":false,"_monsterinsights_sitenote_active":false,"_monsterinsights_sitenote_note":"","_monsterinsights_sitenote_category":0,"_iconic_wsb_product_page_order_bump_ids":[],"_sku":["9785699957545"],"_iconic_wsb_product_page_bump_modal_ids":[]},"product_brand":[1174],"product_cat":[1032,1127],"product_tag":[219,212],"class_list":{"0":"post-10931","1":"product","2":"type-product","3":"status-publish","4":"has-post-thumbnail","6":"product_brand-classic","7":"product_cat-pilsetas-velosipedi","8":"product_cat-velosipedi","9":"product_tag-pilsetas-velosipedi","10":"product_tag-velosipedi","11":"product_shipping_class-pieauguso-velosipedi","13":"first","14":"instock","15":"sale","16":"taxable","17":"shipping-taxable","18":"purchasable","19":"product-type-simple"},"yoast_head":"<!-- This site is optimized with the Yoast SEO plugin v27.2 - https:\/\/yoast.com\/product\/yoast-seo-wordpress\/ -->\n<title>Classic STREET 21 MEN - Velo Outlets<\/title>\n<meta name=\"robots\" content=\"index, follow, max-snippet:-1, max-image-preview:large, max-video-preview:-1\" \/>\n<link rel=\"canonical\" href=\"https:\/\/velooutlets.com\/lt\/produktas\/classic-street-21-men\/\" \/>\n<meta property=\"og:locale\" content=\"lt_LT\" \/>\n<meta property=\"og:type\" content=\"article\" \/>\n<meta property=\"og:title\" content=\"Classic STREET 21 MEN - Velo Outlets\" \/>\n<meta property=\"og:description\" content=\"Classic STREET 21 MEN ir \u0113rts un daudzpus\u012bgs 28\u201d pils\u0113tas\/trekinga velosip\u0113ds, kas piem\u0113rots ikdienas braucieniem pa pils\u0113tu un mier\u012bgiem izbraucieniem ar\u012b \u0101rpus t\u0101s. Alum\u012bnija r\u0101mis nodro\u0161ina vieglu un pat\u012bkamu brauk\u0161anas saj\u016btu, bet City tipa amortiz\u0101cijas dak\u0161a ar 63 mm g\u0101jienu uzlabo komfortu uz nel\u012bdzeniem ce\u013ciem un bru\u0123a. Shimano Tourney 21 p\u0101rnesumu sist\u0113ma pied\u0101v\u0101 pietiekamu p\u0101rnesumu [&hellip;]\" \/>\n<meta property=\"og:url\" content=\"https:\/\/velooutlets.com\/lt\/produktas\/classic-street-21-men\/\" \/>\n<meta property=\"og:site_name\" content=\"Velo Outlets\" \/>\n<meta property=\"article:modified_time\" content=\"2026-03-28T22:53:00+00:00\" \/>\n<meta property=\"og:image\" content=\"https:\/\/velooutlets.com\/wp-content\/uploads\/2025\/10\/29CA-21S-22-COL2.jpg\" \/>\n\t<meta property=\"og:image:width\" content=\"1920\" \/>\n\t<meta property=\"og:image:height\" content=\"1080\" \/>\n\t<meta property=\"og:image:type\" content=\"image\/jpeg\" \/>\n<meta name=\"twitter:card\" content=\"summary_large_image\" \/>\n<meta name=\"twitter:label1\" content=\"Est. reading time\" \/>\n\t<meta name=\"twitter:data1\" content=\"1 minut\u0117\" \/>\n<script type=\"application\/ld+json\" class=\"yoast-schema-graph\">{\"@context\":\"https:\/\/schema.org\",\"@graph\":[{\"@type\":\"WebPage\",\"@id\":\"https:\/\/velooutlets.com\/products\/classic-street-21-men\/\",\"url\":\"https:\/\/velooutlets.com\/products\/classic-street-21-men\/\",\"name\":\"Classic STREET 21 MEN - Velo Outlets\",\"isPartOf\":{\"@id\":\"https:\/\/velooutlets.com\/en\/#website\"},\"primaryImageOfPage\":{\"@id\":\"https:\/\/velooutlets.com\/products\/classic-street-21-men\/#primaryimage\"},\"image\":{\"@id\":\"https:\/\/velooutlets.com\/products\/classic-street-21-men\/#primaryimage\"},\"thumbnailUrl\":\"https:\/\/velooutlets.com\/wp-content\/uploads\/2025\/10\/29CA-21S-22-COL2.jpg\",\"datePublished\":\"2025-10-08T07:07:13+00:00\",\"dateModified\":\"2026-03-28T22:53:00+00:00\",\"breadcrumb\":{\"@id\":\"https:\/\/velooutlets.com\/products\/classic-street-21-men\/#breadcrumb\"},\"inLanguage\":\"lt-LT\",\"potentialAction\":[{\"@type\":\"ReadAction\",\"target\":[\"https:\/\/velooutlets.com\/products\/classic-street-21-men\/\"]}]},{\"@type\":\"ImageObject\",\"inLanguage\":\"lt-LT\",\"@id\":\"https:\/\/velooutlets.com\/products\/classic-street-21-men\/#primaryimage\",\"url\":\"https:\/\/velooutlets.com\/wp-content\/uploads\/2025\/10\/29CA-21S-22-COL2.jpg\",\"contentUrl\":\"https:\/\/velooutlets.com\/wp-content\/uploads\/2025\/10\/29CA-21S-22-COL2.jpg\",\"width\":1920,\"height\":1080},{\"@type\":\"BreadcrumbList\",\"@id\":\"https:\/\/velooutlets.com\/products\/classic-street-21-men\/#breadcrumb\",\"itemListElement\":[{\"@type\":\"ListItem\",\"position\":1,\"name\":\"Home\",\"item\":\"https:\/\/velooutlets.com\/\"},{\"@type\":\"ListItem\",\"position\":2,\"name\":\"Veikals\",\"item\":\"https:\/\/velooutlets.com\/shop\/\"},{\"@type\":\"ListItem\",\"position\":3,\"name\":\"Classic STREET 21 MEN\"}]},{\"@type\":\"WebSite\",\"@id\":\"https:\/\/velooutlets.com\/en\/#website\",\"url\":\"https:\/\/velooutlets.com\/en\/\",\"name\":\"Velo Outlets\",\"description\":\"Velosip\u0113di visai \u0123imenei\",\"potentialAction\":[{\"@type\":\"SearchAction\",\"target\":{\"@type\":\"EntryPoint\",\"urlTemplate\":\"https:\/\/velooutlets.com\/en\/?s={search_term_string}\"},\"query-input\":{\"@type\":\"PropertyValueSpecification\",\"valueRequired\":true,\"valueName\":\"search_term_string\"}}],\"inLanguage\":\"lt-LT\"}]}<\/script>\n<!-- \/ Yoast SEO plugin. -->","yoast_head_json":{"title":"Classic STREET 21 MEN - Velo Outlets","robots":{"index":"index","follow":"follow","max-snippet":"max-snippet:-1","max-image-preview":"max-image-preview:large","max-video-preview":"max-video-preview:-1"},"canonical":"https:\/\/velooutlets.com\/lt\/produktas\/classic-street-21-men\/","og_locale":"lt_LT","og_type":"article","og_title":"Classic STREET 21 MEN - Velo Outlets","og_description":"Classic STREET 21 MEN ir \u0113rts un daudzpus\u012bgs 28\u201d pils\u0113tas\/trekinga velosip\u0113ds, kas piem\u0113rots ikdienas braucieniem pa pils\u0113tu un mier\u012bgiem izbraucieniem ar\u012b \u0101rpus t\u0101s. Alum\u012bnija r\u0101mis nodro\u0161ina vieglu un pat\u012bkamu brauk\u0161anas saj\u016btu, bet City tipa amortiz\u0101cijas dak\u0161a ar 63 mm g\u0101jienu uzlabo komfortu uz nel\u012bdzeniem ce\u013ciem un bru\u0123a. Shimano Tourney 21 p\u0101rnesumu sist\u0113ma pied\u0101v\u0101 pietiekamu p\u0101rnesumu [&hellip;]","og_url":"https:\/\/velooutlets.com\/lt\/produktas\/classic-street-21-men\/","og_site_name":"Velo Outlets","article_modified_time":"2026-03-28T22:53:00+00:00","og_image":[{"width":1920,"height":1080,"url":"https:\/\/velooutlets.com\/wp-content\/uploads\/2025\/10\/29CA-21S-22-COL2.jpg","type":"image\/jpeg"}],"twitter_card":"summary_large_image","twitter_misc":{"Est. reading time":"1 minut\u0117"},"schema":{"@context":"https:\/\/schema.org","@graph":[{"@type":"WebPage","@id":"https:\/\/velooutlets.com\/products\/classic-street-21-men\/","url":"https:\/\/velooutlets.com\/products\/classic-street-21-men\/","name":"Classic STREET 21 MEN - Velo Outlets","isPartOf":{"@id":"https:\/\/velooutlets.com\/en\/#website"},"primaryImageOfPage":{"@id":"https:\/\/velooutlets.com\/products\/classic-street-21-men\/#primaryimage"},"image":{"@id":"https:\/\/velooutlets.com\/products\/classic-street-21-men\/#primaryimage"},"thumbnailUrl":"https:\/\/velooutlets.com\/wp-content\/uploads\/2025\/10\/29CA-21S-22-COL2.jpg","datePublished":"2025-10-08T07:07:13+00:00","dateModified":"2026-03-28T22:53:00+00:00","breadcrumb":{"@id":"https:\/\/velooutlets.com\/products\/classic-street-21-men\/#breadcrumb"},"inLanguage":"lt-LT","potentialAction":[{"@type":"ReadAction","target":["https:\/\/velooutlets.com\/products\/classic-street-21-men\/"]}]},{"@type":"ImageObject","inLanguage":"lt-LT","@id":"https:\/\/velooutlets.com\/products\/classic-street-21-men\/#primaryimage","url":"https:\/\/velooutlets.com\/wp-content\/uploads\/2025\/10\/29CA-21S-22-COL2.jpg","contentUrl":"https:\/\/velooutlets.com\/wp-content\/uploads\/2025\/10\/29CA-21S-22-COL2.jpg","width":1920,"height":1080},{"@type":"BreadcrumbList","@id":"https:\/\/velooutlets.com\/products\/classic-street-21-men\/#breadcrumb","itemListElement":[{"@type":"ListItem","position":1,"name":"Home","item":"https:\/\/velooutlets.com\/"},{"@type":"ListItem","position":2,"name":"Veikals","item":"https:\/\/velooutlets.com\/shop\/"},{"@type":"ListItem","position":3,"name":"Classic STREET 21 MEN"}]},{"@type":"WebSite","@id":"https:\/\/velooutlets.com\/en\/#website","url":"https:\/\/velooutlets.com\/en\/","name":"\"Velo Outlets","description":"Dvira\u010diai visai \u0161eimai","potentialAction":[{"@type":"SearchAction","target":{"@type":"EntryPoint","urlTemplate":"https:\/\/velooutlets.com\/en\/?s={search_term_string}"},"query-input":{"@type":"PropertyValueSpecification","valueRequired":true,"valueName":"search_term_string"}}],"inLanguage":"lt-LT"}]}},"jetpack_sharing_enabled":true,"_links":{"self":[{"href":"https:\/\/velooutlets.com\/lt\/wp-json\/wp\/v2\/product\/10931","targetHints":{"allow":["GET"]}}],"collection":[{"href":"https:\/\/velooutlets.com\/lt\/wp-json\/wp\/v2\/product"}],"about":[{"href":"https:\/\/velooutlets.com\/lt\/wp-json\/wp\/v2\/types\/product"}],"wp:featuredmedia":[{"embeddable":true,"href":"https:\/\/velooutlets.com\/lt\/wp-json\/wp\/v2\/media\/10969"}],"wp:attachment":[{"href":"https:\/\/velooutlets.com\/lt\/wp-json\/wp\/v2\/media?parent=10931"}],"wp:term":[{"taxonomy":"product_brand","embeddable":true,"href":"https:\/\/velooutlets.com\/lt\/wp-json\/wp\/v2\/product_brand?post=10931"},{"taxonomy":"product_cat","embeddable":true,"href":"https:\/\/velooutlets.com\/lt\/wp-json\/wp\/v2\/product_cat?post=10931"},{"taxonomy":"product_tag","embeddable":true,"href":"https:\/\/velooutlets.com\/lt\/wp-json\/wp\/v2\/product_tag?post=10931"}],"curies":[{"name":"wp","href":"https:\/\/api.w.org\/{rel}","templated":true}]}}