{"id":11073,"date":"2025-10-08T10:50:25","date_gmt":"2025-10-08T07:50:25","guid":{"rendered":"https:\/\/staging.velooutlets.com\/product\/aduro-3-0-titan-s\/"},"modified":"2026-03-18T13:20:58","modified_gmt":"2026-03-18T11:20:58","slug":"aduro-3-0-titan-s","status":"publish","type":"product","link":"https:\/\/velooutlets.com\/lt\/produktas\/aduro-3-0-titan-s\/","title":{"rendered":"Aduro 3.0 titan"},"content":{"rendered":"<p>\"ABUS Aduro 3.0\" yra universalus miesto ir \u017eygi\u0173 dviratinink\u0173 \u0161almas, kuriame sportinis dizainas dera su dideliu komfortu ir saugumu kasdien\u0117ms kelion\u0117ms. Jis tinka tiek miesto eismui, tiek aktyvesniam va\u017ein\u0117jimui lauke, u\u017etikrindamas patikim\u0105 apsaug\u0105 \u012fvairiomis s\u0105lygomis.<\/p>\n<p>\u0160almas pagamintas naudojant in-mold konstrukcij\u0105, kuri u\u017etikrina tvirt\u0105 ry\u0161\u012f tarp i\u0161orinio korpuso ir sm\u016bgius sugerian\u010dio EPS sluoksnio, ta\u010diau i\u0161laiko nedidel\u012f svor\u012f. Efektyvi ventiliacijos sistema su keliomis oro \u012fleidimo ir i\u0161leidimo angomis u\u017etikrina ger\u0105 oro cirkuliacij\u0105 ir komfort\u0105 va\u017eiuojant.<\/p>","protected":false},"excerpt":{"rendered":"<p>ABUS Aduro 3.0 ir daudzpus\u012bga pils\u0113tas un trekinga velo \u0137ivere, kas apvieno sportisku dizainu ar augstu komfortu un dro\u0161\u012bbu ikdienas braucieniem. T\u0101 ir piem\u0113rota gan pils\u0113tas satiksmei, gan akt\u012bv\u0101kai brauk\u0161anai \u0101rpus t\u0101s, nodro\u0161inot uzticamu aizsardz\u012bbu da\u017e\u0101dos apst\u0101k\u013cos. \u0136ivere izgatavota ar in-mold konstrukciju, kas nodro\u0161ina iztur\u012bgu savienojumu starp \u0101r\u0113jo apvalku un triecienu absorb\u0113jo\u0161o EPS sl\u0101ni, vienlaikus [&hellip;]<\/p>\n","protected":false},"featured_media":11900,"template":"","meta":{"_monsterinsights_skip_tracking":false,"_monsterinsights_sitenote_active":false,"_monsterinsights_sitenote_note":"","_monsterinsights_sitenote_category":0,"_iconic_wsb_product_page_order_bump_ids":[],"_sku":["8951162962187"],"_iconic_wsb_product_page_bump_modal_ids":[]},"product_brand":[1346],"product_cat":[910,992,994,1736,1137],"product_tag":[214,215,216,217],"class_list":{"0":"post-11073","1":"product","2":"type-product","3":"status-publish","4":"has-post-thumbnail","6":"product_brand-abus","7":"product_cat-aksesuari","8":"product_cat-kiveres","9":"product_cat-aizsargkiveres-pieaugusajiem","10":"product_cat-pilsetas-kiveres","11":"product_cat-viss-ekipejums","12":"product_tag-aizsargkiveres","13":"product_tag-kiveres","14":"product_tag-kiveres-pieaugusajiem","15":"product_tag-kiveres-pusaudziem","16":"product_shipping_class-aksesuari","17":"ts_product_brand-abus","19":"first","20":"instock","21":"taxable","22":"shipping-taxable","23":"purchasable","24":"product-type-simple"},"yoast_head":"<!-- This site is optimized with the Yoast SEO plugin v27.2 - https:\/\/yoast.com\/product\/yoast-seo-wordpress\/ -->\n<title>Aduro 3.0 titan - Velo Outlets<\/title>\n<meta name=\"robots\" content=\"index, follow, max-snippet:-1, max-image-preview:large, max-video-preview:-1\" \/>\n<link rel=\"canonical\" href=\"https:\/\/velooutlets.com\/lt\/produktas\/aduro-3-0-titan-s\/\" \/>\n<meta property=\"og:locale\" content=\"lt_LT\" \/>\n<meta property=\"og:type\" content=\"article\" \/>\n<meta property=\"og:title\" content=\"Aduro 3.0 titan - Velo Outlets\" \/>\n<meta property=\"og:description\" content=\"ABUS Aduro 3.0 ir daudzpus\u012bga pils\u0113tas un trekinga velo \u0137ivere, kas apvieno sportisku dizainu ar augstu komfortu un dro\u0161\u012bbu ikdienas braucieniem. T\u0101 ir piem\u0113rota gan pils\u0113tas satiksmei, gan akt\u012bv\u0101kai brauk\u0161anai \u0101rpus t\u0101s, nodro\u0161inot uzticamu aizsardz\u012bbu da\u017e\u0101dos apst\u0101k\u013cos. \u0136ivere izgatavota ar in-mold konstrukciju, kas nodro\u0161ina iztur\u012bgu savienojumu starp \u0101r\u0113jo apvalku un triecienu absorb\u0113jo\u0161o EPS sl\u0101ni, vienlaikus [&hellip;]\" \/>\n<meta property=\"og:url\" content=\"https:\/\/velooutlets.com\/lt\/produktas\/aduro-3-0-titan-s\/\" \/>\n<meta property=\"og:site_name\" content=\"Velo Outlets\" \/>\n<meta property=\"article:modified_time\" content=\"2026-03-18T11:20:58+00:00\" \/>\n<meta property=\"og:image\" content=\"https:\/\/velooutlets.com\/wp-content\/uploads\/2025\/10\/91273_ADURO-3.0_TITAN_SIDE_abus_1920_5694e9b6-b1c0-4b63-aa85-4bd05919c917.jpg\" \/>\n\t<meta property=\"og:image:width\" content=\"1920\" \/>\n\t<meta property=\"og:image:height\" content=\"1701\" \/>\n\t<meta property=\"og:image:type\" content=\"image\/jpeg\" \/>\n<meta name=\"twitter:card\" content=\"summary_large_image\" \/>\n<meta name=\"twitter:label1\" content=\"Est. reading time\" \/>\n\t<meta name=\"twitter:data1\" content=\"1 minut\u0117\" \/>\n<script type=\"application\/ld+json\" class=\"yoast-schema-graph\">{\"@context\":\"https:\/\/schema.org\",\"@graph\":[{\"@type\":\"WebPage\",\"@id\":\"https:\/\/velooutlets.com\/products\/aduro-3-0-titan-s\/\",\"url\":\"https:\/\/velooutlets.com\/products\/aduro-3-0-titan-s\/\",\"name\":\"Aduro 3.0 titan - Velo Outlets\",\"isPartOf\":{\"@id\":\"https:\/\/velooutlets.com\/en\/#website\"},\"primaryImageOfPage\":{\"@id\":\"https:\/\/velooutlets.com\/products\/aduro-3-0-titan-s\/#primaryimage\"},\"image\":{\"@id\":\"https:\/\/velooutlets.com\/products\/aduro-3-0-titan-s\/#primaryimage\"},\"thumbnailUrl\":\"https:\/\/velooutlets.com\/wp-content\/uploads\/2025\/10\/91273_ADURO-3.0_TITAN_SIDE_abus_1920_5694e9b6-b1c0-4b63-aa85-4bd05919c917.jpg\",\"datePublished\":\"2025-10-08T07:50:25+00:00\",\"dateModified\":\"2026-03-18T11:20:58+00:00\",\"breadcrumb\":{\"@id\":\"https:\/\/velooutlets.com\/products\/aduro-3-0-titan-s\/#breadcrumb\"},\"inLanguage\":\"lt-LT\",\"potentialAction\":[{\"@type\":\"ReadAction\",\"target\":[\"https:\/\/velooutlets.com\/products\/aduro-3-0-titan-s\/\"]}]},{\"@type\":\"ImageObject\",\"inLanguage\":\"lt-LT\",\"@id\":\"https:\/\/velooutlets.com\/products\/aduro-3-0-titan-s\/#primaryimage\",\"url\":\"https:\/\/velooutlets.com\/wp-content\/uploads\/2025\/10\/91273_ADURO-3.0_TITAN_SIDE_abus_1920_5694e9b6-b1c0-4b63-aa85-4bd05919c917.jpg\",\"contentUrl\":\"https:\/\/velooutlets.com\/wp-content\/uploads\/2025\/10\/91273_ADURO-3.0_TITAN_SIDE_abus_1920_5694e9b6-b1c0-4b63-aa85-4bd05919c917.jpg\",\"width\":1920,\"height\":1701},{\"@type\":\"BreadcrumbList\",\"@id\":\"https:\/\/velooutlets.com\/products\/aduro-3-0-titan-s\/#breadcrumb\",\"itemListElement\":[{\"@type\":\"ListItem\",\"position\":1,\"name\":\"Home\",\"item\":\"https:\/\/velooutlets.com\/\"},{\"@type\":\"ListItem\",\"position\":2,\"name\":\"Veikals\",\"item\":\"https:\/\/velooutlets.com\/shop\/\"},{\"@type\":\"ListItem\",\"position\":3,\"name\":\"Aduro 3.0 titan\"}]},{\"@type\":\"WebSite\",\"@id\":\"https:\/\/velooutlets.com\/en\/#website\",\"url\":\"https:\/\/velooutlets.com\/en\/\",\"name\":\"Velo Outlets\",\"description\":\"Velosip\u0113di visai \u0123imenei\",\"potentialAction\":[{\"@type\":\"SearchAction\",\"target\":{\"@type\":\"EntryPoint\",\"urlTemplate\":\"https:\/\/velooutlets.com\/en\/?s={search_term_string}\"},\"query-input\":{\"@type\":\"PropertyValueSpecification\",\"valueRequired\":true,\"valueName\":\"search_term_string\"}}],\"inLanguage\":\"lt-LT\"}]}<\/script>\n<!-- \/ Yoast SEO plugin. -->","yoast_head_json":{"title":"Aduro 3.0 titan - Velo Outlets","robots":{"index":"index","follow":"follow","max-snippet":"max-snippet:-1","max-image-preview":"max-image-preview:large","max-video-preview":"max-video-preview:-1"},"canonical":"https:\/\/velooutlets.com\/lt\/produktas\/aduro-3-0-titan-s\/","og_locale":"lt_LT","og_type":"article","og_title":"Aduro 3.0 titan - Velo Outlets","og_description":"ABUS Aduro 3.0 ir daudzpus\u012bga pils\u0113tas un trekinga velo \u0137ivere, kas apvieno sportisku dizainu ar augstu komfortu un dro\u0161\u012bbu ikdienas braucieniem. T\u0101 ir piem\u0113rota gan pils\u0113tas satiksmei, gan akt\u012bv\u0101kai brauk\u0161anai \u0101rpus t\u0101s, nodro\u0161inot uzticamu aizsardz\u012bbu da\u017e\u0101dos apst\u0101k\u013cos. \u0136ivere izgatavota ar in-mold konstrukciju, kas nodro\u0161ina iztur\u012bgu savienojumu starp \u0101r\u0113jo apvalku un triecienu absorb\u0113jo\u0161o EPS sl\u0101ni, vienlaikus [&hellip;]","og_url":"https:\/\/velooutlets.com\/lt\/produktas\/aduro-3-0-titan-s\/","og_site_name":"Velo Outlets","article_modified_time":"2026-03-18T11:20:58+00:00","og_image":[{"width":1920,"height":1701,"url":"https:\/\/velooutlets.com\/wp-content\/uploads\/2025\/10\/91273_ADURO-3.0_TITAN_SIDE_abus_1920_5694e9b6-b1c0-4b63-aa85-4bd05919c917.jpg","type":"image\/jpeg"}],"twitter_card":"summary_large_image","twitter_misc":{"Est. reading time":"1 minut\u0117"},"schema":{"@context":"https:\/\/schema.org","@graph":[{"@type":"WebPage","@id":"https:\/\/velooutlets.com\/products\/aduro-3-0-titan-s\/","url":"https:\/\/velooutlets.com\/products\/aduro-3-0-titan-s\/","name":"Aduro 3.0 titan - Velo Outlets","isPartOf":{"@id":"https:\/\/velooutlets.com\/en\/#website"},"primaryImageOfPage":{"@id":"https:\/\/velooutlets.com\/products\/aduro-3-0-titan-s\/#primaryimage"},"image":{"@id":"https:\/\/velooutlets.com\/products\/aduro-3-0-titan-s\/#primaryimage"},"thumbnailUrl":"https:\/\/velooutlets.com\/wp-content\/uploads\/2025\/10\/91273_ADURO-3.0_TITAN_SIDE_abus_1920_5694e9b6-b1c0-4b63-aa85-4bd05919c917.jpg","datePublished":"2025-10-08T07:50:25+00:00","dateModified":"2026-03-18T11:20:58+00:00","breadcrumb":{"@id":"https:\/\/velooutlets.com\/products\/aduro-3-0-titan-s\/#breadcrumb"},"inLanguage":"lt-LT","potentialAction":[{"@type":"ReadAction","target":["https:\/\/velooutlets.com\/products\/aduro-3-0-titan-s\/"]}]},{"@type":"ImageObject","inLanguage":"lt-LT","@id":"https:\/\/velooutlets.com\/products\/aduro-3-0-titan-s\/#primaryimage","url":"https:\/\/velooutlets.com\/wp-content\/uploads\/2025\/10\/91273_ADURO-3.0_TITAN_SIDE_abus_1920_5694e9b6-b1c0-4b63-aa85-4bd05919c917.jpg","contentUrl":"https:\/\/velooutlets.com\/wp-content\/uploads\/2025\/10\/91273_ADURO-3.0_TITAN_SIDE_abus_1920_5694e9b6-b1c0-4b63-aa85-4bd05919c917.jpg","width":1920,"height":1701},{"@type":"BreadcrumbList","@id":"https:\/\/velooutlets.com\/products\/aduro-3-0-titan-s\/#breadcrumb","itemListElement":[{"@type":"ListItem","position":1,"name":"Home","item":"https:\/\/velooutlets.com\/"},{"@type":"ListItem","position":2,"name":"Veikals","item":"https:\/\/velooutlets.com\/shop\/"},{"@type":"ListItem","position":3,"name":"Aduro 3.0 titan"}]},{"@type":"WebSite","@id":"https:\/\/velooutlets.com\/en\/#website","url":"https:\/\/velooutlets.com\/en\/","name":"\"Velo Outlets","description":"Dvira\u010diai visai \u0161eimai","potentialAction":[{"@type":"SearchAction","target":{"@type":"EntryPoint","urlTemplate":"https:\/\/velooutlets.com\/en\/?s={search_term_string}"},"query-input":{"@type":"PropertyValueSpecification","valueRequired":true,"valueName":"search_term_string"}}],"inLanguage":"lt-LT"}]}},"jetpack_sharing_enabled":true,"_links":{"self":[{"href":"https:\/\/velooutlets.com\/lt\/wp-json\/wp\/v2\/product\/11073","targetHints":{"allow":["GET"]}}],"collection":[{"href":"https:\/\/velooutlets.com\/lt\/wp-json\/wp\/v2\/product"}],"about":[{"href":"https:\/\/velooutlets.com\/lt\/wp-json\/wp\/v2\/types\/product"}],"wp:featuredmedia":[{"embeddable":true,"href":"https:\/\/velooutlets.com\/lt\/wp-json\/wp\/v2\/media\/11900"}],"wp:attachment":[{"href":"https:\/\/velooutlets.com\/lt\/wp-json\/wp\/v2\/media?parent=11073"}],"wp:term":[{"taxonomy":"product_brand","embeddable":true,"href":"https:\/\/velooutlets.com\/lt\/wp-json\/wp\/v2\/product_brand?post=11073"},{"taxonomy":"product_cat","embeddable":true,"href":"https:\/\/velooutlets.com\/lt\/wp-json\/wp\/v2\/product_cat?post=11073"},{"taxonomy":"product_tag","embeddable":true,"href":"https:\/\/velooutlets.com\/lt\/wp-json\/wp\/v2\/product_tag?post=11073"}],"curies":[{"name":"wp","href":"https:\/\/api.w.org\/{rel}","templated":true}]}}