{"id":11098,"date":"2025-10-08T07:50:42","date_gmt":"2025-10-08T07:50:42","guid":{"rendered":"https:\/\/staging.velooutlets.com\/product\/airbreaker-polar-white-matt-s\/"},"modified":"2026-04-18T14:36:03","modified_gmt":"2026-04-18T11:36:03","slug":"airbreaker-polar-white-matt-s","status":"publish","type":"product","link":"https:\/\/velooutlets.com\/lt\/produktas\/airbreaker-polar-white-matt-s\/","title":{"rendered":"\"AirBreaker\" poliarin\u0117s baltos matin\u0117s spalvos"},"content":{"rendered":"<p>\"ABUS AirBreaker\" yra auk\u0161tos kokyb\u0117s dviratininko \u0161almas, skirtas lenktynininkams ir reikliems dviratininkams. Jis u\u017etikrina maksimal\u0173 na\u0161um\u0105 ir komfort\u0105 va\u017eiuojant sta\u010diomis \u012fkaln\u0117mis ir greituose sprintuose, padeda i\u0161likti stabiliam ir saugiam kiekvieno va\u017eiavimo metu.<br \/>\nNaujovi\u0161kas \"Multi Speed\" dizainas su korio strukt\u016bros elementais u\u017etikrina puiki\u0105 aerodinamik\u0105 ir efektyvi\u0105 ventiliacij\u0105. Ventiliacijos sistema oro sraut\u0105 pritaiko prie va\u017eiavimo s\u0105lyg\u0173, u\u017etikrindama intensyv\u0173 v\u0117sinim\u0105 kaln\u0173 ruo\u017euose ir optimali\u0105 aerodinamik\u0105 greituose, lygiuose takuose. ABUS AirBreaker dviratininko \u0161almas yra idealus pasirinkimas sportininkams, norintiems maksimalaus grei\u010dio, komforto ir saugumo.<\/p>","protected":false},"excerpt":{"rendered":"<p>ABUS AirBreaker ir augstas veiktsp\u0113jas velosip\u0113da \u0137ivere, kas izstr\u0101d\u0101ta sacens\u012bb\u0101m un pras\u012bgiem velobrauc\u0113jiem. T\u0101 nodro\u0161ina maksim\u0101lu veiktsp\u0113ju un komfortu gan st\u0101vos k\u0101pumos, gan liel\u0101 \u0101trum\u0101 sprinta posmos, pal\u012bdzot saglab\u0101t stabilit\u0101ti un dro\u0161\u012bbu katr\u0101 braucien\u0101. Inovat\u012bvais Multi Speed dizains ar \u0161\u016bnveida strukt\u016bru nodro\u0161ina izcilu aerodinamiku un efekt\u012bvu ventil\u0101ciju. Ventil\u0101cijas sist\u0113ma piel\u0101go gaisa pl\u016bsmu brauk\u0161anas apst\u0101k\u013ciem, nodro\u0161inot [&hellip;]<\/p>\n","protected":false},"featured_media":11885,"template":"","meta":{"_monsterinsights_skip_tracking":false,"_monsterinsights_sitenote_active":false,"_monsterinsights_sitenote_note":"","_monsterinsights_sitenote_category":0,"_iconic_wsb_product_page_order_bump_ids":[],"_sku":["8951117971723"],"_iconic_wsb_product_page_bump_modal_ids":[]},"product_brand":[1346],"product_cat":[910,992,994,1735],"product_tag":[214,215,216],"class_list":{"0":"post-11098","1":"product","2":"type-product","3":"status-publish","4":"has-post-thumbnail","6":"product_brand-abus","7":"product_cat-aksesuari","8":"product_cat-kiveres","9":"product_cat-aizsargkiveres-pieaugusajiem","10":"product_cat-sosejas-kiveres","11":"product_tag-aizsargkiveres","12":"product_tag-kiveres","13":"product_tag-kiveres-pieaugusajiem","14":"product_shipping_class-aksesuari","15":"ts_product_brand-abus","17":"first","18":"instock","19":"taxable","20":"shipping-taxable","21":"purchasable","22":"product-type-simple"},"yoast_head":"<!-- This site is optimized with the Yoast SEO plugin v27.2 - https:\/\/yoast.com\/product\/yoast-seo-wordpress\/ -->\n<title>AirBreaker polar white matt - Velo Outlets<\/title>\n<meta name=\"robots\" content=\"index, follow, max-snippet:-1, max-image-preview:large, max-video-preview:-1\" \/>\n<link rel=\"canonical\" href=\"https:\/\/velooutlets.com\/lt\/produktas\/airbreaker-polar-white-matt-s\/\" \/>\n<meta property=\"og:locale\" content=\"lt_LT\" \/>\n<meta property=\"og:type\" content=\"article\" \/>\n<meta property=\"og:title\" content=\"AirBreaker polar white matt - Velo Outlets\" \/>\n<meta property=\"og:description\" content=\"ABUS AirBreaker ir augstas veiktsp\u0113jas velosip\u0113da \u0137ivere, kas izstr\u0101d\u0101ta sacens\u012bb\u0101m un pras\u012bgiem velobrauc\u0113jiem. T\u0101 nodro\u0161ina maksim\u0101lu veiktsp\u0113ju un komfortu gan st\u0101vos k\u0101pumos, gan liel\u0101 \u0101trum\u0101 sprinta posmos, pal\u012bdzot saglab\u0101t stabilit\u0101ti un dro\u0161\u012bbu katr\u0101 braucien\u0101. Inovat\u012bvais Multi Speed dizains ar \u0161\u016bnveida strukt\u016bru nodro\u0161ina izcilu aerodinamiku un efekt\u012bvu ventil\u0101ciju. Ventil\u0101cijas sist\u0113ma piel\u0101go gaisa pl\u016bsmu brauk\u0161anas apst\u0101k\u013ciem, nodro\u0161inot [&hellip;]\" \/>\n<meta property=\"og:url\" content=\"https:\/\/velooutlets.com\/lt\/produktas\/airbreaker-polar-white-matt-s\/\" \/>\n<meta property=\"og:site_name\" content=\"Velo Outlets\" \/>\n<meta property=\"article:modified_time\" content=\"2026-04-18T11:36:03+00:00\" \/>\n<meta property=\"og:image\" content=\"https:\/\/velooutlets.com\/wp-content\/uploads\/2025\/10\/97981_AIRBREAKER_POLAR-WHITE_SIDE_abus_1920_69d1ecf0-298c-456a-9105-cca6ce1446e0.jpg\" \/>\n\t<meta property=\"og:image:width\" content=\"1920\" \/>\n\t<meta property=\"og:image:height\" content=\"1974\" \/>\n\t<meta property=\"og:image:type\" content=\"image\/jpeg\" \/>\n<meta name=\"twitter:card\" content=\"summary_large_image\" \/>\n<meta name=\"twitter:label1\" content=\"Est. reading time\" \/>\n\t<meta name=\"twitter:data1\" content=\"1 minut\u0117\" \/>\n<script type=\"application\/ld+json\" class=\"yoast-schema-graph\">{\"@context\":\"https:\/\/schema.org\",\"@graph\":[{\"@type\":\"WebPage\",\"@id\":\"https:\/\/velooutlets.com\/products\/airbreaker-polar-white-matt-s\/\",\"url\":\"https:\/\/velooutlets.com\/products\/airbreaker-polar-white-matt-s\/\",\"name\":\"AirBreaker polar white matt - Velo Outlets\",\"isPartOf\":{\"@id\":\"https:\/\/velooutlets.com\/en\/#website\"},\"primaryImageOfPage\":{\"@id\":\"https:\/\/velooutlets.com\/products\/airbreaker-polar-white-matt-s\/#primaryimage\"},\"image\":{\"@id\":\"https:\/\/velooutlets.com\/products\/airbreaker-polar-white-matt-s\/#primaryimage\"},\"thumbnailUrl\":\"https:\/\/velooutlets.com\/wp-content\/uploads\/2025\/10\/97981_AIRBREAKER_POLAR-WHITE_SIDE_abus_1920_69d1ecf0-298c-456a-9105-cca6ce1446e0.jpg\",\"datePublished\":\"2025-10-08T07:50:42+00:00\",\"dateModified\":\"2026-04-18T11:36:03+00:00\",\"breadcrumb\":{\"@id\":\"https:\/\/velooutlets.com\/products\/airbreaker-polar-white-matt-s\/#breadcrumb\"},\"inLanguage\":\"lt-LT\",\"potentialAction\":[{\"@type\":\"ReadAction\",\"target\":[\"https:\/\/velooutlets.com\/products\/airbreaker-polar-white-matt-s\/\"]}]},{\"@type\":\"ImageObject\",\"inLanguage\":\"lt-LT\",\"@id\":\"https:\/\/velooutlets.com\/products\/airbreaker-polar-white-matt-s\/#primaryimage\",\"url\":\"https:\/\/velooutlets.com\/wp-content\/uploads\/2025\/10\/97981_AIRBREAKER_POLAR-WHITE_SIDE_abus_1920_69d1ecf0-298c-456a-9105-cca6ce1446e0.jpg\",\"contentUrl\":\"https:\/\/velooutlets.com\/wp-content\/uploads\/2025\/10\/97981_AIRBREAKER_POLAR-WHITE_SIDE_abus_1920_69d1ecf0-298c-456a-9105-cca6ce1446e0.jpg\",\"width\":1920,\"height\":1974},{\"@type\":\"BreadcrumbList\",\"@id\":\"https:\/\/velooutlets.com\/products\/airbreaker-polar-white-matt-s\/#breadcrumb\",\"itemListElement\":[{\"@type\":\"ListItem\",\"position\":1,\"name\":\"Home\",\"item\":\"https:\/\/velooutlets.com\/\"},{\"@type\":\"ListItem\",\"position\":2,\"name\":\"Veikals\",\"item\":\"https:\/\/velooutlets.com\/shop\/\"},{\"@type\":\"ListItem\",\"position\":3,\"name\":\"AirBreaker polar white matt\"}]},{\"@type\":\"WebSite\",\"@id\":\"https:\/\/velooutlets.com\/en\/#website\",\"url\":\"https:\/\/velooutlets.com\/en\/\",\"name\":\"Velo Outlets\",\"description\":\"Velosip\u0113di visai \u0123imenei\",\"potentialAction\":[{\"@type\":\"SearchAction\",\"target\":{\"@type\":\"EntryPoint\",\"urlTemplate\":\"https:\/\/velooutlets.com\/en\/?s={search_term_string}\"},\"query-input\":{\"@type\":\"PropertyValueSpecification\",\"valueRequired\":true,\"valueName\":\"search_term_string\"}}],\"inLanguage\":\"lt-LT\"}]}<\/script>\n<!-- \/ Yoast SEO plugin. -->","yoast_head_json":{"title":"AirBreaker polar white matt - Velo Outlets","robots":{"index":"index","follow":"follow","max-snippet":"max-snippet:-1","max-image-preview":"max-image-preview:large","max-video-preview":"max-video-preview:-1"},"canonical":"https:\/\/velooutlets.com\/lt\/produktas\/airbreaker-polar-white-matt-s\/","og_locale":"lt_LT","og_type":"article","og_title":"AirBreaker polar white matt - Velo Outlets","og_description":"ABUS AirBreaker ir augstas veiktsp\u0113jas velosip\u0113da \u0137ivere, kas izstr\u0101d\u0101ta sacens\u012bb\u0101m un pras\u012bgiem velobrauc\u0113jiem. T\u0101 nodro\u0161ina maksim\u0101lu veiktsp\u0113ju un komfortu gan st\u0101vos k\u0101pumos, gan liel\u0101 \u0101trum\u0101 sprinta posmos, pal\u012bdzot saglab\u0101t stabilit\u0101ti un dro\u0161\u012bbu katr\u0101 braucien\u0101. Inovat\u012bvais Multi Speed dizains ar \u0161\u016bnveida strukt\u016bru nodro\u0161ina izcilu aerodinamiku un efekt\u012bvu ventil\u0101ciju. Ventil\u0101cijas sist\u0113ma piel\u0101go gaisa pl\u016bsmu brauk\u0161anas apst\u0101k\u013ciem, nodro\u0161inot [&hellip;]","og_url":"https:\/\/velooutlets.com\/lt\/produktas\/airbreaker-polar-white-matt-s\/","og_site_name":"Velo Outlets","article_modified_time":"2026-04-18T11:36:03+00:00","og_image":[{"width":1920,"height":1974,"url":"https:\/\/velooutlets.com\/wp-content\/uploads\/2025\/10\/97981_AIRBREAKER_POLAR-WHITE_SIDE_abus_1920_69d1ecf0-298c-456a-9105-cca6ce1446e0.jpg","type":"image\/jpeg"}],"twitter_card":"summary_large_image","twitter_misc":{"Est. reading time":"1 minut\u0117"},"schema":{"@context":"https:\/\/schema.org","@graph":[{"@type":"WebPage","@id":"https:\/\/velooutlets.com\/products\/airbreaker-polar-white-matt-s\/","url":"https:\/\/velooutlets.com\/products\/airbreaker-polar-white-matt-s\/","name":"AirBreaker polar white matt - Velo Outlets","isPartOf":{"@id":"https:\/\/velooutlets.com\/en\/#website"},"primaryImageOfPage":{"@id":"https:\/\/velooutlets.com\/products\/airbreaker-polar-white-matt-s\/#primaryimage"},"image":{"@id":"https:\/\/velooutlets.com\/products\/airbreaker-polar-white-matt-s\/#primaryimage"},"thumbnailUrl":"https:\/\/velooutlets.com\/wp-content\/uploads\/2025\/10\/97981_AIRBREAKER_POLAR-WHITE_SIDE_abus_1920_69d1ecf0-298c-456a-9105-cca6ce1446e0.jpg","datePublished":"2025-10-08T07:50:42+00:00","dateModified":"2026-04-18T11:36:03+00:00","breadcrumb":{"@id":"https:\/\/velooutlets.com\/products\/airbreaker-polar-white-matt-s\/#breadcrumb"},"inLanguage":"lt-LT","potentialAction":[{"@type":"ReadAction","target":["https:\/\/velooutlets.com\/products\/airbreaker-polar-white-matt-s\/"]}]},{"@type":"ImageObject","inLanguage":"lt-LT","@id":"https:\/\/velooutlets.com\/products\/airbreaker-polar-white-matt-s\/#primaryimage","url":"https:\/\/velooutlets.com\/wp-content\/uploads\/2025\/10\/97981_AIRBREAKER_POLAR-WHITE_SIDE_abus_1920_69d1ecf0-298c-456a-9105-cca6ce1446e0.jpg","contentUrl":"https:\/\/velooutlets.com\/wp-content\/uploads\/2025\/10\/97981_AIRBREAKER_POLAR-WHITE_SIDE_abus_1920_69d1ecf0-298c-456a-9105-cca6ce1446e0.jpg","width":1920,"height":1974},{"@type":"BreadcrumbList","@id":"https:\/\/velooutlets.com\/products\/airbreaker-polar-white-matt-s\/#breadcrumb","itemListElement":[{"@type":"ListItem","position":1,"name":"Home","item":"https:\/\/velooutlets.com\/"},{"@type":"ListItem","position":2,"name":"Veikals","item":"https:\/\/velooutlets.com\/shop\/"},{"@type":"ListItem","position":3,"name":"AirBreaker polar white matt"}]},{"@type":"WebSite","@id":"https:\/\/velooutlets.com\/en\/#website","url":"https:\/\/velooutlets.com\/en\/","name":"\"Velo Outlets","description":"Dvira\u010diai visai \u0161eimai","potentialAction":[{"@type":"SearchAction","target":{"@type":"EntryPoint","urlTemplate":"https:\/\/velooutlets.com\/en\/?s={search_term_string}"},"query-input":{"@type":"PropertyValueSpecification","valueRequired":true,"valueName":"search_term_string"}}],"inLanguage":"lt-LT"}]}},"jetpack_sharing_enabled":true,"_links":{"self":[{"href":"https:\/\/velooutlets.com\/lt\/wp-json\/wp\/v2\/product\/11098","targetHints":{"allow":["GET"]}}],"collection":[{"href":"https:\/\/velooutlets.com\/lt\/wp-json\/wp\/v2\/product"}],"about":[{"href":"https:\/\/velooutlets.com\/lt\/wp-json\/wp\/v2\/types\/product"}],"wp:featuredmedia":[{"embeddable":true,"href":"https:\/\/velooutlets.com\/lt\/wp-json\/wp\/v2\/media\/11885"}],"wp:attachment":[{"href":"https:\/\/velooutlets.com\/lt\/wp-json\/wp\/v2\/media?parent=11098"}],"wp:term":[{"taxonomy":"product_brand","embeddable":true,"href":"https:\/\/velooutlets.com\/lt\/wp-json\/wp\/v2\/product_brand?post=11098"},{"taxonomy":"product_cat","embeddable":true,"href":"https:\/\/velooutlets.com\/lt\/wp-json\/wp\/v2\/product_cat?post=11098"},{"taxonomy":"product_tag","embeddable":true,"href":"https:\/\/velooutlets.com\/lt\/wp-json\/wp\/v2\/product_tag?post=11098"}],"curies":[{"name":"wp","href":"https:\/\/api.w.org\/{rel}","templated":true}]}}