{"id":11187,"date":"2025-10-08T07:51:48","date_gmt":"2025-10-08T07:51:48","guid":{"rendered":"https:\/\/staging.velooutlets.com\/product\/macator-signal-yellow-m\/"},"modified":"2026-04-01T17:09:44","modified_gmt":"2026-04-01T14:09:44","slug":"macator-signal-yellow","status":"publish","type":"product","link":"https:\/\/velooutlets.com\/lt\/produktas\/macator-signal-yellow\/","title":{"rendered":"MACATOR signalas geltonas"},"content":{"rendered":"<p>\"ABUS Macator\" yra universalus keli\u0173 \u0161almas pradedantiesiems ir nuolatiniams dviratininkams, ie\u0161kantiems patikimo ir patogaus sprendimo kasdien\u0117ms treniruot\u0117ms. Jame suderinta lengva konstrukcija ir gera ventiliacija, u\u017etikrinanti malon\u0173 va\u017eiavim\u0105 \u012fvairiomis s\u0105lygomis.<\/p>\n<p>\u0160almo ventiliacijos sistema skatina efektyvi\u0105 oro cirkuliacij\u0105, tod\u0117l net ir ilgesni\u0173 kelioni\u0173 metu i\u0161liksite v\u0117s\u016bs. Aerodinamin\u0117 forma pagerina va\u017eiavimo efektyvum\u0105, o tiksli reguliavimo sistema u\u017etikrina saug\u0173 ir stabil\u0173 prigludim\u0105.<\/p>","protected":false},"excerpt":{"rendered":"<p>ABUS Macator ir daudzpus\u012bga \u0161osejas \u0137ivere, kas paredz\u0113ta gan ies\u0101c\u0113jiem, gan regul\u0101riem brauc\u0113jiem, kuri mekl\u0113 uzticamu un komfortablu risin\u0101jumu ikdienas treni\u0146iem. T\u0101 apvieno vieglu konstrukciju ar labu ventil\u0101ciju, nodro\u0161inot pat\u012bkamu brauk\u0161anas pieredzi da\u017e\u0101dos apst\u0101k\u013cos. \u0136iveres ventil\u0101cijas sist\u0113ma veicina efekt\u012bvu gaisa cirkul\u0101ciju, pal\u012bdzot saglab\u0101t v\u0113sumu ar\u012b ilg\u0101kos braucienos. Aerodinamisk\u0101 forma uzlabo brauk\u0161anas efektivit\u0101ti, savuk\u0101rt prec\u012bz\u0101 regul\u0113\u0161anas [&hellip;]<\/p>\n","protected":false},"featured_media":11191,"template":"","meta":{"_monsterinsights_skip_tracking":false,"_monsterinsights_sitenote_active":false,"_monsterinsights_sitenote_note":"","_monsterinsights_sitenote_category":0,"_iconic_wsb_product_page_order_bump_ids":[[]],"_sku":[],"_iconic_wsb_product_page_bump_modal_ids":[[]]},"product_brand":[1346],"product_cat":[910,992,994,1735],"product_tag":[214,215,216,217],"class_list":{"0":"post-11187","1":"product","2":"type-product","3":"status-publish","4":"has-post-thumbnail","6":"product_brand-abus","7":"product_cat-aksesuari","8":"product_cat-kiveres","9":"product_cat-aizsargkiveres-pieaugusajiem","10":"product_cat-sosejas-kiveres","11":"product_tag-aizsargkiveres","12":"product_tag-kiveres","13":"product_tag-kiveres-pieaugusajiem","14":"product_tag-kiveres-pusaudziem","15":"product_shipping_class-aksesuari","16":"ts_product_brand-abus","18":"first","19":"instock","20":"taxable","21":"shipping-taxable","22":"purchasable","23":"product-type-variable","24":"wvs-archive-product-wrapper"},"yoast_head":"<!-- This site is optimized with the Yoast SEO plugin v27.2 - https:\/\/yoast.com\/product\/yoast-seo-wordpress\/ -->\n<title>MACATOR signal yellow - Velo Outlets<\/title>\n<meta name=\"robots\" content=\"index, follow, max-snippet:-1, max-image-preview:large, max-video-preview:-1\" \/>\n<link rel=\"canonical\" href=\"https:\/\/velooutlets.com\/lt\/produktas\/macator-signal-yellow\/\" \/>\n<meta property=\"og:locale\" content=\"lt_LT\" \/>\n<meta property=\"og:type\" content=\"article\" \/>\n<meta property=\"og:title\" content=\"MACATOR signal yellow - Velo Outlets\" \/>\n<meta property=\"og:description\" content=\"ABUS Macator ir daudzpus\u012bga \u0161osejas \u0137ivere, kas paredz\u0113ta gan ies\u0101c\u0113jiem, gan regul\u0101riem brauc\u0113jiem, kuri mekl\u0113 uzticamu un komfortablu risin\u0101jumu ikdienas treni\u0146iem. T\u0101 apvieno vieglu konstrukciju ar labu ventil\u0101ciju, nodro\u0161inot pat\u012bkamu brauk\u0161anas pieredzi da\u017e\u0101dos apst\u0101k\u013cos. \u0136iveres ventil\u0101cijas sist\u0113ma veicina efekt\u012bvu gaisa cirkul\u0101ciju, pal\u012bdzot saglab\u0101t v\u0113sumu ar\u012b ilg\u0101kos braucienos. Aerodinamisk\u0101 forma uzlabo brauk\u0161anas efektivit\u0101ti, savuk\u0101rt prec\u012bz\u0101 regul\u0113\u0161anas [&hellip;]\" \/>\n<meta property=\"og:url\" content=\"https:\/\/velooutlets.com\/lt\/produktas\/macator-signal-yellow\/\" \/>\n<meta property=\"og:site_name\" content=\"Velo Outlets\" \/>\n<meta property=\"article:modified_time\" content=\"2026-04-01T14:09:44+00:00\" \/>\n<meta property=\"og:image\" content=\"https:\/\/velooutlets.com\/wp-content\/uploads\/2025\/10\/87230_Macator_signal_yellow_side_SK_Vizor_abus_1920_98a19d56-5b2a-4103-b42e-463c423f686d.jpg\" \/>\n\t<meta property=\"og:image:width\" content=\"1920\" \/>\n\t<meta property=\"og:image:height\" content=\"1739\" \/>\n\t<meta property=\"og:image:type\" content=\"image\/jpeg\" \/>\n<meta name=\"twitter:card\" content=\"summary_large_image\" \/>\n<meta name=\"twitter:label1\" content=\"Est. reading time\" \/>\n\t<meta name=\"twitter:data1\" content=\"1 minut\u0117\" \/>\n<script type=\"application\/ld+json\" class=\"yoast-schema-graph\">{\"@context\":\"https:\/\/schema.org\",\"@graph\":[{\"@type\":\"WebPage\",\"@id\":\"https:\/\/velooutlets.com\/products\/macator-signal-yellow\/\",\"url\":\"https:\/\/velooutlets.com\/products\/macator-signal-yellow\/\",\"name\":\"MACATOR signal yellow - Velo Outlets\",\"isPartOf\":{\"@id\":\"https:\/\/velooutlets.com\/en\/#website\"},\"primaryImageOfPage\":{\"@id\":\"https:\/\/velooutlets.com\/products\/macator-signal-yellow\/#primaryimage\"},\"image\":{\"@id\":\"https:\/\/velooutlets.com\/products\/macator-signal-yellow\/#primaryimage\"},\"thumbnailUrl\":\"https:\/\/velooutlets.com\/wp-content\/uploads\/2025\/10\/87230_Macator_signal_yellow_side_SK_Vizor_abus_1920_98a19d56-5b2a-4103-b42e-463c423f686d.jpg\",\"datePublished\":\"2025-10-08T07:51:48+00:00\",\"dateModified\":\"2026-04-01T14:09:44+00:00\",\"breadcrumb\":{\"@id\":\"https:\/\/velooutlets.com\/products\/macator-signal-yellow\/#breadcrumb\"},\"inLanguage\":\"lt-LT\",\"potentialAction\":[{\"@type\":\"ReadAction\",\"target\":[\"https:\/\/velooutlets.com\/products\/macator-signal-yellow\/\"]}]},{\"@type\":\"ImageObject\",\"inLanguage\":\"lt-LT\",\"@id\":\"https:\/\/velooutlets.com\/products\/macator-signal-yellow\/#primaryimage\",\"url\":\"https:\/\/velooutlets.com\/wp-content\/uploads\/2025\/10\/87230_Macator_signal_yellow_side_SK_Vizor_abus_1920_98a19d56-5b2a-4103-b42e-463c423f686d.jpg\",\"contentUrl\":\"https:\/\/velooutlets.com\/wp-content\/uploads\/2025\/10\/87230_Macator_signal_yellow_side_SK_Vizor_abus_1920_98a19d56-5b2a-4103-b42e-463c423f686d.jpg\",\"width\":1920,\"height\":1739},{\"@type\":\"BreadcrumbList\",\"@id\":\"https:\/\/velooutlets.com\/products\/macator-signal-yellow\/#breadcrumb\",\"itemListElement\":[{\"@type\":\"ListItem\",\"position\":1,\"name\":\"Home\",\"item\":\"https:\/\/velooutlets.com\/\"},{\"@type\":\"ListItem\",\"position\":2,\"name\":\"Veikals\",\"item\":\"https:\/\/velooutlets.com\/shop\/\"},{\"@type\":\"ListItem\",\"position\":3,\"name\":\"MACATOR signal yellow\"}]},{\"@type\":\"WebSite\",\"@id\":\"https:\/\/velooutlets.com\/en\/#website\",\"url\":\"https:\/\/velooutlets.com\/en\/\",\"name\":\"Velo Outlets\",\"description\":\"Velosip\u0113di visai \u0123imenei\",\"potentialAction\":[{\"@type\":\"SearchAction\",\"target\":{\"@type\":\"EntryPoint\",\"urlTemplate\":\"https:\/\/velooutlets.com\/en\/?s={search_term_string}\"},\"query-input\":{\"@type\":\"PropertyValueSpecification\",\"valueRequired\":true,\"valueName\":\"search_term_string\"}}],\"inLanguage\":\"lt-LT\"}]}<\/script>\n<!-- \/ Yoast SEO plugin. -->","yoast_head_json":{"title":"MACATOR signal yellow - Velo Outlets","robots":{"index":"index","follow":"follow","max-snippet":"max-snippet:-1","max-image-preview":"max-image-preview:large","max-video-preview":"max-video-preview:-1"},"canonical":"https:\/\/velooutlets.com\/lt\/produktas\/macator-signal-yellow\/","og_locale":"lt_LT","og_type":"article","og_title":"MACATOR signal yellow - Velo Outlets","og_description":"ABUS Macator ir daudzpus\u012bga \u0161osejas \u0137ivere, kas paredz\u0113ta gan ies\u0101c\u0113jiem, gan regul\u0101riem brauc\u0113jiem, kuri mekl\u0113 uzticamu un komfortablu risin\u0101jumu ikdienas treni\u0146iem. T\u0101 apvieno vieglu konstrukciju ar labu ventil\u0101ciju, nodro\u0161inot pat\u012bkamu brauk\u0161anas pieredzi da\u017e\u0101dos apst\u0101k\u013cos. \u0136iveres ventil\u0101cijas sist\u0113ma veicina efekt\u012bvu gaisa cirkul\u0101ciju, pal\u012bdzot saglab\u0101t v\u0113sumu ar\u012b ilg\u0101kos braucienos. Aerodinamisk\u0101 forma uzlabo brauk\u0161anas efektivit\u0101ti, savuk\u0101rt prec\u012bz\u0101 regul\u0113\u0161anas [&hellip;]","og_url":"https:\/\/velooutlets.com\/lt\/produktas\/macator-signal-yellow\/","og_site_name":"Velo Outlets","article_modified_time":"2026-04-01T14:09:44+00:00","og_image":[{"width":1920,"height":1739,"url":"https:\/\/velooutlets.com\/wp-content\/uploads\/2025\/10\/87230_Macator_signal_yellow_side_SK_Vizor_abus_1920_98a19d56-5b2a-4103-b42e-463c423f686d.jpg","type":"image\/jpeg"}],"twitter_card":"summary_large_image","twitter_misc":{"Est. reading time":"1 minut\u0117"},"schema":{"@context":"https:\/\/schema.org","@graph":[{"@type":"WebPage","@id":"https:\/\/velooutlets.com\/products\/macator-signal-yellow\/","url":"https:\/\/velooutlets.com\/products\/macator-signal-yellow\/","name":"MACATOR signal yellow - Velo Outlets","isPartOf":{"@id":"https:\/\/velooutlets.com\/en\/#website"},"primaryImageOfPage":{"@id":"https:\/\/velooutlets.com\/products\/macator-signal-yellow\/#primaryimage"},"image":{"@id":"https:\/\/velooutlets.com\/products\/macator-signal-yellow\/#primaryimage"},"thumbnailUrl":"https:\/\/velooutlets.com\/wp-content\/uploads\/2025\/10\/87230_Macator_signal_yellow_side_SK_Vizor_abus_1920_98a19d56-5b2a-4103-b42e-463c423f686d.jpg","datePublished":"2025-10-08T07:51:48+00:00","dateModified":"2026-04-01T14:09:44+00:00","breadcrumb":{"@id":"https:\/\/velooutlets.com\/products\/macator-signal-yellow\/#breadcrumb"},"inLanguage":"lt-LT","potentialAction":[{"@type":"ReadAction","target":["https:\/\/velooutlets.com\/products\/macator-signal-yellow\/"]}]},{"@type":"ImageObject","inLanguage":"lt-LT","@id":"https:\/\/velooutlets.com\/products\/macator-signal-yellow\/#primaryimage","url":"https:\/\/velooutlets.com\/wp-content\/uploads\/2025\/10\/87230_Macator_signal_yellow_side_SK_Vizor_abus_1920_98a19d56-5b2a-4103-b42e-463c423f686d.jpg","contentUrl":"https:\/\/velooutlets.com\/wp-content\/uploads\/2025\/10\/87230_Macator_signal_yellow_side_SK_Vizor_abus_1920_98a19d56-5b2a-4103-b42e-463c423f686d.jpg","width":1920,"height":1739},{"@type":"BreadcrumbList","@id":"https:\/\/velooutlets.com\/products\/macator-signal-yellow\/#breadcrumb","itemListElement":[{"@type":"ListItem","position":1,"name":"Home","item":"https:\/\/velooutlets.com\/"},{"@type":"ListItem","position":2,"name":"Veikals","item":"https:\/\/velooutlets.com\/shop\/"},{"@type":"ListItem","position":3,"name":"MACATOR signal yellow"}]},{"@type":"WebSite","@id":"https:\/\/velooutlets.com\/en\/#website","url":"https:\/\/velooutlets.com\/en\/","name":"\"Velo Outlets","description":"Dvira\u010diai visai \u0161eimai","potentialAction":[{"@type":"SearchAction","target":{"@type":"EntryPoint","urlTemplate":"https:\/\/velooutlets.com\/en\/?s={search_term_string}"},"query-input":{"@type":"PropertyValueSpecification","valueRequired":true,"valueName":"search_term_string"}}],"inLanguage":"lt-LT"}]}},"jetpack_sharing_enabled":true,"_links":{"self":[{"href":"https:\/\/velooutlets.com\/lt\/wp-json\/wp\/v2\/product\/11187","targetHints":{"allow":["GET"]}}],"collection":[{"href":"https:\/\/velooutlets.com\/lt\/wp-json\/wp\/v2\/product"}],"about":[{"href":"https:\/\/velooutlets.com\/lt\/wp-json\/wp\/v2\/types\/product"}],"wp:featuredmedia":[{"embeddable":true,"href":"https:\/\/velooutlets.com\/lt\/wp-json\/wp\/v2\/media\/11191"}],"wp:attachment":[{"href":"https:\/\/velooutlets.com\/lt\/wp-json\/wp\/v2\/media?parent=11187"}],"wp:term":[{"taxonomy":"product_brand","embeddable":true,"href":"https:\/\/velooutlets.com\/lt\/wp-json\/wp\/v2\/product_brand?post=11187"},{"taxonomy":"product_cat","embeddable":true,"href":"https:\/\/velooutlets.com\/lt\/wp-json\/wp\/v2\/product_cat?post=11187"},{"taxonomy":"product_tag","embeddable":true,"href":"https:\/\/velooutlets.com\/lt\/wp-json\/wp\/v2\/product_tag?post=11187"}],"curies":[{"name":"wp","href":"https:\/\/api.w.org\/{rel}","templated":true}]}}