{"id":11207,"date":"2025-10-08T07:51:59","date_gmt":"2025-10-08T07:51:59","guid":{"rendered":"https:\/\/staging.velooutlets.com\/product\/motrip-midnight-blue-s\/"},"modified":"2026-04-01T17:09:19","modified_gmt":"2026-04-01T14:09:19","slug":"motrip-midnight-blue-s","status":"publish","type":"product","link":"https:\/\/velooutlets.com\/lt\/produktas\/motrip-midnight-blue-s\/","title":{"rendered":"MOTRIP Midnight Blue"},"content":{"rendered":"<p>\"ABUS MoTrip\" yra patikimas MTB \u0161almas, skirtas va\u017ein\u0117ti mi\u0161ko takais ir nelygiu reljefu, u\u017etikrinantis optimali\u0105 apsaugos, komforto ir ventiliacijos pusiausvyr\u0105. Jis u\u017etikrina i\u0161pl\u0117stin\u0119 galin\u0117s galvos dalies apsaug\u0105, kuri ypa\u010d svarbi va\u017eiuojant aktyvesn\u0117mis ir techni\u0161kesn\u0117mis trasomis.<\/p>\n<p>\u0160almas turi efektyvi\u0105 ventiliacijos sistem\u0105, kuri u\u017etikrina ger\u0105 oro sraut\u0105 ir padeda i\u0161laikyti v\u0117s\u0105 net ir intensyviai sportuojant. Reguliuojamas skydelis apsaugo nuo saul\u0117s, \u0161ak\u0173 ir purvo, tod\u0117l \u0161almas tinka \u012fvairioms oro ir va\u017eiavimo s\u0105lygoms.<\/p>\n<p>D\u0117l tikslios dyd\u017eio reguliavimo sistemos \"MoTrip\" u\u017etikrina stabil\u0173 ir patog\u0173 pritaikym\u0105, o lengva konstrukcija leid\u017eia susikoncentruoti \u012f va\u017eiavim\u0105 be nereikalingo diskomforto. Tai puikus pasirinkimas tiek pradedantiesiems, tiek patyrusiems MTB dviratininkams.<\/p>","protected":false},"excerpt":{"rendered":"<p>ABUS MoTrip ir uzticama MTB \u0137ivere, kas rad\u012bta brauk\u0161anai pa me\u017ea tak\u0101m un nel\u012bdzenu reljefu, nodro\u0161inot optim\u0101lu l\u012bdzsvaru starp aizsardz\u012bbu, komfortu un ventil\u0101ciju. T\u0101 pied\u0101v\u0101 pagarin\u0101tu galvas aizmugures aizsardz\u012bbu, kas ir \u012bpa\u0161i svar\u012bga akt\u012bv\u0101kos un tehnisk\u0101kos mar\u0161rutos. \u0136ivere apr\u012bkota ar efekt\u012bvu ventil\u0101cijas sist\u0113mu, kas nodro\u0161ina labu gaisa pl\u016bsmu un pal\u012bdz saglab\u0101t v\u0113sumu pat intens\u012bvas slodzes [&hellip;]<\/p>\n","protected":false},"featured_media":11211,"template":"","meta":{"_monsterinsights_skip_tracking":false,"_monsterinsights_sitenote_active":false,"_monsterinsights_sitenote_note":"","_monsterinsights_sitenote_category":0,"_iconic_wsb_product_page_order_bump_ids":[[]],"_sku":[],"_iconic_wsb_product_page_bump_modal_ids":[[]]},"product_brand":[1346],"product_cat":[910,992,994,1727],"product_tag":[214,215,216,217],"class_list":{"0":"post-11207","1":"product","2":"type-product","3":"status-publish","4":"has-post-thumbnail","6":"product_brand-abus","7":"product_cat-aksesuari","8":"product_cat-kiveres","9":"product_cat-aizsargkiveres-pieaugusajiem","10":"product_cat-mtb-kiveres","11":"product_tag-aizsargkiveres","12":"product_tag-kiveres","13":"product_tag-kiveres-pieaugusajiem","14":"product_tag-kiveres-pusaudziem","15":"product_shipping_class-aksesuari","16":"ts_product_brand-abus","18":"first","19":"instock","20":"taxable","21":"shipping-taxable","22":"purchasable","23":"product-type-variable","24":"wvs-archive-product-wrapper"},"yoast_head":"<!-- This site is optimized with the Yoast SEO plugin v27.2 - https:\/\/yoast.com\/product\/yoast-seo-wordpress\/ -->\n<title>MOTRIP Midnight Blue - Velo Outlets<\/title>\n<meta name=\"robots\" content=\"index, follow, max-snippet:-1, max-image-preview:large, max-video-preview:-1\" \/>\n<link rel=\"canonical\" href=\"https:\/\/velooutlets.com\/lt\/produktas\/motrip-midnight-blue-s\/\" \/>\n<meta property=\"og:locale\" content=\"lt_LT\" \/>\n<meta property=\"og:type\" content=\"article\" \/>\n<meta property=\"og:title\" content=\"MOTRIP Midnight Blue - Velo Outlets\" \/>\n<meta property=\"og:description\" content=\"ABUS MoTrip ir uzticama MTB \u0137ivere, kas rad\u012bta brauk\u0161anai pa me\u017ea tak\u0101m un nel\u012bdzenu reljefu, nodro\u0161inot optim\u0101lu l\u012bdzsvaru starp aizsardz\u012bbu, komfortu un ventil\u0101ciju. T\u0101 pied\u0101v\u0101 pagarin\u0101tu galvas aizmugures aizsardz\u012bbu, kas ir \u012bpa\u0161i svar\u012bga akt\u012bv\u0101kos un tehnisk\u0101kos mar\u0161rutos. \u0136ivere apr\u012bkota ar efekt\u012bvu ventil\u0101cijas sist\u0113mu, kas nodro\u0161ina labu gaisa pl\u016bsmu un pal\u012bdz saglab\u0101t v\u0113sumu pat intens\u012bvas slodzes [&hellip;]\" \/>\n<meta property=\"og:url\" content=\"https:\/\/velooutlets.com\/lt\/produktas\/motrip-midnight-blue-s\/\" \/>\n<meta property=\"og:site_name\" content=\"Velo Outlets\" \/>\n<meta property=\"article:modified_time\" content=\"2026-04-01T14:09:19+00:00\" \/>\n<meta property=\"og:image\" content=\"https:\/\/velooutlets.com\/wp-content\/uploads\/2025\/10\/647130_MOTRIP_MIDNIGHT-BLUE_SIDE_CMYK_abus_1920_7c7591b6-5539-49bc-9fb8-8a3efe99b1d2.jpg\" \/>\n\t<meta property=\"og:image:width\" content=\"1920\" \/>\n\t<meta property=\"og:image:height\" content=\"1679\" \/>\n\t<meta property=\"og:image:type\" content=\"image\/jpeg\" \/>\n<meta name=\"twitter:card\" content=\"summary_large_image\" \/>\n<meta name=\"twitter:label1\" content=\"Est. reading time\" \/>\n\t<meta name=\"twitter:data1\" content=\"1 minut\u0117\" \/>\n<script type=\"application\/ld+json\" class=\"yoast-schema-graph\">{\"@context\":\"https:\/\/schema.org\",\"@graph\":[{\"@type\":\"WebPage\",\"@id\":\"https:\/\/velooutlets.com\/products\/motrip-midnight-blue-s\/\",\"url\":\"https:\/\/velooutlets.com\/products\/motrip-midnight-blue-s\/\",\"name\":\"MOTRIP Midnight Blue - Velo Outlets\",\"isPartOf\":{\"@id\":\"https:\/\/velooutlets.com\/en\/#website\"},\"primaryImageOfPage\":{\"@id\":\"https:\/\/velooutlets.com\/products\/motrip-midnight-blue-s\/#primaryimage\"},\"image\":{\"@id\":\"https:\/\/velooutlets.com\/products\/motrip-midnight-blue-s\/#primaryimage\"},\"thumbnailUrl\":\"https:\/\/velooutlets.com\/wp-content\/uploads\/2025\/10\/647130_MOTRIP_MIDNIGHT-BLUE_SIDE_CMYK_abus_1920_7c7591b6-5539-49bc-9fb8-8a3efe99b1d2.jpg\",\"datePublished\":\"2025-10-08T07:51:59+00:00\",\"dateModified\":\"2026-04-01T14:09:19+00:00\",\"breadcrumb\":{\"@id\":\"https:\/\/velooutlets.com\/products\/motrip-midnight-blue-s\/#breadcrumb\"},\"inLanguage\":\"lt-LT\",\"potentialAction\":[{\"@type\":\"ReadAction\",\"target\":[\"https:\/\/velooutlets.com\/products\/motrip-midnight-blue-s\/\"]}]},{\"@type\":\"ImageObject\",\"inLanguage\":\"lt-LT\",\"@id\":\"https:\/\/velooutlets.com\/products\/motrip-midnight-blue-s\/#primaryimage\",\"url\":\"https:\/\/velooutlets.com\/wp-content\/uploads\/2025\/10\/647130_MOTRIP_MIDNIGHT-BLUE_SIDE_CMYK_abus_1920_7c7591b6-5539-49bc-9fb8-8a3efe99b1d2.jpg\",\"contentUrl\":\"https:\/\/velooutlets.com\/wp-content\/uploads\/2025\/10\/647130_MOTRIP_MIDNIGHT-BLUE_SIDE_CMYK_abus_1920_7c7591b6-5539-49bc-9fb8-8a3efe99b1d2.jpg\",\"width\":1920,\"height\":1679},{\"@type\":\"BreadcrumbList\",\"@id\":\"https:\/\/velooutlets.com\/products\/motrip-midnight-blue-s\/#breadcrumb\",\"itemListElement\":[{\"@type\":\"ListItem\",\"position\":1,\"name\":\"Home\",\"item\":\"https:\/\/velooutlets.com\/\"},{\"@type\":\"ListItem\",\"position\":2,\"name\":\"Veikals\",\"item\":\"https:\/\/velooutlets.com\/shop\/\"},{\"@type\":\"ListItem\",\"position\":3,\"name\":\"MOTRIP Midnight Blue\"}]},{\"@type\":\"WebSite\",\"@id\":\"https:\/\/velooutlets.com\/en\/#website\",\"url\":\"https:\/\/velooutlets.com\/en\/\",\"name\":\"Velo Outlets\",\"description\":\"Velosip\u0113di visai \u0123imenei\",\"potentialAction\":[{\"@type\":\"SearchAction\",\"target\":{\"@type\":\"EntryPoint\",\"urlTemplate\":\"https:\/\/velooutlets.com\/en\/?s={search_term_string}\"},\"query-input\":{\"@type\":\"PropertyValueSpecification\",\"valueRequired\":true,\"valueName\":\"search_term_string\"}}],\"inLanguage\":\"lt-LT\"}]}<\/script>\n<!-- \/ Yoast SEO plugin. -->","yoast_head_json":{"title":"MOTRIP Midnight Blue - Velo Outlets","robots":{"index":"index","follow":"follow","max-snippet":"max-snippet:-1","max-image-preview":"max-image-preview:large","max-video-preview":"max-video-preview:-1"},"canonical":"https:\/\/velooutlets.com\/lt\/produktas\/motrip-midnight-blue-s\/","og_locale":"lt_LT","og_type":"article","og_title":"MOTRIP Midnight Blue - Velo Outlets","og_description":"ABUS MoTrip ir uzticama MTB \u0137ivere, kas rad\u012bta brauk\u0161anai pa me\u017ea tak\u0101m un nel\u012bdzenu reljefu, nodro\u0161inot optim\u0101lu l\u012bdzsvaru starp aizsardz\u012bbu, komfortu un ventil\u0101ciju. T\u0101 pied\u0101v\u0101 pagarin\u0101tu galvas aizmugures aizsardz\u012bbu, kas ir \u012bpa\u0161i svar\u012bga akt\u012bv\u0101kos un tehnisk\u0101kos mar\u0161rutos. \u0136ivere apr\u012bkota ar efekt\u012bvu ventil\u0101cijas sist\u0113mu, kas nodro\u0161ina labu gaisa pl\u016bsmu un pal\u012bdz saglab\u0101t v\u0113sumu pat intens\u012bvas slodzes [&hellip;]","og_url":"https:\/\/velooutlets.com\/lt\/produktas\/motrip-midnight-blue-s\/","og_site_name":"Velo Outlets","article_modified_time":"2026-04-01T14:09:19+00:00","og_image":[{"width":1920,"height":1679,"url":"https:\/\/velooutlets.com\/wp-content\/uploads\/2025\/10\/647130_MOTRIP_MIDNIGHT-BLUE_SIDE_CMYK_abus_1920_7c7591b6-5539-49bc-9fb8-8a3efe99b1d2.jpg","type":"image\/jpeg"}],"twitter_card":"summary_large_image","twitter_misc":{"Est. reading time":"1 minut\u0117"},"schema":{"@context":"https:\/\/schema.org","@graph":[{"@type":"WebPage","@id":"https:\/\/velooutlets.com\/products\/motrip-midnight-blue-s\/","url":"https:\/\/velooutlets.com\/products\/motrip-midnight-blue-s\/","name":"MOTRIP Midnight Blue - Velo Outlets","isPartOf":{"@id":"https:\/\/velooutlets.com\/en\/#website"},"primaryImageOfPage":{"@id":"https:\/\/velooutlets.com\/products\/motrip-midnight-blue-s\/#primaryimage"},"image":{"@id":"https:\/\/velooutlets.com\/products\/motrip-midnight-blue-s\/#primaryimage"},"thumbnailUrl":"https:\/\/velooutlets.com\/wp-content\/uploads\/2025\/10\/647130_MOTRIP_MIDNIGHT-BLUE_SIDE_CMYK_abus_1920_7c7591b6-5539-49bc-9fb8-8a3efe99b1d2.jpg","datePublished":"2025-10-08T07:51:59+00:00","dateModified":"2026-04-01T14:09:19+00:00","breadcrumb":{"@id":"https:\/\/velooutlets.com\/products\/motrip-midnight-blue-s\/#breadcrumb"},"inLanguage":"lt-LT","potentialAction":[{"@type":"ReadAction","target":["https:\/\/velooutlets.com\/products\/motrip-midnight-blue-s\/"]}]},{"@type":"ImageObject","inLanguage":"lt-LT","@id":"https:\/\/velooutlets.com\/products\/motrip-midnight-blue-s\/#primaryimage","url":"https:\/\/velooutlets.com\/wp-content\/uploads\/2025\/10\/647130_MOTRIP_MIDNIGHT-BLUE_SIDE_CMYK_abus_1920_7c7591b6-5539-49bc-9fb8-8a3efe99b1d2.jpg","contentUrl":"https:\/\/velooutlets.com\/wp-content\/uploads\/2025\/10\/647130_MOTRIP_MIDNIGHT-BLUE_SIDE_CMYK_abus_1920_7c7591b6-5539-49bc-9fb8-8a3efe99b1d2.jpg","width":1920,"height":1679},{"@type":"BreadcrumbList","@id":"https:\/\/velooutlets.com\/products\/motrip-midnight-blue-s\/#breadcrumb","itemListElement":[{"@type":"ListItem","position":1,"name":"Home","item":"https:\/\/velooutlets.com\/"},{"@type":"ListItem","position":2,"name":"Veikals","item":"https:\/\/velooutlets.com\/shop\/"},{"@type":"ListItem","position":3,"name":"MOTRIP Midnight Blue"}]},{"@type":"WebSite","@id":"https:\/\/velooutlets.com\/en\/#website","url":"https:\/\/velooutlets.com\/en\/","name":"\"Velo Outlets","description":"Dvira\u010diai visai \u0161eimai","potentialAction":[{"@type":"SearchAction","target":{"@type":"EntryPoint","urlTemplate":"https:\/\/velooutlets.com\/en\/?s={search_term_string}"},"query-input":{"@type":"PropertyValueSpecification","valueRequired":true,"valueName":"search_term_string"}}],"inLanguage":"lt-LT"}]}},"jetpack_sharing_enabled":true,"_links":{"self":[{"href":"https:\/\/velooutlets.com\/lt\/wp-json\/wp\/v2\/product\/11207","targetHints":{"allow":["GET"]}}],"collection":[{"href":"https:\/\/velooutlets.com\/lt\/wp-json\/wp\/v2\/product"}],"about":[{"href":"https:\/\/velooutlets.com\/lt\/wp-json\/wp\/v2\/types\/product"}],"wp:featuredmedia":[{"embeddable":true,"href":"https:\/\/velooutlets.com\/lt\/wp-json\/wp\/v2\/media\/11211"}],"wp:attachment":[{"href":"https:\/\/velooutlets.com\/lt\/wp-json\/wp\/v2\/media?parent=11207"}],"wp:term":[{"taxonomy":"product_brand","embeddable":true,"href":"https:\/\/velooutlets.com\/lt\/wp-json\/wp\/v2\/product_brand?post=11207"},{"taxonomy":"product_cat","embeddable":true,"href":"https:\/\/velooutlets.com\/lt\/wp-json\/wp\/v2\/product_cat?post=11207"},{"taxonomy":"product_tag","embeddable":true,"href":"https:\/\/velooutlets.com\/lt\/wp-json\/wp\/v2\/product_tag?post=11207"}],"curies":[{"name":"wp","href":"https:\/\/api.w.org\/{rel}","templated":true}]}}