{"id":11217,"date":"2025-10-08T07:52:04","date_gmt":"2025-10-08T07:52:04","guid":{"rendered":"https:\/\/staging.velooutlets.com\/product\/powerdome-ace-metallic-copper-m\/"},"modified":"2026-03-18T12:54:34","modified_gmt":"2026-03-18T10:54:34","slug":"powerdome-ace-metallic-copper-m","status":"publish","type":"product","link":"https:\/\/velooutlets.com\/lt\/produktas\/powerdome-ace-metallic-copper-m\/","title":{"rendered":"POWERDOME ACE metalinis varis"},"content":{"rendered":"<p>\"ABUS PowerDome\" - tai profesionalaus dvira\u010di\u0173 sporto \u012fkv\u0117ptas auk\u0161tos kokyb\u0117s keli\u0173 \u0161almas, kuriame suderinta aerodinamika, ventiliacija ir komfortas. Jis sukurtas dviratininkams, kurie vertina greit\u012f, efektyvum\u0105 ir komfort\u0105 tiek treniruo\u010di\u0173, tiek var\u017eyb\u0173 metu.<\/p>\n<p>\u0160almo konstrukcija u\u017etikrina veiksming\u0105 oro sraut\u0105, tod\u0117l net ir intensyviai sportuojant palaikoma optimali temperat\u016bra. Aerodinamin\u0117 forma suma\u017eina oro pasiprie\u0161inim\u0105, o nedidelis svoris leid\u017eia va\u017eiuoti ilgiau be nereikalingo nuovargio.<\/p>\n<p>Tiksli reguliavimo sistema u\u017etikrina stabil\u0173 ir individualiai pritaikyt\u0105 prigludim\u0105, o auk\u0161tos kokyb\u0117s vidinis pamink\u0161tinimas garantuoja patogum\u0105 vis\u0105 dien\u0105. \"PowerDome\" yra puikus pasirinkimas tiems, kurie kasdien va\u017eiuodami \u012f darb\u0105 nori profesionalaus lygio rezultat\u0173.<\/p>","protected":false},"excerpt":{"rendered":"<p>ABUS PowerDome ir augstas veiktsp\u0113jas \u0161osejas \u0137ivere, kas iedvesmota no profesion\u0101l\u0101 rite\u0146brauk\u0161anas sporta un apvieno aerodinamiku, ventil\u0101ciju un komfortu vien\u0101 modern\u0101 risin\u0101jum\u0101. T\u0101 rad\u012bta brauc\u0113jiem, kuri nov\u0113rt\u0113 \u0101trumu, efektivit\u0101ti un \u0113rt\u012bbas gan treni\u0146os, gan sacens\u012bb\u0101s. \u0136iveres konstrukcija nodro\u0161ina efekt\u012bvu gaisa pl\u016bsmu, pal\u012bdzot uztur\u0113t optim\u0101lu temperat\u016bru ar\u012b intens\u012bvas slodzes laik\u0101. Aerodinamisk\u0101 forma samazina gaisa pretest\u012bbu, bet [&hellip;]<\/p>\n","protected":false},"featured_media":11220,"template":"","meta":{"_monsterinsights_skip_tracking":false,"_monsterinsights_sitenote_active":false,"_monsterinsights_sitenote_note":"","_monsterinsights_sitenote_category":0,"_iconic_wsb_product_page_order_bump_ids":[],"_sku":["8951126720779"],"_iconic_wsb_product_page_bump_modal_ids":[]},"product_brand":[1346],"product_cat":[910,992,994,1735],"product_tag":[214,215,216],"class_list":{"0":"post-11217","1":"product","2":"type-product","3":"status-publish","4":"has-post-thumbnail","6":"product_brand-abus","7":"product_cat-aksesuari","8":"product_cat-kiveres","9":"product_cat-aizsargkiveres-pieaugusajiem","10":"product_cat-sosejas-kiveres","11":"product_tag-aizsargkiveres","12":"product_tag-kiveres","13":"product_tag-kiveres-pieaugusajiem","14":"product_shipping_class-aksesuari","15":"ts_product_brand-abus","17":"first","18":"instock","19":"taxable","20":"shipping-taxable","21":"purchasable","22":"product-type-simple"},"yoast_head":"<!-- This site is optimized with the Yoast SEO plugin v27.2 - https:\/\/yoast.com\/product\/yoast-seo-wordpress\/ -->\n<title>POWERDOME ACE metallic copper - Velo Outlets<\/title>\n<meta name=\"robots\" content=\"index, follow, max-snippet:-1, max-image-preview:large, max-video-preview:-1\" \/>\n<link rel=\"canonical\" href=\"https:\/\/velooutlets.com\/lt\/produktas\/powerdome-ace-metallic-copper-m\/\" \/>\n<meta property=\"og:locale\" content=\"lt_LT\" \/>\n<meta property=\"og:type\" content=\"article\" \/>\n<meta property=\"og:title\" content=\"POWERDOME ACE metallic copper - Velo Outlets\" \/>\n<meta property=\"og:description\" content=\"ABUS PowerDome ir augstas veiktsp\u0113jas \u0161osejas \u0137ivere, kas iedvesmota no profesion\u0101l\u0101 rite\u0146brauk\u0161anas sporta un apvieno aerodinamiku, ventil\u0101ciju un komfortu vien\u0101 modern\u0101 risin\u0101jum\u0101. T\u0101 rad\u012bta brauc\u0113jiem, kuri nov\u0113rt\u0113 \u0101trumu, efektivit\u0101ti un \u0113rt\u012bbas gan treni\u0146os, gan sacens\u012bb\u0101s. \u0136iveres konstrukcija nodro\u0161ina efekt\u012bvu gaisa pl\u016bsmu, pal\u012bdzot uztur\u0113t optim\u0101lu temperat\u016bru ar\u012b intens\u012bvas slodzes laik\u0101. Aerodinamisk\u0101 forma samazina gaisa pretest\u012bbu, bet [&hellip;]\" \/>\n<meta property=\"og:url\" content=\"https:\/\/velooutlets.com\/lt\/produktas\/powerdome-ace-metallic-copper-m\/\" \/>\n<meta property=\"og:site_name\" content=\"Velo Outlets\" \/>\n<meta property=\"article:modified_time\" content=\"2026-03-18T10:54:34+00:00\" \/>\n<meta property=\"og:image\" content=\"https:\/\/velooutlets.com\/wp-content\/uploads\/2025\/10\/96047_RACE_CAP_AUTUMN_BLACK_POWERDOME_CMYK_abus_1920_dfaeda98-cdab-44e8-99a5-10bd70d8128c.jpg\" \/>\n\t<meta property=\"og:image:width\" content=\"1920\" \/>\n\t<meta property=\"og:image:height\" content=\"1946\" \/>\n\t<meta property=\"og:image:type\" content=\"image\/jpeg\" \/>\n<meta name=\"twitter:card\" content=\"summary_large_image\" \/>\n<meta name=\"twitter:label1\" content=\"Est. reading time\" \/>\n\t<meta name=\"twitter:data1\" content=\"1 minut\u0117\" \/>\n<script type=\"application\/ld+json\" class=\"yoast-schema-graph\">{\"@context\":\"https:\/\/schema.org\",\"@graph\":[{\"@type\":\"WebPage\",\"@id\":\"https:\/\/velooutlets.com\/products\/powerdome-ace-metallic-copper-m\/\",\"url\":\"https:\/\/velooutlets.com\/products\/powerdome-ace-metallic-copper-m\/\",\"name\":\"POWERDOME ACE metallic copper - Velo Outlets\",\"isPartOf\":{\"@id\":\"https:\/\/velooutlets.com\/en\/#website\"},\"primaryImageOfPage\":{\"@id\":\"https:\/\/velooutlets.com\/products\/powerdome-ace-metallic-copper-m\/#primaryimage\"},\"image\":{\"@id\":\"https:\/\/velooutlets.com\/products\/powerdome-ace-metallic-copper-m\/#primaryimage\"},\"thumbnailUrl\":\"https:\/\/velooutlets.com\/wp-content\/uploads\/2025\/10\/96047_RACE_CAP_AUTUMN_BLACK_POWERDOME_CMYK_abus_1920_dfaeda98-cdab-44e8-99a5-10bd70d8128c.jpg\",\"datePublished\":\"2025-10-08T07:52:04+00:00\",\"dateModified\":\"2026-03-18T10:54:34+00:00\",\"breadcrumb\":{\"@id\":\"https:\/\/velooutlets.com\/products\/powerdome-ace-metallic-copper-m\/#breadcrumb\"},\"inLanguage\":\"lt-LT\",\"potentialAction\":[{\"@type\":\"ReadAction\",\"target\":[\"https:\/\/velooutlets.com\/products\/powerdome-ace-metallic-copper-m\/\"]}]},{\"@type\":\"ImageObject\",\"inLanguage\":\"lt-LT\",\"@id\":\"https:\/\/velooutlets.com\/products\/powerdome-ace-metallic-copper-m\/#primaryimage\",\"url\":\"https:\/\/velooutlets.com\/wp-content\/uploads\/2025\/10\/96047_RACE_CAP_AUTUMN_BLACK_POWERDOME_CMYK_abus_1920_dfaeda98-cdab-44e8-99a5-10bd70d8128c.jpg\",\"contentUrl\":\"https:\/\/velooutlets.com\/wp-content\/uploads\/2025\/10\/96047_RACE_CAP_AUTUMN_BLACK_POWERDOME_CMYK_abus_1920_dfaeda98-cdab-44e8-99a5-10bd70d8128c.jpg\",\"width\":1920,\"height\":1946},{\"@type\":\"BreadcrumbList\",\"@id\":\"https:\/\/velooutlets.com\/products\/powerdome-ace-metallic-copper-m\/#breadcrumb\",\"itemListElement\":[{\"@type\":\"ListItem\",\"position\":1,\"name\":\"Home\",\"item\":\"https:\/\/velooutlets.com\/\"},{\"@type\":\"ListItem\",\"position\":2,\"name\":\"Veikals\",\"item\":\"https:\/\/velooutlets.com\/shop\/\"},{\"@type\":\"ListItem\",\"position\":3,\"name\":\"POWERDOME ACE metallic copper\"}]},{\"@type\":\"WebSite\",\"@id\":\"https:\/\/velooutlets.com\/en\/#website\",\"url\":\"https:\/\/velooutlets.com\/en\/\",\"name\":\"Velo Outlets\",\"description\":\"Velosip\u0113di visai \u0123imenei\",\"potentialAction\":[{\"@type\":\"SearchAction\",\"target\":{\"@type\":\"EntryPoint\",\"urlTemplate\":\"https:\/\/velooutlets.com\/en\/?s={search_term_string}\"},\"query-input\":{\"@type\":\"PropertyValueSpecification\",\"valueRequired\":true,\"valueName\":\"search_term_string\"}}],\"inLanguage\":\"lt-LT\"}]}<\/script>\n<!-- \/ Yoast SEO plugin. -->","yoast_head_json":{"title":"POWERDOME ACE metallic copper - Velo Outlets","robots":{"index":"index","follow":"follow","max-snippet":"max-snippet:-1","max-image-preview":"max-image-preview:large","max-video-preview":"max-video-preview:-1"},"canonical":"https:\/\/velooutlets.com\/lt\/produktas\/powerdome-ace-metallic-copper-m\/","og_locale":"lt_LT","og_type":"article","og_title":"POWERDOME ACE metallic copper - Velo Outlets","og_description":"ABUS PowerDome ir augstas veiktsp\u0113jas \u0161osejas \u0137ivere, kas iedvesmota no profesion\u0101l\u0101 rite\u0146brauk\u0161anas sporta un apvieno aerodinamiku, ventil\u0101ciju un komfortu vien\u0101 modern\u0101 risin\u0101jum\u0101. T\u0101 rad\u012bta brauc\u0113jiem, kuri nov\u0113rt\u0113 \u0101trumu, efektivit\u0101ti un \u0113rt\u012bbas gan treni\u0146os, gan sacens\u012bb\u0101s. \u0136iveres konstrukcija nodro\u0161ina efekt\u012bvu gaisa pl\u016bsmu, pal\u012bdzot uztur\u0113t optim\u0101lu temperat\u016bru ar\u012b intens\u012bvas slodzes laik\u0101. Aerodinamisk\u0101 forma samazina gaisa pretest\u012bbu, bet [&hellip;]","og_url":"https:\/\/velooutlets.com\/lt\/produktas\/powerdome-ace-metallic-copper-m\/","og_site_name":"Velo Outlets","article_modified_time":"2026-03-18T10:54:34+00:00","og_image":[{"width":1920,"height":1946,"url":"https:\/\/velooutlets.com\/wp-content\/uploads\/2025\/10\/96047_RACE_CAP_AUTUMN_BLACK_POWERDOME_CMYK_abus_1920_dfaeda98-cdab-44e8-99a5-10bd70d8128c.jpg","type":"image\/jpeg"}],"twitter_card":"summary_large_image","twitter_misc":{"Est. reading time":"1 minut\u0117"},"schema":{"@context":"https:\/\/schema.org","@graph":[{"@type":"WebPage","@id":"https:\/\/velooutlets.com\/products\/powerdome-ace-metallic-copper-m\/","url":"https:\/\/velooutlets.com\/products\/powerdome-ace-metallic-copper-m\/","name":"POWERDOME ACE metallic copper - Velo Outlets","isPartOf":{"@id":"https:\/\/velooutlets.com\/en\/#website"},"primaryImageOfPage":{"@id":"https:\/\/velooutlets.com\/products\/powerdome-ace-metallic-copper-m\/#primaryimage"},"image":{"@id":"https:\/\/velooutlets.com\/products\/powerdome-ace-metallic-copper-m\/#primaryimage"},"thumbnailUrl":"https:\/\/velooutlets.com\/wp-content\/uploads\/2025\/10\/96047_RACE_CAP_AUTUMN_BLACK_POWERDOME_CMYK_abus_1920_dfaeda98-cdab-44e8-99a5-10bd70d8128c.jpg","datePublished":"2025-10-08T07:52:04+00:00","dateModified":"2026-03-18T10:54:34+00:00","breadcrumb":{"@id":"https:\/\/velooutlets.com\/products\/powerdome-ace-metallic-copper-m\/#breadcrumb"},"inLanguage":"lt-LT","potentialAction":[{"@type":"ReadAction","target":["https:\/\/velooutlets.com\/products\/powerdome-ace-metallic-copper-m\/"]}]},{"@type":"ImageObject","inLanguage":"lt-LT","@id":"https:\/\/velooutlets.com\/products\/powerdome-ace-metallic-copper-m\/#primaryimage","url":"https:\/\/velooutlets.com\/wp-content\/uploads\/2025\/10\/96047_RACE_CAP_AUTUMN_BLACK_POWERDOME_CMYK_abus_1920_dfaeda98-cdab-44e8-99a5-10bd70d8128c.jpg","contentUrl":"https:\/\/velooutlets.com\/wp-content\/uploads\/2025\/10\/96047_RACE_CAP_AUTUMN_BLACK_POWERDOME_CMYK_abus_1920_dfaeda98-cdab-44e8-99a5-10bd70d8128c.jpg","width":1920,"height":1946},{"@type":"BreadcrumbList","@id":"https:\/\/velooutlets.com\/products\/powerdome-ace-metallic-copper-m\/#breadcrumb","itemListElement":[{"@type":"ListItem","position":1,"name":"Home","item":"https:\/\/velooutlets.com\/"},{"@type":"ListItem","position":2,"name":"Veikals","item":"https:\/\/velooutlets.com\/shop\/"},{"@type":"ListItem","position":3,"name":"POWERDOME ACE metallic copper"}]},{"@type":"WebSite","@id":"https:\/\/velooutlets.com\/en\/#website","url":"https:\/\/velooutlets.com\/en\/","name":"\"Velo Outlets","description":"Dvira\u010diai visai \u0161eimai","potentialAction":[{"@type":"SearchAction","target":{"@type":"EntryPoint","urlTemplate":"https:\/\/velooutlets.com\/en\/?s={search_term_string}"},"query-input":{"@type":"PropertyValueSpecification","valueRequired":true,"valueName":"search_term_string"}}],"inLanguage":"lt-LT"}]}},"jetpack_sharing_enabled":true,"_links":{"self":[{"href":"https:\/\/velooutlets.com\/lt\/wp-json\/wp\/v2\/product\/11217","targetHints":{"allow":["GET"]}}],"collection":[{"href":"https:\/\/velooutlets.com\/lt\/wp-json\/wp\/v2\/product"}],"about":[{"href":"https:\/\/velooutlets.com\/lt\/wp-json\/wp\/v2\/types\/product"}],"wp:featuredmedia":[{"embeddable":true,"href":"https:\/\/velooutlets.com\/lt\/wp-json\/wp\/v2\/media\/11220"}],"wp:attachment":[{"href":"https:\/\/velooutlets.com\/lt\/wp-json\/wp\/v2\/media?parent=11217"}],"wp:term":[{"taxonomy":"product_brand","embeddable":true,"href":"https:\/\/velooutlets.com\/lt\/wp-json\/wp\/v2\/product_brand?post=11217"},{"taxonomy":"product_cat","embeddable":true,"href":"https:\/\/velooutlets.com\/lt\/wp-json\/wp\/v2\/product_cat?post=11217"},{"taxonomy":"product_tag","embeddable":true,"href":"https:\/\/velooutlets.com\/lt\/wp-json\/wp\/v2\/product_tag?post=11217"}],"curies":[{"name":"wp","href":"https:\/\/api.w.org\/{rel}","templated":true}]}}