{"id":11452,"date":"2025-10-08T07:54:29","date_gmt":"2025-10-08T07:54:29","guid":{"rendered":"https:\/\/staging.velooutlets.com\/product\/wingback-goldfish-orange-s\/"},"modified":"2026-04-01T17:15:30","modified_gmt":"2026-04-01T14:15:30","slug":"wingback-goldfish-orange","status":"publish","type":"product","link":"https:\/\/velooutlets.com\/lt\/produktas\/wingback-goldfish-orange\/","title":{"rendered":"WINGBACK auksin\u0117 \u017euvel\u0117 oran\u017ein\u0117"},"content":{"rendered":"<p>\"ABUS WingBack\" yra modernus keli\u0173 \u0161almas, kuriame minimalistinis dizainas dera su dideliu funkcionalumu, tod\u0117l jis puikiai tinka ir sportiniam va\u017eiavimui, ir kasdien\u0117ms treniruot\u0117ms. Jis pasi\u017eymi \u0161variomis linijomis ir aerodinamine forma, kuri padeda suma\u017einti oro pasiprie\u0161inim\u0105 ir padidinti va\u017eiavimo efektyvum\u0105.<\/p>\n<p>\u0160almas gerai v\u0117dinasi d\u0117l sumaniai i\u0161d\u0117styt\u0173 ventiliacijos ang\u0173, kurios u\u017etikrina nuolatin\u012f oro sraut\u0105 ir komfort\u0105 net ir ilgesni\u0173 kelioni\u0173 metu. Lengva konstrukcija ma\u017eina nuovarg\u012f, o tiksli reguliavimo sistema leid\u017eia pritaikyti \u0161alm\u0105 prie individualios galvos formos, u\u017etikrinant stabil\u0173 ir saug\u0173 prigludim\u0105.<\/p>\n<p>\"WingBack\" tinka motociklininkams, ie\u0161kantiems patikimo ir stilingo keli\u0173 \u0161almo u\u017e ger\u0105 kainos ir kokyb\u0117s santyk\u012f.<\/p>","protected":false},"excerpt":{"rendered":"<p>ABUS WingBack ir moderna \u0161osejas tipa \u0137ivere, kas apvieno minim\u0101listisku dizainu ar augstu funkcionalit\u0101ti, padarot to par lielisku izv\u0113li gan sportiskai brauk\u0161anai, gan ikdienas treni\u0146iem. T\u0101 izce\u013cas ar t\u012br\u0101m l\u012bnij\u0101m un aerodinamisku formu, kas pal\u012bdz samazin\u0101t gaisa pretest\u012bbu un uzlabo brauk\u0161anas efektivit\u0101ti. \u0136ivere nodro\u0161ina labu ventil\u0101ciju, pateicoties p\u0101rdom\u0101ti izvietot\u0101m atver\u0113m, kas veicina nep\u0101rtrauktu gaisa pl\u016bsmu [&hellip;]<\/p>\n","protected":false},"featured_media":11454,"template":"","meta":{"_monsterinsights_skip_tracking":false,"_monsterinsights_sitenote_active":false,"_monsterinsights_sitenote_note":"","_monsterinsights_sitenote_category":0,"_iconic_wsb_product_page_order_bump_ids":[[]],"_sku":[],"_iconic_wsb_product_page_bump_modal_ids":[[]]},"product_brand":[1346],"product_cat":[910,994,1735,1137],"product_tag":[214,215,216,217],"class_list":{"0":"post-11452","1":"product","2":"type-product","3":"status-publish","4":"has-post-thumbnail","6":"product_brand-abus","7":"product_cat-aksesuari","8":"product_cat-aizsargkiveres-pieaugusajiem","9":"product_cat-sosejas-kiveres","10":"product_cat-viss-ekipejums","11":"product_tag-aizsargkiveres","12":"product_tag-kiveres","13":"product_tag-kiveres-pieaugusajiem","14":"product_tag-kiveres-pusaudziem","15":"product_shipping_class-aksesuari","16":"ts_product_brand-abus","18":"first","19":"instock","20":"taxable","21":"shipping-taxable","22":"purchasable","23":"product-type-variable","24":"wvs-archive-product-wrapper"},"yoast_head":"<!-- This site is optimized with the Yoast SEO plugin v27.2 - https:\/\/yoast.com\/product\/yoast-seo-wordpress\/ -->\n<title>WINGBACK goldfish orange - Velo Outlets<\/title>\n<meta name=\"robots\" content=\"index, follow, max-snippet:-1, max-image-preview:large, max-video-preview:-1\" \/>\n<link rel=\"canonical\" href=\"https:\/\/velooutlets.com\/lt\/produktas\/wingback-goldfish-orange\/\" \/>\n<meta property=\"og:locale\" content=\"lt_LT\" \/>\n<meta property=\"og:type\" content=\"article\" \/>\n<meta property=\"og:title\" content=\"WINGBACK goldfish orange - Velo Outlets\" \/>\n<meta property=\"og:description\" content=\"ABUS WingBack ir moderna \u0161osejas tipa \u0137ivere, kas apvieno minim\u0101listisku dizainu ar augstu funkcionalit\u0101ti, padarot to par lielisku izv\u0113li gan sportiskai brauk\u0161anai, gan ikdienas treni\u0146iem. T\u0101 izce\u013cas ar t\u012br\u0101m l\u012bnij\u0101m un aerodinamisku formu, kas pal\u012bdz samazin\u0101t gaisa pretest\u012bbu un uzlabo brauk\u0161anas efektivit\u0101ti. \u0136ivere nodro\u0161ina labu ventil\u0101ciju, pateicoties p\u0101rdom\u0101ti izvietot\u0101m atver\u0113m, kas veicina nep\u0101rtrauktu gaisa pl\u016bsmu [&hellip;]\" \/>\n<meta property=\"og:url\" content=\"https:\/\/velooutlets.com\/lt\/produktas\/wingback-goldfish-orange\/\" \/>\n<meta property=\"og:site_name\" content=\"Velo Outlets\" \/>\n<meta property=\"article:modified_time\" content=\"2026-04-01T14:15:30+00:00\" \/>\n<meta property=\"og:image\" content=\"https:\/\/velooutlets.com\/wp-content\/uploads\/2025\/10\/98075_WINGBACK_GOLDFISH-ORANGE_SIDE_abus_1920_a9d02dba-2746-4f8f-80a4-0acfb061d652.jpg\" \/>\n\t<meta property=\"og:image:width\" content=\"1920\" \/>\n\t<meta property=\"og:image:height\" content=\"1932\" \/>\n\t<meta property=\"og:image:type\" content=\"image\/jpeg\" \/>\n<meta name=\"twitter:card\" content=\"summary_large_image\" \/>\n<meta name=\"twitter:label1\" content=\"Est. reading time\" \/>\n\t<meta name=\"twitter:data1\" content=\"1 minut\u0117\" \/>\n<script type=\"application\/ld+json\" class=\"yoast-schema-graph\">{\"@context\":\"https:\/\/schema.org\",\"@graph\":[{\"@type\":\"WebPage\",\"@id\":\"https:\/\/velooutlets.com\/products\/wingback-goldfish-orange\/\",\"url\":\"https:\/\/velooutlets.com\/products\/wingback-goldfish-orange\/\",\"name\":\"WINGBACK goldfish orange - Velo Outlets\",\"isPartOf\":{\"@id\":\"https:\/\/velooutlets.com\/en\/#website\"},\"primaryImageOfPage\":{\"@id\":\"https:\/\/velooutlets.com\/products\/wingback-goldfish-orange\/#primaryimage\"},\"image\":{\"@id\":\"https:\/\/velooutlets.com\/products\/wingback-goldfish-orange\/#primaryimage\"},\"thumbnailUrl\":\"https:\/\/velooutlets.com\/wp-content\/uploads\/2025\/10\/98075_WINGBACK_GOLDFISH-ORANGE_SIDE_abus_1920_a9d02dba-2746-4f8f-80a4-0acfb061d652.jpg\",\"datePublished\":\"2025-10-08T07:54:29+00:00\",\"dateModified\":\"2026-04-01T14:15:30+00:00\",\"breadcrumb\":{\"@id\":\"https:\/\/velooutlets.com\/products\/wingback-goldfish-orange\/#breadcrumb\"},\"inLanguage\":\"lt-LT\",\"potentialAction\":[{\"@type\":\"ReadAction\",\"target\":[\"https:\/\/velooutlets.com\/products\/wingback-goldfish-orange\/\"]}]},{\"@type\":\"ImageObject\",\"inLanguage\":\"lt-LT\",\"@id\":\"https:\/\/velooutlets.com\/products\/wingback-goldfish-orange\/#primaryimage\",\"url\":\"https:\/\/velooutlets.com\/wp-content\/uploads\/2025\/10\/98075_WINGBACK_GOLDFISH-ORANGE_SIDE_abus_1920_a9d02dba-2746-4f8f-80a4-0acfb061d652.jpg\",\"contentUrl\":\"https:\/\/velooutlets.com\/wp-content\/uploads\/2025\/10\/98075_WINGBACK_GOLDFISH-ORANGE_SIDE_abus_1920_a9d02dba-2746-4f8f-80a4-0acfb061d652.jpg\",\"width\":1920,\"height\":1932},{\"@type\":\"BreadcrumbList\",\"@id\":\"https:\/\/velooutlets.com\/products\/wingback-goldfish-orange\/#breadcrumb\",\"itemListElement\":[{\"@type\":\"ListItem\",\"position\":1,\"name\":\"Home\",\"item\":\"https:\/\/velooutlets.com\/\"},{\"@type\":\"ListItem\",\"position\":2,\"name\":\"Veikals\",\"item\":\"https:\/\/velooutlets.com\/shop\/\"},{\"@type\":\"ListItem\",\"position\":3,\"name\":\"WINGBACK goldfish orange\"}]},{\"@type\":\"WebSite\",\"@id\":\"https:\/\/velooutlets.com\/en\/#website\",\"url\":\"https:\/\/velooutlets.com\/en\/\",\"name\":\"Velo Outlets\",\"description\":\"Velosip\u0113di visai \u0123imenei\",\"potentialAction\":[{\"@type\":\"SearchAction\",\"target\":{\"@type\":\"EntryPoint\",\"urlTemplate\":\"https:\/\/velooutlets.com\/en\/?s={search_term_string}\"},\"query-input\":{\"@type\":\"PropertyValueSpecification\",\"valueRequired\":true,\"valueName\":\"search_term_string\"}}],\"inLanguage\":\"lt-LT\"}]}<\/script>\n<!-- \/ Yoast SEO plugin. -->","yoast_head_json":{"title":"WINGBACK goldfish orange - Velo Outlets","robots":{"index":"index","follow":"follow","max-snippet":"max-snippet:-1","max-image-preview":"max-image-preview:large","max-video-preview":"max-video-preview:-1"},"canonical":"https:\/\/velooutlets.com\/lt\/produktas\/wingback-goldfish-orange\/","og_locale":"lt_LT","og_type":"article","og_title":"WINGBACK goldfish orange - Velo Outlets","og_description":"ABUS WingBack ir moderna \u0161osejas tipa \u0137ivere, kas apvieno minim\u0101listisku dizainu ar augstu funkcionalit\u0101ti, padarot to par lielisku izv\u0113li gan sportiskai brauk\u0161anai, gan ikdienas treni\u0146iem. T\u0101 izce\u013cas ar t\u012br\u0101m l\u012bnij\u0101m un aerodinamisku formu, kas pal\u012bdz samazin\u0101t gaisa pretest\u012bbu un uzlabo brauk\u0161anas efektivit\u0101ti. \u0136ivere nodro\u0161ina labu ventil\u0101ciju, pateicoties p\u0101rdom\u0101ti izvietot\u0101m atver\u0113m, kas veicina nep\u0101rtrauktu gaisa pl\u016bsmu [&hellip;]","og_url":"https:\/\/velooutlets.com\/lt\/produktas\/wingback-goldfish-orange\/","og_site_name":"Velo Outlets","article_modified_time":"2026-04-01T14:15:30+00:00","og_image":[{"width":1920,"height":1932,"url":"https:\/\/velooutlets.com\/wp-content\/uploads\/2025\/10\/98075_WINGBACK_GOLDFISH-ORANGE_SIDE_abus_1920_a9d02dba-2746-4f8f-80a4-0acfb061d652.jpg","type":"image\/jpeg"}],"twitter_card":"summary_large_image","twitter_misc":{"Est. reading time":"1 minut\u0117"},"schema":{"@context":"https:\/\/schema.org","@graph":[{"@type":"WebPage","@id":"https:\/\/velooutlets.com\/products\/wingback-goldfish-orange\/","url":"https:\/\/velooutlets.com\/products\/wingback-goldfish-orange\/","name":"WINGBACK goldfish orange - Velo Outlets","isPartOf":{"@id":"https:\/\/velooutlets.com\/en\/#website"},"primaryImageOfPage":{"@id":"https:\/\/velooutlets.com\/products\/wingback-goldfish-orange\/#primaryimage"},"image":{"@id":"https:\/\/velooutlets.com\/products\/wingback-goldfish-orange\/#primaryimage"},"thumbnailUrl":"https:\/\/velooutlets.com\/wp-content\/uploads\/2025\/10\/98075_WINGBACK_GOLDFISH-ORANGE_SIDE_abus_1920_a9d02dba-2746-4f8f-80a4-0acfb061d652.jpg","datePublished":"2025-10-08T07:54:29+00:00","dateModified":"2026-04-01T14:15:30+00:00","breadcrumb":{"@id":"https:\/\/velooutlets.com\/products\/wingback-goldfish-orange\/#breadcrumb"},"inLanguage":"lt-LT","potentialAction":[{"@type":"ReadAction","target":["https:\/\/velooutlets.com\/products\/wingback-goldfish-orange\/"]}]},{"@type":"ImageObject","inLanguage":"lt-LT","@id":"https:\/\/velooutlets.com\/products\/wingback-goldfish-orange\/#primaryimage","url":"https:\/\/velooutlets.com\/wp-content\/uploads\/2025\/10\/98075_WINGBACK_GOLDFISH-ORANGE_SIDE_abus_1920_a9d02dba-2746-4f8f-80a4-0acfb061d652.jpg","contentUrl":"https:\/\/velooutlets.com\/wp-content\/uploads\/2025\/10\/98075_WINGBACK_GOLDFISH-ORANGE_SIDE_abus_1920_a9d02dba-2746-4f8f-80a4-0acfb061d652.jpg","width":1920,"height":1932},{"@type":"BreadcrumbList","@id":"https:\/\/velooutlets.com\/products\/wingback-goldfish-orange\/#breadcrumb","itemListElement":[{"@type":"ListItem","position":1,"name":"Home","item":"https:\/\/velooutlets.com\/"},{"@type":"ListItem","position":2,"name":"Veikals","item":"https:\/\/velooutlets.com\/shop\/"},{"@type":"ListItem","position":3,"name":"WINGBACK goldfish orange"}]},{"@type":"WebSite","@id":"https:\/\/velooutlets.com\/en\/#website","url":"https:\/\/velooutlets.com\/en\/","name":"\"Velo Outlets","description":"Dvira\u010diai visai \u0161eimai","potentialAction":[{"@type":"SearchAction","target":{"@type":"EntryPoint","urlTemplate":"https:\/\/velooutlets.com\/en\/?s={search_term_string}"},"query-input":{"@type":"PropertyValueSpecification","valueRequired":true,"valueName":"search_term_string"}}],"inLanguage":"lt-LT"}]}},"jetpack_sharing_enabled":true,"_links":{"self":[{"href":"https:\/\/velooutlets.com\/lt\/wp-json\/wp\/v2\/product\/11452","targetHints":{"allow":["GET"]}}],"collection":[{"href":"https:\/\/velooutlets.com\/lt\/wp-json\/wp\/v2\/product"}],"about":[{"href":"https:\/\/velooutlets.com\/lt\/wp-json\/wp\/v2\/types\/product"}],"wp:featuredmedia":[{"embeddable":true,"href":"https:\/\/velooutlets.com\/lt\/wp-json\/wp\/v2\/media\/11454"}],"wp:attachment":[{"href":"https:\/\/velooutlets.com\/lt\/wp-json\/wp\/v2\/media?parent=11452"}],"wp:term":[{"taxonomy":"product_brand","embeddable":true,"href":"https:\/\/velooutlets.com\/lt\/wp-json\/wp\/v2\/product_brand?post=11452"},{"taxonomy":"product_cat","embeddable":true,"href":"https:\/\/velooutlets.com\/lt\/wp-json\/wp\/v2\/product_cat?post=11452"},{"taxonomy":"product_tag","embeddable":true,"href":"https:\/\/velooutlets.com\/lt\/wp-json\/wp\/v2\/product_tag?post=11452"}],"curies":[{"name":"wp","href":"https:\/\/api.w.org\/{rel}","templated":true}]}}