{"id":11600,"date":"2025-10-10T09:20:33","date_gmt":"2025-10-10T06:20:33","guid":{"rendered":"https:\/\/staging.velooutlets.com\/product\/kamera-24-schwalbe-av9-28-540-37-541\/"},"modified":"2026-02-11T13:12:36","modified_gmt":"2026-02-11T11:12:36","slug":"kamera-24-schwalbe-av9-28-540-37-541","status":"publish","type":"product","link":"https:\/\/velooutlets.com\/lt\/produktas\/kamera-24-schwalbe-av9-28-540-37-541\/","title":{"rendered":"24\u2033 \"Schwalbe AV9\" kamera (28-540\/37-541)"},"content":{"rendered":"<p><strong>24\u2033 \"Schwalbe AV9\" kamera (28-540\/37-541)<\/strong><\/p>\n<ul>\n<li>\n<p><strong>ETRTO:<\/strong> 28\/47-507\/541<\/p>\n<\/li>\n<li>\n<p><strong>Svoris:<\/strong> 130 g<\/p>\n<\/li>\n<li>\n<p><strong>Vo\u017etuvas:<\/strong> AV<\/p>\n<\/li>\n<li>\n<p><strong>Vo\u017etuvo ilgis:<\/strong> 40 mm<\/p>\n<\/li>\n<li>\n<p><strong>Med\u017eiaga:<\/strong> Butilo<\/p>\n<\/li>\n<li>\n<p><strong>Veikimas:<\/strong> Standartinis<\/p>\n<\/li>\n<\/ul>","protected":false},"excerpt":{"rendered":"<p>Kamera 24&#8243; Schwalbe AV9 (28-540\/37-541) ETRTO: 28\/47-507\/541 Svars: 130 g V\u0101rsts: AV V\u0101rsta garums: 40 mm Materi\u0101ls: Butyl Izpild\u012bjums: Standard<\/p>","protected":false},"featured_media":11615,"template":"","meta":{"_monsterinsights_skip_tracking":false,"_monsterinsights_sitenote_active":false,"_monsterinsights_sitenote_note":"","_monsterinsights_sitenote_category":0,"_iconic_wsb_product_page_order_bump_ids":[],"_sku":[""],"_iconic_wsb_product_page_bump_modal_ids":[]},"product_brand":[1345],"product_cat":[910],"product_tag":[221,886,887],"class_list":{"0":"post-11600","1":"product","2":"type-product","3":"status-publish","4":"has-post-thumbnail","6":"product_brand-schwalbe","7":"product_cat-aksesuari","8":"product_tag-aksesuari","9":"product_tag-kameras","10":"product_tag-schwalbe","11":"product_shipping_class-aksesuari","12":"ts_product_brand-schwalbe","14":"first","15":"instock","16":"taxable","17":"shipping-taxable","18":"purchasable","19":"product-type-simple"},"yoast_head":"<!-- This site is optimized with the Yoast SEO plugin v27.2 - https:\/\/yoast.com\/product\/yoast-seo-wordpress\/ -->\n<title>Kamera 24&quot; Schwalbe AV9 (28-540\/37-541) - Velo Outlets<\/title>\n<meta name=\"robots\" content=\"index, follow, max-snippet:-1, max-image-preview:large, max-video-preview:-1\" \/>\n<link rel=\"canonical\" href=\"https:\/\/velooutlets.com\/lt\/produktas\/kamera-24-schwalbe-av9-28-540-37-541\/\" \/>\n<meta property=\"og:locale\" content=\"lt_LT\" \/>\n<meta property=\"og:type\" content=\"article\" \/>\n<meta property=\"og:title\" content=\"Kamera 24&quot; Schwalbe AV9 (28-540\/37-541) - Velo Outlets\" \/>\n<meta property=\"og:description\" content=\"Kamera 24&#8243; Schwalbe AV9 (28-540\/37-541) ETRTO: 28\/47-507\/541 Svars: 130 g V\u0101rsts: AV V\u0101rsta garums: 40 mm Materi\u0101ls: Butyl Izpild\u012bjums: Standard\" \/>\n<meta property=\"og:url\" content=\"https:\/\/velooutlets.com\/lt\/produktas\/kamera-24-schwalbe-av9-28-540-37-541\/\" \/>\n<meta property=\"og:site_name\" content=\"Velo Outlets\" \/>\n<meta property=\"article:modified_time\" content=\"2026-02-11T11:12:36+00:00\" \/>\n<meta property=\"og:image\" content=\"https:\/\/velooutlets.com\/wp-content\/uploads\/2025\/10\/schwalbe_tube_av9.tif_01955885a0e87009b42025d890fa1690.png\" \/>\n\t<meta property=\"og:image:width\" content=\"900\" \/>\n\t<meta property=\"og:image:height\" content=\"863\" \/>\n\t<meta property=\"og:image:type\" content=\"image\/png\" \/>\n<meta name=\"twitter:card\" content=\"summary_large_image\" \/>\n<script type=\"application\/ld+json\" class=\"yoast-schema-graph\">{\"@context\":\"https:\/\/schema.org\",\"@graph\":[{\"@type\":\"WebPage\",\"@id\":\"https:\/\/velooutlets.com\/products\/kamera-24-schwalbe-av9-28-540-37-541\/\",\"url\":\"https:\/\/velooutlets.com\/products\/kamera-24-schwalbe-av9-28-540-37-541\/\",\"name\":\"Kamera 24\\\" Schwalbe AV9 (28-540\/37-541) - Velo Outlets\",\"isPartOf\":{\"@id\":\"https:\/\/velooutlets.com\/en\/#website\"},\"primaryImageOfPage\":{\"@id\":\"https:\/\/velooutlets.com\/products\/kamera-24-schwalbe-av9-28-540-37-541\/#primaryimage\"},\"image\":{\"@id\":\"https:\/\/velooutlets.com\/products\/kamera-24-schwalbe-av9-28-540-37-541\/#primaryimage\"},\"thumbnailUrl\":\"https:\/\/velooutlets.com\/wp-content\/uploads\/2025\/10\/schwalbe_tube_av9.tif_01955885a0e87009b42025d890fa1690.png\",\"datePublished\":\"2025-10-10T06:20:33+00:00\",\"dateModified\":\"2026-02-11T11:12:36+00:00\",\"breadcrumb\":{\"@id\":\"https:\/\/velooutlets.com\/products\/kamera-24-schwalbe-av9-28-540-37-541\/#breadcrumb\"},\"inLanguage\":\"lt-LT\",\"potentialAction\":[{\"@type\":\"ReadAction\",\"target\":[\"https:\/\/velooutlets.com\/products\/kamera-24-schwalbe-av9-28-540-37-541\/\"]}]},{\"@type\":\"ImageObject\",\"inLanguage\":\"lt-LT\",\"@id\":\"https:\/\/velooutlets.com\/products\/kamera-24-schwalbe-av9-28-540-37-541\/#primaryimage\",\"url\":\"https:\/\/velooutlets.com\/wp-content\/uploads\/2025\/10\/schwalbe_tube_av9.tif_01955885a0e87009b42025d890fa1690.png\",\"contentUrl\":\"https:\/\/velooutlets.com\/wp-content\/uploads\/2025\/10\/schwalbe_tube_av9.tif_01955885a0e87009b42025d890fa1690.png\",\"width\":900,\"height\":863},{\"@type\":\"BreadcrumbList\",\"@id\":\"https:\/\/velooutlets.com\/products\/kamera-24-schwalbe-av9-28-540-37-541\/#breadcrumb\",\"itemListElement\":[{\"@type\":\"ListItem\",\"position\":1,\"name\":\"Home\",\"item\":\"https:\/\/velooutlets.com\/\"},{\"@type\":\"ListItem\",\"position\":2,\"name\":\"Veikals\",\"item\":\"https:\/\/velooutlets.com\/shop\/\"},{\"@type\":\"ListItem\",\"position\":3,\"name\":\"Kamera 24&#8243; Schwalbe AV9 (28-540\/37-541)\"}]},{\"@type\":\"WebSite\",\"@id\":\"https:\/\/velooutlets.com\/en\/#website\",\"url\":\"https:\/\/velooutlets.com\/en\/\",\"name\":\"Velo Outlets\",\"description\":\"Velosip\u0113di visai \u0123imenei\",\"potentialAction\":[{\"@type\":\"SearchAction\",\"target\":{\"@type\":\"EntryPoint\",\"urlTemplate\":\"https:\/\/velooutlets.com\/en\/?s={search_term_string}\"},\"query-input\":{\"@type\":\"PropertyValueSpecification\",\"valueRequired\":true,\"valueName\":\"search_term_string\"}}],\"inLanguage\":\"lt-LT\"}]}<\/script>\n<!-- \/ Yoast SEO plugin. -->","yoast_head_json":{"title":"Kamera 24\" Schwalbe AV9 (28-540\/37-541) - Velo Outlets","robots":{"index":"index","follow":"follow","max-snippet":"max-snippet:-1","max-image-preview":"max-image-preview:large","max-video-preview":"max-video-preview:-1"},"canonical":"https:\/\/velooutlets.com\/lt\/produktas\/kamera-24-schwalbe-av9-28-540-37-541\/","og_locale":"lt_LT","og_type":"article","og_title":"Kamera 24\" Schwalbe AV9 (28-540\/37-541) - Velo Outlets","og_description":"Kamera 24&#8243; Schwalbe AV9 (28-540\/37-541) ETRTO: 28\/47-507\/541 Svars: 130 g V\u0101rsts: AV V\u0101rsta garums: 40 mm Materi\u0101ls: Butyl Izpild\u012bjums: Standard","og_url":"https:\/\/velooutlets.com\/lt\/produktas\/kamera-24-schwalbe-av9-28-540-37-541\/","og_site_name":"Velo Outlets","article_modified_time":"2026-02-11T11:12:36+00:00","og_image":[{"width":900,"height":863,"url":"https:\/\/velooutlets.com\/wp-content\/uploads\/2025\/10\/schwalbe_tube_av9.tif_01955885a0e87009b42025d890fa1690.png","type":"image\/png"}],"twitter_card":"summary_large_image","schema":{"@context":"https:\/\/schema.org","@graph":[{"@type":"WebPage","@id":"https:\/\/velooutlets.com\/products\/kamera-24-schwalbe-av9-28-540-37-541\/","url":"https:\/\/velooutlets.com\/products\/kamera-24-schwalbe-av9-28-540-37-541\/","name":"Kamera 24\" Schwalbe AV9 (28-540\/37-541) - Velo Outlets","isPartOf":{"@id":"https:\/\/velooutlets.com\/en\/#website"},"primaryImageOfPage":{"@id":"https:\/\/velooutlets.com\/products\/kamera-24-schwalbe-av9-28-540-37-541\/#primaryimage"},"image":{"@id":"https:\/\/velooutlets.com\/products\/kamera-24-schwalbe-av9-28-540-37-541\/#primaryimage"},"thumbnailUrl":"https:\/\/velooutlets.com\/wp-content\/uploads\/2025\/10\/schwalbe_tube_av9.tif_01955885a0e87009b42025d890fa1690.png","datePublished":"2025-10-10T06:20:33+00:00","dateModified":"2026-02-11T11:12:36+00:00","breadcrumb":{"@id":"https:\/\/velooutlets.com\/products\/kamera-24-schwalbe-av9-28-540-37-541\/#breadcrumb"},"inLanguage":"lt-LT","potentialAction":[{"@type":"ReadAction","target":["https:\/\/velooutlets.com\/products\/kamera-24-schwalbe-av9-28-540-37-541\/"]}]},{"@type":"ImageObject","inLanguage":"lt-LT","@id":"https:\/\/velooutlets.com\/products\/kamera-24-schwalbe-av9-28-540-37-541\/#primaryimage","url":"https:\/\/velooutlets.com\/wp-content\/uploads\/2025\/10\/schwalbe_tube_av9.tif_01955885a0e87009b42025d890fa1690.png","contentUrl":"https:\/\/velooutlets.com\/wp-content\/uploads\/2025\/10\/schwalbe_tube_av9.tif_01955885a0e87009b42025d890fa1690.png","width":900,"height":863},{"@type":"BreadcrumbList","@id":"https:\/\/velooutlets.com\/products\/kamera-24-schwalbe-av9-28-540-37-541\/#breadcrumb","itemListElement":[{"@type":"ListItem","position":1,"name":"Home","item":"https:\/\/velooutlets.com\/"},{"@type":"ListItem","position":2,"name":"Veikals","item":"https:\/\/velooutlets.com\/shop\/"},{"@type":"ListItem","position":3,"name":"Kamera 24&#8243; Schwalbe AV9 (28-540\/37-541)"}]},{"@type":"WebSite","@id":"https:\/\/velooutlets.com\/en\/#website","url":"https:\/\/velooutlets.com\/en\/","name":"\"Velo Outlets","description":"Dvira\u010diai visai \u0161eimai","potentialAction":[{"@type":"SearchAction","target":{"@type":"EntryPoint","urlTemplate":"https:\/\/velooutlets.com\/en\/?s={search_term_string}"},"query-input":{"@type":"PropertyValueSpecification","valueRequired":true,"valueName":"search_term_string"}}],"inLanguage":"lt-LT"}]}},"jetpack_sharing_enabled":true,"_links":{"self":[{"href":"https:\/\/velooutlets.com\/lt\/wp-json\/wp\/v2\/product\/11600","targetHints":{"allow":["GET"]}}],"collection":[{"href":"https:\/\/velooutlets.com\/lt\/wp-json\/wp\/v2\/product"}],"about":[{"href":"https:\/\/velooutlets.com\/lt\/wp-json\/wp\/v2\/types\/product"}],"wp:featuredmedia":[{"embeddable":true,"href":"https:\/\/velooutlets.com\/lt\/wp-json\/wp\/v2\/media\/11615"}],"wp:attachment":[{"href":"https:\/\/velooutlets.com\/lt\/wp-json\/wp\/v2\/media?parent=11600"}],"wp:term":[{"taxonomy":"product_brand","embeddable":true,"href":"https:\/\/velooutlets.com\/lt\/wp-json\/wp\/v2\/product_brand?post=11600"},{"taxonomy":"product_cat","embeddable":true,"href":"https:\/\/velooutlets.com\/lt\/wp-json\/wp\/v2\/product_cat?post=11600"},{"taxonomy":"product_tag","embeddable":true,"href":"https:\/\/velooutlets.com\/lt\/wp-json\/wp\/v2\/product_tag?post=11600"}],"curies":[{"name":"wp","href":"https:\/\/api.w.org\/{rel}","templated":true}]}}