{"id":11704,"date":"2025-10-10T09:23:22","date_gmt":"2025-10-10T06:23:22","guid":{"rendered":"https:\/\/staging.velooutlets.com\/product\/dublusargu-komplekts-29-blade-set\/"},"modified":"2026-02-11T13:13:25","modified_gmt":"2026-02-11T11:13:25","slug":"dublusargu-komplekts-29-blade-set","status":"publish","type":"product","link":"https:\/\/velooutlets.com\/lt\/produktas\/dublusargu-komplekts-29-blade-set\/","title":{"rendered":"29 coli\u0173 peili\u0173 rinkinys"},"content":{"rendered":"<p>SKS purvasargi\u0173 rinkinys. Tinka 29 coli\u0173 dvira\u010diams<\/p>","protected":false},"excerpt":{"rendered":"<p>SKS purvasargi\u0173 rinkinys. Tinka 29 coli\u0173 dvira\u010diams<\/p>","protected":false},"featured_media":11707,"template":"","meta":{"_monsterinsights_skip_tracking":false,"_monsterinsights_sitenote_active":false,"_monsterinsights_sitenote_note":"","_monsterinsights_sitenote_category":0,"_iconic_wsb_product_page_order_bump_ids":[],"_sku":[""],"_iconic_wsb_product_page_bump_modal_ids":[]},"product_brand":[1347],"product_cat":[910,958],"product_tag":[221,891],"class_list":{"0":"post-11704","1":"product","2":"type-product","3":"status-publish","4":"has-post-thumbnail","6":"product_brand-sks","7":"product_cat-aksesuari","8":"product_cat-dublusargi","9":"product_tag-aksesuari","10":"product_tag-dublusargi","11":"product_shipping_class-aksesuari","12":"ts_product_brand-sks","14":"first","15":"instock","16":"taxable","17":"shipping-taxable","18":"purchasable","19":"product-type-simple"},"yoast_head":"<!-- This site is optimized with the Yoast SEO plugin v27.2 - https:\/\/yoast.com\/product\/yoast-seo-wordpress\/ -->\n<title>Dub\u013cusargu komplekts 29&#039;&#039; Blade Set - Velo Outlets<\/title>\n<meta name=\"robots\" content=\"index, follow, max-snippet:-1, max-image-preview:large, max-video-preview:-1\" \/>\n<link rel=\"canonical\" href=\"https:\/\/velooutlets.com\/lt\/produktas\/dublusargu-komplekts-29-blade-set\/\" \/>\n<meta property=\"og:locale\" content=\"lt_LT\" \/>\n<meta property=\"og:type\" content=\"article\" \/>\n<meta property=\"og:title\" content=\"Dub\u013cusargu komplekts 29&#039;&#039; Blade Set - Velo Outlets\" \/>\n<meta property=\"og:description\" content=\"SKS dub\u013cu sargu komplekts. Piem\u0113rots 29&#8221; velosip\u0113diem\" \/>\n<meta property=\"og:url\" content=\"https:\/\/velooutlets.com\/lt\/produktas\/dublusargu-komplekts-29-blade-set\/\" \/>\n<meta property=\"og:site_name\" content=\"Velo Outlets\" \/>\n<meta property=\"article:modified_time\" content=\"2026-02-11T11:13:25+00:00\" \/>\n<meta property=\"og:image\" content=\"https:\/\/velooutlets.com\/wp-content\/uploads\/2025\/10\/bladesetdark.jpg\" \/>\n\t<meta property=\"og:image:width\" content=\"708\" \/>\n\t<meta property=\"og:image:height\" content=\"800\" \/>\n\t<meta property=\"og:image:type\" content=\"image\/jpeg\" \/>\n<meta name=\"twitter:card\" content=\"summary_large_image\" \/>\n<script type=\"application\/ld+json\" class=\"yoast-schema-graph\">{\"@context\":\"https:\/\/schema.org\",\"@graph\":[{\"@type\":\"WebPage\",\"@id\":\"https:\/\/velooutlets.com\/products\/dublusargu-komplekts-29-blade-set\/\",\"url\":\"https:\/\/velooutlets.com\/products\/dublusargu-komplekts-29-blade-set\/\",\"name\":\"Dub\u013cusargu komplekts 29'' Blade Set - Velo Outlets\",\"isPartOf\":{\"@id\":\"https:\/\/velooutlets.com\/en\/#website\"},\"primaryImageOfPage\":{\"@id\":\"https:\/\/velooutlets.com\/products\/dublusargu-komplekts-29-blade-set\/#primaryimage\"},\"image\":{\"@id\":\"https:\/\/velooutlets.com\/products\/dublusargu-komplekts-29-blade-set\/#primaryimage\"},\"thumbnailUrl\":\"https:\/\/velooutlets.com\/wp-content\/uploads\/2025\/10\/bladesetdark.jpg\",\"datePublished\":\"2025-10-10T06:23:22+00:00\",\"dateModified\":\"2026-02-11T11:13:25+00:00\",\"breadcrumb\":{\"@id\":\"https:\/\/velooutlets.com\/products\/dublusargu-komplekts-29-blade-set\/#breadcrumb\"},\"inLanguage\":\"lt-LT\",\"potentialAction\":[{\"@type\":\"ReadAction\",\"target\":[\"https:\/\/velooutlets.com\/products\/dublusargu-komplekts-29-blade-set\/\"]}]},{\"@type\":\"ImageObject\",\"inLanguage\":\"lt-LT\",\"@id\":\"https:\/\/velooutlets.com\/products\/dublusargu-komplekts-29-blade-set\/#primaryimage\",\"url\":\"https:\/\/velooutlets.com\/wp-content\/uploads\/2025\/10\/bladesetdark.jpg\",\"contentUrl\":\"https:\/\/velooutlets.com\/wp-content\/uploads\/2025\/10\/bladesetdark.jpg\",\"width\":708,\"height\":800},{\"@type\":\"BreadcrumbList\",\"@id\":\"https:\/\/velooutlets.com\/products\/dublusargu-komplekts-29-blade-set\/#breadcrumb\",\"itemListElement\":[{\"@type\":\"ListItem\",\"position\":1,\"name\":\"Home\",\"item\":\"https:\/\/velooutlets.com\/\"},{\"@type\":\"ListItem\",\"position\":2,\"name\":\"Veikals\",\"item\":\"https:\/\/velooutlets.com\/shop\/\"},{\"@type\":\"ListItem\",\"position\":3,\"name\":\"Dub\u013cusargu komplekts 29&#8221; Blade Set\"}]},{\"@type\":\"WebSite\",\"@id\":\"https:\/\/velooutlets.com\/en\/#website\",\"url\":\"https:\/\/velooutlets.com\/en\/\",\"name\":\"Velo Outlets\",\"description\":\"Velosip\u0113di visai \u0123imenei\",\"potentialAction\":[{\"@type\":\"SearchAction\",\"target\":{\"@type\":\"EntryPoint\",\"urlTemplate\":\"https:\/\/velooutlets.com\/en\/?s={search_term_string}\"},\"query-input\":{\"@type\":\"PropertyValueSpecification\",\"valueRequired\":true,\"valueName\":\"search_term_string\"}}],\"inLanguage\":\"lt-LT\"}]}<\/script>\n<!-- \/ Yoast SEO plugin. -->","yoast_head_json":{"title":"Dub\u013cusargu komplekts 29'' Blade Set - Velo Outlets","robots":{"index":"index","follow":"follow","max-snippet":"max-snippet:-1","max-image-preview":"max-image-preview:large","max-video-preview":"max-video-preview:-1"},"canonical":"https:\/\/velooutlets.com\/lt\/produktas\/dublusargu-komplekts-29-blade-set\/","og_locale":"lt_LT","og_type":"article","og_title":"Dub\u013cusargu komplekts 29'' Blade Set - Velo Outlets","og_description":"SKS dub\u013cu sargu komplekts. Piem\u0113rots 29&#8221; velosip\u0113diem","og_url":"https:\/\/velooutlets.com\/lt\/produktas\/dublusargu-komplekts-29-blade-set\/","og_site_name":"Velo Outlets","article_modified_time":"2026-02-11T11:13:25+00:00","og_image":[{"width":708,"height":800,"url":"https:\/\/velooutlets.com\/wp-content\/uploads\/2025\/10\/bladesetdark.jpg","type":"image\/jpeg"}],"twitter_card":"summary_large_image","schema":{"@context":"https:\/\/schema.org","@graph":[{"@type":"WebPage","@id":"https:\/\/velooutlets.com\/products\/dublusargu-komplekts-29-blade-set\/","url":"https:\/\/velooutlets.com\/products\/dublusargu-komplekts-29-blade-set\/","name":"Dub\u013cusargu komplekts 29'' Blade Set - Velo Outlets","isPartOf":{"@id":"https:\/\/velooutlets.com\/en\/#website"},"primaryImageOfPage":{"@id":"https:\/\/velooutlets.com\/products\/dublusargu-komplekts-29-blade-set\/#primaryimage"},"image":{"@id":"https:\/\/velooutlets.com\/products\/dublusargu-komplekts-29-blade-set\/#primaryimage"},"thumbnailUrl":"https:\/\/velooutlets.com\/wp-content\/uploads\/2025\/10\/bladesetdark.jpg","datePublished":"2025-10-10T06:23:22+00:00","dateModified":"2026-02-11T11:13:25+00:00","breadcrumb":{"@id":"https:\/\/velooutlets.com\/products\/dublusargu-komplekts-29-blade-set\/#breadcrumb"},"inLanguage":"lt-LT","potentialAction":[{"@type":"ReadAction","target":["https:\/\/velooutlets.com\/products\/dublusargu-komplekts-29-blade-set\/"]}]},{"@type":"ImageObject","inLanguage":"lt-LT","@id":"https:\/\/velooutlets.com\/products\/dublusargu-komplekts-29-blade-set\/#primaryimage","url":"https:\/\/velooutlets.com\/wp-content\/uploads\/2025\/10\/bladesetdark.jpg","contentUrl":"https:\/\/velooutlets.com\/wp-content\/uploads\/2025\/10\/bladesetdark.jpg","width":708,"height":800},{"@type":"BreadcrumbList","@id":"https:\/\/velooutlets.com\/products\/dublusargu-komplekts-29-blade-set\/#breadcrumb","itemListElement":[{"@type":"ListItem","position":1,"name":"Home","item":"https:\/\/velooutlets.com\/"},{"@type":"ListItem","position":2,"name":"Veikals","item":"https:\/\/velooutlets.com\/shop\/"},{"@type":"ListItem","position":3,"name":"Dub\u013cusargu komplekts 29&#8221; Blade Set"}]},{"@type":"WebSite","@id":"https:\/\/velooutlets.com\/en\/#website","url":"https:\/\/velooutlets.com\/en\/","name":"\"Velo Outlets","description":"Dvira\u010diai visai \u0161eimai","potentialAction":[{"@type":"SearchAction","target":{"@type":"EntryPoint","urlTemplate":"https:\/\/velooutlets.com\/en\/?s={search_term_string}"},"query-input":{"@type":"PropertyValueSpecification","valueRequired":true,"valueName":"search_term_string"}}],"inLanguage":"lt-LT"}]}},"jetpack_sharing_enabled":true,"_links":{"self":[{"href":"https:\/\/velooutlets.com\/lt\/wp-json\/wp\/v2\/product\/11704","targetHints":{"allow":["GET"]}}],"collection":[{"href":"https:\/\/velooutlets.com\/lt\/wp-json\/wp\/v2\/product"}],"about":[{"href":"https:\/\/velooutlets.com\/lt\/wp-json\/wp\/v2\/types\/product"}],"wp:featuredmedia":[{"embeddable":true,"href":"https:\/\/velooutlets.com\/lt\/wp-json\/wp\/v2\/media\/11707"}],"wp:attachment":[{"href":"https:\/\/velooutlets.com\/lt\/wp-json\/wp\/v2\/media?parent=11704"}],"wp:term":[{"taxonomy":"product_brand","embeddable":true,"href":"https:\/\/velooutlets.com\/lt\/wp-json\/wp\/v2\/product_brand?post=11704"},{"taxonomy":"product_cat","embeddable":true,"href":"https:\/\/velooutlets.com\/lt\/wp-json\/wp\/v2\/product_cat?post=11704"},{"taxonomy":"product_tag","embeddable":true,"href":"https:\/\/velooutlets.com\/lt\/wp-json\/wp\/v2\/product_tag?post=11704"}],"curies":[{"name":"wp","href":"https:\/\/api.w.org\/{rel}","templated":true}]}}