{"id":11715,"date":"2025-10-10T09:23:40","date_gmt":"2025-10-10T06:23:40","guid":{"rendered":"https:\/\/staging.velooutlets.com\/product\/gridas-suknis-airstep\/"},"modified":"2026-02-11T13:13:25","modified_gmt":"2026-02-11T11:13:25","slug":"gridas-suknis-airstep","status":"publish","type":"product","link":"https:\/\/velooutlets.com\/lt\/produktas\/gridas-suknis-airstep\/","title":{"rendered":"Pumpis Airstep SKS"},"content":{"rendered":"<p>102 psi-7 atm, manometras, universalus antgalis<\/p>\n<pre class=\"tw-data-text tw-text-large tw-ta\" data-placeholder=\"Translation\" id=\"tw-target-text\" data-ved=\"2ahUKEwiHi8rslciLAxW-_bsIHfueAT8Q3ewLegQIBxAV\" aria-label=\"Aktyvavus aliuminio pedal\u0105 vertikalioje, nugarai patogioje pad\u0117tyje, galima efektyviai pumpuoti 7 bar\u0173 sl\u0117giu. Po siurbimo pedalas atlenkiamas ir u\u017efiksuojamas mygtuko paspaudimu. Lanksti \u017earna automati\u0161kai i\u0161vyniojama \u012f pradin\u0119 pad\u0117t\u012f. Kompakti\u0161k\u0105 siurbl\u012f galima u\u017ed\u0117ti ant sieninio laikiklio ir taip sutaupyti vietos.- u\u017etikrina \u0161veln\u0173 nugaros siurbim\u0105- integruotas spiralin\u0117s \u017earnos laikymo skyrius- didelis tikslus manometras- MULTI VALVE galvut\u0117 visiems vo\u017etuv\u0173 tipams- pridedamas sieninis laikiklis- pagaminta Vokietijoje\" dir=\"ltr\"><span class=\"Y2IQFc\" lang=\"lv\">Efektyvus 7 bar\u0173 siurbimo na\u0161umas.\n\n- \u0160velnus nugaros siurbimas\n- Integruotas spiralin\u0117s \u017earnos laikymo skyrius\n- Labai tikslus sl\u0117gio matuoklis\n- MULTI VALVE galvut\u0117 vis\u0173 tip\u0173 vo\u017etuvams\n- Pridedamas sieninis laikiklis\n- Pagaminta Vokietijoje<\/span><\/pre>","protected":false},"excerpt":{"rendered":"<p>102 psi-7 atm, manometrs, univers\u0101ls uzgalis Efekt\u012bva 7 b\u0101ru pump\u0113\u0161anas veiktsp\u0113ja. \u2022 Nodro\u0161ina saudz\u012bgu s\u016bkn\u0113\u0161anu mugurai \u2022 Integr\u0113ts glab\u0101\u0161anas nodal\u012bjums spir\u0101lveida \u0161\u013c\u016btenei \u2022 Liels precizit\u0101tes manometrs \u2022 MULTI VALVE galva visu veidu v\u0101rstiem \u2022 Ietver sienas kron\u0161teinu \u2022 Ra\u017eots V\u0101cij\u0101<\/p>","protected":false},"featured_media":11716,"template":"","meta":{"_monsterinsights_skip_tracking":false,"_monsterinsights_sitenote_active":false,"_monsterinsights_sitenote_note":"","_monsterinsights_sitenote_category":0,"_iconic_wsb_product_page_order_bump_ids":[],"_sku":["11511"],"_iconic_wsb_product_page_bump_modal_ids":[]},"product_brand":[1347],"product_cat":[910,1121],"product_tag":[209,894],"class_list":{"0":"post-11715","1":"product","2":"type-product","3":"status-publish","4":"has-post-thumbnail","6":"product_brand-sks","7":"product_cat-aksesuari","8":"product_cat-velopumpji","9":"product_tag-imenza","10":"product_tag-velopumpji","11":"product_shipping_class-aksesuari","12":"ts_product_brand-sks","14":"first","15":"instock","16":"taxable","17":"shipping-taxable","18":"purchasable","19":"product-type-simple"},"yoast_head":"<!-- This site is optimized with the Yoast SEO plugin v27.2 - https:\/\/yoast.com\/product\/yoast-seo-wordpress\/ -->\n<title>Pumpis Airstep SKS - Velo Outlets<\/title>\n<meta name=\"robots\" content=\"index, follow, max-snippet:-1, max-image-preview:large, max-video-preview:-1\" \/>\n<link rel=\"canonical\" href=\"https:\/\/velooutlets.com\/lt\/produktas\/gridas-suknis-airstep\/\" \/>\n<meta property=\"og:locale\" content=\"lt_LT\" \/>\n<meta property=\"og:type\" content=\"article\" \/>\n<meta property=\"og:title\" content=\"Pumpis Airstep SKS - Velo Outlets\" \/>\n<meta property=\"og:description\" content=\"102 psi-7 atm, manometrs, univers\u0101ls uzgalis Efekt\u012bva 7 b\u0101ru pump\u0113\u0161anas veiktsp\u0113ja. \u2022 Nodro\u0161ina saudz\u012bgu s\u016bkn\u0113\u0161anu mugurai \u2022 Integr\u0113ts glab\u0101\u0161anas nodal\u012bjums spir\u0101lveida \u0161\u013c\u016btenei \u2022 Liels precizit\u0101tes manometrs \u2022 MULTI VALVE galva visu veidu v\u0101rstiem \u2022 Ietver sienas kron\u0161teinu \u2022 Ra\u017eots V\u0101cij\u0101\" \/>\n<meta property=\"og:url\" content=\"https:\/\/velooutlets.com\/lt\/produktas\/gridas-suknis-airstep\/\" \/>\n<meta property=\"og:site_name\" content=\"Velo Outlets\" \/>\n<meta property=\"article:modified_time\" content=\"2026-02-11T11:13:25+00:00\" \/>\n<meta property=\"og:image\" content=\"https:\/\/velooutlets.com\/wp-content\/uploads\/2025\/10\/4384.jpg\" \/>\n\t<meta property=\"og:image:width\" content=\"1134\" \/>\n\t<meta property=\"og:image:height\" content=\"709\" \/>\n\t<meta property=\"og:image:type\" content=\"image\/jpeg\" \/>\n<meta name=\"twitter:card\" content=\"summary_large_image\" \/>\n<script type=\"application\/ld+json\" class=\"yoast-schema-graph\">{\"@context\":\"https:\/\/schema.org\",\"@graph\":[{\"@type\":\"WebPage\",\"@id\":\"https:\/\/velooutlets.com\/products\/gridas-suknis-airstep\/\",\"url\":\"https:\/\/velooutlets.com\/products\/gridas-suknis-airstep\/\",\"name\":\"Pumpis Airstep SKS - Velo Outlets\",\"isPartOf\":{\"@id\":\"https:\/\/velooutlets.com\/en\/#website\"},\"primaryImageOfPage\":{\"@id\":\"https:\/\/velooutlets.com\/products\/gridas-suknis-airstep\/#primaryimage\"},\"image\":{\"@id\":\"https:\/\/velooutlets.com\/products\/gridas-suknis-airstep\/#primaryimage\"},\"thumbnailUrl\":\"https:\/\/velooutlets.com\/wp-content\/uploads\/2025\/10\/4384.jpg\",\"datePublished\":\"2025-10-10T06:23:40+00:00\",\"dateModified\":\"2026-02-11T11:13:25+00:00\",\"breadcrumb\":{\"@id\":\"https:\/\/velooutlets.com\/products\/gridas-suknis-airstep\/#breadcrumb\"},\"inLanguage\":\"lt-LT\",\"potentialAction\":[{\"@type\":\"ReadAction\",\"target\":[\"https:\/\/velooutlets.com\/products\/gridas-suknis-airstep\/\"]}]},{\"@type\":\"ImageObject\",\"inLanguage\":\"lt-LT\",\"@id\":\"https:\/\/velooutlets.com\/products\/gridas-suknis-airstep\/#primaryimage\",\"url\":\"https:\/\/velooutlets.com\/wp-content\/uploads\/2025\/10\/4384.jpg\",\"contentUrl\":\"https:\/\/velooutlets.com\/wp-content\/uploads\/2025\/10\/4384.jpg\",\"width\":1134,\"height\":709},{\"@type\":\"BreadcrumbList\",\"@id\":\"https:\/\/velooutlets.com\/products\/gridas-suknis-airstep\/#breadcrumb\",\"itemListElement\":[{\"@type\":\"ListItem\",\"position\":1,\"name\":\"Home\",\"item\":\"https:\/\/velooutlets.com\/\"},{\"@type\":\"ListItem\",\"position\":2,\"name\":\"Veikals\",\"item\":\"https:\/\/velooutlets.com\/shop\/\"},{\"@type\":\"ListItem\",\"position\":3,\"name\":\"Pumpis Airstep SKS\"}]},{\"@type\":\"WebSite\",\"@id\":\"https:\/\/velooutlets.com\/en\/#website\",\"url\":\"https:\/\/velooutlets.com\/en\/\",\"name\":\"Velo Outlets\",\"description\":\"Velosip\u0113di visai \u0123imenei\",\"potentialAction\":[{\"@type\":\"SearchAction\",\"target\":{\"@type\":\"EntryPoint\",\"urlTemplate\":\"https:\/\/velooutlets.com\/en\/?s={search_term_string}\"},\"query-input\":{\"@type\":\"PropertyValueSpecification\",\"valueRequired\":true,\"valueName\":\"search_term_string\"}}],\"inLanguage\":\"lt-LT\"}]}<\/script>\n<!-- \/ Yoast SEO plugin. -->","yoast_head_json":{"title":"Pumpis Airstep SKS - Velo Outlets","robots":{"index":"index","follow":"follow","max-snippet":"max-snippet:-1","max-image-preview":"max-image-preview:large","max-video-preview":"max-video-preview:-1"},"canonical":"https:\/\/velooutlets.com\/lt\/produktas\/gridas-suknis-airstep\/","og_locale":"lt_LT","og_type":"article","og_title":"Pumpis Airstep SKS - Velo Outlets","og_description":"102 psi-7 atm, manometrs, univers\u0101ls uzgalis Efekt\u012bva 7 b\u0101ru pump\u0113\u0161anas veiktsp\u0113ja. \u2022 Nodro\u0161ina saudz\u012bgu s\u016bkn\u0113\u0161anu mugurai \u2022 Integr\u0113ts glab\u0101\u0161anas nodal\u012bjums spir\u0101lveida \u0161\u013c\u016btenei \u2022 Liels precizit\u0101tes manometrs \u2022 MULTI VALVE galva visu veidu v\u0101rstiem \u2022 Ietver sienas kron\u0161teinu \u2022 Ra\u017eots V\u0101cij\u0101","og_url":"https:\/\/velooutlets.com\/lt\/produktas\/gridas-suknis-airstep\/","og_site_name":"Velo Outlets","article_modified_time":"2026-02-11T11:13:25+00:00","og_image":[{"width":1134,"height":709,"url":"https:\/\/velooutlets.com\/wp-content\/uploads\/2025\/10\/4384.jpg","type":"image\/jpeg"}],"twitter_card":"summary_large_image","schema":{"@context":"https:\/\/schema.org","@graph":[{"@type":"WebPage","@id":"https:\/\/velooutlets.com\/products\/gridas-suknis-airstep\/","url":"https:\/\/velooutlets.com\/products\/gridas-suknis-airstep\/","name":"Pumpis Airstep SKS - Velo Outlets","isPartOf":{"@id":"https:\/\/velooutlets.com\/en\/#website"},"primaryImageOfPage":{"@id":"https:\/\/velooutlets.com\/products\/gridas-suknis-airstep\/#primaryimage"},"image":{"@id":"https:\/\/velooutlets.com\/products\/gridas-suknis-airstep\/#primaryimage"},"thumbnailUrl":"https:\/\/velooutlets.com\/wp-content\/uploads\/2025\/10\/4384.jpg","datePublished":"2025-10-10T06:23:40+00:00","dateModified":"2026-02-11T11:13:25+00:00","breadcrumb":{"@id":"https:\/\/velooutlets.com\/products\/gridas-suknis-airstep\/#breadcrumb"},"inLanguage":"lt-LT","potentialAction":[{"@type":"ReadAction","target":["https:\/\/velooutlets.com\/products\/gridas-suknis-airstep\/"]}]},{"@type":"ImageObject","inLanguage":"lt-LT","@id":"https:\/\/velooutlets.com\/products\/gridas-suknis-airstep\/#primaryimage","url":"https:\/\/velooutlets.com\/wp-content\/uploads\/2025\/10\/4384.jpg","contentUrl":"https:\/\/velooutlets.com\/wp-content\/uploads\/2025\/10\/4384.jpg","width":1134,"height":709},{"@type":"BreadcrumbList","@id":"https:\/\/velooutlets.com\/products\/gridas-suknis-airstep\/#breadcrumb","itemListElement":[{"@type":"ListItem","position":1,"name":"Home","item":"https:\/\/velooutlets.com\/"},{"@type":"ListItem","position":2,"name":"Veikals","item":"https:\/\/velooutlets.com\/shop\/"},{"@type":"ListItem","position":3,"name":"Pumpis Airstep SKS"}]},{"@type":"WebSite","@id":"https:\/\/velooutlets.com\/en\/#website","url":"https:\/\/velooutlets.com\/en\/","name":"\"Velo Outlets","description":"Dvira\u010diai visai \u0161eimai","potentialAction":[{"@type":"SearchAction","target":{"@type":"EntryPoint","urlTemplate":"https:\/\/velooutlets.com\/en\/?s={search_term_string}"},"query-input":{"@type":"PropertyValueSpecification","valueRequired":true,"valueName":"search_term_string"}}],"inLanguage":"lt-LT"}]}},"jetpack_sharing_enabled":true,"_links":{"self":[{"href":"https:\/\/velooutlets.com\/lt\/wp-json\/wp\/v2\/product\/11715","targetHints":{"allow":["GET"]}}],"collection":[{"href":"https:\/\/velooutlets.com\/lt\/wp-json\/wp\/v2\/product"}],"about":[{"href":"https:\/\/velooutlets.com\/lt\/wp-json\/wp\/v2\/types\/product"}],"wp:featuredmedia":[{"embeddable":true,"href":"https:\/\/velooutlets.com\/lt\/wp-json\/wp\/v2\/media\/11716"}],"wp:attachment":[{"href":"https:\/\/velooutlets.com\/lt\/wp-json\/wp\/v2\/media?parent=11715"}],"wp:term":[{"taxonomy":"product_brand","embeddable":true,"href":"https:\/\/velooutlets.com\/lt\/wp-json\/wp\/v2\/product_brand?post=11715"},{"taxonomy":"product_cat","embeddable":true,"href":"https:\/\/velooutlets.com\/lt\/wp-json\/wp\/v2\/product_cat?post=11715"},{"taxonomy":"product_tag","embeddable":true,"href":"https:\/\/velooutlets.com\/lt\/wp-json\/wp\/v2\/product_tag?post=11715"}],"curies":[{"name":"wp","href":"https:\/\/api.w.org\/{rel}","templated":true}]}}