{"id":11736,"date":"2025-10-10T09:23:57","date_gmt":"2025-10-10T06:23:57","guid":{"rendered":"https:\/\/staging.velooutlets.com\/product\/pumpis-sks-manometer\/"},"modified":"2026-03-06T23:32:44","modified_gmt":"2026-03-06T21:32:44","slug":"pumpis-sks-manometer","status":"publish","type":"product","link":"https:\/\/velooutlets.com\/lt\/produktas\/pumpis-sks-manometer\/","title":{"rendered":"Pumpis SKS MANOMETRAS"},"content":{"rendered":"<div class=\"detail-tabs detail-tab-\">\n<div class=\"detail-tab-content\">\n<div class=\"tab-content\">\n<div id=\"tab-description\" class=\"tab-pane active\">\n<div class=\"detail-tab-desc\">\n<p>Kokybi\u0161kas voki\u0161kas stacionarusis siurblys su iki 10 bar\u0173 sl\u0117gio matuokliu.<\/p>\n<\/div>\n<\/div>\n<\/div>\n<\/div>\n<\/div>\n<div class=\"related-product\">\u00a0<\/div>","protected":false},"excerpt":{"rendered":"<p>Kokybi\u0161kas voki\u0161kas stacionarusis siurblys su iki 10 bar\u0173 sl\u0117gio matuokliu. \u00a0<\/p>","protected":false},"featured_media":11740,"template":"","meta":{"_monsterinsights_skip_tracking":false,"_monsterinsights_sitenote_active":false,"_monsterinsights_sitenote_note":"","_monsterinsights_sitenote_category":0,"_iconic_wsb_product_page_order_bump_ids":[],"_sku":[""],"_iconic_wsb_product_page_bump_modal_ids":[]},"product_brand":[1347],"product_cat":[910,1121],"product_tag":[894],"class_list":{"0":"post-11736","1":"product","2":"type-product","3":"status-publish","4":"has-post-thumbnail","6":"product_brand-sks","7":"product_cat-aksesuari","8":"product_cat-velopumpji","9":"product_tag-velopumpji","10":"product_shipping_class-aksesuari","11":"ts_product_brand-sks","13":"first","14":"instock","15":"taxable","16":"shipping-taxable","17":"purchasable","18":"product-type-simple"},"yoast_head":"<!-- This site is optimized with the Yoast SEO plugin v27.2 - https:\/\/yoast.com\/product\/yoast-seo-wordpress\/ -->\n<title>Pumpis SKS MANOMETER - Velo Outlets<\/title>\n<meta name=\"robots\" content=\"index, follow, max-snippet:-1, max-image-preview:large, max-video-preview:-1\" \/>\n<link rel=\"canonical\" href=\"https:\/\/velooutlets.com\/lt\/produktas\/pumpis-sks-manometer\/\" \/>\n<meta property=\"og:locale\" content=\"lt_LT\" \/>\n<meta property=\"og:type\" content=\"article\" \/>\n<meta property=\"og:title\" content=\"Pumpis SKS MANOMETER - Velo Outlets\" \/>\n<meta property=\"og:description\" content=\"Kvalitat\u012bvs V\u0101cij\u0101 ra\u017eots stacion\u0101rais pumpis ar manometru l\u012bdz 10 b\u0101riem. \u00a0\" \/>\n<meta property=\"og:url\" content=\"https:\/\/velooutlets.com\/lt\/produktas\/pumpis-sks-manometer\/\" \/>\n<meta property=\"og:site_name\" content=\"Velo Outlets\" \/>\n<meta property=\"article:modified_time\" content=\"2026-03-06T21:32:44+00:00\" \/>\n<meta property=\"og:image\" content=\"https:\/\/velooutlets.com\/wp-content\/uploads\/2025\/10\/air_x_plorer_frei.png\" \/>\n\t<meta property=\"og:image:width\" content=\"1000\" \/>\n\t<meta property=\"og:image:height\" content=\"1000\" \/>\n\t<meta property=\"og:image:type\" content=\"image\/png\" \/>\n<meta name=\"twitter:card\" content=\"summary_large_image\" \/>\n<script type=\"application\/ld+json\" class=\"yoast-schema-graph\">{\"@context\":\"https:\/\/schema.org\",\"@graph\":[{\"@type\":\"WebPage\",\"@id\":\"https:\/\/velooutlets.com\/products\/pumpis-sks-manometer\/\",\"url\":\"https:\/\/velooutlets.com\/products\/pumpis-sks-manometer\/\",\"name\":\"Pumpis SKS MANOMETER - Velo Outlets\",\"isPartOf\":{\"@id\":\"https:\/\/velooutlets.com\/en\/#website\"},\"primaryImageOfPage\":{\"@id\":\"https:\/\/velooutlets.com\/products\/pumpis-sks-manometer\/#primaryimage\"},\"image\":{\"@id\":\"https:\/\/velooutlets.com\/products\/pumpis-sks-manometer\/#primaryimage\"},\"thumbnailUrl\":\"https:\/\/velooutlets.com\/wp-content\/uploads\/2025\/10\/air_x_plorer_frei.png\",\"datePublished\":\"2025-10-10T06:23:57+00:00\",\"dateModified\":\"2026-03-06T21:32:44+00:00\",\"breadcrumb\":{\"@id\":\"https:\/\/velooutlets.com\/products\/pumpis-sks-manometer\/#breadcrumb\"},\"inLanguage\":\"lt-LT\",\"potentialAction\":[{\"@type\":\"ReadAction\",\"target\":[\"https:\/\/velooutlets.com\/products\/pumpis-sks-manometer\/\"]}]},{\"@type\":\"ImageObject\",\"inLanguage\":\"lt-LT\",\"@id\":\"https:\/\/velooutlets.com\/products\/pumpis-sks-manometer\/#primaryimage\",\"url\":\"https:\/\/velooutlets.com\/wp-content\/uploads\/2025\/10\/air_x_plorer_frei.png\",\"contentUrl\":\"https:\/\/velooutlets.com\/wp-content\/uploads\/2025\/10\/air_x_plorer_frei.png\",\"width\":1000,\"height\":1000},{\"@type\":\"BreadcrumbList\",\"@id\":\"https:\/\/velooutlets.com\/products\/pumpis-sks-manometer\/#breadcrumb\",\"itemListElement\":[{\"@type\":\"ListItem\",\"position\":1,\"name\":\"Home\",\"item\":\"https:\/\/velooutlets.com\/\"},{\"@type\":\"ListItem\",\"position\":2,\"name\":\"Veikals\",\"item\":\"https:\/\/velooutlets.com\/shop\/\"},{\"@type\":\"ListItem\",\"position\":3,\"name\":\"Pumpis SKS MANOMETER\"}]},{\"@type\":\"WebSite\",\"@id\":\"https:\/\/velooutlets.com\/en\/#website\",\"url\":\"https:\/\/velooutlets.com\/en\/\",\"name\":\"Velo Outlets\",\"description\":\"Velosip\u0113di visai \u0123imenei\",\"potentialAction\":[{\"@type\":\"SearchAction\",\"target\":{\"@type\":\"EntryPoint\",\"urlTemplate\":\"https:\/\/velooutlets.com\/en\/?s={search_term_string}\"},\"query-input\":{\"@type\":\"PropertyValueSpecification\",\"valueRequired\":true,\"valueName\":\"search_term_string\"}}],\"inLanguage\":\"lt-LT\"}]}<\/script>\n<!-- \/ Yoast SEO plugin. -->","yoast_head_json":{"title":"Pumpis SKS MANOMETER - Velo Outlets","robots":{"index":"index","follow":"follow","max-snippet":"max-snippet:-1","max-image-preview":"max-image-preview:large","max-video-preview":"max-video-preview:-1"},"canonical":"https:\/\/velooutlets.com\/lt\/produktas\/pumpis-sks-manometer\/","og_locale":"lt_LT","og_type":"article","og_title":"Pumpis SKS MANOMETER - Velo Outlets","og_description":"Kvalitat\u012bvs V\u0101cij\u0101 ra\u017eots stacion\u0101rais pumpis ar manometru l\u012bdz 10 b\u0101riem. \u00a0","og_url":"https:\/\/velooutlets.com\/lt\/produktas\/pumpis-sks-manometer\/","og_site_name":"Velo Outlets","article_modified_time":"2026-03-06T21:32:44+00:00","og_image":[{"width":1000,"height":1000,"url":"https:\/\/velooutlets.com\/wp-content\/uploads\/2025\/10\/air_x_plorer_frei.png","type":"image\/png"}],"twitter_card":"summary_large_image","schema":{"@context":"https:\/\/schema.org","@graph":[{"@type":"WebPage","@id":"https:\/\/velooutlets.com\/products\/pumpis-sks-manometer\/","url":"https:\/\/velooutlets.com\/products\/pumpis-sks-manometer\/","name":"Pumpis SKS MANOMETER - Velo Outlets","isPartOf":{"@id":"https:\/\/velooutlets.com\/en\/#website"},"primaryImageOfPage":{"@id":"https:\/\/velooutlets.com\/products\/pumpis-sks-manometer\/#primaryimage"},"image":{"@id":"https:\/\/velooutlets.com\/products\/pumpis-sks-manometer\/#primaryimage"},"thumbnailUrl":"https:\/\/velooutlets.com\/wp-content\/uploads\/2025\/10\/air_x_plorer_frei.png","datePublished":"2025-10-10T06:23:57+00:00","dateModified":"2026-03-06T21:32:44+00:00","breadcrumb":{"@id":"https:\/\/velooutlets.com\/products\/pumpis-sks-manometer\/#breadcrumb"},"inLanguage":"lt-LT","potentialAction":[{"@type":"ReadAction","target":["https:\/\/velooutlets.com\/products\/pumpis-sks-manometer\/"]}]},{"@type":"ImageObject","inLanguage":"lt-LT","@id":"https:\/\/velooutlets.com\/products\/pumpis-sks-manometer\/#primaryimage","url":"https:\/\/velooutlets.com\/wp-content\/uploads\/2025\/10\/air_x_plorer_frei.png","contentUrl":"https:\/\/velooutlets.com\/wp-content\/uploads\/2025\/10\/air_x_plorer_frei.png","width":1000,"height":1000},{"@type":"BreadcrumbList","@id":"https:\/\/velooutlets.com\/products\/pumpis-sks-manometer\/#breadcrumb","itemListElement":[{"@type":"ListItem","position":1,"name":"Home","item":"https:\/\/velooutlets.com\/"},{"@type":"ListItem","position":2,"name":"Veikals","item":"https:\/\/velooutlets.com\/shop\/"},{"@type":"ListItem","position":3,"name":"Pumpis SKS MANOMETER"}]},{"@type":"WebSite","@id":"https:\/\/velooutlets.com\/en\/#website","url":"https:\/\/velooutlets.com\/en\/","name":"\"Velo Outlets","description":"Dvira\u010diai visai \u0161eimai","potentialAction":[{"@type":"SearchAction","target":{"@type":"EntryPoint","urlTemplate":"https:\/\/velooutlets.com\/en\/?s={search_term_string}"},"query-input":{"@type":"PropertyValueSpecification","valueRequired":true,"valueName":"search_term_string"}}],"inLanguage":"lt-LT"}]}},"jetpack_sharing_enabled":true,"_links":{"self":[{"href":"https:\/\/velooutlets.com\/lt\/wp-json\/wp\/v2\/product\/11736","targetHints":{"allow":["GET"]}}],"collection":[{"href":"https:\/\/velooutlets.com\/lt\/wp-json\/wp\/v2\/product"}],"about":[{"href":"https:\/\/velooutlets.com\/lt\/wp-json\/wp\/v2\/types\/product"}],"wp:featuredmedia":[{"embeddable":true,"href":"https:\/\/velooutlets.com\/lt\/wp-json\/wp\/v2\/media\/11740"}],"wp:attachment":[{"href":"https:\/\/velooutlets.com\/lt\/wp-json\/wp\/v2\/media?parent=11736"}],"wp:term":[{"taxonomy":"product_brand","embeddable":true,"href":"https:\/\/velooutlets.com\/lt\/wp-json\/wp\/v2\/product_brand?post=11736"},{"taxonomy":"product_cat","embeddable":true,"href":"https:\/\/velooutlets.com\/lt\/wp-json\/wp\/v2\/product_cat?post=11736"},{"taxonomy":"product_tag","embeddable":true,"href":"https:\/\/velooutlets.com\/lt\/wp-json\/wp\/v2\/product_tag?post=11736"}],"curies":[{"name":"wp","href":"https:\/\/api.w.org\/{rel}","templated":true}]}}