{"id":11781,"date":"2025-10-10T09:24:44","date_gmt":"2025-10-10T06:24:44","guid":{"rendered":"https:\/\/staging.velooutlets.com\/product\/somina-explorer-edge\/"},"modified":"2026-01-30T11:44:30","modified_gmt":"2026-01-30T09:44:30","slug":"somina-explorer-edge","status":"publish","type":"product","link":"https:\/\/velooutlets.com\/lt\/produktas\/somina-explorer-edge\/","title":{"rendered":"\"Explorer Edge\" d\u0117klas"},"content":{"rendered":"<p>R\u0117melio laikiklis, 1000 ml, nelaidus vandeniui<\/p>","protected":false},"excerpt":{"rendered":"<p>R\u0117melio laikiklis, 1000 ml, nelaidus vandeniui<\/p>","protected":false},"featured_media":11782,"template":"","meta":{"_monsterinsights_skip_tracking":false,"_monsterinsights_sitenote_active":false,"_monsterinsights_sitenote_note":"","_monsterinsights_sitenote_category":0,"_iconic_wsb_product_page_order_bump_ids":[],"_sku":["11525"],"_iconic_wsb_product_page_bump_modal_ids":[]},"product_brand":[1347],"product_cat":[910,1115],"product_tag":[221,209,896,897],"class_list":{"0":"post-11781","1":"product","2":"type-product","3":"status-publish","4":"has-post-thumbnail","6":"product_brand-sks","7":"product_cat-aksesuari","8":"product_cat-velo-somas","9":"product_tag-aksesuari","10":"product_tag-imenza","11":"product_tag-parejie-aksesuari","12":"product_tag-somas","13":"product_shipping_class-aksesuari","14":"ts_product_brand-sks","16":"first","17":"instock","18":"taxable","19":"shipping-taxable","20":"purchasable","21":"product-type-simple"},"yoast_head":"<!-- This site is optimized with the Yoast SEO plugin v27.2 - https:\/\/yoast.com\/product\/yoast-seo-wordpress\/ -->\n<title>Somi\u0146a Explorer Edge - Velo Outlets<\/title>\n<meta name=\"robots\" content=\"index, follow, max-snippet:-1, max-image-preview:large, max-video-preview:-1\" \/>\n<link rel=\"canonical\" href=\"https:\/\/velooutlets.com\/lt\/produktas\/somina-explorer-edge\/\" \/>\n<meta property=\"og:locale\" content=\"lt_LT\" \/>\n<meta property=\"og:type\" content=\"article\" \/>\n<meta property=\"og:title\" content=\"Somi\u0146a Explorer Edge - Velo Outlets\" \/>\n<meta property=\"og:description\" content=\"R\u0101mja stiprin\u0101jums, 1000 ml, \u016bdensnecaurlaid\u012bgs\" \/>\n<meta property=\"og:url\" content=\"https:\/\/velooutlets.com\/lt\/produktas\/somina-explorer-edge\/\" \/>\n<meta property=\"og:site_name\" content=\"Velo Outlets\" \/>\n<meta property=\"article:modified_time\" content=\"2026-01-30T09:44:30+00:00\" \/>\n<meta property=\"og:image\" content=\"https:\/\/velooutlets.com\/wp-content\/uploads\/2025\/10\/4864.jpg\" \/>\n\t<meta property=\"og:image:width\" content=\"1134\" \/>\n\t<meta property=\"og:image:height\" content=\"709\" \/>\n\t<meta property=\"og:image:type\" content=\"image\/jpeg\" \/>\n<meta name=\"twitter:card\" content=\"summary_large_image\" \/>\n<script type=\"application\/ld+json\" class=\"yoast-schema-graph\">{\"@context\":\"https:\/\/schema.org\",\"@graph\":[{\"@type\":\"WebPage\",\"@id\":\"https:\/\/velooutlets.com\/products\/somina-explorer-edge\/\",\"url\":\"https:\/\/velooutlets.com\/products\/somina-explorer-edge\/\",\"name\":\"Somi\u0146a Explorer Edge - Velo Outlets\",\"isPartOf\":{\"@id\":\"https:\/\/velooutlets.com\/en\/#website\"},\"primaryImageOfPage\":{\"@id\":\"https:\/\/velooutlets.com\/products\/somina-explorer-edge\/#primaryimage\"},\"image\":{\"@id\":\"https:\/\/velooutlets.com\/products\/somina-explorer-edge\/#primaryimage\"},\"thumbnailUrl\":\"https:\/\/velooutlets.com\/wp-content\/uploads\/2025\/10\/4864.jpg\",\"datePublished\":\"2025-10-10T06:24:44+00:00\",\"dateModified\":\"2026-01-30T09:44:30+00:00\",\"breadcrumb\":{\"@id\":\"https:\/\/velooutlets.com\/products\/somina-explorer-edge\/#breadcrumb\"},\"inLanguage\":\"lt-LT\",\"potentialAction\":[{\"@type\":\"ReadAction\",\"target\":[\"https:\/\/velooutlets.com\/products\/somina-explorer-edge\/\"]}]},{\"@type\":\"ImageObject\",\"inLanguage\":\"lt-LT\",\"@id\":\"https:\/\/velooutlets.com\/products\/somina-explorer-edge\/#primaryimage\",\"url\":\"https:\/\/velooutlets.com\/wp-content\/uploads\/2025\/10\/4864.jpg\",\"contentUrl\":\"https:\/\/velooutlets.com\/wp-content\/uploads\/2025\/10\/4864.jpg\",\"width\":1134,\"height\":709},{\"@type\":\"BreadcrumbList\",\"@id\":\"https:\/\/velooutlets.com\/products\/somina-explorer-edge\/#breadcrumb\",\"itemListElement\":[{\"@type\":\"ListItem\",\"position\":1,\"name\":\"Home\",\"item\":\"https:\/\/velooutlets.com\/\"},{\"@type\":\"ListItem\",\"position\":2,\"name\":\"Veikals\",\"item\":\"https:\/\/velooutlets.com\/shop\/\"},{\"@type\":\"ListItem\",\"position\":3,\"name\":\"Somi\u0146a Explorer Edge\"}]},{\"@type\":\"WebSite\",\"@id\":\"https:\/\/velooutlets.com\/en\/#website\",\"url\":\"https:\/\/velooutlets.com\/en\/\",\"name\":\"Velo Outlets\",\"description\":\"Velosip\u0113di visai \u0123imenei\",\"potentialAction\":[{\"@type\":\"SearchAction\",\"target\":{\"@type\":\"EntryPoint\",\"urlTemplate\":\"https:\/\/velooutlets.com\/en\/?s={search_term_string}\"},\"query-input\":{\"@type\":\"PropertyValueSpecification\",\"valueRequired\":true,\"valueName\":\"search_term_string\"}}],\"inLanguage\":\"lt-LT\"}]}<\/script>\n<!-- \/ Yoast SEO plugin. -->","yoast_head_json":{"title":"Somi\u0146a Explorer Edge - Velo Outlets","robots":{"index":"index","follow":"follow","max-snippet":"max-snippet:-1","max-image-preview":"max-image-preview:large","max-video-preview":"max-video-preview:-1"},"canonical":"https:\/\/velooutlets.com\/lt\/produktas\/somina-explorer-edge\/","og_locale":"lt_LT","og_type":"article","og_title":"Somi\u0146a Explorer Edge - Velo Outlets","og_description":"R\u0101mja stiprin\u0101jums, 1000 ml, \u016bdensnecaurlaid\u012bgs","og_url":"https:\/\/velooutlets.com\/lt\/produktas\/somina-explorer-edge\/","og_site_name":"Velo Outlets","article_modified_time":"2026-01-30T09:44:30+00:00","og_image":[{"width":1134,"height":709,"url":"https:\/\/velooutlets.com\/wp-content\/uploads\/2025\/10\/4864.jpg","type":"image\/jpeg"}],"twitter_card":"summary_large_image","schema":{"@context":"https:\/\/schema.org","@graph":[{"@type":"WebPage","@id":"https:\/\/velooutlets.com\/products\/somina-explorer-edge\/","url":"https:\/\/velooutlets.com\/products\/somina-explorer-edge\/","name":"Somi\u0146a Explorer Edge - Velo Outlets","isPartOf":{"@id":"https:\/\/velooutlets.com\/en\/#website"},"primaryImageOfPage":{"@id":"https:\/\/velooutlets.com\/products\/somina-explorer-edge\/#primaryimage"},"image":{"@id":"https:\/\/velooutlets.com\/products\/somina-explorer-edge\/#primaryimage"},"thumbnailUrl":"https:\/\/velooutlets.com\/wp-content\/uploads\/2025\/10\/4864.jpg","datePublished":"2025-10-10T06:24:44+00:00","dateModified":"2026-01-30T09:44:30+00:00","breadcrumb":{"@id":"https:\/\/velooutlets.com\/products\/somina-explorer-edge\/#breadcrumb"},"inLanguage":"lt-LT","potentialAction":[{"@type":"ReadAction","target":["https:\/\/velooutlets.com\/products\/somina-explorer-edge\/"]}]},{"@type":"ImageObject","inLanguage":"lt-LT","@id":"https:\/\/velooutlets.com\/products\/somina-explorer-edge\/#primaryimage","url":"https:\/\/velooutlets.com\/wp-content\/uploads\/2025\/10\/4864.jpg","contentUrl":"https:\/\/velooutlets.com\/wp-content\/uploads\/2025\/10\/4864.jpg","width":1134,"height":709},{"@type":"BreadcrumbList","@id":"https:\/\/velooutlets.com\/products\/somina-explorer-edge\/#breadcrumb","itemListElement":[{"@type":"ListItem","position":1,"name":"Home","item":"https:\/\/velooutlets.com\/"},{"@type":"ListItem","position":2,"name":"Veikals","item":"https:\/\/velooutlets.com\/shop\/"},{"@type":"ListItem","position":3,"name":"Somi\u0146a Explorer Edge"}]},{"@type":"WebSite","@id":"https:\/\/velooutlets.com\/en\/#website","url":"https:\/\/velooutlets.com\/en\/","name":"\"Velo Outlets","description":"Dvira\u010diai visai \u0161eimai","potentialAction":[{"@type":"SearchAction","target":{"@type":"EntryPoint","urlTemplate":"https:\/\/velooutlets.com\/en\/?s={search_term_string}"},"query-input":{"@type":"PropertyValueSpecification","valueRequired":true,"valueName":"search_term_string"}}],"inLanguage":"lt-LT"}]}},"jetpack_sharing_enabled":true,"_links":{"self":[{"href":"https:\/\/velooutlets.com\/lt\/wp-json\/wp\/v2\/product\/11781","targetHints":{"allow":["GET"]}}],"collection":[{"href":"https:\/\/velooutlets.com\/lt\/wp-json\/wp\/v2\/product"}],"about":[{"href":"https:\/\/velooutlets.com\/lt\/wp-json\/wp\/v2\/types\/product"}],"wp:featuredmedia":[{"embeddable":true,"href":"https:\/\/velooutlets.com\/lt\/wp-json\/wp\/v2\/media\/11782"}],"wp:attachment":[{"href":"https:\/\/velooutlets.com\/lt\/wp-json\/wp\/v2\/media?parent=11781"}],"wp:term":[{"taxonomy":"product_brand","embeddable":true,"href":"https:\/\/velooutlets.com\/lt\/wp-json\/wp\/v2\/product_brand?post=11781"},{"taxonomy":"product_cat","embeddable":true,"href":"https:\/\/velooutlets.com\/lt\/wp-json\/wp\/v2\/product_cat?post=11781"},{"taxonomy":"product_tag","embeddable":true,"href":"https:\/\/velooutlets.com\/lt\/wp-json\/wp\/v2\/product_tag?post=11781"}],"curies":[{"name":"wp","href":"https:\/\/api.w.org\/{rel}","templated":true}]}}