{"id":11786,"date":"2025-10-10T09:24:49","date_gmt":"2025-10-10T06:24:49","guid":{"rendered":"https:\/\/staging.velooutlets.com\/product\/talruna-tureklis-smartboy\/"},"modified":"2026-03-06T23:32:18","modified_gmt":"2026-03-06T21:32:18","slug":"talruna-tureklis-smartboy","status":"publish","type":"product","link":"https:\/\/velooutlets.com\/lt\/produktas\/talruna-tureklis-smartboy\/","title":{"rendered":"Telefono laikiklis SKS Smartboy"},"content":{"rendered":"<div class=\"flex flex-col text-sm pb-25\">\n<article class=\"text-token-text-primary w-full focus:outline-none [--shadow-height:45px] has-data-writing-block:pointer-events-none has-data-writing-block:-mt-(--shadow-height) has-data-writing-block:pt-(--shadow-height) [&amp;:has([data-writing-block])&gt;*]:pointer-events-auto scroll-mt-[calc(var(--header-height)+min(200px,max(70px,20svh)))]\" dir=\"auto\" tabindex=\"-1\" data-turn-id=\"request-WEB:4e8e8491-639e-44ee-8e83-973a3a1ec5a8-90\" data-testid=\"conversation-turn-170\" data-scroll-anchor=\"true\" data-turn=\"assistant\">\n<div class=\"text-base my-auto mx-auto pb-10 [--thread-content-margin:var(--thread-content-margin-xs,calc(var(--spacing)*4))] @w-sm\/main:[--thread-content-margin:var(--thread-content-margin-sm,calc(var(--spacing)*6))] @w-lg\/main:[--thread-content-margin:var(--thread-content-margin-lg,calc(var(--spacing)*16))] px-(--thread-content-margin)\">\n<div class=\"[--thread-content-max-width:40rem] @w-lg\/main:[--thread-content-max-width:48rem] mx-auto max-w-(--thread-content-max-width) flex-1 group\/turn-messages focus-visible:outline-hidden relative flex w-full min-w-0 flex-col agent-turn\" tabindex=\"-1\">\n<div class=\"flex max-w-full flex-col gap-4 grow\">\n<div class=\"min-h-8 text-message relative flex w-full flex-col items-end gap-2 text-start break-words whitespace-normal [.text-message+&amp;]:mt-1\" dir=\"auto\" data-message-author-role=\"assistant\" data-message-id=\"bfa0529c-8d53-492f-9592-3ab65fe0f5d9\" data-message-model-slug=\"gpt-5-mini\">\n<div class=\"flex w-full flex-col gap-1 empty:hidden\">\n<div class=\"markdown prose dark:prose-invert w-full wrap-break-word dark markdown-new-styling\">\n<p data-start=\"0\" data-end=\"449\" data-is-last-node=\"\" data-is-only-node=\"\">\u0160\u012b velosip\u0113da soma ir praktisks un kompakts risin\u0101jums viedt\u0101lru\u0146a p\u0101rvad\u0101\u0161anai brauciena laik\u0101. Ar \u0101r\u0113jiem izm\u0113riem 250 x 100 x 26 mm t\u0101 pied\u0101v\u0101 pietiekami daudz vietas, lai dro\u0161i ievietotu ier\u012bces l\u012bdz 155 x 80 x 15 mm izm\u0113ram. Soma ir \u016bdens atgr\u016bdo\u0161a, nodro\u0161inot aizsardz\u012bbu lietus vai mitru apst\u0101k\u013cu gad\u012bjum\u0101, un papildus tai ir neliels nodal\u012bjums citiem s\u012bkumiem, piem\u0113ram, atsl\u0113g\u0101m vai maks\u0101jumiem, kas padara braucienu \u0113rt\u0101ku un organiz\u0113t\u0101ku.<\/p>\n<\/div>\n<\/div>\n<\/div>\n<\/div>\n<\/div>\n<\/div>\n<\/article>\n<\/div>\n","protected":false},"excerpt":{"rendered":"<p>\u0160\u012b velosip\u0113da soma ir praktisks un kompakts risin\u0101jums viedt\u0101lru\u0146a p\u0101rvad\u0101\u0161anai brauciena laik\u0101. Ar \u0101r\u0113jiem izm\u0113riem 250 x 100 x 26 mm t\u0101 pied\u0101v\u0101 pietiekami daudz vietas, lai dro\u0161i ievietotu ier\u012bces l\u012bdz 155 x 80 x 15 mm izm\u0113ram. Soma ir \u016bdens atgr\u016bdo\u0161a, nodro\u0161inot aizsardz\u012bbu lietus vai mitru apst\u0101k\u013cu gad\u012bjum\u0101, un papildus tai ir neliels nodal\u012bjums [&hellip;]<\/p>\n","protected":false},"featured_media":11787,"template":"","meta":{"_monsterinsights_skip_tracking":false,"_monsterinsights_sitenote_active":false,"_monsterinsights_sitenote_note":"","_monsterinsights_sitenote_category":0,"_iconic_wsb_product_page_order_bump_ids":[],"_sku":["11626"],"_iconic_wsb_product_page_bump_modal_ids":[]},"product_brand":[1347],"product_cat":[910],"product_tag":[221,209,896],"class_list":{"0":"post-11786","1":"product","2":"type-product","3":"status-publish","4":"has-post-thumbnail","6":"product_brand-sks","7":"product_cat-aksesuari","8":"product_tag-aksesuari","9":"product_tag-imenza","10":"product_tag-parejie-aksesuari","11":"product_shipping_class-aksesuari","12":"ts_product_brand-sks","14":"first","15":"instock","16":"taxable","17":"shipping-taxable","18":"purchasable","19":"product-type-simple"},"yoast_head":"<!-- This site is optimized with the Yoast SEO plugin v27.2 - https:\/\/yoast.com\/product\/yoast-seo-wordpress\/ -->\n<title>Telefona tur\u0113tajs SKS Smartboy - Velo Outlets<\/title>\n<meta name=\"robots\" content=\"index, follow, max-snippet:-1, max-image-preview:large, max-video-preview:-1\" \/>\n<link rel=\"canonical\" href=\"https:\/\/velooutlets.com\/lt\/produktas\/talruna-tureklis-smartboy\/\" \/>\n<meta property=\"og:locale\" content=\"lt_LT\" \/>\n<meta property=\"og:type\" content=\"article\" \/>\n<meta property=\"og:title\" content=\"Telefona tur\u0113tajs SKS Smartboy - Velo Outlets\" \/>\n<meta property=\"og:description\" content=\"\u0160\u012b velosip\u0113da soma ir praktisks un kompakts risin\u0101jums viedt\u0101lru\u0146a p\u0101rvad\u0101\u0161anai brauciena laik\u0101. Ar \u0101r\u0113jiem izm\u0113riem 250 x 100 x 26 mm t\u0101 pied\u0101v\u0101 pietiekami daudz vietas, lai dro\u0161i ievietotu ier\u012bces l\u012bdz 155 x 80 x 15 mm izm\u0113ram. Soma ir \u016bdens atgr\u016bdo\u0161a, nodro\u0161inot aizsardz\u012bbu lietus vai mitru apst\u0101k\u013cu gad\u012bjum\u0101, un papildus tai ir neliels nodal\u012bjums [&hellip;]\" \/>\n<meta property=\"og:url\" content=\"https:\/\/velooutlets.com\/lt\/produktas\/talruna-tureklis-smartboy\/\" \/>\n<meta property=\"og:site_name\" content=\"Velo Outlets\" \/>\n<meta property=\"article:modified_time\" content=\"2026-03-06T21:32:18+00:00\" \/>\n<meta property=\"og:image\" content=\"https:\/\/velooutlets.com\/wp-content\/uploads\/2025\/10\/1032scr_4291bd648422454-1024x539-1.jpg\" \/>\n\t<meta property=\"og:image:width\" content=\"1024\" \/>\n\t<meta property=\"og:image:height\" content=\"539\" \/>\n\t<meta property=\"og:image:type\" content=\"image\/jpeg\" \/>\n<meta name=\"twitter:card\" content=\"summary_large_image\" \/>\n<script type=\"application\/ld+json\" class=\"yoast-schema-graph\">{\"@context\":\"https:\/\/schema.org\",\"@graph\":[{\"@type\":\"WebPage\",\"@id\":\"https:\/\/velooutlets.com\/products\/talruna-tureklis-smartboy\/\",\"url\":\"https:\/\/velooutlets.com\/products\/talruna-tureklis-smartboy\/\",\"name\":\"Telefona tur\u0113tajs SKS Smartboy - Velo Outlets\",\"isPartOf\":{\"@id\":\"https:\/\/velooutlets.com\/en\/#website\"},\"primaryImageOfPage\":{\"@id\":\"https:\/\/velooutlets.com\/products\/talruna-tureklis-smartboy\/#primaryimage\"},\"image\":{\"@id\":\"https:\/\/velooutlets.com\/products\/talruna-tureklis-smartboy\/#primaryimage\"},\"thumbnailUrl\":\"https:\/\/velooutlets.com\/wp-content\/uploads\/2025\/10\/1032scr_4291bd648422454-1024x539-1.jpg\",\"datePublished\":\"2025-10-10T06:24:49+00:00\",\"dateModified\":\"2026-03-06T21:32:18+00:00\",\"breadcrumb\":{\"@id\":\"https:\/\/velooutlets.com\/products\/talruna-tureklis-smartboy\/#breadcrumb\"},\"inLanguage\":\"lt-LT\",\"potentialAction\":[{\"@type\":\"ReadAction\",\"target\":[\"https:\/\/velooutlets.com\/products\/talruna-tureklis-smartboy\/\"]}]},{\"@type\":\"ImageObject\",\"inLanguage\":\"lt-LT\",\"@id\":\"https:\/\/velooutlets.com\/products\/talruna-tureklis-smartboy\/#primaryimage\",\"url\":\"https:\/\/velooutlets.com\/wp-content\/uploads\/2025\/10\/1032scr_4291bd648422454-1024x539-1.jpg\",\"contentUrl\":\"https:\/\/velooutlets.com\/wp-content\/uploads\/2025\/10\/1032scr_4291bd648422454-1024x539-1.jpg\",\"width\":1024,\"height\":539},{\"@type\":\"BreadcrumbList\",\"@id\":\"https:\/\/velooutlets.com\/products\/talruna-tureklis-smartboy\/#breadcrumb\",\"itemListElement\":[{\"@type\":\"ListItem\",\"position\":1,\"name\":\"Home\",\"item\":\"https:\/\/velooutlets.com\/\"},{\"@type\":\"ListItem\",\"position\":2,\"name\":\"Veikals\",\"item\":\"https:\/\/velooutlets.com\/shop\/\"},{\"@type\":\"ListItem\",\"position\":3,\"name\":\"Telefona tur\u0113tajs SKS Smartboy\"}]},{\"@type\":\"WebSite\",\"@id\":\"https:\/\/velooutlets.com\/en\/#website\",\"url\":\"https:\/\/velooutlets.com\/en\/\",\"name\":\"Velo Outlets\",\"description\":\"Velosip\u0113di visai \u0123imenei\",\"potentialAction\":[{\"@type\":\"SearchAction\",\"target\":{\"@type\":\"EntryPoint\",\"urlTemplate\":\"https:\/\/velooutlets.com\/en\/?s={search_term_string}\"},\"query-input\":{\"@type\":\"PropertyValueSpecification\",\"valueRequired\":true,\"valueName\":\"search_term_string\"}}],\"inLanguage\":\"lt-LT\"}]}<\/script>\n<!-- \/ Yoast SEO plugin. -->","yoast_head_json":{"title":"Telefona tur\u0113tajs SKS Smartboy - Velo Outlets","robots":{"index":"index","follow":"follow","max-snippet":"max-snippet:-1","max-image-preview":"max-image-preview:large","max-video-preview":"max-video-preview:-1"},"canonical":"https:\/\/velooutlets.com\/lt\/produktas\/talruna-tureklis-smartboy\/","og_locale":"lt_LT","og_type":"article","og_title":"Telefona tur\u0113tajs SKS Smartboy - Velo Outlets","og_description":"\u0160\u012b velosip\u0113da soma ir praktisks un kompakts risin\u0101jums viedt\u0101lru\u0146a p\u0101rvad\u0101\u0161anai brauciena laik\u0101. Ar \u0101r\u0113jiem izm\u0113riem 250 x 100 x 26 mm t\u0101 pied\u0101v\u0101 pietiekami daudz vietas, lai dro\u0161i ievietotu ier\u012bces l\u012bdz 155 x 80 x 15 mm izm\u0113ram. Soma ir \u016bdens atgr\u016bdo\u0161a, nodro\u0161inot aizsardz\u012bbu lietus vai mitru apst\u0101k\u013cu gad\u012bjum\u0101, un papildus tai ir neliels nodal\u012bjums [&hellip;]","og_url":"https:\/\/velooutlets.com\/lt\/produktas\/talruna-tureklis-smartboy\/","og_site_name":"Velo Outlets","article_modified_time":"2026-03-06T21:32:18+00:00","og_image":[{"width":1024,"height":539,"url":"https:\/\/velooutlets.com\/wp-content\/uploads\/2025\/10\/1032scr_4291bd648422454-1024x539-1.jpg","type":"image\/jpeg"}],"twitter_card":"summary_large_image","schema":{"@context":"https:\/\/schema.org","@graph":[{"@type":"WebPage","@id":"https:\/\/velooutlets.com\/products\/talruna-tureklis-smartboy\/","url":"https:\/\/velooutlets.com\/products\/talruna-tureklis-smartboy\/","name":"Telefona tur\u0113tajs SKS Smartboy - Velo Outlets","isPartOf":{"@id":"https:\/\/velooutlets.com\/en\/#website"},"primaryImageOfPage":{"@id":"https:\/\/velooutlets.com\/products\/talruna-tureklis-smartboy\/#primaryimage"},"image":{"@id":"https:\/\/velooutlets.com\/products\/talruna-tureklis-smartboy\/#primaryimage"},"thumbnailUrl":"https:\/\/velooutlets.com\/wp-content\/uploads\/2025\/10\/1032scr_4291bd648422454-1024x539-1.jpg","datePublished":"2025-10-10T06:24:49+00:00","dateModified":"2026-03-06T21:32:18+00:00","breadcrumb":{"@id":"https:\/\/velooutlets.com\/products\/talruna-tureklis-smartboy\/#breadcrumb"},"inLanguage":"lt-LT","potentialAction":[{"@type":"ReadAction","target":["https:\/\/velooutlets.com\/products\/talruna-tureklis-smartboy\/"]}]},{"@type":"ImageObject","inLanguage":"lt-LT","@id":"https:\/\/velooutlets.com\/products\/talruna-tureklis-smartboy\/#primaryimage","url":"https:\/\/velooutlets.com\/wp-content\/uploads\/2025\/10\/1032scr_4291bd648422454-1024x539-1.jpg","contentUrl":"https:\/\/velooutlets.com\/wp-content\/uploads\/2025\/10\/1032scr_4291bd648422454-1024x539-1.jpg","width":1024,"height":539},{"@type":"BreadcrumbList","@id":"https:\/\/velooutlets.com\/products\/talruna-tureklis-smartboy\/#breadcrumb","itemListElement":[{"@type":"ListItem","position":1,"name":"Home","item":"https:\/\/velooutlets.com\/"},{"@type":"ListItem","position":2,"name":"Veikals","item":"https:\/\/velooutlets.com\/shop\/"},{"@type":"ListItem","position":3,"name":"Telefona tur\u0113tajs SKS Smartboy"}]},{"@type":"WebSite","@id":"https:\/\/velooutlets.com\/en\/#website","url":"https:\/\/velooutlets.com\/en\/","name":"\"Velo Outlets","description":"Dvira\u010diai visai \u0161eimai","potentialAction":[{"@type":"SearchAction","target":{"@type":"EntryPoint","urlTemplate":"https:\/\/velooutlets.com\/en\/?s={search_term_string}"},"query-input":{"@type":"PropertyValueSpecification","valueRequired":true,"valueName":"search_term_string"}}],"inLanguage":"lt-LT"}]}},"jetpack_sharing_enabled":true,"_links":{"self":[{"href":"https:\/\/velooutlets.com\/lt\/wp-json\/wp\/v2\/product\/11786","targetHints":{"allow":["GET"]}}],"collection":[{"href":"https:\/\/velooutlets.com\/lt\/wp-json\/wp\/v2\/product"}],"about":[{"href":"https:\/\/velooutlets.com\/lt\/wp-json\/wp\/v2\/types\/product"}],"wp:featuredmedia":[{"embeddable":true,"href":"https:\/\/velooutlets.com\/lt\/wp-json\/wp\/v2\/media\/11787"}],"wp:attachment":[{"href":"https:\/\/velooutlets.com\/lt\/wp-json\/wp\/v2\/media?parent=11786"}],"wp:term":[{"taxonomy":"product_brand","embeddable":true,"href":"https:\/\/velooutlets.com\/lt\/wp-json\/wp\/v2\/product_brand?post=11786"},{"taxonomy":"product_cat","embeddable":true,"href":"https:\/\/velooutlets.com\/lt\/wp-json\/wp\/v2\/product_cat?post=11786"},{"taxonomy":"product_tag","embeddable":true,"href":"https:\/\/velooutlets.com\/lt\/wp-json\/wp\/v2\/product_tag?post=11786"}],"curies":[{"name":"wp","href":"https:\/\/api.w.org\/{rel}","templated":true}]}}