{"id":11791,"date":"2025-10-10T09:24:54","date_gmt":"2025-10-10T06:24:54","guid":{"rendered":"https:\/\/staging.velooutlets.com\/product\/blaskes-tureklis-4\/"},"modified":"2026-01-30T11:44:46","modified_gmt":"2026-01-30T09:44:46","slug":"blaskes-tureklis-4","status":"publish","type":"product","link":"https:\/\/velooutlets.com\/lt\/produktas\/blaskes-tureklis-4\/","title":{"rendered":"Universalus buteli\u0173 laikiklio adapteris SKS"},"content":{"rendered":"<p>Universalus butelio laikiklio adapteris, tinkamas vis\u0173 tip\u0173 dvira\u010di\u0173 pedalams.\u00a0<\/p>","protected":false},"excerpt":{"rendered":"<p>Universalus butelio laikiklio adapteris, tinkamas vis\u0173 tip\u0173 dvira\u010di\u0173 pedalams.\u00a0<\/p>","protected":false},"featured_media":11792,"template":"","meta":{"_monsterinsights_skip_tracking":false,"_monsterinsights_sitenote_active":false,"_monsterinsights_sitenote_note":"","_monsterinsights_sitenote_category":0,"_iconic_wsb_product_page_order_bump_ids":[],"_sku":["10505"],"_iconic_wsb_product_page_bump_modal_ids":[]},"product_brand":[1347],"product_cat":[910,1038],"product_tag":[221,209,899],"class_list":{"0":"post-11791","1":"product","2":"type-product","3":"status-publish","4":"has-post-thumbnail","6":"product_brand-sks","7":"product_cat-aksesuari","8":"product_cat-pudeles-un-turetaji","9":"product_tag-aksesuari","10":"product_tag-imenza","11":"product_tag-pudeles","12":"product_shipping_class-aksesuari","13":"ts_product_brand-sks","15":"first","16":"instock","17":"taxable","18":"shipping-taxable","19":"purchasable","20":"product-type-simple"},"yoast_head":"<!-- This site is optimized with the Yoast SEO plugin v27.2 - https:\/\/yoast.com\/product\/yoast-seo-wordpress\/ -->\n<title>Univers\u0101ls pudeles tur\u0113t\u0101ja adapteris SKS - Velo Outlets<\/title>\n<meta name=\"robots\" content=\"index, follow, max-snippet:-1, max-image-preview:large, max-video-preview:-1\" \/>\n<link rel=\"canonical\" href=\"https:\/\/velooutlets.com\/lt\/produktas\/blaskes-tureklis-4\/\" \/>\n<meta property=\"og:locale\" content=\"lt_LT\" \/>\n<meta property=\"og:type\" content=\"article\" \/>\n<meta property=\"og:title\" content=\"Univers\u0101ls pudeles tur\u0113t\u0101ja adapteris SKS - Velo Outlets\" \/>\n<meta property=\"og:description\" content=\"Universals pudeles tur\u0113t\u0101ja adapteris, piem\u0113rots visa veida velsoip\u0113diem.\u00a0\" \/>\n<meta property=\"og:url\" content=\"https:\/\/velooutlets.com\/lt\/produktas\/blaskes-tureklis-4\/\" \/>\n<meta property=\"og:site_name\" content=\"Velo Outlets\" \/>\n<meta property=\"article:modified_time\" content=\"2026-01-30T09:44:46+00:00\" \/>\n<meta property=\"og:image\" content=\"https:\/\/velooutlets.com\/wp-content\/uploads\/2025\/10\/3453.jpg\" \/>\n\t<meta property=\"og:image:width\" content=\"1134\" \/>\n\t<meta property=\"og:image:height\" content=\"709\" \/>\n\t<meta property=\"og:image:type\" content=\"image\/jpeg\" \/>\n<meta name=\"twitter:card\" content=\"summary_large_image\" \/>\n<script type=\"application\/ld+json\" class=\"yoast-schema-graph\">{\"@context\":\"https:\/\/schema.org\",\"@graph\":[{\"@type\":\"WebPage\",\"@id\":\"https:\/\/velooutlets.com\/products\/blaskes-tureklis-4\/\",\"url\":\"https:\/\/velooutlets.com\/products\/blaskes-tureklis-4\/\",\"name\":\"Univers\u0101ls pudeles tur\u0113t\u0101ja adapteris SKS - Velo Outlets\",\"isPartOf\":{\"@id\":\"https:\/\/velooutlets.com\/en\/#website\"},\"primaryImageOfPage\":{\"@id\":\"https:\/\/velooutlets.com\/products\/blaskes-tureklis-4\/#primaryimage\"},\"image\":{\"@id\":\"https:\/\/velooutlets.com\/products\/blaskes-tureklis-4\/#primaryimage\"},\"thumbnailUrl\":\"https:\/\/velooutlets.com\/wp-content\/uploads\/2025\/10\/3453.jpg\",\"datePublished\":\"2025-10-10T06:24:54+00:00\",\"dateModified\":\"2026-01-30T09:44:46+00:00\",\"breadcrumb\":{\"@id\":\"https:\/\/velooutlets.com\/products\/blaskes-tureklis-4\/#breadcrumb\"},\"inLanguage\":\"lt-LT\",\"potentialAction\":[{\"@type\":\"ReadAction\",\"target\":[\"https:\/\/velooutlets.com\/products\/blaskes-tureklis-4\/\"]}]},{\"@type\":\"ImageObject\",\"inLanguage\":\"lt-LT\",\"@id\":\"https:\/\/velooutlets.com\/products\/blaskes-tureklis-4\/#primaryimage\",\"url\":\"https:\/\/velooutlets.com\/wp-content\/uploads\/2025\/10\/3453.jpg\",\"contentUrl\":\"https:\/\/velooutlets.com\/wp-content\/uploads\/2025\/10\/3453.jpg\",\"width\":1134,\"height\":709},{\"@type\":\"BreadcrumbList\",\"@id\":\"https:\/\/velooutlets.com\/products\/blaskes-tureklis-4\/#breadcrumb\",\"itemListElement\":[{\"@type\":\"ListItem\",\"position\":1,\"name\":\"Home\",\"item\":\"https:\/\/velooutlets.com\/\"},{\"@type\":\"ListItem\",\"position\":2,\"name\":\"Veikals\",\"item\":\"https:\/\/velooutlets.com\/shop\/\"},{\"@type\":\"ListItem\",\"position\":3,\"name\":\"Univers\u0101ls pudeles tur\u0113t\u0101ja adapteris SKS\"}]},{\"@type\":\"WebSite\",\"@id\":\"https:\/\/velooutlets.com\/en\/#website\",\"url\":\"https:\/\/velooutlets.com\/en\/\",\"name\":\"Velo Outlets\",\"description\":\"Velosip\u0113di visai \u0123imenei\",\"potentialAction\":[{\"@type\":\"SearchAction\",\"target\":{\"@type\":\"EntryPoint\",\"urlTemplate\":\"https:\/\/velooutlets.com\/en\/?s={search_term_string}\"},\"query-input\":{\"@type\":\"PropertyValueSpecification\",\"valueRequired\":true,\"valueName\":\"search_term_string\"}}],\"inLanguage\":\"lt-LT\"}]}<\/script>\n<!-- \/ Yoast SEO plugin. -->","yoast_head_json":{"title":"Univers\u0101ls pudeles tur\u0113t\u0101ja adapteris SKS - Velo Outlets","robots":{"index":"index","follow":"follow","max-snippet":"max-snippet:-1","max-image-preview":"max-image-preview:large","max-video-preview":"max-video-preview:-1"},"canonical":"https:\/\/velooutlets.com\/lt\/produktas\/blaskes-tureklis-4\/","og_locale":"lt_LT","og_type":"article","og_title":"Univers\u0101ls pudeles tur\u0113t\u0101ja adapteris SKS - Velo Outlets","og_description":"Universals pudeles tur\u0113t\u0101ja adapteris, piem\u0113rots visa veida velsoip\u0113diem.\u00a0","og_url":"https:\/\/velooutlets.com\/lt\/produktas\/blaskes-tureklis-4\/","og_site_name":"Velo Outlets","article_modified_time":"2026-01-30T09:44:46+00:00","og_image":[{"width":1134,"height":709,"url":"https:\/\/velooutlets.com\/wp-content\/uploads\/2025\/10\/3453.jpg","type":"image\/jpeg"}],"twitter_card":"summary_large_image","schema":{"@context":"https:\/\/schema.org","@graph":[{"@type":"WebPage","@id":"https:\/\/velooutlets.com\/products\/blaskes-tureklis-4\/","url":"https:\/\/velooutlets.com\/products\/blaskes-tureklis-4\/","name":"Univers\u0101ls pudeles tur\u0113t\u0101ja adapteris SKS - Velo Outlets","isPartOf":{"@id":"https:\/\/velooutlets.com\/en\/#website"},"primaryImageOfPage":{"@id":"https:\/\/velooutlets.com\/products\/blaskes-tureklis-4\/#primaryimage"},"image":{"@id":"https:\/\/velooutlets.com\/products\/blaskes-tureklis-4\/#primaryimage"},"thumbnailUrl":"https:\/\/velooutlets.com\/wp-content\/uploads\/2025\/10\/3453.jpg","datePublished":"2025-10-10T06:24:54+00:00","dateModified":"2026-01-30T09:44:46+00:00","breadcrumb":{"@id":"https:\/\/velooutlets.com\/products\/blaskes-tureklis-4\/#breadcrumb"},"inLanguage":"lt-LT","potentialAction":[{"@type":"ReadAction","target":["https:\/\/velooutlets.com\/products\/blaskes-tureklis-4\/"]}]},{"@type":"ImageObject","inLanguage":"lt-LT","@id":"https:\/\/velooutlets.com\/products\/blaskes-tureklis-4\/#primaryimage","url":"https:\/\/velooutlets.com\/wp-content\/uploads\/2025\/10\/3453.jpg","contentUrl":"https:\/\/velooutlets.com\/wp-content\/uploads\/2025\/10\/3453.jpg","width":1134,"height":709},{"@type":"BreadcrumbList","@id":"https:\/\/velooutlets.com\/products\/blaskes-tureklis-4\/#breadcrumb","itemListElement":[{"@type":"ListItem","position":1,"name":"Home","item":"https:\/\/velooutlets.com\/"},{"@type":"ListItem","position":2,"name":"Veikals","item":"https:\/\/velooutlets.com\/shop\/"},{"@type":"ListItem","position":3,"name":"Univers\u0101ls pudeles tur\u0113t\u0101ja adapteris SKS"}]},{"@type":"WebSite","@id":"https:\/\/velooutlets.com\/en\/#website","url":"https:\/\/velooutlets.com\/en\/","name":"\"Velo Outlets","description":"Dvira\u010diai visai \u0161eimai","potentialAction":[{"@type":"SearchAction","target":{"@type":"EntryPoint","urlTemplate":"https:\/\/velooutlets.com\/en\/?s={search_term_string}"},"query-input":{"@type":"PropertyValueSpecification","valueRequired":true,"valueName":"search_term_string"}}],"inLanguage":"lt-LT"}]}},"jetpack_sharing_enabled":true,"_links":{"self":[{"href":"https:\/\/velooutlets.com\/lt\/wp-json\/wp\/v2\/product\/11791","targetHints":{"allow":["GET"]}}],"collection":[{"href":"https:\/\/velooutlets.com\/lt\/wp-json\/wp\/v2\/product"}],"about":[{"href":"https:\/\/velooutlets.com\/lt\/wp-json\/wp\/v2\/types\/product"}],"wp:featuredmedia":[{"embeddable":true,"href":"https:\/\/velooutlets.com\/lt\/wp-json\/wp\/v2\/media\/11792"}],"wp:attachment":[{"href":"https:\/\/velooutlets.com\/lt\/wp-json\/wp\/v2\/media?parent=11791"}],"wp:term":[{"taxonomy":"product_brand","embeddable":true,"href":"https:\/\/velooutlets.com\/lt\/wp-json\/wp\/v2\/product_brand?post=11791"},{"taxonomy":"product_cat","embeddable":true,"href":"https:\/\/velooutlets.com\/lt\/wp-json\/wp\/v2\/product_cat?post=11791"},{"taxonomy":"product_tag","embeddable":true,"href":"https:\/\/velooutlets.com\/lt\/wp-json\/wp\/v2\/product_tag?post=11791"}],"curies":[{"name":"wp","href":"https:\/\/api.w.org\/{rel}","templated":true}]}}