{"id":11836,"date":"2025-10-10T09:26:43","date_gmt":"2025-10-10T06:26:43","guid":{"rendered":"https:\/\/staging.velooutlets.com\/product\/buster-rl-150-w-brake-light\/"},"modified":"2026-03-06T23:32:18","modified_gmt":"2026-03-06T21:32:18","slug":"buster-rl-150-w-brake-light","status":"publish","type":"product","link":"https:\/\/velooutlets.com\/lt\/produktas\/buster-rl-150-w-brake-light\/","title":{"rendered":"Buster RL 150 su stabd\u017ei\u0173 \u017eibintu ir galiniu \u017eibintu"},"content":{"rendered":"<p data-start=\"0\" data-end=\"674\">\"Sigma Sport Buster RL 150\" yra \u012fkraunamas galinis dvira\u010dio \u017eibintas, u\u017etikrinantis puik\u0173 matomum\u0105 iki 2000 metr\u0173, tod\u0117l va\u017eiuoti saugiau tiek mieste, tiek u\u017e jo rib\u0173. \u017dibintas turi penkis ap\u0161vietimo re\u017eimus - auk\u0161t\u0105, \u017eem\u0105, dienos, nakties ir ekologi\u0161k\u0105 - leid\u017eian\u010dius reguliuoti ry\u0161kum\u0105 ir akumuliatoriaus veikimo trukm\u0119, kuri svyruoja nuo 4 valand\u0173 esant auk\u0161tam re\u017eimui iki 20 valand\u0173 esant \u017eemam ir ekologi\u0161kam re\u017eimui. Integruota stabd\u017ei\u0173 \u017eibinto funkcija dar labiau padidina saugum\u0105, nes signalizuoja kitiems eismo dalyviams, kai dviratis stabdomas. USB-C \u012fkrovimo funkcija leid\u017eia greitai ir lengvai \u012fkrauti, o akumuliatoriaus \u012fkrovos indikatorius leid\u017eia visada steb\u0117ti energijos balans\u0105.<\/p>\n<p data-start=\"676\" data-end=\"1134\" data-is-last-node=\"\" data-is-only-node=\"\">\u0160\u012f lengv\u0105, vos 38 g sveriant\u012f priekin\u012f \u017eibint\u0105 lengva sumontuoti be \u012franki\u0173, nes jis turi lankst\u0173 silikonin\u012f laikikl\u012f. Plataus 280\u00b0 kampo optika u\u017etikrina ger\u0105 matomum\u0105 visomis kryptimis, o vandeniui atspari konstrukcija garantuoja saug\u0173 naudojim\u0105 net esant dr\u0117gnam orui. \"Sigma Buster RL 150\" suderina prakti\u0161kum\u0105, saugum\u0105 ir paprast\u0105 naudojim\u0105, tod\u0117l tai puikus pasirinkimas kiekvienam dviratininkui, norin\u010diam maksimalaus matomumo ir papildomo stabdymo signalo.<\/p>","protected":false},"excerpt":{"rendered":"<p>Sigma Sport Buster RL 150 ir uzl\u0101d\u0113jams aizmugur\u0113jais velosip\u0113da lukturis, kas nodro\u0161ina izcilu redzam\u012bbu l\u012bdz pat 2000 metriem, padarot brauk\u0161anu dro\u0161\u0101ku gan pils\u0113t\u0101, gan \u0101rpus t\u0101s. Lukturim ir pieci apgaismojuma re\u017e\u012bmi \u2013 maksim\u0101lais, zemais, dienas, nakts un eko \u2013 kas \u013cauj piel\u0101got spilgtumu un akumulatora darb\u012bbas ilgumu, kas sv\u0101rst\u0101s no 4 stund\u0101m augstaj\u0101 re\u017e\u012bm\u0101 l\u012bdz [&hellip;]<\/p>\n","protected":false},"featured_media":11837,"template":"","meta":{"_monsterinsights_skip_tracking":false,"_monsterinsights_sitenote_active":false,"_monsterinsights_sitenote_note":"","_monsterinsights_sitenote_category":0,"_iconic_wsb_product_page_order_bump_ids":[],"_sku":[""],"_iconic_wsb_product_page_bump_modal_ids":[]},"product_brand":[1349],"product_cat":[910,1113],"product_tag":[221,222],"class_list":{"0":"post-11836","1":"product","2":"type-product","3":"status-publish","4":"has-post-thumbnail","6":"product_brand-sigma","7":"product_cat-aksesuari","8":"product_cat-velo-lukturi","9":"product_tag-aksesuari","10":"product_tag-velo-lukturi","11":"product_shipping_class-aksesuari","12":"ts_product_brand-sigma","14":"first","15":"instock","16":"taxable","17":"shipping-taxable","18":"purchasable","19":"product-type-simple"},"yoast_head":"<!-- This site is optimized with the Yoast SEO plugin v27.2 - https:\/\/yoast.com\/product\/yoast-seo-wordpress\/ -->\n<title>Buster RL 150 w\/brake light aizmugur\u0113jais lukturis - Velo Outlets<\/title>\n<meta name=\"robots\" content=\"index, follow, max-snippet:-1, max-image-preview:large, max-video-preview:-1\" \/>\n<link rel=\"canonical\" href=\"https:\/\/velooutlets.com\/lt\/produktas\/buster-rl-150-w-brake-light\/\" \/>\n<meta property=\"og:locale\" content=\"lt_LT\" \/>\n<meta property=\"og:type\" content=\"article\" \/>\n<meta property=\"og:title\" content=\"Buster RL 150 w\/brake light aizmugur\u0113jais lukturis - Velo Outlets\" \/>\n<meta property=\"og:description\" content=\"Sigma Sport Buster RL 150 ir uzl\u0101d\u0113jams aizmugur\u0113jais velosip\u0113da lukturis, kas nodro\u0161ina izcilu redzam\u012bbu l\u012bdz pat 2000 metriem, padarot brauk\u0161anu dro\u0161\u0101ku gan pils\u0113t\u0101, gan \u0101rpus t\u0101s. Lukturim ir pieci apgaismojuma re\u017e\u012bmi \u2013 maksim\u0101lais, zemais, dienas, nakts un eko \u2013 kas \u013cauj piel\u0101got spilgtumu un akumulatora darb\u012bbas ilgumu, kas sv\u0101rst\u0101s no 4 stund\u0101m augstaj\u0101 re\u017e\u012bm\u0101 l\u012bdz [&hellip;]\" \/>\n<meta property=\"og:url\" content=\"https:\/\/velooutlets.com\/lt\/produktas\/buster-rl-150-w-brake-light\/\" \/>\n<meta property=\"og:site_name\" content=\"Velo Outlets\" \/>\n<meta property=\"article:modified_time\" content=\"2026-03-06T21:32:18+00:00\" \/>\n<meta property=\"og:image\" content=\"https:\/\/velooutlets.com\/wp-content\/uploads\/2025\/10\/buster-rl-150-hero.png\" \/>\n\t<meta property=\"og:image:width\" content=\"650\" \/>\n\t<meta property=\"og:image:height\" content=\"400\" \/>\n\t<meta property=\"og:image:type\" content=\"image\/png\" \/>\n<meta name=\"twitter:card\" content=\"summary_large_image\" \/>\n<meta name=\"twitter:label1\" content=\"Est. reading time\" \/>\n\t<meta name=\"twitter:data1\" content=\"1 minut\u0117\" \/>\n<script type=\"application\/ld+json\" class=\"yoast-schema-graph\">{\"@context\":\"https:\/\/schema.org\",\"@graph\":[{\"@type\":\"WebPage\",\"@id\":\"https:\/\/velooutlets.com\/products\/buster-rl-150-w-brake-light\/\",\"url\":\"https:\/\/velooutlets.com\/products\/buster-rl-150-w-brake-light\/\",\"name\":\"Buster RL 150 w\/brake light aizmugur\u0113jais lukturis - Velo Outlets\",\"isPartOf\":{\"@id\":\"https:\/\/velooutlets.com\/en\/#website\"},\"primaryImageOfPage\":{\"@id\":\"https:\/\/velooutlets.com\/products\/buster-rl-150-w-brake-light\/#primaryimage\"},\"image\":{\"@id\":\"https:\/\/velooutlets.com\/products\/buster-rl-150-w-brake-light\/#primaryimage\"},\"thumbnailUrl\":\"https:\/\/velooutlets.com\/wp-content\/uploads\/2025\/10\/buster-rl-150-hero.png\",\"datePublished\":\"2025-10-10T06:26:43+00:00\",\"dateModified\":\"2026-03-06T21:32:18+00:00\",\"breadcrumb\":{\"@id\":\"https:\/\/velooutlets.com\/products\/buster-rl-150-w-brake-light\/#breadcrumb\"},\"inLanguage\":\"lt-LT\",\"potentialAction\":[{\"@type\":\"ReadAction\",\"target\":[\"https:\/\/velooutlets.com\/products\/buster-rl-150-w-brake-light\/\"]}]},{\"@type\":\"ImageObject\",\"inLanguage\":\"lt-LT\",\"@id\":\"https:\/\/velooutlets.com\/products\/buster-rl-150-w-brake-light\/#primaryimage\",\"url\":\"https:\/\/velooutlets.com\/wp-content\/uploads\/2025\/10\/buster-rl-150-hero.png\",\"contentUrl\":\"https:\/\/velooutlets.com\/wp-content\/uploads\/2025\/10\/buster-rl-150-hero.png\",\"width\":650,\"height\":400},{\"@type\":\"BreadcrumbList\",\"@id\":\"https:\/\/velooutlets.com\/products\/buster-rl-150-w-brake-light\/#breadcrumb\",\"itemListElement\":[{\"@type\":\"ListItem\",\"position\":1,\"name\":\"Home\",\"item\":\"https:\/\/velooutlets.com\/\"},{\"@type\":\"ListItem\",\"position\":2,\"name\":\"Veikals\",\"item\":\"https:\/\/velooutlets.com\/shop\/\"},{\"@type\":\"ListItem\",\"position\":3,\"name\":\"Buster RL 150 w\/brake light aizmugur\u0113jais lukturis\"}]},{\"@type\":\"WebSite\",\"@id\":\"https:\/\/velooutlets.com\/en\/#website\",\"url\":\"https:\/\/velooutlets.com\/en\/\",\"name\":\"Velo Outlets\",\"description\":\"Velosip\u0113di visai \u0123imenei\",\"potentialAction\":[{\"@type\":\"SearchAction\",\"target\":{\"@type\":\"EntryPoint\",\"urlTemplate\":\"https:\/\/velooutlets.com\/en\/?s={search_term_string}\"},\"query-input\":{\"@type\":\"PropertyValueSpecification\",\"valueRequired\":true,\"valueName\":\"search_term_string\"}}],\"inLanguage\":\"lt-LT\"}]}<\/script>\n<!-- \/ Yoast SEO plugin. -->","yoast_head_json":{"title":"Buster RL 150 w\/brake light aizmugur\u0113jais lukturis - Velo Outlets","robots":{"index":"index","follow":"follow","max-snippet":"max-snippet:-1","max-image-preview":"max-image-preview:large","max-video-preview":"max-video-preview:-1"},"canonical":"https:\/\/velooutlets.com\/lt\/produktas\/buster-rl-150-w-brake-light\/","og_locale":"lt_LT","og_type":"article","og_title":"Buster RL 150 w\/brake light aizmugur\u0113jais lukturis - Velo Outlets","og_description":"Sigma Sport Buster RL 150 ir uzl\u0101d\u0113jams aizmugur\u0113jais velosip\u0113da lukturis, kas nodro\u0161ina izcilu redzam\u012bbu l\u012bdz pat 2000 metriem, padarot brauk\u0161anu dro\u0161\u0101ku gan pils\u0113t\u0101, gan \u0101rpus t\u0101s. Lukturim ir pieci apgaismojuma re\u017e\u012bmi \u2013 maksim\u0101lais, zemais, dienas, nakts un eko \u2013 kas \u013cauj piel\u0101got spilgtumu un akumulatora darb\u012bbas ilgumu, kas sv\u0101rst\u0101s no 4 stund\u0101m augstaj\u0101 re\u017e\u012bm\u0101 l\u012bdz [&hellip;]","og_url":"https:\/\/velooutlets.com\/lt\/produktas\/buster-rl-150-w-brake-light\/","og_site_name":"Velo Outlets","article_modified_time":"2026-03-06T21:32:18+00:00","og_image":[{"width":650,"height":400,"url":"https:\/\/velooutlets.com\/wp-content\/uploads\/2025\/10\/buster-rl-150-hero.png","type":"image\/png"}],"twitter_card":"summary_large_image","twitter_misc":{"Est. reading time":"1 minut\u0117"},"schema":{"@context":"https:\/\/schema.org","@graph":[{"@type":"WebPage","@id":"https:\/\/velooutlets.com\/products\/buster-rl-150-w-brake-light\/","url":"https:\/\/velooutlets.com\/products\/buster-rl-150-w-brake-light\/","name":"Buster RL 150 w\/brake light aizmugur\u0113jais lukturis - Velo Outlets","isPartOf":{"@id":"https:\/\/velooutlets.com\/en\/#website"},"primaryImageOfPage":{"@id":"https:\/\/velooutlets.com\/products\/buster-rl-150-w-brake-light\/#primaryimage"},"image":{"@id":"https:\/\/velooutlets.com\/products\/buster-rl-150-w-brake-light\/#primaryimage"},"thumbnailUrl":"https:\/\/velooutlets.com\/wp-content\/uploads\/2025\/10\/buster-rl-150-hero.png","datePublished":"2025-10-10T06:26:43+00:00","dateModified":"2026-03-06T21:32:18+00:00","breadcrumb":{"@id":"https:\/\/velooutlets.com\/products\/buster-rl-150-w-brake-light\/#breadcrumb"},"inLanguage":"lt-LT","potentialAction":[{"@type":"ReadAction","target":["https:\/\/velooutlets.com\/products\/buster-rl-150-w-brake-light\/"]}]},{"@type":"ImageObject","inLanguage":"lt-LT","@id":"https:\/\/velooutlets.com\/products\/buster-rl-150-w-brake-light\/#primaryimage","url":"https:\/\/velooutlets.com\/wp-content\/uploads\/2025\/10\/buster-rl-150-hero.png","contentUrl":"https:\/\/velooutlets.com\/wp-content\/uploads\/2025\/10\/buster-rl-150-hero.png","width":650,"height":400},{"@type":"BreadcrumbList","@id":"https:\/\/velooutlets.com\/products\/buster-rl-150-w-brake-light\/#breadcrumb","itemListElement":[{"@type":"ListItem","position":1,"name":"Home","item":"https:\/\/velooutlets.com\/"},{"@type":"ListItem","position":2,"name":"Veikals","item":"https:\/\/velooutlets.com\/shop\/"},{"@type":"ListItem","position":3,"name":"Buster RL 150 w\/brake light aizmugur\u0113jais lukturis"}]},{"@type":"WebSite","@id":"https:\/\/velooutlets.com\/en\/#website","url":"https:\/\/velooutlets.com\/en\/","name":"\"Velo Outlets","description":"Dvira\u010diai visai \u0161eimai","potentialAction":[{"@type":"SearchAction","target":{"@type":"EntryPoint","urlTemplate":"https:\/\/velooutlets.com\/en\/?s={search_term_string}"},"query-input":{"@type":"PropertyValueSpecification","valueRequired":true,"valueName":"search_term_string"}}],"inLanguage":"lt-LT"}]}},"jetpack_sharing_enabled":true,"_links":{"self":[{"href":"https:\/\/velooutlets.com\/lt\/wp-json\/wp\/v2\/product\/11836","targetHints":{"allow":["GET"]}}],"collection":[{"href":"https:\/\/velooutlets.com\/lt\/wp-json\/wp\/v2\/product"}],"about":[{"href":"https:\/\/velooutlets.com\/lt\/wp-json\/wp\/v2\/types\/product"}],"wp:featuredmedia":[{"embeddable":true,"href":"https:\/\/velooutlets.com\/lt\/wp-json\/wp\/v2\/media\/11837"}],"wp:attachment":[{"href":"https:\/\/velooutlets.com\/lt\/wp-json\/wp\/v2\/media?parent=11836"}],"wp:term":[{"taxonomy":"product_brand","embeddable":true,"href":"https:\/\/velooutlets.com\/lt\/wp-json\/wp\/v2\/product_brand?post=11836"},{"taxonomy":"product_cat","embeddable":true,"href":"https:\/\/velooutlets.com\/lt\/wp-json\/wp\/v2\/product_cat?post=11836"},{"taxonomy":"product_tag","embeddable":true,"href":"https:\/\/velooutlets.com\/lt\/wp-json\/wp\/v2\/product_tag?post=11836"}],"curies":[{"name":"wp","href":"https:\/\/api.w.org\/{rel}","templated":true}]}}