{"id":11862,"date":"2025-10-10T09:27:15","date_gmt":"2025-10-10T06:27:15","guid":{"rendered":"https:\/\/staging.velooutlets.com\/product\/sigma-aura-45-usb-front-light\/"},"modified":"2026-02-11T13:14:14","modified_gmt":"2026-02-11T11:14:14","slug":"sigma-aura-45-usb-front-light","status":"publish","type":"product","link":"https:\/\/velooutlets.com\/lt\/produktas\/sigma-aura-45-usb-front-light\/","title":{"rendered":"Sigma AURA 45 USB priekinis \u017eibintas"},"content":{"rendered":"<p>\"AURA 45 USB\" \u0161vie\u010dia visa 45 liuks\u0173 harmoninga \u0161viesa keturiose zonose iki ma\u017edaug 55 metr\u0173 atstumu. Saugumu besir\u016bpinantiems dviratininkams patiks integruotas ry\u0161kumo jutiklis, kuris automati\u0161kai reguliuoja ap\u0161vietim\u0105 pagal aplinkos ap\u0161vietim\u0105. Taip u\u017etikrinama, kad \u0161viesa \u0161viest\u0173 kuo ilgiau.<\/p>\n<p>\"Sigma Sport\" priekinio \u017eibinto AURA 45 savyb\u0117s<\/p>\n<p>\u0160viesos intensyvumas: 45 LUX (15 LUX taupiuoju re\u017eimu)<\/p>\n<p>Sijos plotis: 55 m<\/p>\n<p>Degimo trukm\u0117: 6,5 val. standartiniu re\u017eimu, 21 val. ekologi\u0161ku re\u017eimu<\/p>\n<p>Apsauga nuo pur\u0161kiamo vandens pagal IPX4<\/p>\n<p>Surinkimas be \u012franki\u0173<\/p>\n<p>Komplekte yra \"Micro-USB\" laidas<\/p>\n<p>Dviej\u0173 pakop\u0173 akumuliatoriaus indikatorius<\/p>\n<p>\u012ekrovimo trukm\u0117 2,3 val.<\/p>\n<p>Su ry\u0161kumo jutikliu, kuris automati\u0161kai reguliuoja fonin\u012f ap\u0161vietim\u0105 pagal aplinkos ap\u0161vietim\u0105.<\/p>\n<p>\u012ejungimo apsauga (dukart spustel\u0117kite, kad \u012fjungtum\u0117te)<\/p>\n<p>360\u00b0 reguliuojamas montavimo laikiklis<\/p>\n<p>Integruota micro-USB \u012fkrovimo funkcija<\/p>\n<p>Galimas \u012fkrovimas darbo metu<\/p>\n<p>Svoris: 88 g (\u012fskaitant laikikl\u012f)<\/p>\n<p>\u0160oninis matomumas<\/p>\n<p>\"Osram LED<\/p>\n<p>Patvirtinta Vokietijos StVZO<\/p>","protected":false},"excerpt":{"rendered":"<p>AURA 45 USB iedegas ar pilnu 45 luksu un harmonisku gaismu \u010detr\u0101s zon\u0101s l\u012bdz aptuveni 55 metru att\u0101lumam. Dro\u0161\u012bbu apzino\u0161i velosip\u0113disti priec\u0101jas par integr\u0113to spilgtuma sensoru, kas autom\u0101tiski piel\u0101go apgaismojumu apk\u0101rt\u0113jai gaismai. Tas nodro\u0161ina p\u0113c iesp\u0113jas ilg\u0101ku gaismas ilgumu. Sigma Sport priek\u0161\u0113j\u0101 apgaismojuma AURA 45 \u012bpa\u0161\u012bbas Gaismas intensit\u0101te: 45 LUX (15 LUX eko re\u017e\u012bm\u0101) Gaismas [&hellip;]<\/p>\n","protected":false},"featured_media":11863,"template":"","meta":{"_monsterinsights_skip_tracking":false,"_monsterinsights_sitenote_active":false,"_monsterinsights_sitenote_note":"","_monsterinsights_sitenote_category":0,"_iconic_wsb_product_page_order_bump_ids":[],"_sku":[""],"_iconic_wsb_product_page_bump_modal_ids":[]},"product_brand":[1349],"product_cat":[910,1113],"product_tag":[222],"class_list":{"0":"post-11862","1":"product","2":"type-product","3":"status-publish","4":"has-post-thumbnail","6":"product_brand-sigma","7":"product_cat-aksesuari","8":"product_cat-velo-lukturi","9":"product_tag-velo-lukturi","10":"product_shipping_class-aksesuari","11":"ts_product_brand-sigma","13":"first","14":"instock","15":"taxable","16":"shipping-taxable","17":"purchasable","18":"product-type-simple"},"yoast_head":"<!-- This site is optimized with the Yoast SEO plugin v27.2 - https:\/\/yoast.com\/product\/yoast-seo-wordpress\/ -->\n<title>Sigma AURA 45 USB FRONT LIGHT - Velo Outlets<\/title>\n<meta name=\"robots\" content=\"index, follow, max-snippet:-1, max-image-preview:large, max-video-preview:-1\" \/>\n<link rel=\"canonical\" href=\"https:\/\/velooutlets.com\/lt\/produktas\/sigma-aura-45-usb-front-light\/\" \/>\n<meta property=\"og:locale\" content=\"lt_LT\" \/>\n<meta property=\"og:type\" content=\"article\" \/>\n<meta property=\"og:title\" content=\"Sigma AURA 45 USB FRONT LIGHT - Velo Outlets\" \/>\n<meta property=\"og:description\" content=\"AURA 45 USB iedegas ar pilnu 45 luksu un harmonisku gaismu \u010detr\u0101s zon\u0101s l\u012bdz aptuveni 55 metru att\u0101lumam. Dro\u0161\u012bbu apzino\u0161i velosip\u0113disti priec\u0101jas par integr\u0113to spilgtuma sensoru, kas autom\u0101tiski piel\u0101go apgaismojumu apk\u0101rt\u0113jai gaismai. Tas nodro\u0161ina p\u0113c iesp\u0113jas ilg\u0101ku gaismas ilgumu. Sigma Sport priek\u0161\u0113j\u0101 apgaismojuma AURA 45 \u012bpa\u0161\u012bbas Gaismas intensit\u0101te: 45 LUX (15 LUX eko re\u017e\u012bm\u0101) Gaismas [&hellip;]\" \/>\n<meta property=\"og:url\" content=\"https:\/\/velooutlets.com\/lt\/produktas\/sigma-aura-45-usb-front-light\/\" \/>\n<meta property=\"og:site_name\" content=\"Velo Outlets\" \/>\n<meta property=\"article:modified_time\" content=\"2026-02-11T11:14:14+00:00\" \/>\n<meta property=\"og:image\" content=\"https:\/\/velooutlets.com\/wp-content\/uploads\/2025\/10\/346518-00-d-738498.jpg\" \/>\n\t<meta property=\"og:image:width\" content=\"1103\" \/>\n\t<meta property=\"og:image:height\" content=\"1103\" \/>\n\t<meta property=\"og:image:type\" content=\"image\/jpeg\" \/>\n<meta name=\"twitter:card\" content=\"summary_large_image\" \/>\n<meta name=\"twitter:label1\" content=\"Est. reading time\" \/>\n\t<meta name=\"twitter:data1\" content=\"1 minut\u0117\" \/>\n<script type=\"application\/ld+json\" class=\"yoast-schema-graph\">{\"@context\":\"https:\/\/schema.org\",\"@graph\":[{\"@type\":\"WebPage\",\"@id\":\"https:\/\/velooutlets.com\/products\/sigma-aura-45-usb-front-light\/\",\"url\":\"https:\/\/velooutlets.com\/products\/sigma-aura-45-usb-front-light\/\",\"name\":\"Sigma AURA 45 USB FRONT LIGHT - Velo Outlets\",\"isPartOf\":{\"@id\":\"https:\/\/velooutlets.com\/en\/#website\"},\"primaryImageOfPage\":{\"@id\":\"https:\/\/velooutlets.com\/products\/sigma-aura-45-usb-front-light\/#primaryimage\"},\"image\":{\"@id\":\"https:\/\/velooutlets.com\/products\/sigma-aura-45-usb-front-light\/#primaryimage\"},\"thumbnailUrl\":\"https:\/\/velooutlets.com\/wp-content\/uploads\/2025\/10\/346518-00-d-738498.jpg\",\"datePublished\":\"2025-10-10T06:27:15+00:00\",\"dateModified\":\"2026-02-11T11:14:14+00:00\",\"breadcrumb\":{\"@id\":\"https:\/\/velooutlets.com\/products\/sigma-aura-45-usb-front-light\/#breadcrumb\"},\"inLanguage\":\"lt-LT\",\"potentialAction\":[{\"@type\":\"ReadAction\",\"target\":[\"https:\/\/velooutlets.com\/products\/sigma-aura-45-usb-front-light\/\"]}]},{\"@type\":\"ImageObject\",\"inLanguage\":\"lt-LT\",\"@id\":\"https:\/\/velooutlets.com\/products\/sigma-aura-45-usb-front-light\/#primaryimage\",\"url\":\"https:\/\/velooutlets.com\/wp-content\/uploads\/2025\/10\/346518-00-d-738498.jpg\",\"contentUrl\":\"https:\/\/velooutlets.com\/wp-content\/uploads\/2025\/10\/346518-00-d-738498.jpg\",\"width\":1103,\"height\":1103},{\"@type\":\"BreadcrumbList\",\"@id\":\"https:\/\/velooutlets.com\/products\/sigma-aura-45-usb-front-light\/#breadcrumb\",\"itemListElement\":[{\"@type\":\"ListItem\",\"position\":1,\"name\":\"Home\",\"item\":\"https:\/\/velooutlets.com\/\"},{\"@type\":\"ListItem\",\"position\":2,\"name\":\"Veikals\",\"item\":\"https:\/\/velooutlets.com\/shop\/\"},{\"@type\":\"ListItem\",\"position\":3,\"name\":\"Sigma AURA 45 USB FRONT LIGHT\"}]},{\"@type\":\"WebSite\",\"@id\":\"https:\/\/velooutlets.com\/en\/#website\",\"url\":\"https:\/\/velooutlets.com\/en\/\",\"name\":\"Velo Outlets\",\"description\":\"Velosip\u0113di visai \u0123imenei\",\"potentialAction\":[{\"@type\":\"SearchAction\",\"target\":{\"@type\":\"EntryPoint\",\"urlTemplate\":\"https:\/\/velooutlets.com\/en\/?s={search_term_string}\"},\"query-input\":{\"@type\":\"PropertyValueSpecification\",\"valueRequired\":true,\"valueName\":\"search_term_string\"}}],\"inLanguage\":\"lt-LT\"}]}<\/script>\n<!-- \/ Yoast SEO plugin. -->","yoast_head_json":{"title":"Sigma AURA 45 USB FRONT LIGHT - Velo Outlets","robots":{"index":"index","follow":"follow","max-snippet":"max-snippet:-1","max-image-preview":"max-image-preview:large","max-video-preview":"max-video-preview:-1"},"canonical":"https:\/\/velooutlets.com\/lt\/produktas\/sigma-aura-45-usb-front-light\/","og_locale":"lt_LT","og_type":"article","og_title":"Sigma AURA 45 USB FRONT LIGHT - Velo Outlets","og_description":"AURA 45 USB iedegas ar pilnu 45 luksu un harmonisku gaismu \u010detr\u0101s zon\u0101s l\u012bdz aptuveni 55 metru att\u0101lumam. Dro\u0161\u012bbu apzino\u0161i velosip\u0113disti priec\u0101jas par integr\u0113to spilgtuma sensoru, kas autom\u0101tiski piel\u0101go apgaismojumu apk\u0101rt\u0113jai gaismai. Tas nodro\u0161ina p\u0113c iesp\u0113jas ilg\u0101ku gaismas ilgumu. Sigma Sport priek\u0161\u0113j\u0101 apgaismojuma AURA 45 \u012bpa\u0161\u012bbas Gaismas intensit\u0101te: 45 LUX (15 LUX eko re\u017e\u012bm\u0101) Gaismas [&hellip;]","og_url":"https:\/\/velooutlets.com\/lt\/produktas\/sigma-aura-45-usb-front-light\/","og_site_name":"Velo Outlets","article_modified_time":"2026-02-11T11:14:14+00:00","og_image":[{"width":1103,"height":1103,"url":"https:\/\/velooutlets.com\/wp-content\/uploads\/2025\/10\/346518-00-d-738498.jpg","type":"image\/jpeg"}],"twitter_card":"summary_large_image","twitter_misc":{"Est. reading time":"1 minut\u0117"},"schema":{"@context":"https:\/\/schema.org","@graph":[{"@type":"WebPage","@id":"https:\/\/velooutlets.com\/products\/sigma-aura-45-usb-front-light\/","url":"https:\/\/velooutlets.com\/products\/sigma-aura-45-usb-front-light\/","name":"Sigma AURA 45 USB FRONT LIGHT - Velo Outlets","isPartOf":{"@id":"https:\/\/velooutlets.com\/en\/#website"},"primaryImageOfPage":{"@id":"https:\/\/velooutlets.com\/products\/sigma-aura-45-usb-front-light\/#primaryimage"},"image":{"@id":"https:\/\/velooutlets.com\/products\/sigma-aura-45-usb-front-light\/#primaryimage"},"thumbnailUrl":"https:\/\/velooutlets.com\/wp-content\/uploads\/2025\/10\/346518-00-d-738498.jpg","datePublished":"2025-10-10T06:27:15+00:00","dateModified":"2026-02-11T11:14:14+00:00","breadcrumb":{"@id":"https:\/\/velooutlets.com\/products\/sigma-aura-45-usb-front-light\/#breadcrumb"},"inLanguage":"lt-LT","potentialAction":[{"@type":"ReadAction","target":["https:\/\/velooutlets.com\/products\/sigma-aura-45-usb-front-light\/"]}]},{"@type":"ImageObject","inLanguage":"lt-LT","@id":"https:\/\/velooutlets.com\/products\/sigma-aura-45-usb-front-light\/#primaryimage","url":"https:\/\/velooutlets.com\/wp-content\/uploads\/2025\/10\/346518-00-d-738498.jpg","contentUrl":"https:\/\/velooutlets.com\/wp-content\/uploads\/2025\/10\/346518-00-d-738498.jpg","width":1103,"height":1103},{"@type":"BreadcrumbList","@id":"https:\/\/velooutlets.com\/products\/sigma-aura-45-usb-front-light\/#breadcrumb","itemListElement":[{"@type":"ListItem","position":1,"name":"Home","item":"https:\/\/velooutlets.com\/"},{"@type":"ListItem","position":2,"name":"Veikals","item":"https:\/\/velooutlets.com\/shop\/"},{"@type":"ListItem","position":3,"name":"Sigma AURA 45 USB FRONT LIGHT"}]},{"@type":"WebSite","@id":"https:\/\/velooutlets.com\/en\/#website","url":"https:\/\/velooutlets.com\/en\/","name":"\"Velo Outlets","description":"Dvira\u010diai visai \u0161eimai","potentialAction":[{"@type":"SearchAction","target":{"@type":"EntryPoint","urlTemplate":"https:\/\/velooutlets.com\/en\/?s={search_term_string}"},"query-input":{"@type":"PropertyValueSpecification","valueRequired":true,"valueName":"search_term_string"}}],"inLanguage":"lt-LT"}]}},"jetpack_sharing_enabled":true,"_links":{"self":[{"href":"https:\/\/velooutlets.com\/lt\/wp-json\/wp\/v2\/product\/11862","targetHints":{"allow":["GET"]}}],"collection":[{"href":"https:\/\/velooutlets.com\/lt\/wp-json\/wp\/v2\/product"}],"about":[{"href":"https:\/\/velooutlets.com\/lt\/wp-json\/wp\/v2\/types\/product"}],"wp:featuredmedia":[{"embeddable":true,"href":"https:\/\/velooutlets.com\/lt\/wp-json\/wp\/v2\/media\/11863"}],"wp:attachment":[{"href":"https:\/\/velooutlets.com\/lt\/wp-json\/wp\/v2\/media?parent=11862"}],"wp:term":[{"taxonomy":"product_brand","embeddable":true,"href":"https:\/\/velooutlets.com\/lt\/wp-json\/wp\/v2\/product_brand?post=11862"},{"taxonomy":"product_cat","embeddable":true,"href":"https:\/\/velooutlets.com\/lt\/wp-json\/wp\/v2\/product_cat?post=11862"},{"taxonomy":"product_tag","embeddable":true,"href":"https:\/\/velooutlets.com\/lt\/wp-json\/wp\/v2\/product_tag?post=11862"}],"curies":[{"name":"wp","href":"https:\/\/api.w.org\/{rel}","templated":true}]}}