{"id":13584,"date":"2025-12-10T14:46:51","date_gmt":"2025-12-10T12:46:51","guid":{"rendered":"https:\/\/staging.velooutlets.com\/product\/mr-fox-bernu-sedeklis-copy\/"},"modified":"2026-03-19T09:26:16","modified_gmt":"2026-03-19T07:26:16","slug":"mr-fox-bernu-sedeklis-besigs","status":"publish","type":"product","link":"https:\/\/velooutlets.com\/lt\/produktas\/mr-fox-bernu-sedeklis-besigs\/","title":{"rendered":"\"Mr Fox\" k\u016bdiki\u0173 k\u0117dut\u0117, sm\u0117lio spalvos"},"content":{"rendered":"<p><strong><span dir=\"auto\" style=\"vertical-align: inherit;\"><span dir=\"auto\" style=\"vertical-align: inherit;\">\"Bellelli Mr Fox\" - saugi ir patogi galin\u0117 vaiki\u0161ko dvira\u010dio s\u0117dyn\u0117<\/span><\/span><\/strong><\/p>\n<p><strong><span dir=\"auto\" style=\"vertical-align: inherit;\"><span dir=\"auto\" style=\"vertical-align: inherit;\">Ponas Foxas<\/span><\/span><\/strong><span dir=\"auto\" style=\"vertical-align: inherit;\"><span dir=\"auto\" style=\"vertical-align: inherit;\"> \u00a0tai auk\u0161tos kokyb\u0117s galin\u0117 dvira\u010dio s\u0117dyn\u0117, tinkama vaikams, sveriantiems iki <\/span><\/span><strong><span dir=\"auto\" style=\"vertical-align: inherit;\"><span dir=\"auto\" style=\"vertical-align: inherit;\">22 kg<\/span><\/span><\/strong><span dir=\"auto\" style=\"vertical-align: inherit;\"><span dir=\"auto\" style=\"vertical-align: inherit;\"> . J\u012f galima \u012fsigyti <\/span><\/span><strong><span dir=\"auto\" style=\"vertical-align: inherit;\"><span dir=\"auto\" style=\"vertical-align: inherit;\">standartas ir atsipalaiduoti<\/span><\/span><\/strong><span dir=\"auto\" style=\"vertical-align: inherit;\"><span dir=\"auto\" style=\"vertical-align: inherit;\"> versijos, u\u017etikrinan\u010dios puik\u0173 komfort\u0105 ir saugum\u0105 va\u017eiuojant.<\/span><\/span><\/p>\n<h3><strong><span dir=\"auto\" style=\"vertical-align: inherit;\"><span dir=\"auto\" style=\"vertical-align: inherit;\">Pagrindin\u0117s savyb\u0117s:<\/span><\/span><\/strong><\/h3>\n<p><span dir=\"auto\" style=\"vertical-align: inherit;\"><span dir=\"auto\" style=\"vertical-align: inherit;\">\u2714 <\/span><\/span><strong><span dir=\"auto\" style=\"vertical-align: inherit;\"><span dir=\"auto\" style=\"vertical-align: inherit;\">Reguliuojamas atlo\u0161as<\/span><\/span><\/strong><span dir=\"auto\" style=\"vertical-align: inherit;\"><span dir=\"auto\" style=\"vertical-align: inherit;\"> - reguliuojamo auk\u0161\u010dio ir atlo\u0161\u0173 atlenkimo (\"Tiger Relax\" versijoje su 10\u00b0 pasvirimo kampu). <\/span><\/span><br \/>\n<span dir=\"auto\" style=\"vertical-align: inherit;\"><span dir=\"auto\" style=\"vertical-align: inherit;\">\u2714 <\/span><\/span><strong><span dir=\"auto\" style=\"vertical-align: inherit;\"><span dir=\"auto\" style=\"vertical-align: inherit;\">Penki\u0173 ta\u0161k\u0173 saugos dir\u017eai<\/span><\/span><\/strong><span dir=\"auto\" style=\"vertical-align: inherit;\"><span dir=\"auto\" style=\"vertical-align: inherit;\"> - reguliuojamas ilgis, auk\u0161tis ir gylis, tod\u0117l u\u017etikrinamas stabilumas ir apsauga. <\/span><\/span><br \/>\n<span dir=\"auto\" style=\"vertical-align: inherit;\"><span dir=\"auto\" style=\"vertical-align: inherit;\">\u2714 <\/span><\/span><strong><span dir=\"auto\" style=\"vertical-align: inherit;\"><span dir=\"auto\" style=\"vertical-align: inherit;\">Reguliuojamos koj\u0173 atramos<\/span><\/span><\/strong><span dir=\"auto\" style=\"vertical-align: inherit;\"><span dir=\"auto\" style=\"vertical-align: inherit;\"> - nuolat reguliuojamas pagal vaiko \u016bg\u012f. <\/span><\/span><br \/>\n<span dir=\"auto\" style=\"vertical-align: inherit;\"><span dir=\"auto\" style=\"vertical-align: inherit;\">\u2714 <\/span><\/span><strong><span dir=\"auto\" style=\"vertical-align: inherit;\"><span dir=\"auto\" style=\"vertical-align: inherit;\">Komfortas ir ergonomika<\/span><\/span><\/strong><span dir=\"auto\" style=\"vertical-align: inherit;\"><span dir=\"auto\" style=\"vertical-align: inherit;\"> - k\u0117dut\u0117 sukurta taip, kad vaikui b\u016bt\u0173 maksimaliai patogu ir stabilu.<\/span><\/span><\/p>\n<h3><strong><span dir=\"auto\" style=\"vertical-align: inherit;\"><span dir=\"auto\" style=\"vertical-align: inherit;\">Stiprinimo galimyb\u0117s:<\/span><\/span><\/strong><\/h3>\n<p><span dir=\"auto\" style=\"vertical-align: inherit;\"><span dir=\"auto\" style=\"vertical-align: inherit;\">\ud83d\udd39 <\/span><\/span><strong><span dir=\"auto\" style=\"vertical-align: inherit;\"><span dir=\"auto\" style=\"vertical-align: inherit;\">FOX standartas<\/span><\/span><\/strong><span dir=\"auto\" style=\"vertical-align: inherit;\"><span dir=\"auto\" style=\"vertical-align: inherit;\"> - pritvirtinti prie dvira\u010dio r\u0117mo.<\/span><\/span><\/p>\n<ul>\n<li><span dir=\"auto\" style=\"vertical-align: inherit;\"><span dir=\"auto\" style=\"vertical-align: inherit;\">\u2705 Rat\u0173 skersmuo: <\/span><\/span><strong><span dir=\"auto\" style=\"vertical-align: inherit;\"><span dir=\"auto\" style=\"vertical-align: inherit;\">26\u201d \/ 28\u201d<\/span><\/span><\/strong><\/li>\n<li><span dir=\"auto\" style=\"vertical-align: inherit;\"><span dir=\"auto\" style=\"vertical-align: inherit;\">\u2705 S\u0117dyn\u0117s vamzd\u017eio skersmuo: <\/span><\/span><strong><span dir=\"auto\" style=\"vertical-align: inherit;\"><span dir=\"auto\" style=\"vertical-align: inherit;\">28-45 mm (1,10-1,77\u201d)<\/span><\/span><\/strong><\/li>\n<li><span dir=\"auto\" style=\"vertical-align: inherit;\"><span dir=\"auto\" style=\"vertical-align: inherit;\">\u2705 S\u0117dyn\u0117s vamzd\u017eio auk\u0161tis: <\/span><\/span><strong><span dir=\"auto\" style=\"vertical-align: inherit;\"><span dir=\"auto\" style=\"vertical-align: inherit;\">28-80 mm (1,10-2,36\u201d)<\/span><\/span><\/strong><\/li>\n<\/ul>\n<p><span dir=\"auto\" style=\"vertical-align: inherit;\"><span dir=\"auto\" style=\"vertical-align: inherit;\">\ud83d\udd39 <\/span><\/span><strong><span dir=\"auto\" style=\"vertical-align: inherit;\"><span dir=\"auto\" style=\"vertical-align: inherit;\">FOX Relax<\/span><\/span><\/strong><span dir=\"auto\" style=\"vertical-align: inherit;\"><span dir=\"auto\" style=\"vertical-align: inherit;\"> - i\u0161traukiamas modelis su 10\u00b0 posvyriu.<\/span><\/span><\/p>\n<ul>\n<li><span dir=\"auto\" style=\"vertical-align: inherit;\"><span dir=\"auto\" style=\"vertical-align: inherit;\">\u2705 Rat\u0173 skersmuo: <\/span><\/span><strong><span dir=\"auto\" style=\"vertical-align: inherit;\"><span dir=\"auto\" style=\"vertical-align: inherit;\">26\u201d \/ 28\u201d<\/span><\/span><\/strong><\/li>\n<li><span dir=\"auto\" style=\"vertical-align: inherit;\"><span dir=\"auto\" style=\"vertical-align: inherit;\">\u2705 S\u0117dyn\u0117s vamzd\u017eio skersmuo: <\/span><\/span><strong><span dir=\"auto\" style=\"vertical-align: inherit;\"><span dir=\"auto\" style=\"vertical-align: inherit;\">28-45 mm (1,10-1,77\u201d)<\/span><\/span><\/strong><\/li>\n<li><span dir=\"auto\" style=\"vertical-align: inherit;\"><span dir=\"auto\" style=\"vertical-align: inherit;\">\u2705 S\u0117dyn\u0117s vamzd\u017eio auk\u0161tis: <\/span><\/span><strong><span dir=\"auto\" style=\"vertical-align: inherit;\"><span dir=\"auto\" style=\"vertical-align: inherit;\">28-60 mm (1,10-2,36\u201d)<\/span><\/span><\/strong><\/li>\n<\/ul>\n<p><span dir=\"auto\" style=\"vertical-align: inherit;\"><span dir=\"auto\" style=\"vertical-align: inherit;\">\ud83d\udd39 <\/span><\/span><strong><span dir=\"auto\" style=\"vertical-align: inherit;\"><span dir=\"auto\" style=\"vertical-align: inherit;\">FOX spaustukas<\/span><\/span><\/strong><span dir=\"auto\" style=\"vertical-align: inherit;\"><span dir=\"auto\" style=\"vertical-align: inherit;\"> - tvirtinimas prie baga\u017ein\u0117s (suderinamas su ISO 11243 standartais, baga\u017ein\u0117s plotis 120-175 mm, tinka el. dvira\u010diams iki 190 mm).<\/span><\/span><\/p>\n<ul>\n<li><span dir=\"auto\" style=\"vertical-align: inherit;\"><span dir=\"auto\" style=\"vertical-align: inherit;\">\u2705 Rat\u0173 skersmuo: <\/span><\/span><strong><span dir=\"auto\" style=\"vertical-align: inherit;\"><span dir=\"auto\" style=\"vertical-align: inherit;\">26\u201d \/ 28\u201d<\/span><\/span><\/strong><\/li>\n<li><span dir=\"auto\" style=\"vertical-align: inherit;\"><span dir=\"auto\" style=\"vertical-align: inherit;\">\u2705 Baga\u017ein\u0117s plotis: <\/span><\/span><strong><span dir=\"auto\" style=\"vertical-align: inherit;\"><span dir=\"auto\" style=\"vertical-align: inherit;\">120-175 mm<\/span><\/span><\/strong><\/li>\n<li><span dir=\"auto\" style=\"vertical-align: inherit;\"><span dir=\"auto\" style=\"vertical-align: inherit;\">\u2705 Suderinamas su el. dvira\u010diais iki <\/span><\/span><strong><span dir=\"auto\" style=\"vertical-align: inherit;\"><span dir=\"auto\" style=\"vertical-align: inherit;\">185 mm<\/span><\/span><br \/>\n<\/strong><\/li>\n<\/ul>\n<p><strong><span dir=\"auto\" style=\"vertical-align: inherit;\"><span dir=\"auto\" style=\"vertical-align: inherit;\">Papildoma informacija PDF formatu: <\/span><\/span><br \/>\n<a href=\"https:\/\/www.bellelli.com\/wp-content\/uploads\/2021\/05\/BFIX-REAR-MOUNT-SYSTEM.pdf\" target=\"_blank\" rel=\"noopener\"><span style=\"color: #2b00ff;\"><span dir=\"auto\" style=\"vertical-align: inherit;\"><span dir=\"auto\" style=\"vertical-align: inherit;\">FOX standartas <\/span><\/span><\/span><\/a><br \/>\n<a href=\"https:\/\/www.bellelli.com\/wp-content\/uploads\/2021\/05\/RELAX-BFIX-REAR-MOUNT-SYSTEM.pdf\" target=\"_blank\" rel=\"noopener\"><span style=\"color: #2b00ff;\"><span dir=\"auto\" style=\"vertical-align: inherit;\"><span dir=\"auto\" style=\"vertical-align: inherit;\">FOX Relax <\/span><\/span><\/span><\/a><br \/>\n<a href=\"https:\/\/www.bellelli.com\/wp-content\/uploads\/2021\/05\/03CLAMP_compressed.pdf\" target=\"_blank\" rel=\"noopener\"><span style=\"color: #2b00ff;\"><span dir=\"auto\" style=\"vertical-align: inherit;\"><span dir=\"auto\" style=\"vertical-align: inherit;\">FOX spaustukas<\/span><\/span><\/span><\/a><\/p>\n<p><\/strong><strong><span dir=\"auto\" style=\"vertical-align: inherit;\"><span dir=\"auto\" style=\"vertical-align: inherit;\"> Bellelli FOX<\/span><\/span><\/strong><span dir=\"auto\" style=\"vertical-align: inherit;\"><span dir=\"auto\" style=\"vertical-align: inherit;\"> tai puikus pasirinkimas t\u0117vams, norintiems suteikti vaikui saugi\u0105, patogi\u0105 ir ergonomi\u0161k\u0105 va\u017eiavimo patirt\u012f!<\/span><\/span><\/p>\n<p><img \/><img decoding=\"async\" src=\"https:\/\/velooutlets.com\/wp-content\/uploads\/2025\/12\/Screenshot_2025-02-10_082814.png?v=1739168934\" alt=\"\" \/><\/p>","protected":false},"excerpt":{"rendered":"<p>Bellelli Mr Fox \u2013 safe and comfortable rear child bike seat Mr Fox \u00a0is a high-quality rear bicycle seat suitable for children weighing up to 22 kg . It is available in standard and relax versions, offering excellent comfort and safety while riding. Main features: \u2714 Adjustable backrest \u2013 height-adjustable and reclining backrest (in the [&hellip;]<\/p>\n","protected":false},"featured_media":13647,"template":"","meta":{"_monsterinsights_skip_tracking":false,"_monsterinsights_sitenote_active":false,"_monsterinsights_sitenote_note":"","_monsterinsights_sitenote_category":0,"_iconic_wsb_product_page_order_bump_ids":[[]],"_sku":[""],"_iconic_wsb_product_page_bump_modal_ids":[[]]},"product_brand":[1348],"product_cat":[910,930],"product_tag":[221,1195],"class_list":{"0":"post-13584","1":"product","2":"type-product","3":"status-publish","4":"has-post-thumbnail","6":"product_brand-bellelli","7":"product_cat-aksesuari","8":"product_cat-bernu-sedekli","9":"product_tag-aksesuari","10":"product_tag-bernu-sedekli","11":"product_shipping_class-bernu-velosipedi","13":"first","14":"instock","15":"taxable","16":"shipping-taxable","17":"purchasable","18":"product-type-variable","19":"has-default-attributes","20":"wvs-archive-product-wrapper"},"yoast_head":"<!-- This site is optimized with the Yoast SEO plugin v27.2 - https:\/\/yoast.com\/product\/yoast-seo-wordpress\/ -->\n<title>Mr Fox b\u0113rnu s\u0113deklis b\u0113\u0161\u012bgs - Velo Outlets<\/title>\n<meta name=\"robots\" content=\"index, follow, max-snippet:-1, max-image-preview:large, max-video-preview:-1\" \/>\n<link rel=\"canonical\" href=\"https:\/\/velooutlets.com\/lt\/produktas\/mr-fox-bernu-sedeklis-besigs\/\" \/>\n<meta property=\"og:locale\" content=\"lt_LT\" \/>\n<meta property=\"og:type\" content=\"article\" \/>\n<meta property=\"og:title\" content=\"Mr Fox b\u0113rnu s\u0113deklis b\u0113\u0161\u012bgs - Velo Outlets\" \/>\n<meta property=\"og:description\" content=\"Bellelli Mr Fox \u2013 safe and comfortable rear child bike seat Mr Fox \u00a0is a high-quality rear bicycle seat suitable for children weighing up to 22 kg . It is available in standard and relax versions, offering excellent comfort and safety while riding. Main features: \u2714 Adjustable backrest \u2013 height-adjustable and reclining backrest (in the [&hellip;]\" \/>\n<meta property=\"og:url\" content=\"https:\/\/velooutlets.com\/lt\/produktas\/mr-fox-bernu-sedeklis-besigs\/\" \/>\n<meta property=\"og:site_name\" content=\"Velo Outlets\" \/>\n<meta property=\"article:modified_time\" content=\"2026-03-19T07:26:16+00:00\" \/>\n<meta property=\"og:image\" content=\"https:\/\/velooutlets.com\/wp-content\/uploads\/2025\/12\/mrfox_beigevintage_standard_1.jpg\" \/>\n\t<meta property=\"og:image:width\" content=\"1200\" \/>\n\t<meta property=\"og:image:height\" content=\"1500\" \/>\n\t<meta property=\"og:image:type\" content=\"image\/jpeg\" \/>\n<meta name=\"twitter:card\" content=\"summary_large_image\" \/>\n<meta name=\"twitter:label1\" content=\"Est. reading time\" \/>\n\t<meta name=\"twitter:data1\" content=\"2 minut\u0117s\" \/>\n<script type=\"application\/ld+json\" class=\"yoast-schema-graph\">{\"@context\":\"https:\/\/schema.org\",\"@graph\":[{\"@type\":\"WebPage\",\"@id\":\"https:\/\/velooutlets.com\/products\/mr-fox-bernu-sedeklis-besigs\/\",\"url\":\"https:\/\/velooutlets.com\/products\/mr-fox-bernu-sedeklis-besigs\/\",\"name\":\"Mr Fox b\u0113rnu s\u0113deklis b\u0113\u0161\u012bgs - Velo Outlets\",\"isPartOf\":{\"@id\":\"https:\/\/velooutlets.com\/en\/#website\"},\"primaryImageOfPage\":{\"@id\":\"https:\/\/velooutlets.com\/products\/mr-fox-bernu-sedeklis-besigs\/#primaryimage\"},\"image\":{\"@id\":\"https:\/\/velooutlets.com\/products\/mr-fox-bernu-sedeklis-besigs\/#primaryimage\"},\"thumbnailUrl\":\"https:\/\/velooutlets.com\/wp-content\/uploads\/2025\/12\/mrfox_beigevintage_standard_1.jpg\",\"datePublished\":\"2025-12-10T12:46:51+00:00\",\"dateModified\":\"2026-03-19T07:26:16+00:00\",\"breadcrumb\":{\"@id\":\"https:\/\/velooutlets.com\/products\/mr-fox-bernu-sedeklis-besigs\/#breadcrumb\"},\"inLanguage\":\"lt-LT\",\"potentialAction\":[{\"@type\":\"ReadAction\",\"target\":[\"https:\/\/velooutlets.com\/products\/mr-fox-bernu-sedeklis-besigs\/\"]}]},{\"@type\":\"ImageObject\",\"inLanguage\":\"lt-LT\",\"@id\":\"https:\/\/velooutlets.com\/products\/mr-fox-bernu-sedeklis-besigs\/#primaryimage\",\"url\":\"https:\/\/velooutlets.com\/wp-content\/uploads\/2025\/12\/mrfox_beigevintage_standard_1.jpg\",\"contentUrl\":\"https:\/\/velooutlets.com\/wp-content\/uploads\/2025\/12\/mrfox_beigevintage_standard_1.jpg\",\"width\":1200,\"height\":1500},{\"@type\":\"BreadcrumbList\",\"@id\":\"https:\/\/velooutlets.com\/products\/mr-fox-bernu-sedeklis-besigs\/#breadcrumb\",\"itemListElement\":[{\"@type\":\"ListItem\",\"position\":1,\"name\":\"Home\",\"item\":\"https:\/\/velooutlets.com\/\"},{\"@type\":\"ListItem\",\"position\":2,\"name\":\"Veikals\",\"item\":\"https:\/\/velooutlets.com\/shop\/\"},{\"@type\":\"ListItem\",\"position\":3,\"name\":\"Mr Fox b\u0113rnu s\u0113deklis b\u0113\u0161\u012bgs\"}]},{\"@type\":\"WebSite\",\"@id\":\"https:\/\/velooutlets.com\/en\/#website\",\"url\":\"https:\/\/velooutlets.com\/en\/\",\"name\":\"Velo Outlets\",\"description\":\"Velosip\u0113di visai \u0123imenei\",\"potentialAction\":[{\"@type\":\"SearchAction\",\"target\":{\"@type\":\"EntryPoint\",\"urlTemplate\":\"https:\/\/velooutlets.com\/en\/?s={search_term_string}\"},\"query-input\":{\"@type\":\"PropertyValueSpecification\",\"valueRequired\":true,\"valueName\":\"search_term_string\"}}],\"inLanguage\":\"lt-LT\"}]}<\/script>\n<!-- \/ Yoast SEO plugin. -->","yoast_head_json":{"title":"Mr Fox b\u0113rnu s\u0113deklis b\u0113\u0161\u012bgs - Velo Outlets","robots":{"index":"index","follow":"follow","max-snippet":"max-snippet:-1","max-image-preview":"max-image-preview:large","max-video-preview":"max-video-preview:-1"},"canonical":"https:\/\/velooutlets.com\/lt\/produktas\/mr-fox-bernu-sedeklis-besigs\/","og_locale":"lt_LT","og_type":"article","og_title":"Mr Fox b\u0113rnu s\u0113deklis b\u0113\u0161\u012bgs - Velo Outlets","og_description":"Bellelli Mr Fox \u2013 safe and comfortable rear child bike seat Mr Fox \u00a0is a high-quality rear bicycle seat suitable for children weighing up to 22 kg . It is available in standard and relax versions, offering excellent comfort and safety while riding. Main features: \u2714 Adjustable backrest \u2013 height-adjustable and reclining backrest (in the [&hellip;]","og_url":"https:\/\/velooutlets.com\/lt\/produktas\/mr-fox-bernu-sedeklis-besigs\/","og_site_name":"Velo Outlets","article_modified_time":"2026-03-19T07:26:16+00:00","og_image":[{"width":1200,"height":1500,"url":"https:\/\/velooutlets.com\/wp-content\/uploads\/2025\/12\/mrfox_beigevintage_standard_1.jpg","type":"image\/jpeg"}],"twitter_card":"summary_large_image","twitter_misc":{"Est. reading time":"2 minut\u0117s"},"schema":{"@context":"https:\/\/schema.org","@graph":[{"@type":"WebPage","@id":"https:\/\/velooutlets.com\/products\/mr-fox-bernu-sedeklis-besigs\/","url":"https:\/\/velooutlets.com\/products\/mr-fox-bernu-sedeklis-besigs\/","name":"Mr Fox b\u0113rnu s\u0113deklis b\u0113\u0161\u012bgs - Velo Outlets","isPartOf":{"@id":"https:\/\/velooutlets.com\/en\/#website"},"primaryImageOfPage":{"@id":"https:\/\/velooutlets.com\/products\/mr-fox-bernu-sedeklis-besigs\/#primaryimage"},"image":{"@id":"https:\/\/velooutlets.com\/products\/mr-fox-bernu-sedeklis-besigs\/#primaryimage"},"thumbnailUrl":"https:\/\/velooutlets.com\/wp-content\/uploads\/2025\/12\/mrfox_beigevintage_standard_1.jpg","datePublished":"2025-12-10T12:46:51+00:00","dateModified":"2026-03-19T07:26:16+00:00","breadcrumb":{"@id":"https:\/\/velooutlets.com\/products\/mr-fox-bernu-sedeklis-besigs\/#breadcrumb"},"inLanguage":"lt-LT","potentialAction":[{"@type":"ReadAction","target":["https:\/\/velooutlets.com\/products\/mr-fox-bernu-sedeklis-besigs\/"]}]},{"@type":"ImageObject","inLanguage":"lt-LT","@id":"https:\/\/velooutlets.com\/products\/mr-fox-bernu-sedeklis-besigs\/#primaryimage","url":"https:\/\/velooutlets.com\/wp-content\/uploads\/2025\/12\/mrfox_beigevintage_standard_1.jpg","contentUrl":"https:\/\/velooutlets.com\/wp-content\/uploads\/2025\/12\/mrfox_beigevintage_standard_1.jpg","width":1200,"height":1500},{"@type":"BreadcrumbList","@id":"https:\/\/velooutlets.com\/products\/mr-fox-bernu-sedeklis-besigs\/#breadcrumb","itemListElement":[{"@type":"ListItem","position":1,"name":"Home","item":"https:\/\/velooutlets.com\/"},{"@type":"ListItem","position":2,"name":"Veikals","item":"https:\/\/velooutlets.com\/shop\/"},{"@type":"ListItem","position":3,"name":"Mr Fox b\u0113rnu s\u0113deklis b\u0113\u0161\u012bgs"}]},{"@type":"WebSite","@id":"https:\/\/velooutlets.com\/en\/#website","url":"https:\/\/velooutlets.com\/en\/","name":"\"Velo Outlets","description":"Dvira\u010diai visai \u0161eimai","potentialAction":[{"@type":"SearchAction","target":{"@type":"EntryPoint","urlTemplate":"https:\/\/velooutlets.com\/en\/?s={search_term_string}"},"query-input":{"@type":"PropertyValueSpecification","valueRequired":true,"valueName":"search_term_string"}}],"inLanguage":"lt-LT"}]}},"jetpack_sharing_enabled":true,"_links":{"self":[{"href":"https:\/\/velooutlets.com\/lt\/wp-json\/wp\/v2\/product\/13584","targetHints":{"allow":["GET"]}}],"collection":[{"href":"https:\/\/velooutlets.com\/lt\/wp-json\/wp\/v2\/product"}],"about":[{"href":"https:\/\/velooutlets.com\/lt\/wp-json\/wp\/v2\/types\/product"}],"wp:featuredmedia":[{"embeddable":true,"href":"https:\/\/velooutlets.com\/lt\/wp-json\/wp\/v2\/media\/13647"}],"wp:attachment":[{"href":"https:\/\/velooutlets.com\/lt\/wp-json\/wp\/v2\/media?parent=13584"}],"wp:term":[{"taxonomy":"product_brand","embeddable":true,"href":"https:\/\/velooutlets.com\/lt\/wp-json\/wp\/v2\/product_brand?post=13584"},{"taxonomy":"product_cat","embeddable":true,"href":"https:\/\/velooutlets.com\/lt\/wp-json\/wp\/v2\/product_cat?post=13584"},{"taxonomy":"product_tag","embeddable":true,"href":"https:\/\/velooutlets.com\/lt\/wp-json\/wp\/v2\/product_tag?post=13584"}],"curies":[{"name":"wp","href":"https:\/\/api.w.org\/{rel}","templated":true}]}}