{"id":13616,"date":"2025-12-10T14:47:36","date_gmt":"2025-12-10T12:47:36","guid":{"rendered":"https:\/\/staging.velooutlets.com\/product\/summer-bernu-sedeklis-tumsi-peleks-ar-sarkanu-copy\/"},"modified":"2026-03-18T16:23:20","modified_gmt":"2026-03-18T14:23:20","slug":"summer-bernu-sedeklis-oranzs","status":"publish","type":"product","link":"https:\/\/velooutlets.com\/lt\/produktas\/summer-bernu-sedeklis-oranzs\/","title":{"rendered":"Vasaros s\u0117dyn\u0117 k\u016bdikiams Oran\u017ein\u0117"},"content":{"rendered":"<p><strong>Vasara - saugi ir patogi galin\u0117 vaiki\u0161ko dvira\u010dio s\u0117dyn\u0117<\/strong><\/p>\n<p><strong>Vasara<\/strong>\u00a0turi auk\u0161tos kokyb\u0117s galin\u0119 dvira\u010dio s\u0117dyn\u0119, tinkam\u0105 vaikams, sveriantiems iki <strong>22 kg<\/strong>. J\u012f galima \u012fsigyti <strong>standartas ir atsipalaiduoti<\/strong> versijos, u\u017etikrinan\u010dios i\u0161skirtin\u012f komfort\u0105 ir saugum\u0105 vairuojant.<\/p>\n<h3><strong>Pagrindin\u0117s savyb\u0117s:<\/strong><\/h3>\n<p>\u2714 <strong>Reguliuojamas atlo\u0161as<\/strong> - reguliuojamas auk\u0161tis.<br \/>\u2714 <strong>Penki\u0173 ta\u0161k\u0173 saugos dir\u017eai<\/strong> - reguliuojamo ilgio, auk\u0161\u010dio ir gylio, u\u017etikrinantis stabilum\u0105 ir apsaug\u0105.<br \/>\u2714 <strong>Reguliuojamos koj\u0173 atramos<\/strong> - nuolat reguliuojamas pagal vaiko \u016bg\u012f.<br \/>\u2714 <strong>Komfortas ir ergonomika<\/strong> - k\u0117dut\u0117 sukurta taip, kad vaikui b\u016bt\u0173 maksimaliai patogu ir stabilu.<\/p>\n<h3><strong>Stiprinimo galimyb\u0117s:<\/strong><\/h3>\n<p>\ud83d\udd39<strong> Vasaros standartas<\/strong> - tvirtinimas prie dvira\u010dio r\u0117mo.<\/p>\n<ul>\n<li>\u2705 Rat\u0173 skersmuo: <strong>26\u201d \/ 28\u201d<\/strong>\n<\/li>\n<li>\u2705 S\u0117dyn\u0117s vamzd\u017eio skersmuo: <strong>28-45 mm (1,10-1,77\u201d)<\/strong>\n<\/li>\n<li>\u2705 S\u0117dyn\u0117s vamzd\u017eio auk\u0161tis: <strong>28-80 mm (1,10-2,36\u201d)<\/strong>\n<\/li>\n<\/ul>\n<p>\ud83d\udd39 <strong>Vasaros spaustukas<\/strong> - tvirtinimas prie baga\u017ein\u0117s (suderinamas su ISO 11243 standartais, baga\u017ein\u0117s plotis 120-175 mm, elektroniniams dvira\u010diams - iki 190 mm).<\/p>\n<ul>\n<li>\u2705 Rat\u0173 skersmuo: <strong>26\u201d \/ 28\u201d<\/strong>\n<\/li>\n<li>\u2705 Baga\u017ein\u0117s plotis: <strong>120-175 mm<\/strong>\n<\/li>\n<li>\u2705 Suderinamas su el. dvira\u010diais iki <strong>190 mm<br \/><\/strong>\n<\/li>\n<\/ul>\n<p><strong>Daugiau informacijos PDF formatu:<br \/><a href=\"https:\/\/www.bellelli.com\/wp-content\/uploads\/2021\/05\/BFIX-REAR-MOUNT-SYSTEM.pdf\" rel=\"noopener\" target=\"_blank\"><span style=\"color: rgb(43, 0, 255);\">Vasaros standartas<\/span><\/a><br \/><a href=\"https:\/\/www.bellelli.com\/wp-content\/uploads\/2021\/05\/RELAX-BFIX-REAR-MOUNT-SYSTEM.pdf\" rel=\"noopener\" target=\"_blank\"><span style=\"color: rgb(43, 0, 255);\">Vasaros poilsis<\/span><\/a><br \/><a href=\"https:\/\/www.bellelli.com\/wp-content\/uploads\/2021\/05\/03CLAMP_compressed.pdf\" rel=\"noopener\" target=\"_blank\"><span style=\"color: rgb(43, 0, 255);\">Vasaros spaustukas<\/span><\/a><\/p>\n<p><\/strong><strong><\/strong><strong>Bellelli vasara<\/strong>\u00a0tai puikus pasirinkimas t\u0117vams, norintiems suteikti savo vaikui saug\u0173, patog\u0173 ir ergonomi\u0161k\u0105 vairavim\u0105!<\/p>\n<p><img><img decoding=\"async\" src=\"https:\/\/velooutlets.com\/wp-content\/uploads\/2025\/12\/Screenshot_2025-02-10_082814.png?v=1739168934\" alt=\"\"><\/p>","protected":false},"excerpt":{"rendered":"<p>Summer \u2013 dro\u0161s un \u0113rts aizmugur\u0113jais b\u0113rnu velos\u0113deklis Summer\u00a0ir augstas kvalit\u0101tes aizmugur\u0113jais velos\u0113deklis, kas ir piem\u0113rots b\u0113rniem ar svaru l\u012bdz 22 kg. Tas ir pieejams standarta un relaks versij\u0101s, pied\u0101v\u0101jot izcilu komfortu un dro\u0161\u012bbu brauk\u0161anas laik\u0101. Galven\u0101s \u012bpa\u0161\u012bbas: \u2714 Regul\u0113jama atzveltne \u2013 augstum\u0101 piel\u0101gojama.\u2714 Piecu punktu dro\u0161\u012bbas josta \u2013 regul\u0113jama garum\u0101, augstum\u0101 un dzi\u013cum\u0101, nodro\u0161inot [&hellip;]<\/p>\n","protected":false},"featured_media":13732,"template":"","meta":{"_monsterinsights_skip_tracking":false,"_monsterinsights_sitenote_active":false,"_monsterinsights_sitenote_note":"","_monsterinsights_sitenote_category":0,"_iconic_wsb_product_page_order_bump_ids":[],"_sku":[""],"_iconic_wsb_product_page_bump_modal_ids":[]},"product_brand":[1348],"product_cat":[910,930],"product_tag":[221,1195],"class_list":{"0":"post-13616","1":"product","2":"type-product","3":"status-publish","4":"has-post-thumbnail","6":"product_brand-bellelli","7":"product_cat-aksesuari","8":"product_cat-bernu-sedekli","9":"product_tag-aksesuari","10":"product_tag-bernu-sedekli","11":"product_shipping_class-bernu-velosipedi","13":"first","14":"instock","15":"taxable","16":"shipping-taxable","17":"purchasable","18":"product-type-variable","19":"wvs-archive-product-wrapper"},"yoast_head":"<!-- This site is optimized with the Yoast SEO plugin v27.2 - https:\/\/yoast.com\/product\/yoast-seo-wordpress\/ -->\n<title>Summer b\u0113rnu s\u0113deklis Oran\u017es - Velo Outlets<\/title>\n<meta name=\"robots\" content=\"index, follow, max-snippet:-1, max-image-preview:large, max-video-preview:-1\" \/>\n<link rel=\"canonical\" href=\"https:\/\/velooutlets.com\/lt\/produktas\/summer-bernu-sedeklis-oranzs\/\" \/>\n<meta property=\"og:locale\" content=\"lt_LT\" \/>\n<meta property=\"og:type\" content=\"article\" \/>\n<meta property=\"og:title\" content=\"Summer b\u0113rnu s\u0113deklis Oran\u017es - Velo Outlets\" \/>\n<meta property=\"og:description\" content=\"Summer \u2013 dro\u0161s un \u0113rts aizmugur\u0113jais b\u0113rnu velos\u0113deklis Summer\u00a0ir augstas kvalit\u0101tes aizmugur\u0113jais velos\u0113deklis, kas ir piem\u0113rots b\u0113rniem ar svaru l\u012bdz 22 kg. Tas ir pieejams standarta un relaks versij\u0101s, pied\u0101v\u0101jot izcilu komfortu un dro\u0161\u012bbu brauk\u0161anas laik\u0101. Galven\u0101s \u012bpa\u0161\u012bbas: \u2714 Regul\u0113jama atzveltne \u2013 augstum\u0101 piel\u0101gojama.\u2714 Piecu punktu dro\u0161\u012bbas josta \u2013 regul\u0113jama garum\u0101, augstum\u0101 un dzi\u013cum\u0101, nodro\u0161inot [&hellip;]\" \/>\n<meta property=\"og:url\" content=\"https:\/\/velooutlets.com\/lt\/produktas\/summer-bernu-sedeklis-oranzs\/\" \/>\n<meta property=\"og:site_name\" content=\"Velo Outlets\" \/>\n<meta property=\"article:modified_time\" content=\"2026-03-18T14:23:20+00:00\" \/>\n<meta property=\"og:image\" content=\"https:\/\/velooutlets.com\/wp-content\/uploads\/2025\/12\/summer_orange_standard_3.jpg\" \/>\n\t<meta property=\"og:image:width\" content=\"1200\" \/>\n\t<meta property=\"og:image:height\" content=\"1500\" \/>\n\t<meta property=\"og:image:type\" content=\"image\/jpeg\" \/>\n<meta name=\"twitter:card\" content=\"summary_large_image\" \/>\n<meta name=\"twitter:label1\" content=\"Est. reading time\" \/>\n\t<meta name=\"twitter:data1\" content=\"1 minut\u0117\" \/>\n<script type=\"application\/ld+json\" class=\"yoast-schema-graph\">{\"@context\":\"https:\/\/schema.org\",\"@graph\":[{\"@type\":\"WebPage\",\"@id\":\"https:\/\/velooutlets.com\/products\/summer-bernu-sedeklis-oranzs\/\",\"url\":\"https:\/\/velooutlets.com\/products\/summer-bernu-sedeklis-oranzs\/\",\"name\":\"Summer b\u0113rnu s\u0113deklis Oran\u017es - Velo Outlets\",\"isPartOf\":{\"@id\":\"https:\/\/velooutlets.com\/en\/#website\"},\"primaryImageOfPage\":{\"@id\":\"https:\/\/velooutlets.com\/products\/summer-bernu-sedeklis-oranzs\/#primaryimage\"},\"image\":{\"@id\":\"https:\/\/velooutlets.com\/products\/summer-bernu-sedeklis-oranzs\/#primaryimage\"},\"thumbnailUrl\":\"https:\/\/velooutlets.com\/wp-content\/uploads\/2025\/12\/summer_orange_standard_3.jpg\",\"datePublished\":\"2025-12-10T12:47:36+00:00\",\"dateModified\":\"2026-03-18T14:23:20+00:00\",\"breadcrumb\":{\"@id\":\"https:\/\/velooutlets.com\/products\/summer-bernu-sedeklis-oranzs\/#breadcrumb\"},\"inLanguage\":\"lt-LT\",\"potentialAction\":[{\"@type\":\"ReadAction\",\"target\":[\"https:\/\/velooutlets.com\/products\/summer-bernu-sedeklis-oranzs\/\"]}]},{\"@type\":\"ImageObject\",\"inLanguage\":\"lt-LT\",\"@id\":\"https:\/\/velooutlets.com\/products\/summer-bernu-sedeklis-oranzs\/#primaryimage\",\"url\":\"https:\/\/velooutlets.com\/wp-content\/uploads\/2025\/12\/summer_orange_standard_3.jpg\",\"contentUrl\":\"https:\/\/velooutlets.com\/wp-content\/uploads\/2025\/12\/summer_orange_standard_3.jpg\",\"width\":1200,\"height\":1500},{\"@type\":\"BreadcrumbList\",\"@id\":\"https:\/\/velooutlets.com\/products\/summer-bernu-sedeklis-oranzs\/#breadcrumb\",\"itemListElement\":[{\"@type\":\"ListItem\",\"position\":1,\"name\":\"Home\",\"item\":\"https:\/\/velooutlets.com\/\"},{\"@type\":\"ListItem\",\"position\":2,\"name\":\"Veikals\",\"item\":\"https:\/\/velooutlets.com\/shop\/\"},{\"@type\":\"ListItem\",\"position\":3,\"name\":\"Summer b\u0113rnu s\u0113deklis Oran\u017es\"}]},{\"@type\":\"WebSite\",\"@id\":\"https:\/\/velooutlets.com\/en\/#website\",\"url\":\"https:\/\/velooutlets.com\/en\/\",\"name\":\"Velo Outlets\",\"description\":\"Velosip\u0113di visai \u0123imenei\",\"potentialAction\":[{\"@type\":\"SearchAction\",\"target\":{\"@type\":\"EntryPoint\",\"urlTemplate\":\"https:\/\/velooutlets.com\/en\/?s={search_term_string}\"},\"query-input\":{\"@type\":\"PropertyValueSpecification\",\"valueRequired\":true,\"valueName\":\"search_term_string\"}}],\"inLanguage\":\"lt-LT\"}]}<\/script>\n<!-- \/ Yoast SEO plugin. -->","yoast_head_json":{"title":"Summer b\u0113rnu s\u0113deklis Oran\u017es - Velo Outlets","robots":{"index":"index","follow":"follow","max-snippet":"max-snippet:-1","max-image-preview":"max-image-preview:large","max-video-preview":"max-video-preview:-1"},"canonical":"https:\/\/velooutlets.com\/lt\/produktas\/summer-bernu-sedeklis-oranzs\/","og_locale":"lt_LT","og_type":"article","og_title":"Summer b\u0113rnu s\u0113deklis Oran\u017es - Velo Outlets","og_description":"Summer \u2013 dro\u0161s un \u0113rts aizmugur\u0113jais b\u0113rnu velos\u0113deklis Summer\u00a0ir augstas kvalit\u0101tes aizmugur\u0113jais velos\u0113deklis, kas ir piem\u0113rots b\u0113rniem ar svaru l\u012bdz 22 kg. Tas ir pieejams standarta un relaks versij\u0101s, pied\u0101v\u0101jot izcilu komfortu un dro\u0161\u012bbu brauk\u0161anas laik\u0101. Galven\u0101s \u012bpa\u0161\u012bbas: \u2714 Regul\u0113jama atzveltne \u2013 augstum\u0101 piel\u0101gojama.\u2714 Piecu punktu dro\u0161\u012bbas josta \u2013 regul\u0113jama garum\u0101, augstum\u0101 un dzi\u013cum\u0101, nodro\u0161inot [&hellip;]","og_url":"https:\/\/velooutlets.com\/lt\/produktas\/summer-bernu-sedeklis-oranzs\/","og_site_name":"Velo Outlets","article_modified_time":"2026-03-18T14:23:20+00:00","og_image":[{"width":1200,"height":1500,"url":"https:\/\/velooutlets.com\/wp-content\/uploads\/2025\/12\/summer_orange_standard_3.jpg","type":"image\/jpeg"}],"twitter_card":"summary_large_image","twitter_misc":{"Est. reading time":"1 minut\u0117"},"schema":{"@context":"https:\/\/schema.org","@graph":[{"@type":"WebPage","@id":"https:\/\/velooutlets.com\/products\/summer-bernu-sedeklis-oranzs\/","url":"https:\/\/velooutlets.com\/products\/summer-bernu-sedeklis-oranzs\/","name":"Summer b\u0113rnu s\u0113deklis Oran\u017es - Velo Outlets","isPartOf":{"@id":"https:\/\/velooutlets.com\/en\/#website"},"primaryImageOfPage":{"@id":"https:\/\/velooutlets.com\/products\/summer-bernu-sedeklis-oranzs\/#primaryimage"},"image":{"@id":"https:\/\/velooutlets.com\/products\/summer-bernu-sedeklis-oranzs\/#primaryimage"},"thumbnailUrl":"https:\/\/velooutlets.com\/wp-content\/uploads\/2025\/12\/summer_orange_standard_3.jpg","datePublished":"2025-12-10T12:47:36+00:00","dateModified":"2026-03-18T14:23:20+00:00","breadcrumb":{"@id":"https:\/\/velooutlets.com\/products\/summer-bernu-sedeklis-oranzs\/#breadcrumb"},"inLanguage":"lt-LT","potentialAction":[{"@type":"ReadAction","target":["https:\/\/velooutlets.com\/products\/summer-bernu-sedeklis-oranzs\/"]}]},{"@type":"ImageObject","inLanguage":"lt-LT","@id":"https:\/\/velooutlets.com\/products\/summer-bernu-sedeklis-oranzs\/#primaryimage","url":"https:\/\/velooutlets.com\/wp-content\/uploads\/2025\/12\/summer_orange_standard_3.jpg","contentUrl":"https:\/\/velooutlets.com\/wp-content\/uploads\/2025\/12\/summer_orange_standard_3.jpg","width":1200,"height":1500},{"@type":"BreadcrumbList","@id":"https:\/\/velooutlets.com\/products\/summer-bernu-sedeklis-oranzs\/#breadcrumb","itemListElement":[{"@type":"ListItem","position":1,"name":"Home","item":"https:\/\/velooutlets.com\/"},{"@type":"ListItem","position":2,"name":"Veikals","item":"https:\/\/velooutlets.com\/shop\/"},{"@type":"ListItem","position":3,"name":"Summer b\u0113rnu s\u0113deklis Oran\u017es"}]},{"@type":"WebSite","@id":"https:\/\/velooutlets.com\/en\/#website","url":"https:\/\/velooutlets.com\/en\/","name":"\"Velo Outlets","description":"Dvira\u010diai visai \u0161eimai","potentialAction":[{"@type":"SearchAction","target":{"@type":"EntryPoint","urlTemplate":"https:\/\/velooutlets.com\/en\/?s={search_term_string}"},"query-input":{"@type":"PropertyValueSpecification","valueRequired":true,"valueName":"search_term_string"}}],"inLanguage":"lt-LT"}]}},"jetpack_sharing_enabled":true,"_links":{"self":[{"href":"https:\/\/velooutlets.com\/lt\/wp-json\/wp\/v2\/product\/13616","targetHints":{"allow":["GET"]}}],"collection":[{"href":"https:\/\/velooutlets.com\/lt\/wp-json\/wp\/v2\/product"}],"about":[{"href":"https:\/\/velooutlets.com\/lt\/wp-json\/wp\/v2\/types\/product"}],"wp:featuredmedia":[{"embeddable":true,"href":"https:\/\/velooutlets.com\/lt\/wp-json\/wp\/v2\/media\/13732"}],"wp:attachment":[{"href":"https:\/\/velooutlets.com\/lt\/wp-json\/wp\/v2\/media?parent=13616"}],"wp:term":[{"taxonomy":"product_brand","embeddable":true,"href":"https:\/\/velooutlets.com\/lt\/wp-json\/wp\/v2\/product_brand?post=13616"},{"taxonomy":"product_cat","embeddable":true,"href":"https:\/\/velooutlets.com\/lt\/wp-json\/wp\/v2\/product_cat?post=13616"},{"taxonomy":"product_tag","embeddable":true,"href":"https:\/\/velooutlets.com\/lt\/wp-json\/wp\/v2\/product_tag?post=13616"}],"curies":[{"name":"wp","href":"https:\/\/api.w.org\/{rel}","templated":true}]}}