{"id":13627,"date":"2025-12-10T14:47:52","date_gmt":"2025-12-10T12:47:52","guid":{"rendered":"https:\/\/staging.velooutlets.com\/product\/pepe-bernu-sedeklis-sarkans-copy\/"},"modified":"2026-03-06T23:32:06","modified_gmt":"2026-03-06T21:32:06","slug":"pepe-bernu-sedeklis-melns-sarkans","status":"publish","type":"product","link":"https:\/\/velooutlets.com\/lt\/produktas\/pepe-bernu-sedeklis-melns-sarkans\/","title":{"rendered":"\"Pepe\" vaiki\u0161ka k\u0117dut\u0117 Juoda\/raudona"},"content":{"rendered":"<p data-start=\"0\" data-end=\"501\">\"Pepe\" - tai auk\u0161tos kokyb\u0117s galin\u0117 vaiki\u0161ka dvira\u010di\u0173 k\u0117dut\u0117, sukurta siekiant u\u017etikrinti maksimal\u0173 saugum\u0105 ir patogum\u0105 va\u017eiuojant. Ji tinka vaikams iki 22 kg svorio ir gali b\u016bti standartin\u0117 ir atsipalaidavusi, tod\u0117l t\u0117vai gali pasirinkti tinkam\u0105 sprendim\u0105 pagal savo poreikius. Ergonomi\u0161kai suprojektuota s\u0117dyn\u0117 su reguliuojamu atlo\u0161u ir penki\u0173 ta\u0161k\u0173 saugos dir\u017eu u\u017etikrina stabilum\u0105 ir apsaug\u0105 kiekvienos kelion\u0117s metu, o d\u0117l reguliuojam\u0173 koj\u0173 atram\u0173 j\u0105 galima pritaikyti prie vaiko \u016bgio.<\/p>\n<p data-start=\"503\" data-end=\"847\">\u201dPepe\u201d k\u0117dut\u0119 galima lengvai pritaikyti skirtingiems tvirtinimo \u012ftaisams. Standartin\u0117 versija tvirtinama prie dvira\u010dio r\u0117mo ir yra suderinama su 26 ir 28 coli\u0173 ratais bei 28-45 mm skersmens s\u0117dyn\u0117s vamzd\u017eiais. Relax\" ir \"Clamp\" versijose galima tvirtinti prie baga\u017ein\u0117s, kad b\u016bt\u0173 u\u017etikrintas didesnis stabilumas ir b\u016bt\u0173 patogu naudoti ir ant elektronini\u0173 dvira\u010di\u0173.<\/p>\n<p data-start=\"849\" data-end=\"1143\" data-is-last-node=\"\" data-is-only-node=\"\">Su \"Pepe\" t\u0117vai gauna patikim\u0105, ergonomi\u0161k\u0105 ir patog\u0173 sprendim\u0105, leid\u017eiant\u012f vaikui saugiai ir maloniai m\u0117gautis kiekviena kelione. \u0160ioje k\u0117dut\u0117je suderintas modernus dizainas, reguliuojami elementai ir auk\u0161\u010diausios klas\u0117s saugos funkcijos, tod\u0117l ji yra idealus pasirinkimas kasdieniam va\u017ein\u0117jimui dvira\u010diu.<\/p>","protected":false},"excerpt":{"rendered":"<p>Pepe ir augstas kvalit\u0101tes aizmugur\u0113jais b\u0113rnu velos\u0113deklis, kas rad\u012bts, lai nodro\u0161in\u0101tu maksim\u0101lu dro\u0161\u012bbu un komfortu brauciena laik\u0101. Tas ir piem\u0113rots b\u0113rniem l\u012bdz 22 kg un pieejams gan standarta, gan relaks versij\u0101s, \u013caujot vec\u0101kiem izv\u0113l\u0113ties piem\u0113rot\u0101ko risin\u0101jumu atkar\u012bb\u0101 no vajadz\u012bb\u0101m. Ergonomiski izstr\u0101d\u0101tais s\u0113deklis ar regul\u0113jamu atzveltni un piecu punktu dro\u0161\u012bbas jostu garant\u0113 stabilit\u0101ti un aizsardz\u012bbu katr\u0101 [&hellip;]<\/p>\n","protected":false},"featured_media":13755,"template":"","meta":{"_monsterinsights_skip_tracking":false,"_monsterinsights_sitenote_active":false,"_monsterinsights_sitenote_note":"","_monsterinsights_sitenote_category":0,"_iconic_wsb_product_page_order_bump_ids":[[]],"_sku":[""],"_iconic_wsb_product_page_bump_modal_ids":[[]]},"product_brand":[1348],"product_cat":[910,930],"product_tag":[221,1195],"class_list":{"0":"post-13627","1":"product","2":"type-product","3":"status-publish","4":"has-post-thumbnail","6":"product_brand-bellelli","7":"product_cat-aksesuari","8":"product_cat-bernu-sedekli","9":"product_tag-aksesuari","10":"product_tag-bernu-sedekli","11":"product_shipping_class-bernu-velosipedi","13":"first","14":"instock","15":"taxable","16":"shipping-taxable","17":"purchasable","18":"product-type-variable","19":"wvs-archive-product-wrapper"},"yoast_head":"<!-- This site is optimized with the Yoast SEO plugin v27.2 - https:\/\/yoast.com\/product\/yoast-seo-wordpress\/ -->\n<title>Pepe b\u0113rnu s\u0113deklis Melns\/Sarkans - Velo Outlets<\/title>\n<meta name=\"robots\" content=\"index, follow, max-snippet:-1, max-image-preview:large, max-video-preview:-1\" \/>\n<link rel=\"canonical\" href=\"https:\/\/velooutlets.com\/lt\/produktas\/pepe-bernu-sedeklis-melns-sarkans\/\" \/>\n<meta property=\"og:locale\" content=\"lt_LT\" \/>\n<meta property=\"og:type\" content=\"article\" \/>\n<meta property=\"og:title\" content=\"Pepe b\u0113rnu s\u0113deklis Melns\/Sarkans - Velo Outlets\" \/>\n<meta property=\"og:description\" content=\"Pepe ir augstas kvalit\u0101tes aizmugur\u0113jais b\u0113rnu velos\u0113deklis, kas rad\u012bts, lai nodro\u0161in\u0101tu maksim\u0101lu dro\u0161\u012bbu un komfortu brauciena laik\u0101. Tas ir piem\u0113rots b\u0113rniem l\u012bdz 22 kg un pieejams gan standarta, gan relaks versij\u0101s, \u013caujot vec\u0101kiem izv\u0113l\u0113ties piem\u0113rot\u0101ko risin\u0101jumu atkar\u012bb\u0101 no vajadz\u012bb\u0101m. Ergonomiski izstr\u0101d\u0101tais s\u0113deklis ar regul\u0113jamu atzveltni un piecu punktu dro\u0161\u012bbas jostu garant\u0113 stabilit\u0101ti un aizsardz\u012bbu katr\u0101 [&hellip;]\" \/>\n<meta property=\"og:url\" content=\"https:\/\/velooutlets.com\/lt\/produktas\/pepe-bernu-sedeklis-melns-sarkans\/\" \/>\n<meta property=\"og:site_name\" content=\"Velo Outlets\" \/>\n<meta property=\"article:modified_time\" content=\"2026-03-06T21:32:06+00:00\" \/>\n<meta property=\"og:image\" content=\"https:\/\/velooutlets.com\/wp-content\/uploads\/2025\/12\/pepe_black_standard_1.jpg\" \/>\n\t<meta property=\"og:image:width\" content=\"1200\" \/>\n\t<meta property=\"og:image:height\" content=\"1500\" \/>\n\t<meta property=\"og:image:type\" content=\"image\/jpeg\" \/>\n<meta name=\"twitter:card\" content=\"summary_large_image\" \/>\n<meta name=\"twitter:label1\" content=\"Est. reading time\" \/>\n\t<meta name=\"twitter:data1\" content=\"2 minut\u0117s\" \/>\n<script type=\"application\/ld+json\" class=\"yoast-schema-graph\">{\"@context\":\"https:\/\/schema.org\",\"@graph\":[{\"@type\":\"WebPage\",\"@id\":\"https:\/\/velooutlets.com\/products\/pepe-bernu-sedeklis-melns-sarkans\/\",\"url\":\"https:\/\/velooutlets.com\/products\/pepe-bernu-sedeklis-melns-sarkans\/\",\"name\":\"Pepe b\u0113rnu s\u0113deklis Melns\/Sarkans - Velo Outlets\",\"isPartOf\":{\"@id\":\"https:\/\/velooutlets.com\/en\/#website\"},\"primaryImageOfPage\":{\"@id\":\"https:\/\/velooutlets.com\/products\/pepe-bernu-sedeklis-melns-sarkans\/#primaryimage\"},\"image\":{\"@id\":\"https:\/\/velooutlets.com\/products\/pepe-bernu-sedeklis-melns-sarkans\/#primaryimage\"},\"thumbnailUrl\":\"https:\/\/velooutlets.com\/wp-content\/uploads\/2025\/12\/pepe_black_standard_1.jpg\",\"datePublished\":\"2025-12-10T12:47:52+00:00\",\"dateModified\":\"2026-03-06T21:32:06+00:00\",\"breadcrumb\":{\"@id\":\"https:\/\/velooutlets.com\/products\/pepe-bernu-sedeklis-melns-sarkans\/#breadcrumb\"},\"inLanguage\":\"lt-LT\",\"potentialAction\":[{\"@type\":\"ReadAction\",\"target\":[\"https:\/\/velooutlets.com\/products\/pepe-bernu-sedeklis-melns-sarkans\/\"]}]},{\"@type\":\"ImageObject\",\"inLanguage\":\"lt-LT\",\"@id\":\"https:\/\/velooutlets.com\/products\/pepe-bernu-sedeklis-melns-sarkans\/#primaryimage\",\"url\":\"https:\/\/velooutlets.com\/wp-content\/uploads\/2025\/12\/pepe_black_standard_1.jpg\",\"contentUrl\":\"https:\/\/velooutlets.com\/wp-content\/uploads\/2025\/12\/pepe_black_standard_1.jpg\",\"width\":1200,\"height\":1500},{\"@type\":\"BreadcrumbList\",\"@id\":\"https:\/\/velooutlets.com\/products\/pepe-bernu-sedeklis-melns-sarkans\/#breadcrumb\",\"itemListElement\":[{\"@type\":\"ListItem\",\"position\":1,\"name\":\"Home\",\"item\":\"https:\/\/velooutlets.com\/\"},{\"@type\":\"ListItem\",\"position\":2,\"name\":\"Veikals\",\"item\":\"https:\/\/velooutlets.com\/shop\/\"},{\"@type\":\"ListItem\",\"position\":3,\"name\":\"Pepe b\u0113rnu s\u0113deklis Melns\/Sarkans\"}]},{\"@type\":\"WebSite\",\"@id\":\"https:\/\/velooutlets.com\/en\/#website\",\"url\":\"https:\/\/velooutlets.com\/en\/\",\"name\":\"Velo Outlets\",\"description\":\"Velosip\u0113di visai \u0123imenei\",\"potentialAction\":[{\"@type\":\"SearchAction\",\"target\":{\"@type\":\"EntryPoint\",\"urlTemplate\":\"https:\/\/velooutlets.com\/en\/?s={search_term_string}\"},\"query-input\":{\"@type\":\"PropertyValueSpecification\",\"valueRequired\":true,\"valueName\":\"search_term_string\"}}],\"inLanguage\":\"lt-LT\"}]}<\/script>\n<!-- \/ Yoast SEO plugin. -->","yoast_head_json":{"title":"Pepe b\u0113rnu s\u0113deklis Melns\/Sarkans - Velo Outlets","robots":{"index":"index","follow":"follow","max-snippet":"max-snippet:-1","max-image-preview":"max-image-preview:large","max-video-preview":"max-video-preview:-1"},"canonical":"https:\/\/velooutlets.com\/lt\/produktas\/pepe-bernu-sedeklis-melns-sarkans\/","og_locale":"lt_LT","og_type":"article","og_title":"Pepe b\u0113rnu s\u0113deklis Melns\/Sarkans - Velo Outlets","og_description":"Pepe ir augstas kvalit\u0101tes aizmugur\u0113jais b\u0113rnu velos\u0113deklis, kas rad\u012bts, lai nodro\u0161in\u0101tu maksim\u0101lu dro\u0161\u012bbu un komfortu brauciena laik\u0101. Tas ir piem\u0113rots b\u0113rniem l\u012bdz 22 kg un pieejams gan standarta, gan relaks versij\u0101s, \u013caujot vec\u0101kiem izv\u0113l\u0113ties piem\u0113rot\u0101ko risin\u0101jumu atkar\u012bb\u0101 no vajadz\u012bb\u0101m. Ergonomiski izstr\u0101d\u0101tais s\u0113deklis ar regul\u0113jamu atzveltni un piecu punktu dro\u0161\u012bbas jostu garant\u0113 stabilit\u0101ti un aizsardz\u012bbu katr\u0101 [&hellip;]","og_url":"https:\/\/velooutlets.com\/lt\/produktas\/pepe-bernu-sedeklis-melns-sarkans\/","og_site_name":"Velo Outlets","article_modified_time":"2026-03-06T21:32:06+00:00","og_image":[{"width":1200,"height":1500,"url":"https:\/\/velooutlets.com\/wp-content\/uploads\/2025\/12\/pepe_black_standard_1.jpg","type":"image\/jpeg"}],"twitter_card":"summary_large_image","twitter_misc":{"Est. reading time":"2 minut\u0117s"},"schema":{"@context":"https:\/\/schema.org","@graph":[{"@type":"WebPage","@id":"https:\/\/velooutlets.com\/products\/pepe-bernu-sedeklis-melns-sarkans\/","url":"https:\/\/velooutlets.com\/products\/pepe-bernu-sedeklis-melns-sarkans\/","name":"Pepe b\u0113rnu s\u0113deklis Melns\/Sarkans - Velo Outlets","isPartOf":{"@id":"https:\/\/velooutlets.com\/en\/#website"},"primaryImageOfPage":{"@id":"https:\/\/velooutlets.com\/products\/pepe-bernu-sedeklis-melns-sarkans\/#primaryimage"},"image":{"@id":"https:\/\/velooutlets.com\/products\/pepe-bernu-sedeklis-melns-sarkans\/#primaryimage"},"thumbnailUrl":"https:\/\/velooutlets.com\/wp-content\/uploads\/2025\/12\/pepe_black_standard_1.jpg","datePublished":"2025-12-10T12:47:52+00:00","dateModified":"2026-03-06T21:32:06+00:00","breadcrumb":{"@id":"https:\/\/velooutlets.com\/products\/pepe-bernu-sedeklis-melns-sarkans\/#breadcrumb"},"inLanguage":"lt-LT","potentialAction":[{"@type":"ReadAction","target":["https:\/\/velooutlets.com\/products\/pepe-bernu-sedeklis-melns-sarkans\/"]}]},{"@type":"ImageObject","inLanguage":"lt-LT","@id":"https:\/\/velooutlets.com\/products\/pepe-bernu-sedeklis-melns-sarkans\/#primaryimage","url":"https:\/\/velooutlets.com\/wp-content\/uploads\/2025\/12\/pepe_black_standard_1.jpg","contentUrl":"https:\/\/velooutlets.com\/wp-content\/uploads\/2025\/12\/pepe_black_standard_1.jpg","width":1200,"height":1500},{"@type":"BreadcrumbList","@id":"https:\/\/velooutlets.com\/products\/pepe-bernu-sedeklis-melns-sarkans\/#breadcrumb","itemListElement":[{"@type":"ListItem","position":1,"name":"Home","item":"https:\/\/velooutlets.com\/"},{"@type":"ListItem","position":2,"name":"Veikals","item":"https:\/\/velooutlets.com\/shop\/"},{"@type":"ListItem","position":3,"name":"Pepe b\u0113rnu s\u0113deklis Melns\/Sarkans"}]},{"@type":"WebSite","@id":"https:\/\/velooutlets.com\/en\/#website","url":"https:\/\/velooutlets.com\/en\/","name":"\"Velo Outlets","description":"Dvira\u010diai visai \u0161eimai","potentialAction":[{"@type":"SearchAction","target":{"@type":"EntryPoint","urlTemplate":"https:\/\/velooutlets.com\/en\/?s={search_term_string}"},"query-input":{"@type":"PropertyValueSpecification","valueRequired":true,"valueName":"search_term_string"}}],"inLanguage":"lt-LT"}]}},"jetpack_sharing_enabled":true,"_links":{"self":[{"href":"https:\/\/velooutlets.com\/lt\/wp-json\/wp\/v2\/product\/13627","targetHints":{"allow":["GET"]}}],"collection":[{"href":"https:\/\/velooutlets.com\/lt\/wp-json\/wp\/v2\/product"}],"about":[{"href":"https:\/\/velooutlets.com\/lt\/wp-json\/wp\/v2\/types\/product"}],"wp:featuredmedia":[{"embeddable":true,"href":"https:\/\/velooutlets.com\/lt\/wp-json\/wp\/v2\/media\/13755"}],"wp:attachment":[{"href":"https:\/\/velooutlets.com\/lt\/wp-json\/wp\/v2\/media?parent=13627"}],"wp:term":[{"taxonomy":"product_brand","embeddable":true,"href":"https:\/\/velooutlets.com\/lt\/wp-json\/wp\/v2\/product_brand?post=13627"},{"taxonomy":"product_cat","embeddable":true,"href":"https:\/\/velooutlets.com\/lt\/wp-json\/wp\/v2\/product_cat?post=13627"},{"taxonomy":"product_tag","embeddable":true,"href":"https:\/\/velooutlets.com\/lt\/wp-json\/wp\/v2\/product_tag?post=13627"}],"curies":[{"name":"wp","href":"https:\/\/api.w.org\/{rel}","templated":true}]}}