{"id":14528,"date":"2025-12-28T12:37:12","date_gmt":"2025-12-28T10:37:12","guid":{"rendered":"https:\/\/staging.velooutlets.com\/product\/urbanicer-2-0-white-copy\/"},"modified":"2026-04-16T14:39:11","modified_gmt":"2026-04-16T11:39:11","slug":"urbanicer-2-0-white-copy","status":"publish","type":"product","link":"https:\/\/velooutlets.com\/lt\/produktas\/urbanicer-2-0-white-copy\/","title":{"rendered":"Urbanicer 2.0 Black"},"content":{"rendered":"<p data-start=\"0\" data-end=\"494\">\"Urbanicer 2.0\" yra ma\u017eai naudotas, bet visi\u0161kai funkcionalus miesto elektrinis dviratis, kuriame dera patogus va\u017eiavimas, modernus dizainas ir efektyvi varomoji j\u0117ga. Lengvas 48 cm ilgio aliumininis r\u0117mas u\u017etikrina patogi\u0105 pozicij\u0105 ir ger\u0105 valdym\u0105 miesto gatv\u0117se, o standi aliuminin\u0117 \u0161ak\u0117 u\u017etikrina stabilum\u0105 va\u017eiuojant nelygiu pavir\u0161iumi. D\u0117l galingos ir patikimos pavaros sistemos \u0161is el. dviratis tinka tiek kasdieniam va\u017ein\u0117jimui \u012f darb\u0105, tiek ilgesn\u0117ms kelion\u0117ms.<\/p>\n<p data-start=\"496\" data-end=\"999\">\"Urbanicer 2.0\" turi \"Enovation\" galin\u012f varikl\u012f su sukimo momento jutikliu, leid\u017eiant\u012f iki 25 km\/val. grei\u010diu minti pedalus penkiais lygiais. Pagalbin\u0117 st\u016bmimo sistema leid\u017eia lengvai va\u017eiuoti iki 6 km\/val. grei\u010diu, o integruota 36 V, 10 Ah (360 Wh) baterija u\u017etikrina iki 110 km atstum\u0105. I\u0161manusis \u012fkroviklis leid\u017eia greitai \u012fkrauti akumuliatori\u0173 per ma\u017edaug 3,5 valandos, o daugiafunkciniame LCD ekrane pateikiama patogi informacija apie greit\u012f, pagalbos lygius ir nuva\u017eiuot\u0105 atstum\u0105.<\/p>\n<p data-start=\"1001\" data-end=\"1458\">Dviratyje sumontuota \"Shimano Alivio\" 9 grei\u010di\u0173 pavar\u0173 sistema, u\u017etikrinanti skland\u0173 ir tiksl\u0173 pavar\u0173 perjungim\u0105, o \"Shimano MT200\" hidrauliniai diskiniai stabd\u017eiai garantuoja saug\u0173 ir efektyv\u0173 stabdym\u0105.28 coli\u0173 \"Continental Contact Urban\" padangos su \u0161vies\u0105 atspindin\u010diais kra\u0161tais ir apsauga nuo prad\u016brimo u\u017etikrina stabilum\u0105 ir saugum\u0105 va\u017ein\u0117jant mieste, o aliuminio tu\u0161\u010diaviduri\u0173 vamzd\u017ei\u0173 ratlankiai ir \"Steckachse\" stebul\u0117s tvirtinimas u\u017etikrina patikim\u0105 rat\u0173 konstrukcij\u0105.<\/p>\n<p data-start=\"1460\" data-end=\"1925\" data-is-last-node=\"\" data-is-only-node=\"\">\"Urbanicer 2.0\" turi patog\u0173 sportin\u012f vair\u0105, u\u017erakinamas rankenas, \"Prophete\" s\u0117dyn\u0119 ir \"Promax\" patentuot\u0105 s\u0117dyn\u0117s juost\u0105, taip pat LED priekinius \u017eibintus ir galinius LED \u017eibintus su papildomu ap\u0161vietimu. Dvirat\u012f taip pat sudaro aliuminin\u0117 daiktad\u0117\u017e\u0117, purvasaugiai, galinis kojos laiptelis ir mini skambutis. Apie 18,5 kg sveriantis ir 130 kg maksimalios apkrovos turintis \"Urbanicer 2.0\" yra patogus ir patikimas miesto el. dviratis, skirtas kasdieniam va\u017ein\u0117jimui \u012f darb\u0105 ir laisvalaikio kelion\u0117ms.<\/p>","protected":false},"excerpt":{"rendered":"<p>Urbanicer 2.0 ir mazlietots, bet piln\u012bb\u0101 funkcion\u0101ls pils\u0113tas elektriskais velosip\u0113ds, kas apvieno \u0113rtu brauk\u0161anu, modernu dizainu un efekt\u012bvu piedzi\u0146u. T\u0101 vieglais alum\u012bnija r\u0101mis ar 48 cm augstumu nodro\u0161ina \u0113rtu st\u0101ju un labu vad\u0101m\u012bbu pils\u0113tas iel\u0101s, savuk\u0101rt stingr\u0101 alum\u012bnija dak\u0161a uztur stabilit\u0101ti braucienos pa nel\u012bdzeniem segumiem. \u0160is e-velosip\u0113ds ir piem\u0113rots gan ikdienas p\u0101rvieto\u0161an\u0101s vajadz\u012bb\u0101m, gan gar\u0101kiem [&hellip;]<\/p>\n","protected":false},"featured_media":14531,"template":"","meta":{"_monsterinsights_skip_tracking":false,"_monsterinsights_sitenote_active":false,"_monsterinsights_sitenote_note":"","_monsterinsights_sitenote_category":0,"_iconic_wsb_product_page_order_bump_ids":[],"_sku":[""],"_iconic_wsb_product_page_bump_modal_ids":[]},"product_brand":[1164],"product_cat":[963,1437,1127],"product_tag":[848,847,219,212],"class_list":{"0":"post-14528","1":"product","2":"type-product","3":"status-publish","4":"has-post-thumbnail","6":"product_brand-prophete","7":"product_cat-elektro-velosipedi","8":"product_cat-outlets","9":"product_cat-velosipedi","10":"product_tag-elektriskais-pilsetas-velosipeds","11":"product_tag-elektro-velosipedi","12":"product_tag-pilsetas-velosipedi","13":"product_tag-velosipedi","14":"product_shipping_class-elektro-velosipedi","15":"pa_ramja-izmers-uni","16":"ts_product_brand-prophete","18":"first","19":"instock","20":"sale","21":"taxable","22":"shipping-taxable","23":"purchasable","24":"product-type-simple"},"yoast_head":"<!-- This site is optimized with the Yoast SEO plugin v27.2 - https:\/\/yoast.com\/product\/yoast-seo-wordpress\/ -->\n<title>Urbanicer 2.0 Black - Velo Outlets<\/title>\n<meta name=\"robots\" content=\"index, follow, max-snippet:-1, max-image-preview:large, max-video-preview:-1\" \/>\n<link rel=\"canonical\" href=\"https:\/\/velooutlets.com\/lt\/produktas\/urbanicer-2-0-white-copy\/\" \/>\n<meta property=\"og:locale\" content=\"lt_LT\" \/>\n<meta property=\"og:type\" content=\"article\" \/>\n<meta property=\"og:title\" content=\"Urbanicer 2.0 Black - Velo Outlets\" \/>\n<meta property=\"og:description\" content=\"Urbanicer 2.0 ir mazlietots, bet piln\u012bb\u0101 funkcion\u0101ls pils\u0113tas elektriskais velosip\u0113ds, kas apvieno \u0113rtu brauk\u0161anu, modernu dizainu un efekt\u012bvu piedzi\u0146u. T\u0101 vieglais alum\u012bnija r\u0101mis ar 48 cm augstumu nodro\u0161ina \u0113rtu st\u0101ju un labu vad\u0101m\u012bbu pils\u0113tas iel\u0101s, savuk\u0101rt stingr\u0101 alum\u012bnija dak\u0161a uztur stabilit\u0101ti braucienos pa nel\u012bdzeniem segumiem. \u0160is e-velosip\u0113ds ir piem\u0113rots gan ikdienas p\u0101rvieto\u0161an\u0101s vajadz\u012bb\u0101m, gan gar\u0101kiem [&hellip;]\" \/>\n<meta property=\"og:url\" content=\"https:\/\/velooutlets.com\/lt\/produktas\/urbanicer-2-0-white-copy\/\" \/>\n<meta property=\"og:site_name\" content=\"Velo Outlets\" \/>\n<meta property=\"article:modified_time\" content=\"2026-04-16T11:39:11+00:00\" \/>\n<meta property=\"og:image\" content=\"https:\/\/velooutlets.com\/wp-content\/uploads\/2025\/12\/WhatsAppImage2025-12-03at10.23.32.jpg\" \/>\n\t<meta property=\"og:image:width\" content=\"1280\" \/>\n\t<meta property=\"og:image:height\" content=\"960\" \/>\n\t<meta property=\"og:image:type\" content=\"image\/jpeg\" \/>\n<meta name=\"twitter:card\" content=\"summary_large_image\" \/>\n<meta name=\"twitter:label1\" content=\"Est. reading time\" \/>\n\t<meta name=\"twitter:data1\" content=\"2 minut\u0117s\" \/>\n<script type=\"application\/ld+json\" class=\"yoast-schema-graph\">{\"@context\":\"https:\/\/schema.org\",\"@graph\":[{\"@type\":\"WebPage\",\"@id\":\"https:\/\/velooutlets.com\/products\/urbanicer-2-0-white-copy\/\",\"url\":\"https:\/\/velooutlets.com\/products\/urbanicer-2-0-white-copy\/\",\"name\":\"Urbanicer 2.0 Black - Velo Outlets\",\"isPartOf\":{\"@id\":\"https:\/\/velooutlets.com\/en\/#website\"},\"primaryImageOfPage\":{\"@id\":\"https:\/\/velooutlets.com\/products\/urbanicer-2-0-white-copy\/#primaryimage\"},\"image\":{\"@id\":\"https:\/\/velooutlets.com\/products\/urbanicer-2-0-white-copy\/#primaryimage\"},\"thumbnailUrl\":\"https:\/\/velooutlets.com\/wp-content\/uploads\/2025\/12\/WhatsAppImage2025-12-03at10.23.32.jpg\",\"datePublished\":\"2025-12-28T10:37:12+00:00\",\"dateModified\":\"2026-04-16T11:39:11+00:00\",\"breadcrumb\":{\"@id\":\"https:\/\/velooutlets.com\/products\/urbanicer-2-0-white-copy\/#breadcrumb\"},\"inLanguage\":\"lt-LT\",\"potentialAction\":[{\"@type\":\"ReadAction\",\"target\":[\"https:\/\/velooutlets.com\/products\/urbanicer-2-0-white-copy\/\"]}]},{\"@type\":\"ImageObject\",\"inLanguage\":\"lt-LT\",\"@id\":\"https:\/\/velooutlets.com\/products\/urbanicer-2-0-white-copy\/#primaryimage\",\"url\":\"https:\/\/velooutlets.com\/wp-content\/uploads\/2025\/12\/WhatsAppImage2025-12-03at10.23.32.jpg\",\"contentUrl\":\"https:\/\/velooutlets.com\/wp-content\/uploads\/2025\/12\/WhatsAppImage2025-12-03at10.23.32.jpg\",\"width\":1280,\"height\":960},{\"@type\":\"BreadcrumbList\",\"@id\":\"https:\/\/velooutlets.com\/products\/urbanicer-2-0-white-copy\/#breadcrumb\",\"itemListElement\":[{\"@type\":\"ListItem\",\"position\":1,\"name\":\"Home\",\"item\":\"https:\/\/velooutlets.com\/\"},{\"@type\":\"ListItem\",\"position\":2,\"name\":\"Veikals\",\"item\":\"https:\/\/velooutlets.com\/shop\/\"},{\"@type\":\"ListItem\",\"position\":3,\"name\":\"Urbanicer 2.0 Black\"}]},{\"@type\":\"WebSite\",\"@id\":\"https:\/\/velooutlets.com\/en\/#website\",\"url\":\"https:\/\/velooutlets.com\/en\/\",\"name\":\"Velo Outlets\",\"description\":\"Velosip\u0113di visai \u0123imenei\",\"potentialAction\":[{\"@type\":\"SearchAction\",\"target\":{\"@type\":\"EntryPoint\",\"urlTemplate\":\"https:\/\/velooutlets.com\/en\/?s={search_term_string}\"},\"query-input\":{\"@type\":\"PropertyValueSpecification\",\"valueRequired\":true,\"valueName\":\"search_term_string\"}}],\"inLanguage\":\"lt-LT\"}]}<\/script>\n<!-- \/ Yoast SEO plugin. -->","yoast_head_json":{"title":"Urbanicer 2.0 Black - Velo Outlets","robots":{"index":"index","follow":"follow","max-snippet":"max-snippet:-1","max-image-preview":"max-image-preview:large","max-video-preview":"max-video-preview:-1"},"canonical":"https:\/\/velooutlets.com\/lt\/produktas\/urbanicer-2-0-white-copy\/","og_locale":"lt_LT","og_type":"article","og_title":"Urbanicer 2.0 Black - Velo Outlets","og_description":"Urbanicer 2.0 ir mazlietots, bet piln\u012bb\u0101 funkcion\u0101ls pils\u0113tas elektriskais velosip\u0113ds, kas apvieno \u0113rtu brauk\u0161anu, modernu dizainu un efekt\u012bvu piedzi\u0146u. T\u0101 vieglais alum\u012bnija r\u0101mis ar 48 cm augstumu nodro\u0161ina \u0113rtu st\u0101ju un labu vad\u0101m\u012bbu pils\u0113tas iel\u0101s, savuk\u0101rt stingr\u0101 alum\u012bnija dak\u0161a uztur stabilit\u0101ti braucienos pa nel\u012bdzeniem segumiem. \u0160is e-velosip\u0113ds ir piem\u0113rots gan ikdienas p\u0101rvieto\u0161an\u0101s vajadz\u012bb\u0101m, gan gar\u0101kiem [&hellip;]","og_url":"https:\/\/velooutlets.com\/lt\/produktas\/urbanicer-2-0-white-copy\/","og_site_name":"Velo Outlets","article_modified_time":"2026-04-16T11:39:11+00:00","og_image":[{"width":1280,"height":960,"url":"https:\/\/velooutlets.com\/wp-content\/uploads\/2025\/12\/WhatsAppImage2025-12-03at10.23.32.jpg","type":"image\/jpeg"}],"twitter_card":"summary_large_image","twitter_misc":{"Est. reading time":"2 minut\u0117s"},"schema":{"@context":"https:\/\/schema.org","@graph":[{"@type":"WebPage","@id":"https:\/\/velooutlets.com\/products\/urbanicer-2-0-white-copy\/","url":"https:\/\/velooutlets.com\/products\/urbanicer-2-0-white-copy\/","name":"Urbanicer 2.0 Black - Velo Outlets","isPartOf":{"@id":"https:\/\/velooutlets.com\/en\/#website"},"primaryImageOfPage":{"@id":"https:\/\/velooutlets.com\/products\/urbanicer-2-0-white-copy\/#primaryimage"},"image":{"@id":"https:\/\/velooutlets.com\/products\/urbanicer-2-0-white-copy\/#primaryimage"},"thumbnailUrl":"https:\/\/velooutlets.com\/wp-content\/uploads\/2025\/12\/WhatsAppImage2025-12-03at10.23.32.jpg","datePublished":"2025-12-28T10:37:12+00:00","dateModified":"2026-04-16T11:39:11+00:00","breadcrumb":{"@id":"https:\/\/velooutlets.com\/products\/urbanicer-2-0-white-copy\/#breadcrumb"},"inLanguage":"lt-LT","potentialAction":[{"@type":"ReadAction","target":["https:\/\/velooutlets.com\/products\/urbanicer-2-0-white-copy\/"]}]},{"@type":"ImageObject","inLanguage":"lt-LT","@id":"https:\/\/velooutlets.com\/products\/urbanicer-2-0-white-copy\/#primaryimage","url":"https:\/\/velooutlets.com\/wp-content\/uploads\/2025\/12\/WhatsAppImage2025-12-03at10.23.32.jpg","contentUrl":"https:\/\/velooutlets.com\/wp-content\/uploads\/2025\/12\/WhatsAppImage2025-12-03at10.23.32.jpg","width":1280,"height":960},{"@type":"BreadcrumbList","@id":"https:\/\/velooutlets.com\/products\/urbanicer-2-0-white-copy\/#breadcrumb","itemListElement":[{"@type":"ListItem","position":1,"name":"Home","item":"https:\/\/velooutlets.com\/"},{"@type":"ListItem","position":2,"name":"Veikals","item":"https:\/\/velooutlets.com\/shop\/"},{"@type":"ListItem","position":3,"name":"Urbanicer 2.0 Black"}]},{"@type":"WebSite","@id":"https:\/\/velooutlets.com\/en\/#website","url":"https:\/\/velooutlets.com\/en\/","name":"\"Velo Outlets","description":"Dvira\u010diai visai \u0161eimai","potentialAction":[{"@type":"SearchAction","target":{"@type":"EntryPoint","urlTemplate":"https:\/\/velooutlets.com\/en\/?s={search_term_string}"},"query-input":{"@type":"PropertyValueSpecification","valueRequired":true,"valueName":"search_term_string"}}],"inLanguage":"lt-LT"}]}},"jetpack_sharing_enabled":true,"_links":{"self":[{"href":"https:\/\/velooutlets.com\/lt\/wp-json\/wp\/v2\/product\/14528","targetHints":{"allow":["GET"]}}],"collection":[{"href":"https:\/\/velooutlets.com\/lt\/wp-json\/wp\/v2\/product"}],"about":[{"href":"https:\/\/velooutlets.com\/lt\/wp-json\/wp\/v2\/types\/product"}],"wp:featuredmedia":[{"embeddable":true,"href":"https:\/\/velooutlets.com\/lt\/wp-json\/wp\/v2\/media\/14531"}],"wp:attachment":[{"href":"https:\/\/velooutlets.com\/lt\/wp-json\/wp\/v2\/media?parent=14528"}],"wp:term":[{"taxonomy":"product_brand","embeddable":true,"href":"https:\/\/velooutlets.com\/lt\/wp-json\/wp\/v2\/product_brand?post=14528"},{"taxonomy":"product_cat","embeddable":true,"href":"https:\/\/velooutlets.com\/lt\/wp-json\/wp\/v2\/product_cat?post=14528"},{"taxonomy":"product_tag","embeddable":true,"href":"https:\/\/velooutlets.com\/lt\/wp-json\/wp\/v2\/product_tag?post=14528"}],"curies":[{"name":"wp","href":"https:\/\/api.w.org\/{rel}","templated":true}]}}