{"id":14533,"date":"2025-12-28T12:43:08","date_gmt":"2025-12-28T10:43:08","guid":{"rendered":"https:\/\/staging.velooutlets.com\/product\/aest-bernu-skrejritenis-zils-1\/"},"modified":"2026-03-21T10:32:19","modified_gmt":"2026-03-21T08:32:19","slug":"aest-bernu-skrejritenis-zils-1","status":"publish","type":"product","link":"https:\/\/velooutlets.com\/lt\/produktas\/aest-bernu-skrejritenis-zils-1\/","title":{"rendered":"Vaiki\u0161kas paspirtukas \"Aest\", m\u0117lynos spalvos"},"content":{"rendered":"<p><strong>Daugiau informacijos:<br \/><\/strong><br \/>Am\u017eius: 3-5 metai<br \/>Skirta: vaikams<br \/>Am\u017eius: 5 - 5 vaikai<br \/>Vaikai: 3 - 5 Vaikai: 3 - 5 Vaikai: 3 - 5 Vaikai: 3 - 5 Vaikai: 5 - 5 Vaikai: m\u0117lyna<br \/>Vairo mechanizmo med\u017eiaga: aliuminis<br \/>Rat\u0173 skai\u010dius: 3<br \/>Gabenama mas\u0117: 50 kg<br \/>Svoris: 2,1 kg ]]><\/p>","protected":false},"excerpt":{"rendered":"<p>Vair\u0101k inform\u0101cijas:Vecums: 3-5 gadiParedz\u0113ts: b\u0113rniemVecums: 5 &#8211; 5 B\u0113rniB\u0113rni: 3 &#8211; 5 B\u0113rni: 3 &#8211; 5 B\u0113rni: 3 &#8211; 5 B\u0113rni: 5 &#8211; 5 B\u0113rni: zilsSt\u016bres rata materi\u0101ls: alum\u012bnijsRite\u0146u skaits: 3Transport\u0113jam\u0101 masa: 50 kgSvars: 2,1 kg ]]><\/p>","protected":false},"featured_media":14536,"template":"","meta":{"_monsterinsights_skip_tracking":false,"_monsterinsights_sitenote_active":false,"_monsterinsights_sitenote_note":"","_monsterinsights_sitenote_category":0,"_iconic_wsb_product_page_order_bump_ids":[],"_sku":["105565"],"_iconic_wsb_product_page_bump_modal_ids":[]},"product_brand":[1360],"product_cat":[1361],"product_tag":[1353,1355],"class_list":{"0":"post-14533","1":"product","2":"type-product","3":"status-publish","4":"has-post-thumbnail","6":"product_brand-aest","7":"product_cat-skrejriteni","8":"product_tag-skrejriteni","9":"product_tag-skuteri","10":"product_shipping_class-skrejriteni","11":"ts_product_brand-aest","13":"first","14":"instock","15":"sale","16":"taxable","17":"shipping-taxable","18":"purchasable","19":"product-type-simple"},"yoast_head":"<!-- This site is optimized with the Yoast SEO plugin v27.2 - https:\/\/yoast.com\/product\/yoast-seo-wordpress\/ -->\n<title>Aest b\u0113rnu skrejritenis, zils - Velo Outlets<\/title>\n<meta name=\"robots\" content=\"index, follow, max-snippet:-1, max-image-preview:large, max-video-preview:-1\" \/>\n<link rel=\"canonical\" href=\"https:\/\/velooutlets.com\/lt\/produktas\/aest-bernu-skrejritenis-zils-1\/\" \/>\n<meta property=\"og:locale\" content=\"lt_LT\" \/>\n<meta property=\"og:type\" content=\"article\" \/>\n<meta property=\"og:title\" content=\"Aest b\u0113rnu skrejritenis, zils - Velo Outlets\" \/>\n<meta property=\"og:description\" content=\"Vair\u0101k inform\u0101cijas:Vecums: 3-5 gadiParedz\u0113ts: b\u0113rniemVecums: 5 &#8211; 5 B\u0113rniB\u0113rni: 3 &#8211; 5 B\u0113rni: 3 &#8211; 5 B\u0113rni: 3 &#8211; 5 B\u0113rni: 5 &#8211; 5 B\u0113rni: zilsSt\u016bres rata materi\u0101ls: alum\u012bnijsRite\u0146u skaits: 3Transport\u0113jam\u0101 masa: 50 kgSvars: 2,1 kg ]]>\" \/>\n<meta property=\"og:url\" content=\"https:\/\/velooutlets.com\/lt\/produktas\/aest-bernu-skrejritenis-zils-1\/\" \/>\n<meta property=\"og:site_name\" content=\"Velo Outlets\" \/>\n<meta property=\"article:modified_time\" content=\"2026-03-21T08:32:19+00:00\" \/>\n<meta property=\"og:image\" content=\"https:\/\/velooutlets.com\/wp-content\/uploads\/2025\/12\/aest-kids-scooter-blue-medium_9556f63d-4a1f-4148-83e2-8d0b13d6fd86.jpg\" \/>\n\t<meta property=\"og:image:width\" content=\"800\" \/>\n\t<meta property=\"og:image:height\" content=\"800\" \/>\n\t<meta property=\"og:image:type\" content=\"image\/jpeg\" \/>\n<meta name=\"twitter:card\" content=\"summary_large_image\" \/>\n<script type=\"application\/ld+json\" class=\"yoast-schema-graph\">{\"@context\":\"https:\/\/schema.org\",\"@graph\":[{\"@type\":\"WebPage\",\"@id\":\"https:\/\/velooutlets.com\/products\/aest-bernu-skrejritenis-zils-1\/\",\"url\":\"https:\/\/velooutlets.com\/products\/aest-bernu-skrejritenis-zils-1\/\",\"name\":\"Aest b\u0113rnu skrejritenis, zils - Velo Outlets\",\"isPartOf\":{\"@id\":\"https:\/\/velooutlets.com\/en\/#website\"},\"primaryImageOfPage\":{\"@id\":\"https:\/\/velooutlets.com\/products\/aest-bernu-skrejritenis-zils-1\/#primaryimage\"},\"image\":{\"@id\":\"https:\/\/velooutlets.com\/products\/aest-bernu-skrejritenis-zils-1\/#primaryimage\"},\"thumbnailUrl\":\"https:\/\/velooutlets.com\/wp-content\/uploads\/2025\/12\/aest-kids-scooter-blue-medium_9556f63d-4a1f-4148-83e2-8d0b13d6fd86.jpg\",\"datePublished\":\"2025-12-28T10:43:08+00:00\",\"dateModified\":\"2026-03-21T08:32:19+00:00\",\"breadcrumb\":{\"@id\":\"https:\/\/velooutlets.com\/products\/aest-bernu-skrejritenis-zils-1\/#breadcrumb\"},\"inLanguage\":\"lt-LT\",\"potentialAction\":[{\"@type\":\"ReadAction\",\"target\":[\"https:\/\/velooutlets.com\/products\/aest-bernu-skrejritenis-zils-1\/\"]}]},{\"@type\":\"ImageObject\",\"inLanguage\":\"lt-LT\",\"@id\":\"https:\/\/velooutlets.com\/products\/aest-bernu-skrejritenis-zils-1\/#primaryimage\",\"url\":\"https:\/\/velooutlets.com\/wp-content\/uploads\/2025\/12\/aest-kids-scooter-blue-medium_9556f63d-4a1f-4148-83e2-8d0b13d6fd86.jpg\",\"contentUrl\":\"https:\/\/velooutlets.com\/wp-content\/uploads\/2025\/12\/aest-kids-scooter-blue-medium_9556f63d-4a1f-4148-83e2-8d0b13d6fd86.jpg\",\"width\":800,\"height\":800},{\"@type\":\"BreadcrumbList\",\"@id\":\"https:\/\/velooutlets.com\/products\/aest-bernu-skrejritenis-zils-1\/#breadcrumb\",\"itemListElement\":[{\"@type\":\"ListItem\",\"position\":1,\"name\":\"Home\",\"item\":\"https:\/\/velooutlets.com\/\"},{\"@type\":\"ListItem\",\"position\":2,\"name\":\"Veikals\",\"item\":\"https:\/\/velooutlets.com\/shop\/\"},{\"@type\":\"ListItem\",\"position\":3,\"name\":\"Aest b\u0113rnu skrejritenis, zils\"}]},{\"@type\":\"WebSite\",\"@id\":\"https:\/\/velooutlets.com\/en\/#website\",\"url\":\"https:\/\/velooutlets.com\/en\/\",\"name\":\"Velo Outlets\",\"description\":\"Velosip\u0113di visai \u0123imenei\",\"potentialAction\":[{\"@type\":\"SearchAction\",\"target\":{\"@type\":\"EntryPoint\",\"urlTemplate\":\"https:\/\/velooutlets.com\/en\/?s={search_term_string}\"},\"query-input\":{\"@type\":\"PropertyValueSpecification\",\"valueRequired\":true,\"valueName\":\"search_term_string\"}}],\"inLanguage\":\"lt-LT\"}]}<\/script>\n<!-- \/ Yoast SEO plugin. -->","yoast_head_json":{"title":"Aest b\u0113rnu skrejritenis, zils - Velo Outlets","robots":{"index":"index","follow":"follow","max-snippet":"max-snippet:-1","max-image-preview":"max-image-preview:large","max-video-preview":"max-video-preview:-1"},"canonical":"https:\/\/velooutlets.com\/lt\/produktas\/aest-bernu-skrejritenis-zils-1\/","og_locale":"lt_LT","og_type":"article","og_title":"Aest b\u0113rnu skrejritenis, zils - Velo Outlets","og_description":"Vair\u0101k inform\u0101cijas:Vecums: 3-5 gadiParedz\u0113ts: b\u0113rniemVecums: 5 &#8211; 5 B\u0113rniB\u0113rni: 3 &#8211; 5 B\u0113rni: 3 &#8211; 5 B\u0113rni: 3 &#8211; 5 B\u0113rni: 5 &#8211; 5 B\u0113rni: zilsSt\u016bres rata materi\u0101ls: alum\u012bnijsRite\u0146u skaits: 3Transport\u0113jam\u0101 masa: 50 kgSvars: 2,1 kg ]]>","og_url":"https:\/\/velooutlets.com\/lt\/produktas\/aest-bernu-skrejritenis-zils-1\/","og_site_name":"Velo Outlets","article_modified_time":"2026-03-21T08:32:19+00:00","og_image":[{"width":800,"height":800,"url":"https:\/\/velooutlets.com\/wp-content\/uploads\/2025\/12\/aest-kids-scooter-blue-medium_9556f63d-4a1f-4148-83e2-8d0b13d6fd86.jpg","type":"image\/jpeg"}],"twitter_card":"summary_large_image","schema":{"@context":"https:\/\/schema.org","@graph":[{"@type":"WebPage","@id":"https:\/\/velooutlets.com\/products\/aest-bernu-skrejritenis-zils-1\/","url":"https:\/\/velooutlets.com\/products\/aest-bernu-skrejritenis-zils-1\/","name":"Aest b\u0113rnu skrejritenis, zils - Velo Outlets","isPartOf":{"@id":"https:\/\/velooutlets.com\/en\/#website"},"primaryImageOfPage":{"@id":"https:\/\/velooutlets.com\/products\/aest-bernu-skrejritenis-zils-1\/#primaryimage"},"image":{"@id":"https:\/\/velooutlets.com\/products\/aest-bernu-skrejritenis-zils-1\/#primaryimage"},"thumbnailUrl":"https:\/\/velooutlets.com\/wp-content\/uploads\/2025\/12\/aest-kids-scooter-blue-medium_9556f63d-4a1f-4148-83e2-8d0b13d6fd86.jpg","datePublished":"2025-12-28T10:43:08+00:00","dateModified":"2026-03-21T08:32:19+00:00","breadcrumb":{"@id":"https:\/\/velooutlets.com\/products\/aest-bernu-skrejritenis-zils-1\/#breadcrumb"},"inLanguage":"lt-LT","potentialAction":[{"@type":"ReadAction","target":["https:\/\/velooutlets.com\/products\/aest-bernu-skrejritenis-zils-1\/"]}]},{"@type":"ImageObject","inLanguage":"lt-LT","@id":"https:\/\/velooutlets.com\/products\/aest-bernu-skrejritenis-zils-1\/#primaryimage","url":"https:\/\/velooutlets.com\/wp-content\/uploads\/2025\/12\/aest-kids-scooter-blue-medium_9556f63d-4a1f-4148-83e2-8d0b13d6fd86.jpg","contentUrl":"https:\/\/velooutlets.com\/wp-content\/uploads\/2025\/12\/aest-kids-scooter-blue-medium_9556f63d-4a1f-4148-83e2-8d0b13d6fd86.jpg","width":800,"height":800},{"@type":"BreadcrumbList","@id":"https:\/\/velooutlets.com\/products\/aest-bernu-skrejritenis-zils-1\/#breadcrumb","itemListElement":[{"@type":"ListItem","position":1,"name":"Home","item":"https:\/\/velooutlets.com\/"},{"@type":"ListItem","position":2,"name":"Veikals","item":"https:\/\/velooutlets.com\/shop\/"},{"@type":"ListItem","position":3,"name":"Aest b\u0113rnu skrejritenis, zils"}]},{"@type":"WebSite","@id":"https:\/\/velooutlets.com\/en\/#website","url":"https:\/\/velooutlets.com\/en\/","name":"\"Velo Outlets","description":"Dvira\u010diai visai \u0161eimai","potentialAction":[{"@type":"SearchAction","target":{"@type":"EntryPoint","urlTemplate":"https:\/\/velooutlets.com\/en\/?s={search_term_string}"},"query-input":{"@type":"PropertyValueSpecification","valueRequired":true,"valueName":"search_term_string"}}],"inLanguage":"lt-LT"}]}},"jetpack_sharing_enabled":true,"_links":{"self":[{"href":"https:\/\/velooutlets.com\/lt\/wp-json\/wp\/v2\/product\/14533","targetHints":{"allow":["GET"]}}],"collection":[{"href":"https:\/\/velooutlets.com\/lt\/wp-json\/wp\/v2\/product"}],"about":[{"href":"https:\/\/velooutlets.com\/lt\/wp-json\/wp\/v2\/types\/product"}],"wp:featuredmedia":[{"embeddable":true,"href":"https:\/\/velooutlets.com\/lt\/wp-json\/wp\/v2\/media\/14536"}],"wp:attachment":[{"href":"https:\/\/velooutlets.com\/lt\/wp-json\/wp\/v2\/media?parent=14533"}],"wp:term":[{"taxonomy":"product_brand","embeddable":true,"href":"https:\/\/velooutlets.com\/lt\/wp-json\/wp\/v2\/product_brand?post=14533"},{"taxonomy":"product_cat","embeddable":true,"href":"https:\/\/velooutlets.com\/lt\/wp-json\/wp\/v2\/product_cat?post=14533"},{"taxonomy":"product_tag","embeddable":true,"href":"https:\/\/velooutlets.com\/lt\/wp-json\/wp\/v2\/product_tag?post=14533"}],"curies":[{"name":"wp","href":"https:\/\/api.w.org\/{rel}","templated":true}]}}