{"id":14579,"date":"2025-12-28T12:49:08","date_gmt":"2025-12-28T10:49:08","guid":{"rendered":"https:\/\/staging.velooutlets.com\/product\/chilli-pro-scooter-reaper-grim-neochrome-copy-1\/"},"modified":"2026-03-06T23:32:34","modified_gmt":"2026-03-06T21:32:34","slug":"chilli-pro-scooter-reaper-grim-neochrome-copy-1","status":"publish","type":"product","link":"https:\/\/velooutlets.com\/lt\/produktas\/chilli-pro-scooter-reaper-grim-neochrome-copy-1\/","title":{"rendered":"Skrejritenis Chilli Pro Scooter Reaper &#8211; Wave"},"content":{"rendered":"<div class=\"page-title-wrapper cs-buybox__product-name\">\n<p data-start=\"182\" data-end=\"683\">Chilli Pro Scooter Reaper \u2013 Wave ir daudzpus\u012bgs skrejritenis, kas piem\u0113rots gan ies\u0101c\u0113jiem, gan pieredz\u0113ju\u0161iem brauc\u0113jiem. Iztur\u012bgais t\u0113rauda T-st\u016bris nodro\u0161ina maksim\u0101lu stabilit\u0101ti un kontroli, savuk\u0101rt alum\u012bnija kl\u0101js ar boxy dizainu padara Reaper \u2013 Wave ide\u0101li piem\u0113rotu grindu un triku izpildei. Ar augstas kvalit\u0101tes 110 mm alum\u012bnija kodola rite\u0146iem un ABEC 9 gult\u0146iem skrejritenis nodro\u0161ina gludu un prec\u012bzu brauk\u0161anu, \u013caujot brauc\u0113jiem p\u0101rliecino\u0161i p\u0101rvar\u0113t da\u017e\u0101dus parkus un ielas \u0161\u0137\u0113r\u0161\u013cus.<\/p>\n<p data-start=\"685\" data-end=\"1019\">Skrejritenis ir apr\u012bkots ar 6061 alum\u012bnija dak\u0161u, 3-bultu alum\u012bnija skavu un Chilli Spider HIC kompresijas sist\u0113mu, kas nodro\u0161ina uzticamu vad\u0101m\u012bbu un ilgm\u016b\u017e\u012bgu veiktsp\u0113ju pat intens\u012bvas lieto\u0161anas laik\u0101. Ergonomiski rokturi un iztur\u012bgais alum\u012bnija kl\u0101js padara brauk\u0161anu \u0113rtu un dro\u0161u, \u013caujot koncentr\u0113ties uz trikiem un manevriem.<\/p>\n<p data-start=\"1021\" data-end=\"1396\">Ar svaru tikai 3,8 kg un maksim\u0101lo slodzi l\u012bdz 100 kg, Chilli Pro Scooter Reaper \u2013 Wave ir piem\u0113rots jaunajiem brauc\u0113jiem vecum\u0101 no 8 gadiem un augum\u0101 no 130 l\u012bdz 170 cm un vair\u0101k. \u0160is skrejritenis apvieno iztur\u012bbu, kontrol\u0113jamu veiktsp\u0113ju un stil\u012bgu dizainu, padarot to par ide\u0101lu izv\u0113li ikvienam, kas v\u0113las att\u012bst\u012bt prasmes un izbaud\u012bt katru braucienu park\u0101 vai uz ielas.<\/p>\n<\/div>","protected":false},"excerpt":{"rendered":"<p>Chilli Pro Scooter Reaper \u2013 Wave ir daudzpus\u012bgs skrejritenis, kas piem\u0113rots gan ies\u0101c\u0113jiem, gan pieredz\u0113ju\u0161iem brauc\u0113jiem. Iztur\u012bgais t\u0113rauda T-st\u016bris nodro\u0161ina maksim\u0101lu stabilit\u0101ti un kontroli, savuk\u0101rt alum\u012bnija kl\u0101js ar boxy dizainu padara Reaper \u2013 Wave ide\u0101li piem\u0113rotu grindu un triku izpildei. Ar augstas kvalit\u0101tes 110 mm alum\u012bnija kodola rite\u0146iem un ABEC 9 gult\u0146iem skrejritenis nodro\u0161ina gludu [&hellip;]<\/p>\n","protected":false},"featured_media":14605,"template":"","meta":{"_monsterinsights_skip_tracking":false,"_monsterinsights_sitenote_active":false,"_monsterinsights_sitenote_note":"","_monsterinsights_sitenote_category":0,"_iconic_wsb_product_page_order_bump_ids":[],"_sku":[""],"_iconic_wsb_product_page_bump_modal_ids":[]},"product_brand":[1363],"product_cat":[1361],"product_tag":[1353,1355],"class_list":{"0":"post-14579","1":"product","2":"type-product","3":"status-publish","4":"has-post-thumbnail","6":"product_brand-chilli","7":"product_cat-skrejriteni","8":"product_tag-skrejriteni","9":"product_tag-skuteri","10":"product_shipping_class-skrejriteni","11":"ts_product_brand-chilli-pro","13":"first","14":"instock","15":"taxable","16":"shipping-taxable","17":"product-type-simple"},"yoast_head":"<!-- This site is optimized with the Yoast SEO plugin v27.2 - https:\/\/yoast.com\/product\/yoast-seo-wordpress\/ -->\n<title>Skrejritenis Chilli Pro Scooter Reaper - Wave - Velo Outlets<\/title>\n<meta name=\"robots\" content=\"index, follow, max-snippet:-1, max-image-preview:large, max-video-preview:-1\" \/>\n<link rel=\"canonical\" href=\"https:\/\/velooutlets.com\/lt\/produktas\/chilli-pro-scooter-reaper-grim-neochrome-copy-1\/\" \/>\n<meta property=\"og:locale\" content=\"lt_LT\" \/>\n<meta property=\"og:type\" content=\"article\" \/>\n<meta property=\"og:title\" content=\"Skrejritenis Chilli Pro Scooter Reaper - Wave - Velo Outlets\" \/>\n<meta property=\"og:description\" content=\"Chilli Pro Scooter Reaper \u2013 Wave ir daudzpus\u012bgs skrejritenis, kas piem\u0113rots gan ies\u0101c\u0113jiem, gan pieredz\u0113ju\u0161iem brauc\u0113jiem. Iztur\u012bgais t\u0113rauda T-st\u016bris nodro\u0161ina maksim\u0101lu stabilit\u0101ti un kontroli, savuk\u0101rt alum\u012bnija kl\u0101js ar boxy dizainu padara Reaper \u2013 Wave ide\u0101li piem\u0113rotu grindu un triku izpildei. Ar augstas kvalit\u0101tes 110 mm alum\u012bnija kodola rite\u0146iem un ABEC 9 gult\u0146iem skrejritenis nodro\u0161ina gludu [&hellip;]\" \/>\n<meta property=\"og:url\" content=\"https:\/\/velooutlets.com\/lt\/produktas\/chilli-pro-scooter-reaper-grim-neochrome-copy-1\/\" \/>\n<meta property=\"og:site_name\" content=\"Velo Outlets\" \/>\n<meta property=\"article:modified_time\" content=\"2026-03-06T21:32:34+00:00\" \/>\n<meta property=\"og:image\" content=\"https:\/\/velooutlets.com\/wp-content\/uploads\/2025\/12\/Velooutlets-Bernu-Velosipeds-Polar_63.png\" \/>\n\t<meta property=\"og:image:width\" content=\"1200\" \/>\n\t<meta property=\"og:image:height\" content=\"870\" \/>\n\t<meta property=\"og:image:type\" content=\"image\/png\" \/>\n<meta name=\"twitter:card\" content=\"summary_large_image\" \/>\n<meta name=\"twitter:label1\" content=\"Est. reading time\" \/>\n\t<meta name=\"twitter:data1\" content=\"1 minut\u0117\" \/>\n<script type=\"application\/ld+json\" class=\"yoast-schema-graph\">{\"@context\":\"https:\/\/schema.org\",\"@graph\":[{\"@type\":\"WebPage\",\"@id\":\"https:\/\/velooutlets.com\/products\/chilli-pro-scooter-reaper-grim-neochrome-copy-1\/\",\"url\":\"https:\/\/velooutlets.com\/products\/chilli-pro-scooter-reaper-grim-neochrome-copy-1\/\",\"name\":\"Skrejritenis Chilli Pro Scooter Reaper - Wave - Velo Outlets\",\"isPartOf\":{\"@id\":\"https:\/\/velooutlets.com\/en\/#website\"},\"primaryImageOfPage\":{\"@id\":\"https:\/\/velooutlets.com\/products\/chilli-pro-scooter-reaper-grim-neochrome-copy-1\/#primaryimage\"},\"image\":{\"@id\":\"https:\/\/velooutlets.com\/products\/chilli-pro-scooter-reaper-grim-neochrome-copy-1\/#primaryimage\"},\"thumbnailUrl\":\"https:\/\/velooutlets.com\/wp-content\/uploads\/2025\/12\/Velooutlets-Bernu-Velosipeds-Polar_63.png\",\"datePublished\":\"2025-12-28T10:49:08+00:00\",\"dateModified\":\"2026-03-06T21:32:34+00:00\",\"breadcrumb\":{\"@id\":\"https:\/\/velooutlets.com\/products\/chilli-pro-scooter-reaper-grim-neochrome-copy-1\/#breadcrumb\"},\"inLanguage\":\"lt-LT\",\"potentialAction\":[{\"@type\":\"ReadAction\",\"target\":[\"https:\/\/velooutlets.com\/products\/chilli-pro-scooter-reaper-grim-neochrome-copy-1\/\"]}]},{\"@type\":\"ImageObject\",\"inLanguage\":\"lt-LT\",\"@id\":\"https:\/\/velooutlets.com\/products\/chilli-pro-scooter-reaper-grim-neochrome-copy-1\/#primaryimage\",\"url\":\"https:\/\/velooutlets.com\/wp-content\/uploads\/2025\/12\/Velooutlets-Bernu-Velosipeds-Polar_63.png\",\"contentUrl\":\"https:\/\/velooutlets.com\/wp-content\/uploads\/2025\/12\/Velooutlets-Bernu-Velosipeds-Polar_63.png\",\"width\":1200,\"height\":870},{\"@type\":\"BreadcrumbList\",\"@id\":\"https:\/\/velooutlets.com\/products\/chilli-pro-scooter-reaper-grim-neochrome-copy-1\/#breadcrumb\",\"itemListElement\":[{\"@type\":\"ListItem\",\"position\":1,\"name\":\"Home\",\"item\":\"https:\/\/velooutlets.com\/\"},{\"@type\":\"ListItem\",\"position\":2,\"name\":\"Veikals\",\"item\":\"https:\/\/velooutlets.com\/shop\/\"},{\"@type\":\"ListItem\",\"position\":3,\"name\":\"Skrejritenis Chilli Pro Scooter Reaper &#8211; Wave\"}]},{\"@type\":\"WebSite\",\"@id\":\"https:\/\/velooutlets.com\/en\/#website\",\"url\":\"https:\/\/velooutlets.com\/en\/\",\"name\":\"Velo Outlets\",\"description\":\"Velosip\u0113di visai \u0123imenei\",\"potentialAction\":[{\"@type\":\"SearchAction\",\"target\":{\"@type\":\"EntryPoint\",\"urlTemplate\":\"https:\/\/velooutlets.com\/en\/?s={search_term_string}\"},\"query-input\":{\"@type\":\"PropertyValueSpecification\",\"valueRequired\":true,\"valueName\":\"search_term_string\"}}],\"inLanguage\":\"lt-LT\"}]}<\/script>\n<!-- \/ Yoast SEO plugin. -->","yoast_head_json":{"title":"Skrejritenis Chilli Pro Scooter Reaper - Wave - Velo Outlets","robots":{"index":"index","follow":"follow","max-snippet":"max-snippet:-1","max-image-preview":"max-image-preview:large","max-video-preview":"max-video-preview:-1"},"canonical":"https:\/\/velooutlets.com\/lt\/produktas\/chilli-pro-scooter-reaper-grim-neochrome-copy-1\/","og_locale":"lt_LT","og_type":"article","og_title":"Skrejritenis Chilli Pro Scooter Reaper - Wave - Velo Outlets","og_description":"Chilli Pro Scooter Reaper \u2013 Wave ir daudzpus\u012bgs skrejritenis, kas piem\u0113rots gan ies\u0101c\u0113jiem, gan pieredz\u0113ju\u0161iem brauc\u0113jiem. Iztur\u012bgais t\u0113rauda T-st\u016bris nodro\u0161ina maksim\u0101lu stabilit\u0101ti un kontroli, savuk\u0101rt alum\u012bnija kl\u0101js ar boxy dizainu padara Reaper \u2013 Wave ide\u0101li piem\u0113rotu grindu un triku izpildei. Ar augstas kvalit\u0101tes 110 mm alum\u012bnija kodola rite\u0146iem un ABEC 9 gult\u0146iem skrejritenis nodro\u0161ina gludu [&hellip;]","og_url":"https:\/\/velooutlets.com\/lt\/produktas\/chilli-pro-scooter-reaper-grim-neochrome-copy-1\/","og_site_name":"Velo Outlets","article_modified_time":"2026-03-06T21:32:34+00:00","og_image":[{"width":1200,"height":870,"url":"https:\/\/velooutlets.com\/wp-content\/uploads\/2025\/12\/Velooutlets-Bernu-Velosipeds-Polar_63.png","type":"image\/png"}],"twitter_card":"summary_large_image","twitter_misc":{"Est. reading time":"1 minut\u0117"},"schema":{"@context":"https:\/\/schema.org","@graph":[{"@type":"WebPage","@id":"https:\/\/velooutlets.com\/products\/chilli-pro-scooter-reaper-grim-neochrome-copy-1\/","url":"https:\/\/velooutlets.com\/products\/chilli-pro-scooter-reaper-grim-neochrome-copy-1\/","name":"Skrejritenis Chilli Pro Scooter Reaper - Wave - Velo Outlets","isPartOf":{"@id":"https:\/\/velooutlets.com\/en\/#website"},"primaryImageOfPage":{"@id":"https:\/\/velooutlets.com\/products\/chilli-pro-scooter-reaper-grim-neochrome-copy-1\/#primaryimage"},"image":{"@id":"https:\/\/velooutlets.com\/products\/chilli-pro-scooter-reaper-grim-neochrome-copy-1\/#primaryimage"},"thumbnailUrl":"https:\/\/velooutlets.com\/wp-content\/uploads\/2025\/12\/Velooutlets-Bernu-Velosipeds-Polar_63.png","datePublished":"2025-12-28T10:49:08+00:00","dateModified":"2026-03-06T21:32:34+00:00","breadcrumb":{"@id":"https:\/\/velooutlets.com\/products\/chilli-pro-scooter-reaper-grim-neochrome-copy-1\/#breadcrumb"},"inLanguage":"lt-LT","potentialAction":[{"@type":"ReadAction","target":["https:\/\/velooutlets.com\/products\/chilli-pro-scooter-reaper-grim-neochrome-copy-1\/"]}]},{"@type":"ImageObject","inLanguage":"lt-LT","@id":"https:\/\/velooutlets.com\/products\/chilli-pro-scooter-reaper-grim-neochrome-copy-1\/#primaryimage","url":"https:\/\/velooutlets.com\/wp-content\/uploads\/2025\/12\/Velooutlets-Bernu-Velosipeds-Polar_63.png","contentUrl":"https:\/\/velooutlets.com\/wp-content\/uploads\/2025\/12\/Velooutlets-Bernu-Velosipeds-Polar_63.png","width":1200,"height":870},{"@type":"BreadcrumbList","@id":"https:\/\/velooutlets.com\/products\/chilli-pro-scooter-reaper-grim-neochrome-copy-1\/#breadcrumb","itemListElement":[{"@type":"ListItem","position":1,"name":"Home","item":"https:\/\/velooutlets.com\/"},{"@type":"ListItem","position":2,"name":"Veikals","item":"https:\/\/velooutlets.com\/shop\/"},{"@type":"ListItem","position":3,"name":"Skrejritenis Chilli Pro Scooter Reaper &#8211; Wave"}]},{"@type":"WebSite","@id":"https:\/\/velooutlets.com\/en\/#website","url":"https:\/\/velooutlets.com\/en\/","name":"\"Velo Outlets","description":"Dvira\u010diai visai \u0161eimai","potentialAction":[{"@type":"SearchAction","target":{"@type":"EntryPoint","urlTemplate":"https:\/\/velooutlets.com\/en\/?s={search_term_string}"},"query-input":{"@type":"PropertyValueSpecification","valueRequired":true,"valueName":"search_term_string"}}],"inLanguage":"lt-LT"}]}},"jetpack_sharing_enabled":true,"_links":{"self":[{"href":"https:\/\/velooutlets.com\/lt\/wp-json\/wp\/v2\/product\/14579","targetHints":{"allow":["GET"]}}],"collection":[{"href":"https:\/\/velooutlets.com\/lt\/wp-json\/wp\/v2\/product"}],"about":[{"href":"https:\/\/velooutlets.com\/lt\/wp-json\/wp\/v2\/types\/product"}],"wp:featuredmedia":[{"embeddable":true,"href":"https:\/\/velooutlets.com\/lt\/wp-json\/wp\/v2\/media\/14605"}],"wp:attachment":[{"href":"https:\/\/velooutlets.com\/lt\/wp-json\/wp\/v2\/media?parent=14579"}],"wp:term":[{"taxonomy":"product_brand","embeddable":true,"href":"https:\/\/velooutlets.com\/lt\/wp-json\/wp\/v2\/product_brand?post=14579"},{"taxonomy":"product_cat","embeddable":true,"href":"https:\/\/velooutlets.com\/lt\/wp-json\/wp\/v2\/product_cat?post=14579"},{"taxonomy":"product_tag","embeddable":true,"href":"https:\/\/velooutlets.com\/lt\/wp-json\/wp\/v2\/product_tag?post=14579"}],"curies":[{"name":"wp","href":"https:\/\/api.w.org\/{rel}","templated":true}]}}