{"id":14598,"date":"2025-12-28T12:49:24","date_gmt":"2025-12-28T10:49:24","guid":{"rendered":"https:\/\/staging.velooutlets.com\/product\/chilli-pro-scooter-base-melns-zals\/"},"modified":"2026-03-06T23:32:25","modified_gmt":"2026-03-06T21:32:25","slug":"chilli-pro-scooter-base-melns-zals","status":"publish","type":"product","link":"https:\/\/velooutlets.com\/lt\/produktas\/chilli-pro-scooter-base-melns-zals\/","title":{"rendered":"\"Scooter Chilli Pro\" paspirtuko baz\u0117 - juoda\/\u017ealia"},"content":{"rendered":"<p data-start=\"0\" data-end=\"569\">\"Chilli Pro Scooter Base Black\/Green\" yra idealus pradinio lygio paspirtukas vaikams ir jaunuoliams, norintiems i\u0161mokti saugiai va\u017ein\u0117ti ir smagiai praleisti laik\u0105 mieste bei riedlen\u010di\u0173 parke. \u0160iame modelyje dera patvarumas, stabilumas ir patogus valdymas, tod\u0117l jis tinka pradedantiesiems ir tiems, kurie jau nori i\u0161bandyti triukus ir gatv\u0117s stili\u0173. Dangtis pagamintas i\u0161 kalto aliuminio su neslystan\u010diu pavir\u0161iumi, u\u017etikrinan\u010diu saugi\u0105 atram\u0105 ir stabil\u0173 va\u017eiavim\u0105 net atliekant sud\u0117tingiausius manevrus, o platus T formos strypas padeda vaikui lengvai valdyti paspirtuk\u0105 ir tobulinti va\u017eiavimo \u012fg\u016bd\u017eius.<\/p>\n<p data-start=\"571\" data-end=\"1039\">110 mm poliuretano ratai su aliuminio \u0161erdimis ir tiksliais ABEC 9 guoliais u\u017etikrina skland\u0173 ried\u0117jim\u0105 ir ger\u0105 pagreit\u012f, tod\u0117l vaikas gali jaustis saugus ir pasitikintis savimi kiekvieno pasiva\u017ein\u0117jimo metu. D\u0117l \"CroMo\" plienin\u0117s \u0161ak\u0117s su universalia HIC suspaudimo sistema paspirtukas yra stabilus ir patvarus, tod\u0117l j\u016bs\u0173 vaikas gali saugiai mokytis triuk\u0173 ir lavinti koordinacij\u0105. Vir\u0161uje sumontuotas lankstus stabdys u\u017etikrina paprast\u0105 ir veiksming\u0105 stabdym\u0105, padedant\u012f u\u017etikrinti saugum\u0105 bet kokioje situacijoje.<\/p>\n<p data-start=\"1041\" data-end=\"1474\" data-is-last-node=\"\" data-is-only-node=\"\">\"Chilli Pro Scooter Base\" sveria vos 3,5 kg, tod\u0117l juo lengva manevruoti ir jis tinka vaikams nuo 8 met\u0173. Bendras auk\u0161tis - 79 cm, denio dydis - 50 x 11,5 cm, o vairo dydis - 58 x 58 cm, tod\u0117l jis tinka \u012fvairaus \u016bgio vairuotojams. \u0160is paspirtukas - puikus pasirinkimas t\u0117vams, ie\u0161kantiems patikimo ir saugaus sprendimo aktyviam vaiko laisvalaikiui, kuris kartu lavina pusiausvyr\u0105, koordinacij\u0105 ir pasitik\u0117jim\u0105 savimi.<\/p>","protected":false},"excerpt":{"rendered":"<p>Chilli Pro Scooter Base Melns\/Za\u013c\u0161 ir ide\u0101ls s\u0101kuma l\u012bme\u0146a skrejritenis b\u0113rniem un jaunie\u0161iem, kas v\u0113las iem\u0101c\u012bties dro\u0161i un jautri braukt gan pils\u0113t\u0101, gan skeitpark\u0101. \u0160is modelis apvieno iztur\u012bbu, stabilit\u0101ti un \u0113rtu vad\u0101m\u012bbu, padarot to piem\u0113rotu gan ies\u0101c\u0113jiem, gan tiem, kas jau v\u0113las izm\u0113\u0123in\u0101t trikus un ielas stilus. Kl\u0101js ir izgatavots no kalta alum\u012bnija ar nesl\u012bdo\u0161u [&hellip;]<\/p>\n","protected":false},"featured_media":14636,"template":"","meta":{"_monsterinsights_skip_tracking":false,"_monsterinsights_sitenote_active":false,"_monsterinsights_sitenote_note":"","_monsterinsights_sitenote_category":0,"_iconic_wsb_product_page_order_bump_ids":[[]],"_sku":[""],"_iconic_wsb_product_page_bump_modal_ids":[[]]},"product_brand":[1363],"product_cat":[1361],"product_tag":[1353,1355],"class_list":{"0":"post-14598","1":"product","2":"type-product","3":"status-publish","4":"has-post-thumbnail","6":"product_brand-chilli","7":"product_cat-skrejriteni","8":"product_tag-skrejriteni","9":"product_tag-skuteri","10":"product_shipping_class-skrejriteni","11":"ts_product_brand-chilli-pro","13":"first","14":"instock","15":"taxable","16":"shipping-taxable","17":"purchasable","18":"product-type-simple"},"yoast_head":"<!-- This site is optimized with the Yoast SEO plugin v27.2 - https:\/\/yoast.com\/product\/yoast-seo-wordpress\/ -->\n<title>Skrejritenis Chilli Pro Scooter Base - Melns\/Za\u013c\u0161 - Velo Outlets<\/title>\n<meta name=\"robots\" content=\"index, follow, max-snippet:-1, max-image-preview:large, max-video-preview:-1\" \/>\n<link rel=\"canonical\" href=\"https:\/\/velooutlets.com\/lt\/produktas\/chilli-pro-scooter-base-melns-zals\/\" \/>\n<meta property=\"og:locale\" content=\"lt_LT\" \/>\n<meta property=\"og:type\" content=\"article\" \/>\n<meta property=\"og:title\" content=\"Skrejritenis Chilli Pro Scooter Base - Melns\/Za\u013c\u0161 - Velo Outlets\" \/>\n<meta property=\"og:description\" content=\"Chilli Pro Scooter Base Melns\/Za\u013c\u0161 ir ide\u0101ls s\u0101kuma l\u012bme\u0146a skrejritenis b\u0113rniem un jaunie\u0161iem, kas v\u0113las iem\u0101c\u012bties dro\u0161i un jautri braukt gan pils\u0113t\u0101, gan skeitpark\u0101. \u0160is modelis apvieno iztur\u012bbu, stabilit\u0101ti un \u0113rtu vad\u0101m\u012bbu, padarot to piem\u0113rotu gan ies\u0101c\u0113jiem, gan tiem, kas jau v\u0113las izm\u0113\u0123in\u0101t trikus un ielas stilus. Kl\u0101js ir izgatavots no kalta alum\u012bnija ar nesl\u012bdo\u0161u [&hellip;]\" \/>\n<meta property=\"og:url\" content=\"https:\/\/velooutlets.com\/lt\/produktas\/chilli-pro-scooter-base-melns-zals\/\" \/>\n<meta property=\"og:site_name\" content=\"Velo Outlets\" \/>\n<meta property=\"article:modified_time\" content=\"2026-03-06T21:32:25+00:00\" \/>\n<meta property=\"og:image\" content=\"https:\/\/velooutlets.com\/wp-content\/uploads\/2025\/12\/Velooutlets-Bernu-Velosipeds-Polar_29.png\" \/>\n\t<meta property=\"og:image:width\" content=\"1200\" \/>\n\t<meta property=\"og:image:height\" content=\"870\" \/>\n\t<meta property=\"og:image:type\" content=\"image\/png\" \/>\n<meta name=\"twitter:card\" content=\"summary_large_image\" \/>\n<meta name=\"twitter:label1\" content=\"Est. reading time\" \/>\n\t<meta name=\"twitter:data1\" content=\"2 minut\u0117s\" \/>\n<script type=\"application\/ld+json\" class=\"yoast-schema-graph\">{\"@context\":\"https:\/\/schema.org\",\"@graph\":[{\"@type\":\"WebPage\",\"@id\":\"https:\/\/velooutlets.com\/products\/chilli-pro-scooter-base-melns-zals\/\",\"url\":\"https:\/\/velooutlets.com\/products\/chilli-pro-scooter-base-melns-zals\/\",\"name\":\"Skrejritenis Chilli Pro Scooter Base - Melns\/Za\u013c\u0161 - Velo Outlets\",\"isPartOf\":{\"@id\":\"https:\/\/velooutlets.com\/en\/#website\"},\"primaryImageOfPage\":{\"@id\":\"https:\/\/velooutlets.com\/products\/chilli-pro-scooter-base-melns-zals\/#primaryimage\"},\"image\":{\"@id\":\"https:\/\/velooutlets.com\/products\/chilli-pro-scooter-base-melns-zals\/#primaryimage\"},\"thumbnailUrl\":\"https:\/\/velooutlets.com\/wp-content\/uploads\/2025\/12\/Velooutlets-Bernu-Velosipeds-Polar_29.png\",\"datePublished\":\"2025-12-28T10:49:24+00:00\",\"dateModified\":\"2026-03-06T21:32:25+00:00\",\"breadcrumb\":{\"@id\":\"https:\/\/velooutlets.com\/products\/chilli-pro-scooter-base-melns-zals\/#breadcrumb\"},\"inLanguage\":\"lt-LT\",\"potentialAction\":[{\"@type\":\"ReadAction\",\"target\":[\"https:\/\/velooutlets.com\/products\/chilli-pro-scooter-base-melns-zals\/\"]}]},{\"@type\":\"ImageObject\",\"inLanguage\":\"lt-LT\",\"@id\":\"https:\/\/velooutlets.com\/products\/chilli-pro-scooter-base-melns-zals\/#primaryimage\",\"url\":\"https:\/\/velooutlets.com\/wp-content\/uploads\/2025\/12\/Velooutlets-Bernu-Velosipeds-Polar_29.png\",\"contentUrl\":\"https:\/\/velooutlets.com\/wp-content\/uploads\/2025\/12\/Velooutlets-Bernu-Velosipeds-Polar_29.png\",\"width\":1200,\"height\":870},{\"@type\":\"BreadcrumbList\",\"@id\":\"https:\/\/velooutlets.com\/products\/chilli-pro-scooter-base-melns-zals\/#breadcrumb\",\"itemListElement\":[{\"@type\":\"ListItem\",\"position\":1,\"name\":\"Home\",\"item\":\"https:\/\/velooutlets.com\/\"},{\"@type\":\"ListItem\",\"position\":2,\"name\":\"Veikals\",\"item\":\"https:\/\/velooutlets.com\/shop\/\"},{\"@type\":\"ListItem\",\"position\":3,\"name\":\"Skrejritenis Chilli Pro Scooter Base &#8211; Melns\/Za\u013c\u0161\"}]},{\"@type\":\"WebSite\",\"@id\":\"https:\/\/velooutlets.com\/en\/#website\",\"url\":\"https:\/\/velooutlets.com\/en\/\",\"name\":\"Velo Outlets\",\"description\":\"Velosip\u0113di visai \u0123imenei\",\"potentialAction\":[{\"@type\":\"SearchAction\",\"target\":{\"@type\":\"EntryPoint\",\"urlTemplate\":\"https:\/\/velooutlets.com\/en\/?s={search_term_string}\"},\"query-input\":{\"@type\":\"PropertyValueSpecification\",\"valueRequired\":true,\"valueName\":\"search_term_string\"}}],\"inLanguage\":\"lt-LT\"}]}<\/script>\n<!-- \/ Yoast SEO plugin. -->","yoast_head_json":{"title":"Skrejritenis Chilli Pro Scooter Base - Melns\/Za\u013c\u0161 - Velo Outlets","robots":{"index":"index","follow":"follow","max-snippet":"max-snippet:-1","max-image-preview":"max-image-preview:large","max-video-preview":"max-video-preview:-1"},"canonical":"https:\/\/velooutlets.com\/lt\/produktas\/chilli-pro-scooter-base-melns-zals\/","og_locale":"lt_LT","og_type":"article","og_title":"Skrejritenis Chilli Pro Scooter Base - Melns\/Za\u013c\u0161 - Velo Outlets","og_description":"Chilli Pro Scooter Base Melns\/Za\u013c\u0161 ir ide\u0101ls s\u0101kuma l\u012bme\u0146a skrejritenis b\u0113rniem un jaunie\u0161iem, kas v\u0113las iem\u0101c\u012bties dro\u0161i un jautri braukt gan pils\u0113t\u0101, gan skeitpark\u0101. \u0160is modelis apvieno iztur\u012bbu, stabilit\u0101ti un \u0113rtu vad\u0101m\u012bbu, padarot to piem\u0113rotu gan ies\u0101c\u0113jiem, gan tiem, kas jau v\u0113las izm\u0113\u0123in\u0101t trikus un ielas stilus. Kl\u0101js ir izgatavots no kalta alum\u012bnija ar nesl\u012bdo\u0161u [&hellip;]","og_url":"https:\/\/velooutlets.com\/lt\/produktas\/chilli-pro-scooter-base-melns-zals\/","og_site_name":"Velo Outlets","article_modified_time":"2026-03-06T21:32:25+00:00","og_image":[{"width":1200,"height":870,"url":"https:\/\/velooutlets.com\/wp-content\/uploads\/2025\/12\/Velooutlets-Bernu-Velosipeds-Polar_29.png","type":"image\/png"}],"twitter_card":"summary_large_image","twitter_misc":{"Est. reading time":"2 minut\u0117s"},"schema":{"@context":"https:\/\/schema.org","@graph":[{"@type":"WebPage","@id":"https:\/\/velooutlets.com\/products\/chilli-pro-scooter-base-melns-zals\/","url":"https:\/\/velooutlets.com\/products\/chilli-pro-scooter-base-melns-zals\/","name":"Skrejritenis Chilli Pro Scooter Base - Melns\/Za\u013c\u0161 - Velo Outlets","isPartOf":{"@id":"https:\/\/velooutlets.com\/en\/#website"},"primaryImageOfPage":{"@id":"https:\/\/velooutlets.com\/products\/chilli-pro-scooter-base-melns-zals\/#primaryimage"},"image":{"@id":"https:\/\/velooutlets.com\/products\/chilli-pro-scooter-base-melns-zals\/#primaryimage"},"thumbnailUrl":"https:\/\/velooutlets.com\/wp-content\/uploads\/2025\/12\/Velooutlets-Bernu-Velosipeds-Polar_29.png","datePublished":"2025-12-28T10:49:24+00:00","dateModified":"2026-03-06T21:32:25+00:00","breadcrumb":{"@id":"https:\/\/velooutlets.com\/products\/chilli-pro-scooter-base-melns-zals\/#breadcrumb"},"inLanguage":"lt-LT","potentialAction":[{"@type":"ReadAction","target":["https:\/\/velooutlets.com\/products\/chilli-pro-scooter-base-melns-zals\/"]}]},{"@type":"ImageObject","inLanguage":"lt-LT","@id":"https:\/\/velooutlets.com\/products\/chilli-pro-scooter-base-melns-zals\/#primaryimage","url":"https:\/\/velooutlets.com\/wp-content\/uploads\/2025\/12\/Velooutlets-Bernu-Velosipeds-Polar_29.png","contentUrl":"https:\/\/velooutlets.com\/wp-content\/uploads\/2025\/12\/Velooutlets-Bernu-Velosipeds-Polar_29.png","width":1200,"height":870},{"@type":"BreadcrumbList","@id":"https:\/\/velooutlets.com\/products\/chilli-pro-scooter-base-melns-zals\/#breadcrumb","itemListElement":[{"@type":"ListItem","position":1,"name":"Home","item":"https:\/\/velooutlets.com\/"},{"@type":"ListItem","position":2,"name":"Veikals","item":"https:\/\/velooutlets.com\/shop\/"},{"@type":"ListItem","position":3,"name":"Skrejritenis Chilli Pro Scooter Base &#8211; Melns\/Za\u013c\u0161"}]},{"@type":"WebSite","@id":"https:\/\/velooutlets.com\/en\/#website","url":"https:\/\/velooutlets.com\/en\/","name":"\"Velo Outlets","description":"Dvira\u010diai visai \u0161eimai","potentialAction":[{"@type":"SearchAction","target":{"@type":"EntryPoint","urlTemplate":"https:\/\/velooutlets.com\/en\/?s={search_term_string}"},"query-input":{"@type":"PropertyValueSpecification","valueRequired":true,"valueName":"search_term_string"}}],"inLanguage":"lt-LT"}]}},"jetpack_sharing_enabled":true,"_links":{"self":[{"href":"https:\/\/velooutlets.com\/lt\/wp-json\/wp\/v2\/product\/14598","targetHints":{"allow":["GET"]}}],"collection":[{"href":"https:\/\/velooutlets.com\/lt\/wp-json\/wp\/v2\/product"}],"about":[{"href":"https:\/\/velooutlets.com\/lt\/wp-json\/wp\/v2\/types\/product"}],"wp:featuredmedia":[{"embeddable":true,"href":"https:\/\/velooutlets.com\/lt\/wp-json\/wp\/v2\/media\/14636"}],"wp:attachment":[{"href":"https:\/\/velooutlets.com\/lt\/wp-json\/wp\/v2\/media?parent=14598"}],"wp:term":[{"taxonomy":"product_brand","embeddable":true,"href":"https:\/\/velooutlets.com\/lt\/wp-json\/wp\/v2\/product_brand?post=14598"},{"taxonomy":"product_cat","embeddable":true,"href":"https:\/\/velooutlets.com\/lt\/wp-json\/wp\/v2\/product_cat?post=14598"},{"taxonomy":"product_tag","embeddable":true,"href":"https:\/\/velooutlets.com\/lt\/wp-json\/wp\/v2\/product_tag?post=14598"}],"curies":[{"name":"wp","href":"https:\/\/api.w.org\/{rel}","templated":true}]}}