{"id":15897,"date":"2026-02-02T15:08:14","date_gmt":"2026-02-02T13:08:14","guid":{"rendered":"https:\/\/staging.velooutlets.com\/product\/velosipeda-kivere-crocodile\/"},"modified":"2026-04-03T08:34:05","modified_gmt":"2026-04-03T05:34:05","slug":"velosipeda-kivere-crocodile","status":"publish","type":"product","link":"https:\/\/velooutlets.com\/lt\/produktas\/velosipeda-kivere-crocodile\/","title":{"rendered":"Velosip\u0113da \u0137ivere &#8221;Crocodile&#8221;"},"content":{"rendered":"<div class=\"flex max-w-full flex-col flex-grow\">\n<div class=\"min-h-8 text-message flex w-full flex-col items-end gap-2 whitespace-normal break-words text-start [.text-message+&amp;]:mt-5\" dir=\"auto\" data-message-author-role=\"assistant\" data-message-id=\"a621a405-9268-421d-882c-3f0abcd69b2f\" data-message-model-slug=\"gpt-4o\">\n<div class=\"flex w-full flex-col gap-1 empty:hidden first:pt-[3px]\">\n<div class=\"markdown prose w-full break-words dark:prose-invert dark\">\n<p data-start=\"158\" data-end=\"581\">\u0160\u012b Crazy Safety 3D dz\u012bvnieku b\u0113rnu \u0137ivere ir rad\u012bta, lai padar\u012btu dro\u0161\u012bbu par priec\u012bgu un stil\u012bgu ikdienas sast\u0101vda\u013cu. Ar spilgtiem dz\u012bvnieku mot\u012bviem \u0137ivere k\u013c\u016bst par b\u0113rna piedz\u012bvojumu sabiedroto, kas ne tikai pasarg\u0101 galvu, bet ar\u012b iepriecina savu \u012bpa\u0161nieku. T\u0101 tiek n\u0113s\u0101ta nevis tikai pien\u0101kuma d\u0113\u013c, bet gan t\u0101p\u0113c, ka b\u0113rniem pat\u012bk t\u0101s dizains un iesp\u0113ja izpausties, padarot dro\u0161\u012bbu par pa\u0161saprotamu un jautru izv\u0113li.<\/p>\n<p data-start=\"583\" data-end=\"1175\">B\u0113rnu \u0137ivere ir piem\u0113rota vecum\u0101 no 2 l\u012bdz 10 gadiem un izgatavota no augstas kvalit\u0101tes, viegla in-mold EPS putu materi\u0101la, kas nodro\u0161ina dro\u0161u aizsardz\u012bbu. Regul\u0113jam\u0101 iek\u0161\u0113j\u0101 sist\u0113ma \u013cauj prec\u012bzi piel\u0101got \u0137iveri b\u0113rna galvai, nodro\u0161inot \u0113rtu un dro\u0161u piegul\u0161anu. Priek\u0161pus\u0113, aug\u0161pus\u0113 un aizmugur\u0113 izvietotie se\u0161i lieli ventil\u0101cijas caurumi garant\u0113 gaisa pl\u016bsmu pat silt\u0101s dien\u0101s, savuk\u0101rt aizsargs zodam un no\u0146emamas, mazg\u0101jamas iek\u0161\u0113j\u0101s polsteres nodro\u0161ina papildu komfortu. Ieb\u016bv\u0113t\u0101 sarkan\u0101 LED gaisma ar trim funkcij\u0101m uzlabo redzam\u012bbu, padarot brauk\u0161anu dro\u0161\u0101ku gan dien\u0101, gan vakar\u0101.<\/p>\n<p data-start=\"1177\" data-end=\"1654\">\u0160\u012b b\u0113rnu \u0137ivere ir ide\u0101ls risin\u0101jums gan rite\u0146brauk\u0161anai, skritu\u013co\u0161anai, brauk\u0161anai ar sk\u016bteri, l\u012bdzsvara velosip\u0113diem, gan skritu\u013cslido\u0161anai, apvienojot izcilu dizainu un augstus dro\u0161\u012bbas standartus. Izstr\u0101d\u0101ta D\u0101nij\u0101 un ra\u017eota \u0136\u012bn\u0101, \u0137ivere atbilst EN 1078:2012 + A1:2012 dro\u0161\u012bbas regul\u0101m, nodro\u0161inot vec\u0101kiem p\u0101rliec\u012bbu par b\u0113rna aizsardz\u012bbu. Ar pla\u0161o kr\u0101su kl\u0101stu un unik\u0101lajiem dz\u012bvnieku mot\u012bviem t\u0101 k\u013c\u016bs par m\u012b\u013cu un neaizmirstamu da\u013cu no j\u016bsu b\u0113rna ikdienas aktivit\u0101t\u0113m.<\/p>\n<\/div>\n<\/div>\n<\/div>\n<\/div>\n","protected":false},"excerpt":{"rendered":"<p>\u0160\u012b Crazy Safety 3D dz\u012bvnieku b\u0113rnu \u0137ivere ir rad\u012bta, lai padar\u012btu dro\u0161\u012bbu par priec\u012bgu un stil\u012bgu ikdienas sast\u0101vda\u013cu. Ar spilgtiem dz\u012bvnieku mot\u012bviem \u0137ivere k\u013c\u016bst par b\u0113rna piedz\u012bvojumu sabiedroto, kas ne tikai pasarg\u0101 galvu, bet ar\u012b iepriecina savu \u012bpa\u0161nieku. T\u0101 tiek n\u0113s\u0101ta nevis tikai pien\u0101kuma d\u0113\u013c, bet gan t\u0101p\u0113c, ka b\u0113rniem pat\u012bk t\u0101s dizains un iesp\u0113ja [&hellip;]<\/p>\n","protected":false},"featured_media":16856,"template":"","meta":{"_monsterinsights_skip_tracking":false,"_monsterinsights_sitenote_active":false,"_monsterinsights_sitenote_note":"","_monsterinsights_sitenote_category":0,"_iconic_wsb_product_page_order_bump_ids":[],"_sku":["crocodile-velosipeda-kivere"],"_iconic_wsb_product_page_bump_modal_ids":[]},"product_brand":[1491],"product_cat":[910,911,992,993,1137],"product_tag":[1488,214,881,880,215,882,217],"class_list":{"0":"post-15897","1":"product","2":"type-product","3":"status-publish","4":"has-post-thumbnail","6":"product_brand-crazy-safety","7":"product_cat-aksesuari","8":"product_cat-aksesuari-berniem","9":"product_cat-kiveres","10":"product_cat-aizsargkiveres-berniem","11":"product_cat-viss-ekipejums","12":"product_tag-02_02_2026","13":"product_tag-aizsargkiveres","14":"product_tag-aizsargkiveres-berniem","15":"product_tag-aizsargkiveres-pusaudziem","16":"product_tag-kiveres","17":"product_tag-kiveres-berniem","18":"product_tag-kiveres-pusaudziem","19":"product_shipping_class-aksesuari","21":"first","22":"instock","23":"taxable","24":"shipping-taxable","25":"purchasable","26":"product-type-variable","27":"wvs-archive-product-wrapper"},"yoast_head":"<!-- This site is optimized with the Yoast SEO plugin v27.2 - https:\/\/yoast.com\/product\/yoast-seo-wordpress\/ -->\n<title>Velosip\u0113da \u0137ivere &#039;&#039;Crocodile&#039;&#039; - Velo Outlets<\/title>\n<meta name=\"robots\" content=\"index, follow, max-snippet:-1, max-image-preview:large, max-video-preview:-1\" \/>\n<link rel=\"canonical\" href=\"https:\/\/velooutlets.com\/lt\/produktas\/velosipeda-kivere-crocodile\/\" \/>\n<meta property=\"og:locale\" content=\"lt_LT\" \/>\n<meta property=\"og:type\" content=\"article\" \/>\n<meta property=\"og:title\" content=\"Velosip\u0113da \u0137ivere &#039;&#039;Crocodile&#039;&#039; - Velo Outlets\" \/>\n<meta property=\"og:description\" content=\"\u0160\u012b Crazy Safety 3D dz\u012bvnieku b\u0113rnu \u0137ivere ir rad\u012bta, lai padar\u012btu dro\u0161\u012bbu par priec\u012bgu un stil\u012bgu ikdienas sast\u0101vda\u013cu. Ar spilgtiem dz\u012bvnieku mot\u012bviem \u0137ivere k\u013c\u016bst par b\u0113rna piedz\u012bvojumu sabiedroto, kas ne tikai pasarg\u0101 galvu, bet ar\u012b iepriecina savu \u012bpa\u0161nieku. T\u0101 tiek n\u0113s\u0101ta nevis tikai pien\u0101kuma d\u0113\u013c, bet gan t\u0101p\u0113c, ka b\u0113rniem pat\u012bk t\u0101s dizains un iesp\u0113ja [&hellip;]\" \/>\n<meta property=\"og:url\" content=\"https:\/\/velooutlets.com\/lt\/produktas\/velosipeda-kivere-crocodile\/\" \/>\n<meta property=\"og:site_name\" content=\"Velo Outlets\" \/>\n<meta property=\"article:modified_time\" content=\"2026-04-03T05:34:05+00:00\" \/>\n<meta property=\"og:image\" content=\"https:\/\/velooutlets.com\/wp-content\/uploads\/2026\/02\/100201-04-01_hero_light-2.png\" \/>\n\t<meta property=\"og:image:width\" content=\"1678\" \/>\n\t<meta property=\"og:image:height\" content=\"1686\" \/>\n\t<meta property=\"og:image:type\" content=\"image\/png\" \/>\n<meta name=\"twitter:card\" content=\"summary_large_image\" \/>\n<meta name=\"twitter:label1\" content=\"Est. reading time\" \/>\n\t<meta name=\"twitter:data1\" content=\"2 minut\u0117s\" \/>\n<script type=\"application\/ld+json\" class=\"yoast-schema-graph\">{\"@context\":\"https:\/\/schema.org\",\"@graph\":[{\"@type\":\"WebPage\",\"@id\":\"https:\/\/velooutlets.com\/products\/velosipeda-kivere-crocodile\/\",\"url\":\"https:\/\/velooutlets.com\/products\/velosipeda-kivere-crocodile\/\",\"name\":\"Velosip\u0113da \u0137ivere ''Crocodile'' - Velo Outlets\",\"isPartOf\":{\"@id\":\"https:\/\/velooutlets.com\/en\/#website\"},\"primaryImageOfPage\":{\"@id\":\"https:\/\/velooutlets.com\/products\/velosipeda-kivere-crocodile\/#primaryimage\"},\"image\":{\"@id\":\"https:\/\/velooutlets.com\/products\/velosipeda-kivere-crocodile\/#primaryimage\"},\"thumbnailUrl\":\"https:\/\/velooutlets.com\/wp-content\/uploads\/2026\/02\/100201-04-01_hero_light-2.png\",\"datePublished\":\"2026-02-02T13:08:14+00:00\",\"dateModified\":\"2026-04-03T05:34:05+00:00\",\"breadcrumb\":{\"@id\":\"https:\/\/velooutlets.com\/products\/velosipeda-kivere-crocodile\/#breadcrumb\"},\"inLanguage\":\"lt-LT\",\"potentialAction\":[{\"@type\":\"ReadAction\",\"target\":[\"https:\/\/velooutlets.com\/products\/velosipeda-kivere-crocodile\/\"]}]},{\"@type\":\"ImageObject\",\"inLanguage\":\"lt-LT\",\"@id\":\"https:\/\/velooutlets.com\/products\/velosipeda-kivere-crocodile\/#primaryimage\",\"url\":\"https:\/\/velooutlets.com\/wp-content\/uploads\/2026\/02\/100201-04-01_hero_light-2.png\",\"contentUrl\":\"https:\/\/velooutlets.com\/wp-content\/uploads\/2026\/02\/100201-04-01_hero_light-2.png\",\"width\":1678,\"height\":1686},{\"@type\":\"BreadcrumbList\",\"@id\":\"https:\/\/velooutlets.com\/products\/velosipeda-kivere-crocodile\/#breadcrumb\",\"itemListElement\":[{\"@type\":\"ListItem\",\"position\":1,\"name\":\"Home\",\"item\":\"https:\/\/velooutlets.com\/\"},{\"@type\":\"ListItem\",\"position\":2,\"name\":\"Veikals\",\"item\":\"https:\/\/velooutlets.com\/shop\/\"},{\"@type\":\"ListItem\",\"position\":3,\"name\":\"Velosip\u0113da \u0137ivere &#8221;Crocodile&#8221;\"}]},{\"@type\":\"WebSite\",\"@id\":\"https:\/\/velooutlets.com\/en\/#website\",\"url\":\"https:\/\/velooutlets.com\/en\/\",\"name\":\"Velo Outlets\",\"description\":\"Velosip\u0113di visai \u0123imenei\",\"potentialAction\":[{\"@type\":\"SearchAction\",\"target\":{\"@type\":\"EntryPoint\",\"urlTemplate\":\"https:\/\/velooutlets.com\/en\/?s={search_term_string}\"},\"query-input\":{\"@type\":\"PropertyValueSpecification\",\"valueRequired\":true,\"valueName\":\"search_term_string\"}}],\"inLanguage\":\"lt-LT\"}]}<\/script>\n<!-- \/ Yoast SEO plugin. -->","yoast_head_json":{"title":"Velosip\u0113da \u0137ivere ''Crocodile'' - Velo Outlets","robots":{"index":"index","follow":"follow","max-snippet":"max-snippet:-1","max-image-preview":"max-image-preview:large","max-video-preview":"max-video-preview:-1"},"canonical":"https:\/\/velooutlets.com\/lt\/produktas\/velosipeda-kivere-crocodile\/","og_locale":"lt_LT","og_type":"article","og_title":"Velosip\u0113da \u0137ivere ''Crocodile'' - Velo Outlets","og_description":"\u0160\u012b Crazy Safety 3D dz\u012bvnieku b\u0113rnu \u0137ivere ir rad\u012bta, lai padar\u012btu dro\u0161\u012bbu par priec\u012bgu un stil\u012bgu ikdienas sast\u0101vda\u013cu. Ar spilgtiem dz\u012bvnieku mot\u012bviem \u0137ivere k\u013c\u016bst par b\u0113rna piedz\u012bvojumu sabiedroto, kas ne tikai pasarg\u0101 galvu, bet ar\u012b iepriecina savu \u012bpa\u0161nieku. T\u0101 tiek n\u0113s\u0101ta nevis tikai pien\u0101kuma d\u0113\u013c, bet gan t\u0101p\u0113c, ka b\u0113rniem pat\u012bk t\u0101s dizains un iesp\u0113ja [&hellip;]","og_url":"https:\/\/velooutlets.com\/lt\/produktas\/velosipeda-kivere-crocodile\/","og_site_name":"Velo Outlets","article_modified_time":"2026-04-03T05:34:05+00:00","og_image":[{"width":1678,"height":1686,"url":"https:\/\/velooutlets.com\/wp-content\/uploads\/2026\/02\/100201-04-01_hero_light-2.png","type":"image\/png"}],"twitter_card":"summary_large_image","twitter_misc":{"Est. reading time":"2 minut\u0117s"},"schema":{"@context":"https:\/\/schema.org","@graph":[{"@type":"WebPage","@id":"https:\/\/velooutlets.com\/products\/velosipeda-kivere-crocodile\/","url":"https:\/\/velooutlets.com\/products\/velosipeda-kivere-crocodile\/","name":"Velosip\u0113da \u0137ivere ''Crocodile'' - Velo Outlets","isPartOf":{"@id":"https:\/\/velooutlets.com\/en\/#website"},"primaryImageOfPage":{"@id":"https:\/\/velooutlets.com\/products\/velosipeda-kivere-crocodile\/#primaryimage"},"image":{"@id":"https:\/\/velooutlets.com\/products\/velosipeda-kivere-crocodile\/#primaryimage"},"thumbnailUrl":"https:\/\/velooutlets.com\/wp-content\/uploads\/2026\/02\/100201-04-01_hero_light-2.png","datePublished":"2026-02-02T13:08:14+00:00","dateModified":"2026-04-03T05:34:05+00:00","breadcrumb":{"@id":"https:\/\/velooutlets.com\/products\/velosipeda-kivere-crocodile\/#breadcrumb"},"inLanguage":"lt-LT","potentialAction":[{"@type":"ReadAction","target":["https:\/\/velooutlets.com\/products\/velosipeda-kivere-crocodile\/"]}]},{"@type":"ImageObject","inLanguage":"lt-LT","@id":"https:\/\/velooutlets.com\/products\/velosipeda-kivere-crocodile\/#primaryimage","url":"https:\/\/velooutlets.com\/wp-content\/uploads\/2026\/02\/100201-04-01_hero_light-2.png","contentUrl":"https:\/\/velooutlets.com\/wp-content\/uploads\/2026\/02\/100201-04-01_hero_light-2.png","width":1678,"height":1686},{"@type":"BreadcrumbList","@id":"https:\/\/velooutlets.com\/products\/velosipeda-kivere-crocodile\/#breadcrumb","itemListElement":[{"@type":"ListItem","position":1,"name":"Home","item":"https:\/\/velooutlets.com\/"},{"@type":"ListItem","position":2,"name":"Veikals","item":"https:\/\/velooutlets.com\/shop\/"},{"@type":"ListItem","position":3,"name":"Velosip\u0113da \u0137ivere &#8221;Crocodile&#8221;"}]},{"@type":"WebSite","@id":"https:\/\/velooutlets.com\/en\/#website","url":"https:\/\/velooutlets.com\/en\/","name":"\"Velo Outlets","description":"Dvira\u010diai visai \u0161eimai","potentialAction":[{"@type":"SearchAction","target":{"@type":"EntryPoint","urlTemplate":"https:\/\/velooutlets.com\/en\/?s={search_term_string}"},"query-input":{"@type":"PropertyValueSpecification","valueRequired":true,"valueName":"search_term_string"}}],"inLanguage":"lt-LT"}]}},"jetpack_sharing_enabled":true,"_links":{"self":[{"href":"https:\/\/velooutlets.com\/lt\/wp-json\/wp\/v2\/product\/15897","targetHints":{"allow":["GET"]}}],"collection":[{"href":"https:\/\/velooutlets.com\/lt\/wp-json\/wp\/v2\/product"}],"about":[{"href":"https:\/\/velooutlets.com\/lt\/wp-json\/wp\/v2\/types\/product"}],"wp:featuredmedia":[{"embeddable":true,"href":"https:\/\/velooutlets.com\/lt\/wp-json\/wp\/v2\/media\/16856"}],"wp:attachment":[{"href":"https:\/\/velooutlets.com\/lt\/wp-json\/wp\/v2\/media?parent=15897"}],"wp:term":[{"taxonomy":"product_brand","embeddable":true,"href":"https:\/\/velooutlets.com\/lt\/wp-json\/wp\/v2\/product_brand?post=15897"},{"taxonomy":"product_cat","embeddable":true,"href":"https:\/\/velooutlets.com\/lt\/wp-json\/wp\/v2\/product_cat?post=15897"},{"taxonomy":"product_tag","embeddable":true,"href":"https:\/\/velooutlets.com\/lt\/wp-json\/wp\/v2\/product_tag?post=15897"}],"curies":[{"name":"wp","href":"https:\/\/api.w.org\/{rel}","templated":true}]}}