{"id":19377,"date":"2026-02-03T23:57:08","date_gmt":"2026-02-03T21:57:08","guid":{"rendered":"https:\/\/staging.velooutlets.com\/?post_type=product&#038;p=19377"},"modified":"2026-04-19T14:45:06","modified_gmt":"2026-04-19T11:45:06","slug":"scott-aspect-970-zals","status":"publish","type":"product","link":"https:\/\/velooutlets.com\/lt\/produktas\/scott-aspect-970-zals\/","title":{"rendered":"SCOTT Aspect 970 \u017ealia"},"content":{"rendered":"<p>Scott Aspect 970 ir bud\u017eeta l\u012bme\u0146a hardtail kalnu velosip\u0113ds, kas paredz\u0113ts ies\u0101c\u0113jiem vai mier\u012bgai brauk\u0161anai pa me\u017ea tak\u0101m un grants ce\u013ciem. Tas ir vienk\u0101r\u0161s, iztur\u012bgs un viegli kopjams modelis, kur galvenais uzsvars ir uz pieejam\u012bbu, nevis sportisku veiktsp\u0113ju.<\/p>\n<p>Velosip\u0113ds b\u016bv\u0113ts uz Aspect 900\/700 s\u0113rijas 6061 alum\u012bnija r\u0101mja ar iek\u0161\u0113jo tros\u012b\u0161u izvadu un nomain\u0101mu aizmugur\u0113jo p\u0101rsl\u0113dz\u0113ja stiprin\u0101jumu. R\u0101mis ir veidots t\u0101, lai tas b\u016btu stabils un dro\u0161s, vienlaikus saglab\u0101jot pietiekami zemu svaru ikdienas lieto\u0161anai.<\/p>\n<p>Priek\u0161\u0101 uzst\u0101d\u012bta Suntour XCE28 amortiz\u0101cijas dak\u0161a ar 100 mm g\u0101jienu, kas pal\u012bdz absorb\u0113t nel\u012bdzenumus uz me\u017ea tak\u0101m un grants ce\u013ciem. T\u0101 ir vienk\u0101r\u0161a, bet pietiekama ies\u0101c\u0113ju l\u012bme\u0146a brauk\u0161anai, kur galvenais ir komforts, nevis tehniska precizit\u0101te.<\/p>\n<p>Piedzi\u0146as sist\u0113ma ir Shimano Tourney 3\u00d77 (21 \u0101trums), kas nodro\u0161ina \u013coti pla\u0161u, bet vienk\u0101r\u0161u p\u0101rnesumu kl\u0101stu. Tas \u013cauj viegli tikt gal\u0101 gan ar k\u0101pumiem, gan mier\u012bgu brauk\u0161anu l\u012bdzenum\u0101, ta\u010du sist\u0113ma ir vair\u0101k orient\u0113ta uz uzticam\u012bbu un zem\u0101m izmaks\u0101m nek\u0101 uz sportisku \u0101trumu.<\/p>\n<p>Bremz\u0113\u0161anu nodro\u0161ina Tektro meh\u0101nisk\u0101s disku bremzes ar 160 mm rotoriem. T\u0101s ir vienk\u0101r\u0161as un funkcion\u0101las, pietiekamas ikdienas brauk\u0161anai un viegl\u0101m tak\u0101m, lai gan pras\u012bg\u0101kos apst\u0101k\u013cos hidraulisk\u0101s bremzes b\u016btu jaud\u012bg\u0101kas.<\/p>\n<p>Rite\u0146i apr\u012bkoti ar Kenda Booster 2.4\u201d riep\u0101m, kas dod labu sa\u0137eri uz zemes, grants un viegl\u0101m tak\u0101m. \u0160\u0101ds riepu platums ar\u012b pal\u012bdz uzlabot komfortu uz nel\u012bdzeniem ce\u013ciem.<\/p>\n<p>Kopum\u0101 Scott Aspect 970 Green ir tipisks \u201cpirmais MTB\u201d \u2013 vienk\u0101r\u0161s, iztur\u012bgs un viegli saprotams velosip\u0113ds, kas labi der, lai iepaz\u012btu kalnu rite\u0146brauk\u0161anu bez liel\u0101m izmaks\u0101m vai sare\u017e\u0123\u012btas tehnikas.<\/p>\n<p>Specifikacija:<br \/>\nR\u0101mis: Aspect 900\/700 s\u0113rija, 6061 alum\u012bnijs, iek\u0161\u0113j\u0101 kabe\u013cu vad\u012bba<br \/>\n\u0160akut\u0117: \"Suntour XCE28\", 100 mm eigos<br \/>\nGrei\u010di\u0173 skai\u010dius: 3\u00d77 (21 greitis)<br \/>\nPavaros: Shimano Tourney<br \/>\nKasete: SunRace 11\u201334T<br \/>\nStabd\u017eiai: \"Tektro\" mechaniniai diskiniai stabd\u017eiai<br \/>\nPadangos: \u201dKenda Booster 2.4\"<br \/>\nRatai: \"Syncros X-20 Disc<br \/>\nSvoris: ~15 kg<br \/>\nDid\u017eiausia. Sistemos svoris: 128 kg<\/p>","protected":false},"excerpt":{"rendered":"<p>Scott Aspect 970 ir bud\u017eeta l\u012bme\u0146a hardtail kalnu velosip\u0113ds, kas paredz\u0113ts ies\u0101c\u0113jiem vai mier\u012bgai brauk\u0161anai pa me\u017ea tak\u0101m un grants ce\u013ciem. Tas ir vienk\u0101r\u0161s, iztur\u012bgs un viegli kopjams modelis, kur galvenais uzsvars ir uz pieejam\u012bbu, nevis sportisku veiktsp\u0113ju. Velosip\u0113ds b\u016bv\u0113ts uz Aspect 900\/700 s\u0113rijas 6061 alum\u012bnija r\u0101mja ar iek\u0161\u0113jo tros\u012b\u0161u izvadu un nomain\u0101mu aizmugur\u0113jo p\u0101rsl\u0113dz\u0113ja [&hellip;]<\/p>\n","protected":false},"featured_media":35738,"template":"","meta":{"_monsterinsights_skip_tracking":false,"_monsterinsights_sitenote_active":false,"_monsterinsights_sitenote_note":"","_monsterinsights_sitenote_category":0,"_iconic_wsb_product_page_order_bump_ids":[[]],"_sku":["SCOTT-ASPECT-970-GREEN"],"_iconic_wsb_product_page_bump_modal_ids":[[]]},"product_brand":[872],"product_cat":[980,1127],"product_tag":[1522],"class_list":{"0":"post-19377","1":"product","2":"type-product","3":"status-publish","4":"has-post-thumbnail","6":"product_brand-scott","7":"product_cat-kalnu-velosipedi","8":"product_cat-velosipedi","9":"product_tag-scott","11":"first","12":"instock","13":"taxable","14":"shipping-taxable","15":"purchasable","16":"product-type-variable","17":"has-default-attributes","18":"wvs-archive-product-wrapper"},"yoast_head":"<!-- This site is optimized with the Yoast SEO plugin v27.2 - https:\/\/yoast.com\/product\/yoast-seo-wordpress\/ -->\n<title>SCOTT Aspect 970 \u2013 Ikonisks velosip\u0113ds ar augst\u0101k\u0101 l\u012bme\u0146a veiktsp\u0113ju | Velo Outlets<\/title>\n<meta name=\"description\" content=\"Ieg\u0101d\u0101jies SCOTT velosip\u0113du Velo Outlets! Daudzveid\u012bga izv\u0113le no da\u017e\u0101diem SCOTT mode\u013ciem, kas garant\u0113 komfortu un veiktsp\u0113ju gan uz ce\u013ca, gan me\u017e\u0101\" \/>\n<meta name=\"robots\" content=\"index, follow, max-snippet:-1, max-image-preview:large, max-video-preview:-1\" \/>\n<link rel=\"canonical\" href=\"https:\/\/velooutlets.com\/lt\/produktas\/scott-aspect-970-zals\/\" \/>\n<meta property=\"og:locale\" content=\"lt_LT\" \/>\n<meta property=\"og:type\" content=\"article\" \/>\n<meta property=\"og:title\" content=\"SCOTT Aspect 970 \u2013 Ikonisks velosip\u0113ds ar augst\u0101k\u0101 l\u012bme\u0146a veiktsp\u0113ju | Velo Outlets\" \/>\n<meta property=\"og:description\" content=\"Ieg\u0101d\u0101jies SCOTT velosip\u0113du Velo Outlets! Daudzveid\u012bga izv\u0113le no da\u017e\u0101diem SCOTT mode\u013ciem, kas garant\u0113 komfortu un veiktsp\u0113ju gan uz ce\u013ca, gan me\u017e\u0101\" \/>\n<meta property=\"og:url\" content=\"https:\/\/velooutlets.com\/lt\/produktas\/scott-aspect-970-zals\/\" \/>\n<meta property=\"og:site_name\" content=\"Velo Outlets\" \/>\n<meta property=\"article:modified_time\" content=\"2026-04-19T11:45:06+00:00\" \/>\n<meta property=\"og:image\" content=\"https:\/\/velooutlets.com\/wp-content\/uploads\/2026\/02\/1000191875.jpg\" \/>\n\t<meta property=\"og:image:width\" content=\"1080\" \/>\n\t<meta property=\"og:image:height\" content=\"678\" \/>\n\t<meta property=\"og:image:type\" content=\"image\/jpeg\" \/>\n<meta name=\"twitter:card\" content=\"summary_large_image\" \/>\n<meta name=\"twitter:label1\" content=\"Est. reading time\" \/>\n\t<meta name=\"twitter:data1\" content=\"1 minut\u0117\" \/>\n<script type=\"application\/ld+json\" class=\"yoast-schema-graph\">{\"@context\":\"https:\/\/schema.org\",\"@graph\":[{\"@type\":\"WebPage\",\"@id\":\"https:\/\/velooutlets.com\/products\/scott-aspect-970-zals\/\",\"url\":\"https:\/\/velooutlets.com\/products\/scott-aspect-970-zals\/\",\"name\":\"SCOTT Aspect 970 \u2013 Ikonisks velosip\u0113ds ar augst\u0101k\u0101 l\u012bme\u0146a veiktsp\u0113ju | Velo Outlets\",\"isPartOf\":{\"@id\":\"https:\/\/velooutlets.com\/en\/#website\"},\"primaryImageOfPage\":{\"@id\":\"https:\/\/velooutlets.com\/products\/scott-aspect-970-zals\/#primaryimage\"},\"image\":{\"@id\":\"https:\/\/velooutlets.com\/products\/scott-aspect-970-zals\/#primaryimage\"},\"thumbnailUrl\":\"https:\/\/velooutlets.com\/wp-content\/uploads\/2026\/02\/1000191875.jpg\",\"datePublished\":\"2026-02-03T21:57:08+00:00\",\"dateModified\":\"2026-04-19T11:45:06+00:00\",\"description\":\"Ieg\u0101d\u0101jies SCOTT velosip\u0113du Velo Outlets! Daudzveid\u012bga izv\u0113le no da\u017e\u0101diem SCOTT mode\u013ciem, kas garant\u0113 komfortu un veiktsp\u0113ju gan uz ce\u013ca, gan me\u017e\u0101\",\"breadcrumb\":{\"@id\":\"https:\/\/velooutlets.com\/products\/scott-aspect-970-zals\/#breadcrumb\"},\"inLanguage\":\"lt-LT\",\"potentialAction\":[{\"@type\":\"ReadAction\",\"target\":[\"https:\/\/velooutlets.com\/products\/scott-aspect-970-zals\/\"]}]},{\"@type\":\"ImageObject\",\"inLanguage\":\"lt-LT\",\"@id\":\"https:\/\/velooutlets.com\/products\/scott-aspect-970-zals\/#primaryimage\",\"url\":\"https:\/\/velooutlets.com\/wp-content\/uploads\/2026\/02\/1000191875.jpg\",\"contentUrl\":\"https:\/\/velooutlets.com\/wp-content\/uploads\/2026\/02\/1000191875.jpg\",\"width\":1080,\"height\":678},{\"@type\":\"BreadcrumbList\",\"@id\":\"https:\/\/velooutlets.com\/products\/scott-aspect-970-zals\/#breadcrumb\",\"itemListElement\":[{\"@type\":\"ListItem\",\"position\":1,\"name\":\"Home\",\"item\":\"https:\/\/velooutlets.com\/\"},{\"@type\":\"ListItem\",\"position\":2,\"name\":\"Veikals\",\"item\":\"https:\/\/velooutlets.com\/shop\/\"},{\"@type\":\"ListItem\",\"position\":3,\"name\":\"SCOTT Aspect 970 green\"}]},{\"@type\":\"WebSite\",\"@id\":\"https:\/\/velooutlets.com\/en\/#website\",\"url\":\"https:\/\/velooutlets.com\/en\/\",\"name\":\"Velo Outlets\",\"description\":\"Velosip\u0113di visai \u0123imenei\",\"potentialAction\":[{\"@type\":\"SearchAction\",\"target\":{\"@type\":\"EntryPoint\",\"urlTemplate\":\"https:\/\/velooutlets.com\/en\/?s={search_term_string}\"},\"query-input\":{\"@type\":\"PropertyValueSpecification\",\"valueRequired\":true,\"valueName\":\"search_term_string\"}}],\"inLanguage\":\"lt-LT\"}]}<\/script>\n<!-- \/ Yoast SEO plugin. -->","yoast_head_json":{"title":"SCOTT Aspect 970 \u2013 Ikonisks velosip\u0113ds ar augst\u0101k\u0101 l\u012bme\u0146a veiktsp\u0113ju | Velo Outlets","description":"Ieg\u0101d\u0101jies SCOTT velosip\u0113du Velo Outlets! Daudzveid\u012bga izv\u0113le no da\u017e\u0101diem SCOTT mode\u013ciem, kas garant\u0113 komfortu un veiktsp\u0113ju gan uz ce\u013ca, gan me\u017e\u0101","robots":{"index":"index","follow":"follow","max-snippet":"max-snippet:-1","max-image-preview":"max-image-preview:large","max-video-preview":"max-video-preview:-1"},"canonical":"https:\/\/velooutlets.com\/lt\/produktas\/scott-aspect-970-zals\/","og_locale":"lt_LT","og_type":"article","og_title":"SCOTT Aspect 970 \u2013 Ikonisks velosip\u0113ds ar augst\u0101k\u0101 l\u012bme\u0146a veiktsp\u0113ju | Velo Outlets","og_description":"Ieg\u0101d\u0101jies SCOTT velosip\u0113du Velo Outlets! Daudzveid\u012bga izv\u0113le no da\u017e\u0101diem SCOTT mode\u013ciem, kas garant\u0113 komfortu un veiktsp\u0113ju gan uz ce\u013ca, gan me\u017e\u0101","og_url":"https:\/\/velooutlets.com\/lt\/produktas\/scott-aspect-970-zals\/","og_site_name":"Velo Outlets","article_modified_time":"2026-04-19T11:45:06+00:00","og_image":[{"width":1080,"height":678,"url":"https:\/\/velooutlets.com\/wp-content\/uploads\/2026\/02\/1000191875.jpg","type":"image\/jpeg"}],"twitter_card":"summary_large_image","twitter_misc":{"Est. reading time":"1 minut\u0117"},"schema":{"@context":"https:\/\/schema.org","@graph":[{"@type":"WebPage","@id":"https:\/\/velooutlets.com\/products\/scott-aspect-970-zals\/","url":"https:\/\/velooutlets.com\/products\/scott-aspect-970-zals\/","name":"SCOTT Aspect 970 \u2013 Ikonisks velosip\u0113ds ar augst\u0101k\u0101 l\u012bme\u0146a veiktsp\u0113ju | Velo Outlets","isPartOf":{"@id":"https:\/\/velooutlets.com\/en\/#website"},"primaryImageOfPage":{"@id":"https:\/\/velooutlets.com\/products\/scott-aspect-970-zals\/#primaryimage"},"image":{"@id":"https:\/\/velooutlets.com\/products\/scott-aspect-970-zals\/#primaryimage"},"thumbnailUrl":"https:\/\/velooutlets.com\/wp-content\/uploads\/2026\/02\/1000191875.jpg","datePublished":"2026-02-03T21:57:08+00:00","dateModified":"2026-04-19T11:45:06+00:00","description":"Ieg\u0101d\u0101jies SCOTT velosip\u0113du Velo Outlets! Daudzveid\u012bga izv\u0113le no da\u017e\u0101diem SCOTT mode\u013ciem, kas garant\u0113 komfortu un veiktsp\u0113ju gan uz ce\u013ca, gan me\u017e\u0101","breadcrumb":{"@id":"https:\/\/velooutlets.com\/products\/scott-aspect-970-zals\/#breadcrumb"},"inLanguage":"lt-LT","potentialAction":[{"@type":"ReadAction","target":["https:\/\/velooutlets.com\/products\/scott-aspect-970-zals\/"]}]},{"@type":"ImageObject","inLanguage":"lt-LT","@id":"https:\/\/velooutlets.com\/products\/scott-aspect-970-zals\/#primaryimage","url":"https:\/\/velooutlets.com\/wp-content\/uploads\/2026\/02\/1000191875.jpg","contentUrl":"https:\/\/velooutlets.com\/wp-content\/uploads\/2026\/02\/1000191875.jpg","width":1080,"height":678},{"@type":"BreadcrumbList","@id":"https:\/\/velooutlets.com\/products\/scott-aspect-970-zals\/#breadcrumb","itemListElement":[{"@type":"ListItem","position":1,"name":"Home","item":"https:\/\/velooutlets.com\/"},{"@type":"ListItem","position":2,"name":"Veikals","item":"https:\/\/velooutlets.com\/shop\/"},{"@type":"ListItem","position":3,"name":"SCOTT Aspect 970 green"}]},{"@type":"WebSite","@id":"https:\/\/velooutlets.com\/en\/#website","url":"https:\/\/velooutlets.com\/en\/","name":"\"Velo Outlets","description":"Dvira\u010diai visai \u0161eimai","potentialAction":[{"@type":"SearchAction","target":{"@type":"EntryPoint","urlTemplate":"https:\/\/velooutlets.com\/en\/?s={search_term_string}"},"query-input":{"@type":"PropertyValueSpecification","valueRequired":true,"valueName":"search_term_string"}}],"inLanguage":"lt-LT"}]}},"jetpack_sharing_enabled":true,"_links":{"self":[{"href":"https:\/\/velooutlets.com\/lt\/wp-json\/wp\/v2\/product\/19377","targetHints":{"allow":["GET"]}}],"collection":[{"href":"https:\/\/velooutlets.com\/lt\/wp-json\/wp\/v2\/product"}],"about":[{"href":"https:\/\/velooutlets.com\/lt\/wp-json\/wp\/v2\/types\/product"}],"wp:featuredmedia":[{"embeddable":true,"href":"https:\/\/velooutlets.com\/lt\/wp-json\/wp\/v2\/media\/35738"}],"wp:attachment":[{"href":"https:\/\/velooutlets.com\/lt\/wp-json\/wp\/v2\/media?parent=19377"}],"wp:term":[{"taxonomy":"product_brand","embeddable":true,"href":"https:\/\/velooutlets.com\/lt\/wp-json\/wp\/v2\/product_brand?post=19377"},{"taxonomy":"product_cat","embeddable":true,"href":"https:\/\/velooutlets.com\/lt\/wp-json\/wp\/v2\/product_cat?post=19377"},{"taxonomy":"product_tag","embeddable":true,"href":"https:\/\/velooutlets.com\/lt\/wp-json\/wp\/v2\/product_tag?post=19377"}],"curies":[{"name":"wp","href":"https:\/\/api.w.org\/{rel}","templated":true}]}}