{"id":19953,"date":"2026-02-04T00:59:18","date_gmt":"2026-02-03T22:59:18","guid":{"rendered":"https:\/\/staging.velooutlets.com\/?post_type=product&#038;p=19953"},"modified":"2026-05-13T19:31:29","modified_gmt":"2026-05-13T16:31:29","slug":"scott-addict-40-reseda-green-2026","status":"publish","type":"product","link":"https:\/\/velooutlets.com\/lt\/produktas\/scott-addict-40-reseda-green-2026\/","title":{"rendered":"Scott Addict 40 Reseda Green 2026"},"content":{"rendered":"<p><strong>Scott<\/strong> <strong data-start=\"0\" data-end=\"51\">Addict 40<\/strong> ir viegls un sportiski orient\u0113ts karbona \u0161osejas velosip\u0113ds, kas apvieno augstu veiktsp\u0113ju ar komfortablu endurance \u0123eometriju gar\u0101kiem braucieniem. Tas paredz\u0113ts brauc\u0113jiem, kuri v\u0113las \u0101tru un efekt\u012bvu velosip\u0113du ikdienas treni\u0146iem, sportiskiem izbraucieniem un gar\u0101k\u0101m distanc\u0113m.<\/p>\n<p data-start=\"335\" data-end=\"645\">Velosip\u0113ds b\u016bv\u0113ts uz Addict HMF Carbon r\u0101mja ar endurance \u0123eometriju, kas nodro\u0161ina \u0113rt\u0101ku s\u0113dpoz\u012bciju un lab\u0101ku komfortu uz nel\u012bdzeniem ce\u013ciem. Integr\u0113t\u0101 kabe\u013cu vad\u012bba un integr\u0113t\u0101 glab\u0101tuve pie\u0161\u0137ir t\u012bru izskatu un uzlabo funkcionalit\u0101ti. Karbona dak\u0161a pal\u012bdz efekt\u012bvi absorb\u0113t vibr\u0101cijas un uzlabot kontroli.<\/p>\n<p data-start=\"647\" data-end=\"846\">Shimano 105 Di2 elektronisk\u0101 2\u00d712 piedzi\u0146a nodro\u0161ina \u013coti prec\u012bzu un \u0101tru p\u0101rsl\u0113g\u0161anos. 50\/34T kla\u0146i kombin\u0101cij\u0101 ar 11\u201334T kaseti pied\u0101v\u0101 pla\u0161u p\u0101rnesumu diapazonu gan \u0101trai brauk\u0161anai, gan k\u0101pumiem.<\/p>\n<p data-start=\"848\" data-end=\"1070\">Shimano 105 hidraulisk\u0101s disku bremzes nodro\u0161ina stabilu un kontrol\u0113tu bremz\u0113\u0161anu da\u017e\u0101dos laikapst\u0101k\u013cos. Syncros RP2.0 rati un Schwalbe ONE 700\u00d734C riepas nodro\u0161ina \u0101tru ripo\u0161anu un labu komfortu uz da\u017e\u0101diem ce\u013ca segumiem.<\/p>\n<p data-start=\"1072\" data-end=\"1186\">Ar aptuveno svaru ap 8.7 kg \u0161is modelis ir piem\u0113rots gan sportiskiem braucieniem, gan gar\u0101k\u0101m endurance distanc\u0113m.<\/p>\n<p data-start=\"1188\" data-end=\"1230\"><strong data-start=\"1188\" data-end=\"1206\">Specifikacija:<\/strong><br data-start=\"1206\" data-end=\"1209\" \/>Rite\u0146u izm\u0113rs: 700C<\/p>\n<p data-start=\"1232\" data-end=\"1400\">R\u0101mis: Addict HMF Carbon, endurance \u0123eometrija, integr\u0113t\u0101 kabe\u013cu vad\u012bba, integr\u0113t\u0101 glab\u0101tuve<br data-start=\"1324\" data-end=\"1327\" \/>Dak\u0161a: Addict HMF Flatmount Disc Carbon<br data-start=\"1366\" data-end=\"1369\" \/>St\u016bres gult\u0146i: Acros AIF-1317<\/p>\n<p data-start=\"1402\" data-end=\"1751\">Grei\u010di\u0173 skai\u010dius: 2\u00d712<br data-start=\"1421\" data-end=\"1424\" \/>Priek\u0161\u0113jais p\u0101rsl\u0113dz\u0113js: Shimano 105 Di2 FD-R7150<br data-start=\"1473\" data-end=\"1476\" \/>Aizmugur\u0113jais p\u0101rsl\u0113dz\u0113js: Shimano 105 Di2 RD-R7150<br data-start=\"1527\" data-end=\"1530\" \/>P\u0101rsl\u0113dz\u0113ji \/ brem\u017eu rokturi: Shimano 105 Di2 ST-R7170 \/ BR-R7170<br data-start=\"1595\" data-end=\"1598\" \/>Kla\u0146i: Shimano 105 FC-R7100 Hollowtech II, 50\/34T<br data-start=\"1647\" data-end=\"1650\" \/>Kaset\u0117: \"Shimano CS-R7100\", 11-34T<br data-start=\"1682\" data-end=\"1685\" \/>Grandin\u0117: \"Shimano CN-M6100<br data-start=\"1707\" data-end=\"1710\" \/>K\u0101rbas mezgls (BB): Shimano BB-RS500-PB<\/p>\n<p data-start=\"1753\" data-end=\"1860\">Stabd\u017eiai: \"Shimano BR-R7170\" hidrauliniai diskiniai<br data-start=\"1797\" data-end=\"1800\" \/>Brem\u017eu diski: Shimano RT-CL700, 160 mm priek\u0161\u0101 \/ aizmugur\u0113<\/p>\n<p data-start=\"1862\" data-end=\"1925\">Santykis: Syncros RP2.0 Disc<br data-start=\"1886\" data-end=\"1889\" \/>Riepas: Schwalbe ONE Fold, 700\u00d734C<\/p>\n<p data-start=\"1927\" data-end=\"2015\">Vairas: Syncros HB-R100-AL<br data-start=\"1952\" data-end=\"1955\" \/>\"Syncros ST-R310-AL<br data-start=\"1983\" data-end=\"1986\" \/>Rokturi: Syncros RC Bartape<\/p>\n<p data-start=\"2017\" data-end=\"2093\">S\u0117dyn\u0117s stovas: Syncros SP-R101-CF<br data-start=\"2050\" data-end=\"2053\" \/>S\u0117dyn\u0117: Syncros Tofino V 2.0 Cut Out<\/p>\n<p data-start=\"2095\" data-end=\"2156\">Papildapr\u012bkojums: Syncros st\u016bres instruments, Shimano DN300<\/p>\n<p data-start=\"2158\" data-end=\"2172\" data-is-last-node=\"\" data-is-only-node=\"\">Svars: ~8.7 kg<\/p>","protected":false},"excerpt":{"rendered":"<p>Scott Addict 40 ir viegls un sportiski orient\u0113ts karbona \u0161osejas velosip\u0113ds, kas apvieno augstu veiktsp\u0113ju ar komfortablu endurance \u0123eometriju gar\u0101kiem braucieniem. Tas paredz\u0113ts brauc\u0113jiem, kuri v\u0113las \u0101tru un efekt\u012bvu velosip\u0113du ikdienas treni\u0146iem, sportiskiem izbraucieniem un gar\u0101k\u0101m distanc\u0113m. Velosip\u0113ds b\u016bv\u0113ts uz Addict HMF Carbon r\u0101mja ar endurance \u0123eometriju, kas nodro\u0161ina \u0113rt\u0101ku s\u0113dpoz\u012bciju un lab\u0101ku komfortu uz [&hellip;]<\/p>\n","protected":false},"featured_media":20368,"template":"","meta":{"_monsterinsights_skip_tracking":false,"_monsterinsights_sitenote_active":false,"_monsterinsights_sitenote_note":"","_monsterinsights_sitenote_category":0,"_iconic_wsb_product_page_order_bump_ids":[[]],"_sku":["SCOTT-ADDICT-40-RESEDA-GREEN-2026"],"_iconic_wsb_product_page_bump_modal_ids":[[]]},"product_brand":[872],"product_cat":[1064,1065,1076,1127],"product_tag":[1522],"class_list":{"0":"post-19953","1":"product","2":"type-product","3":"status-publish","4":"has-post-thumbnail","6":"product_brand-scott","7":"product_cat-scott","8":"product_cat-scott-2026","9":"product_cat-sosejas-velosipedi-700c","10":"product_cat-velosipedi","11":"product_tag-scott","12":"product_shipping_class-pieauguso-velosipedi","13":"pa_materials-addict-hmf-carbon","14":"pa_materials-endurance-geometrija","15":"pa_materials-integreta-glabatuve","16":"pa_materials-integreta-kabelu-vadiba","17":"pa_razosanas-gads-1253","19":"first","20":"instock","21":"sale","22":"taxable","23":"shipping-taxable","24":"purchasable","25":"product-type-variable","26":"wvs-archive-product-wrapper"},"yoast_head":"<!-- This site is optimized with the Yoast SEO plugin v27.2 - https:\/\/yoast.com\/product\/yoast-seo-wordpress\/ -->\n<title>Scott Addict 40 Reseda Green 2026 - Velo Outlets<\/title>\n<meta name=\"robots\" content=\"index, follow, max-snippet:-1, max-image-preview:large, max-video-preview:-1\" \/>\n<link rel=\"canonical\" href=\"https:\/\/velooutlets.com\/lt\/produktas\/scott-addict-40-reseda-green-2026\/\" \/>\n<meta property=\"og:locale\" content=\"lt_LT\" \/>\n<meta property=\"og:type\" content=\"article\" \/>\n<meta property=\"og:title\" content=\"Scott Addict 40 Reseda Green 2026 - Velo Outlets\" \/>\n<meta property=\"og:description\" content=\"Scott Addict 40 ir viegls un sportiski orient\u0113ts karbona \u0161osejas velosip\u0113ds, kas apvieno augstu veiktsp\u0113ju ar komfortablu endurance \u0123eometriju gar\u0101kiem braucieniem. Tas paredz\u0113ts brauc\u0113jiem, kuri v\u0113las \u0101tru un efekt\u012bvu velosip\u0113du ikdienas treni\u0146iem, sportiskiem izbraucieniem un gar\u0101k\u0101m distanc\u0113m. Velosip\u0113ds b\u016bv\u0113ts uz Addict HMF Carbon r\u0101mja ar endurance \u0123eometriju, kas nodro\u0161ina \u0113rt\u0101ku s\u0113dpoz\u012bciju un lab\u0101ku komfortu uz [&hellip;]\" \/>\n<meta property=\"og:url\" content=\"https:\/\/velooutlets.com\/lt\/produktas\/scott-addict-40-reseda-green-2026\/\" \/>\n<meta property=\"og:site_name\" content=\"Velo Outlets\" \/>\n<meta property=\"article:modified_time\" content=\"2026-05-13T16:31:29+00:00\" \/>\n<meta property=\"og:image\" content=\"https:\/\/velooutlets.com\/wp-content\/uploads\/2026\/02\/Ekranuznemums2025-08-12220151-4.jpg\" \/>\n\t<meta property=\"og:image:width\" content=\"861\" \/>\n\t<meta property=\"og:image:height\" content=\"621\" \/>\n\t<meta property=\"og:image:type\" content=\"image\/jpeg\" \/>\n<meta name=\"twitter:card\" content=\"summary_large_image\" \/>\n<meta name=\"twitter:label1\" content=\"Est. reading time\" \/>\n\t<meta name=\"twitter:data1\" content=\"2 minut\u0117s\" \/>\n<script type=\"application\/ld+json\" class=\"yoast-schema-graph\">{\"@context\":\"https:\/\/schema.org\",\"@graph\":[{\"@type\":\"WebPage\",\"@id\":\"https:\/\/velooutlets.com\/products\/scott-addict-40-reseda-green-2026\/\",\"url\":\"https:\/\/velooutlets.com\/products\/scott-addict-40-reseda-green-2026\/\",\"name\":\"Scott Addict 40 Reseda Green 2026 - Velo Outlets\",\"isPartOf\":{\"@id\":\"https:\/\/velooutlets.com\/en\/#website\"},\"primaryImageOfPage\":{\"@id\":\"https:\/\/velooutlets.com\/products\/scott-addict-40-reseda-green-2026\/#primaryimage\"},\"image\":{\"@id\":\"https:\/\/velooutlets.com\/products\/scott-addict-40-reseda-green-2026\/#primaryimage\"},\"thumbnailUrl\":\"https:\/\/velooutlets.com\/wp-content\/uploads\/2026\/02\/Ekranuznemums2025-08-12220151-4.jpg\",\"datePublished\":\"2026-02-03T22:59:18+00:00\",\"dateModified\":\"2026-05-13T16:31:29+00:00\",\"breadcrumb\":{\"@id\":\"https:\/\/velooutlets.com\/products\/scott-addict-40-reseda-green-2026\/#breadcrumb\"},\"inLanguage\":\"lt-LT\",\"potentialAction\":[{\"@type\":\"ReadAction\",\"target\":[\"https:\/\/velooutlets.com\/products\/scott-addict-40-reseda-green-2026\/\"]}]},{\"@type\":\"ImageObject\",\"inLanguage\":\"lt-LT\",\"@id\":\"https:\/\/velooutlets.com\/products\/scott-addict-40-reseda-green-2026\/#primaryimage\",\"url\":\"https:\/\/velooutlets.com\/wp-content\/uploads\/2026\/02\/Ekranuznemums2025-08-12220151-4.jpg\",\"contentUrl\":\"https:\/\/velooutlets.com\/wp-content\/uploads\/2026\/02\/Ekranuznemums2025-08-12220151-4.jpg\",\"width\":861,\"height\":621},{\"@type\":\"BreadcrumbList\",\"@id\":\"https:\/\/velooutlets.com\/products\/scott-addict-40-reseda-green-2026\/#breadcrumb\",\"itemListElement\":[{\"@type\":\"ListItem\",\"position\":1,\"name\":\"Home\",\"item\":\"https:\/\/velooutlets.com\/\"},{\"@type\":\"ListItem\",\"position\":2,\"name\":\"Veikals\",\"item\":\"https:\/\/velooutlets.com\/shop\/\"},{\"@type\":\"ListItem\",\"position\":3,\"name\":\"Scott Addict 40 Reseda Green 2026\"}]},{\"@type\":\"WebSite\",\"@id\":\"https:\/\/velooutlets.com\/en\/#website\",\"url\":\"https:\/\/velooutlets.com\/en\/\",\"name\":\"Velo Outlets\",\"description\":\"Velosip\u0113di visai \u0123imenei\",\"potentialAction\":[{\"@type\":\"SearchAction\",\"target\":{\"@type\":\"EntryPoint\",\"urlTemplate\":\"https:\/\/velooutlets.com\/en\/?s={search_term_string}\"},\"query-input\":{\"@type\":\"PropertyValueSpecification\",\"valueRequired\":true,\"valueName\":\"search_term_string\"}}],\"inLanguage\":\"lt-LT\"}]}<\/script>\n<!-- \/ Yoast SEO plugin. -->","yoast_head_json":{"title":"Scott Addict 40 Reseda Green 2026 - Velo Outlets","robots":{"index":"index","follow":"follow","max-snippet":"max-snippet:-1","max-image-preview":"max-image-preview:large","max-video-preview":"max-video-preview:-1"},"canonical":"https:\/\/velooutlets.com\/lt\/produktas\/scott-addict-40-reseda-green-2026\/","og_locale":"lt_LT","og_type":"article","og_title":"Scott Addict 40 Reseda Green 2026 - Velo Outlets","og_description":"Scott Addict 40 ir viegls un sportiski orient\u0113ts karbona \u0161osejas velosip\u0113ds, kas apvieno augstu veiktsp\u0113ju ar komfortablu endurance \u0123eometriju gar\u0101kiem braucieniem. Tas paredz\u0113ts brauc\u0113jiem, kuri v\u0113las \u0101tru un efekt\u012bvu velosip\u0113du ikdienas treni\u0146iem, sportiskiem izbraucieniem un gar\u0101k\u0101m distanc\u0113m. Velosip\u0113ds b\u016bv\u0113ts uz Addict HMF Carbon r\u0101mja ar endurance \u0123eometriju, kas nodro\u0161ina \u0113rt\u0101ku s\u0113dpoz\u012bciju un lab\u0101ku komfortu uz [&hellip;]","og_url":"https:\/\/velooutlets.com\/lt\/produktas\/scott-addict-40-reseda-green-2026\/","og_site_name":"Velo Outlets","article_modified_time":"2026-05-13T16:31:29+00:00","og_image":[{"width":861,"height":621,"url":"https:\/\/velooutlets.com\/wp-content\/uploads\/2026\/02\/Ekranuznemums2025-08-12220151-4.jpg","type":"image\/jpeg"}],"twitter_card":"summary_large_image","twitter_misc":{"Est. reading time":"2 minut\u0117s"},"schema":{"@context":"https:\/\/schema.org","@graph":[{"@type":"WebPage","@id":"https:\/\/velooutlets.com\/products\/scott-addict-40-reseda-green-2026\/","url":"https:\/\/velooutlets.com\/products\/scott-addict-40-reseda-green-2026\/","name":"Scott Addict 40 Reseda Green 2026 - Velo Outlets","isPartOf":{"@id":"https:\/\/velooutlets.com\/en\/#website"},"primaryImageOfPage":{"@id":"https:\/\/velooutlets.com\/products\/scott-addict-40-reseda-green-2026\/#primaryimage"},"image":{"@id":"https:\/\/velooutlets.com\/products\/scott-addict-40-reseda-green-2026\/#primaryimage"},"thumbnailUrl":"https:\/\/velooutlets.com\/wp-content\/uploads\/2026\/02\/Ekranuznemums2025-08-12220151-4.jpg","datePublished":"2026-02-03T22:59:18+00:00","dateModified":"2026-05-13T16:31:29+00:00","breadcrumb":{"@id":"https:\/\/velooutlets.com\/products\/scott-addict-40-reseda-green-2026\/#breadcrumb"},"inLanguage":"lt-LT","potentialAction":[{"@type":"ReadAction","target":["https:\/\/velooutlets.com\/products\/scott-addict-40-reseda-green-2026\/"]}]},{"@type":"ImageObject","inLanguage":"lt-LT","@id":"https:\/\/velooutlets.com\/products\/scott-addict-40-reseda-green-2026\/#primaryimage","url":"https:\/\/velooutlets.com\/wp-content\/uploads\/2026\/02\/Ekranuznemums2025-08-12220151-4.jpg","contentUrl":"https:\/\/velooutlets.com\/wp-content\/uploads\/2026\/02\/Ekranuznemums2025-08-12220151-4.jpg","width":861,"height":621},{"@type":"BreadcrumbList","@id":"https:\/\/velooutlets.com\/products\/scott-addict-40-reseda-green-2026\/#breadcrumb","itemListElement":[{"@type":"ListItem","position":1,"name":"Home","item":"https:\/\/velooutlets.com\/"},{"@type":"ListItem","position":2,"name":"Veikals","item":"https:\/\/velooutlets.com\/shop\/"},{"@type":"ListItem","position":3,"name":"Scott Addict 40 Reseda Green 2026"}]},{"@type":"WebSite","@id":"https:\/\/velooutlets.com\/en\/#website","url":"https:\/\/velooutlets.com\/en\/","name":"\"Velo Outlets","description":"Dvira\u010diai visai \u0161eimai","potentialAction":[{"@type":"SearchAction","target":{"@type":"EntryPoint","urlTemplate":"https:\/\/velooutlets.com\/en\/?s={search_term_string}"},"query-input":{"@type":"PropertyValueSpecification","valueRequired":true,"valueName":"search_term_string"}}],"inLanguage":"lt-LT"}]}},"jetpack_sharing_enabled":true,"_links":{"self":[{"href":"https:\/\/velooutlets.com\/lt\/wp-json\/wp\/v2\/product\/19953","targetHints":{"allow":["GET"]}}],"collection":[{"href":"https:\/\/velooutlets.com\/lt\/wp-json\/wp\/v2\/product"}],"about":[{"href":"https:\/\/velooutlets.com\/lt\/wp-json\/wp\/v2\/types\/product"}],"wp:featuredmedia":[{"embeddable":true,"href":"https:\/\/velooutlets.com\/lt\/wp-json\/wp\/v2\/media\/20368"}],"wp:attachment":[{"href":"https:\/\/velooutlets.com\/lt\/wp-json\/wp\/v2\/media?parent=19953"}],"wp:term":[{"taxonomy":"product_brand","embeddable":true,"href":"https:\/\/velooutlets.com\/lt\/wp-json\/wp\/v2\/product_brand?post=19953"},{"taxonomy":"product_cat","embeddable":true,"href":"https:\/\/velooutlets.com\/lt\/wp-json\/wp\/v2\/product_cat?post=19953"},{"taxonomy":"product_tag","embeddable":true,"href":"https:\/\/velooutlets.com\/lt\/wp-json\/wp\/v2\/product_tag?post=19953"}],"curies":[{"name":"wp","href":"https:\/\/api.w.org\/{rel}","templated":true}]}}