{"id":20544,"date":"2026-02-04T09:06:51","date_gmt":"2026-02-04T07:06:51","guid":{"rendered":"https:\/\/staging.velooutlets.com\/product\/booster-turbo-20\/"},"modified":"2026-05-11T15:13:22","modified_gmt":"2026-05-11T12:13:22","slug":"booster-turbo-20cll-orange","status":"publish","type":"product","link":"https:\/\/velooutlets.com\/lt\/produktas\/booster-turbo-20cll-orange\/","title":{"rendered":"Booster Turbo 20&#8221;"},"content":{"rendered":"<p>\"Booster Turbo 200\" su 20 coli\u0173 ratais yra tvirtas ir patikimas vaiki\u0161kas dviratis, tinkamas aktyviai va\u017ein\u0117ti kasdien. Hi-Ten plieno r\u0117mas ir \u0161ak\u0117 u\u017etikrina stabili\u0105 ir patikim\u0105 konstrukcij\u0105, tinkam\u0105 jauniesiems dviratininkams. Dviratyje sumontuota 6 pavar\u0173 sistema ir indeksuotas b\u0117gi\u0173 perjungiklis, leid\u017eiantis lengvai ir ai\u0161kiai perjungti pavaras \u012fvairiomis s\u0105lygomis. \u0160is modelis yra prakti\u0161kas pasirinkimas vaikams, norintiems i\u0161mokti va\u017eiuoti u\u017etikrintai ir patogiai.<\/p>","protected":false},"excerpt":{"rendered":"<p>Booster Turbo 200 ar 20 collu rite\u0146iem ir iztur\u012bgs un uzticams b\u0113rnu velosip\u0113ds, kas piem\u0113rots akt\u012bvai ikdienas brauk\u0161anai. Hi-Ten t\u0113rauda r\u0101mis un dak\u0161a nodro\u0161ina stabilu un dro\u0161u konstrukciju, kas piem\u0113rota jaunajiem brauc\u0113jiem. Velosip\u0113ds apr\u012bkots ar 6 \u0101trumu sist\u0113mu un indeks\u0113to p\u0101rsl\u0113dz\u0113ju, kas \u013cauj viegli un saprotami p\u0101rsl\u0113gt p\u0101rnesumus da\u017e\u0101dos apst\u0101k\u013cos. \u0160is modelis ir praktiska izv\u0113le [&hellip;]<\/p>\n","protected":false},"featured_media":35937,"template":"","meta":{"_monsterinsights_skip_tracking":false,"_monsterinsights_sitenote_active":false,"_monsterinsights_sitenote_note":"","_monsterinsights_sitenote_category":0,"_iconic_wsb_product_page_order_bump_ids":[[]],"_sku":[],"_iconic_wsb_product_page_bump_modal_ids":[[]]},"product_brand":[871],"product_cat":[932,1127],"product_tag":[1525,855,212],"class_list":{"0":"post-20544","1":"product","2":"type-product","3":"status-publish","4":"has-post-thumbnail","6":"product_brand-polar","7":"product_cat-bernu-velosipedi","8":"product_cat-velosipedi","9":"product_tag-04_02_26","10":"product_tag-pec-pasutijuma","11":"product_tag-velosipedi","12":"product_shipping_class-bernu-velosipedi","13":"pa_height-range-115-135cm","15":"first","16":"instock","17":"taxable","18":"shipping-taxable","19":"purchasable","20":"product-type-simple"},"yoast_head":"<!-- This site is optimized with the Yoast SEO plugin v27.2 - https:\/\/yoast.com\/product\/yoast-seo-wordpress\/ -->\n<title>Booster Turbo 20&#039;&#039; - Velo Outlets<\/title>\n<meta name=\"robots\" content=\"index, follow, max-snippet:-1, max-image-preview:large, max-video-preview:-1\" \/>\n<link rel=\"canonical\" href=\"https:\/\/velooutlets.com\/lt\/produktas\/booster-turbo-20cll-orange\/\" \/>\n<meta property=\"og:locale\" content=\"lt_LT\" \/>\n<meta property=\"og:type\" content=\"article\" \/>\n<meta property=\"og:title\" content=\"Booster Turbo 20&#039;&#039; - Velo Outlets\" \/>\n<meta property=\"og:description\" content=\"Booster Turbo 200 ar 20 collu rite\u0146iem ir iztur\u012bgs un uzticams b\u0113rnu velosip\u0113ds, kas piem\u0113rots akt\u012bvai ikdienas brauk\u0161anai. Hi-Ten t\u0113rauda r\u0101mis un dak\u0161a nodro\u0161ina stabilu un dro\u0161u konstrukciju, kas piem\u0113rota jaunajiem brauc\u0113jiem. Velosip\u0113ds apr\u012bkots ar 6 \u0101trumu sist\u0113mu un indeks\u0113to p\u0101rsl\u0113dz\u0113ju, kas \u013cauj viegli un saprotami p\u0101rsl\u0113gt p\u0101rnesumus da\u017e\u0101dos apst\u0101k\u013cos. \u0160is modelis ir praktiska izv\u0113le [&hellip;]\" \/>\n<meta property=\"og:url\" content=\"https:\/\/velooutlets.com\/lt\/produktas\/booster-turbo-20cll-orange\/\" \/>\n<meta property=\"og:site_name\" content=\"Velo Outlets\" \/>\n<meta property=\"article:modified_time\" content=\"2026-05-11T12:13:22+00:00\" \/>\n<meta property=\"og:image\" content=\"https:\/\/velooutlets.com\/wp-content\/uploads\/2026\/02\/NBF07227.jpg\" \/>\n\t<meta property=\"og:image:width\" content=\"2000\" \/>\n\t<meta property=\"og:image:height\" content=\"1333\" \/>\n\t<meta property=\"og:image:type\" content=\"image\/jpeg\" \/>\n<meta name=\"twitter:card\" content=\"summary_large_image\" \/>\n<meta name=\"twitter:label1\" content=\"Est. reading time\" \/>\n\t<meta name=\"twitter:data1\" content=\"1 minut\u0117\" \/>\n<script type=\"application\/ld+json\" class=\"yoast-schema-graph\">{\"@context\":\"https:\/\/schema.org\",\"@graph\":[{\"@type\":\"WebPage\",\"@id\":\"https:\/\/velooutlets.com\/products\/booster-turbo-20cll-orange\/\",\"url\":\"https:\/\/velooutlets.com\/products\/booster-turbo-20cll-orange\/\",\"name\":\"Booster Turbo 20'' - Velo Outlets\",\"isPartOf\":{\"@id\":\"https:\/\/velooutlets.com\/en\/#website\"},\"primaryImageOfPage\":{\"@id\":\"https:\/\/velooutlets.com\/products\/booster-turbo-20cll-orange\/#primaryimage\"},\"image\":{\"@id\":\"https:\/\/velooutlets.com\/products\/booster-turbo-20cll-orange\/#primaryimage\"},\"thumbnailUrl\":\"https:\/\/velooutlets.com\/wp-content\/uploads\/2026\/02\/NBF07227.jpg\",\"datePublished\":\"2026-02-04T07:06:51+00:00\",\"dateModified\":\"2026-05-11T12:13:22+00:00\",\"breadcrumb\":{\"@id\":\"https:\/\/velooutlets.com\/products\/booster-turbo-20cll-orange\/#breadcrumb\"},\"inLanguage\":\"lt-LT\",\"potentialAction\":[{\"@type\":\"ReadAction\",\"target\":[\"https:\/\/velooutlets.com\/products\/booster-turbo-20cll-orange\/\"]}]},{\"@type\":\"ImageObject\",\"inLanguage\":\"lt-LT\",\"@id\":\"https:\/\/velooutlets.com\/products\/booster-turbo-20cll-orange\/#primaryimage\",\"url\":\"https:\/\/velooutlets.com\/wp-content\/uploads\/2026\/02\/NBF07227.jpg\",\"contentUrl\":\"https:\/\/velooutlets.com\/wp-content\/uploads\/2026\/02\/NBF07227.jpg\",\"width\":2000,\"height\":1333},{\"@type\":\"BreadcrumbList\",\"@id\":\"https:\/\/velooutlets.com\/products\/booster-turbo-20cll-orange\/#breadcrumb\",\"itemListElement\":[{\"@type\":\"ListItem\",\"position\":1,\"name\":\"Home\",\"item\":\"https:\/\/velooutlets.com\/\"},{\"@type\":\"ListItem\",\"position\":2,\"name\":\"Veikals\",\"item\":\"https:\/\/velooutlets.com\/shop\/\"},{\"@type\":\"ListItem\",\"position\":3,\"name\":\"Booster Turbo 20&#8221;\"}]},{\"@type\":\"WebSite\",\"@id\":\"https:\/\/velooutlets.com\/en\/#website\",\"url\":\"https:\/\/velooutlets.com\/en\/\",\"name\":\"Velo Outlets\",\"description\":\"Velosip\u0113di visai \u0123imenei\",\"potentialAction\":[{\"@type\":\"SearchAction\",\"target\":{\"@type\":\"EntryPoint\",\"urlTemplate\":\"https:\/\/velooutlets.com\/en\/?s={search_term_string}\"},\"query-input\":{\"@type\":\"PropertyValueSpecification\",\"valueRequired\":true,\"valueName\":\"search_term_string\"}}],\"inLanguage\":\"lt-LT\"}]}<\/script>\n<!-- \/ Yoast SEO plugin. -->","yoast_head_json":{"title":"Booster Turbo 20'' - Velo Outlets","robots":{"index":"index","follow":"follow","max-snippet":"max-snippet:-1","max-image-preview":"max-image-preview:large","max-video-preview":"max-video-preview:-1"},"canonical":"https:\/\/velooutlets.com\/lt\/produktas\/booster-turbo-20cll-orange\/","og_locale":"lt_LT","og_type":"article","og_title":"Booster Turbo 20'' - Velo Outlets","og_description":"Booster Turbo 200 ar 20 collu rite\u0146iem ir iztur\u012bgs un uzticams b\u0113rnu velosip\u0113ds, kas piem\u0113rots akt\u012bvai ikdienas brauk\u0161anai. Hi-Ten t\u0113rauda r\u0101mis un dak\u0161a nodro\u0161ina stabilu un dro\u0161u konstrukciju, kas piem\u0113rota jaunajiem brauc\u0113jiem. Velosip\u0113ds apr\u012bkots ar 6 \u0101trumu sist\u0113mu un indeks\u0113to p\u0101rsl\u0113dz\u0113ju, kas \u013cauj viegli un saprotami p\u0101rsl\u0113gt p\u0101rnesumus da\u017e\u0101dos apst\u0101k\u013cos. \u0160is modelis ir praktiska izv\u0113le [&hellip;]","og_url":"https:\/\/velooutlets.com\/lt\/produktas\/booster-turbo-20cll-orange\/","og_site_name":"Velo Outlets","article_modified_time":"2026-05-11T12:13:22+00:00","og_image":[{"width":2000,"height":1333,"url":"https:\/\/velooutlets.com\/wp-content\/uploads\/2026\/02\/NBF07227.jpg","type":"image\/jpeg"}],"twitter_card":"summary_large_image","twitter_misc":{"Est. reading time":"1 minut\u0117"},"schema":{"@context":"https:\/\/schema.org","@graph":[{"@type":"WebPage","@id":"https:\/\/velooutlets.com\/products\/booster-turbo-20cll-orange\/","url":"https:\/\/velooutlets.com\/products\/booster-turbo-20cll-orange\/","name":"Booster Turbo 20'' - Velo Outlets","isPartOf":{"@id":"https:\/\/velooutlets.com\/en\/#website"},"primaryImageOfPage":{"@id":"https:\/\/velooutlets.com\/products\/booster-turbo-20cll-orange\/#primaryimage"},"image":{"@id":"https:\/\/velooutlets.com\/products\/booster-turbo-20cll-orange\/#primaryimage"},"thumbnailUrl":"https:\/\/velooutlets.com\/wp-content\/uploads\/2026\/02\/NBF07227.jpg","datePublished":"2026-02-04T07:06:51+00:00","dateModified":"2026-05-11T12:13:22+00:00","breadcrumb":{"@id":"https:\/\/velooutlets.com\/products\/booster-turbo-20cll-orange\/#breadcrumb"},"inLanguage":"lt-LT","potentialAction":[{"@type":"ReadAction","target":["https:\/\/velooutlets.com\/products\/booster-turbo-20cll-orange\/"]}]},{"@type":"ImageObject","inLanguage":"lt-LT","@id":"https:\/\/velooutlets.com\/products\/booster-turbo-20cll-orange\/#primaryimage","url":"https:\/\/velooutlets.com\/wp-content\/uploads\/2026\/02\/NBF07227.jpg","contentUrl":"https:\/\/velooutlets.com\/wp-content\/uploads\/2026\/02\/NBF07227.jpg","width":2000,"height":1333},{"@type":"BreadcrumbList","@id":"https:\/\/velooutlets.com\/products\/booster-turbo-20cll-orange\/#breadcrumb","itemListElement":[{"@type":"ListItem","position":1,"name":"Home","item":"https:\/\/velooutlets.com\/"},{"@type":"ListItem","position":2,"name":"Veikals","item":"https:\/\/velooutlets.com\/shop\/"},{"@type":"ListItem","position":3,"name":"Booster Turbo 20&#8221;"}]},{"@type":"WebSite","@id":"https:\/\/velooutlets.com\/en\/#website","url":"https:\/\/velooutlets.com\/en\/","name":"\"Velo Outlets","description":"Dvira\u010diai visai \u0161eimai","potentialAction":[{"@type":"SearchAction","target":{"@type":"EntryPoint","urlTemplate":"https:\/\/velooutlets.com\/en\/?s={search_term_string}"},"query-input":{"@type":"PropertyValueSpecification","valueRequired":true,"valueName":"search_term_string"}}],"inLanguage":"lt-LT"}]}},"jetpack_sharing_enabled":true,"_links":{"self":[{"href":"https:\/\/velooutlets.com\/lt\/wp-json\/wp\/v2\/product\/20544","targetHints":{"allow":["GET"]}}],"collection":[{"href":"https:\/\/velooutlets.com\/lt\/wp-json\/wp\/v2\/product"}],"about":[{"href":"https:\/\/velooutlets.com\/lt\/wp-json\/wp\/v2\/types\/product"}],"wp:featuredmedia":[{"embeddable":true,"href":"https:\/\/velooutlets.com\/lt\/wp-json\/wp\/v2\/media\/35937"}],"wp:attachment":[{"href":"https:\/\/velooutlets.com\/lt\/wp-json\/wp\/v2\/media?parent=20544"}],"wp:term":[{"taxonomy":"product_brand","embeddable":true,"href":"https:\/\/velooutlets.com\/lt\/wp-json\/wp\/v2\/product_brand?post=20544"},{"taxonomy":"product_cat","embeddable":true,"href":"https:\/\/velooutlets.com\/lt\/wp-json\/wp\/v2\/product_cat?post=20544"},{"taxonomy":"product_tag","embeddable":true,"href":"https:\/\/velooutlets.com\/lt\/wp-json\/wp\/v2\/product_tag?post=20544"}],"curies":[{"name":"wp","href":"https:\/\/api.w.org\/{rel}","templated":true}]}}