{"id":32196,"date":"2026-02-06T10:59:08","date_gmt":"2026-02-06T08:59:08","guid":{"rendered":"https:\/\/staging.velooutlets.com\/product\/engwe-m20-single-battery-fat-tire-e-bike-white\/"},"modified":"2026-04-16T14:39:22","modified_gmt":"2026-04-16T11:39:22","slug":"engwe-m20-single-battery-fat-tire-e-bike-white","status":"publish","type":"product","link":"https:\/\/velooutlets.com\/lt\/produktas\/engwe-m20-single-battery-fat-tire-e-bike-white\/","title":{"rendered":"ENGWE M20 SINGLE Battery Fat-Tire E-Bike White"},"content":{"rendered":"<p>\"ENGWE M20 SINGLE Battery Electric Motorcycle\" yra galingas ir universalus elektrinis kaln\u0173 motociklas, tinkamas va\u017ein\u0117ti bekele, kalnuose ir mieste. Jo 750 W didelio na\u0161umo be\u0161epet\u0117linis variklis u\u017etikrina skland\u017ei\u0105 trauk\u0105 ir galimyb\u0119 lengvai \u012fveikti statesnes \u012fkalnes ar ilgesnes keliones, o 48 V 13 Ah li\u010dio jon\u0173 akumuliatorius garantuoja didel\u012f nuotolio atstum\u0105 kasdien\u0117ms ir nuotyki\u0173 kelion\u0117ms.<\/p>\n<p>Ant dvira\u010dio sumontuotos 20 x 4,0 coli\u0173 storio padangos, kurios u\u017etikrina puik\u0173 stabilum\u0105 ir sukibim\u0105 su asfaltu, \u017evyru, sm\u0117liu ir net sniegu. Aliuminio lydinio r\u0117mas yra tvirtas, bet palyginti lengvas, o priekin\u0117 pakabos \u0161ak\u0117 leid\u017eia lengvai \u012fveikti nelygius ruo\u017eus, i\u0161laikant komfort\u0105 va\u017eiuojant.<\/p>\n<p>\"ENGWE M20\" saugiai ir tiksliai valdomas su priekiniais ir galiniais diskiniais stabd\u017eiais ir patogia \"Shimano\" grei\u010di\u0173 sistema pavaroms perjungti. LCD ekrane pateikiama visa reikalinga informacija apie greit\u012f, akumuliatoriaus \u012fkrovos lyg\u012f ir nuva\u017eiuot\u0105 atstum\u0105, tod\u0117l \u0161is E-MTB yra patikimas pasirinkimas aktyviems dviratininkams, ie\u0161kantiems galios, komforto ir visapusi\u0161ko naudingumo viename el. dvira\u010dio variante.<\/p>","protected":false},"excerpt":{"rendered":"<p>ENGWE M20 SINGLE Battery Electric Motorcycle ir sp\u0113c\u012bgs un daudzpus\u012bgs elektriskais kalnu velosip\u0113ds, kas piem\u0113rots gan bezce\u013ca un kalnu apvidiem, gan pils\u0113tas braucieniem. T\u0101 750 W augstas veiktsp\u0113jas bezsuku motors nodro\u0161ina vienm\u0113r\u012bgu vilkmi un iesp\u0113ju \u0113rti p\u0101rvar\u0113t st\u0101v\u0101kus kalnus vai ilg\u0101kus izbraucienus, savuk\u0101rt 48V 13Ah litija jonu akumulators garant\u0113 pietiekamu nobraukumu ikdienas un piedz\u012bvojumu braucieniem. [&hellip;]<\/p>\n","protected":false},"featured_media":33162,"template":"","meta":{"_monsterinsights_skip_tracking":false,"_monsterinsights_sitenote_active":false,"_monsterinsights_sitenote_note":"","_monsterinsights_sitenote_category":0,"_iconic_wsb_product_page_order_bump_ids":[[]],"_sku":["6975639440173"],"_iconic_wsb_product_page_bump_modal_ids":[[]]},"product_brand":[1628],"product_cat":[963,1127],"product_tag":[],"class_list":{"0":"post-32196","1":"product","2":"type-product","3":"status-publish","4":"has-post-thumbnail","6":"product_brand-engwe","7":"product_cat-elektro-velosipedi","8":"product_cat-velosipedi","9":"product_shipping_class-elektro-velosipedi","10":"pa_ramja-izmers-uni","12":"first","13":"instock","14":"sale","15":"taxable","16":"shipping-taxable","17":"purchasable","18":"product-type-simple"},"yoast_head":"<!-- This site is optimized with the Yoast SEO plugin v27.2 - https:\/\/yoast.com\/product\/yoast-seo-wordpress\/ -->\n<title>ENGWE M20 SINGLE Battery Fat-Tire E-Bike White - Velo Outlets<\/title>\n<meta name=\"robots\" content=\"index, follow, max-snippet:-1, max-image-preview:large, max-video-preview:-1\" \/>\n<link rel=\"canonical\" href=\"https:\/\/velooutlets.com\/lt\/produktas\/engwe-m20-single-battery-fat-tire-e-bike-white\/\" \/>\n<meta property=\"og:locale\" content=\"lt_LT\" \/>\n<meta property=\"og:type\" content=\"article\" \/>\n<meta property=\"og:title\" content=\"ENGWE M20 SINGLE Battery Fat-Tire E-Bike White - Velo Outlets\" \/>\n<meta property=\"og:description\" content=\"ENGWE M20 SINGLE Battery Electric Motorcycle ir sp\u0113c\u012bgs un daudzpus\u012bgs elektriskais kalnu velosip\u0113ds, kas piem\u0113rots gan bezce\u013ca un kalnu apvidiem, gan pils\u0113tas braucieniem. T\u0101 750 W augstas veiktsp\u0113jas bezsuku motors nodro\u0161ina vienm\u0113r\u012bgu vilkmi un iesp\u0113ju \u0113rti p\u0101rvar\u0113t st\u0101v\u0101kus kalnus vai ilg\u0101kus izbraucienus, savuk\u0101rt 48V 13Ah litija jonu akumulators garant\u0113 pietiekamu nobraukumu ikdienas un piedz\u012bvojumu braucieniem. [&hellip;]\" \/>\n<meta property=\"og:url\" content=\"https:\/\/velooutlets.com\/lt\/produktas\/engwe-m20-single-battery-fat-tire-e-bike-white\/\" \/>\n<meta property=\"og:site_name\" content=\"Velo Outlets\" \/>\n<meta property=\"article:modified_time\" content=\"2026-04-16T11:39:22+00:00\" \/>\n<meta property=\"og:image\" content=\"https:\/\/velooutlets.com\/wp-content\/uploads\/2026\/02\/dviratis-20-elektrinis-engwe-m20-750wh-viena-baterija-baltas_15765-1000xauto_0.jpg\" \/>\n\t<meta property=\"og:image:width\" content=\"1000\" \/>\n\t<meta property=\"og:image:height\" content=\"1000\" \/>\n\t<meta property=\"og:image:type\" content=\"image\/jpeg\" \/>\n<meta name=\"twitter:card\" content=\"summary_large_image\" \/>\n<meta name=\"twitter:label1\" content=\"Est. reading time\" \/>\n\t<meta name=\"twitter:data1\" content=\"1 minut\u0117\" \/>\n<script type=\"application\/ld+json\" class=\"yoast-schema-graph\">{\"@context\":\"https:\/\/schema.org\",\"@graph\":[{\"@type\":\"WebPage\",\"@id\":\"https:\/\/velooutlets.com\/products\/engwe-m20-single-battery-fat-tire-e-bike-white\/\",\"url\":\"https:\/\/velooutlets.com\/products\/engwe-m20-single-battery-fat-tire-e-bike-white\/\",\"name\":\"ENGWE M20 SINGLE Battery Fat-Tire E-Bike White - Velo Outlets\",\"isPartOf\":{\"@id\":\"https:\/\/velooutlets.com\/en\/#website\"},\"primaryImageOfPage\":{\"@id\":\"https:\/\/velooutlets.com\/products\/engwe-m20-single-battery-fat-tire-e-bike-white\/#primaryimage\"},\"image\":{\"@id\":\"https:\/\/velooutlets.com\/products\/engwe-m20-single-battery-fat-tire-e-bike-white\/#primaryimage\"},\"thumbnailUrl\":\"https:\/\/velooutlets.com\/wp-content\/uploads\/2026\/02\/dviratis-20-elektrinis-engwe-m20-750wh-viena-baterija-baltas_15765-1000xauto_0.jpg\",\"datePublished\":\"2026-02-06T08:59:08+00:00\",\"dateModified\":\"2026-04-16T11:39:22+00:00\",\"breadcrumb\":{\"@id\":\"https:\/\/velooutlets.com\/products\/engwe-m20-single-battery-fat-tire-e-bike-white\/#breadcrumb\"},\"inLanguage\":\"lt-LT\",\"potentialAction\":[{\"@type\":\"ReadAction\",\"target\":[\"https:\/\/velooutlets.com\/products\/engwe-m20-single-battery-fat-tire-e-bike-white\/\"]}]},{\"@type\":\"ImageObject\",\"inLanguage\":\"lt-LT\",\"@id\":\"https:\/\/velooutlets.com\/products\/engwe-m20-single-battery-fat-tire-e-bike-white\/#primaryimage\",\"url\":\"https:\/\/velooutlets.com\/wp-content\/uploads\/2026\/02\/dviratis-20-elektrinis-engwe-m20-750wh-viena-baterija-baltas_15765-1000xauto_0.jpg\",\"contentUrl\":\"https:\/\/velooutlets.com\/wp-content\/uploads\/2026\/02\/dviratis-20-elektrinis-engwe-m20-750wh-viena-baterija-baltas_15765-1000xauto_0.jpg\",\"width\":1000,\"height\":1000},{\"@type\":\"BreadcrumbList\",\"@id\":\"https:\/\/velooutlets.com\/products\/engwe-m20-single-battery-fat-tire-e-bike-white\/#breadcrumb\",\"itemListElement\":[{\"@type\":\"ListItem\",\"position\":1,\"name\":\"Home\",\"item\":\"https:\/\/velooutlets.com\/\"},{\"@type\":\"ListItem\",\"position\":2,\"name\":\"Veikals\",\"item\":\"https:\/\/velooutlets.com\/shop\/\"},{\"@type\":\"ListItem\",\"position\":3,\"name\":\"ENGWE M20 SINGLE Battery Fat-Tire E-Bike White\"}]},{\"@type\":\"WebSite\",\"@id\":\"https:\/\/velooutlets.com\/en\/#website\",\"url\":\"https:\/\/velooutlets.com\/en\/\",\"name\":\"Velo Outlets\",\"description\":\"Velosip\u0113di visai \u0123imenei\",\"potentialAction\":[{\"@type\":\"SearchAction\",\"target\":{\"@type\":\"EntryPoint\",\"urlTemplate\":\"https:\/\/velooutlets.com\/en\/?s={search_term_string}\"},\"query-input\":{\"@type\":\"PropertyValueSpecification\",\"valueRequired\":true,\"valueName\":\"search_term_string\"}}],\"inLanguage\":\"lt-LT\"}]}<\/script>\n<!-- \/ Yoast SEO plugin. -->","yoast_head_json":{"title":"ENGWE M20 SINGLE Battery Fat-Tire E-Bike White - Velo Outlets","robots":{"index":"index","follow":"follow","max-snippet":"max-snippet:-1","max-image-preview":"max-image-preview:large","max-video-preview":"max-video-preview:-1"},"canonical":"https:\/\/velooutlets.com\/lt\/produktas\/engwe-m20-single-battery-fat-tire-e-bike-white\/","og_locale":"lt_LT","og_type":"article","og_title":"ENGWE M20 SINGLE Battery Fat-Tire E-Bike White - Velo Outlets","og_description":"ENGWE M20 SINGLE Battery Electric Motorcycle ir sp\u0113c\u012bgs un daudzpus\u012bgs elektriskais kalnu velosip\u0113ds, kas piem\u0113rots gan bezce\u013ca un kalnu apvidiem, gan pils\u0113tas braucieniem. T\u0101 750 W augstas veiktsp\u0113jas bezsuku motors nodro\u0161ina vienm\u0113r\u012bgu vilkmi un iesp\u0113ju \u0113rti p\u0101rvar\u0113t st\u0101v\u0101kus kalnus vai ilg\u0101kus izbraucienus, savuk\u0101rt 48V 13Ah litija jonu akumulators garant\u0113 pietiekamu nobraukumu ikdienas un piedz\u012bvojumu braucieniem. [&hellip;]","og_url":"https:\/\/velooutlets.com\/lt\/produktas\/engwe-m20-single-battery-fat-tire-e-bike-white\/","og_site_name":"Velo Outlets","article_modified_time":"2026-04-16T11:39:22+00:00","og_image":[{"width":1000,"height":1000,"url":"https:\/\/velooutlets.com\/wp-content\/uploads\/2026\/02\/dviratis-20-elektrinis-engwe-m20-750wh-viena-baterija-baltas_15765-1000xauto_0.jpg","type":"image\/jpeg"}],"twitter_card":"summary_large_image","twitter_misc":{"Est. reading time":"1 minut\u0117"},"schema":{"@context":"https:\/\/schema.org","@graph":[{"@type":"WebPage","@id":"https:\/\/velooutlets.com\/products\/engwe-m20-single-battery-fat-tire-e-bike-white\/","url":"https:\/\/velooutlets.com\/products\/engwe-m20-single-battery-fat-tire-e-bike-white\/","name":"ENGWE M20 SINGLE Battery Fat-Tire E-Bike White - Velo Outlets","isPartOf":{"@id":"https:\/\/velooutlets.com\/en\/#website"},"primaryImageOfPage":{"@id":"https:\/\/velooutlets.com\/products\/engwe-m20-single-battery-fat-tire-e-bike-white\/#primaryimage"},"image":{"@id":"https:\/\/velooutlets.com\/products\/engwe-m20-single-battery-fat-tire-e-bike-white\/#primaryimage"},"thumbnailUrl":"https:\/\/velooutlets.com\/wp-content\/uploads\/2026\/02\/dviratis-20-elektrinis-engwe-m20-750wh-viena-baterija-baltas_15765-1000xauto_0.jpg","datePublished":"2026-02-06T08:59:08+00:00","dateModified":"2026-04-16T11:39:22+00:00","breadcrumb":{"@id":"https:\/\/velooutlets.com\/products\/engwe-m20-single-battery-fat-tire-e-bike-white\/#breadcrumb"},"inLanguage":"lt-LT","potentialAction":[{"@type":"ReadAction","target":["https:\/\/velooutlets.com\/products\/engwe-m20-single-battery-fat-tire-e-bike-white\/"]}]},{"@type":"ImageObject","inLanguage":"lt-LT","@id":"https:\/\/velooutlets.com\/products\/engwe-m20-single-battery-fat-tire-e-bike-white\/#primaryimage","url":"https:\/\/velooutlets.com\/wp-content\/uploads\/2026\/02\/dviratis-20-elektrinis-engwe-m20-750wh-viena-baterija-baltas_15765-1000xauto_0.jpg","contentUrl":"https:\/\/velooutlets.com\/wp-content\/uploads\/2026\/02\/dviratis-20-elektrinis-engwe-m20-750wh-viena-baterija-baltas_15765-1000xauto_0.jpg","width":1000,"height":1000},{"@type":"BreadcrumbList","@id":"https:\/\/velooutlets.com\/products\/engwe-m20-single-battery-fat-tire-e-bike-white\/#breadcrumb","itemListElement":[{"@type":"ListItem","position":1,"name":"Home","item":"https:\/\/velooutlets.com\/"},{"@type":"ListItem","position":2,"name":"Veikals","item":"https:\/\/velooutlets.com\/shop\/"},{"@type":"ListItem","position":3,"name":"ENGWE M20 SINGLE Battery Fat-Tire E-Bike White"}]},{"@type":"WebSite","@id":"https:\/\/velooutlets.com\/en\/#website","url":"https:\/\/velooutlets.com\/en\/","name":"\"Velo Outlets","description":"Dvira\u010diai visai \u0161eimai","potentialAction":[{"@type":"SearchAction","target":{"@type":"EntryPoint","urlTemplate":"https:\/\/velooutlets.com\/en\/?s={search_term_string}"},"query-input":{"@type":"PropertyValueSpecification","valueRequired":true,"valueName":"search_term_string"}}],"inLanguage":"lt-LT"}]}},"jetpack_sharing_enabled":true,"_links":{"self":[{"href":"https:\/\/velooutlets.com\/lt\/wp-json\/wp\/v2\/product\/32196","targetHints":{"allow":["GET"]}}],"collection":[{"href":"https:\/\/velooutlets.com\/lt\/wp-json\/wp\/v2\/product"}],"about":[{"href":"https:\/\/velooutlets.com\/lt\/wp-json\/wp\/v2\/types\/product"}],"wp:featuredmedia":[{"embeddable":true,"href":"https:\/\/velooutlets.com\/lt\/wp-json\/wp\/v2\/media\/33162"}],"wp:attachment":[{"href":"https:\/\/velooutlets.com\/lt\/wp-json\/wp\/v2\/media?parent=32196"}],"wp:term":[{"taxonomy":"product_brand","embeddable":true,"href":"https:\/\/velooutlets.com\/lt\/wp-json\/wp\/v2\/product_brand?post=32196"},{"taxonomy":"product_cat","embeddable":true,"href":"https:\/\/velooutlets.com\/lt\/wp-json\/wp\/v2\/product_cat?post=32196"},{"taxonomy":"product_tag","embeddable":true,"href":"https:\/\/velooutlets.com\/lt\/wp-json\/wp\/v2\/product_tag?post=32196"}],"curies":[{"name":"wp","href":"https:\/\/api.w.org\/{rel}","templated":true}]}}