{"id":32252,"date":"2026-02-06T11:03:26","date_gmt":"2026-02-06T09:03:26","guid":{"rendered":"https:\/\/staging.velooutlets.com\/product\/engwe-n1-air-e-bike\/"},"modified":"2026-04-16T14:39:33","modified_gmt":"2026-04-16T11:39:33","slug":"engwe-n1-air-e-bike","status":"publish","type":"product","link":"https:\/\/velooutlets.com\/lt\/produktas\/engwe-n1-air-e-bike\/","title":{"rendered":"ENGWE N1 Air E-Bike"},"content":{"rendered":"<p>\"ENGWE N1 Air\" yra itin lengvas ir modernus elektrinis dviratis, specialiai sukurtas tiems, kurie vertina greit\u012f, komfort\u0105 ir patogum\u0105 kasdien va\u017ein\u0117ti mieste ar ilgesn\u0117se kelion\u0117se. Vos 15,6 kg sveriantis dviratis su anglies pluo\u0161to r\u0117mu yra lengvai valdomas ir manevruojamas, be joki\u0173 pastang\u0173 suteikia sporti\u0161kumo poj\u016bt\u012f. MIVICE M070 250 W be\u0161epet\u0117linis variklis su 40 Nm sukimo momento jutikliu leid\u017eia paversti pedal\u0173 minimo gali\u0105 veiksminga traukos pagalba, tod\u0117l va\u017eiavimas tampa sklandus ir dinami\u0161kas.<\/p>\n<p>\"ENGWE N1 Air\" si\u016blo \u0161vari\u0105 ir tyli\u0105 pavar\u0105 su technin\u0117s prie\u017ei\u016bros nereikalaujan\u010diu \"Gates\" angliniu dir\u017eu, u\u017etikrinan\u010diu skland\u0173 ilgalaik\u012f veikim\u0105. Nuimamas 36 V 10 Ah li\u010dio jon\u0173 akumuliatorius leid\u017eia vienu \u012fkrovimu nuva\u017eiuoti iki 100 km, tod\u0117l dviratis idealiai tinka tiek kasdien\u0117ms kelion\u0117ms \u012f darb\u0105, tiek ilgesniems pasiva\u017ein\u0117jimams. Hidrauliniai diskiniai stabd\u017eiai u\u017etikrina saugum\u0105, o spalvotame LCD ekrane pateikiama patogi informacija apie greit\u012f, akumuliatoriaus \u012fkrovos lyg\u012f ir kit\u0105 va\u017eiavimo b\u016bkl\u0119.<\/p>\n<p>Kad b\u016bt\u0173 dar patogiau, \"ENGWE N1 Air\" turi \u012fmontuot\u0105 priekin\u012f LED \u017eibint\u0105 ir saul\u0117s energija maitinam\u0105 galin\u012f \u017eibint\u0105, kurie u\u017etikrina ger\u0105 matomum\u0105 ir saugum\u0105 net esant prastam ap\u0161vietimui. 700 x 38C padangos u\u017etikrina stabil\u0173 ir patog\u0173 va\u017eiavim\u0105 \u012fvairiais kelio pavir\u0161iais, tod\u0117l \u0161is elektrinis dviratis yra puikus pasirinkimas ie\u0161kantiems lengvo, galingo ir patikimo transporto sprendimo.<\/p>","protected":false},"excerpt":{"rendered":"<p>ENGWE N1 Air ir izcili viegls un moderns elektriskais velosip\u0113ds, kas \u012bpa\u0161i paredz\u0113ts tiem, kas nov\u0113rt\u0113 \u0101trumu, komfortu un \u0113rtu ikdienas p\u0101rvieto\u0161anos pils\u0113t\u0101 vai gar\u0101kos braucienos. Ar tikai 15,6 kg svaru un karbon\u0161\u0137iedras r\u0101mi tas ir viegli vad\u0101ms un manevr\u0113jams, nodro\u0161inot sportisku saj\u016btu bez lieka piep\u016bles. MIVICE M070 250 W bezsuku motors ar 40 Nm [&hellip;]<\/p>\n","protected":false},"featured_media":33163,"template":"","meta":{"_monsterinsights_skip_tracking":false,"_monsterinsights_sitenote_active":false,"_monsterinsights_sitenote_note":"","_monsterinsights_sitenote_category":0,"_iconic_wsb_product_page_order_bump_ids":[[]],"_sku":["7770001060145"],"_iconic_wsb_product_page_bump_modal_ids":[[]]},"product_brand":[1628],"product_cat":[963,1127],"product_tag":[],"class_list":{"0":"post-32252","1":"product","2":"type-product","3":"status-publish","4":"has-post-thumbnail","6":"product_brand-engwe","7":"product_cat-elektro-velosipedi","8":"product_cat-velosipedi","9":"product_shipping_class-elektro-velosipedi","10":"pa_ramja-izmers-uni","12":"first","13":"instock","14":"sale","15":"taxable","16":"shipping-taxable","17":"purchasable","18":"product-type-simple"},"yoast_head":"<!-- This site is optimized with the Yoast SEO plugin v27.2 - https:\/\/yoast.com\/product\/yoast-seo-wordpress\/ -->\n<title>ENGWE N1 Air E-Bike - Velo Outlets<\/title>\n<meta name=\"robots\" content=\"index, follow, max-snippet:-1, max-image-preview:large, max-video-preview:-1\" \/>\n<link rel=\"canonical\" href=\"https:\/\/velooutlets.com\/lt\/produktas\/engwe-n1-air-e-bike\/\" \/>\n<meta property=\"og:locale\" content=\"lt_LT\" \/>\n<meta property=\"og:type\" content=\"article\" \/>\n<meta property=\"og:title\" content=\"ENGWE N1 Air E-Bike - Velo Outlets\" \/>\n<meta property=\"og:description\" content=\"ENGWE N1 Air ir izcili viegls un moderns elektriskais velosip\u0113ds, kas \u012bpa\u0161i paredz\u0113ts tiem, kas nov\u0113rt\u0113 \u0101trumu, komfortu un \u0113rtu ikdienas p\u0101rvieto\u0161anos pils\u0113t\u0101 vai gar\u0101kos braucienos. Ar tikai 15,6 kg svaru un karbon\u0161\u0137iedras r\u0101mi tas ir viegli vad\u0101ms un manevr\u0113jams, nodro\u0161inot sportisku saj\u016btu bez lieka piep\u016bles. MIVICE M070 250 W bezsuku motors ar 40 Nm [&hellip;]\" \/>\n<meta property=\"og:url\" content=\"https:\/\/velooutlets.com\/lt\/produktas\/engwe-n1-air-e-bike\/\" \/>\n<meta property=\"og:site_name\" content=\"Velo Outlets\" \/>\n<meta property=\"article:modified_time\" content=\"2026-04-16T11:39:33+00:00\" \/>\n<meta property=\"og:image\" content=\"https:\/\/velooutlets.com\/wp-content\/uploads\/2026\/02\/2-4-735x1024-1.jpg\" \/>\n\t<meta property=\"og:image:width\" content=\"735\" \/>\n\t<meta property=\"og:image:height\" content=\"735\" \/>\n\t<meta property=\"og:image:type\" content=\"image\/jpeg\" \/>\n<meta name=\"twitter:card\" content=\"summary_large_image\" \/>\n<meta name=\"twitter:label1\" content=\"Est. reading time\" \/>\n\t<meta name=\"twitter:data1\" content=\"1 minut\u0117\" \/>\n<script type=\"application\/ld+json\" class=\"yoast-schema-graph\">{\"@context\":\"https:\/\/schema.org\",\"@graph\":[{\"@type\":\"WebPage\",\"@id\":\"https:\/\/velooutlets.com\/products\/engwe-n1-air-e-bike\/\",\"url\":\"https:\/\/velooutlets.com\/products\/engwe-n1-air-e-bike\/\",\"name\":\"ENGWE N1 Air E-Bike - Velo Outlets\",\"isPartOf\":{\"@id\":\"https:\/\/velooutlets.com\/en\/#website\"},\"primaryImageOfPage\":{\"@id\":\"https:\/\/velooutlets.com\/products\/engwe-n1-air-e-bike\/#primaryimage\"},\"image\":{\"@id\":\"https:\/\/velooutlets.com\/products\/engwe-n1-air-e-bike\/#primaryimage\"},\"thumbnailUrl\":\"https:\/\/velooutlets.com\/wp-content\/uploads\/2026\/02\/2-4-735x1024-1.jpg\",\"datePublished\":\"2026-02-06T09:03:26+00:00\",\"dateModified\":\"2026-04-16T11:39:33+00:00\",\"breadcrumb\":{\"@id\":\"https:\/\/velooutlets.com\/products\/engwe-n1-air-e-bike\/#breadcrumb\"},\"inLanguage\":\"lt-LT\",\"potentialAction\":[{\"@type\":\"ReadAction\",\"target\":[\"https:\/\/velooutlets.com\/products\/engwe-n1-air-e-bike\/\"]}]},{\"@type\":\"ImageObject\",\"inLanguage\":\"lt-LT\",\"@id\":\"https:\/\/velooutlets.com\/products\/engwe-n1-air-e-bike\/#primaryimage\",\"url\":\"https:\/\/velooutlets.com\/wp-content\/uploads\/2026\/02\/2-4-735x1024-1.jpg\",\"contentUrl\":\"https:\/\/velooutlets.com\/wp-content\/uploads\/2026\/02\/2-4-735x1024-1.jpg\",\"width\":735,\"height\":735},{\"@type\":\"BreadcrumbList\",\"@id\":\"https:\/\/velooutlets.com\/products\/engwe-n1-air-e-bike\/#breadcrumb\",\"itemListElement\":[{\"@type\":\"ListItem\",\"position\":1,\"name\":\"Home\",\"item\":\"https:\/\/velooutlets.com\/\"},{\"@type\":\"ListItem\",\"position\":2,\"name\":\"Veikals\",\"item\":\"https:\/\/velooutlets.com\/shop\/\"},{\"@type\":\"ListItem\",\"position\":3,\"name\":\"ENGWE N1 Air E-Bike\"}]},{\"@type\":\"WebSite\",\"@id\":\"https:\/\/velooutlets.com\/en\/#website\",\"url\":\"https:\/\/velooutlets.com\/en\/\",\"name\":\"Velo Outlets\",\"description\":\"Velosip\u0113di visai \u0123imenei\",\"potentialAction\":[{\"@type\":\"SearchAction\",\"target\":{\"@type\":\"EntryPoint\",\"urlTemplate\":\"https:\/\/velooutlets.com\/en\/?s={search_term_string}\"},\"query-input\":{\"@type\":\"PropertyValueSpecification\",\"valueRequired\":true,\"valueName\":\"search_term_string\"}}],\"inLanguage\":\"lt-LT\"}]}<\/script>\n<!-- \/ Yoast SEO plugin. -->","yoast_head_json":{"title":"ENGWE N1 Air E-Bike - Velo Outlets","robots":{"index":"index","follow":"follow","max-snippet":"max-snippet:-1","max-image-preview":"max-image-preview:large","max-video-preview":"max-video-preview:-1"},"canonical":"https:\/\/velooutlets.com\/lt\/produktas\/engwe-n1-air-e-bike\/","og_locale":"lt_LT","og_type":"article","og_title":"ENGWE N1 Air E-Bike - Velo Outlets","og_description":"ENGWE N1 Air ir izcili viegls un moderns elektriskais velosip\u0113ds, kas \u012bpa\u0161i paredz\u0113ts tiem, kas nov\u0113rt\u0113 \u0101trumu, komfortu un \u0113rtu ikdienas p\u0101rvieto\u0161anos pils\u0113t\u0101 vai gar\u0101kos braucienos. Ar tikai 15,6 kg svaru un karbon\u0161\u0137iedras r\u0101mi tas ir viegli vad\u0101ms un manevr\u0113jams, nodro\u0161inot sportisku saj\u016btu bez lieka piep\u016bles. MIVICE M070 250 W bezsuku motors ar 40 Nm [&hellip;]","og_url":"https:\/\/velooutlets.com\/lt\/produktas\/engwe-n1-air-e-bike\/","og_site_name":"Velo Outlets","article_modified_time":"2026-04-16T11:39:33+00:00","og_image":[{"width":735,"height":735,"url":"https:\/\/velooutlets.com\/wp-content\/uploads\/2026\/02\/2-4-735x1024-1.jpg","type":"image\/jpeg"}],"twitter_card":"summary_large_image","twitter_misc":{"Est. reading time":"1 minut\u0117"},"schema":{"@context":"https:\/\/schema.org","@graph":[{"@type":"WebPage","@id":"https:\/\/velooutlets.com\/products\/engwe-n1-air-e-bike\/","url":"https:\/\/velooutlets.com\/products\/engwe-n1-air-e-bike\/","name":"ENGWE N1 Air E-Bike - Velo Outlets","isPartOf":{"@id":"https:\/\/velooutlets.com\/en\/#website"},"primaryImageOfPage":{"@id":"https:\/\/velooutlets.com\/products\/engwe-n1-air-e-bike\/#primaryimage"},"image":{"@id":"https:\/\/velooutlets.com\/products\/engwe-n1-air-e-bike\/#primaryimage"},"thumbnailUrl":"https:\/\/velooutlets.com\/wp-content\/uploads\/2026\/02\/2-4-735x1024-1.jpg","datePublished":"2026-02-06T09:03:26+00:00","dateModified":"2026-04-16T11:39:33+00:00","breadcrumb":{"@id":"https:\/\/velooutlets.com\/products\/engwe-n1-air-e-bike\/#breadcrumb"},"inLanguage":"lt-LT","potentialAction":[{"@type":"ReadAction","target":["https:\/\/velooutlets.com\/products\/engwe-n1-air-e-bike\/"]}]},{"@type":"ImageObject","inLanguage":"lt-LT","@id":"https:\/\/velooutlets.com\/products\/engwe-n1-air-e-bike\/#primaryimage","url":"https:\/\/velooutlets.com\/wp-content\/uploads\/2026\/02\/2-4-735x1024-1.jpg","contentUrl":"https:\/\/velooutlets.com\/wp-content\/uploads\/2026\/02\/2-4-735x1024-1.jpg","width":735,"height":735},{"@type":"BreadcrumbList","@id":"https:\/\/velooutlets.com\/products\/engwe-n1-air-e-bike\/#breadcrumb","itemListElement":[{"@type":"ListItem","position":1,"name":"Home","item":"https:\/\/velooutlets.com\/"},{"@type":"ListItem","position":2,"name":"Veikals","item":"https:\/\/velooutlets.com\/shop\/"},{"@type":"ListItem","position":3,"name":"ENGWE N1 Air E-Bike"}]},{"@type":"WebSite","@id":"https:\/\/velooutlets.com\/en\/#website","url":"https:\/\/velooutlets.com\/en\/","name":"\"Velo Outlets","description":"Dvira\u010diai visai \u0161eimai","potentialAction":[{"@type":"SearchAction","target":{"@type":"EntryPoint","urlTemplate":"https:\/\/velooutlets.com\/en\/?s={search_term_string}"},"query-input":{"@type":"PropertyValueSpecification","valueRequired":true,"valueName":"search_term_string"}}],"inLanguage":"lt-LT"}]}},"jetpack_sharing_enabled":true,"_links":{"self":[{"href":"https:\/\/velooutlets.com\/lt\/wp-json\/wp\/v2\/product\/32252","targetHints":{"allow":["GET"]}}],"collection":[{"href":"https:\/\/velooutlets.com\/lt\/wp-json\/wp\/v2\/product"}],"about":[{"href":"https:\/\/velooutlets.com\/lt\/wp-json\/wp\/v2\/types\/product"}],"wp:featuredmedia":[{"embeddable":true,"href":"https:\/\/velooutlets.com\/lt\/wp-json\/wp\/v2\/media\/33163"}],"wp:attachment":[{"href":"https:\/\/velooutlets.com\/lt\/wp-json\/wp\/v2\/media?parent=32252"}],"wp:term":[{"taxonomy":"product_brand","embeddable":true,"href":"https:\/\/velooutlets.com\/lt\/wp-json\/wp\/v2\/product_brand?post=32252"},{"taxonomy":"product_cat","embeddable":true,"href":"https:\/\/velooutlets.com\/lt\/wp-json\/wp\/v2\/product_cat?post=32252"},{"taxonomy":"product_tag","embeddable":true,"href":"https:\/\/velooutlets.com\/lt\/wp-json\/wp\/v2\/product_tag?post=32252"}],"curies":[{"name":"wp","href":"https:\/\/api.w.org\/{rel}","templated":true}]}}