{"id":32276,"date":"2026-02-06T11:05:30","date_gmt":"2026-02-06T09:05:30","guid":{"rendered":"https:\/\/staging.velooutlets.com\/?post_type=product&#038;p=32276"},"modified":"2026-04-14T17:20:17","modified_gmt":"2026-04-14T14:20:17","slug":"caiman-blizzard-1-0-black-blue","status":"publish","type":"product","link":"https:\/\/velooutlets.com\/lt\/produktas\/caiman-blizzard-1-0-black-blue\/","title":{"rendered":"CAIMAN BLIZZARD 1.0 - Juoda\/m\u0117lyna"},"content":{"rendered":"<p data-start=\"0\" data-end=\"302\">\"Caiman Blizzard 1.0\" yra tvirtas ir paprastas kaln\u0173 dviratis, tinkantis tiek \u012fprastoms i\u0161vykoms, tiek lengvoms bekel\u0117s kelion\u0117ms. Plieninis r\u0117mas u\u017etikrina tvirtum\u0105 ir stabilum\u0105, o priekinis amortizatorius padeda amortizuoti nelygumus ir pagerina komfort\u0105 va\u017eiuojant \u012fvairiomis kelio dangomis.<\/p>\n<p data-start=\"304\" data-end=\"523\">Dviratyje \u012frengta 3\u00d77 pavar\u0173 sistema, kuri suteikia daugyb\u0119 galimybi\u0173 lengvai prisitaikyti prie \u012fvairi\u0173 vietovi\u0173 ir mar\u0161rut\u0173. Mechaniniai diskiniai stabd\u017eiai u\u017etikrina patikim\u0105 ir tiksl\u0173 stabdym\u0105 \u012fvairiomis s\u0105lygomis.<\/p>\n<p data-start=\"525\" data-end=\"673\">29 coli\u0173 ratai u\u017etikrina ger\u0105 sukibim\u0105, stabilum\u0105 ir efektyv\u0173 ried\u0117jim\u0105, tod\u0117l \u0161is modelis tinka va\u017ein\u0117ti mieste, mi\u0161ko takuose ar u\u017emies\u010dio keliuose.<\/p>\n<p data-start=\"675\" data-end=\"831\" data-is-last-node=\"\" data-is-only-node=\"\">\"Caiman Blizzard 1.0\" yra idealus pasirinkimas tiems, kurie ie\u0161ko patikimo, patvaraus ir paprasto kaln\u0173 dvira\u010dio su pagrindine \u012franga ir universalia pavar\u0173 sistema.<\/p>","protected":false},"excerpt":{"rendered":"<p>Caiman Blizzard 1.0 ir iztur\u012bgs un vienk\u0101r\u0161s kalnu velosip\u0113ds, kas piem\u0113rots gan ikdienas braucieniem, gan viegliem bezce\u013ca izbraucieniem. T\u0101 t\u0113rauda r\u0101mis nodro\u0161ina iztur\u012bbu un stabilit\u0101ti, savuk\u0101rt priek\u0161\u0113jais amortizators pal\u012bdz absorb\u0113t nel\u012bdzenumus, uzlabojot komfortu uz da\u017e\u0101diem ce\u013ca segumiem. Velosip\u0113ds apr\u012bkots ar 3\u00d77 p\u0101rnesumu sist\u0113mu, kas pied\u0101v\u0101 pla\u0161u iesp\u0113ju kl\u0101stu, lai viegli piel\u0101gotos da\u017e\u0101diem reljefiem un mar\u0161rutiem. [&hellip;]<\/p>\n","protected":false},"featured_media":35916,"template":"","meta":{"_monsterinsights_skip_tracking":false,"_monsterinsights_sitenote_active":false,"_monsterinsights_sitenote_note":"","_monsterinsights_sitenote_category":0,"_iconic_wsb_product_page_order_bump_ids":[[]],"_sku":[],"_iconic_wsb_product_page_bump_modal_ids":[[]]},"product_brand":[],"product_cat":[980,1127],"product_tag":[1525,211,212],"class_list":{"0":"post-32276","1":"product","2":"type-product","3":"status-publish","4":"has-post-thumbnail","6":"product_cat-kalnu-velosipedi","7":"product_cat-velosipedi","8":"product_tag-04_02_26","9":"product_tag-kalnu-velosipedi","10":"product_tag-velosipedi","11":"product_shipping_class-pieauguso-velosipedi","13":"first","14":"instock","15":"sale","16":"taxable","17":"shipping-taxable","18":"purchasable","19":"product-type-simple"},"yoast_head":"<!-- This site is optimized with the Yoast SEO plugin v27.2 - https:\/\/yoast.com\/product\/yoast-seo-wordpress\/ -->\n<title>CAIMAN BLIZZARD 1.0 \u2013 Black\/Blue - Velo Outlets<\/title>\n<meta name=\"robots\" content=\"index, follow, max-snippet:-1, max-image-preview:large, max-video-preview:-1\" \/>\n<link rel=\"canonical\" href=\"https:\/\/velooutlets.com\/lt\/produktas\/caiman-blizzard-1-0-black-blue\/\" \/>\n<meta property=\"og:locale\" content=\"lt_LT\" \/>\n<meta property=\"og:type\" content=\"article\" \/>\n<meta property=\"og:title\" content=\"CAIMAN BLIZZARD 1.0 \u2013 Black\/Blue - Velo Outlets\" \/>\n<meta property=\"og:description\" content=\"Caiman Blizzard 1.0 ir iztur\u012bgs un vienk\u0101r\u0161s kalnu velosip\u0113ds, kas piem\u0113rots gan ikdienas braucieniem, gan viegliem bezce\u013ca izbraucieniem. T\u0101 t\u0113rauda r\u0101mis nodro\u0161ina iztur\u012bbu un stabilit\u0101ti, savuk\u0101rt priek\u0161\u0113jais amortizators pal\u012bdz absorb\u0113t nel\u012bdzenumus, uzlabojot komfortu uz da\u017e\u0101diem ce\u013ca segumiem. Velosip\u0113ds apr\u012bkots ar 3\u00d77 p\u0101rnesumu sist\u0113mu, kas pied\u0101v\u0101 pla\u0161u iesp\u0113ju kl\u0101stu, lai viegli piel\u0101gotos da\u017e\u0101diem reljefiem un mar\u0161rutiem. [&hellip;]\" \/>\n<meta property=\"og:url\" content=\"https:\/\/velooutlets.com\/lt\/produktas\/caiman-blizzard-1-0-black-blue\/\" \/>\n<meta property=\"og:site_name\" content=\"Velo Outlets\" \/>\n<meta property=\"article:modified_time\" content=\"2026-04-14T14:20:17+00:00\" \/>\n<meta property=\"og:image\" content=\"https:\/\/velooutlets.com\/wp-content\/uploads\/2026\/02\/blizzard-1.jpg\" \/>\n\t<meta property=\"og:image:width\" content=\"1582\" \/>\n\t<meta property=\"og:image:height\" content=\"1000\" \/>\n\t<meta property=\"og:image:type\" content=\"image\/jpeg\" \/>\n<meta name=\"twitter:card\" content=\"summary_large_image\" \/>\n<meta name=\"twitter:label1\" content=\"Est. reading time\" \/>\n\t<meta name=\"twitter:data1\" content=\"1 minut\u0117\" \/>\n<script type=\"application\/ld+json\" class=\"yoast-schema-graph\">{\"@context\":\"https:\/\/schema.org\",\"@graph\":[{\"@type\":\"WebPage\",\"@id\":\"https:\/\/velooutlets.com\/products\/caiman-blizzard-1-0-black-blue\/\",\"url\":\"https:\/\/velooutlets.com\/products\/caiman-blizzard-1-0-black-blue\/\",\"name\":\"CAIMAN BLIZZARD 1.0 \u2013 Black\/Blue - Velo Outlets\",\"isPartOf\":{\"@id\":\"https:\/\/velooutlets.com\/en\/#website\"},\"primaryImageOfPage\":{\"@id\":\"https:\/\/velooutlets.com\/products\/caiman-blizzard-1-0-black-blue\/#primaryimage\"},\"image\":{\"@id\":\"https:\/\/velooutlets.com\/products\/caiman-blizzard-1-0-black-blue\/#primaryimage\"},\"thumbnailUrl\":\"https:\/\/velooutlets.com\/wp-content\/uploads\/2026\/02\/blizzard-1.jpg\",\"datePublished\":\"2026-02-06T09:05:30+00:00\",\"dateModified\":\"2026-04-14T14:20:17+00:00\",\"breadcrumb\":{\"@id\":\"https:\/\/velooutlets.com\/products\/caiman-blizzard-1-0-black-blue\/#breadcrumb\"},\"inLanguage\":\"lt-LT\",\"potentialAction\":[{\"@type\":\"ReadAction\",\"target\":[\"https:\/\/velooutlets.com\/products\/caiman-blizzard-1-0-black-blue\/\"]}]},{\"@type\":\"ImageObject\",\"inLanguage\":\"lt-LT\",\"@id\":\"https:\/\/velooutlets.com\/products\/caiman-blizzard-1-0-black-blue\/#primaryimage\",\"url\":\"https:\/\/velooutlets.com\/wp-content\/uploads\/2026\/02\/blizzard-1.jpg\",\"contentUrl\":\"https:\/\/velooutlets.com\/wp-content\/uploads\/2026\/02\/blizzard-1.jpg\",\"width\":1582,\"height\":1000},{\"@type\":\"BreadcrumbList\",\"@id\":\"https:\/\/velooutlets.com\/products\/caiman-blizzard-1-0-black-blue\/#breadcrumb\",\"itemListElement\":[{\"@type\":\"ListItem\",\"position\":1,\"name\":\"Home\",\"item\":\"https:\/\/velooutlets.com\/\"},{\"@type\":\"ListItem\",\"position\":2,\"name\":\"Veikals\",\"item\":\"https:\/\/velooutlets.com\/shop\/\"},{\"@type\":\"ListItem\",\"position\":3,\"name\":\"CAIMAN BLIZZARD 1.0 \u2013 Black\/Blue\"}]},{\"@type\":\"WebSite\",\"@id\":\"https:\/\/velooutlets.com\/en\/#website\",\"url\":\"https:\/\/velooutlets.com\/en\/\",\"name\":\"Velo Outlets\",\"description\":\"Velosip\u0113di visai \u0123imenei\",\"potentialAction\":[{\"@type\":\"SearchAction\",\"target\":{\"@type\":\"EntryPoint\",\"urlTemplate\":\"https:\/\/velooutlets.com\/en\/?s={search_term_string}\"},\"query-input\":{\"@type\":\"PropertyValueSpecification\",\"valueRequired\":true,\"valueName\":\"search_term_string\"}}],\"inLanguage\":\"lt-LT\"}]}<\/script>\n<!-- \/ Yoast SEO plugin. -->","yoast_head_json":{"title":"CAIMAN BLIZZARD 1.0 \u2013 Black\/Blue - Velo Outlets","robots":{"index":"index","follow":"follow","max-snippet":"max-snippet:-1","max-image-preview":"max-image-preview:large","max-video-preview":"max-video-preview:-1"},"canonical":"https:\/\/velooutlets.com\/lt\/produktas\/caiman-blizzard-1-0-black-blue\/","og_locale":"lt_LT","og_type":"article","og_title":"CAIMAN BLIZZARD 1.0 \u2013 Black\/Blue - Velo Outlets","og_description":"Caiman Blizzard 1.0 ir iztur\u012bgs un vienk\u0101r\u0161s kalnu velosip\u0113ds, kas piem\u0113rots gan ikdienas braucieniem, gan viegliem bezce\u013ca izbraucieniem. T\u0101 t\u0113rauda r\u0101mis nodro\u0161ina iztur\u012bbu un stabilit\u0101ti, savuk\u0101rt priek\u0161\u0113jais amortizators pal\u012bdz absorb\u0113t nel\u012bdzenumus, uzlabojot komfortu uz da\u017e\u0101diem ce\u013ca segumiem. Velosip\u0113ds apr\u012bkots ar 3\u00d77 p\u0101rnesumu sist\u0113mu, kas pied\u0101v\u0101 pla\u0161u iesp\u0113ju kl\u0101stu, lai viegli piel\u0101gotos da\u017e\u0101diem reljefiem un mar\u0161rutiem. [&hellip;]","og_url":"https:\/\/velooutlets.com\/lt\/produktas\/caiman-blizzard-1-0-black-blue\/","og_site_name":"Velo Outlets","article_modified_time":"2026-04-14T14:20:17+00:00","og_image":[{"width":1582,"height":1000,"url":"https:\/\/velooutlets.com\/wp-content\/uploads\/2026\/02\/blizzard-1.jpg","type":"image\/jpeg"}],"twitter_card":"summary_large_image","twitter_misc":{"Est. reading time":"1 minut\u0117"},"schema":{"@context":"https:\/\/schema.org","@graph":[{"@type":"WebPage","@id":"https:\/\/velooutlets.com\/products\/caiman-blizzard-1-0-black-blue\/","url":"https:\/\/velooutlets.com\/products\/caiman-blizzard-1-0-black-blue\/","name":"CAIMAN BLIZZARD 1.0 \u2013 Black\/Blue - Velo Outlets","isPartOf":{"@id":"https:\/\/velooutlets.com\/en\/#website"},"primaryImageOfPage":{"@id":"https:\/\/velooutlets.com\/products\/caiman-blizzard-1-0-black-blue\/#primaryimage"},"image":{"@id":"https:\/\/velooutlets.com\/products\/caiman-blizzard-1-0-black-blue\/#primaryimage"},"thumbnailUrl":"https:\/\/velooutlets.com\/wp-content\/uploads\/2026\/02\/blizzard-1.jpg","datePublished":"2026-02-06T09:05:30+00:00","dateModified":"2026-04-14T14:20:17+00:00","breadcrumb":{"@id":"https:\/\/velooutlets.com\/products\/caiman-blizzard-1-0-black-blue\/#breadcrumb"},"inLanguage":"lt-LT","potentialAction":[{"@type":"ReadAction","target":["https:\/\/velooutlets.com\/products\/caiman-blizzard-1-0-black-blue\/"]}]},{"@type":"ImageObject","inLanguage":"lt-LT","@id":"https:\/\/velooutlets.com\/products\/caiman-blizzard-1-0-black-blue\/#primaryimage","url":"https:\/\/velooutlets.com\/wp-content\/uploads\/2026\/02\/blizzard-1.jpg","contentUrl":"https:\/\/velooutlets.com\/wp-content\/uploads\/2026\/02\/blizzard-1.jpg","width":1582,"height":1000},{"@type":"BreadcrumbList","@id":"https:\/\/velooutlets.com\/products\/caiman-blizzard-1-0-black-blue\/#breadcrumb","itemListElement":[{"@type":"ListItem","position":1,"name":"Home","item":"https:\/\/velooutlets.com\/"},{"@type":"ListItem","position":2,"name":"Veikals","item":"https:\/\/velooutlets.com\/shop\/"},{"@type":"ListItem","position":3,"name":"CAIMAN BLIZZARD 1.0 \u2013 Black\/Blue"}]},{"@type":"WebSite","@id":"https:\/\/velooutlets.com\/en\/#website","url":"https:\/\/velooutlets.com\/en\/","name":"\"Velo Outlets","description":"Dvira\u010diai visai \u0161eimai","potentialAction":[{"@type":"SearchAction","target":{"@type":"EntryPoint","urlTemplate":"https:\/\/velooutlets.com\/en\/?s={search_term_string}"},"query-input":{"@type":"PropertyValueSpecification","valueRequired":true,"valueName":"search_term_string"}}],"inLanguage":"lt-LT"}]}},"jetpack_sharing_enabled":true,"_links":{"self":[{"href":"https:\/\/velooutlets.com\/lt\/wp-json\/wp\/v2\/product\/32276","targetHints":{"allow":["GET"]}}],"collection":[{"href":"https:\/\/velooutlets.com\/lt\/wp-json\/wp\/v2\/product"}],"about":[{"href":"https:\/\/velooutlets.com\/lt\/wp-json\/wp\/v2\/types\/product"}],"wp:featuredmedia":[{"embeddable":true,"href":"https:\/\/velooutlets.com\/lt\/wp-json\/wp\/v2\/media\/35916"}],"wp:attachment":[{"href":"https:\/\/velooutlets.com\/lt\/wp-json\/wp\/v2\/media?parent=32276"}],"wp:term":[{"taxonomy":"product_brand","embeddable":true,"href":"https:\/\/velooutlets.com\/lt\/wp-json\/wp\/v2\/product_brand?post=32276"},{"taxonomy":"product_cat","embeddable":true,"href":"https:\/\/velooutlets.com\/lt\/wp-json\/wp\/v2\/product_cat?post=32276"},{"taxonomy":"product_tag","embeddable":true,"href":"https:\/\/velooutlets.com\/lt\/wp-json\/wp\/v2\/product_tag?post=32276"}],"curies":[{"name":"wp","href":"https:\/\/api.w.org\/{rel}","templated":true}]}}