{"id":32490,"date":"2026-02-06T11:25:30","date_gmt":"2026-02-06T09:25:30","guid":{"rendered":"https:\/\/staging.velooutlets.com\/product\/scott-spark-rc-comp-cumulus-white-2026\/"},"modified":"2026-04-19T14:41:14","modified_gmt":"2026-04-19T11:41:14","slug":"scott-spark-rc-comp-cumulus-white-2026","status":"publish","type":"product","link":"https:\/\/velooutlets.com\/lt\/produktas\/scott-spark-rc-comp-cumulus-white-2026\/","title":{"rendered":"Scott Spark RC Comp \u2013 Cumulus White 2026"},"content":{"rendered":"<p>Scott Spark RC Comp ir pilnv\u0113rt\u012bgs XC sac\u012bk\u0161u velosip\u0113ds, kas apvieno augstas klases karbona r\u0101mi, modernu pilnas piekares sist\u0113mu un \u013coti efekt\u012bvu transmisiju. Tas ir rad\u012bts brauc\u0113jiem, kuri v\u0113las maksim\u0101lu \u0101trumu k\u0101pumos un kontroli tehniskos nobraucienos \u2013 \u012bsts \u201crace-ready\u201d cross-country r\u012bks.<\/p>\n<p>Velosip\u0113ds b\u016bv\u0113ts uz Spark RC Carbon HMF r\u0101mja ar Integrated Suspension Technology un Flex Pivot konstrukciju, kas \u013cauj samazin\u0101t svaru, vienlaikus saglab\u0101jot pilnas piekares efektivit\u0101ti. Regul\u0113jams galvas le\u0146\u0137is un Syncros Cable Integration sist\u0113ma nodro\u0161ina gan piel\u0101gojamu vad\u0101m\u012bbu, gan \u013coti t\u012bru, integr\u0113tu izskatu. R\u0101m\u012b izmantots BB92 un UDH standarts ar 12\u00d7148 mm aizmugur\u0113jo asi, kas nodro\u0161ina stingr\u012bbu un modernu savietojam\u012bbu.<\/p>\n<p>Priek\u0161\u0101 str\u0101d\u0101 FOX 32 Float Rhythm 120 mm dak\u0161a ar 3 re\u017e\u012bmu sl\u0101p\u0113\u0161anu, kas \u013cauj piel\u0101got piekari da\u017e\u0101diem reljefa apst\u0101k\u013ciem. Aizmugur\u0113 FOX Float DPS Custom EVOL trunnion amortizators ar TwinLoc sist\u0113mu \u013cauj vien\u0101 rokas kust\u012bb\u0101 p\u0101rsl\u0113gties starp k\u0101p\u0161anas, trail un nobrauciena re\u017e\u012bmiem \u2013 tas ir viens no Spark RC galvenajiem trumpjiem, kas b\u016btiski uzlabo efektivit\u0101ti tras\u0113.<\/p>\n<p>Piedzi\u0146ai izmantota SRAM Eagle 70 Transmission 1\u00d712 sist\u0113ma ar 34T kla\u0146iem un 10\u201352T kaseti, kas nodro\u0161ina \u013coti pla\u0161u p\u0101rnesumu diapazonu gan st\u0101viem k\u0101pumiem, gan \u0101triem nobraucieniem. SRAM DB4 \u010detrvirzu\u013cu hidraulisk\u0101s disku bremzes sniedz sp\u0113c\u012bgu un stabilu bremz\u0113\u0161anu ar\u012b garos un tehniskos nobraucienos.<\/p>\n<p>Rite\u0146i \u2013 Syncros X-30SE TR tubeless ready diski \u2013 kop\u0101 ar Maxxis Rekon Race 29\u00d72.4&#8243; riep\u0101m nodro\u0161ina \u0101tru ripo\u0161anu, labu sa\u0137eri un stabilit\u0101ti XC tras\u0113s. Tubeless konfigur\u0101cija uzlabo komfortu, samazina pretest\u012bbu un palielina kontroli uz tehniskiem segumiem.<\/p>\n<p>Papildu priek\u0161roc\u012bba ir Syncros Duncan dropper s\u0113dek\u013ca stute un TwinLoc att\u0101lin\u0101t\u0101 piekares vad\u012bba, kas padara velosip\u0113du \u013coti piel\u0101gojamu da\u017e\u0101d\u0101m trases situ\u0101cij\u0101m bez apst\u0101\u0161an\u0101s.<\/p>\n<p>Specifikacija:<br \/>\nR\u0101mis: Spark RC Carbon HMF (Integrated Suspension, Flex Pivot, regul\u0113jams galvas le\u0146\u0137is, iek\u0161\u0113j\u0101 kabe\u013cu vad\u012bba, BB92, UDH, 12\u00d7148 mm)<br \/>\nDak\u0161a: FOX 32 Float Rhythm, 120 mm, 15\u00d7110 mm, 3 re\u017e\u012bmi<br \/>\nAizmugur\u0113jais amortizators: FOX Float DPS EVOL Performance, trunnion, TwinLoc<br \/>\nPiekare: TwinLoc 3 re\u017e\u012bmu sist\u0113ma (lockout \/ trail \/ descend)<br \/>\n\u0100trumu skaits: 1\u00d712<br \/>\nAizmugur\u0113jais p\u0101rsl\u0113dz\u0113js: SRAM Eagle 70 Transmission<br \/>\nP\u0101rsl\u0113dz\u0113js: SRAM Eagle 70 Trigger<br \/>\nKla\u0146i: SRAM Eagle 70 Transmission, 34T<br \/>\nKla\u0146u ass: SRAM DUB PF92 MTB Wide<br \/>\nKasete: SRAM XS-1270 Eagle Transmission, 10\u201352T<br \/>\n\u0136\u0113de: SRAM CN Eagle 70 Transmission<br \/>\nBremzes: SRAM DB4, 4 virzu\u013cu hidraulisk\u0101s disku<br \/>\nBrem\u017eu diski: SRAM Centerline, 180 mm (priek\u0161\u0101) \/ 160 mm (aizmugur\u0113)<br \/>\nSt\u016bre: Syncros Fraser 2.0 XC, alum\u012bnijs, 740 mm, 8\u00b0<br \/>\nIznesums: Syncros XC 2.0, -12\u00b0, 31.8 mm<br \/>\nS\u0113dek\u013ca stute: Syncros Duncan Dropper 1.5XC (100 mm)<br \/>\nS\u0113deklis: Syncros Belcarra V2.0 Cut Out<br \/>\nRumbas: Formula CL-811 (priek\u0161\u0101) \/ CL-148S (aizmugur\u0113)<br \/>\nAploki: Syncros X-30SE TR, 32H, 30 mm, tubeless ready<br \/>\nRiepas: Maxxis Rekon Race 29\u00d72.4&#8243;, EXO, tubeless ready<br \/>\nSvars: ~12.8 kg (bez ped\u0101\u013ciem, tubeless)<br \/>\nMaks. sist\u0113mas svars: 130 kg<\/p>","protected":false},"excerpt":{"rendered":"<p>Scott Spark RC Comp ir pilnv\u0113rt\u012bgs XC sac\u012bk\u0161u velosip\u0113ds, kas apvieno augstas klases karbona r\u0101mi, modernu pilnas piekares sist\u0113mu un \u013coti efekt\u012bvu transmisiju. Tas ir rad\u012bts brauc\u0113jiem, kuri v\u0113las maksim\u0101lu \u0101trumu k\u0101pumos un kontroli tehniskos nobraucienos \u2013 \u012bsts \u201crace-ready\u201d cross-country r\u012bks. Velosip\u0113ds b\u016bv\u0113ts uz Spark RC Carbon HMF r\u0101mja ar Integrated Suspension Technology un Flex [&hellip;]<\/p>\n","protected":false},"featured_media":33167,"template":"","meta":{"_monsterinsights_skip_tracking":false,"_monsterinsights_sitenote_active":false,"_monsterinsights_sitenote_note":"","_monsterinsights_sitenote_category":0,"_iconic_wsb_product_page_order_bump_ids":[[]],"_sku":[],"_iconic_wsb_product_page_bump_modal_ids":[[]]},"product_brand":[872],"product_cat":[1642,980,1127],"product_tag":[1522],"class_list":{"0":"post-32490","1":"product","2":"type-product","3":"status-publish","4":"has-post-thumbnail","6":"product_brand-scott","7":"product_cat-mtb-full-suspension","8":"product_cat-kalnu-velosipedi","9":"product_cat-velosipedi","10":"product_tag-scott","11":"product_shipping_class-pieauguso-velosipedi","13":"first","14":"instock","15":"sale","16":"taxable","17":"shipping-taxable","18":"purchasable","19":"product-type-variable","20":"wvs-archive-product-wrapper"},"yoast_head":"<!-- This site is optimized with the Yoast SEO plugin v27.2 - https:\/\/yoast.com\/product\/yoast-seo-wordpress\/ -->\n<title>Scott Spark RC Comp \u2013 Cumulus White 2026 - Velo Outlets<\/title>\n<meta name=\"robots\" content=\"index, follow, max-snippet:-1, max-image-preview:large, max-video-preview:-1\" \/>\n<link rel=\"canonical\" href=\"https:\/\/velooutlets.com\/lt\/produktas\/scott-spark-rc-comp-cumulus-white-2026\/\" \/>\n<meta property=\"og:locale\" content=\"lt_LT\" \/>\n<meta property=\"og:type\" content=\"article\" \/>\n<meta property=\"og:title\" content=\"Scott Spark RC Comp \u2013 Cumulus White 2026 - Velo Outlets\" \/>\n<meta property=\"og:description\" content=\"Scott Spark RC Comp ir pilnv\u0113rt\u012bgs XC sac\u012bk\u0161u velosip\u0113ds, kas apvieno augstas klases karbona r\u0101mi, modernu pilnas piekares sist\u0113mu un \u013coti efekt\u012bvu transmisiju. Tas ir rad\u012bts brauc\u0113jiem, kuri v\u0113las maksim\u0101lu \u0101trumu k\u0101pumos un kontroli tehniskos nobraucienos \u2013 \u012bsts \u201crace-ready\u201d cross-country r\u012bks. Velosip\u0113ds b\u016bv\u0113ts uz Spark RC Carbon HMF r\u0101mja ar Integrated Suspension Technology un Flex [&hellip;]\" \/>\n<meta property=\"og:url\" content=\"https:\/\/velooutlets.com\/lt\/produktas\/scott-spark-rc-comp-cumulus-white-2026\/\" \/>\n<meta property=\"og:site_name\" content=\"Velo Outlets\" \/>\n<meta property=\"article:modified_time\" content=\"2026-04-19T11:41:14+00:00\" \/>\n<meta property=\"og:image\" content=\"https:\/\/velooutlets.com\/wp-content\/uploads\/2026\/02\/Screenshot2025-08-12134536.jpg\" \/>\n\t<meta property=\"og:image:width\" content=\"1570\" \/>\n\t<meta property=\"og:image:height\" content=\"1009\" \/>\n\t<meta property=\"og:image:type\" content=\"image\/jpeg\" \/>\n<meta name=\"twitter:card\" content=\"summary_large_image\" \/>\n<meta name=\"twitter:label1\" content=\"Est. reading time\" \/>\n\t<meta name=\"twitter:data1\" content=\"3 minut\u0117s\" \/>\n<script type=\"application\/ld+json\" class=\"yoast-schema-graph\">{\"@context\":\"https:\/\/schema.org\",\"@graph\":[{\"@type\":\"WebPage\",\"@id\":\"https:\/\/velooutlets.com\/products\/scott-spark-rc-comp-cumulus-white-2026\/\",\"url\":\"https:\/\/velooutlets.com\/products\/scott-spark-rc-comp-cumulus-white-2026\/\",\"name\":\"Scott Spark RC Comp \u2013 Cumulus White 2026 - Velo Outlets\",\"isPartOf\":{\"@id\":\"https:\/\/velooutlets.com\/en\/#website\"},\"primaryImageOfPage\":{\"@id\":\"https:\/\/velooutlets.com\/products\/scott-spark-rc-comp-cumulus-white-2026\/#primaryimage\"},\"image\":{\"@id\":\"https:\/\/velooutlets.com\/products\/scott-spark-rc-comp-cumulus-white-2026\/#primaryimage\"},\"thumbnailUrl\":\"https:\/\/velooutlets.com\/wp-content\/uploads\/2026\/02\/Screenshot2025-08-12134536.jpg\",\"datePublished\":\"2026-02-06T09:25:30+00:00\",\"dateModified\":\"2026-04-19T11:41:14+00:00\",\"breadcrumb\":{\"@id\":\"https:\/\/velooutlets.com\/products\/scott-spark-rc-comp-cumulus-white-2026\/#breadcrumb\"},\"inLanguage\":\"lt-LT\",\"potentialAction\":[{\"@type\":\"ReadAction\",\"target\":[\"https:\/\/velooutlets.com\/products\/scott-spark-rc-comp-cumulus-white-2026\/\"]}]},{\"@type\":\"ImageObject\",\"inLanguage\":\"lt-LT\",\"@id\":\"https:\/\/velooutlets.com\/products\/scott-spark-rc-comp-cumulus-white-2026\/#primaryimage\",\"url\":\"https:\/\/velooutlets.com\/wp-content\/uploads\/2026\/02\/Screenshot2025-08-12134536.jpg\",\"contentUrl\":\"https:\/\/velooutlets.com\/wp-content\/uploads\/2026\/02\/Screenshot2025-08-12134536.jpg\",\"width\":1570,\"height\":1009},{\"@type\":\"BreadcrumbList\",\"@id\":\"https:\/\/velooutlets.com\/products\/scott-spark-rc-comp-cumulus-white-2026\/#breadcrumb\",\"itemListElement\":[{\"@type\":\"ListItem\",\"position\":1,\"name\":\"Home\",\"item\":\"https:\/\/velooutlets.com\/\"},{\"@type\":\"ListItem\",\"position\":2,\"name\":\"Veikals\",\"item\":\"https:\/\/velooutlets.com\/shop\/\"},{\"@type\":\"ListItem\",\"position\":3,\"name\":\"Scott Spark RC Comp \u2013 Cumulus White 2026\"}]},{\"@type\":\"WebSite\",\"@id\":\"https:\/\/velooutlets.com\/en\/#website\",\"url\":\"https:\/\/velooutlets.com\/en\/\",\"name\":\"Velo Outlets\",\"description\":\"Velosip\u0113di visai \u0123imenei\",\"potentialAction\":[{\"@type\":\"SearchAction\",\"target\":{\"@type\":\"EntryPoint\",\"urlTemplate\":\"https:\/\/velooutlets.com\/en\/?s={search_term_string}\"},\"query-input\":{\"@type\":\"PropertyValueSpecification\",\"valueRequired\":true,\"valueName\":\"search_term_string\"}}],\"inLanguage\":\"lt-LT\"}]}<\/script>\n<!-- \/ Yoast SEO plugin. -->","yoast_head_json":{"title":"Scott Spark RC Comp \u2013 Cumulus White 2026 - Velo Outlets","robots":{"index":"index","follow":"follow","max-snippet":"max-snippet:-1","max-image-preview":"max-image-preview:large","max-video-preview":"max-video-preview:-1"},"canonical":"https:\/\/velooutlets.com\/lt\/produktas\/scott-spark-rc-comp-cumulus-white-2026\/","og_locale":"lt_LT","og_type":"article","og_title":"Scott Spark RC Comp \u2013 Cumulus White 2026 - Velo Outlets","og_description":"Scott Spark RC Comp ir pilnv\u0113rt\u012bgs XC sac\u012bk\u0161u velosip\u0113ds, kas apvieno augstas klases karbona r\u0101mi, modernu pilnas piekares sist\u0113mu un \u013coti efekt\u012bvu transmisiju. Tas ir rad\u012bts brauc\u0113jiem, kuri v\u0113las maksim\u0101lu \u0101trumu k\u0101pumos un kontroli tehniskos nobraucienos \u2013 \u012bsts \u201crace-ready\u201d cross-country r\u012bks. Velosip\u0113ds b\u016bv\u0113ts uz Spark RC Carbon HMF r\u0101mja ar Integrated Suspension Technology un Flex [&hellip;]","og_url":"https:\/\/velooutlets.com\/lt\/produktas\/scott-spark-rc-comp-cumulus-white-2026\/","og_site_name":"Velo Outlets","article_modified_time":"2026-04-19T11:41:14+00:00","og_image":[{"width":1570,"height":1009,"url":"https:\/\/velooutlets.com\/wp-content\/uploads\/2026\/02\/Screenshot2025-08-12134536.jpg","type":"image\/jpeg"}],"twitter_card":"summary_large_image","twitter_misc":{"Est. reading time":"3 minut\u0117s"},"schema":{"@context":"https:\/\/schema.org","@graph":[{"@type":"WebPage","@id":"https:\/\/velooutlets.com\/products\/scott-spark-rc-comp-cumulus-white-2026\/","url":"https:\/\/velooutlets.com\/products\/scott-spark-rc-comp-cumulus-white-2026\/","name":"Scott Spark RC Comp \u2013 Cumulus White 2026 - Velo Outlets","isPartOf":{"@id":"https:\/\/velooutlets.com\/en\/#website"},"primaryImageOfPage":{"@id":"https:\/\/velooutlets.com\/products\/scott-spark-rc-comp-cumulus-white-2026\/#primaryimage"},"image":{"@id":"https:\/\/velooutlets.com\/products\/scott-spark-rc-comp-cumulus-white-2026\/#primaryimage"},"thumbnailUrl":"https:\/\/velooutlets.com\/wp-content\/uploads\/2026\/02\/Screenshot2025-08-12134536.jpg","datePublished":"2026-02-06T09:25:30+00:00","dateModified":"2026-04-19T11:41:14+00:00","breadcrumb":{"@id":"https:\/\/velooutlets.com\/products\/scott-spark-rc-comp-cumulus-white-2026\/#breadcrumb"},"inLanguage":"lt-LT","potentialAction":[{"@type":"ReadAction","target":["https:\/\/velooutlets.com\/products\/scott-spark-rc-comp-cumulus-white-2026\/"]}]},{"@type":"ImageObject","inLanguage":"lt-LT","@id":"https:\/\/velooutlets.com\/products\/scott-spark-rc-comp-cumulus-white-2026\/#primaryimage","url":"https:\/\/velooutlets.com\/wp-content\/uploads\/2026\/02\/Screenshot2025-08-12134536.jpg","contentUrl":"https:\/\/velooutlets.com\/wp-content\/uploads\/2026\/02\/Screenshot2025-08-12134536.jpg","width":1570,"height":1009},{"@type":"BreadcrumbList","@id":"https:\/\/velooutlets.com\/products\/scott-spark-rc-comp-cumulus-white-2026\/#breadcrumb","itemListElement":[{"@type":"ListItem","position":1,"name":"Home","item":"https:\/\/velooutlets.com\/"},{"@type":"ListItem","position":2,"name":"Veikals","item":"https:\/\/velooutlets.com\/shop\/"},{"@type":"ListItem","position":3,"name":"Scott Spark RC Comp \u2013 Cumulus White 2026"}]},{"@type":"WebSite","@id":"https:\/\/velooutlets.com\/en\/#website","url":"https:\/\/velooutlets.com\/en\/","name":"\"Velo Outlets","description":"Dvira\u010diai visai \u0161eimai","potentialAction":[{"@type":"SearchAction","target":{"@type":"EntryPoint","urlTemplate":"https:\/\/velooutlets.com\/en\/?s={search_term_string}"},"query-input":{"@type":"PropertyValueSpecification","valueRequired":true,"valueName":"search_term_string"}}],"inLanguage":"lt-LT"}]}},"jetpack_sharing_enabled":true,"_links":{"self":[{"href":"https:\/\/velooutlets.com\/lt\/wp-json\/wp\/v2\/product\/32490","targetHints":{"allow":["GET"]}}],"collection":[{"href":"https:\/\/velooutlets.com\/lt\/wp-json\/wp\/v2\/product"}],"about":[{"href":"https:\/\/velooutlets.com\/lt\/wp-json\/wp\/v2\/types\/product"}],"wp:featuredmedia":[{"embeddable":true,"href":"https:\/\/velooutlets.com\/lt\/wp-json\/wp\/v2\/media\/33167"}],"wp:attachment":[{"href":"https:\/\/velooutlets.com\/lt\/wp-json\/wp\/v2\/media?parent=32490"}],"wp:term":[{"taxonomy":"product_brand","embeddable":true,"href":"https:\/\/velooutlets.com\/lt\/wp-json\/wp\/v2\/product_brand?post=32490"},{"taxonomy":"product_cat","embeddable":true,"href":"https:\/\/velooutlets.com\/lt\/wp-json\/wp\/v2\/product_cat?post=32490"},{"taxonomy":"product_tag","embeddable":true,"href":"https:\/\/velooutlets.com\/lt\/wp-json\/wp\/v2\/product_tag?post=32490"}],"curies":[{"name":"wp","href":"https:\/\/api.w.org\/{rel}","templated":true}]}}