{"id":32738,"date":"2026-02-06T11:53:34","date_gmt":"2026-02-06T09:53:34","guid":{"rendered":"https:\/\/staging.velooutlets.com\/product\/engwe-engine-pro-2-0-electric-20-black\/"},"modified":"2026-04-16T14:39:33","modified_gmt":"2026-04-16T11:39:33","slug":"engwe-engine-pro-2-0-electric-20-black","status":"publish","type":"product","link":"https:\/\/velooutlets.com\/lt\/produktas\/engwe-engine-pro-2-0-electric-20-black\/","title":{"rendered":"\"Engwe Engine PRO 2.0 Electric 20\u2033 Black"},"content":{"rendered":"<p>\"Engwe Engine PRO 2.0 Electric 20\u2033 Black\" yra galingas ir universalus sulankstomas elektrinis dviratis, skirtas tiek miesto gatv\u0117ms, tiek bekelei. Jo 250 W variklis su 75 Nm sukimo momentu kartu su talpia 832 Wh (52V 16Ah) baterija u\u017etikrina stipri\u0105 trauk\u0105 ir ilgalaik\u012f veikim\u0105, tod\u0117l ilgai ir patogiai va\u017eiuojama net kalnuotais mar\u0161rutais. Sulankstomas r\u0117mas ir reguliuojamas vairas leid\u017eia lengvai pritaikyti dvirat\u012f skirtingiems dviratininkams, be to, j\u012f lengva laikyti ar transportuoti.<\/p>\n<p>\u0160iame elektriniame dviratyje \u012frengta priekin\u0117 hidraulin\u0117 ir galin\u0117 mechanin\u0117 amortizacijos sistema, kad b\u016bt\u0173 patogu va\u017eiuoti nelygiais keliais, \u017evyro ar sniego danga. Didel\u0117s 20 x 4,0 coli\u0173 padangos u\u017etikrina puik\u0173 sukibim\u0105 ir stabilum\u0105, tod\u0117l va\u017eiuoti mieste ir u\u017e jo rib\u0173 yra saugu. Su \"Shimano Altus\" 8 pavar\u0173 sistema lengva reguliuoti greit\u012f pagal \u012fvairias kelio s\u0105lygas, o hidrauliniai diskiniai stabd\u017eiai su 160 mm skersmens rotoriais u\u017etikrina saug\u0173 stabdym\u0105 net ant slid\u017eios dangos.<\/p>\n<p>\"Engwe Engine PRO 2.0\" suderina sulankstomo el. dvira\u010dio prakti\u0161kum\u0105, riesto dvira\u010dio stabilum\u0105 ir elektrinio dvira\u010dio gali\u0105, tod\u0117l tai idealus pasirinkimas tiek kasdieniam va\u017ein\u0117jimui \u012f darb\u0105, tiek nuotykiams gamtoje. Ergonomi\u0161kas dizainas, galingas variklis ir tvirtos padangos u\u017etikrina komfort\u0105, saugum\u0105 ir pasitik\u0117jim\u0105 kiekvienoje kelion\u0117je.<\/p>","protected":false},"excerpt":{"rendered":"<p>Engwe Engine PRO 2.0 Electric 20&#8243; Black ir jaud\u012bgs un daudzpus\u012bgs saliekamais elektriskais fatbike, kas paredz\u0113ts gan pils\u0113tas iel\u0101m, gan bezce\u013cu piedz\u012bvojumiem. T\u0101 250 W motors ar 75 Nm griezes momentu apvienojum\u0101 ar ietilp\u012bgo 832 Wh (52V 16Ah) akumulatoru nodro\u0161ina sp\u0113c\u012bgu vilkmi un ilgsto\u0161u darb\u012bbu, padarot braucienus garus un \u0113rtus pat kalnainos mar\u0161rutos. Saliekamais r\u0101mis [&hellip;]<\/p>\n","protected":false},"featured_media":35721,"template":"","meta":{"_monsterinsights_skip_tracking":false,"_monsterinsights_sitenote_active":false,"_monsterinsights_sitenote_note":"","_monsterinsights_sitenote_category":0,"_iconic_wsb_product_page_order_bump_ids":[[]],"_sku":["7770001057343"],"_iconic_wsb_product_page_bump_modal_ids":[[]]},"product_brand":[1628],"product_cat":[963,1127],"product_tag":[],"class_list":{"0":"post-32738","1":"product","2":"type-product","3":"status-publish","4":"has-post-thumbnail","6":"product_brand-engwe","7":"product_cat-elektro-velosipedi","8":"product_cat-velosipedi","9":"product_shipping_class-elektro-velosipedi","10":"pa_ramja-izmers-uni","12":"first","13":"instock","14":"sale","15":"taxable","16":"shipping-taxable","17":"purchasable","18":"product-type-simple"},"yoast_head":"<!-- This site is optimized with the Yoast SEO plugin v27.2 - https:\/\/yoast.com\/product\/yoast-seo-wordpress\/ -->\n<title>Engwe Engine PRO 2.0 Electric 20&quot; Black - Velo Outlets<\/title>\n<meta name=\"robots\" content=\"index, follow, max-snippet:-1, max-image-preview:large, max-video-preview:-1\" \/>\n<link rel=\"canonical\" href=\"https:\/\/velooutlets.com\/lt\/produktas\/engwe-engine-pro-2-0-electric-20-black\/\" \/>\n<meta property=\"og:locale\" content=\"lt_LT\" \/>\n<meta property=\"og:type\" content=\"article\" \/>\n<meta property=\"og:title\" content=\"Engwe Engine PRO 2.0 Electric 20&quot; Black - Velo Outlets\" \/>\n<meta property=\"og:description\" content=\"Engwe Engine PRO 2.0 Electric 20&#8243; Black ir jaud\u012bgs un daudzpus\u012bgs saliekamais elektriskais fatbike, kas paredz\u0113ts gan pils\u0113tas iel\u0101m, gan bezce\u013cu piedz\u012bvojumiem. T\u0101 250 W motors ar 75 Nm griezes momentu apvienojum\u0101 ar ietilp\u012bgo 832 Wh (52V 16Ah) akumulatoru nodro\u0161ina sp\u0113c\u012bgu vilkmi un ilgsto\u0161u darb\u012bbu, padarot braucienus garus un \u0113rtus pat kalnainos mar\u0161rutos. Saliekamais r\u0101mis [&hellip;]\" \/>\n<meta property=\"og:url\" content=\"https:\/\/velooutlets.com\/lt\/produktas\/engwe-engine-pro-2-0-electric-20-black\/\" \/>\n<meta property=\"og:site_name\" content=\"Velo Outlets\" \/>\n<meta property=\"article:modified_time\" content=\"2026-04-16T11:39:33+00:00\" \/>\n<meta property=\"og:image\" content=\"https:\/\/velooutlets.com\/wp-content\/uploads\/2026\/02\/1000191864.jpg\" \/>\n\t<meta property=\"og:image:width\" content=\"557\" \/>\n\t<meta property=\"og:image:height\" content=\"417\" \/>\n\t<meta property=\"og:image:type\" content=\"image\/jpeg\" \/>\n<meta name=\"twitter:card\" content=\"summary_large_image\" \/>\n<meta name=\"twitter:label1\" content=\"Est. reading time\" \/>\n\t<meta name=\"twitter:data1\" content=\"2 minut\u0117s\" \/>\n<script type=\"application\/ld+json\" class=\"yoast-schema-graph\">{\"@context\":\"https:\/\/schema.org\",\"@graph\":[{\"@type\":\"WebPage\",\"@id\":\"https:\/\/velooutlets.com\/products\/engwe-engine-pro-2-0-electric-20-black\/\",\"url\":\"https:\/\/velooutlets.com\/products\/engwe-engine-pro-2-0-electric-20-black\/\",\"name\":\"Engwe Engine PRO 2.0 Electric 20\\\" Black - Velo Outlets\",\"isPartOf\":{\"@id\":\"https:\/\/velooutlets.com\/en\/#website\"},\"primaryImageOfPage\":{\"@id\":\"https:\/\/velooutlets.com\/products\/engwe-engine-pro-2-0-electric-20-black\/#primaryimage\"},\"image\":{\"@id\":\"https:\/\/velooutlets.com\/products\/engwe-engine-pro-2-0-electric-20-black\/#primaryimage\"},\"thumbnailUrl\":\"https:\/\/velooutlets.com\/wp-content\/uploads\/2026\/02\/1000191864.jpg\",\"datePublished\":\"2026-02-06T09:53:34+00:00\",\"dateModified\":\"2026-04-16T11:39:33+00:00\",\"breadcrumb\":{\"@id\":\"https:\/\/velooutlets.com\/products\/engwe-engine-pro-2-0-electric-20-black\/#breadcrumb\"},\"inLanguage\":\"lt-LT\",\"potentialAction\":[{\"@type\":\"ReadAction\",\"target\":[\"https:\/\/velooutlets.com\/products\/engwe-engine-pro-2-0-electric-20-black\/\"]}]},{\"@type\":\"ImageObject\",\"inLanguage\":\"lt-LT\",\"@id\":\"https:\/\/velooutlets.com\/products\/engwe-engine-pro-2-0-electric-20-black\/#primaryimage\",\"url\":\"https:\/\/velooutlets.com\/wp-content\/uploads\/2026\/02\/1000191864.jpg\",\"contentUrl\":\"https:\/\/velooutlets.com\/wp-content\/uploads\/2026\/02\/1000191864.jpg\",\"width\":557,\"height\":417},{\"@type\":\"BreadcrumbList\",\"@id\":\"https:\/\/velooutlets.com\/products\/engwe-engine-pro-2-0-electric-20-black\/#breadcrumb\",\"itemListElement\":[{\"@type\":\"ListItem\",\"position\":1,\"name\":\"Home\",\"item\":\"https:\/\/velooutlets.com\/\"},{\"@type\":\"ListItem\",\"position\":2,\"name\":\"Veikals\",\"item\":\"https:\/\/velooutlets.com\/shop\/\"},{\"@type\":\"ListItem\",\"position\":3,\"name\":\"Engwe Engine PRO 2.0 Electric 20&#8243; Black\"}]},{\"@type\":\"WebSite\",\"@id\":\"https:\/\/velooutlets.com\/en\/#website\",\"url\":\"https:\/\/velooutlets.com\/en\/\",\"name\":\"Velo Outlets\",\"description\":\"Velosip\u0113di visai \u0123imenei\",\"potentialAction\":[{\"@type\":\"SearchAction\",\"target\":{\"@type\":\"EntryPoint\",\"urlTemplate\":\"https:\/\/velooutlets.com\/en\/?s={search_term_string}\"},\"query-input\":{\"@type\":\"PropertyValueSpecification\",\"valueRequired\":true,\"valueName\":\"search_term_string\"}}],\"inLanguage\":\"lt-LT\"}]}<\/script>\n<!-- \/ Yoast SEO plugin. -->","yoast_head_json":{"title":"Engwe Engine PRO 2.0 Electric 20\" Black - Velo Outlets","robots":{"index":"index","follow":"follow","max-snippet":"max-snippet:-1","max-image-preview":"max-image-preview:large","max-video-preview":"max-video-preview:-1"},"canonical":"https:\/\/velooutlets.com\/lt\/produktas\/engwe-engine-pro-2-0-electric-20-black\/","og_locale":"lt_LT","og_type":"article","og_title":"Engwe Engine PRO 2.0 Electric 20\" Black - Velo Outlets","og_description":"Engwe Engine PRO 2.0 Electric 20&#8243; Black ir jaud\u012bgs un daudzpus\u012bgs saliekamais elektriskais fatbike, kas paredz\u0113ts gan pils\u0113tas iel\u0101m, gan bezce\u013cu piedz\u012bvojumiem. T\u0101 250 W motors ar 75 Nm griezes momentu apvienojum\u0101 ar ietilp\u012bgo 832 Wh (52V 16Ah) akumulatoru nodro\u0161ina sp\u0113c\u012bgu vilkmi un ilgsto\u0161u darb\u012bbu, padarot braucienus garus un \u0113rtus pat kalnainos mar\u0161rutos. Saliekamais r\u0101mis [&hellip;]","og_url":"https:\/\/velooutlets.com\/lt\/produktas\/engwe-engine-pro-2-0-electric-20-black\/","og_site_name":"Velo Outlets","article_modified_time":"2026-04-16T11:39:33+00:00","og_image":[{"width":557,"height":417,"url":"https:\/\/velooutlets.com\/wp-content\/uploads\/2026\/02\/1000191864.jpg","type":"image\/jpeg"}],"twitter_card":"summary_large_image","twitter_misc":{"Est. reading time":"2 minut\u0117s"},"schema":{"@context":"https:\/\/schema.org","@graph":[{"@type":"WebPage","@id":"https:\/\/velooutlets.com\/products\/engwe-engine-pro-2-0-electric-20-black\/","url":"https:\/\/velooutlets.com\/products\/engwe-engine-pro-2-0-electric-20-black\/","name":"Engwe Engine PRO 2.0 Electric 20\" Black - Velo Outlets","isPartOf":{"@id":"https:\/\/velooutlets.com\/en\/#website"},"primaryImageOfPage":{"@id":"https:\/\/velooutlets.com\/products\/engwe-engine-pro-2-0-electric-20-black\/#primaryimage"},"image":{"@id":"https:\/\/velooutlets.com\/products\/engwe-engine-pro-2-0-electric-20-black\/#primaryimage"},"thumbnailUrl":"https:\/\/velooutlets.com\/wp-content\/uploads\/2026\/02\/1000191864.jpg","datePublished":"2026-02-06T09:53:34+00:00","dateModified":"2026-04-16T11:39:33+00:00","breadcrumb":{"@id":"https:\/\/velooutlets.com\/products\/engwe-engine-pro-2-0-electric-20-black\/#breadcrumb"},"inLanguage":"lt-LT","potentialAction":[{"@type":"ReadAction","target":["https:\/\/velooutlets.com\/products\/engwe-engine-pro-2-0-electric-20-black\/"]}]},{"@type":"ImageObject","inLanguage":"lt-LT","@id":"https:\/\/velooutlets.com\/products\/engwe-engine-pro-2-0-electric-20-black\/#primaryimage","url":"https:\/\/velooutlets.com\/wp-content\/uploads\/2026\/02\/1000191864.jpg","contentUrl":"https:\/\/velooutlets.com\/wp-content\/uploads\/2026\/02\/1000191864.jpg","width":557,"height":417},{"@type":"BreadcrumbList","@id":"https:\/\/velooutlets.com\/products\/engwe-engine-pro-2-0-electric-20-black\/#breadcrumb","itemListElement":[{"@type":"ListItem","position":1,"name":"Home","item":"https:\/\/velooutlets.com\/"},{"@type":"ListItem","position":2,"name":"Veikals","item":"https:\/\/velooutlets.com\/shop\/"},{"@type":"ListItem","position":3,"name":"Engwe Engine PRO 2.0 Electric 20&#8243; Black"}]},{"@type":"WebSite","@id":"https:\/\/velooutlets.com\/en\/#website","url":"https:\/\/velooutlets.com\/en\/","name":"\"Velo Outlets","description":"Dvira\u010diai visai \u0161eimai","potentialAction":[{"@type":"SearchAction","target":{"@type":"EntryPoint","urlTemplate":"https:\/\/velooutlets.com\/en\/?s={search_term_string}"},"query-input":{"@type":"PropertyValueSpecification","valueRequired":true,"valueName":"search_term_string"}}],"inLanguage":"lt-LT"}]}},"jetpack_sharing_enabled":true,"_links":{"self":[{"href":"https:\/\/velooutlets.com\/lt\/wp-json\/wp\/v2\/product\/32738","targetHints":{"allow":["GET"]}}],"collection":[{"href":"https:\/\/velooutlets.com\/lt\/wp-json\/wp\/v2\/product"}],"about":[{"href":"https:\/\/velooutlets.com\/lt\/wp-json\/wp\/v2\/types\/product"}],"wp:featuredmedia":[{"embeddable":true,"href":"https:\/\/velooutlets.com\/lt\/wp-json\/wp\/v2\/media\/35721"}],"wp:attachment":[{"href":"https:\/\/velooutlets.com\/lt\/wp-json\/wp\/v2\/media?parent=32738"}],"wp:term":[{"taxonomy":"product_brand","embeddable":true,"href":"https:\/\/velooutlets.com\/lt\/wp-json\/wp\/v2\/product_brand?post=32738"},{"taxonomy":"product_cat","embeddable":true,"href":"https:\/\/velooutlets.com\/lt\/wp-json\/wp\/v2\/product_cat?post=32738"},{"taxonomy":"product_tag","embeddable":true,"href":"https:\/\/velooutlets.com\/lt\/wp-json\/wp\/v2\/product_tag?post=32738"}],"curies":[{"name":"wp","href":"https:\/\/api.w.org\/{rel}","templated":true}]}}