{"id":32762,"date":"2026-02-06T11:56:39","date_gmt":"2026-02-06T09:56:39","guid":{"rendered":"https:\/\/staging.velooutlets.com\/product\/eovolt-uto-evening-24\/"},"modified":"2026-04-17T12:04:12","modified_gmt":"2026-04-17T09:04:12","slug":"eovolt-uto-evening-24","status":"publish","type":"product","link":"https:\/\/velooutlets.com\/lt\/produktas\/eovolt-uto-evening-24\/","title":{"rendered":"Eovolt Uto Evening \u2013 24&#8243; Balts"},"content":{"rendered":"<p>\"Eovolt Uto Evening 24\u2033 yra kompakti\u0161kas ir prakti\u0161kas sulankstomas elektrinis miesto dviratis, skirtas patogiam va\u017ein\u0117jimui mieste ir u\u017emies\u010dio mar\u0161rutais. D\u0117l sulankstomos konstrukcijos j\u012f lengva laikyti namuose, biure ar automobilio baga\u017ein\u0117je, kur jis u\u017eima nedaug vietos, o aliuminio r\u0117mas u\u017etikrina lengvum\u0105 ir patvarum\u0105, kad b\u016bt\u0173 naudojamas ilgai.<\/p>\n<p>Dviratis turi 24 coli\u0173 skersmens ratus su 2,4 colio plo\u010dio padangomis, atspariomis prad\u016brimams, su \u0161vies\u0105 atspindin\u010dia juosta, kad b\u016bt\u0173 saugu va\u017eiuoti ir dien\u0105, ir nakt\u012f. D\u0117l 250 W EOVOLT variklio su 36 V ir 40 Nm sukimo momentu bei iki 25 km\/val. grei\u010dio pedal\u0173 mynimo pagalbos dvira\u010diu va\u017eiuoti lengva ir patogu. Su \"Samsung\" 36 V 10,5 Ah (378 Wh) akumuliatoriumi vienu \u012fkrovimu per ma\u017edaug 4-5 valandas nuva\u017eiuojama iki 80 km.<\/p>\n<p>\"Eovolt Uto Evening 24\u2033 turi 7 pavar\u0173 \"Shimano Tourney\" pavar\u0173 sistem\u0105 ir hidraulinius diskinius stabd\u017eius su 160 mm skersmens rotoriais, u\u017etikrinan\u010dius saug\u0173 stabdym\u0105 ir tiksl\u0173 pavar\u0173 perjungim\u0105. \u0160is el. dviratis pasi\u017eymi lankstumu, patikimumu ir patogiu va\u017eiavimu, tod\u0117l idealiai tinka kasdieniam jud\u0117jimui ir greitam va\u017ein\u0117jimui mieste.<\/p>","protected":false},"excerpt":{"rendered":"<p>Eovolt Uto Evening 24&#8243; ir kompakts un praktisks salok\u0101ms elektriskais pils\u0113tas velosip\u0113ds, kas veidots \u0113rtai p\u0101rvieto\u0161anai gan pils\u0113t\u0101, gan piepils\u0113tas mar\u0161rutos. Salok\u0101m\u0101 konstrukcija \u013cauj velosip\u0113du viegli uzglab\u0101t m\u0101j\u0101s, biroj\u0101 vai auto bag\u0101\u017eniek\u0101, kur tas aiz\u0146em tikai minim\u0101lu vietu, savuk\u0101rt alum\u012bnija r\u0101mis nodro\u0161ina vieglumu un iztur\u012bbu ilgsto\u0161ai lieto\u0161anai. Velosip\u0113dam ir 24 collu rite\u0146i ar 2.4 collu [&hellip;]<\/p>\n","protected":false},"featured_media":33243,"template":"","meta":{"_monsterinsights_skip_tracking":false,"_monsterinsights_sitenote_active":false,"_monsterinsights_sitenote_note":"","_monsterinsights_sitenote_category":0,"_iconic_wsb_product_page_order_bump_ids":[[]],"_sku":[],"_iconic_wsb_product_page_bump_modal_ids":[[]]},"product_brand":[1629],"product_cat":[963,1724,1127],"product_tag":[],"class_list":{"0":"post-32762","1":"product","2":"type-product","3":"status-publish","4":"has-post-thumbnail","6":"product_brand-eovolt","7":"product_cat-elektro-velosipedi","8":"product_cat-salokamie-velosipedi","9":"product_cat-velosipedi","10":"product_shipping_class-elektro-velosipedi","11":"pa_materials-aluminija","12":"pa_ramja-izmers-uni","13":"pa_razosanas-gads-1998","15":"first","16":"instock","17":"sale","18":"taxable","19":"shipping-taxable","20":"purchasable","21":"product-type-simple"},"yoast_head":"<!-- This site is optimized with the Yoast SEO plugin v27.2 - https:\/\/yoast.com\/product\/yoast-seo-wordpress\/ -->\n<title>Eovolt Uto Evening \u2013 24&quot; Balts - Velo Outlets<\/title>\n<meta name=\"robots\" content=\"index, follow, max-snippet:-1, max-image-preview:large, max-video-preview:-1\" \/>\n<link rel=\"canonical\" href=\"https:\/\/velooutlets.com\/lt\/produktas\/eovolt-uto-evening-24\/\" \/>\n<meta property=\"og:locale\" content=\"lt_LT\" \/>\n<meta property=\"og:type\" content=\"article\" \/>\n<meta property=\"og:title\" content=\"Eovolt Uto Evening \u2013 24&quot; Balts - Velo Outlets\" \/>\n<meta property=\"og:description\" content=\"Eovolt Uto Evening 24&#8243; ir kompakts un praktisks salok\u0101ms elektriskais pils\u0113tas velosip\u0113ds, kas veidots \u0113rtai p\u0101rvieto\u0161anai gan pils\u0113t\u0101, gan piepils\u0113tas mar\u0161rutos. Salok\u0101m\u0101 konstrukcija \u013cauj velosip\u0113du viegli uzglab\u0101t m\u0101j\u0101s, biroj\u0101 vai auto bag\u0101\u017eniek\u0101, kur tas aiz\u0146em tikai minim\u0101lu vietu, savuk\u0101rt alum\u012bnija r\u0101mis nodro\u0161ina vieglumu un iztur\u012bbu ilgsto\u0161ai lieto\u0161anai. Velosip\u0113dam ir 24 collu rite\u0146i ar 2.4 collu [&hellip;]\" \/>\n<meta property=\"og:url\" content=\"https:\/\/velooutlets.com\/lt\/produktas\/eovolt-uto-evening-24\/\" \/>\n<meta property=\"og:site_name\" content=\"Velo Outlets\" \/>\n<meta property=\"article:modified_time\" content=\"2026-04-17T09:04:12+00:00\" \/>\n<meta property=\"og:image\" content=\"https:\/\/velooutlets.com\/wp-content\/uploads\/2026\/02\/EV09-11-V1_1-scaled.jpg\" \/>\n\t<meta property=\"og:image:width\" content=\"2560\" \/>\n\t<meta property=\"og:image:height\" content=\"1920\" \/>\n\t<meta property=\"og:image:type\" content=\"image\/jpeg\" \/>\n<meta name=\"twitter:card\" content=\"summary_large_image\" \/>\n<meta name=\"twitter:label1\" content=\"Est. reading time\" \/>\n\t<meta name=\"twitter:data1\" content=\"2 minut\u0117s\" \/>\n<script type=\"application\/ld+json\" class=\"yoast-schema-graph\">{\"@context\":\"https:\/\/schema.org\",\"@graph\":[{\"@type\":\"WebPage\",\"@id\":\"https:\/\/velooutlets.com\/products\/eovolt-uto-evening-24\/\",\"url\":\"https:\/\/velooutlets.com\/products\/eovolt-uto-evening-24\/\",\"name\":\"Eovolt Uto Evening \u2013 24\\\" Balts - Velo Outlets\",\"isPartOf\":{\"@id\":\"https:\/\/velooutlets.com\/en\/#website\"},\"primaryImageOfPage\":{\"@id\":\"https:\/\/velooutlets.com\/products\/eovolt-uto-evening-24\/#primaryimage\"},\"image\":{\"@id\":\"https:\/\/velooutlets.com\/products\/eovolt-uto-evening-24\/#primaryimage\"},\"thumbnailUrl\":\"https:\/\/velooutlets.com\/wp-content\/uploads\/2026\/02\/EV09-11-V1_1-scaled.jpg\",\"datePublished\":\"2026-02-06T09:56:39+00:00\",\"dateModified\":\"2026-04-17T09:04:12+00:00\",\"breadcrumb\":{\"@id\":\"https:\/\/velooutlets.com\/products\/eovolt-uto-evening-24\/#breadcrumb\"},\"inLanguage\":\"lt-LT\",\"potentialAction\":[{\"@type\":\"ReadAction\",\"target\":[\"https:\/\/velooutlets.com\/products\/eovolt-uto-evening-24\/\"]}]},{\"@type\":\"ImageObject\",\"inLanguage\":\"lt-LT\",\"@id\":\"https:\/\/velooutlets.com\/products\/eovolt-uto-evening-24\/#primaryimage\",\"url\":\"https:\/\/velooutlets.com\/wp-content\/uploads\/2026\/02\/EV09-11-V1_1-scaled.jpg\",\"contentUrl\":\"https:\/\/velooutlets.com\/wp-content\/uploads\/2026\/02\/EV09-11-V1_1-scaled.jpg\",\"width\":2560,\"height\":1920},{\"@type\":\"BreadcrumbList\",\"@id\":\"https:\/\/velooutlets.com\/products\/eovolt-uto-evening-24\/#breadcrumb\",\"itemListElement\":[{\"@type\":\"ListItem\",\"position\":1,\"name\":\"Home\",\"item\":\"https:\/\/velooutlets.com\/\"},{\"@type\":\"ListItem\",\"position\":2,\"name\":\"Veikals\",\"item\":\"https:\/\/velooutlets.com\/shop\/\"},{\"@type\":\"ListItem\",\"position\":3,\"name\":\"Eovolt Uto Evening \u2013 24&#8243; Balts\"}]},{\"@type\":\"WebSite\",\"@id\":\"https:\/\/velooutlets.com\/en\/#website\",\"url\":\"https:\/\/velooutlets.com\/en\/\",\"name\":\"Velo Outlets\",\"description\":\"Velosip\u0113di visai \u0123imenei\",\"potentialAction\":[{\"@type\":\"SearchAction\",\"target\":{\"@type\":\"EntryPoint\",\"urlTemplate\":\"https:\/\/velooutlets.com\/en\/?s={search_term_string}\"},\"query-input\":{\"@type\":\"PropertyValueSpecification\",\"valueRequired\":true,\"valueName\":\"search_term_string\"}}],\"inLanguage\":\"lt-LT\"}]}<\/script>\n<!-- \/ Yoast SEO plugin. -->","yoast_head_json":{"title":"Eovolt Uto Evening \u2013 24\" Balts - Velo Outlets","robots":{"index":"index","follow":"follow","max-snippet":"max-snippet:-1","max-image-preview":"max-image-preview:large","max-video-preview":"max-video-preview:-1"},"canonical":"https:\/\/velooutlets.com\/lt\/produktas\/eovolt-uto-evening-24\/","og_locale":"lt_LT","og_type":"article","og_title":"Eovolt Uto Evening \u2013 24\" Balts - Velo Outlets","og_description":"Eovolt Uto Evening 24&#8243; ir kompakts un praktisks salok\u0101ms elektriskais pils\u0113tas velosip\u0113ds, kas veidots \u0113rtai p\u0101rvieto\u0161anai gan pils\u0113t\u0101, gan piepils\u0113tas mar\u0161rutos. Salok\u0101m\u0101 konstrukcija \u013cauj velosip\u0113du viegli uzglab\u0101t m\u0101j\u0101s, biroj\u0101 vai auto bag\u0101\u017eniek\u0101, kur tas aiz\u0146em tikai minim\u0101lu vietu, savuk\u0101rt alum\u012bnija r\u0101mis nodro\u0161ina vieglumu un iztur\u012bbu ilgsto\u0161ai lieto\u0161anai. Velosip\u0113dam ir 24 collu rite\u0146i ar 2.4 collu [&hellip;]","og_url":"https:\/\/velooutlets.com\/lt\/produktas\/eovolt-uto-evening-24\/","og_site_name":"Velo Outlets","article_modified_time":"2026-04-17T09:04:12+00:00","og_image":[{"width":2560,"height":1920,"url":"https:\/\/velooutlets.com\/wp-content\/uploads\/2026\/02\/EV09-11-V1_1-scaled.jpg","type":"image\/jpeg"}],"twitter_card":"summary_large_image","twitter_misc":{"Est. reading time":"2 minut\u0117s"},"schema":{"@context":"https:\/\/schema.org","@graph":[{"@type":"WebPage","@id":"https:\/\/velooutlets.com\/products\/eovolt-uto-evening-24\/","url":"https:\/\/velooutlets.com\/products\/eovolt-uto-evening-24\/","name":"Eovolt Uto Evening \u2013 24\" Balts - Velo Outlets","isPartOf":{"@id":"https:\/\/velooutlets.com\/en\/#website"},"primaryImageOfPage":{"@id":"https:\/\/velooutlets.com\/products\/eovolt-uto-evening-24\/#primaryimage"},"image":{"@id":"https:\/\/velooutlets.com\/products\/eovolt-uto-evening-24\/#primaryimage"},"thumbnailUrl":"https:\/\/velooutlets.com\/wp-content\/uploads\/2026\/02\/EV09-11-V1_1-scaled.jpg","datePublished":"2026-02-06T09:56:39+00:00","dateModified":"2026-04-17T09:04:12+00:00","breadcrumb":{"@id":"https:\/\/velooutlets.com\/products\/eovolt-uto-evening-24\/#breadcrumb"},"inLanguage":"lt-LT","potentialAction":[{"@type":"ReadAction","target":["https:\/\/velooutlets.com\/products\/eovolt-uto-evening-24\/"]}]},{"@type":"ImageObject","inLanguage":"lt-LT","@id":"https:\/\/velooutlets.com\/products\/eovolt-uto-evening-24\/#primaryimage","url":"https:\/\/velooutlets.com\/wp-content\/uploads\/2026\/02\/EV09-11-V1_1-scaled.jpg","contentUrl":"https:\/\/velooutlets.com\/wp-content\/uploads\/2026\/02\/EV09-11-V1_1-scaled.jpg","width":2560,"height":1920},{"@type":"BreadcrumbList","@id":"https:\/\/velooutlets.com\/products\/eovolt-uto-evening-24\/#breadcrumb","itemListElement":[{"@type":"ListItem","position":1,"name":"Home","item":"https:\/\/velooutlets.com\/"},{"@type":"ListItem","position":2,"name":"Veikals","item":"https:\/\/velooutlets.com\/shop\/"},{"@type":"ListItem","position":3,"name":"Eovolt Uto Evening \u2013 24&#8243; Balts"}]},{"@type":"WebSite","@id":"https:\/\/velooutlets.com\/en\/#website","url":"https:\/\/velooutlets.com\/en\/","name":"\"Velo Outlets","description":"Dvira\u010diai visai \u0161eimai","potentialAction":[{"@type":"SearchAction","target":{"@type":"EntryPoint","urlTemplate":"https:\/\/velooutlets.com\/en\/?s={search_term_string}"},"query-input":{"@type":"PropertyValueSpecification","valueRequired":true,"valueName":"search_term_string"}}],"inLanguage":"lt-LT"}]}},"jetpack_sharing_enabled":true,"_links":{"self":[{"href":"https:\/\/velooutlets.com\/lt\/wp-json\/wp\/v2\/product\/32762","targetHints":{"allow":["GET"]}}],"collection":[{"href":"https:\/\/velooutlets.com\/lt\/wp-json\/wp\/v2\/product"}],"about":[{"href":"https:\/\/velooutlets.com\/lt\/wp-json\/wp\/v2\/types\/product"}],"wp:featuredmedia":[{"embeddable":true,"href":"https:\/\/velooutlets.com\/lt\/wp-json\/wp\/v2\/media\/33243"}],"wp:attachment":[{"href":"https:\/\/velooutlets.com\/lt\/wp-json\/wp\/v2\/media?parent=32762"}],"wp:term":[{"taxonomy":"product_brand","embeddable":true,"href":"https:\/\/velooutlets.com\/lt\/wp-json\/wp\/v2\/product_brand?post=32762"},{"taxonomy":"product_cat","embeddable":true,"href":"https:\/\/velooutlets.com\/lt\/wp-json\/wp\/v2\/product_cat?post=32762"},{"taxonomy":"product_tag","embeddable":true,"href":"https:\/\/velooutlets.com\/lt\/wp-json\/wp\/v2\/product_tag?post=32762"}],"curies":[{"name":"wp","href":"https:\/\/api.w.org\/{rel}","templated":true}]}}