{"id":33720,"date":"2026-02-06T15:26:17","date_gmt":"2026-02-06T13:26:17","guid":{"rendered":"https:\/\/staging.velooutlets.com\/product\/scott-sub-cross-eride-30-lady-eq\/"},"modified":"2026-04-16T14:39:33","modified_gmt":"2026-04-16T11:39:33","slug":"scott-sub-cross-eride-30-lady-eq","status":"publish","type":"product","link":"https:\/\/velooutlets.com\/lt\/produktas\/scott-sub-cross-eride-30-lady-eq\/","title":{"rendered":"SCOTT SUB Cross eRIDE 30 Lady EQ"},"content":{"rendered":"<p>\"SUB Cross eRIDE 30 Lady EQ\" yra patogus ir prakti\u0161kas 29 coli\u0173 elektrinis dviratis, skirtas kasdien\u0117ms ir laisvalaikio kelion\u0117ms. Aliuminio r\u0117mas kartu su \"Bosch Active Line\" varikliu ir integruotu 400 Wh akumuliatoriumi u\u017etikrina skland\u0173 elektrin\u012f palaikym\u0105 iki 25 km per valand\u0105 ir patog\u0173 va\u017eiavim\u0105 tiek mieste, tiek \u017evyrkeliais.<\/p>\n<p>Dviratis su \"Shimano CUES\" 9 pavar\u0173 transmisija, hidrauliniais diskiniais stabd\u017eiais ir \"Suntour NVX 30\" pakabos \u0161ak\u0117mis u\u017etikrina patikim\u0105 valdym\u0105 ir patog\u0173 va\u017eiavim\u0105 \u012fvairiais pavir\u0161iais. \"Schwalbe Smart Sam\" padangos u\u017etikrina ger\u0105 sukibim\u0105 su kelio danga, o d\u0117l pilnos EQ \u012frangos su sparnuo\u010diais, baga\u017eine, atraminiu kotu ir u\u017eraktu \u0161is elektrinis dviratis ypa\u010d tinka kasdieniam naudojimui.<\/p>","protected":false},"excerpt":{"rendered":"<p>SUB Cross eRIDE 30 Lady EQ ir \u0113rts un praktisks 29 collu elektriskais velosip\u0113ds ikdienas braucieniem un br\u012bv\u0101 laika izbraucieniem. Alum\u012bnija r\u0101mis apvienojum\u0101 ar Bosch Active Line motoru un integr\u0113tu 400 Wh akumulatoru nodro\u0161ina vienm\u0113r\u012bgu elektrisko atbalstu l\u012bdz 25 km stund\u0101 un komfortablu brauk\u0161anu gan pils\u0113t\u0101, gan uz grants ce\u013ciem. Velosip\u0113ds apr\u012bkots ar Shimano CUES [&hellip;]<\/p>\n","protected":false},"featured_media":34850,"template":"","meta":{"_monsterinsights_skip_tracking":false,"_monsterinsights_sitenote_active":false,"_monsterinsights_sitenote_note":"","_monsterinsights_sitenote_category":0,"_iconic_wsb_product_page_order_bump_ids":[],"_sku":[],"_iconic_wsb_product_page_bump_modal_ids":[]},"product_brand":[872],"product_cat":[963,1127],"product_tag":[1522],"class_list":{"0":"post-33720","1":"product","2":"type-product","3":"status-publish","4":"has-post-thumbnail","6":"product_brand-scott","7":"product_cat-elektro-velosipedi","8":"product_cat-velosipedi","9":"product_tag-scott","10":"product_shipping_class-elektro-velosipedi","11":"pa_ramja-izmers-uni","13":"first","14":"instock","15":"sale","16":"taxable","17":"shipping-taxable","18":"purchasable","19":"product-type-simple"},"yoast_head":"<!-- This site is optimized with the Yoast SEO plugin v27.2 - https:\/\/yoast.com\/product\/yoast-seo-wordpress\/ -->\n<title>SCOTT SUB Cross eRIDE 30 Lady EQ \u2013 Premium kvalit\u0101te ikdienas piedz\u012bvojumiem | Velo Outlets<\/title>\n<meta name=\"description\" content=\"SCOTT velosip\u0113di Velo Outlets: Ieg\u0101d\u0101jies \u0161osejas, kalnu vai gravel velosip\u0113du ar augstu veiktsp\u0113ju un komfortu da\u017e\u0101d\u0101s brauk\u0161anas situ\u0101cij\u0101s.\" \/>\n<meta name=\"robots\" content=\"index, follow, max-snippet:-1, max-image-preview:large, max-video-preview:-1\" \/>\n<link rel=\"canonical\" href=\"https:\/\/velooutlets.com\/lt\/produktas\/scott-sub-cross-eride-30-lady-eq\/\" \/>\n<meta property=\"og:locale\" content=\"lt_LT\" \/>\n<meta property=\"og:type\" content=\"article\" \/>\n<meta property=\"og:title\" content=\"SCOTT SUB Cross eRIDE 30 Lady EQ \u2013 Premium kvalit\u0101te ikdienas piedz\u012bvojumiem | Velo Outlets\" \/>\n<meta property=\"og:description\" content=\"SCOTT velosip\u0113di Velo Outlets: Ieg\u0101d\u0101jies \u0161osejas, kalnu vai gravel velosip\u0113du ar augstu veiktsp\u0113ju un komfortu da\u017e\u0101d\u0101s brauk\u0161anas situ\u0101cij\u0101s.\" \/>\n<meta property=\"og:url\" content=\"https:\/\/velooutlets.com\/lt\/produktas\/scott-sub-cross-eride-30-lady-eq\/\" \/>\n<meta property=\"og:site_name\" content=\"Velo Outlets\" \/>\n<meta property=\"article:modified_time\" content=\"2026-04-16T11:39:33+00:00\" \/>\n<meta property=\"og:image\" content=\"https:\/\/velooutlets.com\/wp-content\/uploads\/2026\/02\/1000190450.jpg\" \/>\n\t<meta property=\"og:image:width\" content=\"867\" \/>\n\t<meta property=\"og:image:height\" content=\"530\" \/>\n\t<meta property=\"og:image:type\" content=\"image\/jpeg\" \/>\n<meta name=\"twitter:card\" content=\"summary_large_image\" \/>\n<meta name=\"twitter:label1\" content=\"Est. reading time\" \/>\n\t<meta name=\"twitter:data1\" content=\"1 minut\u0117\" \/>\n<script type=\"application\/ld+json\" class=\"yoast-schema-graph\">{\"@context\":\"https:\/\/schema.org\",\"@graph\":[{\"@type\":\"WebPage\",\"@id\":\"https:\/\/velooutlets.com\/products\/scott-sub-cross-eride-30-lady-eq\/\",\"url\":\"https:\/\/velooutlets.com\/products\/scott-sub-cross-eride-30-lady-eq\/\",\"name\":\"SCOTT SUB Cross eRIDE 30 Lady EQ \u2013 Premium kvalit\u0101te ikdienas piedz\u012bvojumiem | Velo Outlets\",\"isPartOf\":{\"@id\":\"https:\/\/velooutlets.com\/en\/#website\"},\"primaryImageOfPage\":{\"@id\":\"https:\/\/velooutlets.com\/products\/scott-sub-cross-eride-30-lady-eq\/#primaryimage\"},\"image\":{\"@id\":\"https:\/\/velooutlets.com\/products\/scott-sub-cross-eride-30-lady-eq\/#primaryimage\"},\"thumbnailUrl\":\"https:\/\/velooutlets.com\/wp-content\/uploads\/2026\/02\/1000190450.jpg\",\"datePublished\":\"2026-02-06T13:26:17+00:00\",\"dateModified\":\"2026-04-16T11:39:33+00:00\",\"description\":\"SCOTT velosip\u0113di Velo Outlets: Ieg\u0101d\u0101jies \u0161osejas, kalnu vai gravel velosip\u0113du ar augstu veiktsp\u0113ju un komfortu da\u017e\u0101d\u0101s brauk\u0161anas situ\u0101cij\u0101s.\",\"breadcrumb\":{\"@id\":\"https:\/\/velooutlets.com\/products\/scott-sub-cross-eride-30-lady-eq\/#breadcrumb\"},\"inLanguage\":\"lt-LT\",\"potentialAction\":[{\"@type\":\"ReadAction\",\"target\":[\"https:\/\/velooutlets.com\/products\/scott-sub-cross-eride-30-lady-eq\/\"]}]},{\"@type\":\"ImageObject\",\"inLanguage\":\"lt-LT\",\"@id\":\"https:\/\/velooutlets.com\/products\/scott-sub-cross-eride-30-lady-eq\/#primaryimage\",\"url\":\"https:\/\/velooutlets.com\/wp-content\/uploads\/2026\/02\/1000190450.jpg\",\"contentUrl\":\"https:\/\/velooutlets.com\/wp-content\/uploads\/2026\/02\/1000190450.jpg\",\"width\":867,\"height\":530},{\"@type\":\"BreadcrumbList\",\"@id\":\"https:\/\/velooutlets.com\/products\/scott-sub-cross-eride-30-lady-eq\/#breadcrumb\",\"itemListElement\":[{\"@type\":\"ListItem\",\"position\":1,\"name\":\"Home\",\"item\":\"https:\/\/velooutlets.com\/\"},{\"@type\":\"ListItem\",\"position\":2,\"name\":\"Veikals\",\"item\":\"https:\/\/velooutlets.com\/shop\/\"},{\"@type\":\"ListItem\",\"position\":3,\"name\":\"SCOTT SUB Cross eRIDE 30 Lady EQ\"}]},{\"@type\":\"WebSite\",\"@id\":\"https:\/\/velooutlets.com\/en\/#website\",\"url\":\"https:\/\/velooutlets.com\/en\/\",\"name\":\"Velo Outlets\",\"description\":\"Velosip\u0113di visai \u0123imenei\",\"potentialAction\":[{\"@type\":\"SearchAction\",\"target\":{\"@type\":\"EntryPoint\",\"urlTemplate\":\"https:\/\/velooutlets.com\/en\/?s={search_term_string}\"},\"query-input\":{\"@type\":\"PropertyValueSpecification\",\"valueRequired\":true,\"valueName\":\"search_term_string\"}}],\"inLanguage\":\"lt-LT\"}]}<\/script>\n<!-- \/ Yoast SEO plugin. -->","yoast_head_json":{"title":"SCOTT SUB Cross eRIDE 30 Lady EQ \u2013 Premium kvalit\u0101te ikdienas piedz\u012bvojumiem | Velo Outlets","description":"SCOTT velosip\u0113di Velo Outlets: Ieg\u0101d\u0101jies \u0161osejas, kalnu vai gravel velosip\u0113du ar augstu veiktsp\u0113ju un komfortu da\u017e\u0101d\u0101s brauk\u0161anas situ\u0101cij\u0101s.","robots":{"index":"index","follow":"follow","max-snippet":"max-snippet:-1","max-image-preview":"max-image-preview:large","max-video-preview":"max-video-preview:-1"},"canonical":"https:\/\/velooutlets.com\/lt\/produktas\/scott-sub-cross-eride-30-lady-eq\/","og_locale":"lt_LT","og_type":"article","og_title":"SCOTT SUB Cross eRIDE 30 Lady EQ \u2013 Premium kvalit\u0101te ikdienas piedz\u012bvojumiem | Velo Outlets","og_description":"SCOTT velosip\u0113di Velo Outlets: Ieg\u0101d\u0101jies \u0161osejas, kalnu vai gravel velosip\u0113du ar augstu veiktsp\u0113ju un komfortu da\u017e\u0101d\u0101s brauk\u0161anas situ\u0101cij\u0101s.","og_url":"https:\/\/velooutlets.com\/lt\/produktas\/scott-sub-cross-eride-30-lady-eq\/","og_site_name":"Velo Outlets","article_modified_time":"2026-04-16T11:39:33+00:00","og_image":[{"width":867,"height":530,"url":"https:\/\/velooutlets.com\/wp-content\/uploads\/2026\/02\/1000190450.jpg","type":"image\/jpeg"}],"twitter_card":"summary_large_image","twitter_misc":{"Est. reading time":"1 minut\u0117"},"schema":{"@context":"https:\/\/schema.org","@graph":[{"@type":"WebPage","@id":"https:\/\/velooutlets.com\/products\/scott-sub-cross-eride-30-lady-eq\/","url":"https:\/\/velooutlets.com\/products\/scott-sub-cross-eride-30-lady-eq\/","name":"SCOTT SUB Cross eRIDE 30 Lady EQ \u2013 Premium kvalit\u0101te ikdienas piedz\u012bvojumiem | Velo Outlets","isPartOf":{"@id":"https:\/\/velooutlets.com\/en\/#website"},"primaryImageOfPage":{"@id":"https:\/\/velooutlets.com\/products\/scott-sub-cross-eride-30-lady-eq\/#primaryimage"},"image":{"@id":"https:\/\/velooutlets.com\/products\/scott-sub-cross-eride-30-lady-eq\/#primaryimage"},"thumbnailUrl":"https:\/\/velooutlets.com\/wp-content\/uploads\/2026\/02\/1000190450.jpg","datePublished":"2026-02-06T13:26:17+00:00","dateModified":"2026-04-16T11:39:33+00:00","description":"SCOTT velosip\u0113di Velo Outlets: Ieg\u0101d\u0101jies \u0161osejas, kalnu vai gravel velosip\u0113du ar augstu veiktsp\u0113ju un komfortu da\u017e\u0101d\u0101s brauk\u0161anas situ\u0101cij\u0101s.","breadcrumb":{"@id":"https:\/\/velooutlets.com\/products\/scott-sub-cross-eride-30-lady-eq\/#breadcrumb"},"inLanguage":"lt-LT","potentialAction":[{"@type":"ReadAction","target":["https:\/\/velooutlets.com\/products\/scott-sub-cross-eride-30-lady-eq\/"]}]},{"@type":"ImageObject","inLanguage":"lt-LT","@id":"https:\/\/velooutlets.com\/products\/scott-sub-cross-eride-30-lady-eq\/#primaryimage","url":"https:\/\/velooutlets.com\/wp-content\/uploads\/2026\/02\/1000190450.jpg","contentUrl":"https:\/\/velooutlets.com\/wp-content\/uploads\/2026\/02\/1000190450.jpg","width":867,"height":530},{"@type":"BreadcrumbList","@id":"https:\/\/velooutlets.com\/products\/scott-sub-cross-eride-30-lady-eq\/#breadcrumb","itemListElement":[{"@type":"ListItem","position":1,"name":"Home","item":"https:\/\/velooutlets.com\/"},{"@type":"ListItem","position":2,"name":"Veikals","item":"https:\/\/velooutlets.com\/shop\/"},{"@type":"ListItem","position":3,"name":"SCOTT SUB Cross eRIDE 30 Lady EQ"}]},{"@type":"WebSite","@id":"https:\/\/velooutlets.com\/en\/#website","url":"https:\/\/velooutlets.com\/en\/","name":"\"Velo Outlets","description":"Dvira\u010diai visai \u0161eimai","potentialAction":[{"@type":"SearchAction","target":{"@type":"EntryPoint","urlTemplate":"https:\/\/velooutlets.com\/en\/?s={search_term_string}"},"query-input":{"@type":"PropertyValueSpecification","valueRequired":true,"valueName":"search_term_string"}}],"inLanguage":"lt-LT"}]}},"jetpack_sharing_enabled":true,"_links":{"self":[{"href":"https:\/\/velooutlets.com\/lt\/wp-json\/wp\/v2\/product\/33720","targetHints":{"allow":["GET"]}}],"collection":[{"href":"https:\/\/velooutlets.com\/lt\/wp-json\/wp\/v2\/product"}],"about":[{"href":"https:\/\/velooutlets.com\/lt\/wp-json\/wp\/v2\/types\/product"}],"wp:featuredmedia":[{"embeddable":true,"href":"https:\/\/velooutlets.com\/lt\/wp-json\/wp\/v2\/media\/34850"}],"wp:attachment":[{"href":"https:\/\/velooutlets.com\/lt\/wp-json\/wp\/v2\/media?parent=33720"}],"wp:term":[{"taxonomy":"product_brand","embeddable":true,"href":"https:\/\/velooutlets.com\/lt\/wp-json\/wp\/v2\/product_brand?post=33720"},{"taxonomy":"product_cat","embeddable":true,"href":"https:\/\/velooutlets.com\/lt\/wp-json\/wp\/v2\/product_cat?post=33720"},{"taxonomy":"product_tag","embeddable":true,"href":"https:\/\/velooutlets.com\/lt\/wp-json\/wp\/v2\/product_tag?post=33720"}],"curies":[{"name":"wp","href":"https:\/\/api.w.org\/{rel}","templated":true}]}}