{"id":34477,"date":"2026-02-09T16:09:02","date_gmt":"2026-02-09T14:09:02","guid":{"rendered":"https:\/\/staging.velooutlets.com\/product\/gust-raser-18-2026\/"},"modified":"2026-04-15T23:35:06","modified_gmt":"2026-04-15T20:35:06","slug":"gust-raser-18-2026","status":"publish","type":"product","link":"https:\/\/velooutlets.com\/lt\/produktas\/gust-raser-18-2026\/","title":{"rendered":"\u201dGust Raser 18\""},"content":{"rendered":"<p><strong>\"Gust Raser\" 18\u2033<\/strong> tai ry\u0161kiaspalvis vaiki\u0161kas dviratis, skirtas 116-122 cm \u016bgio vaikams. \u0160\u012f dvirat\u012f su 18 coli\u0173 padangomis lengva manevruoti, jis u\u017etikrina didel\u012f stabilum\u0105 ir patogum\u0105 ma\u017eiesiems dviratininkams. Dviratukas turi vien\u0105 greit\u012f, tod\u0117l yra paprastas ir prakti\u0161kas, idealiai tinka vaikams, kurie dar tik mokosi va\u017eiuoti. \u0160is dviratukas yra puikus pasirinkimas kasdien\u0117ms kelion\u0117ms ir nuotykiams, suteikiantis saug\u0173 ir \u012fdom\u0173 va\u017eiavim\u0105.<\/p>","protected":false},"excerpt":{"rendered":"<p>Gust Raser\u00a0 18&#8243; ir ko\u0161as kr\u0101sas b\u0113rnu velosip\u0113ds, kas paredz\u0113ts b\u0113rniem ar augumu no 116 l\u012bdz 122 cm. \u0160is velosip\u0113ds ar 18 collu riep\u0101m ir viegli manevr\u0113jams, nodro\u0161inot lielisku stabilit\u0101ti un komfortu mazajiem brauc\u0113jiem. Ar vienu \u0101trumu tas ir vienk\u0101r\u0161s un praktisks, ide\u0101li piem\u0113rots b\u0113rniem, kuriem v\u0113l tikai j\u0101m\u0101c\u0101s braukt. Velosip\u0113ds ir lieliska izv\u0113le ikdienas [&hellip;]<\/p>\n","protected":false},"featured_media":34529,"template":"","meta":{"_monsterinsights_skip_tracking":false,"_monsterinsights_sitenote_active":false,"_monsterinsights_sitenote_note":"","_monsterinsights_sitenote_category":0,"_iconic_wsb_product_page_order_bump_ids":[[]],"_sku":["4751051680036"],"_iconic_wsb_product_page_bump_modal_ids":[[]]},"product_brand":[1162],"product_cat":[1610,932,1576,1127],"product_tag":[220,212],"class_list":{"0":"post-34477","1":"product","2":"type-product","3":"status-publish","4":"has-post-thumbnail","6":"product_brand-gustjuhi","7":"product_cat-1axml","8":"product_cat-bernu-velosipedi","9":"product_cat-gust-juhi","10":"product_cat-velosipedi","11":"product_tag-bernu-velosipedi","12":"product_tag-velosipedi","13":"product_shipping_class-bernu-velosipedi","14":"pa_height-range-116-122cm","15":"pa_materials-hi-ten-terauds","16":"pa_ramja-izmers-uni","17":"pa_razosanas-gads-1253","19":"first","20":"instock","21":"sale","22":"taxable","23":"shipping-taxable","24":"purchasable","25":"product-type-simple"},"yoast_head":"<!-- This site is optimized with the Yoast SEO plugin v27.2 - https:\/\/yoast.com\/product\/yoast-seo-wordpress\/ -->\n<title>Gust Raser 18&#039;&#039; b\u0113rnu velosip\u0113ds \u2013 Komforts, stabilit\u0101te un uzticam\u012bba mazajiem brauc\u0113jiem visos apst\u0101k\u013cos | Velo Outlets<\/title>\n<meta name=\"description\" content=\"B\u0113rnu velosip\u0113di Velo Outlets: Izv\u0113lies dro\u0161us, \u0113rtus un kvalitat\u012bvus velosip\u0113dus, kas nodro\u0161ina prieku un dro\u0161\u012bbu vis\u0101s brauk\u0161anas situ\u0101cij\u0101s.\" \/>\n<meta name=\"robots\" content=\"index, follow, max-snippet:-1, max-image-preview:large, max-video-preview:-1\" \/>\n<link rel=\"canonical\" href=\"https:\/\/velooutlets.com\/lt\/produktas\/gust-raser-18-2026\/\" \/>\n<meta property=\"og:locale\" content=\"lt_LT\" \/>\n<meta property=\"og:type\" content=\"article\" \/>\n<meta property=\"og:title\" content=\"Gust Raser 18&#039;&#039; b\u0113rnu velosip\u0113ds \u2013 Komforts, stabilit\u0101te un uzticam\u012bba mazajiem brauc\u0113jiem visos apst\u0101k\u013cos | Velo Outlets\" \/>\n<meta property=\"og:description\" content=\"B\u0113rnu velosip\u0113di Velo Outlets: Izv\u0113lies dro\u0161us, \u0113rtus un kvalitat\u012bvus velosip\u0113dus, kas nodro\u0161ina prieku un dro\u0161\u012bbu vis\u0101s brauk\u0161anas situ\u0101cij\u0101s.\" \/>\n<meta property=\"og:url\" content=\"https:\/\/velooutlets.com\/lt\/produktas\/gust-raser-18-2026\/\" \/>\n<meta property=\"og:site_name\" content=\"Velo Outlets\" \/>\n<meta property=\"article:modified_time\" content=\"2026-04-15T20:35:06+00:00\" \/>\n<meta property=\"og:image\" content=\"https:\/\/velooutlets.com\/wp-content\/uploads\/2026\/02\/4.jpg\" \/>\n\t<meta property=\"og:image:width\" content=\"2330\" \/>\n\t<meta property=\"og:image:height\" content=\"1553\" \/>\n\t<meta property=\"og:image:type\" content=\"image\/jpeg\" \/>\n<meta name=\"twitter:card\" content=\"summary_large_image\" \/>\n<meta name=\"twitter:label1\" content=\"Est. reading time\" \/>\n\t<meta name=\"twitter:data1\" content=\"1 minut\u0117\" \/>\n<script type=\"application\/ld+json\" class=\"yoast-schema-graph\">{\"@context\":\"https:\/\/schema.org\",\"@graph\":[{\"@type\":\"WebPage\",\"@id\":\"https:\/\/velooutlets.com\/products\/gust-raser-18-2026\/\",\"url\":\"https:\/\/velooutlets.com\/products\/gust-raser-18-2026\/\",\"name\":\"Gust Raser 18'' b\u0113rnu velosip\u0113ds \u2013 Komforts, stabilit\u0101te un uzticam\u012bba mazajiem brauc\u0113jiem visos apst\u0101k\u013cos | Velo Outlets\",\"isPartOf\":{\"@id\":\"https:\/\/velooutlets.com\/en\/#website\"},\"primaryImageOfPage\":{\"@id\":\"https:\/\/velooutlets.com\/products\/gust-raser-18-2026\/#primaryimage\"},\"image\":{\"@id\":\"https:\/\/velooutlets.com\/products\/gust-raser-18-2026\/#primaryimage\"},\"thumbnailUrl\":\"https:\/\/velooutlets.com\/wp-content\/uploads\/2026\/02\/4.jpg\",\"datePublished\":\"2026-02-09T14:09:02+00:00\",\"dateModified\":\"2026-04-15T20:35:06+00:00\",\"description\":\"B\u0113rnu velosip\u0113di Velo Outlets: Izv\u0113lies dro\u0161us, \u0113rtus un kvalitat\u012bvus velosip\u0113dus, kas nodro\u0161ina prieku un dro\u0161\u012bbu vis\u0101s brauk\u0161anas situ\u0101cij\u0101s.\",\"breadcrumb\":{\"@id\":\"https:\/\/velooutlets.com\/products\/gust-raser-18-2026\/#breadcrumb\"},\"inLanguage\":\"lt-LT\",\"potentialAction\":[{\"@type\":\"ReadAction\",\"target\":[\"https:\/\/velooutlets.com\/products\/gust-raser-18-2026\/\"]}]},{\"@type\":\"ImageObject\",\"inLanguage\":\"lt-LT\",\"@id\":\"https:\/\/velooutlets.com\/products\/gust-raser-18-2026\/#primaryimage\",\"url\":\"https:\/\/velooutlets.com\/wp-content\/uploads\/2026\/02\/4.jpg\",\"contentUrl\":\"https:\/\/velooutlets.com\/wp-content\/uploads\/2026\/02\/4.jpg\",\"width\":2330,\"height\":1553,\"caption\":\"VeloOutlets Velosip\u0113ds\"},{\"@type\":\"BreadcrumbList\",\"@id\":\"https:\/\/velooutlets.com\/products\/gust-raser-18-2026\/#breadcrumb\",\"itemListElement\":[{\"@type\":\"ListItem\",\"position\":1,\"name\":\"Home\",\"item\":\"https:\/\/velooutlets.com\/\"},{\"@type\":\"ListItem\",\"position\":2,\"name\":\"Veikals\",\"item\":\"https:\/\/velooutlets.com\/shop\/\"},{\"@type\":\"ListItem\",\"position\":3,\"name\":\"Gust Raser 18&#8221;\"}]},{\"@type\":\"WebSite\",\"@id\":\"https:\/\/velooutlets.com\/en\/#website\",\"url\":\"https:\/\/velooutlets.com\/en\/\",\"name\":\"Velo Outlets\",\"description\":\"Velosip\u0113di visai \u0123imenei\",\"potentialAction\":[{\"@type\":\"SearchAction\",\"target\":{\"@type\":\"EntryPoint\",\"urlTemplate\":\"https:\/\/velooutlets.com\/en\/?s={search_term_string}\"},\"query-input\":{\"@type\":\"PropertyValueSpecification\",\"valueRequired\":true,\"valueName\":\"search_term_string\"}}],\"inLanguage\":\"lt-LT\"}]}<\/script>\n<!-- \/ Yoast SEO plugin. -->","yoast_head_json":{"title":"Gust Raser 18'' b\u0113rnu velosip\u0113ds \u2013 Komforts, stabilit\u0101te un uzticam\u012bba mazajiem brauc\u0113jiem visos apst\u0101k\u013cos | Velo Outlets","description":"B\u0113rnu velosip\u0113di Velo Outlets: Izv\u0113lies dro\u0161us, \u0113rtus un kvalitat\u012bvus velosip\u0113dus, kas nodro\u0161ina prieku un dro\u0161\u012bbu vis\u0101s brauk\u0161anas situ\u0101cij\u0101s.","robots":{"index":"index","follow":"follow","max-snippet":"max-snippet:-1","max-image-preview":"max-image-preview:large","max-video-preview":"max-video-preview:-1"},"canonical":"https:\/\/velooutlets.com\/lt\/produktas\/gust-raser-18-2026\/","og_locale":"lt_LT","og_type":"article","og_title":"Gust Raser 18'' b\u0113rnu velosip\u0113ds \u2013 Komforts, stabilit\u0101te un uzticam\u012bba mazajiem brauc\u0113jiem visos apst\u0101k\u013cos | Velo Outlets","og_description":"B\u0113rnu velosip\u0113di Velo Outlets: Izv\u0113lies dro\u0161us, \u0113rtus un kvalitat\u012bvus velosip\u0113dus, kas nodro\u0161ina prieku un dro\u0161\u012bbu vis\u0101s brauk\u0161anas situ\u0101cij\u0101s.","og_url":"https:\/\/velooutlets.com\/lt\/produktas\/gust-raser-18-2026\/","og_site_name":"Velo Outlets","article_modified_time":"2026-04-15T20:35:06+00:00","og_image":[{"width":2330,"height":1553,"url":"https:\/\/velooutlets.com\/wp-content\/uploads\/2026\/02\/4.jpg","type":"image\/jpeg"}],"twitter_card":"summary_large_image","twitter_misc":{"Est. reading time":"1 minut\u0117"},"schema":{"@context":"https:\/\/schema.org","@graph":[{"@type":"WebPage","@id":"https:\/\/velooutlets.com\/products\/gust-raser-18-2026\/","url":"https:\/\/velooutlets.com\/products\/gust-raser-18-2026\/","name":"Gust Raser 18'' b\u0113rnu velosip\u0113ds \u2013 Komforts, stabilit\u0101te un uzticam\u012bba mazajiem brauc\u0113jiem visos apst\u0101k\u013cos | Velo Outlets","isPartOf":{"@id":"https:\/\/velooutlets.com\/en\/#website"},"primaryImageOfPage":{"@id":"https:\/\/velooutlets.com\/products\/gust-raser-18-2026\/#primaryimage"},"image":{"@id":"https:\/\/velooutlets.com\/products\/gust-raser-18-2026\/#primaryimage"},"thumbnailUrl":"https:\/\/velooutlets.com\/wp-content\/uploads\/2026\/02\/4.jpg","datePublished":"2026-02-09T14:09:02+00:00","dateModified":"2026-04-15T20:35:06+00:00","description":"B\u0113rnu velosip\u0113di Velo Outlets: Izv\u0113lies dro\u0161us, \u0113rtus un kvalitat\u012bvus velosip\u0113dus, kas nodro\u0161ina prieku un dro\u0161\u012bbu vis\u0101s brauk\u0161anas situ\u0101cij\u0101s.","breadcrumb":{"@id":"https:\/\/velooutlets.com\/products\/gust-raser-18-2026\/#breadcrumb"},"inLanguage":"lt-LT","potentialAction":[{"@type":"ReadAction","target":["https:\/\/velooutlets.com\/products\/gust-raser-18-2026\/"]}]},{"@type":"ImageObject","inLanguage":"lt-LT","@id":"https:\/\/velooutlets.com\/products\/gust-raser-18-2026\/#primaryimage","url":"https:\/\/velooutlets.com\/wp-content\/uploads\/2026\/02\/4.jpg","contentUrl":"https:\/\/velooutlets.com\/wp-content\/uploads\/2026\/02\/4.jpg","width":2330,"height":1553,"caption":"VeloOutlets Velosip\u0113ds"},{"@type":"BreadcrumbList","@id":"https:\/\/velooutlets.com\/products\/gust-raser-18-2026\/#breadcrumb","itemListElement":[{"@type":"ListItem","position":1,"name":"Home","item":"https:\/\/velooutlets.com\/"},{"@type":"ListItem","position":2,"name":"Veikals","item":"https:\/\/velooutlets.com\/shop\/"},{"@type":"ListItem","position":3,"name":"Gust Raser 18&#8221;"}]},{"@type":"WebSite","@id":"https:\/\/velooutlets.com\/en\/#website","url":"https:\/\/velooutlets.com\/en\/","name":"\"Velo Outlets","description":"Dvira\u010diai visai \u0161eimai","potentialAction":[{"@type":"SearchAction","target":{"@type":"EntryPoint","urlTemplate":"https:\/\/velooutlets.com\/en\/?s={search_term_string}"},"query-input":{"@type":"PropertyValueSpecification","valueRequired":true,"valueName":"search_term_string"}}],"inLanguage":"lt-LT"}]}},"jetpack_sharing_enabled":true,"_links":{"self":[{"href":"https:\/\/velooutlets.com\/lt\/wp-json\/wp\/v2\/product\/34477","targetHints":{"allow":["GET"]}}],"collection":[{"href":"https:\/\/velooutlets.com\/lt\/wp-json\/wp\/v2\/product"}],"about":[{"href":"https:\/\/velooutlets.com\/lt\/wp-json\/wp\/v2\/types\/product"}],"wp:featuredmedia":[{"embeddable":true,"href":"https:\/\/velooutlets.com\/lt\/wp-json\/wp\/v2\/media\/34529"}],"wp:attachment":[{"href":"https:\/\/velooutlets.com\/lt\/wp-json\/wp\/v2\/media?parent=34477"}],"wp:term":[{"taxonomy":"product_brand","embeddable":true,"href":"https:\/\/velooutlets.com\/lt\/wp-json\/wp\/v2\/product_brand?post=34477"},{"taxonomy":"product_cat","embeddable":true,"href":"https:\/\/velooutlets.com\/lt\/wp-json\/wp\/v2\/product_cat?post=34477"},{"taxonomy":"product_tag","embeddable":true,"href":"https:\/\/velooutlets.com\/lt\/wp-json\/wp\/v2\/product_tag?post=34477"}],"curies":[{"name":"wp","href":"https:\/\/api.w.org\/{rel}","templated":true}]}}