{"id":35289,"date":"2026-02-15T23:18:24","date_gmt":"2026-02-15T21:18:24","guid":{"rendered":"https:\/\/staging.velooutlets.com\/?post_type=product&#038;p=35289"},"modified":"2026-04-16T18:03:03","modified_gmt":"2026-04-16T15:03:03","slug":"viper","status":"publish","type":"product","link":"https:\/\/velooutlets.com\/lt\/produktas\/viper\/","title":{"rendered":"\"Viper 2026 Green"},"content":{"rendered":"<p><strong>Viper<\/strong> tai galingas kaln\u0173 dviratis su 29 coli\u0173 ratais, skirtas aktyviam va\u017ein\u0117jimui mieste ir mi\u0161ko bei \u017evyrkeliais. Aliuminio r\u0117mas yra lengvos, bet patvarios konstrukcijos, o pakabinama \u0161ak\u0117 su fiksavimo funkcija pagerina komfort\u0105 ir valdym\u0105 \u012fvairiomis va\u017eiavimo s\u0105lygomis. Dviratyje sumontuota \"Shimano\" 3\u00d77 pavar\u0173 sistema, tod\u0117l lengva reguliuoti greit\u012f \u012fkaln\u0117se ir ilgesniuose va\u017eiavimuose. Diskiniai stabd\u017eiai u\u017etikrina patikim\u0105 ir stabil\u0173 stabdym\u0105, o pla\u010dios 29 coli\u0173 padangos u\u017etikrina ger\u0105 sukibim\u0105 ir u\u017etikrint\u0105 va\u017eiavim\u0105 net ir nelygiu pavir\u0161iumi.<\/p>","protected":false},"excerpt":{"rendered":"<p><a href=\"https:\/\/velooutlets.com\/wp-content\/uploads\/2026\/02\/VeloOutlets_Gust-Banner-2.jpg\"><img fetchpriority=\"high\" decoding=\"async\" class=\"alignnone wp-image-37935 size-full\" src=\"https:\/\/velooutlets.com\/wp-content\/uploads\/2026\/02\/VeloOutlets_Gust-Banner-2.jpg\" alt=\"Gust_Veloisp\u0113di_VeloOutlets\" width=\"600\" height=\"200\" srcset=\"https:\/\/velooutlets.com\/wp-content\/uploads\/2026\/02\/VeloOutlets_Gust-Banner-2.jpg 600w, https:\/\/velooutlets.com\/wp-content\/uploads\/2026\/02\/VeloOutlets_Gust-Banner-2-300x100.jpg 300w, https:\/\/velooutlets.com\/wp-content\/uploads\/2026\/02\/VeloOutlets_Gust-Banner-2-18x6.jpg 18w\" sizes=\"(max-width: 600px) 100vw, 600px\" \/><\/a><\/p>","protected":false},"featured_media":35331,"template":"","meta":{"_monsterinsights_skip_tracking":false,"_monsterinsights_sitenote_active":false,"_monsterinsights_sitenote_note":"","_monsterinsights_sitenote_category":0,"_iconic_wsb_product_page_order_bump_ids":[[]],"_sku":["4751051680098"],"_iconic_wsb_product_page_bump_modal_ids":[[]]},"product_brand":[],"product_cat":[1620,980,1127],"product_tag":[212],"class_list":{"0":"post-35289","1":"product","2":"type-product","3":"status-publish","4":"has-post-thumbnail","6":"product_cat-gust-2026","7":"product_cat-kalnu-velosipedi","8":"product_cat-velosipedi","9":"product_tag-velosipedi","10":"product_shipping_class-pieauguso-velosipedi","11":"pa_augums-170-190cm","12":"pa_height-range-170-190cm","13":"pa_materials-aluminija-ramis","14":"pa_ramja-izmers-l","15":"pa_razosanas-gads-1253","17":"first","18":"instock","19":"taxable","20":"shipping-taxable","21":"purchasable","22":"product-type-simple"},"yoast_head":"<!-- This site is optimized with the Yoast SEO plugin v27.2 - https:\/\/yoast.com\/product\/yoast-seo-wordpress\/ -->\n<title>Viper 2026 Green - Velo Outlets<\/title>\n<meta name=\"robots\" content=\"index, follow, max-snippet:-1, max-image-preview:large, max-video-preview:-1\" \/>\n<link rel=\"canonical\" href=\"https:\/\/velooutlets.com\/lt\/produktas\/viper\/\" \/>\n<meta property=\"og:locale\" content=\"lt_LT\" \/>\n<meta property=\"og:type\" content=\"article\" \/>\n<meta property=\"og:title\" content=\"Viper 2026 Green - Velo Outlets\" \/>\n<meta property=\"og:url\" content=\"https:\/\/velooutlets.com\/lt\/produktas\/viper\/\" \/>\n<meta property=\"og:site_name\" content=\"Velo Outlets\" \/>\n<meta property=\"article:modified_time\" content=\"2026-04-16T15:03:03+00:00\" \/>\n<meta property=\"og:image\" content=\"https:\/\/velooutlets.com\/wp-content\/uploads\/2026\/02\/1000190635.jpg\" \/>\n\t<meta property=\"og:image:width\" content=\"2330\" \/>\n\t<meta property=\"og:image:height\" content=\"1553\" \/>\n\t<meta property=\"og:image:type\" content=\"image\/jpeg\" \/>\n<meta name=\"twitter:card\" content=\"summary_large_image\" \/>\n<meta name=\"twitter:label1\" content=\"Est. reading time\" \/>\n\t<meta name=\"twitter:data1\" content=\"1 minut\u0117\" \/>\n<script type=\"application\/ld+json\" class=\"yoast-schema-graph\">{\"@context\":\"https:\/\/schema.org\",\"@graph\":[{\"@type\":\"WebPage\",\"@id\":\"https:\/\/velooutlets.com\/products\/viper\/\",\"url\":\"https:\/\/velooutlets.com\/products\/viper\/\",\"name\":\"Viper 2026 Green - Velo Outlets\",\"isPartOf\":{\"@id\":\"https:\/\/velooutlets.com\/en\/#website\"},\"primaryImageOfPage\":{\"@id\":\"https:\/\/velooutlets.com\/products\/viper\/#primaryimage\"},\"image\":{\"@id\":\"https:\/\/velooutlets.com\/products\/viper\/#primaryimage\"},\"thumbnailUrl\":\"https:\/\/velooutlets.com\/wp-content\/uploads\/2026\/02\/1000190635.jpg\",\"datePublished\":\"2026-02-15T21:18:24+00:00\",\"dateModified\":\"2026-04-16T15:03:03+00:00\",\"breadcrumb\":{\"@id\":\"https:\/\/velooutlets.com\/products\/viper\/#breadcrumb\"},\"inLanguage\":\"lt-LT\",\"potentialAction\":[{\"@type\":\"ReadAction\",\"target\":[\"https:\/\/velooutlets.com\/products\/viper\/\"]}]},{\"@type\":\"ImageObject\",\"inLanguage\":\"lt-LT\",\"@id\":\"https:\/\/velooutlets.com\/products\/viper\/#primaryimage\",\"url\":\"https:\/\/velooutlets.com\/wp-content\/uploads\/2026\/02\/1000190635.jpg\",\"contentUrl\":\"https:\/\/velooutlets.com\/wp-content\/uploads\/2026\/02\/1000190635.jpg\",\"width\":2330,\"height\":1553},{\"@type\":\"BreadcrumbList\",\"@id\":\"https:\/\/velooutlets.com\/products\/viper\/#breadcrumb\",\"itemListElement\":[{\"@type\":\"ListItem\",\"position\":1,\"name\":\"Home\",\"item\":\"https:\/\/velooutlets.com\/\"},{\"@type\":\"ListItem\",\"position\":2,\"name\":\"Veikals\",\"item\":\"https:\/\/velooutlets.com\/shop\/\"},{\"@type\":\"ListItem\",\"position\":3,\"name\":\"Viper 2026 Green\"}]},{\"@type\":\"WebSite\",\"@id\":\"https:\/\/velooutlets.com\/en\/#website\",\"url\":\"https:\/\/velooutlets.com\/en\/\",\"name\":\"Velo Outlets\",\"description\":\"Velosip\u0113di visai \u0123imenei\",\"potentialAction\":[{\"@type\":\"SearchAction\",\"target\":{\"@type\":\"EntryPoint\",\"urlTemplate\":\"https:\/\/velooutlets.com\/en\/?s={search_term_string}\"},\"query-input\":{\"@type\":\"PropertyValueSpecification\",\"valueRequired\":true,\"valueName\":\"search_term_string\"}}],\"inLanguage\":\"lt-LT\"}]}<\/script>\n<!-- \/ Yoast SEO plugin. -->","yoast_head_json":{"title":"Viper 2026 Green - Velo Outlets","robots":{"index":"index","follow":"follow","max-snippet":"max-snippet:-1","max-image-preview":"max-image-preview:large","max-video-preview":"max-video-preview:-1"},"canonical":"https:\/\/velooutlets.com\/lt\/produktas\/viper\/","og_locale":"lt_LT","og_type":"article","og_title":"Viper 2026 Green - Velo Outlets","og_url":"https:\/\/velooutlets.com\/lt\/produktas\/viper\/","og_site_name":"Velo Outlets","article_modified_time":"2026-04-16T15:03:03+00:00","og_image":[{"width":2330,"height":1553,"url":"https:\/\/velooutlets.com\/wp-content\/uploads\/2026\/02\/1000190635.jpg","type":"image\/jpeg"}],"twitter_card":"summary_large_image","twitter_misc":{"Est. reading time":"1 minut\u0117"},"schema":{"@context":"https:\/\/schema.org","@graph":[{"@type":"WebPage","@id":"https:\/\/velooutlets.com\/products\/viper\/","url":"https:\/\/velooutlets.com\/products\/viper\/","name":"Viper 2026 Green - Velo Outlets","isPartOf":{"@id":"https:\/\/velooutlets.com\/en\/#website"},"primaryImageOfPage":{"@id":"https:\/\/velooutlets.com\/products\/viper\/#primaryimage"},"image":{"@id":"https:\/\/velooutlets.com\/products\/viper\/#primaryimage"},"thumbnailUrl":"https:\/\/velooutlets.com\/wp-content\/uploads\/2026\/02\/1000190635.jpg","datePublished":"2026-02-15T21:18:24+00:00","dateModified":"2026-04-16T15:03:03+00:00","breadcrumb":{"@id":"https:\/\/velooutlets.com\/products\/viper\/#breadcrumb"},"inLanguage":"lt-LT","potentialAction":[{"@type":"ReadAction","target":["https:\/\/velooutlets.com\/products\/viper\/"]}]},{"@type":"ImageObject","inLanguage":"lt-LT","@id":"https:\/\/velooutlets.com\/products\/viper\/#primaryimage","url":"https:\/\/velooutlets.com\/wp-content\/uploads\/2026\/02\/1000190635.jpg","contentUrl":"https:\/\/velooutlets.com\/wp-content\/uploads\/2026\/02\/1000190635.jpg","width":2330,"height":1553},{"@type":"BreadcrumbList","@id":"https:\/\/velooutlets.com\/products\/viper\/#breadcrumb","itemListElement":[{"@type":"ListItem","position":1,"name":"Home","item":"https:\/\/velooutlets.com\/"},{"@type":"ListItem","position":2,"name":"Veikals","item":"https:\/\/velooutlets.com\/shop\/"},{"@type":"ListItem","position":3,"name":"Viper 2026 Green"}]},{"@type":"WebSite","@id":"https:\/\/velooutlets.com\/en\/#website","url":"https:\/\/velooutlets.com\/en\/","name":"\"Velo Outlets","description":"Dvira\u010diai visai \u0161eimai","potentialAction":[{"@type":"SearchAction","target":{"@type":"EntryPoint","urlTemplate":"https:\/\/velooutlets.com\/en\/?s={search_term_string}"},"query-input":{"@type":"PropertyValueSpecification","valueRequired":true,"valueName":"search_term_string"}}],"inLanguage":"lt-LT"}]}},"jetpack_sharing_enabled":true,"_links":{"self":[{"href":"https:\/\/velooutlets.com\/lt\/wp-json\/wp\/v2\/product\/35289","targetHints":{"allow":["GET"]}}],"collection":[{"href":"https:\/\/velooutlets.com\/lt\/wp-json\/wp\/v2\/product"}],"about":[{"href":"https:\/\/velooutlets.com\/lt\/wp-json\/wp\/v2\/types\/product"}],"wp:featuredmedia":[{"embeddable":true,"href":"https:\/\/velooutlets.com\/lt\/wp-json\/wp\/v2\/media\/35331"}],"wp:attachment":[{"href":"https:\/\/velooutlets.com\/lt\/wp-json\/wp\/v2\/media?parent=35289"}],"wp:term":[{"taxonomy":"product_brand","embeddable":true,"href":"https:\/\/velooutlets.com\/lt\/wp-json\/wp\/v2\/product_brand?post=35289"},{"taxonomy":"product_cat","embeddable":true,"href":"https:\/\/velooutlets.com\/lt\/wp-json\/wp\/v2\/product_cat?post=35289"},{"taxonomy":"product_tag","embeddable":true,"href":"https:\/\/velooutlets.com\/lt\/wp-json\/wp\/v2\/product_tag?post=35289"}],"curies":[{"name":"wp","href":"https:\/\/api.w.org\/{rel}","templated":true}]}}