{"id":35290,"date":"2026-02-15T23:19:50","date_gmt":"2026-02-15T21:19:50","guid":{"rendered":"https:\/\/staging.velooutlets.com\/?post_type=product&#038;p=35290"},"modified":"2026-04-29T09:33:56","modified_gmt":"2026-04-29T06:33:56","slug":"gust-brave-black","status":"publish","type":"product","link":"https:\/\/velooutlets.com\/lt\/produktas\/gust-brave-black\/","title":{"rendered":"Gust Brave Black 2026 L"},"content":{"rendered":"<p>\"Gust Brave 29\u2033 (2026) yra modernus ir galingas kaln\u0173 dviratis, skirtas aktyviam va\u017ein\u0117jimui mieste ir bekel\u0117je. \u0160is modelis pasi\u017eymi patobulinta r\u0117mo geometrija, kokybi\u0161komis sudedamosiomis dalimis ir sporti\u0161ku dizainu, tod\u0117l pasi\u017eymi puikiomis eksploatacin\u0117mis savyb\u0117mis savo klas\u0117je.<\/p>\n<p>Lengvas aliuminio r\u0117mas u\u017etikrina ger\u0105 tvirtumo ir svorio pusiausvyr\u0105, o \"Suntour\" pakabos \u0161ak\u0117 su 100 mm eiga efektyviai amortizuoja sm\u016bgius ir pagerina valdym\u0105 va\u017eiuojant nelygiu pavir\u0161iumi. Dideli 29 coli\u0173 ratai su pla\u010diomis padangomis u\u017etikrina stabilum\u0105, ger\u0105 sukibim\u0105 ir lengvesn\u012f kli\u016b\u010di\u0173 \u012fveikim\u0105.<\/p>\n<p>21 grei\u010dio \"Shimano Tourney\" sistema (3\u00d77) leid\u017eia tiksliai pritaikyti va\u017eiavim\u0105 prie \u012fvairi\u0173 vietovi\u0173, o mechaniniai diskiniai stabd\u017eiai u\u017etikrina saug\u0173 ir patikim\u0105 stabdym\u0105 bet kokiomis oro s\u0105lygomis. D\u0117l lengvos konstrukcijos (~11 kg) dvirat\u012f ypa\u010d lengva valdyti ir jis tinka ilgesn\u0117ms kelion\u0117ms.<\/p>\n<p>Specifikacija:<br \/>\nR\u0117mas: aliuminis<br \/>\n\u0160ak\u0117: SUNTOUR XCE28 DS 29\u2033, 100 mm eiga<br \/>\nGrei\u010di\u0173 skai\u010dius: 3\u00d77 (21 greitis)<br \/>\nPriekinis b\u0117gi\u0173 perjungiklis: Shimano FD-TZ500<br \/>\nGalinis b\u0117gi\u0173 perjungiklis: Shimano Tourney RD-TY300<br \/>\nPerjungiklio rankenos: \"Shimano EF500<br \/>\nGalin\u0117 \u017evaig\u017edut\u0117: \"Shimano CS-HG200-7<br \/>\nStabd\u017eiai: mechaniniai diskiniai (SF-M350E)<br \/>\nAliuminis, dvigubos sienel\u0117s<br \/>\nPadangos: \"Kenda\" 29 \u00d7 2,2<br \/>\nS\u0117dyn\u0117: Gust<br \/>\nPapildomi priedai: atramin\u0117 koja<br \/>\nSvoris: ~11 kg<\/p>","protected":false},"excerpt":{"rendered":"<p><a href=\"https:\/\/velooutlets.com\/wp-content\/uploads\/2026\/02\/VeloOutlets_Gust-Banner-2.jpg\"><img fetchpriority=\"high\" decoding=\"async\" class=\"alignnone wp-image-37935 size-full\" src=\"https:\/\/velooutlets.com\/wp-content\/uploads\/2026\/02\/VeloOutlets_Gust-Banner-2.jpg\" alt=\"Gust_Veloisp\u0113di_VeloOutlets\" width=\"600\" height=\"200\" srcset=\"https:\/\/velooutlets.com\/wp-content\/uploads\/2026\/02\/VeloOutlets_Gust-Banner-2.jpg 600w, https:\/\/velooutlets.com\/wp-content\/uploads\/2026\/02\/VeloOutlets_Gust-Banner-2-300x100.jpg 300w, https:\/\/velooutlets.com\/wp-content\/uploads\/2026\/02\/VeloOutlets_Gust-Banner-2-18x6.jpg 18w\" sizes=\"(max-width: 600px) 100vw, 600px\" \/><\/a><\/p>","protected":false},"featured_media":35339,"template":"","meta":{"_monsterinsights_skip_tracking":false,"_monsterinsights_sitenote_active":false,"_monsterinsights_sitenote_note":"","_monsterinsights_sitenote_category":0,"_iconic_wsb_product_page_order_bump_ids":[[]],"_sku":["4751051680173"],"_iconic_wsb_product_page_bump_modal_ids":[[]]},"product_brand":[1187],"product_cat":[1620,980,1127],"product_tag":[212],"class_list":{"0":"post-35290","1":"product","2":"type-product","3":"status-publish","4":"has-post-thumbnail","6":"product_brand-gust","7":"product_cat-gust-2026","8":"product_cat-kalnu-velosipedi","9":"product_cat-velosipedi","10":"product_tag-velosipedi","11":"product_shipping_class-pieauguso-velosipedi","12":"pa_height-range-185-195cm","13":"pa_materials-aluminija-ramis","14":"pa_ramja-izmers-l","15":"pa_razosanas-gads-1253","17":"first","18":"instock","19":"taxable","20":"shipping-taxable","21":"purchasable","22":"product-type-simple"},"yoast_head":"<!-- This site is optimized with the Yoast SEO plugin v27.2 - https:\/\/yoast.com\/product\/yoast-seo-wordpress\/ -->\n<title>Gust Brave Black 2026 L - Velo Outlets<\/title>\n<meta name=\"robots\" content=\"index, follow, max-snippet:-1, max-image-preview:large, max-video-preview:-1\" \/>\n<link rel=\"canonical\" href=\"https:\/\/velooutlets.com\/lt\/produktas\/gust-brave-black\/\" \/>\n<meta property=\"og:locale\" content=\"lt_LT\" \/>\n<meta property=\"og:type\" content=\"article\" \/>\n<meta property=\"og:title\" content=\"Gust Brave Black 2026 L - Velo Outlets\" \/>\n<meta property=\"og:url\" content=\"https:\/\/velooutlets.com\/lt\/produktas\/gust-brave-black\/\" \/>\n<meta property=\"og:site_name\" content=\"Velo Outlets\" \/>\n<meta property=\"article:modified_time\" content=\"2026-04-29T06:33:56+00:00\" \/>\n<meta property=\"og:image\" content=\"https:\/\/velooutlets.com\/wp-content\/uploads\/2026\/02\/1000190644.jpg\" \/>\n\t<meta property=\"og:image:width\" content=\"2560\" \/>\n\t<meta property=\"og:image:height\" content=\"1708\" \/>\n\t<meta property=\"og:image:type\" content=\"image\/jpeg\" \/>\n<meta name=\"twitter:card\" content=\"summary_large_image\" \/>\n<meta name=\"twitter:label1\" content=\"Est. reading time\" \/>\n\t<meta name=\"twitter:data1\" content=\"1 minut\u0117\" \/>\n<script type=\"application\/ld+json\" class=\"yoast-schema-graph\">{\"@context\":\"https:\/\/schema.org\",\"@graph\":[{\"@type\":\"WebPage\",\"@id\":\"https:\/\/velooutlets.com\/products\/gust-brave-black\/\",\"url\":\"https:\/\/velooutlets.com\/products\/gust-brave-black\/\",\"name\":\"Gust Brave Black 2026 L - Velo Outlets\",\"isPartOf\":{\"@id\":\"https:\/\/velooutlets.com\/en\/#website\"},\"primaryImageOfPage\":{\"@id\":\"https:\/\/velooutlets.com\/products\/gust-brave-black\/#primaryimage\"},\"image\":{\"@id\":\"https:\/\/velooutlets.com\/products\/gust-brave-black\/#primaryimage\"},\"thumbnailUrl\":\"https:\/\/velooutlets.com\/wp-content\/uploads\/2026\/02\/1000190644.jpg\",\"datePublished\":\"2026-02-15T21:19:50+00:00\",\"dateModified\":\"2026-04-29T06:33:56+00:00\",\"breadcrumb\":{\"@id\":\"https:\/\/velooutlets.com\/products\/gust-brave-black\/#breadcrumb\"},\"inLanguage\":\"lt-LT\",\"potentialAction\":[{\"@type\":\"ReadAction\",\"target\":[\"https:\/\/velooutlets.com\/products\/gust-brave-black\/\"]}]},{\"@type\":\"ImageObject\",\"inLanguage\":\"lt-LT\",\"@id\":\"https:\/\/velooutlets.com\/products\/gust-brave-black\/#primaryimage\",\"url\":\"https:\/\/velooutlets.com\/wp-content\/uploads\/2026\/02\/1000190644.jpg\",\"contentUrl\":\"https:\/\/velooutlets.com\/wp-content\/uploads\/2026\/02\/1000190644.jpg\",\"width\":2560,\"height\":1708},{\"@type\":\"BreadcrumbList\",\"@id\":\"https:\/\/velooutlets.com\/products\/gust-brave-black\/#breadcrumb\",\"itemListElement\":[{\"@type\":\"ListItem\",\"position\":1,\"name\":\"Home\",\"item\":\"https:\/\/velooutlets.com\/\"},{\"@type\":\"ListItem\",\"position\":2,\"name\":\"Veikals\",\"item\":\"https:\/\/velooutlets.com\/shop\/\"},{\"@type\":\"ListItem\",\"position\":3,\"name\":\"Gust Brave Black 2026 L\"}]},{\"@type\":\"WebSite\",\"@id\":\"https:\/\/velooutlets.com\/en\/#website\",\"url\":\"https:\/\/velooutlets.com\/en\/\",\"name\":\"Velo Outlets\",\"description\":\"Velosip\u0113di visai \u0123imenei\",\"potentialAction\":[{\"@type\":\"SearchAction\",\"target\":{\"@type\":\"EntryPoint\",\"urlTemplate\":\"https:\/\/velooutlets.com\/en\/?s={search_term_string}\"},\"query-input\":{\"@type\":\"PropertyValueSpecification\",\"valueRequired\":true,\"valueName\":\"search_term_string\"}}],\"inLanguage\":\"lt-LT\"}]}<\/script>\n<!-- \/ Yoast SEO plugin. -->","yoast_head_json":{"title":"Gust Brave Black 2026 L - Velo Outlets","robots":{"index":"index","follow":"follow","max-snippet":"max-snippet:-1","max-image-preview":"max-image-preview:large","max-video-preview":"max-video-preview:-1"},"canonical":"https:\/\/velooutlets.com\/lt\/produktas\/gust-brave-black\/","og_locale":"lt_LT","og_type":"article","og_title":"Gust Brave Black 2026 L - Velo Outlets","og_url":"https:\/\/velooutlets.com\/lt\/produktas\/gust-brave-black\/","og_site_name":"Velo Outlets","article_modified_time":"2026-04-29T06:33:56+00:00","og_image":[{"width":2560,"height":1708,"url":"https:\/\/velooutlets.com\/wp-content\/uploads\/2026\/02\/1000190644.jpg","type":"image\/jpeg"}],"twitter_card":"summary_large_image","twitter_misc":{"Est. reading time":"1 minut\u0117"},"schema":{"@context":"https:\/\/schema.org","@graph":[{"@type":"WebPage","@id":"https:\/\/velooutlets.com\/products\/gust-brave-black\/","url":"https:\/\/velooutlets.com\/products\/gust-brave-black\/","name":"Gust Brave Black 2026 L - Velo Outlets","isPartOf":{"@id":"https:\/\/velooutlets.com\/en\/#website"},"primaryImageOfPage":{"@id":"https:\/\/velooutlets.com\/products\/gust-brave-black\/#primaryimage"},"image":{"@id":"https:\/\/velooutlets.com\/products\/gust-brave-black\/#primaryimage"},"thumbnailUrl":"https:\/\/velooutlets.com\/wp-content\/uploads\/2026\/02\/1000190644.jpg","datePublished":"2026-02-15T21:19:50+00:00","dateModified":"2026-04-29T06:33:56+00:00","breadcrumb":{"@id":"https:\/\/velooutlets.com\/products\/gust-brave-black\/#breadcrumb"},"inLanguage":"lt-LT","potentialAction":[{"@type":"ReadAction","target":["https:\/\/velooutlets.com\/products\/gust-brave-black\/"]}]},{"@type":"ImageObject","inLanguage":"lt-LT","@id":"https:\/\/velooutlets.com\/products\/gust-brave-black\/#primaryimage","url":"https:\/\/velooutlets.com\/wp-content\/uploads\/2026\/02\/1000190644.jpg","contentUrl":"https:\/\/velooutlets.com\/wp-content\/uploads\/2026\/02\/1000190644.jpg","width":2560,"height":1708},{"@type":"BreadcrumbList","@id":"https:\/\/velooutlets.com\/products\/gust-brave-black\/#breadcrumb","itemListElement":[{"@type":"ListItem","position":1,"name":"Home","item":"https:\/\/velooutlets.com\/"},{"@type":"ListItem","position":2,"name":"Veikals","item":"https:\/\/velooutlets.com\/shop\/"},{"@type":"ListItem","position":3,"name":"Gust Brave Black 2026 L"}]},{"@type":"WebSite","@id":"https:\/\/velooutlets.com\/en\/#website","url":"https:\/\/velooutlets.com\/en\/","name":"\"Velo Outlets","description":"Dvira\u010diai visai \u0161eimai","potentialAction":[{"@type":"SearchAction","target":{"@type":"EntryPoint","urlTemplate":"https:\/\/velooutlets.com\/en\/?s={search_term_string}"},"query-input":{"@type":"PropertyValueSpecification","valueRequired":true,"valueName":"search_term_string"}}],"inLanguage":"lt-LT"}]}},"jetpack_sharing_enabled":true,"_links":{"self":[{"href":"https:\/\/velooutlets.com\/lt\/wp-json\/wp\/v2\/product\/35290","targetHints":{"allow":["GET"]}}],"collection":[{"href":"https:\/\/velooutlets.com\/lt\/wp-json\/wp\/v2\/product"}],"about":[{"href":"https:\/\/velooutlets.com\/lt\/wp-json\/wp\/v2\/types\/product"}],"wp:featuredmedia":[{"embeddable":true,"href":"https:\/\/velooutlets.com\/lt\/wp-json\/wp\/v2\/media\/35339"}],"wp:attachment":[{"href":"https:\/\/velooutlets.com\/lt\/wp-json\/wp\/v2\/media?parent=35290"}],"wp:term":[{"taxonomy":"product_brand","embeddable":true,"href":"https:\/\/velooutlets.com\/lt\/wp-json\/wp\/v2\/product_brand?post=35290"},{"taxonomy":"product_cat","embeddable":true,"href":"https:\/\/velooutlets.com\/lt\/wp-json\/wp\/v2\/product_cat?post=35290"},{"taxonomy":"product_tag","embeddable":true,"href":"https:\/\/velooutlets.com\/lt\/wp-json\/wp\/v2\/product_tag?post=35290"}],"curies":[{"name":"wp","href":"https:\/\/api.w.org\/{rel}","templated":true}]}}