{"id":35334,"date":"2026-02-16T00:41:56","date_gmt":"2026-02-15T22:41:56","guid":{"rendered":"https:\/\/staging.velooutlets.com\/?post_type=product&#038;p=35334"},"modified":"2026-04-16T18:03:03","modified_gmt":"2026-04-16T15:03:03","slug":"gust-viper-2","status":"publish","type":"product","link":"https:\/\/velooutlets.com\/lt\/produktas\/gust-viper-2\/","title":{"rendered":"\"Viper 2026\" geltonos spalvos"},"content":{"rendered":"<p>\u201dCrossride Viper 29\" Black 2026\" yra naujas kaln\u0173 dviratis su lengvu aliumininiu r\u0117mu ir 29 coli\u0173 ratais, kurie u\u017etikrina stabil\u0173 va\u017eiavim\u0105 ir ger\u0105 valdym\u0105 mieste, taip pat mi\u0161ko ir \u017evyrkeli\u0173 keliuose.21 grei\u010dio \"Shimano\" 3\u00d77 sistema su \"Shimano Tourney TZ500\" galiniu perjungikliu, FD-TZ500 priekiniu perjungikliu ir EF500 rankiniais perjungikliais u\u017etikrina paprast\u0105 ir patikim\u0105 pavar\u0173 perjungim\u0105 kasdieniam va\u017ein\u0117jimui. D\u0117l 29\u00d72,35 padang\u0173, dvigub\u0173 aliuminini\u0173 rat\u0173 ir ma\u017edaug 11 kg svorio \u0161is modelis yra prakti\u0161kas ir universalus pasirinkimas aktyviam laisvalaikiui.<\/p>","protected":false},"excerpt":{"rendered":"<p>Crossride Viper 29\u201d Black 2026 ir jauns kalnu velosip\u0113ds ar vieglu alum\u012bnija r\u0101mi un 29 collu rite\u0146iem, kas nodro\u0161ina stabilu gaitu un labu kontroli gan pils\u0113t\u0101, gan uz me\u017ea un grants ce\u013ciem. 21 \u0101truma Shimano 3&#215;7 sist\u0113ma ar Shimano Tourney TZ500 aizmugur\u0113jo p\u0101rsl\u0113dz\u0113ju, FD-TZ500 priek\u0161\u0113jo p\u0101rsl\u0113dz\u0113ju un EF500 rokas p\u0101rsl\u0113dz\u0113jiem pied\u0101v\u0101 vienk\u0101r\u0161u un uzticamu p\u0101rnesumu [&hellip;]<\/p>\n","protected":false},"featured_media":36947,"template":"","meta":{"_monsterinsights_skip_tracking":false,"_monsterinsights_sitenote_active":false,"_monsterinsights_sitenote_note":"","_monsterinsights_sitenote_category":0,"_iconic_wsb_product_page_order_bump_ids":[[]],"_sku":["4751051680104"],"_iconic_wsb_product_page_bump_modal_ids":[[]]},"product_brand":[],"product_cat":[1620,980,1127],"product_tag":[212],"class_list":{"0":"post-35334","1":"product","2":"type-product","3":"status-publish","4":"has-post-thumbnail","6":"product_cat-gust-2026","7":"product_cat-kalnu-velosipedi","8":"product_cat-velosipedi","9":"product_tag-velosipedi","10":"product_shipping_class-pieauguso-velosipedi","11":"pa_augums-170-190cm","12":"pa_height-range-170-190cm","13":"pa_materials-aluminija-ramis","14":"pa_ramja-izmers-xl","15":"pa_razosanas-gads-1253","17":"first","18":"instock","19":"taxable","20":"shipping-taxable","21":"purchasable","22":"product-type-simple"},"yoast_head":"<!-- This site is optimized with the Yoast SEO plugin v27.2 - https:\/\/yoast.com\/product\/yoast-seo-wordpress\/ -->\n<title>Viper 2026 Yellow - Velo Outlets<\/title>\n<meta name=\"robots\" content=\"index, follow, max-snippet:-1, max-image-preview:large, max-video-preview:-1\" \/>\n<link rel=\"canonical\" href=\"https:\/\/velooutlets.com\/lt\/produktas\/gust-viper-2\/\" \/>\n<meta property=\"og:locale\" content=\"lt_LT\" \/>\n<meta property=\"og:type\" content=\"article\" \/>\n<meta property=\"og:title\" content=\"Viper 2026 Yellow - Velo Outlets\" \/>\n<meta property=\"og:description\" content=\"Crossride Viper 29\u201d Black 2026 ir jauns kalnu velosip\u0113ds ar vieglu alum\u012bnija r\u0101mi un 29 collu rite\u0146iem, kas nodro\u0161ina stabilu gaitu un labu kontroli gan pils\u0113t\u0101, gan uz me\u017ea un grants ce\u013ciem. 21 \u0101truma Shimano 3&#215;7 sist\u0113ma ar Shimano Tourney TZ500 aizmugur\u0113jo p\u0101rsl\u0113dz\u0113ju, FD-TZ500 priek\u0161\u0113jo p\u0101rsl\u0113dz\u0113ju un EF500 rokas p\u0101rsl\u0113dz\u0113jiem pied\u0101v\u0101 vienk\u0101r\u0161u un uzticamu p\u0101rnesumu [&hellip;]\" \/>\n<meta property=\"og:url\" content=\"https:\/\/velooutlets.com\/lt\/produktas\/gust-viper-2\/\" \/>\n<meta property=\"og:site_name\" content=\"Velo Outlets\" \/>\n<meta property=\"article:modified_time\" content=\"2026-04-16T15:03:03+00:00\" \/>\n<meta property=\"og:image\" content=\"https:\/\/velooutlets.com\/wp-content\/uploads\/2026\/02\/1000196501.jpg\" \/>\n\t<meta property=\"og:image:width\" content=\"1600\" \/>\n\t<meta property=\"og:image:height\" content=\"1067\" \/>\n\t<meta property=\"og:image:type\" content=\"image\/jpeg\" \/>\n<meta name=\"twitter:card\" content=\"summary_large_image\" \/>\n<meta name=\"twitter:label1\" content=\"Est. reading time\" \/>\n\t<meta name=\"twitter:data1\" content=\"1 minut\u0117\" \/>\n<script type=\"application\/ld+json\" class=\"yoast-schema-graph\">{\"@context\":\"https:\/\/schema.org\",\"@graph\":[{\"@type\":\"WebPage\",\"@id\":\"https:\/\/velooutlets.com\/products\/gust-viper-2\/\",\"url\":\"https:\/\/velooutlets.com\/products\/gust-viper-2\/\",\"name\":\"Viper 2026 Yellow - Velo Outlets\",\"isPartOf\":{\"@id\":\"https:\/\/velooutlets.com\/en\/#website\"},\"primaryImageOfPage\":{\"@id\":\"https:\/\/velooutlets.com\/products\/gust-viper-2\/#primaryimage\"},\"image\":{\"@id\":\"https:\/\/velooutlets.com\/products\/gust-viper-2\/#primaryimage\"},\"thumbnailUrl\":\"https:\/\/velooutlets.com\/wp-content\/uploads\/2026\/02\/1000196501.jpg\",\"datePublished\":\"2026-02-15T22:41:56+00:00\",\"dateModified\":\"2026-04-16T15:03:03+00:00\",\"breadcrumb\":{\"@id\":\"https:\/\/velooutlets.com\/products\/gust-viper-2\/#breadcrumb\"},\"inLanguage\":\"lt-LT\",\"potentialAction\":[{\"@type\":\"ReadAction\",\"target\":[\"https:\/\/velooutlets.com\/products\/gust-viper-2\/\"]}]},{\"@type\":\"ImageObject\",\"inLanguage\":\"lt-LT\",\"@id\":\"https:\/\/velooutlets.com\/products\/gust-viper-2\/#primaryimage\",\"url\":\"https:\/\/velooutlets.com\/wp-content\/uploads\/2026\/02\/1000196501.jpg\",\"contentUrl\":\"https:\/\/velooutlets.com\/wp-content\/uploads\/2026\/02\/1000196501.jpg\",\"width\":1600,\"height\":1067},{\"@type\":\"BreadcrumbList\",\"@id\":\"https:\/\/velooutlets.com\/products\/gust-viper-2\/#breadcrumb\",\"itemListElement\":[{\"@type\":\"ListItem\",\"position\":1,\"name\":\"Home\",\"item\":\"https:\/\/velooutlets.com\/\"},{\"@type\":\"ListItem\",\"position\":2,\"name\":\"Veikals\",\"item\":\"https:\/\/velooutlets.com\/shop\/\"},{\"@type\":\"ListItem\",\"position\":3,\"name\":\"Viper 2026 Yellow\"}]},{\"@type\":\"WebSite\",\"@id\":\"https:\/\/velooutlets.com\/en\/#website\",\"url\":\"https:\/\/velooutlets.com\/en\/\",\"name\":\"Velo Outlets\",\"description\":\"Velosip\u0113di visai \u0123imenei\",\"potentialAction\":[{\"@type\":\"SearchAction\",\"target\":{\"@type\":\"EntryPoint\",\"urlTemplate\":\"https:\/\/velooutlets.com\/en\/?s={search_term_string}\"},\"query-input\":{\"@type\":\"PropertyValueSpecification\",\"valueRequired\":true,\"valueName\":\"search_term_string\"}}],\"inLanguage\":\"lt-LT\"}]}<\/script>\n<!-- \/ Yoast SEO plugin. -->","yoast_head_json":{"title":"Viper 2026 Yellow - Velo Outlets","robots":{"index":"index","follow":"follow","max-snippet":"max-snippet:-1","max-image-preview":"max-image-preview:large","max-video-preview":"max-video-preview:-1"},"canonical":"https:\/\/velooutlets.com\/lt\/produktas\/gust-viper-2\/","og_locale":"lt_LT","og_type":"article","og_title":"Viper 2026 Yellow - Velo Outlets","og_description":"Crossride Viper 29\u201d Black 2026 ir jauns kalnu velosip\u0113ds ar vieglu alum\u012bnija r\u0101mi un 29 collu rite\u0146iem, kas nodro\u0161ina stabilu gaitu un labu kontroli gan pils\u0113t\u0101, gan uz me\u017ea un grants ce\u013ciem. 21 \u0101truma Shimano 3&#215;7 sist\u0113ma ar Shimano Tourney TZ500 aizmugur\u0113jo p\u0101rsl\u0113dz\u0113ju, FD-TZ500 priek\u0161\u0113jo p\u0101rsl\u0113dz\u0113ju un EF500 rokas p\u0101rsl\u0113dz\u0113jiem pied\u0101v\u0101 vienk\u0101r\u0161u un uzticamu p\u0101rnesumu [&hellip;]","og_url":"https:\/\/velooutlets.com\/lt\/produktas\/gust-viper-2\/","og_site_name":"Velo Outlets","article_modified_time":"2026-04-16T15:03:03+00:00","og_image":[{"width":1600,"height":1067,"url":"https:\/\/velooutlets.com\/wp-content\/uploads\/2026\/02\/1000196501.jpg","type":"image\/jpeg"}],"twitter_card":"summary_large_image","twitter_misc":{"Est. reading time":"1 minut\u0117"},"schema":{"@context":"https:\/\/schema.org","@graph":[{"@type":"WebPage","@id":"https:\/\/velooutlets.com\/products\/gust-viper-2\/","url":"https:\/\/velooutlets.com\/products\/gust-viper-2\/","name":"Viper 2026 Yellow - Velo Outlets","isPartOf":{"@id":"https:\/\/velooutlets.com\/en\/#website"},"primaryImageOfPage":{"@id":"https:\/\/velooutlets.com\/products\/gust-viper-2\/#primaryimage"},"image":{"@id":"https:\/\/velooutlets.com\/products\/gust-viper-2\/#primaryimage"},"thumbnailUrl":"https:\/\/velooutlets.com\/wp-content\/uploads\/2026\/02\/1000196501.jpg","datePublished":"2026-02-15T22:41:56+00:00","dateModified":"2026-04-16T15:03:03+00:00","breadcrumb":{"@id":"https:\/\/velooutlets.com\/products\/gust-viper-2\/#breadcrumb"},"inLanguage":"lt-LT","potentialAction":[{"@type":"ReadAction","target":["https:\/\/velooutlets.com\/products\/gust-viper-2\/"]}]},{"@type":"ImageObject","inLanguage":"lt-LT","@id":"https:\/\/velooutlets.com\/products\/gust-viper-2\/#primaryimage","url":"https:\/\/velooutlets.com\/wp-content\/uploads\/2026\/02\/1000196501.jpg","contentUrl":"https:\/\/velooutlets.com\/wp-content\/uploads\/2026\/02\/1000196501.jpg","width":1600,"height":1067},{"@type":"BreadcrumbList","@id":"https:\/\/velooutlets.com\/products\/gust-viper-2\/#breadcrumb","itemListElement":[{"@type":"ListItem","position":1,"name":"Home","item":"https:\/\/velooutlets.com\/"},{"@type":"ListItem","position":2,"name":"Veikals","item":"https:\/\/velooutlets.com\/shop\/"},{"@type":"ListItem","position":3,"name":"Viper 2026 Yellow"}]},{"@type":"WebSite","@id":"https:\/\/velooutlets.com\/en\/#website","url":"https:\/\/velooutlets.com\/en\/","name":"\"Velo Outlets","description":"Dvira\u010diai visai \u0161eimai","potentialAction":[{"@type":"SearchAction","target":{"@type":"EntryPoint","urlTemplate":"https:\/\/velooutlets.com\/en\/?s={search_term_string}"},"query-input":{"@type":"PropertyValueSpecification","valueRequired":true,"valueName":"search_term_string"}}],"inLanguage":"lt-LT"}]}},"jetpack_sharing_enabled":true,"_links":{"self":[{"href":"https:\/\/velooutlets.com\/lt\/wp-json\/wp\/v2\/product\/35334","targetHints":{"allow":["GET"]}}],"collection":[{"href":"https:\/\/velooutlets.com\/lt\/wp-json\/wp\/v2\/product"}],"about":[{"href":"https:\/\/velooutlets.com\/lt\/wp-json\/wp\/v2\/types\/product"}],"wp:featuredmedia":[{"embeddable":true,"href":"https:\/\/velooutlets.com\/lt\/wp-json\/wp\/v2\/media\/36947"}],"wp:attachment":[{"href":"https:\/\/velooutlets.com\/lt\/wp-json\/wp\/v2\/media?parent=35334"}],"wp:term":[{"taxonomy":"product_brand","embeddable":true,"href":"https:\/\/velooutlets.com\/lt\/wp-json\/wp\/v2\/product_brand?post=35334"},{"taxonomy":"product_cat","embeddable":true,"href":"https:\/\/velooutlets.com\/lt\/wp-json\/wp\/v2\/product_cat?post=35334"},{"taxonomy":"product_tag","embeddable":true,"href":"https:\/\/velooutlets.com\/lt\/wp-json\/wp\/v2\/product_tag?post=35334"}],"curies":[{"name":"wp","href":"https:\/\/api.w.org\/{rel}","templated":true}]}}