{"id":35752,"date":"2026-02-27T18:27:52","date_gmt":"2026-02-27T16:27:52","guid":{"rendered":"https:\/\/velooutlets.com\/?post_type=product&#038;p=35752"},"modified":"2026-03-06T23:32:13","modified_gmt":"2026-03-06T21:32:13","slug":"classic-fatt-12s-black","status":"publish","type":"product","link":"https:\/\/velooutlets.com\/lt\/produktas\/classic-fatt-12s-black\/","title":{"rendered":"Classic F\u00c4TT 12s Black"},"content":{"rendered":"<p>\"Classic F\u00c4TT 12s\" yra 26 coli\u0173 kaln\u0173 dviratis su aliumininiu r\u0117mu ir 12 grei\u010di\u0173, kad gal\u0117tum\u0117te u\u017etikrintai va\u017eiuoti tiek kelyje, tiek bekel\u0117je. Aliumininis priekinis amortizatorius ir hidrauliniai \"Shimano MT-200\" diskiniai stabd\u017eiai u\u017etikrina patog\u0173 ir saug\u0173 stabdym\u0105. Dviej\u0173 sieneli\u0173 aliuminio ratlankiai ir pla\u010dios \"Schwalbe Jumbo Jim 26\u00d74,8\" padangos u\u017etikrina stabilum\u0105 ir ger\u0105 sukibim\u0105 net ir sud\u0117tingomis s\u0105lygomis, o \"ProWheel\" 32T alk\u016bn\u0117s ir SRAM 11-50T kaset\u0117 leid\u017eia lengvai keisti pavaras \u012fvairiomis reljefo s\u0105lygomis.<\/p>","protected":false},"excerpt":{"rendered":"<p>Classic F\u00c4TT 12s ir 26 collu kalnu velosip\u0113ds ar alum\u012bnija r\u0101mi un 12 \u0101trumiem, kas nodro\u0161ina p\u0101rliecino\u0161u brauk\u0161anu gan uz ce\u013ca, gan bezce\u013c\u0101. Priek\u0161\u0113jais alum\u012bnija amortizators un hidraulisk\u0101s Shimano MT-200 disku bremzes garant\u0113 komfortu un dro\u0161u apst\u0101\u0161anos. Dubultsienu alum\u012bnija aploces un plat\u0101s Schwalbe Jumbo Jim 26&#215;4.8 riepas sniedz stabilit\u0101ti un labu sa\u0137eri pat sare\u017e\u0123\u012btos apst\u0101k\u013cos, [&hellip;]<\/p>\n","protected":false},"featured_media":35753,"template":"","meta":{"_monsterinsights_skip_tracking":false,"_monsterinsights_sitenote_active":false,"_monsterinsights_sitenote_note":"","_monsterinsights_sitenote_category":0,"_iconic_wsb_product_page_order_bump_ids":[[]],"_sku":[],"_iconic_wsb_product_page_bump_modal_ids":[[]]},"product_brand":[1174],"product_cat":[980,1127],"product_tag":[211,212],"class_list":{"0":"post-35752","1":"product","2":"type-product","3":"status-publish","4":"has-post-thumbnail","6":"product_brand-classic","7":"product_cat-kalnu-velosipedi","8":"product_cat-velosipedi","9":"product_tag-kalnu-velosipedi","10":"product_tag-velosipedi","11":"product_shipping_class-pieauguso-velosipedi","13":"first","14":"instock","15":"taxable","16":"shipping-taxable","17":"purchasable","18":"product-type-simple"},"yoast_head":"<!-- This site is optimized with the Yoast SEO plugin v27.2 - https:\/\/yoast.com\/product\/yoast-seo-wordpress\/ -->\n<title>Classic F\u00c4TT 12s Black - Velo Outlets<\/title>\n<meta name=\"robots\" content=\"index, follow, max-snippet:-1, max-image-preview:large, max-video-preview:-1\" \/>\n<link rel=\"canonical\" href=\"https:\/\/velooutlets.com\/lt\/produktas\/classic-fatt-12s-black\/\" \/>\n<meta property=\"og:locale\" content=\"lt_LT\" \/>\n<meta property=\"og:type\" content=\"article\" \/>\n<meta property=\"og:title\" content=\"Classic F\u00c4TT 12s Black - Velo Outlets\" \/>\n<meta property=\"og:description\" content=\"Classic F\u00c4TT 12s ir 26 collu kalnu velosip\u0113ds ar alum\u012bnija r\u0101mi un 12 \u0101trumiem, kas nodro\u0161ina p\u0101rliecino\u0161u brauk\u0161anu gan uz ce\u013ca, gan bezce\u013c\u0101. Priek\u0161\u0113jais alum\u012bnija amortizators un hidraulisk\u0101s Shimano MT-200 disku bremzes garant\u0113 komfortu un dro\u0161u apst\u0101\u0161anos. Dubultsienu alum\u012bnija aploces un plat\u0101s Schwalbe Jumbo Jim 26&#215;4.8 riepas sniedz stabilit\u0101ti un labu sa\u0137eri pat sare\u017e\u0123\u012btos apst\u0101k\u013cos, [&hellip;]\" \/>\n<meta property=\"og:url\" content=\"https:\/\/velooutlets.com\/lt\/produktas\/classic-fatt-12s-black\/\" \/>\n<meta property=\"og:site_name\" content=\"Velo Outlets\" \/>\n<meta property=\"article:modified_time\" content=\"2026-03-06T21:32:13+00:00\" \/>\n<meta property=\"og:image\" content=\"https:\/\/velooutlets.com\/wp-content\/uploads\/2026\/02\/26FA-12D-24-scaled.jpg\" \/>\n\t<meta property=\"og:image:width\" content=\"2560\" \/>\n\t<meta property=\"og:image:height\" content=\"1440\" \/>\n\t<meta property=\"og:image:type\" content=\"image\/jpeg\" \/>\n<meta name=\"twitter:card\" content=\"summary_large_image\" \/>\n<meta name=\"twitter:label1\" content=\"Est. reading time\" \/>\n\t<meta name=\"twitter:data1\" content=\"1 minut\u0117\" \/>\n<script type=\"application\/ld+json\" class=\"yoast-schema-graph\">{\"@context\":\"https:\/\/schema.org\",\"@graph\":[{\"@type\":\"WebPage\",\"@id\":\"https:\/\/velooutlets.com\/products\/classic-fatt-12s-black\/\",\"url\":\"https:\/\/velooutlets.com\/products\/classic-fatt-12s-black\/\",\"name\":\"Classic F\u00c4TT 12s Black - Velo Outlets\",\"isPartOf\":{\"@id\":\"https:\/\/velooutlets.com\/en\/#website\"},\"primaryImageOfPage\":{\"@id\":\"https:\/\/velooutlets.com\/products\/classic-fatt-12s-black\/#primaryimage\"},\"image\":{\"@id\":\"https:\/\/velooutlets.com\/products\/classic-fatt-12s-black\/#primaryimage\"},\"thumbnailUrl\":\"https:\/\/velooutlets.com\/wp-content\/uploads\/2026\/02\/26FA-12D-24-scaled.jpg\",\"datePublished\":\"2026-02-27T16:27:52+00:00\",\"dateModified\":\"2026-03-06T21:32:13+00:00\",\"breadcrumb\":{\"@id\":\"https:\/\/velooutlets.com\/products\/classic-fatt-12s-black\/#breadcrumb\"},\"inLanguage\":\"lt-LT\",\"potentialAction\":[{\"@type\":\"ReadAction\",\"target\":[\"https:\/\/velooutlets.com\/products\/classic-fatt-12s-black\/\"]}]},{\"@type\":\"ImageObject\",\"inLanguage\":\"lt-LT\",\"@id\":\"https:\/\/velooutlets.com\/products\/classic-fatt-12s-black\/#primaryimage\",\"url\":\"https:\/\/velooutlets.com\/wp-content\/uploads\/2026\/02\/26FA-12D-24-scaled.jpg\",\"contentUrl\":\"https:\/\/velooutlets.com\/wp-content\/uploads\/2026\/02\/26FA-12D-24-scaled.jpg\",\"width\":2560,\"height\":1440},{\"@type\":\"BreadcrumbList\",\"@id\":\"https:\/\/velooutlets.com\/products\/classic-fatt-12s-black\/#breadcrumb\",\"itemListElement\":[{\"@type\":\"ListItem\",\"position\":1,\"name\":\"Home\",\"item\":\"https:\/\/velooutlets.com\/\"},{\"@type\":\"ListItem\",\"position\":2,\"name\":\"Veikals\",\"item\":\"https:\/\/velooutlets.com\/shop\/\"},{\"@type\":\"ListItem\",\"position\":3,\"name\":\"Classic F\u00c4TT 12s Black\"}]},{\"@type\":\"WebSite\",\"@id\":\"https:\/\/velooutlets.com\/en\/#website\",\"url\":\"https:\/\/velooutlets.com\/en\/\",\"name\":\"Velo Outlets\",\"description\":\"Velosip\u0113di visai \u0123imenei\",\"potentialAction\":[{\"@type\":\"SearchAction\",\"target\":{\"@type\":\"EntryPoint\",\"urlTemplate\":\"https:\/\/velooutlets.com\/en\/?s={search_term_string}\"},\"query-input\":{\"@type\":\"PropertyValueSpecification\",\"valueRequired\":true,\"valueName\":\"search_term_string\"}}],\"inLanguage\":\"lt-LT\"}]}<\/script>\n<!-- \/ Yoast SEO plugin. -->","yoast_head_json":{"title":"Classic F\u00c4TT 12s Black - Velo Outlets","robots":{"index":"index","follow":"follow","max-snippet":"max-snippet:-1","max-image-preview":"max-image-preview:large","max-video-preview":"max-video-preview:-1"},"canonical":"https:\/\/velooutlets.com\/lt\/produktas\/classic-fatt-12s-black\/","og_locale":"lt_LT","og_type":"article","og_title":"Classic F\u00c4TT 12s Black - Velo Outlets","og_description":"Classic F\u00c4TT 12s ir 26 collu kalnu velosip\u0113ds ar alum\u012bnija r\u0101mi un 12 \u0101trumiem, kas nodro\u0161ina p\u0101rliecino\u0161u brauk\u0161anu gan uz ce\u013ca, gan bezce\u013c\u0101. Priek\u0161\u0113jais alum\u012bnija amortizators un hidraulisk\u0101s Shimano MT-200 disku bremzes garant\u0113 komfortu un dro\u0161u apst\u0101\u0161anos. Dubultsienu alum\u012bnija aploces un plat\u0101s Schwalbe Jumbo Jim 26&#215;4.8 riepas sniedz stabilit\u0101ti un labu sa\u0137eri pat sare\u017e\u0123\u012btos apst\u0101k\u013cos, [&hellip;]","og_url":"https:\/\/velooutlets.com\/lt\/produktas\/classic-fatt-12s-black\/","og_site_name":"Velo Outlets","article_modified_time":"2026-03-06T21:32:13+00:00","og_image":[{"width":2560,"height":1440,"url":"https:\/\/velooutlets.com\/wp-content\/uploads\/2026\/02\/26FA-12D-24-scaled.jpg","type":"image\/jpeg"}],"twitter_card":"summary_large_image","twitter_misc":{"Est. reading time":"1 minut\u0117"},"schema":{"@context":"https:\/\/schema.org","@graph":[{"@type":"WebPage","@id":"https:\/\/velooutlets.com\/products\/classic-fatt-12s-black\/","url":"https:\/\/velooutlets.com\/products\/classic-fatt-12s-black\/","name":"Classic F\u00c4TT 12s Black - Velo Outlets","isPartOf":{"@id":"https:\/\/velooutlets.com\/en\/#website"},"primaryImageOfPage":{"@id":"https:\/\/velooutlets.com\/products\/classic-fatt-12s-black\/#primaryimage"},"image":{"@id":"https:\/\/velooutlets.com\/products\/classic-fatt-12s-black\/#primaryimage"},"thumbnailUrl":"https:\/\/velooutlets.com\/wp-content\/uploads\/2026\/02\/26FA-12D-24-scaled.jpg","datePublished":"2026-02-27T16:27:52+00:00","dateModified":"2026-03-06T21:32:13+00:00","breadcrumb":{"@id":"https:\/\/velooutlets.com\/products\/classic-fatt-12s-black\/#breadcrumb"},"inLanguage":"lt-LT","potentialAction":[{"@type":"ReadAction","target":["https:\/\/velooutlets.com\/products\/classic-fatt-12s-black\/"]}]},{"@type":"ImageObject","inLanguage":"lt-LT","@id":"https:\/\/velooutlets.com\/products\/classic-fatt-12s-black\/#primaryimage","url":"https:\/\/velooutlets.com\/wp-content\/uploads\/2026\/02\/26FA-12D-24-scaled.jpg","contentUrl":"https:\/\/velooutlets.com\/wp-content\/uploads\/2026\/02\/26FA-12D-24-scaled.jpg","width":2560,"height":1440},{"@type":"BreadcrumbList","@id":"https:\/\/velooutlets.com\/products\/classic-fatt-12s-black\/#breadcrumb","itemListElement":[{"@type":"ListItem","position":1,"name":"Home","item":"https:\/\/velooutlets.com\/"},{"@type":"ListItem","position":2,"name":"Veikals","item":"https:\/\/velooutlets.com\/shop\/"},{"@type":"ListItem","position":3,"name":"Classic F\u00c4TT 12s Black"}]},{"@type":"WebSite","@id":"https:\/\/velooutlets.com\/en\/#website","url":"https:\/\/velooutlets.com\/en\/","name":"\"Velo Outlets","description":"Dvira\u010diai visai \u0161eimai","potentialAction":[{"@type":"SearchAction","target":{"@type":"EntryPoint","urlTemplate":"https:\/\/velooutlets.com\/en\/?s={search_term_string}"},"query-input":{"@type":"PropertyValueSpecification","valueRequired":true,"valueName":"search_term_string"}}],"inLanguage":"lt-LT"}]}},"jetpack_sharing_enabled":true,"_links":{"self":[{"href":"https:\/\/velooutlets.com\/lt\/wp-json\/wp\/v2\/product\/35752","targetHints":{"allow":["GET"]}}],"collection":[{"href":"https:\/\/velooutlets.com\/lt\/wp-json\/wp\/v2\/product"}],"about":[{"href":"https:\/\/velooutlets.com\/lt\/wp-json\/wp\/v2\/types\/product"}],"wp:featuredmedia":[{"embeddable":true,"href":"https:\/\/velooutlets.com\/lt\/wp-json\/wp\/v2\/media\/35753"}],"wp:attachment":[{"href":"https:\/\/velooutlets.com\/lt\/wp-json\/wp\/v2\/media?parent=35752"}],"wp:term":[{"taxonomy":"product_brand","embeddable":true,"href":"https:\/\/velooutlets.com\/lt\/wp-json\/wp\/v2\/product_brand?post=35752"},{"taxonomy":"product_cat","embeddable":true,"href":"https:\/\/velooutlets.com\/lt\/wp-json\/wp\/v2\/product_cat?post=35752"},{"taxonomy":"product_tag","embeddable":true,"href":"https:\/\/velooutlets.com\/lt\/wp-json\/wp\/v2\/product_tag?post=35752"}],"curies":[{"name":"wp","href":"https:\/\/api.w.org\/{rel}","templated":true}]}}