{"id":35962,"date":"2026-03-05T17:04:59","date_gmt":"2026-03-05T15:04:59","guid":{"rendered":"https:\/\/velooutlets.com\/?post_type=product&#038;p=35962"},"modified":"2026-04-16T15:09:49","modified_gmt":"2026-04-16T12:09:49","slug":"polar-fuzzy-mg-12-blue","status":"publish","type":"product","link":"https:\/\/velooutlets.com\/lt\/produktas\/polar-fuzzy-mg-12-blue\/","title":{"rendered":"Polar Fuzzy MG 12 Blue"},"content":{"rendered":"<p>Polar Fuzzy MG 12 ir \u012bpa\u0161i viegls l\u012bdzsvara velosip\u0113ds pa\u0161iem maz\u0101kajiem brauc\u0113jiem. Viegl\u0101 konstrukcija un alum\u012bnija komponentes nodro\u0161ina labu vad\u0101m\u012bbu un iztur\u012bbu, bet 12 collu pneimatisk\u0101s riepas pal\u012bdz nodro\u0161in\u0101t stabilu un komfortablu brauk\u0161anu. Regul\u0113jamais s\u0113dek\u013ca augstums \u013cauj velosip\u0113du viegli piel\u0101got b\u0113rna augumam, padarot to par lielisku izv\u0113li l\u012bdzsvara un pirmo brauk\u0161anas iema\u0146u apg\u016b\u0161anai.<\/p>","protected":false},"excerpt":{"rendered":"<p>Polar Fuzzy MG 12 ir \u012bpa\u0161i viegls l\u012bdzsvara velosip\u0113ds pa\u0161iem maz\u0101kajiem brauc\u0113jiem. Viegl\u0101 konstrukcija un alum\u012bnija komponentes nodro\u0161ina labu vad\u0101m\u012bbu un iztur\u012bbu, bet 12 collu pneimatisk\u0101s riepas pal\u012bdz nodro\u0161in\u0101t stabilu un komfortablu brauk\u0161anu. Regul\u0113jamais s\u0113dek\u013ca augstums \u013cauj velosip\u0113du viegli piel\u0101got b\u0113rna augumam, padarot to par lielisku izv\u0113li l\u012bdzsvara un pirmo brauk\u0161anas iema\u0146u apg\u016b\u0161anai.<\/p>","protected":false},"featured_media":36005,"template":"","meta":{"_monsterinsights_skip_tracking":false,"_monsterinsights_sitenote_active":false,"_monsterinsights_sitenote_note":"","_monsterinsights_sitenote_category":0,"_iconic_wsb_product_page_order_bump_ids":[[]],"_sku":["8605044948473"],"_iconic_wsb_product_page_bump_modal_ids":[[]]},"product_brand":[871],"product_cat":[932,1127],"product_tag":[1525,220,850,843,212],"class_list":{"0":"post-35962","1":"product","2":"type-product","3":"status-publish","4":"has-post-thumbnail","6":"product_brand-polar","7":"product_cat-bernu-velosipedi","8":"product_cat-velosipedi","9":"product_tag-04_02_26","10":"product_tag-bernu-velosipedi","11":"product_tag-polar","12":"product_tag-pusaudzu-velosipedi","13":"product_tag-velosipedi","14":"product_shipping_class-bernu-velosipedi","15":"pa_height-range-92-98cm","16":"pa_ramja-izmers-uni","18":"first","19":"instock","20":"taxable","21":"shipping-taxable","22":"purchasable","23":"product-type-simple"},"yoast_head":"<!-- This site is optimized with the Yoast SEO plugin v27.2 - https:\/\/yoast.com\/product\/yoast-seo-wordpress\/ -->\n<title>Polar Fuzzy MG 12 Blue - Velo Outlets<\/title>\n<meta name=\"robots\" content=\"index, follow, max-snippet:-1, max-image-preview:large, max-video-preview:-1\" \/>\n<link rel=\"canonical\" href=\"https:\/\/velooutlets.com\/lt\/produktas\/polar-fuzzy-mg-12-blue\/\" \/>\n<meta property=\"og:locale\" content=\"lt_LT\" \/>\n<meta property=\"og:type\" content=\"article\" \/>\n<meta property=\"og:title\" content=\"Polar Fuzzy MG 12 Blue - Velo Outlets\" \/>\n<meta property=\"og:description\" content=\"Polar Fuzzy MG 12 ir \u012bpa\u0161i viegls l\u012bdzsvara velosip\u0113ds pa\u0161iem maz\u0101kajiem brauc\u0113jiem. Viegl\u0101 konstrukcija un alum\u012bnija komponentes nodro\u0161ina labu vad\u0101m\u012bbu un iztur\u012bbu, bet 12 collu pneimatisk\u0101s riepas pal\u012bdz nodro\u0161in\u0101t stabilu un komfortablu brauk\u0161anu. Regul\u0113jamais s\u0113dek\u013ca augstums \u013cauj velosip\u0113du viegli piel\u0101got b\u0113rna augumam, padarot to par lielisku izv\u0113li l\u012bdzsvara un pirmo brauk\u0161anas iema\u0146u apg\u016b\u0161anai.\" \/>\n<meta property=\"og:url\" content=\"https:\/\/velooutlets.com\/lt\/produktas\/polar-fuzzy-mg-12-blue\/\" \/>\n<meta property=\"og:site_name\" content=\"Velo Outlets\" \/>\n<meta property=\"article:modified_time\" content=\"2026-04-16T12:09:49+00:00\" \/>\n<meta property=\"og:image\" content=\"https:\/\/velooutlets.com\/wp-content\/uploads\/2026\/03\/1000193009.jpg\" \/>\n\t<meta property=\"og:image:width\" content=\"2000\" \/>\n\t<meta property=\"og:image:height\" content=\"1333\" \/>\n\t<meta property=\"og:image:type\" content=\"image\/jpeg\" \/>\n<meta name=\"twitter:card\" content=\"summary_large_image\" \/>\n<meta name=\"twitter:label1\" content=\"Est. reading time\" \/>\n\t<meta name=\"twitter:data1\" content=\"1 minut\u0117\" \/>\n<script type=\"application\/ld+json\" class=\"yoast-schema-graph\">{\"@context\":\"https:\/\/schema.org\",\"@graph\":[{\"@type\":\"WebPage\",\"@id\":\"https:\/\/velooutlets.com\/products\/polar-fuzzy-mg-12-blue\/\",\"url\":\"https:\/\/velooutlets.com\/products\/polar-fuzzy-mg-12-blue\/\",\"name\":\"Polar Fuzzy MG 12 Blue - Velo Outlets\",\"isPartOf\":{\"@id\":\"https:\/\/velooutlets.com\/en\/#website\"},\"primaryImageOfPage\":{\"@id\":\"https:\/\/velooutlets.com\/products\/polar-fuzzy-mg-12-blue\/#primaryimage\"},\"image\":{\"@id\":\"https:\/\/velooutlets.com\/products\/polar-fuzzy-mg-12-blue\/#primaryimage\"},\"thumbnailUrl\":\"https:\/\/velooutlets.com\/wp-content\/uploads\/2026\/03\/1000193009.jpg\",\"datePublished\":\"2026-03-05T15:04:59+00:00\",\"dateModified\":\"2026-04-16T12:09:49+00:00\",\"breadcrumb\":{\"@id\":\"https:\/\/velooutlets.com\/products\/polar-fuzzy-mg-12-blue\/#breadcrumb\"},\"inLanguage\":\"lt-LT\",\"potentialAction\":[{\"@type\":\"ReadAction\",\"target\":[\"https:\/\/velooutlets.com\/products\/polar-fuzzy-mg-12-blue\/\"]}]},{\"@type\":\"ImageObject\",\"inLanguage\":\"lt-LT\",\"@id\":\"https:\/\/velooutlets.com\/products\/polar-fuzzy-mg-12-blue\/#primaryimage\",\"url\":\"https:\/\/velooutlets.com\/wp-content\/uploads\/2026\/03\/1000193009.jpg\",\"contentUrl\":\"https:\/\/velooutlets.com\/wp-content\/uploads\/2026\/03\/1000193009.jpg\",\"width\":2000,\"height\":1333},{\"@type\":\"BreadcrumbList\",\"@id\":\"https:\/\/velooutlets.com\/products\/polar-fuzzy-mg-12-blue\/#breadcrumb\",\"itemListElement\":[{\"@type\":\"ListItem\",\"position\":1,\"name\":\"Home\",\"item\":\"https:\/\/velooutlets.com\/\"},{\"@type\":\"ListItem\",\"position\":2,\"name\":\"Veikals\",\"item\":\"https:\/\/velooutlets.com\/shop\/\"},{\"@type\":\"ListItem\",\"position\":3,\"name\":\"Polar Fuzzy MG 12 Blue\"}]},{\"@type\":\"WebSite\",\"@id\":\"https:\/\/velooutlets.com\/en\/#website\",\"url\":\"https:\/\/velooutlets.com\/en\/\",\"name\":\"Velo Outlets\",\"description\":\"Velosip\u0113di visai \u0123imenei\",\"potentialAction\":[{\"@type\":\"SearchAction\",\"target\":{\"@type\":\"EntryPoint\",\"urlTemplate\":\"https:\/\/velooutlets.com\/en\/?s={search_term_string}\"},\"query-input\":{\"@type\":\"PropertyValueSpecification\",\"valueRequired\":true,\"valueName\":\"search_term_string\"}}],\"inLanguage\":\"lt-LT\"}]}<\/script>\n<!-- \/ Yoast SEO plugin. -->","yoast_head_json":{"title":"Polar Fuzzy MG 12 Blue - Velo Outlets","robots":{"index":"index","follow":"follow","max-snippet":"max-snippet:-1","max-image-preview":"max-image-preview:large","max-video-preview":"max-video-preview:-1"},"canonical":"https:\/\/velooutlets.com\/lt\/produktas\/polar-fuzzy-mg-12-blue\/","og_locale":"lt_LT","og_type":"article","og_title":"Polar Fuzzy MG 12 Blue - Velo Outlets","og_description":"Polar Fuzzy MG 12 ir \u012bpa\u0161i viegls l\u012bdzsvara velosip\u0113ds pa\u0161iem maz\u0101kajiem brauc\u0113jiem. Viegl\u0101 konstrukcija un alum\u012bnija komponentes nodro\u0161ina labu vad\u0101m\u012bbu un iztur\u012bbu, bet 12 collu pneimatisk\u0101s riepas pal\u012bdz nodro\u0161in\u0101t stabilu un komfortablu brauk\u0161anu. Regul\u0113jamais s\u0113dek\u013ca augstums \u013cauj velosip\u0113du viegli piel\u0101got b\u0113rna augumam, padarot to par lielisku izv\u0113li l\u012bdzsvara un pirmo brauk\u0161anas iema\u0146u apg\u016b\u0161anai.","og_url":"https:\/\/velooutlets.com\/lt\/produktas\/polar-fuzzy-mg-12-blue\/","og_site_name":"Velo Outlets","article_modified_time":"2026-04-16T12:09:49+00:00","og_image":[{"width":2000,"height":1333,"url":"https:\/\/velooutlets.com\/wp-content\/uploads\/2026\/03\/1000193009.jpg","type":"image\/jpeg"}],"twitter_card":"summary_large_image","twitter_misc":{"Est. reading time":"1 minut\u0117"},"schema":{"@context":"https:\/\/schema.org","@graph":[{"@type":"WebPage","@id":"https:\/\/velooutlets.com\/products\/polar-fuzzy-mg-12-blue\/","url":"https:\/\/velooutlets.com\/products\/polar-fuzzy-mg-12-blue\/","name":"Polar Fuzzy MG 12 Blue - Velo Outlets","isPartOf":{"@id":"https:\/\/velooutlets.com\/en\/#website"},"primaryImageOfPage":{"@id":"https:\/\/velooutlets.com\/products\/polar-fuzzy-mg-12-blue\/#primaryimage"},"image":{"@id":"https:\/\/velooutlets.com\/products\/polar-fuzzy-mg-12-blue\/#primaryimage"},"thumbnailUrl":"https:\/\/velooutlets.com\/wp-content\/uploads\/2026\/03\/1000193009.jpg","datePublished":"2026-03-05T15:04:59+00:00","dateModified":"2026-04-16T12:09:49+00:00","breadcrumb":{"@id":"https:\/\/velooutlets.com\/products\/polar-fuzzy-mg-12-blue\/#breadcrumb"},"inLanguage":"lt-LT","potentialAction":[{"@type":"ReadAction","target":["https:\/\/velooutlets.com\/products\/polar-fuzzy-mg-12-blue\/"]}]},{"@type":"ImageObject","inLanguage":"lt-LT","@id":"https:\/\/velooutlets.com\/products\/polar-fuzzy-mg-12-blue\/#primaryimage","url":"https:\/\/velooutlets.com\/wp-content\/uploads\/2026\/03\/1000193009.jpg","contentUrl":"https:\/\/velooutlets.com\/wp-content\/uploads\/2026\/03\/1000193009.jpg","width":2000,"height":1333},{"@type":"BreadcrumbList","@id":"https:\/\/velooutlets.com\/products\/polar-fuzzy-mg-12-blue\/#breadcrumb","itemListElement":[{"@type":"ListItem","position":1,"name":"Home","item":"https:\/\/velooutlets.com\/"},{"@type":"ListItem","position":2,"name":"Veikals","item":"https:\/\/velooutlets.com\/shop\/"},{"@type":"ListItem","position":3,"name":"Polar Fuzzy MG 12 Blue"}]},{"@type":"WebSite","@id":"https:\/\/velooutlets.com\/en\/#website","url":"https:\/\/velooutlets.com\/en\/","name":"\"Velo Outlets","description":"Dvira\u010diai visai \u0161eimai","potentialAction":[{"@type":"SearchAction","target":{"@type":"EntryPoint","urlTemplate":"https:\/\/velooutlets.com\/en\/?s={search_term_string}"},"query-input":{"@type":"PropertyValueSpecification","valueRequired":true,"valueName":"search_term_string"}}],"inLanguage":"lt-LT"}]}},"jetpack_sharing_enabled":true,"_links":{"self":[{"href":"https:\/\/velooutlets.com\/lt\/wp-json\/wp\/v2\/product\/35962","targetHints":{"allow":["GET"]}}],"collection":[{"href":"https:\/\/velooutlets.com\/lt\/wp-json\/wp\/v2\/product"}],"about":[{"href":"https:\/\/velooutlets.com\/lt\/wp-json\/wp\/v2\/types\/product"}],"wp:featuredmedia":[{"embeddable":true,"href":"https:\/\/velooutlets.com\/lt\/wp-json\/wp\/v2\/media\/36005"}],"wp:attachment":[{"href":"https:\/\/velooutlets.com\/lt\/wp-json\/wp\/v2\/media?parent=35962"}],"wp:term":[{"taxonomy":"product_brand","embeddable":true,"href":"https:\/\/velooutlets.com\/lt\/wp-json\/wp\/v2\/product_brand?post=35962"},{"taxonomy":"product_cat","embeddable":true,"href":"https:\/\/velooutlets.com\/lt\/wp-json\/wp\/v2\/product_cat?post=35962"},{"taxonomy":"product_tag","embeddable":true,"href":"https:\/\/velooutlets.com\/lt\/wp-json\/wp\/v2\/product_tag?post=35962"}],"curies":[{"name":"wp","href":"https:\/\/api.w.org\/{rel}","templated":true}]}}